{"id":16101,"date":"2016-04-02T10:13:10","date_gmt":"2016-04-02T10:13:10","guid":{"rendered":"https:\/\/keys-for-auto.eu\/product\/fernbedienung-passend-fuer-mitsubishi-mit-3-tasten\/"},"modified":"2016-04-02T10:13:10","modified_gmt":"2016-04-02T10:13:10","slug":"fernbedienung-geeignet-fur-mitsubishi-mit-3-tasten","status":"publish","type":"product","link":"https:\/\/keys-for-auto.eu\/de\/product\/fernbedienung-geeignet-fur-mitsubishi-mit-3-tasten\/","title":{"rendered":"Fernbedienung &#8211; passend f\u00fcr Mitsubishi, mit 3 Tasten"},"content":{"rendered":"<h2><strong>Fernsteuerung f\u00fcr Mitsubishi-Fahrzeuge<\/strong><\/h2>\n<p>Wir stellen eine Drei-Tasten-Fernbedienung f\u00fcr Mitsubishi-Fahrzeuge vor. Diese Fernbedienung ist aus hochwertigen Materialien gefertigt und wird Ihnen ein langes und treues Leben lang dienen. Wir laden Sie ein, einen Blick auf unsere anderen hochwertigen Produkte zu werfen. Wir verkaufen ferngesteuerte Schl\u00fcssel. Sie k\u00f6nnen sie hier einsehen. Wir verkaufen auch Renault-Z\u00fcndkarten. Wir binden sie an Ihr Auto. Wir ersetzen gebrochene oder abgenutzte Kartenh\u00fcllen. Wir reparieren die Karten.<\/p>\n<p>Wenn Sie also eine Renault-Z\u00fcndkarte, eine Programmierung oder eine Reparatur ben\u00f6tigen, wenden Sie sich bitte an uns! Rufen Sie uns unter der am Ende der Seite angegebenen Nummer an. Oder besuchen Sie uns in unserer Zentrale. Bitte vereinbaren Sie einen Termin im Voraus. Sie k\u00f6nnen dies tun, indem Sie die Nummer am Ende der Seite anrufen oder diesem Link folgen. Zus\u00e4tzlich zu den oben genannten Dienstleistungen bieten wir auch einen Notdienst f\u00fcr die Autoentriegelung an. Bitte beachten Sie das Ende dieses Artikels.<\/p>\n<h2><strong>Programmierung der Tasten<\/strong><\/h2>\n<p>Wir programmieren Schl\u00fcssel nicht nur f\u00fcr Renault, sondern auch f\u00fcr viele andere Automarken. Schl\u00fcsselprogrammierung. Ein Qualit\u00e4tsservice, der Ihre Reisekosten lohnenswert macht. Die Programmierung von Autoschl\u00fcsseln erfolgt ausschlie\u00dflich mit modernsten Ger\u00e4ten. Und unsere wichtigsten Programmierspezialisten verbessern st\u00e4ndig ihre Qualifikationen.<\/p>\n<p>Wenn Sie sich nicht sicher sind, wem Sie die Programmierung Ihrer Autoschl\u00fcssel anvertrauen sollen, vertrauen Sie es den Profis an &#8211; unseren Spezialisten! Wir stellen seit vielen Jahren Schl\u00fcssel her. Wir freuen uns, wenn wir mit unserer Erfahrung dazu beitragen k\u00f6nnen, Ihr Fahrvergn\u00fcgen zu verl\u00e4ngern. Autoschl\u00fcssel &#8211; nur aus unseren H\u00e4nden!<\/p>\n<h2><strong>Auto-Notentriegelung<\/strong><\/h2>\n<p>Eine Notentriegelung wird notwendig, wenn Sie auf normalem Wege nicht in Ihr Auto gelangen k\u00f6nnen. Weil das Schlie\u00dfsystem Ihres Autos manchmal &#8222;verr\u00fcckt spielt&#8220;, brauchen Sie professionelle Hilfe, um ein &#8222;verklemmtes&#8220; Auto zu entriegeln. Es kommt aber auch vor, dass Autofahrer ihre Autoschl\u00fcssel versehentlich im Auto einschlie\u00dfen. Es gibt viele andere Gelegenheiten, bei denen wir nicht in unser eigenes Auto steigen k\u00f6nnen. Zum Beispiel eine leere Batterie, eine nicht reagierende Konsole usw.<\/p>\n<p>In welcher Situation Sie sich auch befinden, geraten Sie nicht in Panik und versuchen Sie nicht, das Auto selbst zu \u00f6ffnen. \u00dcberlassen Sie das den Profis. Wir sorgen daf\u00fcr, dass Ihr Auto sicher und schnell ge\u00f6ffnet wird. Wir verwenden spezielle, zertifizierte Ger\u00e4te, damit Sie Ihr Auto ohne Sch\u00e4den \u00f6ffnen k\u00f6nnen.<\/p>\n","protected":false},"excerpt":{"rendered":"<p>Fernbedienung geeignet f\u00fcr Mitsubishi Autos, mit drei Tasten.<\/p>\n<h3><strong>Herstellung von Autoschl\u00fcsseln<\/strong><\/h3>\n<ul>\n<li><strong>Herstellung neuer Autoschl\u00fcssel, Programmierung der Schl\u00fcssel (&#8222;Bindung&#8220; an das Auto)<\/strong><\/li>\n<li><strong>L\u00f6schen von zuvor verlorenen Schl\u00fcsseln aus dem Fahrzeugspeicher<\/strong><\/li>\n<li><strong>Herstellung des Z\u00fcndschl\u00fcssels entsprechend dem Schloss<\/strong><\/li>\n<li><strong>Reparatur von Autoschl\u00fcsseln (Ersatz von Tasten, Schalen, Mechanismen)<\/strong><\/li>\n<li><strong>Auto-Notentriegelung<\/strong><\/li>\n<li><strong>Umtausch von Schl\u00fcsseln, Schl\u00fcsseletuis<\/strong><\/li>\n<li><strong>DPF \/ FAP Software-Abschaltung<\/strong><\/li>\n<li><strong>Programmatische EGR-Entfernung<\/strong><\/li>\n<li><strong>Deaktivierung der Wegfahrsperre-Software (immo Off)<\/strong><\/li>\n<li><strong>Reparatur, Klonen, Programmieren von Motorsteuerger\u00e4ten (ECU)<\/strong><\/li>\n<li><strong>SRS (Airbag-Steuerger\u00e4t-Programmierung)<\/strong><\/li>\n<\/ul>\n<h4><strong>  Artikel werden innerhalb von 3 Arbeitstagen versandt.*<\/strong><\/h4>\n","protected":false},"featured_media":13670,"comment_status":"open","ping_status":"closed","template":"","meta":[],"product_brand":[],"product_cat":[2214,739],"product_tag":[2215,2299],"class_list":{"0":"post-16101","1":"product","2":"type-product","3":"status-publish","4":"has-post-thumbnail","6":"product_cat-mitsubishi-de","7":"product_cat-schlusselmuscheln","8":"product_tag-mitsubishi-schlusselgehause","9":"product_tag-mitsubishi-fernbedienung","11":"first","12":"instock","13":"sale","14":"shipping-taxable","15":"purchasable","16":"product-type-simple"},"yoast_head":"<!-- This site is optimized with the Yoast SEO plugin v27.4 - https:\/\/yoast.com\/product\/yoast-seo-wordpress\/ -->\n<title>-<\/title>\n<meta name=\"robots\" content=\"index, follow, max-snippet:-1, max-image-preview:large, max-video-preview:-1\" \/>\n<link rel=\"canonical\" href=\"https:\/\/keys-for-auto.eu\/de\/product\/fernbedienung-geeignet-fur-mitsubishi-mit-3-tasten\/\" \/>\n<meta property=\"og:locale\" content=\"de_DE\" \/>\n<meta property=\"og:type\" content=\"article\" \/>\n<meta property=\"og:title\" content=\"-\" \/>\n<meta property=\"og:description\" content=\"Fernbedienung geeignet f\u00fcr Mitsubishi Autos, mit drei Tasten. Herstellung von Autoschl\u00fcsseln  Herstellung neuer Autoschl\u00fcssel, Programmierung der Schl\u00fcssel (&quot;Bindung&quot; an das Auto)  L\u00f6schen von zuvor verlorenen Schl\u00fcsseln aus dem Fahrzeugspeicher  Herstellung des Z\u00fcndschl\u00fcssels entsprechend dem Schloss  Reparatur von Autoschl\u00fcsseln (Ersatz von Tasten, Schalen, Mechanismen)  Auto-Notentriegelung  Umtausch von Schl\u00fcsseln, Schl\u00fcsseletuis  DPF \/ FAP Software-Abschaltung  Programmatische EGR-Entfernung  Deaktivierung der Wegfahrsperre-Software (immo Off)  Reparatur, Klonen, Programmieren von Motorsteuerger\u00e4ten (ECU)  SRS (Airbag-Steuerger\u00e4t-Programmierung)  Artikel werden innerhalb von 3 Arbeitstagen versandt.*\" \/>\n<meta property=\"og:url\" content=\"https:\/\/keys-for-auto.eu\/de\/product\/fernbedienung-geeignet-fur-mitsubishi-mit-3-tasten\/\" \/>\n<meta property=\"og:site_name\" content=\"Keys for auto\" \/>\n<meta property=\"article:publisher\" content=\"https:\/\/www.facebook.com\/KeysForAutoEU\" \/>\n<meta property=\"og:image\" content=\"https:\/\/keys-for-auto.eu\/wp-content\/uploads\/2022\/12\/Mitsubishi-3-mygtukai-pultelis-500x5001-removebg-preview.png\" \/>\n\t<meta property=\"og:image:width\" content=\"500\" \/>\n\t<meta property=\"og:image:height\" content=\"500\" \/>\n\t<meta property=\"og:image:type\" content=\"image\/png\" \/>\n<meta name=\"twitter:card\" content=\"summary_large_image\" \/>\n<meta name=\"twitter:label1\" content=\"Gesch\u00e4tzte Lesezeit\" \/>\n\t<meta name=\"twitter:data1\" content=\"2\u00a0Minuten\" \/>\n<script type=\"application\/ld+json\" class=\"yoast-schema-graph\">{\"@context\":\"https:\\\/\\\/schema.org\",\"@graph\":[{\"@type\":[\"WebPage\",\"ItemPage\"],\"@id\":\"https:\\\/\\\/keys-for-auto.eu\\\/de\\\/product\\\/fernbedienung-geeignet-fur-mitsubishi-mit-3-tasten\\\/\",\"url\":\"https:\\\/\\\/keys-for-auto.eu\\\/de\\\/product\\\/fernbedienung-geeignet-fur-mitsubishi-mit-3-tasten\\\/\",\"name\":\"-\",\"isPartOf\":{\"@id\":\"https:\\\/\\\/keys-for-auto.eu\\\/de\\\/#website\"},\"primaryImageOfPage\":{\"@id\":\"https:\\\/\\\/keys-for-auto.eu\\\/de\\\/product\\\/fernbedienung-geeignet-fur-mitsubishi-mit-3-tasten\\\/#primaryimage\"},\"image\":{\"@id\":\"https:\\\/\\\/keys-for-auto.eu\\\/de\\\/product\\\/fernbedienung-geeignet-fur-mitsubishi-mit-3-tasten\\\/#primaryimage\"},\"thumbnailUrl\":\"https:\\\/\\\/keys-for-auto.eu\\\/wp-content\\\/uploads\\\/2022\\\/12\\\/Mitsubishi-3-mygtukai-pultelis-500x5001-removebg-preview.png\",\"datePublished\":\"2016-04-02T10:13:10+00:00\",\"breadcrumb\":{\"@id\":\"https:\\\/\\\/keys-for-auto.eu\\\/de\\\/product\\\/fernbedienung-geeignet-fur-mitsubishi-mit-3-tasten\\\/#breadcrumb\"},\"inLanguage\":\"de\",\"potentialAction\":[{\"@type\":\"ReadAction\",\"target\":[\"https:\\\/\\\/keys-for-auto.eu\\\/de\\\/product\\\/fernbedienung-geeignet-fur-mitsubishi-mit-3-tasten\\\/\"]}]},{\"@type\":\"ImageObject\",\"inLanguage\":\"de\",\"@id\":\"https:\\\/\\\/keys-for-auto.eu\\\/de\\\/product\\\/fernbedienung-geeignet-fur-mitsubishi-mit-3-tasten\\\/#primaryimage\",\"url\":\"https:\\\/\\\/keys-for-auto.eu\\\/wp-content\\\/uploads\\\/2022\\\/12\\\/Mitsubishi-3-mygtukai-pultelis-500x5001-removebg-preview.png\",\"contentUrl\":\"https:\\\/\\\/keys-for-auto.eu\\\/wp-content\\\/uploads\\\/2022\\\/12\\\/Mitsubishi-3-mygtukai-pultelis-500x5001-removebg-preview.png\",\"width\":500,\"height\":500},{\"@type\":\"BreadcrumbList\",\"@id\":\"https:\\\/\\\/keys-for-auto.eu\\\/de\\\/product\\\/fernbedienung-geeignet-fur-mitsubishi-mit-3-tasten\\\/#breadcrumb\",\"itemListElement\":[{\"@type\":\"ListItem\",\"position\":1,\"name\":\"Startseite\",\"item\":\"https:\\\/\\\/keys-for-auto.eu\\\/de\\\/\"},{\"@type\":\"ListItem\",\"position\":2,\"name\":\"Shop\",\"item\":\"https:\\\/\\\/keys-for-auto.eu\\\/\"},{\"@type\":\"ListItem\",\"position\":3,\"name\":\"Fernbedienung &#8211; passend f\u00fcr Mitsubishi, mit 3 Tasten\"}]},{\"@type\":\"WebSite\",\"@id\":\"https:\\\/\\\/keys-for-auto.eu\\\/de\\\/#website\",\"url\":\"https:\\\/\\\/keys-for-auto.eu\\\/de\\\/\",\"name\":\"Keys for auto\",\"description\":\"Car keys,  key shells, key programming\",\"publisher\":{\"@id\":\"https:\\\/\\\/keys-for-auto.eu\\\/de\\\/#organization\"},\"potentialAction\":[{\"@type\":\"SearchAction\",\"target\":{\"@type\":\"EntryPoint\",\"urlTemplate\":\"https:\\\/\\\/keys-for-auto.eu\\\/de\\\/?s={search_term_string}\"},\"query-input\":{\"@type\":\"PropertyValueSpecification\",\"valueRequired\":true,\"valueName\":\"search_term_string\"}}],\"inLanguage\":\"de\"},{\"@type\":\"Organization\",\"@id\":\"https:\\\/\\\/keys-for-auto.eu\\\/de\\\/#organization\",\"name\":\"Schl\u00fcssel f\u00fcr Auto\",\"url\":\"https:\\\/\\\/keys-for-auto.eu\\\/de\\\/\",\"logo\":{\"@type\":\"ImageObject\",\"inLanguage\":\"de\",\"@id\":\"https:\\\/\\\/keys-for-auto.eu\\\/de\\\/#\\\/schema\\\/logo\\\/image\\\/\",\"url\":\"https:\\\/\\\/keys-for-auto.eu\\\/wp-content\\\/uploads\\\/2022\\\/11\\\/cropped-png1.png\",\"contentUrl\":\"https:\\\/\\\/keys-for-auto.eu\\\/wp-content\\\/uploads\\\/2022\\\/11\\\/cropped-png1.png\",\"width\":1000,\"height\":342,\"caption\":\"Schl\u00fcssel f\u00fcr Auto\"},\"image\":{\"@id\":\"https:\\\/\\\/keys-for-auto.eu\\\/de\\\/#\\\/schema\\\/logo\\\/image\\\/\"},\"sameAs\":[\"https:\\\/\\\/www.facebook.com\\\/KeysForAutoEU\"]}]}<\/script>\n<!-- \/ Yoast SEO plugin. -->","yoast_head_json":{"title":"-","robots":{"index":"index","follow":"follow","max-snippet":"max-snippet:-1","max-image-preview":"max-image-preview:large","max-video-preview":"max-video-preview:-1"},"canonical":"https:\/\/keys-for-auto.eu\/de\/product\/fernbedienung-geeignet-fur-mitsubishi-mit-3-tasten\/","og_locale":"de_DE","og_type":"article","og_title":"-","og_description":"Fernbedienung geeignet f\u00fcr Mitsubishi Autos, mit drei Tasten. Herstellung von Autoschl\u00fcsseln  Herstellung neuer Autoschl\u00fcssel, Programmierung der Schl\u00fcssel (\"Bindung\" an das Auto)  L\u00f6schen von zuvor verlorenen Schl\u00fcsseln aus dem Fahrzeugspeicher  Herstellung des Z\u00fcndschl\u00fcssels entsprechend dem Schloss  Reparatur von Autoschl\u00fcsseln (Ersatz von Tasten, Schalen, Mechanismen)  Auto-Notentriegelung  Umtausch von Schl\u00fcsseln, Schl\u00fcsseletuis  DPF \/ FAP Software-Abschaltung  Programmatische EGR-Entfernung  Deaktivierung der Wegfahrsperre-Software (immo Off)  Reparatur, Klonen, Programmieren von Motorsteuerger\u00e4ten (ECU)  SRS (Airbag-Steuerger\u00e4t-Programmierung)  Artikel werden innerhalb von 3 Arbeitstagen versandt.*","og_url":"https:\/\/keys-for-auto.eu\/de\/product\/fernbedienung-geeignet-fur-mitsubishi-mit-3-tasten\/","og_site_name":"Keys for auto","article_publisher":"https:\/\/www.facebook.com\/KeysForAutoEU","og_image":[{"width":500,"height":500,"url":"https:\/\/keys-for-auto.eu\/wp-content\/uploads\/2022\/12\/Mitsubishi-3-mygtukai-pultelis-500x5001-removebg-preview.png","type":"image\/png"}],"twitter_card":"summary_large_image","twitter_misc":{"Gesch\u00e4tzte Lesezeit":"2\u00a0Minuten"},"schema":{"@context":"https:\/\/schema.org","@graph":[{"@type":["WebPage","ItemPage"],"@id":"https:\/\/keys-for-auto.eu\/de\/product\/fernbedienung-geeignet-fur-mitsubishi-mit-3-tasten\/","url":"https:\/\/keys-for-auto.eu\/de\/product\/fernbedienung-geeignet-fur-mitsubishi-mit-3-tasten\/","name":"-","isPartOf":{"@id":"https:\/\/keys-for-auto.eu\/de\/#website"},"primaryImageOfPage":{"@id":"https:\/\/keys-for-auto.eu\/de\/product\/fernbedienung-geeignet-fur-mitsubishi-mit-3-tasten\/#primaryimage"},"image":{"@id":"https:\/\/keys-for-auto.eu\/de\/product\/fernbedienung-geeignet-fur-mitsubishi-mit-3-tasten\/#primaryimage"},"thumbnailUrl":"https:\/\/keys-for-auto.eu\/wp-content\/uploads\/2022\/12\/Mitsubishi-3-mygtukai-pultelis-500x5001-removebg-preview.png","datePublished":"2016-04-02T10:13:10+00:00","breadcrumb":{"@id":"https:\/\/keys-for-auto.eu\/de\/product\/fernbedienung-geeignet-fur-mitsubishi-mit-3-tasten\/#breadcrumb"},"inLanguage":"de","potentialAction":[{"@type":"ReadAction","target":["https:\/\/keys-for-auto.eu\/de\/product\/fernbedienung-geeignet-fur-mitsubishi-mit-3-tasten\/"]}]},{"@type":"ImageObject","inLanguage":"de","@id":"https:\/\/keys-for-auto.eu\/de\/product\/fernbedienung-geeignet-fur-mitsubishi-mit-3-tasten\/#primaryimage","url":"https:\/\/keys-for-auto.eu\/wp-content\/uploads\/2022\/12\/Mitsubishi-3-mygtukai-pultelis-500x5001-removebg-preview.png","contentUrl":"https:\/\/keys-for-auto.eu\/wp-content\/uploads\/2022\/12\/Mitsubishi-3-mygtukai-pultelis-500x5001-removebg-preview.png","width":500,"height":500},{"@type":"BreadcrumbList","@id":"https:\/\/keys-for-auto.eu\/de\/product\/fernbedienung-geeignet-fur-mitsubishi-mit-3-tasten\/#breadcrumb","itemListElement":[{"@type":"ListItem","position":1,"name":"Startseite","item":"https:\/\/keys-for-auto.eu\/de\/"},{"@type":"ListItem","position":2,"name":"Shop","item":"https:\/\/keys-for-auto.eu\/"},{"@type":"ListItem","position":3,"name":"Fernbedienung &#8211; passend f\u00fcr Mitsubishi, mit 3 Tasten"}]},{"@type":"WebSite","@id":"https:\/\/keys-for-auto.eu\/de\/#website","url":"https:\/\/keys-for-auto.eu\/de\/","name":"Keys for auto","description":"Car keys,  key shells, key programming","publisher":{"@id":"https:\/\/keys-for-auto.eu\/de\/#organization"},"potentialAction":[{"@type":"SearchAction","target":{"@type":"EntryPoint","urlTemplate":"https:\/\/keys-for-auto.eu\/de\/?s={search_term_string}"},"query-input":{"@type":"PropertyValueSpecification","valueRequired":true,"valueName":"search_term_string"}}],"inLanguage":"de"},{"@type":"Organization","@id":"https:\/\/keys-for-auto.eu\/de\/#organization","name":"Schl\u00fcssel f\u00fcr Auto","url":"https:\/\/keys-for-auto.eu\/de\/","logo":{"@type":"ImageObject","inLanguage":"de","@id":"https:\/\/keys-for-auto.eu\/de\/#\/schema\/logo\/image\/","url":"https:\/\/keys-for-auto.eu\/wp-content\/uploads\/2022\/11\/cropped-png1.png","contentUrl":"https:\/\/keys-for-auto.eu\/wp-content\/uploads\/2022\/11\/cropped-png1.png","width":1000,"height":342,"caption":"Schl\u00fcssel f\u00fcr Auto"},"image":{"@id":"https:\/\/keys-for-auto.eu\/de\/#\/schema\/logo\/image\/"},"sameAs":["https:\/\/www.facebook.com\/KeysForAutoEU"]}]}},"_links":{"self":[{"href":"https:\/\/keys-for-auto.eu\/de\/wp-json\/wp\/v2\/product\/16101","targetHints":{"allow":["GET"]}}],"collection":[{"href":"https:\/\/keys-for-auto.eu\/de\/wp-json\/wp\/v2\/product"}],"about":[{"href":"https:\/\/keys-for-auto.eu\/de\/wp-json\/wp\/v2\/types\/product"}],"replies":[{"embeddable":true,"href":"https:\/\/keys-for-auto.eu\/de\/wp-json\/wp\/v2\/comments?post=16101"}],"wp:featuredmedia":[{"embeddable":true,"href":"https:\/\/keys-for-auto.eu\/de\/wp-json\/wp\/v2\/media\/13670"}],"wp:attachment":[{"href":"https:\/\/keys-for-auto.eu\/de\/wp-json\/wp\/v2\/media?parent=16101"}],"wp:term":[{"taxonomy":"product_brand","embeddable":true,"href":"https:\/\/keys-for-auto.eu\/de\/wp-json\/wp\/v2\/product_brand?post=16101"},{"taxonomy":"product_cat","embeddable":true,"href":"https:\/\/keys-for-auto.eu\/de\/wp-json\/wp\/v2\/product_cat?post=16101"},{"taxonomy":"product_tag","embeddable":true,"href":"https:\/\/keys-for-auto.eu\/de\/wp-json\/wp\/v2\/product_tag?post=16101"}],"curies":[{"name":"wp","href":"https:\/\/api.w.org\/{rel}","templated":true}]}}