{"id":16072,"date":"2016-04-02T09:26:23","date_gmt":"2016-04-02T09:26:23","guid":{"rendered":"https:\/\/keys-for-auto.eu\/product\/schluesselgehaeuse-passend-fuer-nissan-micra-navara-note-x-trail-qashqai-zwei-tasten\/"},"modified":"2016-04-02T09:26:23","modified_gmt":"2016-04-02T09:26:23","slug":"schlusselgehause-geeignet-fur-nissan-micra-navara-note-x-trail-qashqai-zwei-tasten","status":"publish","type":"product","link":"https:\/\/keys-for-auto.eu\/de\/product\/schlusselgehause-geeignet-fur-nissan-micra-navara-note-x-trail-qashqai-zwei-tasten\/","title":{"rendered":"Schl\u00fcsselgeh\u00e4use &#8211; passend f\u00fcr Nissan Micra | Navara | Note | X-Trail | Qashqai, zwei Tasten"},"content":{"rendered":"<h2><strong>F\u00fcr Nissan Micra, Navara, Note, X-trail, Qashqai, &#8211; Zweiknopf-Schl\u00fcsselgeh\u00e4use<\/strong><\/h2>\n<p>Wir stellen das Nissan Zwei-Tasten-Schl\u00fcsseletui f\u00fcr die folgenden Nissan-Modelle vor: Micra, Navara, Note, X-trail und Qashqai.<\/p>\n<h2>Schl\u00fcsselmuscheln<\/h2>\n<p>Keyshells sind ein begehrtes Produkt. Schlie\u00dflich k\u00f6nnen sie leicht versehentlich besch\u00e4digt werden. Wenn das passiert, keine Sorge! Hier finden Sie nicht nur Nissan Schl\u00fcsselanh\u00e4nger, sondern auch Schl\u00fcsselanh\u00e4nger f\u00fcr andere Automarken. Wir verkaufen auch ferngesteuerte Schl\u00fcssel. Schl\u00fcsselprogrammierung. Wir programmieren Schl\u00fcssel f\u00fcr viele Automarken.<\/p>\n<p>Autofahrer, die nicht nur einen Nissan, sondern auch einen Renault fahren, sollten besonders besorgt sein. F\u00fcr Renault-Fahrzeuge bieten wir neue Z\u00fcndkarten an, die an das Fahrzeug gebunden werden k\u00f6nnen. Wir verkaufen auch neue Z\u00fcndkartengeh\u00e4use. Wir bieten eine vollst\u00e4ndige Palette von Reparaturen an den Start-up-Karten. Wenn Sie also einen Autoschl\u00fcssel programmieren lassen wollen &#8211; kontaktieren Sie uns! Wir werden Sie mit unserem kundenfreundlichen Preis-Leistungs-Verh\u00e4ltnis \u00fcberraschen! Die Herstellung von Schl\u00fcsseln wird uns von unseren treuen Kunden mit Vertrauen anvertraut. Wir tun unser Bestes, um ihre Erwartungen zu erf\u00fcllen. Deshalb erhalten wir auch immer mehr Auftr\u00e4ge. Autoschl\u00fcssel sind ein Bereich, in dem wir unsch\u00e4tzbare Erfahrungen gesammelt haben. Lassen Sie es uns f\u00fcr ein besseres Fahrerlebnis einsetzen!<\/p>\n<p>Ein weiterer Service, den wir anbieten, ist die Notentriegelung von Autos. Sie ist 24 Stunden am Tag verf\u00fcgbar. Hatten Sie einen Unfall und brauchen eine schnelle und effiziente Notentriegelung? Kontaktieren Sie uns und wir werden Ihr Problem l\u00f6sen! Wir helfen Ihnen, Ihr Auto zu entriegeln und zu starten. Wir tun dies mit einer speziellen Ausr\u00fcstung, so dass Ihr Auto sicher und ohne Sch\u00e4den zu verursachen entriegelt wird.<\/p>\n<h2>Entriegeln Sie Ihr Auto<\/h2>\n<p>Was auch immer das Problem ist: eine zugeschlagene Autot\u00fcr, ein kaputtes oder klemmendes Z\u00fcndschloss &#8211; wir sind da, um zu helfen! Wir sind ein Team von erfahrenen Technikern, die Ihnen bei der Notentriegelung Ihres Autos helfen k\u00f6nnen. Wir raten davon ab, das Auto selbst zu entriegeln, wenn Sie die Hilfe eines Technikers ben\u00f6tigen. Sie k\u00f6nnten Ihr Fahrzeug besch\u00e4digen. Rufen Sie uns an und wir kommen zu jeder Tageszeit!<\/p>\n","protected":false},"excerpt":{"rendered":"<p><em><strong>Geeignet:<br \/>\nNissan Micra<br \/>\nNissan Navara<br \/>\nNissan Note<br \/>\nNissan X-Trail<br \/>\nNissan Qashqai<\/strong><\/em><\/p>\n<h3><strong>Herstellung von Autoschl\u00fcsseln<\/strong><\/h3>\n<ul>\n<li><strong>Herstellung neuer Autoschl\u00fcssel, Programmierung der Schl\u00fcssel (&#8222;Bindung&#8220; an das Auto)<\/strong><\/li>\n<li><strong>L\u00f6schen von zuvor verlorenen Schl\u00fcsseln aus dem Fahrzeugspeicher<\/strong><\/li>\n<li><strong>Herstellung des Z\u00fcndschl\u00fcssels entsprechend dem Schloss<\/strong><\/li>\n<li><strong>Reparatur von Autoschl\u00fcsseln (Ersatz von Tasten, Schalen, Mechanismen)<\/strong><\/li>\n<li><strong>Auto-Notentriegelung<\/strong><\/li>\n<li><strong>Umtausch von Schl\u00fcsseln, Schl\u00fcsseletuis<\/strong><\/li>\n<li><strong>DPF \/ FAP Software-Abschaltung<\/strong><\/li>\n<li><strong>Programmatische EGR-Entfernung<\/strong><\/li>\n<li><strong>Deaktivierung der Wegfahrsperre-Software (immo Off)<\/strong><\/li>\n<li><strong>Reparatur, Klonen, Programmieren von Motorsteuerger\u00e4ten (ECU)<\/strong><\/li>\n<li><strong>SRS (Airbag-Steuerger\u00e4t-Programmierung)<\/strong><\/li>\n<\/ul>\n<h4><strong>  Artikel werden innerhalb von 3 Arbeitstagen versandt.*<\/strong><\/h4>\n","protected":false},"featured_media":13730,"comment_status":"open","ping_status":"closed","template":"","meta":[],"product_brand":[],"product_cat":[2238,739],"product_tag":[2249,2261,2265,2272,2240,2254],"class_list":{"0":"post-16072","1":"product","2":"type-product","3":"status-publish","4":"has-post-thumbnail","6":"product_cat-nissan-de","7":"product_cat-schlusselmuscheln","8":"product_tag-nissan-micra-schlusselgehause","9":"product_tag-nissan-navara-schlusselgehause","10":"product_tag-nissan-note-schlusselgehause","11":"product_tag-nissan-qashqai-schlusselschale","12":"product_tag-nissan-schlusselgehause","13":"product_tag-nissan-x-trail-schlusselgehause","15":"first","16":"instock","17":"sale","18":"shipping-taxable","19":"purchasable","20":"product-type-simple"},"yoast_head":"<!-- This site is optimized with the Yoast SEO plugin v27.6 - https:\/\/yoast.com\/product\/yoast-seo-wordpress\/ -->\n<title>-<\/title>\n<meta name=\"robots\" content=\"index, follow, max-snippet:-1, max-image-preview:large, max-video-preview:-1\" \/>\n<link rel=\"canonical\" href=\"https:\/\/keys-for-auto.eu\/de\/product\/schlusselgehause-geeignet-fur-nissan-micra-navara-note-x-trail-qashqai-zwei-tasten\/\" \/>\n<meta property=\"og:locale\" content=\"de_DE\" \/>\n<meta property=\"og:type\" content=\"article\" \/>\n<meta property=\"og:title\" content=\"-\" \/>\n<meta property=\"og:description\" content=\"Geeignet: Nissan Micra Nissan Navara Nissan Note Nissan X-Trail Nissan Qashqai Herstellung von Autoschl\u00fcsseln  Herstellung neuer Autoschl\u00fcssel, Programmierung der Schl\u00fcssel (&quot;Bindung&quot; an das Auto)  L\u00f6schen von zuvor verlorenen Schl\u00fcsseln aus dem Fahrzeugspeicher  Herstellung des Z\u00fcndschl\u00fcssels entsprechend dem Schloss  Reparatur von Autoschl\u00fcsseln (Ersatz von Tasten, Schalen, Mechanismen)  Auto-Notentriegelung  Umtausch von Schl\u00fcsseln, Schl\u00fcsseletuis  DPF \/ FAP Software-Abschaltung  Programmatische EGR-Entfernung  Deaktivierung der Wegfahrsperre-Software (immo Off)  Reparatur, Klonen, Programmieren von Motorsteuerger\u00e4ten (ECU)  SRS (Airbag-Steuerger\u00e4t-Programmierung)  Artikel werden innerhalb von 3 Arbeitstagen versandt.*\" \/>\n<meta property=\"og:url\" content=\"https:\/\/keys-for-auto.eu\/de\/product\/schlusselgehause-geeignet-fur-nissan-micra-navara-note-x-trail-qashqai-zwei-tasten\/\" \/>\n<meta property=\"og:site_name\" content=\"Keys for auto\" \/>\n<meta property=\"article:publisher\" content=\"https:\/\/www.facebook.com\/KeysForAutoEU\" \/>\n<meta property=\"og:image\" content=\"https:\/\/keys-for-auto.eu\/wp-content\/uploads\/2022\/12\/Nissan-Micra-Navara-Note-X-Trail-Qashqai-2-virsus-500x5001-1.jpg\" \/>\n\t<meta property=\"og:image:width\" content=\"500\" \/>\n\t<meta property=\"og:image:height\" content=\"500\" \/>\n\t<meta property=\"og:image:type\" content=\"image\/jpeg\" \/>\n<meta name=\"twitter:card\" content=\"summary_large_image\" \/>\n<meta name=\"twitter:label1\" content=\"Gesch\u00e4tzte Lesezeit\" \/>\n\t<meta name=\"twitter:data1\" content=\"2\u00a0Minuten\" \/>\n<script type=\"application\/ld+json\" class=\"yoast-schema-graph\">{\"@context\":\"https:\\\/\\\/schema.org\",\"@graph\":[{\"@type\":[\"WebPage\",\"ItemPage\"],\"@id\":\"https:\\\/\\\/keys-for-auto.eu\\\/de\\\/product\\\/schlusselgehause-geeignet-fur-nissan-micra-navara-note-x-trail-qashqai-zwei-tasten\\\/\",\"url\":\"https:\\\/\\\/keys-for-auto.eu\\\/de\\\/product\\\/schlusselgehause-geeignet-fur-nissan-micra-navara-note-x-trail-qashqai-zwei-tasten\\\/\",\"name\":\"-\",\"isPartOf\":{\"@id\":\"https:\\\/\\\/keys-for-auto.eu\\\/de\\\/#website\"},\"primaryImageOfPage\":{\"@id\":\"https:\\\/\\\/keys-for-auto.eu\\\/de\\\/product\\\/schlusselgehause-geeignet-fur-nissan-micra-navara-note-x-trail-qashqai-zwei-tasten\\\/#primaryimage\"},\"image\":{\"@id\":\"https:\\\/\\\/keys-for-auto.eu\\\/de\\\/product\\\/schlusselgehause-geeignet-fur-nissan-micra-navara-note-x-trail-qashqai-zwei-tasten\\\/#primaryimage\"},\"thumbnailUrl\":\"https:\\\/\\\/keys-for-auto.eu\\\/wp-content\\\/uploads\\\/2022\\\/12\\\/Nissan-Micra-Navara-Note-X-Trail-Qashqai-2-virsus-500x5001-1.jpg\",\"datePublished\":\"2016-04-02T09:26:23+00:00\",\"breadcrumb\":{\"@id\":\"https:\\\/\\\/keys-for-auto.eu\\\/de\\\/product\\\/schlusselgehause-geeignet-fur-nissan-micra-navara-note-x-trail-qashqai-zwei-tasten\\\/#breadcrumb\"},\"inLanguage\":\"de\",\"potentialAction\":[{\"@type\":\"ReadAction\",\"target\":[\"https:\\\/\\\/keys-for-auto.eu\\\/de\\\/product\\\/schlusselgehause-geeignet-fur-nissan-micra-navara-note-x-trail-qashqai-zwei-tasten\\\/\"]}]},{\"@type\":\"ImageObject\",\"inLanguage\":\"de\",\"@id\":\"https:\\\/\\\/keys-for-auto.eu\\\/de\\\/product\\\/schlusselgehause-geeignet-fur-nissan-micra-navara-note-x-trail-qashqai-zwei-tasten\\\/#primaryimage\",\"url\":\"https:\\\/\\\/keys-for-auto.eu\\\/wp-content\\\/uploads\\\/2022\\\/12\\\/Nissan-Micra-Navara-Note-X-Trail-Qashqai-2-virsus-500x5001-1.jpg\",\"contentUrl\":\"https:\\\/\\\/keys-for-auto.eu\\\/wp-content\\\/uploads\\\/2022\\\/12\\\/Nissan-Micra-Navara-Note-X-Trail-Qashqai-2-virsus-500x5001-1.jpg\",\"width\":500,\"height\":500},{\"@type\":\"BreadcrumbList\",\"@id\":\"https:\\\/\\\/keys-for-auto.eu\\\/de\\\/product\\\/schlusselgehause-geeignet-fur-nissan-micra-navara-note-x-trail-qashqai-zwei-tasten\\\/#breadcrumb\",\"itemListElement\":[{\"@type\":\"ListItem\",\"position\":1,\"name\":\"Startseite\",\"item\":\"https:\\\/\\\/keys-for-auto.eu\\\/de\\\/\"},{\"@type\":\"ListItem\",\"position\":2,\"name\":\"Shop\",\"item\":\"https:\\\/\\\/keys-for-auto.eu\\\/\"},{\"@type\":\"ListItem\",\"position\":3,\"name\":\"Schl\u00fcsselgeh\u00e4use &#8211; passend f\u00fcr Nissan Micra | Navara | Note | X-Trail | Qashqai, zwei Tasten\"}]},{\"@type\":\"WebSite\",\"@id\":\"https:\\\/\\\/keys-for-auto.eu\\\/de\\\/#website\",\"url\":\"https:\\\/\\\/keys-for-auto.eu\\\/de\\\/\",\"name\":\"Keys for auto\",\"description\":\"Car keys,  key shells, key programming\",\"publisher\":{\"@id\":\"https:\\\/\\\/keys-for-auto.eu\\\/de\\\/#organization\"},\"potentialAction\":[{\"@type\":\"SearchAction\",\"target\":{\"@type\":\"EntryPoint\",\"urlTemplate\":\"https:\\\/\\\/keys-for-auto.eu\\\/de\\\/?s={search_term_string}\"},\"query-input\":{\"@type\":\"PropertyValueSpecification\",\"valueRequired\":true,\"valueName\":\"search_term_string\"}}],\"inLanguage\":\"de\"},{\"@type\":\"Organization\",\"@id\":\"https:\\\/\\\/keys-for-auto.eu\\\/de\\\/#organization\",\"name\":\"Schl\u00fcssel f\u00fcr Auto\",\"url\":\"https:\\\/\\\/keys-for-auto.eu\\\/de\\\/\",\"logo\":{\"@type\":\"ImageObject\",\"inLanguage\":\"de\",\"@id\":\"https:\\\/\\\/keys-for-auto.eu\\\/de\\\/#\\\/schema\\\/logo\\\/image\\\/\",\"url\":\"https:\\\/\\\/keys-for-auto.eu\\\/wp-content\\\/uploads\\\/2022\\\/11\\\/cropped-png1.png\",\"contentUrl\":\"https:\\\/\\\/keys-for-auto.eu\\\/wp-content\\\/uploads\\\/2022\\\/11\\\/cropped-png1.png\",\"width\":1000,\"height\":342,\"caption\":\"Schl\u00fcssel f\u00fcr Auto\"},\"image\":{\"@id\":\"https:\\\/\\\/keys-for-auto.eu\\\/de\\\/#\\\/schema\\\/logo\\\/image\\\/\"},\"sameAs\":[\"https:\\\/\\\/www.facebook.com\\\/KeysForAutoEU\"]}]}<\/script>\n<!-- \/ Yoast SEO plugin. -->","yoast_head_json":{"title":"-","robots":{"index":"index","follow":"follow","max-snippet":"max-snippet:-1","max-image-preview":"max-image-preview:large","max-video-preview":"max-video-preview:-1"},"canonical":"https:\/\/keys-for-auto.eu\/de\/product\/schlusselgehause-geeignet-fur-nissan-micra-navara-note-x-trail-qashqai-zwei-tasten\/","og_locale":"de_DE","og_type":"article","og_title":"-","og_description":"Geeignet: Nissan Micra Nissan Navara Nissan Note Nissan X-Trail Nissan Qashqai Herstellung von Autoschl\u00fcsseln  Herstellung neuer Autoschl\u00fcssel, Programmierung der Schl\u00fcssel (\"Bindung\" an das Auto)  L\u00f6schen von zuvor verlorenen Schl\u00fcsseln aus dem Fahrzeugspeicher  Herstellung des Z\u00fcndschl\u00fcssels entsprechend dem Schloss  Reparatur von Autoschl\u00fcsseln (Ersatz von Tasten, Schalen, Mechanismen)  Auto-Notentriegelung  Umtausch von Schl\u00fcsseln, Schl\u00fcsseletuis  DPF \/ FAP Software-Abschaltung  Programmatische EGR-Entfernung  Deaktivierung der Wegfahrsperre-Software (immo Off)  Reparatur, Klonen, Programmieren von Motorsteuerger\u00e4ten (ECU)  SRS (Airbag-Steuerger\u00e4t-Programmierung)  Artikel werden innerhalb von 3 Arbeitstagen versandt.*","og_url":"https:\/\/keys-for-auto.eu\/de\/product\/schlusselgehause-geeignet-fur-nissan-micra-navara-note-x-trail-qashqai-zwei-tasten\/","og_site_name":"Keys for auto","article_publisher":"https:\/\/www.facebook.com\/KeysForAutoEU","og_image":[{"width":500,"height":500,"url":"https:\/\/keys-for-auto.eu\/wp-content\/uploads\/2022\/12\/Nissan-Micra-Navara-Note-X-Trail-Qashqai-2-virsus-500x5001-1.jpg","type":"image\/jpeg"}],"twitter_card":"summary_large_image","twitter_misc":{"Gesch\u00e4tzte Lesezeit":"2\u00a0Minuten"},"schema":{"@context":"https:\/\/schema.org","@graph":[{"@type":["WebPage","ItemPage"],"@id":"https:\/\/keys-for-auto.eu\/de\/product\/schlusselgehause-geeignet-fur-nissan-micra-navara-note-x-trail-qashqai-zwei-tasten\/","url":"https:\/\/keys-for-auto.eu\/de\/product\/schlusselgehause-geeignet-fur-nissan-micra-navara-note-x-trail-qashqai-zwei-tasten\/","name":"-","isPartOf":{"@id":"https:\/\/keys-for-auto.eu\/de\/#website"},"primaryImageOfPage":{"@id":"https:\/\/keys-for-auto.eu\/de\/product\/schlusselgehause-geeignet-fur-nissan-micra-navara-note-x-trail-qashqai-zwei-tasten\/#primaryimage"},"image":{"@id":"https:\/\/keys-for-auto.eu\/de\/product\/schlusselgehause-geeignet-fur-nissan-micra-navara-note-x-trail-qashqai-zwei-tasten\/#primaryimage"},"thumbnailUrl":"https:\/\/keys-for-auto.eu\/wp-content\/uploads\/2022\/12\/Nissan-Micra-Navara-Note-X-Trail-Qashqai-2-virsus-500x5001-1.jpg","datePublished":"2016-04-02T09:26:23+00:00","breadcrumb":{"@id":"https:\/\/keys-for-auto.eu\/de\/product\/schlusselgehause-geeignet-fur-nissan-micra-navara-note-x-trail-qashqai-zwei-tasten\/#breadcrumb"},"inLanguage":"de","potentialAction":[{"@type":"ReadAction","target":["https:\/\/keys-for-auto.eu\/de\/product\/schlusselgehause-geeignet-fur-nissan-micra-navara-note-x-trail-qashqai-zwei-tasten\/"]}]},{"@type":"ImageObject","inLanguage":"de","@id":"https:\/\/keys-for-auto.eu\/de\/product\/schlusselgehause-geeignet-fur-nissan-micra-navara-note-x-trail-qashqai-zwei-tasten\/#primaryimage","url":"https:\/\/keys-for-auto.eu\/wp-content\/uploads\/2022\/12\/Nissan-Micra-Navara-Note-X-Trail-Qashqai-2-virsus-500x5001-1.jpg","contentUrl":"https:\/\/keys-for-auto.eu\/wp-content\/uploads\/2022\/12\/Nissan-Micra-Navara-Note-X-Trail-Qashqai-2-virsus-500x5001-1.jpg","width":500,"height":500},{"@type":"BreadcrumbList","@id":"https:\/\/keys-for-auto.eu\/de\/product\/schlusselgehause-geeignet-fur-nissan-micra-navara-note-x-trail-qashqai-zwei-tasten\/#breadcrumb","itemListElement":[{"@type":"ListItem","position":1,"name":"Startseite","item":"https:\/\/keys-for-auto.eu\/de\/"},{"@type":"ListItem","position":2,"name":"Shop","item":"https:\/\/keys-for-auto.eu\/"},{"@type":"ListItem","position":3,"name":"Schl\u00fcsselgeh\u00e4use &#8211; passend f\u00fcr Nissan Micra | Navara | Note | X-Trail | Qashqai, zwei Tasten"}]},{"@type":"WebSite","@id":"https:\/\/keys-for-auto.eu\/de\/#website","url":"https:\/\/keys-for-auto.eu\/de\/","name":"Keys for auto","description":"Car keys,  key shells, key programming","publisher":{"@id":"https:\/\/keys-for-auto.eu\/de\/#organization"},"potentialAction":[{"@type":"SearchAction","target":{"@type":"EntryPoint","urlTemplate":"https:\/\/keys-for-auto.eu\/de\/?s={search_term_string}"},"query-input":{"@type":"PropertyValueSpecification","valueRequired":true,"valueName":"search_term_string"}}],"inLanguage":"de"},{"@type":"Organization","@id":"https:\/\/keys-for-auto.eu\/de\/#organization","name":"Schl\u00fcssel f\u00fcr Auto","url":"https:\/\/keys-for-auto.eu\/de\/","logo":{"@type":"ImageObject","inLanguage":"de","@id":"https:\/\/keys-for-auto.eu\/de\/#\/schema\/logo\/image\/","url":"https:\/\/keys-for-auto.eu\/wp-content\/uploads\/2022\/11\/cropped-png1.png","contentUrl":"https:\/\/keys-for-auto.eu\/wp-content\/uploads\/2022\/11\/cropped-png1.png","width":1000,"height":342,"caption":"Schl\u00fcssel f\u00fcr Auto"},"image":{"@id":"https:\/\/keys-for-auto.eu\/de\/#\/schema\/logo\/image\/"},"sameAs":["https:\/\/www.facebook.com\/KeysForAutoEU"]}]}},"_links":{"self":[{"href":"https:\/\/keys-for-auto.eu\/de\/wp-json\/wp\/v2\/product\/16072","targetHints":{"allow":["GET"]}}],"collection":[{"href":"https:\/\/keys-for-auto.eu\/de\/wp-json\/wp\/v2\/product"}],"about":[{"href":"https:\/\/keys-for-auto.eu\/de\/wp-json\/wp\/v2\/types\/product"}],"replies":[{"embeddable":true,"href":"https:\/\/keys-for-auto.eu\/de\/wp-json\/wp\/v2\/comments?post=16072"}],"wp:featuredmedia":[{"embeddable":true,"href":"https:\/\/keys-for-auto.eu\/de\/wp-json\/wp\/v2\/media\/13730"}],"wp:attachment":[{"href":"https:\/\/keys-for-auto.eu\/de\/wp-json\/wp\/v2\/media?parent=16072"}],"wp:term":[{"taxonomy":"product_brand","embeddable":true,"href":"https:\/\/keys-for-auto.eu\/de\/wp-json\/wp\/v2\/product_brand?post=16072"},{"taxonomy":"product_cat","embeddable":true,"href":"https:\/\/keys-for-auto.eu\/de\/wp-json\/wp\/v2\/product_cat?post=16072"},{"taxonomy":"product_tag","embeddable":true,"href":"https:\/\/keys-for-auto.eu\/de\/wp-json\/wp\/v2\/product_tag?post=16072"}],"curies":[{"name":"wp","href":"https:\/\/api.w.org\/{rel}","templated":true}]}}