{"id":16065,"date":"2016-04-02T10:09:46","date_gmt":"2016-04-02T10:09:46","guid":{"rendered":"https:\/\/keys-for-auto.eu\/product\/schluesselschalen-passend-fuer-mercedes-benz-smart-fortwo\/"},"modified":"2016-04-02T10:09:46","modified_gmt":"2016-04-02T10:09:46","slug":"schlusselschalen-geeignet-fur-mercedes-benz-smart-fortwo","status":"publish","type":"product","link":"https:\/\/keys-for-auto.eu\/de\/product\/schlusselschalen-geeignet-fur-mercedes-benz-smart-fortwo\/","title":{"rendered":"Schl\u00fcsselschalen &#8211; passend f\u00fcr Mercedes Benz Smart Fortwo"},"content":{"rendered":"<h2>Schl\u00fcsselschalen &#8211; passend f\u00fcr Mercedes Benz Smart Fortwo<\/h2>\n<p>Wir stellen vor &#8211; die Schl\u00fcsselschalen f\u00fcr den Mercedes Benz Smart Fortwo.<\/p>\n<h3>Mercedes Benz<\/h3>\n<p>Der Mercedes Benz Smart Fortwo ist ein wahrer kleiner Prinz der Stra\u00dfe. Dieses stilvolle deutsche Auto hat die Herzen vieler Autofahrer erobert. Dieses Auto ist ein wahres Ideal. Alles an ihm ist bezaubernd, vom Motor \u00fcber die elegante runde Form bis hin zu den kleinsten Details wie den Z\u00fcndschl\u00fcsseln.<\/p>\n<p>Wenn Sie ein Mercedes Benz Smart Fortwo Schl\u00fcsseletui ben\u00f6tigen, w\u00e4hlen Sie bitte aus den verf\u00fcgbaren Modellen und kontaktieren Sie uns. Schl\u00fcsselgeh\u00e4use sind ein begehrter Artikel, da sie oft besch\u00e4digt sind und durch neue ersetzt werden m\u00fcssen. Manchmal werden sie von Autofahrern fallen gelassen und splittern oder werden anderweitig besch\u00e4digt. Das ist kein Problem! Holen Sie sich schnell und g\u00fcnstig ein neues Schl\u00fcsseletui f\u00fcr Ihren Mercedes Benz Smart Fortwo!<\/p>\n<p>Neben dem Verkauf von Schl\u00fcsseletuis bieten wir auch andere Dienstleistungen an. Wir programmieren Schl\u00fcssel f\u00fcr viele Automarken und -modelle. Auch Besitzer von Renault-Fahrzeugen k\u00f6nnen sich an uns wenden. Wir verkaufen Renault-Z\u00fcndkarten. Zerbrochene oder abgenutzte Keycards ersetzen wir bei Bedarf. Reparatur und Programmierung von Renault-Z\u00fcndkarten. In unserem Shop finden Sie auch Fernbedienungsschl\u00fcssel f\u00fcr verschiedene Automarken. Wir garantieren f\u00fcr alle unsere Arbeiten und Produkte. Wir tun dies zum Nutzen unserer Kunden und um zu beweisen, dass wir verantwortungsbewusste Fachleute auf unserem Gebiet sind.<\/p>\n<h3>Herstellung von Autoschl\u00fcsseln<\/h3>\n<p>Die Anfertigung von Autoschl\u00fcsseln ist f\u00fcr uns mehr als nur ein Beruf. Es ist eine M\u00f6glichkeit, zum Komfort beim Autofahren beizutragen. Wir stellen seit vielen Jahren Schl\u00fcssel her und nutzen unsere Erfahrung, um die Qualit\u00e4t unserer Dienstleistungen und Produkte zu verbessern. Autoschl\u00fcssel sind Ihre treuesten Reisebegleiter. Wir sorgen daf\u00fcr, dass sie in gutem Zustand sind und reibungslos funktionieren.<\/p>\n","protected":false},"excerpt":{"rendered":"<p><em><strong>Schl\u00fcsselschalen &#8211; passend f\u00fcr Mercedes Benz Smart Fortwo<\/strong><\/em><\/p>\n<h3><strong>Herstellung von Autoschl\u00fcsseln<\/strong><\/h3>\n<ul>\n<li><strong>Herstellung neuer Autoschl\u00fcssel, Programmierung der Schl\u00fcssel (&#8222;Bindung&#8220; an das Auto)<\/strong><\/li>\n<li><strong>L\u00f6schen von zuvor verlorenen Schl\u00fcsseln aus dem Fahrzeugspeicher<\/strong><\/li>\n<li><strong>Herstellung des Z\u00fcndschl\u00fcssels entsprechend dem Schloss<\/strong><\/li>\n<li><strong>Reparatur von Autoschl\u00fcsseln (Ersatz von Tasten, Schalen, Mechanismen)<\/strong><\/li>\n<li><strong>Auto-Notentriegelung<\/strong><\/li>\n<li><strong>Umtausch von Schl\u00fcsseln, Schl\u00fcsseletuis<\/strong><\/li>\n<li><strong>DPF \/ FAP Software-Abschaltung<\/strong><\/li>\n<li><strong>Programmatische EGR-Entfernung<\/strong><\/li>\n<li><strong>Deaktivierung der Wegfahrsperre-Software (immo Off)<\/strong><\/li>\n<li><strong>Reparatur, Klonen, Programmieren von Motorsteuerger\u00e4ten (ECU)<\/strong><\/li>\n<li><strong>SRS (Airbag-Steuerger\u00e4t-Programmierung)<\/strong><\/li>\n<\/ul>\n<h4><strong>  Artikel werden innerhalb von 3 Arbeitstagen versandt.*<\/strong><\/h4>\n","protected":false},"featured_media":13655,"comment_status":"open","ping_status":"closed","template":"","meta":[],"product_brand":[],"product_cat":[2219,739,2225],"product_tag":[2221,2235],"class_list":{"0":"post-16065","1":"product","2":"type-product","3":"status-publish","4":"has-post-thumbnail","6":"product_cat-mercedes-benz-de","7":"product_cat-schlusselmuscheln","8":"product_cat-smart-de","9":"product_tag-mercedes-benz-schlusselgehause","10":"product_tag-mercedes-benz-smart-fortwo-de","12":"first","13":"instock","14":"sale","15":"shipping-taxable","16":"purchasable","17":"product-type-simple"},"yoast_head":"<!-- This site is optimized with the Yoast SEO plugin v27.5 - https:\/\/yoast.com\/product\/yoast-seo-wordpress\/ -->\n<title>-<\/title>\n<meta name=\"robots\" content=\"index, follow, max-snippet:-1, max-image-preview:large, max-video-preview:-1\" \/>\n<link rel=\"canonical\" href=\"https:\/\/keys-for-auto.eu\/de\/product\/schlusselschalen-geeignet-fur-mercedes-benz-smart-fortwo\/\" \/>\n<meta property=\"og:locale\" content=\"de_DE\" \/>\n<meta property=\"og:type\" content=\"article\" \/>\n<meta property=\"og:title\" content=\"-\" \/>\n<meta property=\"og:description\" content=\"Schl\u00fcsselschalen - passend f\u00fcr Mercedes Benz Smart Fortwo Herstellung von Autoschl\u00fcsseln  Herstellung neuer Autoschl\u00fcssel, Programmierung der Schl\u00fcssel (&quot;Bindung&quot; an das Auto)  L\u00f6schen von zuvor verlorenen Schl\u00fcsseln aus dem Fahrzeugspeicher  Herstellung des Z\u00fcndschl\u00fcssels entsprechend dem Schloss  Reparatur von Autoschl\u00fcsseln (Ersatz von Tasten, Schalen, Mechanismen)  Auto-Notentriegelung  Umtausch von Schl\u00fcsseln, Schl\u00fcsseletuis  DPF \/ FAP Software-Abschaltung  Programmatische EGR-Entfernung  Deaktivierung der Wegfahrsperre-Software (immo Off)  Reparatur, Klonen, Programmieren von Motorsteuerger\u00e4ten (ECU)  SRS (Airbag-Steuerger\u00e4t-Programmierung)  Artikel werden innerhalb von 3 Arbeitstagen versandt.*\" \/>\n<meta property=\"og:url\" content=\"https:\/\/keys-for-auto.eu\/de\/product\/schlusselschalen-geeignet-fur-mercedes-benz-smart-fortwo\/\" \/>\n<meta property=\"og:site_name\" content=\"Keys for auto\" \/>\n<meta property=\"article:publisher\" content=\"https:\/\/www.facebook.com\/KeysForAutoEU\" \/>\n<meta property=\"og:image\" content=\"https:\/\/keys-for-auto.eu\/wp-content\/uploads\/2022\/12\/Mercedes-raktas-500x5001-removebg-preview.png\" \/>\n\t<meta property=\"og:image:width\" content=\"500\" \/>\n\t<meta property=\"og:image:height\" content=\"500\" \/>\n\t<meta property=\"og:image:type\" content=\"image\/png\" \/>\n<meta name=\"twitter:card\" content=\"summary_large_image\" \/>\n<meta name=\"twitter:label1\" content=\"Gesch\u00e4tzte Lesezeit\" \/>\n\t<meta name=\"twitter:data1\" content=\"2\u00a0Minuten\" \/>\n<script type=\"application\/ld+json\" class=\"yoast-schema-graph\">{\"@context\":\"https:\\\/\\\/schema.org\",\"@graph\":[{\"@type\":[\"WebPage\",\"ItemPage\"],\"@id\":\"https:\\\/\\\/keys-for-auto.eu\\\/de\\\/product\\\/schlusselschalen-geeignet-fur-mercedes-benz-smart-fortwo\\\/\",\"url\":\"https:\\\/\\\/keys-for-auto.eu\\\/de\\\/product\\\/schlusselschalen-geeignet-fur-mercedes-benz-smart-fortwo\\\/\",\"name\":\"-\",\"isPartOf\":{\"@id\":\"https:\\\/\\\/keys-for-auto.eu\\\/de\\\/#website\"},\"primaryImageOfPage\":{\"@id\":\"https:\\\/\\\/keys-for-auto.eu\\\/de\\\/product\\\/schlusselschalen-geeignet-fur-mercedes-benz-smart-fortwo\\\/#primaryimage\"},\"image\":{\"@id\":\"https:\\\/\\\/keys-for-auto.eu\\\/de\\\/product\\\/schlusselschalen-geeignet-fur-mercedes-benz-smart-fortwo\\\/#primaryimage\"},\"thumbnailUrl\":\"https:\\\/\\\/keys-for-auto.eu\\\/wp-content\\\/uploads\\\/2022\\\/12\\\/Mercedes-raktas-500x5001-removebg-preview.png\",\"datePublished\":\"2016-04-02T10:09:46+00:00\",\"breadcrumb\":{\"@id\":\"https:\\\/\\\/keys-for-auto.eu\\\/de\\\/product\\\/schlusselschalen-geeignet-fur-mercedes-benz-smart-fortwo\\\/#breadcrumb\"},\"inLanguage\":\"de\",\"potentialAction\":[{\"@type\":\"ReadAction\",\"target\":[\"https:\\\/\\\/keys-for-auto.eu\\\/de\\\/product\\\/schlusselschalen-geeignet-fur-mercedes-benz-smart-fortwo\\\/\"]}]},{\"@type\":\"ImageObject\",\"inLanguage\":\"de\",\"@id\":\"https:\\\/\\\/keys-for-auto.eu\\\/de\\\/product\\\/schlusselschalen-geeignet-fur-mercedes-benz-smart-fortwo\\\/#primaryimage\",\"url\":\"https:\\\/\\\/keys-for-auto.eu\\\/wp-content\\\/uploads\\\/2022\\\/12\\\/Mercedes-raktas-500x5001-removebg-preview.png\",\"contentUrl\":\"https:\\\/\\\/keys-for-auto.eu\\\/wp-content\\\/uploads\\\/2022\\\/12\\\/Mercedes-raktas-500x5001-removebg-preview.png\",\"width\":500,\"height\":500},{\"@type\":\"BreadcrumbList\",\"@id\":\"https:\\\/\\\/keys-for-auto.eu\\\/de\\\/product\\\/schlusselschalen-geeignet-fur-mercedes-benz-smart-fortwo\\\/#breadcrumb\",\"itemListElement\":[{\"@type\":\"ListItem\",\"position\":1,\"name\":\"Startseite\",\"item\":\"https:\\\/\\\/keys-for-auto.eu\\\/de\\\/\"},{\"@type\":\"ListItem\",\"position\":2,\"name\":\"Shop\",\"item\":\"https:\\\/\\\/keys-for-auto.eu\\\/\"},{\"@type\":\"ListItem\",\"position\":3,\"name\":\"Schl\u00fcsselschalen &#8211; passend f\u00fcr Mercedes Benz Smart Fortwo\"}]},{\"@type\":\"WebSite\",\"@id\":\"https:\\\/\\\/keys-for-auto.eu\\\/de\\\/#website\",\"url\":\"https:\\\/\\\/keys-for-auto.eu\\\/de\\\/\",\"name\":\"Keys for auto\",\"description\":\"Car keys,  key shells, key programming\",\"publisher\":{\"@id\":\"https:\\\/\\\/keys-for-auto.eu\\\/de\\\/#organization\"},\"potentialAction\":[{\"@type\":\"SearchAction\",\"target\":{\"@type\":\"EntryPoint\",\"urlTemplate\":\"https:\\\/\\\/keys-for-auto.eu\\\/de\\\/?s={search_term_string}\"},\"query-input\":{\"@type\":\"PropertyValueSpecification\",\"valueRequired\":true,\"valueName\":\"search_term_string\"}}],\"inLanguage\":\"de\"},{\"@type\":\"Organization\",\"@id\":\"https:\\\/\\\/keys-for-auto.eu\\\/de\\\/#organization\",\"name\":\"Schl\u00fcssel f\u00fcr Auto\",\"url\":\"https:\\\/\\\/keys-for-auto.eu\\\/de\\\/\",\"logo\":{\"@type\":\"ImageObject\",\"inLanguage\":\"de\",\"@id\":\"https:\\\/\\\/keys-for-auto.eu\\\/de\\\/#\\\/schema\\\/logo\\\/image\\\/\",\"url\":\"https:\\\/\\\/keys-for-auto.eu\\\/wp-content\\\/uploads\\\/2022\\\/11\\\/cropped-png1.png\",\"contentUrl\":\"https:\\\/\\\/keys-for-auto.eu\\\/wp-content\\\/uploads\\\/2022\\\/11\\\/cropped-png1.png\",\"width\":1000,\"height\":342,\"caption\":\"Schl\u00fcssel f\u00fcr Auto\"},\"image\":{\"@id\":\"https:\\\/\\\/keys-for-auto.eu\\\/de\\\/#\\\/schema\\\/logo\\\/image\\\/\"},\"sameAs\":[\"https:\\\/\\\/www.facebook.com\\\/KeysForAutoEU\"]}]}<\/script>\n<!-- \/ Yoast SEO plugin. -->","yoast_head_json":{"title":"-","robots":{"index":"index","follow":"follow","max-snippet":"max-snippet:-1","max-image-preview":"max-image-preview:large","max-video-preview":"max-video-preview:-1"},"canonical":"https:\/\/keys-for-auto.eu\/de\/product\/schlusselschalen-geeignet-fur-mercedes-benz-smart-fortwo\/","og_locale":"de_DE","og_type":"article","og_title":"-","og_description":"Schl\u00fcsselschalen - passend f\u00fcr Mercedes Benz Smart Fortwo Herstellung von Autoschl\u00fcsseln  Herstellung neuer Autoschl\u00fcssel, Programmierung der Schl\u00fcssel (\"Bindung\" an das Auto)  L\u00f6schen von zuvor verlorenen Schl\u00fcsseln aus dem Fahrzeugspeicher  Herstellung des Z\u00fcndschl\u00fcssels entsprechend dem Schloss  Reparatur von Autoschl\u00fcsseln (Ersatz von Tasten, Schalen, Mechanismen)  Auto-Notentriegelung  Umtausch von Schl\u00fcsseln, Schl\u00fcsseletuis  DPF \/ FAP Software-Abschaltung  Programmatische EGR-Entfernung  Deaktivierung der Wegfahrsperre-Software (immo Off)  Reparatur, Klonen, Programmieren von Motorsteuerger\u00e4ten (ECU)  SRS (Airbag-Steuerger\u00e4t-Programmierung)  Artikel werden innerhalb von 3 Arbeitstagen versandt.*","og_url":"https:\/\/keys-for-auto.eu\/de\/product\/schlusselschalen-geeignet-fur-mercedes-benz-smart-fortwo\/","og_site_name":"Keys for auto","article_publisher":"https:\/\/www.facebook.com\/KeysForAutoEU","og_image":[{"width":500,"height":500,"url":"https:\/\/keys-for-auto.eu\/wp-content\/uploads\/2022\/12\/Mercedes-raktas-500x5001-removebg-preview.png","type":"image\/png"}],"twitter_card":"summary_large_image","twitter_misc":{"Gesch\u00e4tzte Lesezeit":"2\u00a0Minuten"},"schema":{"@context":"https:\/\/schema.org","@graph":[{"@type":["WebPage","ItemPage"],"@id":"https:\/\/keys-for-auto.eu\/de\/product\/schlusselschalen-geeignet-fur-mercedes-benz-smart-fortwo\/","url":"https:\/\/keys-for-auto.eu\/de\/product\/schlusselschalen-geeignet-fur-mercedes-benz-smart-fortwo\/","name":"-","isPartOf":{"@id":"https:\/\/keys-for-auto.eu\/de\/#website"},"primaryImageOfPage":{"@id":"https:\/\/keys-for-auto.eu\/de\/product\/schlusselschalen-geeignet-fur-mercedes-benz-smart-fortwo\/#primaryimage"},"image":{"@id":"https:\/\/keys-for-auto.eu\/de\/product\/schlusselschalen-geeignet-fur-mercedes-benz-smart-fortwo\/#primaryimage"},"thumbnailUrl":"https:\/\/keys-for-auto.eu\/wp-content\/uploads\/2022\/12\/Mercedes-raktas-500x5001-removebg-preview.png","datePublished":"2016-04-02T10:09:46+00:00","breadcrumb":{"@id":"https:\/\/keys-for-auto.eu\/de\/product\/schlusselschalen-geeignet-fur-mercedes-benz-smart-fortwo\/#breadcrumb"},"inLanguage":"de","potentialAction":[{"@type":"ReadAction","target":["https:\/\/keys-for-auto.eu\/de\/product\/schlusselschalen-geeignet-fur-mercedes-benz-smart-fortwo\/"]}]},{"@type":"ImageObject","inLanguage":"de","@id":"https:\/\/keys-for-auto.eu\/de\/product\/schlusselschalen-geeignet-fur-mercedes-benz-smart-fortwo\/#primaryimage","url":"https:\/\/keys-for-auto.eu\/wp-content\/uploads\/2022\/12\/Mercedes-raktas-500x5001-removebg-preview.png","contentUrl":"https:\/\/keys-for-auto.eu\/wp-content\/uploads\/2022\/12\/Mercedes-raktas-500x5001-removebg-preview.png","width":500,"height":500},{"@type":"BreadcrumbList","@id":"https:\/\/keys-for-auto.eu\/de\/product\/schlusselschalen-geeignet-fur-mercedes-benz-smart-fortwo\/#breadcrumb","itemListElement":[{"@type":"ListItem","position":1,"name":"Startseite","item":"https:\/\/keys-for-auto.eu\/de\/"},{"@type":"ListItem","position":2,"name":"Shop","item":"https:\/\/keys-for-auto.eu\/"},{"@type":"ListItem","position":3,"name":"Schl\u00fcsselschalen &#8211; passend f\u00fcr Mercedes Benz Smart Fortwo"}]},{"@type":"WebSite","@id":"https:\/\/keys-for-auto.eu\/de\/#website","url":"https:\/\/keys-for-auto.eu\/de\/","name":"Keys for auto","description":"Car keys,  key shells, key programming","publisher":{"@id":"https:\/\/keys-for-auto.eu\/de\/#organization"},"potentialAction":[{"@type":"SearchAction","target":{"@type":"EntryPoint","urlTemplate":"https:\/\/keys-for-auto.eu\/de\/?s={search_term_string}"},"query-input":{"@type":"PropertyValueSpecification","valueRequired":true,"valueName":"search_term_string"}}],"inLanguage":"de"},{"@type":"Organization","@id":"https:\/\/keys-for-auto.eu\/de\/#organization","name":"Schl\u00fcssel f\u00fcr Auto","url":"https:\/\/keys-for-auto.eu\/de\/","logo":{"@type":"ImageObject","inLanguage":"de","@id":"https:\/\/keys-for-auto.eu\/de\/#\/schema\/logo\/image\/","url":"https:\/\/keys-for-auto.eu\/wp-content\/uploads\/2022\/11\/cropped-png1.png","contentUrl":"https:\/\/keys-for-auto.eu\/wp-content\/uploads\/2022\/11\/cropped-png1.png","width":1000,"height":342,"caption":"Schl\u00fcssel f\u00fcr Auto"},"image":{"@id":"https:\/\/keys-for-auto.eu\/de\/#\/schema\/logo\/image\/"},"sameAs":["https:\/\/www.facebook.com\/KeysForAutoEU"]}]}},"_links":{"self":[{"href":"https:\/\/keys-for-auto.eu\/de\/wp-json\/wp\/v2\/product\/16065","targetHints":{"allow":["GET"]}}],"collection":[{"href":"https:\/\/keys-for-auto.eu\/de\/wp-json\/wp\/v2\/product"}],"about":[{"href":"https:\/\/keys-for-auto.eu\/de\/wp-json\/wp\/v2\/types\/product"}],"replies":[{"embeddable":true,"href":"https:\/\/keys-for-auto.eu\/de\/wp-json\/wp\/v2\/comments?post=16065"}],"wp:featuredmedia":[{"embeddable":true,"href":"https:\/\/keys-for-auto.eu\/de\/wp-json\/wp\/v2\/media\/13655"}],"wp:attachment":[{"href":"https:\/\/keys-for-auto.eu\/de\/wp-json\/wp\/v2\/media?parent=16065"}],"wp:term":[{"taxonomy":"product_brand","embeddable":true,"href":"https:\/\/keys-for-auto.eu\/de\/wp-json\/wp\/v2\/product_brand?post=16065"},{"taxonomy":"product_cat","embeddable":true,"href":"https:\/\/keys-for-auto.eu\/de\/wp-json\/wp\/v2\/product_cat?post=16065"},{"taxonomy":"product_tag","embeddable":true,"href":"https:\/\/keys-for-auto.eu\/de\/wp-json\/wp\/v2\/product_tag?post=16065"}],"curies":[{"name":"wp","href":"https:\/\/api.w.org\/{rel}","templated":true}]}}