{"id":16053,"date":"2016-04-02T07:39:09","date_gmt":"2016-04-02T07:39:09","guid":{"rendered":"https:\/\/keys-for-auto.eu\/product\/schluesselschale-passend-fuer-alfa-romeo-145-146-155-gtv-spider\/"},"modified":"2016-04-02T07:39:09","modified_gmt":"2016-04-02T07:39:09","slug":"key-shell-suitable-for-alfa-romeo-145-146-155-gtv-spider","status":"publish","type":"product","link":"https:\/\/keys-for-auto.eu\/de\/product\/key-shell-suitable-for-alfa-romeo-145-146-155-gtv-spider\/","title":{"rendered":"Schl\u00fcsselschale &#8211; passend f\u00fcr Alfa Romeo 145 | 146 | 155 | GTV | Spider"},"content":{"rendered":"<h2><strong>Schl\u00fcsselschale &#8211; passend f\u00fcr Alfa Romeo 145 | 146 | 155 | GTV | Spider<\/strong><\/h2>\n<p>Wir stellen Ihnen das Schl\u00fcsselgeh\u00e4use f\u00fcr die Modelle Alfa Romeo 145, 146, 155, GTV und Spider vor.<\/p>\n<p>Wir verkaufen nicht nur Schl\u00fcsselschalen und Fernbedienungsschl\u00fcssel, sondern programmieren auch Schl\u00fcssel f\u00fcr alle Automarken. Wir tun dies verantwortungsbewusst, professionell und schnell.<\/p>\n<p>Wir sagen dies verantwortungsbewusst, weil wir in die Verbesserung der Kompetenz unserer Techniker investieren. Sie werden in professionellen Kursen und Seminaren ausgebildet. Wenn Sie also Wert darauf legen, dass Ihr Auto zuverl\u00e4ssig vor Dieben gesch\u00fctzt ist (dies wird durch die Schl\u00fcsselprogrammierung, den Einbau eines Transponders in den Schl\u00fcsselk\u00f6rper selbst und einer Wegfahrsperre im Auto gew\u00e4hrleistet) und sich problemlos entriegeln und starten l\u00e4sst, wenden Sie sich bitte an unser Unternehmen.<\/p>\n<p>Unser Gesch\u00e4ft basiert auf dem Gedanken, dass die einzige wirkliche Sicherheit, die ein Mensch in dieser Welt haben kann, ein Reichtum an Wissen, Erfahrung und F\u00e4higkeiten ist. So erwerben wir F\u00e4higkeiten und Kenntnisse nicht nur f\u00fcr unsere eigene Sicherheit, sondern auch f\u00fcr Ihre. Denn unsere Qualit\u00e4tsarbeit bei der Herstellung und Programmierung Ihrer Schl\u00fcssel garantiert Ihnen eine reibungslose Fahrt.<\/p>\n<p>Oder interessieren Sie sich nicht nur f\u00fcr die auf dieser Seite vorgestellten Schl\u00fcsselmuscheln, Funkschl\u00fcssel oder die Programmierung von Autoschl\u00fcsseln, sondern auch f\u00fcr die Renault-Z\u00fcndkarten? M\u00f6chten Sie ein neues Ger\u00e4t kaufen oder ein kaputtes reparieren? Wir sind f\u00fcr Sie da &#8211; wir verkaufen nicht nur Karten und Teile, sondern reparieren und kleben sie auch an Ihr Auto.<\/p>\n<h3>Herstellung von Schl\u00fcsseln<\/h3>\n<p>Die Schl\u00fcsselproduktion ist unser Spezialgebiet. Wir freuen uns \u00fcber die wachsende Zahl von Kunden, die zeigt, dass wir den richtigen Weg eingeschlagen haben und sich unser verantwortungsvolles Handeln auszahlt. Wir k\u00fcmmern uns um die Autoschl\u00fcssel, und Sie m\u00fcssen nur daf\u00fcr sorgen, dass Sie auf Ihrer Reise gute Laune haben!<\/p>\n","protected":false},"excerpt":{"rendered":"<p><strong>Geeignet f\u00fcr Alfa Romeo Fahrzeuge &#8211; Schl\u00fcsselgeh\u00e4use.<\/strong><\/p>\n<p><strong><em>Geeignet f\u00fcr die folgenden Modelle:<\/em><\/strong><\/p>\n<p><em><strong>Alfa Romeo 145<\/strong><\/em><br \/>\n<em><strong>Alfa Romeo 146<\/strong><\/em><br \/>\n<em><strong>Alfa Romeo 155<\/strong><\/em><br \/>\n<em><strong>Alfa Romeo GTV<\/strong><\/em><br \/>\n<em><strong>Alfa Romeo Spider  <\/strong><\/em><\/p>\n<h3><strong>Herstellung von Autoschl\u00fcsseln<\/strong><\/h3>\n<ul>\n<li><strong>Herstellung neuer Autoschl\u00fcssel, Programmierung der Schl\u00fcssel (&#8222;Bindung&#8220; an das Auto)<\/strong><\/li>\n<li><strong>L\u00f6schen von zuvor verlorenen Schl\u00fcsseln aus dem Fahrzeugspeicher<\/strong><\/li>\n<li><strong>Herstellung des Z\u00fcndschl\u00fcssels entsprechend dem Schloss<\/strong><\/li>\n<li><strong>Reparatur von Autoschl\u00fcsseln (Ersatz von Tasten, Schalen, Mechanismen)<\/strong><\/li>\n<li><strong>Auto-Notentriegelung<\/strong><\/li>\n<li><strong>Umtausch von Schl\u00fcsseln, Schl\u00fcsseletuis<\/strong><\/li>\n<li><strong>DPF \/ FAP Software-Abschaltung<\/strong><\/li>\n<li><strong>Programmatische EGR-Entfernung<\/strong><\/li>\n<li><strong>Deaktivierung der Wegfahrsperre-Software (immo Off)<\/strong><\/li>\n<li><strong>Reparatur, Klonen, Programmieren von Motorsteuerger\u00e4ten (ECU)<\/strong><\/li>\n<li><strong>SRS (Airbag-Steuerger\u00e4t-Programmierung)<\/strong><\/li>\n<\/ul>\n<h4><strong>  Artikel werden innerhalb von 3 Arbeitstagen versandt.*<\/strong><\/h4>\n","protected":false},"featured_media":12480,"comment_status":"open","ping_status":"closed","template":"","meta":[],"product_brand":[],"product_cat":[2101,739],"product_tag":[2159,2166,2169,2174,2109],"class_list":{"0":"post-16053","1":"product","2":"type-product","3":"status-publish","4":"has-post-thumbnail","6":"product_cat-alfa-romeo-de","7":"product_cat-schlusselmuscheln","8":"product_tag-alfa-romeo-145-schlusselgehause","9":"product_tag-alfa-romeo-146-schlusselgehause","10":"product_tag-alfa-romeo-155-schlusselgehause","11":"product_tag-alfa-romeo-gtv-schlusselgehause","12":"product_tag-alfa-romeo-schlusselgehause","14":"first","15":"instock","16":"sale","17":"shipping-taxable","18":"purchasable","19":"product-type-simple"},"yoast_head":"<!-- This site is optimized with the Yoast SEO plugin v27.6 - https:\/\/yoast.com\/product\/yoast-seo-wordpress\/ -->\n<title>-<\/title>\n<meta name=\"robots\" content=\"index, follow, max-snippet:-1, max-image-preview:large, max-video-preview:-1\" \/>\n<link rel=\"canonical\" href=\"https:\/\/keys-for-auto.eu\/de\/product\/key-shell-suitable-for-alfa-romeo-145-146-155-gtv-spider\/\" \/>\n<meta property=\"og:locale\" content=\"de_DE\" \/>\n<meta property=\"og:type\" content=\"article\" \/>\n<meta property=\"og:title\" content=\"-\" \/>\n<meta property=\"og:description\" content=\"Geeignet f\u00fcr Alfa Romeo Fahrzeuge - Schl\u00fcsselgeh\u00e4use. Geeignet f\u00fcr die folgenden Modelle: Alfa Romeo 145 Alfa Romeo 146 Alfa Romeo 155 Alfa Romeo GTV Alfa Romeo Spider  Herstellung von Autoschl\u00fcsseln  Herstellung neuer Autoschl\u00fcssel, Programmierung der Schl\u00fcssel (&quot;Bindung&quot; an das Auto)  L\u00f6schen von zuvor verlorenen Schl\u00fcsseln aus dem Fahrzeugspeicher  Herstellung des Z\u00fcndschl\u00fcssels entsprechend dem Schloss  Reparatur von Autoschl\u00fcsseln (Ersatz von Tasten, Schalen, Mechanismen)  Auto-Notentriegelung  Umtausch von Schl\u00fcsseln, Schl\u00fcsseletuis  DPF \/ FAP Software-Abschaltung  Programmatische EGR-Entfernung  Deaktivierung der Wegfahrsperre-Software (immo Off)  Reparatur, Klonen, Programmieren von Motorsteuerger\u00e4ten (ECU)  SRS (Airbag-Steuerger\u00e4t-Programmierung)  Artikel werden innerhalb von 3 Arbeitstagen versandt.*\" \/>\n<meta property=\"og:url\" content=\"https:\/\/keys-for-auto.eu\/de\/product\/key-shell-suitable-for-alfa-romeo-145-146-155-gtv-spider\/\" \/>\n<meta property=\"og:site_name\" content=\"Keys for auto\" \/>\n<meta property=\"article:publisher\" content=\"https:\/\/www.facebook.com\/KeysForAutoEU\" \/>\n<meta property=\"og:image\" content=\"https:\/\/keys-for-auto.eu\/wp-content\/uploads\/2022\/12\/Alfa-romeo-raudonas-500x5001-wpp1668442410930.jpg\" \/>\n\t<meta property=\"og:image:width\" content=\"500\" \/>\n\t<meta property=\"og:image:height\" content=\"500\" \/>\n\t<meta property=\"og:image:type\" content=\"image\/jpeg\" \/>\n<meta name=\"twitter:card\" content=\"summary_large_image\" \/>\n<meta name=\"twitter:label1\" content=\"Gesch\u00e4tzte Lesezeit\" \/>\n\t<meta name=\"twitter:data1\" content=\"2\u00a0Minuten\" \/>\n<script type=\"application\/ld+json\" class=\"yoast-schema-graph\">{\"@context\":\"https:\\\/\\\/schema.org\",\"@graph\":[{\"@type\":[\"WebPage\",\"ItemPage\"],\"@id\":\"https:\\\/\\\/keys-for-auto.eu\\\/de\\\/product\\\/key-shell-suitable-for-alfa-romeo-145-146-155-gtv-spider\\\/\",\"url\":\"https:\\\/\\\/keys-for-auto.eu\\\/de\\\/product\\\/key-shell-suitable-for-alfa-romeo-145-146-155-gtv-spider\\\/\",\"name\":\"-\",\"isPartOf\":{\"@id\":\"https:\\\/\\\/keys-for-auto.eu\\\/de\\\/#website\"},\"primaryImageOfPage\":{\"@id\":\"https:\\\/\\\/keys-for-auto.eu\\\/de\\\/product\\\/key-shell-suitable-for-alfa-romeo-145-146-155-gtv-spider\\\/#primaryimage\"},\"image\":{\"@id\":\"https:\\\/\\\/keys-for-auto.eu\\\/de\\\/product\\\/key-shell-suitable-for-alfa-romeo-145-146-155-gtv-spider\\\/#primaryimage\"},\"thumbnailUrl\":\"https:\\\/\\\/keys-for-auto.eu\\\/wp-content\\\/uploads\\\/2022\\\/12\\\/Alfa-romeo-raudonas-500x5001-wpp1668442410930.jpg\",\"datePublished\":\"2016-04-02T07:39:09+00:00\",\"breadcrumb\":{\"@id\":\"https:\\\/\\\/keys-for-auto.eu\\\/de\\\/product\\\/key-shell-suitable-for-alfa-romeo-145-146-155-gtv-spider\\\/#breadcrumb\"},\"inLanguage\":\"de\",\"potentialAction\":[{\"@type\":\"ReadAction\",\"target\":[\"https:\\\/\\\/keys-for-auto.eu\\\/de\\\/product\\\/key-shell-suitable-for-alfa-romeo-145-146-155-gtv-spider\\\/\"]}]},{\"@type\":\"ImageObject\",\"inLanguage\":\"de\",\"@id\":\"https:\\\/\\\/keys-for-auto.eu\\\/de\\\/product\\\/key-shell-suitable-for-alfa-romeo-145-146-155-gtv-spider\\\/#primaryimage\",\"url\":\"https:\\\/\\\/keys-for-auto.eu\\\/wp-content\\\/uploads\\\/2022\\\/12\\\/Alfa-romeo-raudonas-500x5001-wpp1668442410930.jpg\",\"contentUrl\":\"https:\\\/\\\/keys-for-auto.eu\\\/wp-content\\\/uploads\\\/2022\\\/12\\\/Alfa-romeo-raudonas-500x5001-wpp1668442410930.jpg\",\"width\":500,\"height\":500},{\"@type\":\"BreadcrumbList\",\"@id\":\"https:\\\/\\\/keys-for-auto.eu\\\/de\\\/product\\\/key-shell-suitable-for-alfa-romeo-145-146-155-gtv-spider\\\/#breadcrumb\",\"itemListElement\":[{\"@type\":\"ListItem\",\"position\":1,\"name\":\"Startseite\",\"item\":\"https:\\\/\\\/keys-for-auto.eu\\\/de\\\/\"},{\"@type\":\"ListItem\",\"position\":2,\"name\":\"Shop\",\"item\":\"https:\\\/\\\/keys-for-auto.eu\\\/\"},{\"@type\":\"ListItem\",\"position\":3,\"name\":\"Schl\u00fcsselschale &#8211; passend f\u00fcr Alfa Romeo 145 | 146 | 155 | GTV | Spider\"}]},{\"@type\":\"WebSite\",\"@id\":\"https:\\\/\\\/keys-for-auto.eu\\\/de\\\/#website\",\"url\":\"https:\\\/\\\/keys-for-auto.eu\\\/de\\\/\",\"name\":\"Keys for auto\",\"description\":\"Car keys,  key shells, key programming\",\"publisher\":{\"@id\":\"https:\\\/\\\/keys-for-auto.eu\\\/de\\\/#organization\"},\"potentialAction\":[{\"@type\":\"SearchAction\",\"target\":{\"@type\":\"EntryPoint\",\"urlTemplate\":\"https:\\\/\\\/keys-for-auto.eu\\\/de\\\/?s={search_term_string}\"},\"query-input\":{\"@type\":\"PropertyValueSpecification\",\"valueRequired\":true,\"valueName\":\"search_term_string\"}}],\"inLanguage\":\"de\"},{\"@type\":\"Organization\",\"@id\":\"https:\\\/\\\/keys-for-auto.eu\\\/de\\\/#organization\",\"name\":\"Schl\u00fcssel f\u00fcr Auto\",\"url\":\"https:\\\/\\\/keys-for-auto.eu\\\/de\\\/\",\"logo\":{\"@type\":\"ImageObject\",\"inLanguage\":\"de\",\"@id\":\"https:\\\/\\\/keys-for-auto.eu\\\/de\\\/#\\\/schema\\\/logo\\\/image\\\/\",\"url\":\"https:\\\/\\\/keys-for-auto.eu\\\/wp-content\\\/uploads\\\/2022\\\/11\\\/cropped-png1.png\",\"contentUrl\":\"https:\\\/\\\/keys-for-auto.eu\\\/wp-content\\\/uploads\\\/2022\\\/11\\\/cropped-png1.png\",\"width\":1000,\"height\":342,\"caption\":\"Schl\u00fcssel f\u00fcr Auto\"},\"image\":{\"@id\":\"https:\\\/\\\/keys-for-auto.eu\\\/de\\\/#\\\/schema\\\/logo\\\/image\\\/\"},\"sameAs\":[\"https:\\\/\\\/www.facebook.com\\\/KeysForAutoEU\"]}]}<\/script>\n<!-- \/ Yoast SEO plugin. -->","yoast_head_json":{"title":"-","robots":{"index":"index","follow":"follow","max-snippet":"max-snippet:-1","max-image-preview":"max-image-preview:large","max-video-preview":"max-video-preview:-1"},"canonical":"https:\/\/keys-for-auto.eu\/de\/product\/key-shell-suitable-for-alfa-romeo-145-146-155-gtv-spider\/","og_locale":"de_DE","og_type":"article","og_title":"-","og_description":"Geeignet f\u00fcr Alfa Romeo Fahrzeuge - Schl\u00fcsselgeh\u00e4use. Geeignet f\u00fcr die folgenden Modelle: Alfa Romeo 145 Alfa Romeo 146 Alfa Romeo 155 Alfa Romeo GTV Alfa Romeo Spider  Herstellung von Autoschl\u00fcsseln  Herstellung neuer Autoschl\u00fcssel, Programmierung der Schl\u00fcssel (\"Bindung\" an das Auto)  L\u00f6schen von zuvor verlorenen Schl\u00fcsseln aus dem Fahrzeugspeicher  Herstellung des Z\u00fcndschl\u00fcssels entsprechend dem Schloss  Reparatur von Autoschl\u00fcsseln (Ersatz von Tasten, Schalen, Mechanismen)  Auto-Notentriegelung  Umtausch von Schl\u00fcsseln, Schl\u00fcsseletuis  DPF \/ FAP Software-Abschaltung  Programmatische EGR-Entfernung  Deaktivierung der Wegfahrsperre-Software (immo Off)  Reparatur, Klonen, Programmieren von Motorsteuerger\u00e4ten (ECU)  SRS (Airbag-Steuerger\u00e4t-Programmierung)  Artikel werden innerhalb von 3 Arbeitstagen versandt.*","og_url":"https:\/\/keys-for-auto.eu\/de\/product\/key-shell-suitable-for-alfa-romeo-145-146-155-gtv-spider\/","og_site_name":"Keys for auto","article_publisher":"https:\/\/www.facebook.com\/KeysForAutoEU","og_image":[{"width":500,"height":500,"url":"https:\/\/keys-for-auto.eu\/wp-content\/uploads\/2022\/12\/Alfa-romeo-raudonas-500x5001-wpp1668442410930.jpg","type":"image\/jpeg"}],"twitter_card":"summary_large_image","twitter_misc":{"Gesch\u00e4tzte Lesezeit":"2\u00a0Minuten"},"schema":{"@context":"https:\/\/schema.org","@graph":[{"@type":["WebPage","ItemPage"],"@id":"https:\/\/keys-for-auto.eu\/de\/product\/key-shell-suitable-for-alfa-romeo-145-146-155-gtv-spider\/","url":"https:\/\/keys-for-auto.eu\/de\/product\/key-shell-suitable-for-alfa-romeo-145-146-155-gtv-spider\/","name":"-","isPartOf":{"@id":"https:\/\/keys-for-auto.eu\/de\/#website"},"primaryImageOfPage":{"@id":"https:\/\/keys-for-auto.eu\/de\/product\/key-shell-suitable-for-alfa-romeo-145-146-155-gtv-spider\/#primaryimage"},"image":{"@id":"https:\/\/keys-for-auto.eu\/de\/product\/key-shell-suitable-for-alfa-romeo-145-146-155-gtv-spider\/#primaryimage"},"thumbnailUrl":"https:\/\/keys-for-auto.eu\/wp-content\/uploads\/2022\/12\/Alfa-romeo-raudonas-500x5001-wpp1668442410930.jpg","datePublished":"2016-04-02T07:39:09+00:00","breadcrumb":{"@id":"https:\/\/keys-for-auto.eu\/de\/product\/key-shell-suitable-for-alfa-romeo-145-146-155-gtv-spider\/#breadcrumb"},"inLanguage":"de","potentialAction":[{"@type":"ReadAction","target":["https:\/\/keys-for-auto.eu\/de\/product\/key-shell-suitable-for-alfa-romeo-145-146-155-gtv-spider\/"]}]},{"@type":"ImageObject","inLanguage":"de","@id":"https:\/\/keys-for-auto.eu\/de\/product\/key-shell-suitable-for-alfa-romeo-145-146-155-gtv-spider\/#primaryimage","url":"https:\/\/keys-for-auto.eu\/wp-content\/uploads\/2022\/12\/Alfa-romeo-raudonas-500x5001-wpp1668442410930.jpg","contentUrl":"https:\/\/keys-for-auto.eu\/wp-content\/uploads\/2022\/12\/Alfa-romeo-raudonas-500x5001-wpp1668442410930.jpg","width":500,"height":500},{"@type":"BreadcrumbList","@id":"https:\/\/keys-for-auto.eu\/de\/product\/key-shell-suitable-for-alfa-romeo-145-146-155-gtv-spider\/#breadcrumb","itemListElement":[{"@type":"ListItem","position":1,"name":"Startseite","item":"https:\/\/keys-for-auto.eu\/de\/"},{"@type":"ListItem","position":2,"name":"Shop","item":"https:\/\/keys-for-auto.eu\/"},{"@type":"ListItem","position":3,"name":"Schl\u00fcsselschale &#8211; passend f\u00fcr Alfa Romeo 145 | 146 | 155 | GTV | Spider"}]},{"@type":"WebSite","@id":"https:\/\/keys-for-auto.eu\/de\/#website","url":"https:\/\/keys-for-auto.eu\/de\/","name":"Keys for auto","description":"Car keys,  key shells, key programming","publisher":{"@id":"https:\/\/keys-for-auto.eu\/de\/#organization"},"potentialAction":[{"@type":"SearchAction","target":{"@type":"EntryPoint","urlTemplate":"https:\/\/keys-for-auto.eu\/de\/?s={search_term_string}"},"query-input":{"@type":"PropertyValueSpecification","valueRequired":true,"valueName":"search_term_string"}}],"inLanguage":"de"},{"@type":"Organization","@id":"https:\/\/keys-for-auto.eu\/de\/#organization","name":"Schl\u00fcssel f\u00fcr Auto","url":"https:\/\/keys-for-auto.eu\/de\/","logo":{"@type":"ImageObject","inLanguage":"de","@id":"https:\/\/keys-for-auto.eu\/de\/#\/schema\/logo\/image\/","url":"https:\/\/keys-for-auto.eu\/wp-content\/uploads\/2022\/11\/cropped-png1.png","contentUrl":"https:\/\/keys-for-auto.eu\/wp-content\/uploads\/2022\/11\/cropped-png1.png","width":1000,"height":342,"caption":"Schl\u00fcssel f\u00fcr Auto"},"image":{"@id":"https:\/\/keys-for-auto.eu\/de\/#\/schema\/logo\/image\/"},"sameAs":["https:\/\/www.facebook.com\/KeysForAutoEU"]}]}},"_links":{"self":[{"href":"https:\/\/keys-for-auto.eu\/de\/wp-json\/wp\/v2\/product\/16053","targetHints":{"allow":["GET"]}}],"collection":[{"href":"https:\/\/keys-for-auto.eu\/de\/wp-json\/wp\/v2\/product"}],"about":[{"href":"https:\/\/keys-for-auto.eu\/de\/wp-json\/wp\/v2\/types\/product"}],"replies":[{"embeddable":true,"href":"https:\/\/keys-for-auto.eu\/de\/wp-json\/wp\/v2\/comments?post=16053"}],"wp:featuredmedia":[{"embeddable":true,"href":"https:\/\/keys-for-auto.eu\/de\/wp-json\/wp\/v2\/media\/12480"}],"wp:attachment":[{"href":"https:\/\/keys-for-auto.eu\/de\/wp-json\/wp\/v2\/media?parent=16053"}],"wp:term":[{"taxonomy":"product_brand","embeddable":true,"href":"https:\/\/keys-for-auto.eu\/de\/wp-json\/wp\/v2\/product_brand?post=16053"},{"taxonomy":"product_cat","embeddable":true,"href":"https:\/\/keys-for-auto.eu\/de\/wp-json\/wp\/v2\/product_cat?post=16053"},{"taxonomy":"product_tag","embeddable":true,"href":"https:\/\/keys-for-auto.eu\/de\/wp-json\/wp\/v2\/product_tag?post=16053"}],"curies":[{"name":"wp","href":"https:\/\/api.w.org\/{rel}","templated":true}]}}