{"id":16031,"date":"2016-04-02T07:38:10","date_gmt":"2016-04-02T07:38:10","guid":{"rendered":"https:\/\/keys-for-auto.eu\/product\/transponder-chip-schluessel-passend-fuer-alfa-romeo-145-146-155-gtv-spider\/"},"modified":"2016-04-02T07:38:10","modified_gmt":"2016-04-02T07:38:10","slug":"transponder-chip-key-suitable-for-alfa-romeo-145-146-155-gtv-spider","status":"publish","type":"product","link":"https:\/\/keys-for-auto.eu\/de\/product\/transponder-chip-key-suitable-for-alfa-romeo-145-146-155-gtv-spider\/","title":{"rendered":"Transponder (Chip) Schl\u00fcssel &#8211; passend f\u00fcr Alfa Romeo 145 | 146 | 155 | GTV | Spider"},"content":{"rendered":"<h3><strong>Transponder (Chip) Schl\u00fcssel &#8211; passend f\u00fcr Alfa Romeo 145 | 146 | 155 | GTV | Spider<\/strong><\/h3>\n<p>Einf\u00fchrung des Alfa Romeo Transponderschl\u00fcssels (Chip) mit Platz f\u00fcr einen Chip.<\/p>\n<p>Bevor Sie einen Transponderschl\u00fcssel bestellen, sollten Sie wissen, wie er sich von einem normalen Schl\u00fcssel unterscheidet. Das Besondere daran ist, dass der Transponder aus Sicherheitsgr\u00fcnden in den Kopf des Schl\u00fcssels (im Inneren des Schl\u00fcssels) eingelassen ist. Ob es sich um einen Transponderschl\u00fcssel oder einen normalen Schl\u00fcssel handelt, l\u00e4sst sich daher nur mit einem speziellen Ger\u00e4t feststellen. Ein weiterer wichtiger Punkt bei Transponderschl\u00fcsseln ist, dass sie keine permanente Stromversorgung haben. Diese Tasten funktionieren in einem sehr geringen Abstand von 1-10 cm. Es ist daher praktisch unm\u00f6glich, ihre T\u00e4tigkeit zu verfolgen oder zu \u00fcberpr\u00fcfen.<\/p>\n<p>Autofahrer denken oft nicht an eine Dienstleistung wie die Anfertigung von Autoschl\u00fcsseln. Wenn jedoch die Notwendigkeit besteht, neue Schl\u00fcssel zu kaufen, geschieht dies pl\u00f6tzlich und unerwartet. Es geht um F\u00e4lle, in denen Schl\u00fcssel verloren gehen oder besch\u00e4digt werden und neue Schl\u00fcssel ben\u00f6tigt werden. In solchen F\u00e4llen beginnen Autobesitzer sehr aktiv nach einem Schl\u00fcsselhersteller zu suchen. Inzwischen stellen wir nicht nur Schl\u00fcssel her, sondern wir programmieren sie auch. Und wir raten jedem Fahrer, der seine Schl\u00fcssel programmieren l\u00e4sst, sich ein Duplikat anfertigen zu lassen. Dadurch wird die Verwirrung vermieden, die durch den Verlust oder die Besch\u00e4digung der am Auto angebrachten Schl\u00fcssel entstehen kann.<\/p>\n<p>Wenn Sie also Probleme mit Ihren Autoschl\u00fcsseln haben, wenden Sie sich bitte an uns. Wir programmieren Schl\u00fcssel in Vilnius. Wir reparieren auch Renault-Schl\u00fcsselkarten und bringen sie am Fahrzeug an. Deshalb k\u00f6nnen sich auch Besitzer von Renault-Fahrzeugen an uns wenden. Wir sind auf die Programmierung von Autoschl\u00fcsseln spezialisiert. Um den bestm\u00f6glichen Service bieten zu k\u00f6nnen, entwickeln und aktualisieren wir die von uns verwendete Technologie. So w\u00e4chst die Zahl der Kunden, die mit unseren Dienstleistungen und Produkten zufrieden sind, st\u00e4ndig.<\/p>\n<h3>Herstellung von Schl\u00fcsseln<\/h3>\n<p>Die Schl\u00fcsselproduktion auf unserer Website ist zuverl\u00e4ssig und sicher! Unsere Dienstleistungen sind schnell und von hoher Qualit\u00e4t. Richtig programmierte Autoschl\u00fcssel sind eine Garantie f\u00fcr eine erfolgreiche und sichere Fahrt. Wir k\u00fcmmern uns um Ihr Auto. Wir garantieren, dass wir dies auf qualitativ hochwertige und effiziente Weise tun werden.<\/p>\n","protected":false},"excerpt":{"rendered":"<p><strong>Transponderschl\u00fcssel (Chip), geeignet f\u00fcr Alfa Romeo Fahrzeuge, mit Platz f\u00fcr einen Chip.<\/strong><br \/>\n<strong>Geeignet f\u00fcr die folgenden Modelle:<\/strong><\/p>\n<p><strong>Alfa Romeo 145<\/strong><br \/>\n<strong>Alfa Romeo 146<\/strong><br \/>\n<strong>Alfa Romeo 155<\/strong><br \/>\n<strong>Alfa Romeo GTV<\/strong><br \/>\n<strong>Alfa Romeo GTV Spider  <\/strong><\/p>\n<h3><strong>Herstellung von Autoschl\u00fcsseln<\/strong><\/h3>\n<ul>\n<li><strong>Herstellung neuer Autoschl\u00fcssel, Programmierung der Schl\u00fcssel (&#8222;Bindung&#8220; an das Auto)<\/strong><\/li>\n<li><strong>L\u00f6schen von zuvor verlorenen Schl\u00fcsseln aus dem Fahrzeugspeicher<\/strong><\/li>\n<li><strong>Herstellung des Z\u00fcndschl\u00fcssels entsprechend dem Schloss<\/strong><\/li>\n<li><strong>Reparatur von Autoschl\u00fcsseln (Ersatz von Tasten, Schalen, Mechanismen)<\/strong><\/li>\n<li><strong>Auto-Notentriegelung<\/strong><\/li>\n<li><strong>Umtausch von Schl\u00fcsseln, Schl\u00fcsseletuis<\/strong><\/li>\n<li><strong>DPF \/ FAP Software-Abschaltung<\/strong><\/li>\n<li><strong>Programmatische EGR-Entfernung<\/strong><\/li>\n<li><strong>Deaktivierung der Wegfahrsperre-Software (immo Off)<\/strong><\/li>\n<li><strong>Reparatur, Klonen, Programmieren von Motorsteuerger\u00e4ten (ECU)<\/strong><\/li>\n<li><strong>SRS (Airbag-Steuerger\u00e4t-Programmierung)<\/strong><\/li>\n<\/ul>\n<h4><strong>  Artikel werden innerhalb von 3 Arbeitstagen versandt.*<\/strong><\/h4>\n","protected":false},"featured_media":12475,"comment_status":"open","ping_status":"closed","template":"","meta":[],"product_brand":[],"product_cat":[2101,739],"product_tag":[2159,2166,2169,2174,2109,2179],"class_list":{"0":"post-16031","1":"product","2":"type-product","3":"status-publish","4":"has-post-thumbnail","6":"product_cat-alfa-romeo-de","7":"product_cat-schlusselmuscheln","8":"product_tag-alfa-romeo-145-schlusselgehause","9":"product_tag-alfa-romeo-146-schlusselgehause","10":"product_tag-alfa-romeo-155-schlusselgehause","11":"product_tag-alfa-romeo-gtv-schlusselgehause","12":"product_tag-alfa-romeo-schlusselgehause","13":"product_tag-alfa-romeo-spider-schlusselgehause","15":"first","16":"instock","17":"sale","18":"shipping-taxable","19":"purchasable","20":"product-type-simple"},"yoast_head":"<!-- This site is optimized with the Yoast SEO plugin v27.3 - https:\/\/yoast.com\/product\/yoast-seo-wordpress\/ -->\n<title>-<\/title>\n<meta name=\"robots\" content=\"index, follow, max-snippet:-1, max-image-preview:large, max-video-preview:-1\" \/>\n<link rel=\"canonical\" href=\"https:\/\/keys-for-auto.eu\/de\/product\/transponder-chip-key-suitable-for-alfa-romeo-145-146-155-gtv-spider\/\" \/>\n<meta property=\"og:locale\" content=\"de_DE\" \/>\n<meta property=\"og:type\" content=\"article\" \/>\n<meta property=\"og:title\" content=\"-\" \/>\n<meta property=\"og:description\" content=\"Transponderschl\u00fcssel (Chip), geeignet f\u00fcr Alfa Romeo Fahrzeuge, mit Platz f\u00fcr einen Chip. Geeignet f\u00fcr die folgenden Modelle: Alfa Romeo 145 Alfa Romeo 146 Alfa Romeo 155 Alfa Romeo GTV Alfa Romeo GTV Spider  Herstellung von Autoschl\u00fcsseln  Herstellung neuer Autoschl\u00fcssel, Programmierung der Schl\u00fcssel (&quot;Bindung&quot; an das Auto)  L\u00f6schen von zuvor verlorenen Schl\u00fcsseln aus dem Fahrzeugspeicher  Herstellung des Z\u00fcndschl\u00fcssels entsprechend dem Schloss  Reparatur von Autoschl\u00fcsseln (Ersatz von Tasten, Schalen, Mechanismen)  Auto-Notentriegelung  Umtausch von Schl\u00fcsseln, Schl\u00fcsseletuis  DPF \/ FAP Software-Abschaltung  Programmatische EGR-Entfernung  Deaktivierung der Wegfahrsperre-Software (immo Off)  Reparatur, Klonen, Programmieren von Motorsteuerger\u00e4ten (ECU)  SRS (Airbag-Steuerger\u00e4t-Programmierung)  Artikel werden innerhalb von 3 Arbeitstagen versandt.*\" \/>\n<meta property=\"og:url\" content=\"https:\/\/keys-for-auto.eu\/de\/product\/transponder-chip-key-suitable-for-alfa-romeo-145-146-155-gtv-spider\/\" \/>\n<meta property=\"og:site_name\" content=\"Keys for auto\" \/>\n<meta property=\"article:publisher\" content=\"https:\/\/www.facebook.com\/KeysForAutoEU\" \/>\n<meta property=\"og:image\" content=\"https:\/\/keys-for-auto.eu\/wp-content\/uploads\/2022\/12\/Alfa-Romeo-145-146-155-GTV-GTV-Spider-su-cipu-500x5001-removebg-preview.png\" \/>\n\t<meta property=\"og:image:width\" content=\"500\" \/>\n\t<meta property=\"og:image:height\" content=\"500\" \/>\n\t<meta property=\"og:image:type\" content=\"image\/png\" \/>\n<meta name=\"twitter:card\" content=\"summary_large_image\" \/>\n<meta name=\"twitter:label1\" content=\"Gesch\u00e4tzte Lesezeit\" \/>\n\t<meta name=\"twitter:data1\" content=\"2\u00a0Minuten\" \/>\n<script type=\"application\/ld+json\" class=\"yoast-schema-graph\">{\"@context\":\"https:\\\/\\\/schema.org\",\"@graph\":[{\"@type\":[\"WebPage\",\"ItemPage\"],\"@id\":\"https:\\\/\\\/keys-for-auto.eu\\\/de\\\/product\\\/transponder-chip-key-suitable-for-alfa-romeo-145-146-155-gtv-spider\\\/\",\"url\":\"https:\\\/\\\/keys-for-auto.eu\\\/de\\\/product\\\/transponder-chip-key-suitable-for-alfa-romeo-145-146-155-gtv-spider\\\/\",\"name\":\"-\",\"isPartOf\":{\"@id\":\"https:\\\/\\\/keys-for-auto.eu\\\/de\\\/#website\"},\"primaryImageOfPage\":{\"@id\":\"https:\\\/\\\/keys-for-auto.eu\\\/de\\\/product\\\/transponder-chip-key-suitable-for-alfa-romeo-145-146-155-gtv-spider\\\/#primaryimage\"},\"image\":{\"@id\":\"https:\\\/\\\/keys-for-auto.eu\\\/de\\\/product\\\/transponder-chip-key-suitable-for-alfa-romeo-145-146-155-gtv-spider\\\/#primaryimage\"},\"thumbnailUrl\":\"https:\\\/\\\/keys-for-auto.eu\\\/wp-content\\\/uploads\\\/2022\\\/12\\\/Alfa-Romeo-145-146-155-GTV-GTV-Spider-su-cipu-500x5001-removebg-preview.png\",\"datePublished\":\"2016-04-02T07:38:10+00:00\",\"breadcrumb\":{\"@id\":\"https:\\\/\\\/keys-for-auto.eu\\\/de\\\/product\\\/transponder-chip-key-suitable-for-alfa-romeo-145-146-155-gtv-spider\\\/#breadcrumb\"},\"inLanguage\":\"de\",\"potentialAction\":[{\"@type\":\"ReadAction\",\"target\":[\"https:\\\/\\\/keys-for-auto.eu\\\/de\\\/product\\\/transponder-chip-key-suitable-for-alfa-romeo-145-146-155-gtv-spider\\\/\"]}]},{\"@type\":\"ImageObject\",\"inLanguage\":\"de\",\"@id\":\"https:\\\/\\\/keys-for-auto.eu\\\/de\\\/product\\\/transponder-chip-key-suitable-for-alfa-romeo-145-146-155-gtv-spider\\\/#primaryimage\",\"url\":\"https:\\\/\\\/keys-for-auto.eu\\\/wp-content\\\/uploads\\\/2022\\\/12\\\/Alfa-Romeo-145-146-155-GTV-GTV-Spider-su-cipu-500x5001-removebg-preview.png\",\"contentUrl\":\"https:\\\/\\\/keys-for-auto.eu\\\/wp-content\\\/uploads\\\/2022\\\/12\\\/Alfa-Romeo-145-146-155-GTV-GTV-Spider-su-cipu-500x5001-removebg-preview.png\",\"width\":500,\"height\":500},{\"@type\":\"BreadcrumbList\",\"@id\":\"https:\\\/\\\/keys-for-auto.eu\\\/de\\\/product\\\/transponder-chip-key-suitable-for-alfa-romeo-145-146-155-gtv-spider\\\/#breadcrumb\",\"itemListElement\":[{\"@type\":\"ListItem\",\"position\":1,\"name\":\"Startseite\",\"item\":\"https:\\\/\\\/keys-for-auto.eu\\\/de\\\/\"},{\"@type\":\"ListItem\",\"position\":2,\"name\":\"Shop\",\"item\":\"https:\\\/\\\/keys-for-auto.eu\\\/\"},{\"@type\":\"ListItem\",\"position\":3,\"name\":\"Transponder (Chip) Schl\u00fcssel &#8211; passend f\u00fcr Alfa Romeo 145 | 146 | 155 | GTV | Spider\"}]},{\"@type\":\"WebSite\",\"@id\":\"https:\\\/\\\/keys-for-auto.eu\\\/de\\\/#website\",\"url\":\"https:\\\/\\\/keys-for-auto.eu\\\/de\\\/\",\"name\":\"Keys for auto\",\"description\":\"Car keys,  key shells, key programming\",\"publisher\":{\"@id\":\"https:\\\/\\\/keys-for-auto.eu\\\/de\\\/#organization\"},\"potentialAction\":[{\"@type\":\"SearchAction\",\"target\":{\"@type\":\"EntryPoint\",\"urlTemplate\":\"https:\\\/\\\/keys-for-auto.eu\\\/de\\\/?s={search_term_string}\"},\"query-input\":{\"@type\":\"PropertyValueSpecification\",\"valueRequired\":true,\"valueName\":\"search_term_string\"}}],\"inLanguage\":\"de\"},{\"@type\":\"Organization\",\"@id\":\"https:\\\/\\\/keys-for-auto.eu\\\/de\\\/#organization\",\"name\":\"Schl\u00fcssel f\u00fcr Auto\",\"url\":\"https:\\\/\\\/keys-for-auto.eu\\\/de\\\/\",\"logo\":{\"@type\":\"ImageObject\",\"inLanguage\":\"de\",\"@id\":\"https:\\\/\\\/keys-for-auto.eu\\\/de\\\/#\\\/schema\\\/logo\\\/image\\\/\",\"url\":\"https:\\\/\\\/keys-for-auto.eu\\\/wp-content\\\/uploads\\\/2022\\\/11\\\/cropped-png1.png\",\"contentUrl\":\"https:\\\/\\\/keys-for-auto.eu\\\/wp-content\\\/uploads\\\/2022\\\/11\\\/cropped-png1.png\",\"width\":1000,\"height\":342,\"caption\":\"Schl\u00fcssel f\u00fcr Auto\"},\"image\":{\"@id\":\"https:\\\/\\\/keys-for-auto.eu\\\/de\\\/#\\\/schema\\\/logo\\\/image\\\/\"},\"sameAs\":[\"https:\\\/\\\/www.facebook.com\\\/KeysForAutoEU\"]}]}<\/script>\n<!-- \/ Yoast SEO plugin. -->","yoast_head_json":{"title":"-","robots":{"index":"index","follow":"follow","max-snippet":"max-snippet:-1","max-image-preview":"max-image-preview:large","max-video-preview":"max-video-preview:-1"},"canonical":"https:\/\/keys-for-auto.eu\/de\/product\/transponder-chip-key-suitable-for-alfa-romeo-145-146-155-gtv-spider\/","og_locale":"de_DE","og_type":"article","og_title":"-","og_description":"Transponderschl\u00fcssel (Chip), geeignet f\u00fcr Alfa Romeo Fahrzeuge, mit Platz f\u00fcr einen Chip. Geeignet f\u00fcr die folgenden Modelle: Alfa Romeo 145 Alfa Romeo 146 Alfa Romeo 155 Alfa Romeo GTV Alfa Romeo GTV Spider  Herstellung von Autoschl\u00fcsseln  Herstellung neuer Autoschl\u00fcssel, Programmierung der Schl\u00fcssel (\"Bindung\" an das Auto)  L\u00f6schen von zuvor verlorenen Schl\u00fcsseln aus dem Fahrzeugspeicher  Herstellung des Z\u00fcndschl\u00fcssels entsprechend dem Schloss  Reparatur von Autoschl\u00fcsseln (Ersatz von Tasten, Schalen, Mechanismen)  Auto-Notentriegelung  Umtausch von Schl\u00fcsseln, Schl\u00fcsseletuis  DPF \/ FAP Software-Abschaltung  Programmatische EGR-Entfernung  Deaktivierung der Wegfahrsperre-Software (immo Off)  Reparatur, Klonen, Programmieren von Motorsteuerger\u00e4ten (ECU)  SRS (Airbag-Steuerger\u00e4t-Programmierung)  Artikel werden innerhalb von 3 Arbeitstagen versandt.*","og_url":"https:\/\/keys-for-auto.eu\/de\/product\/transponder-chip-key-suitable-for-alfa-romeo-145-146-155-gtv-spider\/","og_site_name":"Keys for auto","article_publisher":"https:\/\/www.facebook.com\/KeysForAutoEU","og_image":[{"width":500,"height":500,"url":"https:\/\/keys-for-auto.eu\/wp-content\/uploads\/2022\/12\/Alfa-Romeo-145-146-155-GTV-GTV-Spider-su-cipu-500x5001-removebg-preview.png","type":"image\/png"}],"twitter_card":"summary_large_image","twitter_misc":{"Gesch\u00e4tzte Lesezeit":"2\u00a0Minuten"},"schema":{"@context":"https:\/\/schema.org","@graph":[{"@type":["WebPage","ItemPage"],"@id":"https:\/\/keys-for-auto.eu\/de\/product\/transponder-chip-key-suitable-for-alfa-romeo-145-146-155-gtv-spider\/","url":"https:\/\/keys-for-auto.eu\/de\/product\/transponder-chip-key-suitable-for-alfa-romeo-145-146-155-gtv-spider\/","name":"-","isPartOf":{"@id":"https:\/\/keys-for-auto.eu\/de\/#website"},"primaryImageOfPage":{"@id":"https:\/\/keys-for-auto.eu\/de\/product\/transponder-chip-key-suitable-for-alfa-romeo-145-146-155-gtv-spider\/#primaryimage"},"image":{"@id":"https:\/\/keys-for-auto.eu\/de\/product\/transponder-chip-key-suitable-for-alfa-romeo-145-146-155-gtv-spider\/#primaryimage"},"thumbnailUrl":"https:\/\/keys-for-auto.eu\/wp-content\/uploads\/2022\/12\/Alfa-Romeo-145-146-155-GTV-GTV-Spider-su-cipu-500x5001-removebg-preview.png","datePublished":"2016-04-02T07:38:10+00:00","breadcrumb":{"@id":"https:\/\/keys-for-auto.eu\/de\/product\/transponder-chip-key-suitable-for-alfa-romeo-145-146-155-gtv-spider\/#breadcrumb"},"inLanguage":"de","potentialAction":[{"@type":"ReadAction","target":["https:\/\/keys-for-auto.eu\/de\/product\/transponder-chip-key-suitable-for-alfa-romeo-145-146-155-gtv-spider\/"]}]},{"@type":"ImageObject","inLanguage":"de","@id":"https:\/\/keys-for-auto.eu\/de\/product\/transponder-chip-key-suitable-for-alfa-romeo-145-146-155-gtv-spider\/#primaryimage","url":"https:\/\/keys-for-auto.eu\/wp-content\/uploads\/2022\/12\/Alfa-Romeo-145-146-155-GTV-GTV-Spider-su-cipu-500x5001-removebg-preview.png","contentUrl":"https:\/\/keys-for-auto.eu\/wp-content\/uploads\/2022\/12\/Alfa-Romeo-145-146-155-GTV-GTV-Spider-su-cipu-500x5001-removebg-preview.png","width":500,"height":500},{"@type":"BreadcrumbList","@id":"https:\/\/keys-for-auto.eu\/de\/product\/transponder-chip-key-suitable-for-alfa-romeo-145-146-155-gtv-spider\/#breadcrumb","itemListElement":[{"@type":"ListItem","position":1,"name":"Startseite","item":"https:\/\/keys-for-auto.eu\/de\/"},{"@type":"ListItem","position":2,"name":"Shop","item":"https:\/\/keys-for-auto.eu\/"},{"@type":"ListItem","position":3,"name":"Transponder (Chip) Schl\u00fcssel &#8211; passend f\u00fcr Alfa Romeo 145 | 146 | 155 | GTV | Spider"}]},{"@type":"WebSite","@id":"https:\/\/keys-for-auto.eu\/de\/#website","url":"https:\/\/keys-for-auto.eu\/de\/","name":"Keys for auto","description":"Car keys,  key shells, key programming","publisher":{"@id":"https:\/\/keys-for-auto.eu\/de\/#organization"},"potentialAction":[{"@type":"SearchAction","target":{"@type":"EntryPoint","urlTemplate":"https:\/\/keys-for-auto.eu\/de\/?s={search_term_string}"},"query-input":{"@type":"PropertyValueSpecification","valueRequired":true,"valueName":"search_term_string"}}],"inLanguage":"de"},{"@type":"Organization","@id":"https:\/\/keys-for-auto.eu\/de\/#organization","name":"Schl\u00fcssel f\u00fcr Auto","url":"https:\/\/keys-for-auto.eu\/de\/","logo":{"@type":"ImageObject","inLanguage":"de","@id":"https:\/\/keys-for-auto.eu\/de\/#\/schema\/logo\/image\/","url":"https:\/\/keys-for-auto.eu\/wp-content\/uploads\/2022\/11\/cropped-png1.png","contentUrl":"https:\/\/keys-for-auto.eu\/wp-content\/uploads\/2022\/11\/cropped-png1.png","width":1000,"height":342,"caption":"Schl\u00fcssel f\u00fcr Auto"},"image":{"@id":"https:\/\/keys-for-auto.eu\/de\/#\/schema\/logo\/image\/"},"sameAs":["https:\/\/www.facebook.com\/KeysForAutoEU"]}]}},"_links":{"self":[{"href":"https:\/\/keys-for-auto.eu\/de\/wp-json\/wp\/v2\/product\/16031","targetHints":{"allow":["GET"]}}],"collection":[{"href":"https:\/\/keys-for-auto.eu\/de\/wp-json\/wp\/v2\/product"}],"about":[{"href":"https:\/\/keys-for-auto.eu\/de\/wp-json\/wp\/v2\/types\/product"}],"replies":[{"embeddable":true,"href":"https:\/\/keys-for-auto.eu\/de\/wp-json\/wp\/v2\/comments?post=16031"}],"wp:featuredmedia":[{"embeddable":true,"href":"https:\/\/keys-for-auto.eu\/de\/wp-json\/wp\/v2\/media\/12475"}],"wp:attachment":[{"href":"https:\/\/keys-for-auto.eu\/de\/wp-json\/wp\/v2\/media?parent=16031"}],"wp:term":[{"taxonomy":"product_brand","embeddable":true,"href":"https:\/\/keys-for-auto.eu\/de\/wp-json\/wp\/v2\/product_brand?post=16031"},{"taxonomy":"product_cat","embeddable":true,"href":"https:\/\/keys-for-auto.eu\/de\/wp-json\/wp\/v2\/product_cat?post=16031"},{"taxonomy":"product_tag","embeddable":true,"href":"https:\/\/keys-for-auto.eu\/de\/wp-json\/wp\/v2\/product_tag?post=16031"}],"curies":[{"name":"wp","href":"https:\/\/api.w.org\/{rel}","templated":true}]}}