{"id":16457,"date":"2023-01-05T12:14:08","date_gmt":"2023-01-05T12:14:08","guid":{"rendered":"https:\/\/keys-for-auto.eu\/lieferung\/"},"modified":"2023-02-12T18:24:58","modified_gmt":"2023-02-12T18:24:58","slug":"lieferung","status":"publish","type":"page","link":"https:\/\/keys-for-auto.eu\/de\/lieferung\/","title":{"rendered":"Lieferung"},"content":{"rendered":"\n<p>Wenn sich der Artikel in unserem Lager befindet, wird er nach erfolgter Zahlung per Einschreiben oder einer anderen Versandart Ihrer Wahl verschickt. Wenn der Artikel nicht vorr\u00e4tig ist und bestellt werden muss (in sehr seltenen F\u00e4llen), wird die Bestellung innerhalb von 7-21 Arbeitstagen bearbeitet; Sie werden per E-Mail \u00fcber den Versand benachrichtigt und erhalten eine registrierte Sendungsidentifikationsnummer, mit der Sie den Status Ihres Pakets verfolgen k\u00f6nnen. Die Sendungen werden innerhalb von 1-3 Werktagen verschickt.<\/p>\n\n<p>In unserem E-Shop finden Sie fast alle Schl\u00fcssel f\u00fcr alle Automarken, aber auch Zubeh\u00f6r, Chips (Transponder) und andere Teile f\u00fcr Autoschl\u00fcssel. Wir erweitern st\u00e4ndig unser Angebot, um Ihren Anforderungen gerecht zu werden.<\/p>\n\n<p>Wir fertigen Schl\u00fcssel aus Schl\u00fcsselcodes, VIN-Nummern und Fotos.<\/p>\n","protected":false},"excerpt":{"rendered":"<p>Wenn sich der Artikel in unserem Lager befindet, wird er nach erfolgter Zahlung per Einschreiben oder einer anderen Versandart Ihrer Wahl verschickt. Wenn der Artikel nicht vorr\u00e4tig ist und bestellt werden muss (in sehr seltenen F\u00e4llen), wird die Bestellung innerhalb von 7-21 Arbeitstagen bearbeitet; Sie werden per E-Mail \u00fcber den Versand benachrichtigt und erhalten eine [&hellip;]<\/p>\n","protected":false},"author":1,"featured_media":0,"parent":0,"menu_order":0,"comment_status":"closed","ping_status":"closed","template":"","meta":{"footnotes":""},"class_list":["post-16457","page","type-page","status-publish","hentry"],"yoast_head":"<!-- This site is optimized with the Yoast SEO plugin v27.5 - https:\/\/yoast.com\/product\/yoast-seo-wordpress\/ -->\n<title>-<\/title>\n<meta name=\"robots\" content=\"index, follow, max-snippet:-1, max-image-preview:large, max-video-preview:-1\" \/>\n<link rel=\"canonical\" href=\"https:\/\/keys-for-auto.eu\/de\/lieferung\/\" \/>\n<meta property=\"og:locale\" content=\"de_DE\" \/>\n<meta property=\"og:type\" content=\"article\" \/>\n<meta property=\"og:title\" content=\"-\" \/>\n<meta property=\"og:description\" content=\"Wenn sich der Artikel in unserem Lager befindet, wird er nach erfolgter Zahlung per Einschreiben oder einer anderen Versandart Ihrer Wahl verschickt. Wenn der Artikel nicht vorr\u00e4tig ist und bestellt werden muss (in sehr seltenen F\u00e4llen), wird die Bestellung innerhalb von 7-21 Arbeitstagen bearbeitet; Sie werden per E-Mail \u00fcber den Versand benachrichtigt und erhalten eine [&hellip;]\" \/>\n<meta property=\"og:url\" content=\"https:\/\/keys-for-auto.eu\/de\/lieferung\/\" \/>\n<meta property=\"og:site_name\" content=\"Keys for auto\" \/>\n<meta property=\"article:publisher\" content=\"https:\/\/www.facebook.com\/KeysForAutoEU\" \/>\n<meta property=\"article:modified_time\" content=\"2023-02-12T18:24:58+00:00\" \/>\n<meta name=\"twitter:card\" content=\"summary_large_image\" \/>\n<meta name=\"twitter:label1\" content=\"Gesch\u00e4tzte Lesezeit\" \/>\n\t<meta name=\"twitter:data1\" content=\"1\u00a0Minute\" \/>\n<script type=\"application\/ld+json\" class=\"yoast-schema-graph\">{\"@context\":\"https:\\\/\\\/schema.org\",\"@graph\":[{\"@type\":\"WebPage\",\"@id\":\"https:\\\/\\\/keys-for-auto.eu\\\/de\\\/lieferung\\\/\",\"url\":\"https:\\\/\\\/keys-for-auto.eu\\\/de\\\/lieferung\\\/\",\"name\":\"-\",\"isPartOf\":{\"@id\":\"https:\\\/\\\/keys-for-auto.eu\\\/de\\\/#website\"},\"datePublished\":\"2023-01-05T12:14:08+00:00\",\"dateModified\":\"2023-02-12T18:24:58+00:00\",\"breadcrumb\":{\"@id\":\"https:\\\/\\\/keys-for-auto.eu\\\/de\\\/lieferung\\\/#breadcrumb\"},\"inLanguage\":\"de\",\"potentialAction\":[{\"@type\":\"ReadAction\",\"target\":[\"https:\\\/\\\/keys-for-auto.eu\\\/de\\\/lieferung\\\/\"]}]},{\"@type\":\"BreadcrumbList\",\"@id\":\"https:\\\/\\\/keys-for-auto.eu\\\/de\\\/lieferung\\\/#breadcrumb\",\"itemListElement\":[{\"@type\":\"ListItem\",\"position\":1,\"name\":\"Startseite\",\"item\":\"https:\\\/\\\/keys-for-auto.eu\\\/de\\\/\"},{\"@type\":\"ListItem\",\"position\":2,\"name\":\"Lieferung\"}]},{\"@type\":\"WebSite\",\"@id\":\"https:\\\/\\\/keys-for-auto.eu\\\/de\\\/#website\",\"url\":\"https:\\\/\\\/keys-for-auto.eu\\\/de\\\/\",\"name\":\"Keys for auto\",\"description\":\"Car keys,  key shells, key programming\",\"publisher\":{\"@id\":\"https:\\\/\\\/keys-for-auto.eu\\\/de\\\/#organization\"},\"potentialAction\":[{\"@type\":\"SearchAction\",\"target\":{\"@type\":\"EntryPoint\",\"urlTemplate\":\"https:\\\/\\\/keys-for-auto.eu\\\/de\\\/?s={search_term_string}\"},\"query-input\":{\"@type\":\"PropertyValueSpecification\",\"valueRequired\":true,\"valueName\":\"search_term_string\"}}],\"inLanguage\":\"de\"},{\"@type\":\"Organization\",\"@id\":\"https:\\\/\\\/keys-for-auto.eu\\\/de\\\/#organization\",\"name\":\"Schl\u00fcssel f\u00fcr Auto\",\"url\":\"https:\\\/\\\/keys-for-auto.eu\\\/de\\\/\",\"logo\":{\"@type\":\"ImageObject\",\"inLanguage\":\"de\",\"@id\":\"https:\\\/\\\/keys-for-auto.eu\\\/de\\\/#\\\/schema\\\/logo\\\/image\\\/\",\"url\":\"https:\\\/\\\/keys-for-auto.eu\\\/wp-content\\\/uploads\\\/2022\\\/11\\\/cropped-png1.png\",\"contentUrl\":\"https:\\\/\\\/keys-for-auto.eu\\\/wp-content\\\/uploads\\\/2022\\\/11\\\/cropped-png1.png\",\"width\":1000,\"height\":342,\"caption\":\"Schl\u00fcssel f\u00fcr Auto\"},\"image\":{\"@id\":\"https:\\\/\\\/keys-for-auto.eu\\\/de\\\/#\\\/schema\\\/logo\\\/image\\\/\"},\"sameAs\":[\"https:\\\/\\\/www.facebook.com\\\/KeysForAutoEU\"]}]}<\/script>\n<!-- \/ Yoast SEO plugin. -->","yoast_head_json":{"title":"-","robots":{"index":"index","follow":"follow","max-snippet":"max-snippet:-1","max-image-preview":"max-image-preview:large","max-video-preview":"max-video-preview:-1"},"canonical":"https:\/\/keys-for-auto.eu\/de\/lieferung\/","og_locale":"de_DE","og_type":"article","og_title":"-","og_description":"Wenn sich der Artikel in unserem Lager befindet, wird er nach erfolgter Zahlung per Einschreiben oder einer anderen Versandart Ihrer Wahl verschickt. Wenn der Artikel nicht vorr\u00e4tig ist und bestellt werden muss (in sehr seltenen F\u00e4llen), wird die Bestellung innerhalb von 7-21 Arbeitstagen bearbeitet; Sie werden per E-Mail \u00fcber den Versand benachrichtigt und erhalten eine [&hellip;]","og_url":"https:\/\/keys-for-auto.eu\/de\/lieferung\/","og_site_name":"Keys for auto","article_publisher":"https:\/\/www.facebook.com\/KeysForAutoEU","article_modified_time":"2023-02-12T18:24:58+00:00","twitter_card":"summary_large_image","twitter_misc":{"Gesch\u00e4tzte Lesezeit":"1\u00a0Minute"},"schema":{"@context":"https:\/\/schema.org","@graph":[{"@type":"WebPage","@id":"https:\/\/keys-for-auto.eu\/de\/lieferung\/","url":"https:\/\/keys-for-auto.eu\/de\/lieferung\/","name":"-","isPartOf":{"@id":"https:\/\/keys-for-auto.eu\/de\/#website"},"datePublished":"2023-01-05T12:14:08+00:00","dateModified":"2023-02-12T18:24:58+00:00","breadcrumb":{"@id":"https:\/\/keys-for-auto.eu\/de\/lieferung\/#breadcrumb"},"inLanguage":"de","potentialAction":[{"@type":"ReadAction","target":["https:\/\/keys-for-auto.eu\/de\/lieferung\/"]}]},{"@type":"BreadcrumbList","@id":"https:\/\/keys-for-auto.eu\/de\/lieferung\/#breadcrumb","itemListElement":[{"@type":"ListItem","position":1,"name":"Startseite","item":"https:\/\/keys-for-auto.eu\/de\/"},{"@type":"ListItem","position":2,"name":"Lieferung"}]},{"@type":"WebSite","@id":"https:\/\/keys-for-auto.eu\/de\/#website","url":"https:\/\/keys-for-auto.eu\/de\/","name":"Keys for auto","description":"Car keys,  key shells, key programming","publisher":{"@id":"https:\/\/keys-for-auto.eu\/de\/#organization"},"potentialAction":[{"@type":"SearchAction","target":{"@type":"EntryPoint","urlTemplate":"https:\/\/keys-for-auto.eu\/de\/?s={search_term_string}"},"query-input":{"@type":"PropertyValueSpecification","valueRequired":true,"valueName":"search_term_string"}}],"inLanguage":"de"},{"@type":"Organization","@id":"https:\/\/keys-for-auto.eu\/de\/#organization","name":"Schl\u00fcssel f\u00fcr Auto","url":"https:\/\/keys-for-auto.eu\/de\/","logo":{"@type":"ImageObject","inLanguage":"de","@id":"https:\/\/keys-for-auto.eu\/de\/#\/schema\/logo\/image\/","url":"https:\/\/keys-for-auto.eu\/wp-content\/uploads\/2022\/11\/cropped-png1.png","contentUrl":"https:\/\/keys-for-auto.eu\/wp-content\/uploads\/2022\/11\/cropped-png1.png","width":1000,"height":342,"caption":"Schl\u00fcssel f\u00fcr Auto"},"image":{"@id":"https:\/\/keys-for-auto.eu\/de\/#\/schema\/logo\/image\/"},"sameAs":["https:\/\/www.facebook.com\/KeysForAutoEU"]}]}},"_links":{"self":[{"href":"https:\/\/keys-for-auto.eu\/de\/wp-json\/wp\/v2\/pages\/16457","targetHints":{"allow":["GET"]}}],"collection":[{"href":"https:\/\/keys-for-auto.eu\/de\/wp-json\/wp\/v2\/pages"}],"about":[{"href":"https:\/\/keys-for-auto.eu\/de\/wp-json\/wp\/v2\/types\/page"}],"author":[{"embeddable":true,"href":"https:\/\/keys-for-auto.eu\/de\/wp-json\/wp\/v2\/users\/1"}],"replies":[{"embeddable":true,"href":"https:\/\/keys-for-auto.eu\/de\/wp-json\/wp\/v2\/comments?post=16457"}],"version-history":[{"count":1,"href":"https:\/\/keys-for-auto.eu\/de\/wp-json\/wp\/v2\/pages\/16457\/revisions"}],"predecessor-version":[{"id":16458,"href":"https:\/\/keys-for-auto.eu\/de\/wp-json\/wp\/v2\/pages\/16457\/revisions\/16458"}],"wp:attachment":[{"href":"https:\/\/keys-for-auto.eu\/de\/wp-json\/wp\/v2\/media?parent=16457"}],"curies":[{"name":"wp","href":"https:\/\/api.w.org\/{rel}","templated":true}]}}