{"id":16455,"date":"2023-01-05T13:59:07","date_gmt":"2023-01-05T13:59:07","guid":{"rendered":"https:\/\/keys-for-auto.eu\/ruecksendungen-und-erstattungen\/"},"modified":"2023-02-12T18:24:57","modified_gmt":"2023-02-12T18:24:57","slug":"ruecksendungen-und-erstattungen","status":"publish","type":"page","link":"https:\/\/keys-for-auto.eu\/de\/ruecksendungen-und-erstattungen\/","title":{"rendered":"R\u00fccksendungen und Erstattungen"},"content":{"rendered":"\n<h3 class=\"wp-block-heading\">R\u00fccksendungen von Qualit\u00e4tswaren<\/h3>\n\n<p>Falls Ihnen das Produkt nicht gef\u00e4llt, k\u00f6nnen Sie es innerhalb von 14 Kalendertagen nach Lieferung zur\u00fcckgeben. Sie k\u00f6nnen das Produkt nur unbenutzt, unbesch\u00e4digt und in gutem Zustand zur\u00fcckgeben. Das zur\u00fcckgesandte Produkt muss vollst\u00e4ndig (mit intaktem Etikett und nicht entfernter Schutzfolie) und in der Originalverpackung sein. Das zur\u00fcckgegebene Produkt muss sich in demselben Zustand befinden, in dem es vom K\u00e4ufer erhalten wurde.<\/p>\n\n<p>Sobald wir das Produkt erhalten, leiten wir es zur Qualit\u00e4tspr\u00fcfung an Sie weiter. Wenn der Artikel unbenutzt, unbesch\u00e4digt und in seinem Aussehen im Wesentlichen unver\u00e4ndert ist, wird Ihr Geld sp\u00e4testens innerhalb von 2 Wochen zur\u00fcckerstattet.<\/p>\n\n<h2 class=\"wp-block-heading\">R\u00fccksendung mangelhafter Waren<\/h2>\n\n<p>Wenn Sie ein fehlerhaftes Produkt erhalten haben, haben Sie das Recht, es zur\u00fcckzugeben. Davon ausgenommen sind Waren, die nicht objektiv mangelhaft sind oder die auf eine unsachgem\u00e4\u00dfe Lagerung oder Verwendung durch den K\u00e4ufer zur\u00fcckzuf\u00fchren sind. Wenn das Produkt wegen mangelhafter Qualit\u00e4t zur\u00fcckgegeben wird, muss keys-automobiliams.lt das fehlerhafte Produkt mit einem Produkt von geeigneter Qualit\u00e4t auf eigene Kosten zu ersetzen oder erstatten das Geld f\u00fcr das Produkt bezahlt. Das Geld muss sp\u00e4testens 2 Wochen nach dem R\u00fcckgabedatum zur\u00fcckerstattet werden.<\/p>\n\n<p>Der Verk\u00e4ufer hat das Recht, die Gesch\u00e4ftsbedingungen jederzeit und ohne vorherige Ank\u00fcndigung zu \u00e4ndern.<\/p>\n\n<p>Nach Erhalt der Ware leiten wir sie zur Qualit\u00e4tspr\u00fcfung weiter. Wenn die Ware unbenutzt, unbesch\u00e4digt und in ihrem Aussehen im Wesentlichen unver\u00e4ndert ist, erhalten Sie innerhalb von 2 Wochen eine R\u00fcckerstattung.<\/p>\n","protected":false},"excerpt":{"rendered":"<p>R\u00fccksendungen von Qualit\u00e4tswaren Falls Ihnen das Produkt nicht gef\u00e4llt, k\u00f6nnen Sie es innerhalb von 14 Kalendertagen nach Lieferung zur\u00fcckgeben. Sie k\u00f6nnen das Produkt nur unbenutzt, unbesch\u00e4digt und in gutem Zustand zur\u00fcckgeben. Das zur\u00fcckgesandte Produkt muss vollst\u00e4ndig (mit intaktem Etikett und nicht entfernter Schutzfolie) und in der Originalverpackung sein. Das zur\u00fcckgegebene Produkt muss sich in demselben [&hellip;]<\/p>\n","protected":false},"author":1,"featured_media":0,"parent":0,"menu_order":0,"comment_status":"closed","ping_status":"closed","template":"","meta":{"footnotes":""},"class_list":["post-16455","page","type-page","status-publish","hentry"],"yoast_head":"<!-- This site is optimized with the Yoast SEO plugin v27.5 - https:\/\/yoast.com\/product\/yoast-seo-wordpress\/ -->\n<title>-<\/title>\n<meta name=\"robots\" content=\"index, follow, max-snippet:-1, max-image-preview:large, max-video-preview:-1\" \/>\n<link rel=\"canonical\" href=\"https:\/\/keys-for-auto.eu\/de\/ruecksendungen-und-erstattungen\/\" \/>\n<meta property=\"og:locale\" content=\"de_DE\" \/>\n<meta property=\"og:type\" content=\"article\" \/>\n<meta property=\"og:title\" content=\"-\" \/>\n<meta property=\"og:description\" content=\"R\u00fccksendungen von Qualit\u00e4tswaren Falls Ihnen das Produkt nicht gef\u00e4llt, k\u00f6nnen Sie es innerhalb von 14 Kalendertagen nach Lieferung zur\u00fcckgeben. Sie k\u00f6nnen das Produkt nur unbenutzt, unbesch\u00e4digt und in gutem Zustand zur\u00fcckgeben. Das zur\u00fcckgesandte Produkt muss vollst\u00e4ndig (mit intaktem Etikett und nicht entfernter Schutzfolie) und in der Originalverpackung sein. Das zur\u00fcckgegebene Produkt muss sich in demselben [&hellip;]\" \/>\n<meta property=\"og:url\" content=\"https:\/\/keys-for-auto.eu\/de\/ruecksendungen-und-erstattungen\/\" \/>\n<meta property=\"og:site_name\" content=\"Keys for auto\" \/>\n<meta property=\"article:publisher\" content=\"https:\/\/www.facebook.com\/KeysForAutoEU\" \/>\n<meta property=\"article:modified_time\" content=\"2023-02-12T18:24:57+00:00\" \/>\n<meta name=\"twitter:card\" content=\"summary_large_image\" \/>\n<meta name=\"twitter:label1\" content=\"Gesch\u00e4tzte Lesezeit\" \/>\n\t<meta name=\"twitter:data1\" content=\"1\u00a0Minute\" \/>\n<script type=\"application\/ld+json\" class=\"yoast-schema-graph\">{\"@context\":\"https:\\\/\\\/schema.org\",\"@graph\":[{\"@type\":\"WebPage\",\"@id\":\"https:\\\/\\\/keys-for-auto.eu\\\/de\\\/ruecksendungen-und-erstattungen\\\/\",\"url\":\"https:\\\/\\\/keys-for-auto.eu\\\/de\\\/ruecksendungen-und-erstattungen\\\/\",\"name\":\"-\",\"isPartOf\":{\"@id\":\"https:\\\/\\\/keys-for-auto.eu\\\/de\\\/#website\"},\"datePublished\":\"2023-01-05T13:59:07+00:00\",\"dateModified\":\"2023-02-12T18:24:57+00:00\",\"breadcrumb\":{\"@id\":\"https:\\\/\\\/keys-for-auto.eu\\\/de\\\/ruecksendungen-und-erstattungen\\\/#breadcrumb\"},\"inLanguage\":\"de\",\"potentialAction\":[{\"@type\":\"ReadAction\",\"target\":[\"https:\\\/\\\/keys-for-auto.eu\\\/de\\\/ruecksendungen-und-erstattungen\\\/\"]}]},{\"@type\":\"BreadcrumbList\",\"@id\":\"https:\\\/\\\/keys-for-auto.eu\\\/de\\\/ruecksendungen-und-erstattungen\\\/#breadcrumb\",\"itemListElement\":[{\"@type\":\"ListItem\",\"position\":1,\"name\":\"Startseite\",\"item\":\"https:\\\/\\\/keys-for-auto.eu\\\/de\\\/\"},{\"@type\":\"ListItem\",\"position\":2,\"name\":\"R\u00fccksendungen und Erstattungen\"}]},{\"@type\":\"WebSite\",\"@id\":\"https:\\\/\\\/keys-for-auto.eu\\\/de\\\/#website\",\"url\":\"https:\\\/\\\/keys-for-auto.eu\\\/de\\\/\",\"name\":\"Keys for auto\",\"description\":\"Car keys,  key shells, key programming\",\"publisher\":{\"@id\":\"https:\\\/\\\/keys-for-auto.eu\\\/de\\\/#organization\"},\"potentialAction\":[{\"@type\":\"SearchAction\",\"target\":{\"@type\":\"EntryPoint\",\"urlTemplate\":\"https:\\\/\\\/keys-for-auto.eu\\\/de\\\/?s={search_term_string}\"},\"query-input\":{\"@type\":\"PropertyValueSpecification\",\"valueRequired\":true,\"valueName\":\"search_term_string\"}}],\"inLanguage\":\"de\"},{\"@type\":\"Organization\",\"@id\":\"https:\\\/\\\/keys-for-auto.eu\\\/de\\\/#organization\",\"name\":\"Schl\u00fcssel f\u00fcr Auto\",\"url\":\"https:\\\/\\\/keys-for-auto.eu\\\/de\\\/\",\"logo\":{\"@type\":\"ImageObject\",\"inLanguage\":\"de\",\"@id\":\"https:\\\/\\\/keys-for-auto.eu\\\/de\\\/#\\\/schema\\\/logo\\\/image\\\/\",\"url\":\"https:\\\/\\\/keys-for-auto.eu\\\/wp-content\\\/uploads\\\/2022\\\/11\\\/cropped-png1.png\",\"contentUrl\":\"https:\\\/\\\/keys-for-auto.eu\\\/wp-content\\\/uploads\\\/2022\\\/11\\\/cropped-png1.png\",\"width\":1000,\"height\":342,\"caption\":\"Schl\u00fcssel f\u00fcr Auto\"},\"image\":{\"@id\":\"https:\\\/\\\/keys-for-auto.eu\\\/de\\\/#\\\/schema\\\/logo\\\/image\\\/\"},\"sameAs\":[\"https:\\\/\\\/www.facebook.com\\\/KeysForAutoEU\"]}]}<\/script>\n<!-- \/ Yoast SEO plugin. -->","yoast_head_json":{"title":"-","robots":{"index":"index","follow":"follow","max-snippet":"max-snippet:-1","max-image-preview":"max-image-preview:large","max-video-preview":"max-video-preview:-1"},"canonical":"https:\/\/keys-for-auto.eu\/de\/ruecksendungen-und-erstattungen\/","og_locale":"de_DE","og_type":"article","og_title":"-","og_description":"R\u00fccksendungen von Qualit\u00e4tswaren Falls Ihnen das Produkt nicht gef\u00e4llt, k\u00f6nnen Sie es innerhalb von 14 Kalendertagen nach Lieferung zur\u00fcckgeben. Sie k\u00f6nnen das Produkt nur unbenutzt, unbesch\u00e4digt und in gutem Zustand zur\u00fcckgeben. Das zur\u00fcckgesandte Produkt muss vollst\u00e4ndig (mit intaktem Etikett und nicht entfernter Schutzfolie) und in der Originalverpackung sein. Das zur\u00fcckgegebene Produkt muss sich in demselben [&hellip;]","og_url":"https:\/\/keys-for-auto.eu\/de\/ruecksendungen-und-erstattungen\/","og_site_name":"Keys for auto","article_publisher":"https:\/\/www.facebook.com\/KeysForAutoEU","article_modified_time":"2023-02-12T18:24:57+00:00","twitter_card":"summary_large_image","twitter_misc":{"Gesch\u00e4tzte Lesezeit":"1\u00a0Minute"},"schema":{"@context":"https:\/\/schema.org","@graph":[{"@type":"WebPage","@id":"https:\/\/keys-for-auto.eu\/de\/ruecksendungen-und-erstattungen\/","url":"https:\/\/keys-for-auto.eu\/de\/ruecksendungen-und-erstattungen\/","name":"-","isPartOf":{"@id":"https:\/\/keys-for-auto.eu\/de\/#website"},"datePublished":"2023-01-05T13:59:07+00:00","dateModified":"2023-02-12T18:24:57+00:00","breadcrumb":{"@id":"https:\/\/keys-for-auto.eu\/de\/ruecksendungen-und-erstattungen\/#breadcrumb"},"inLanguage":"de","potentialAction":[{"@type":"ReadAction","target":["https:\/\/keys-for-auto.eu\/de\/ruecksendungen-und-erstattungen\/"]}]},{"@type":"BreadcrumbList","@id":"https:\/\/keys-for-auto.eu\/de\/ruecksendungen-und-erstattungen\/#breadcrumb","itemListElement":[{"@type":"ListItem","position":1,"name":"Startseite","item":"https:\/\/keys-for-auto.eu\/de\/"},{"@type":"ListItem","position":2,"name":"R\u00fccksendungen und Erstattungen"}]},{"@type":"WebSite","@id":"https:\/\/keys-for-auto.eu\/de\/#website","url":"https:\/\/keys-for-auto.eu\/de\/","name":"Keys for auto","description":"Car keys,  key shells, key programming","publisher":{"@id":"https:\/\/keys-for-auto.eu\/de\/#organization"},"potentialAction":[{"@type":"SearchAction","target":{"@type":"EntryPoint","urlTemplate":"https:\/\/keys-for-auto.eu\/de\/?s={search_term_string}"},"query-input":{"@type":"PropertyValueSpecification","valueRequired":true,"valueName":"search_term_string"}}],"inLanguage":"de"},{"@type":"Organization","@id":"https:\/\/keys-for-auto.eu\/de\/#organization","name":"Schl\u00fcssel f\u00fcr Auto","url":"https:\/\/keys-for-auto.eu\/de\/","logo":{"@type":"ImageObject","inLanguage":"de","@id":"https:\/\/keys-for-auto.eu\/de\/#\/schema\/logo\/image\/","url":"https:\/\/keys-for-auto.eu\/wp-content\/uploads\/2022\/11\/cropped-png1.png","contentUrl":"https:\/\/keys-for-auto.eu\/wp-content\/uploads\/2022\/11\/cropped-png1.png","width":1000,"height":342,"caption":"Schl\u00fcssel f\u00fcr Auto"},"image":{"@id":"https:\/\/keys-for-auto.eu\/de\/#\/schema\/logo\/image\/"},"sameAs":["https:\/\/www.facebook.com\/KeysForAutoEU"]}]}},"_links":{"self":[{"href":"https:\/\/keys-for-auto.eu\/de\/wp-json\/wp\/v2\/pages\/16455","targetHints":{"allow":["GET"]}}],"collection":[{"href":"https:\/\/keys-for-auto.eu\/de\/wp-json\/wp\/v2\/pages"}],"about":[{"href":"https:\/\/keys-for-auto.eu\/de\/wp-json\/wp\/v2\/types\/page"}],"author":[{"embeddable":true,"href":"https:\/\/keys-for-auto.eu\/de\/wp-json\/wp\/v2\/users\/1"}],"replies":[{"embeddable":true,"href":"https:\/\/keys-for-auto.eu\/de\/wp-json\/wp\/v2\/comments?post=16455"}],"version-history":[{"count":1,"href":"https:\/\/keys-for-auto.eu\/de\/wp-json\/wp\/v2\/pages\/16455\/revisions"}],"predecessor-version":[{"id":16456,"href":"https:\/\/keys-for-auto.eu\/de\/wp-json\/wp\/v2\/pages\/16455\/revisions\/16456"}],"wp:attachment":[{"href":"https:\/\/keys-for-auto.eu\/de\/wp-json\/wp\/v2\/media?parent=16455"}],"curies":[{"name":"wp","href":"https:\/\/api.w.org\/{rel}","templated":true}]}}