{"id":16453,"date":"2023-01-05T14:58:57","date_gmt":"2023-01-05T14:58:57","guid":{"rendered":"https:\/\/keys-for-auto.eu\/liefer-und-zahlungskosten\/"},"modified":"2023-02-12T18:24:57","modified_gmt":"2023-02-12T18:24:57","slug":"liefer-und-zahlungskosten","status":"publish","type":"page","link":"https:\/\/keys-for-auto.eu\/de\/liefer-und-zahlungskosten\/","title":{"rendered":"Liefer- und Zahlungskosten"},"content":{"rendered":"\n<h2 class=\"wp-block-heading\">Wie viel kostet die Lieferung?<\/h2>\n\n<p>Dies ist der Betrag, der f\u00fcr die Lieferung der Waren vom Lager des E-Shops an die vom K\u00e4ufer angegebene Adresse ausgegeben wird. Dieser Betrag wird auf der Rechnung angegeben, die den Waren beigef\u00fcgt wird. Im Falle einer R\u00fccksendung der Waren gehen die Kosten f\u00fcr diese Dienstleistung zu Lasten des K\u00e4ufers.<\/p>\n\n<h2 class=\"wp-block-heading\">Zahlung<\/h2>\n\n<p>Bei der Bestellung w\u00e4hlen Sie bitte die Zahlungsmethode &#8211; Bank\u00fcberweisung, Paysiera, Kreditkarte, PayPal oder eine andere Methode, die Sie bevorzugen. Die Zahlung muss innerhalb von zwei Arbeitstagen erfolgen, danach stornieren wir die Bestellung. Falls erforderlich, k\u00f6nnen Sie die Ware nach dem Widerruf nachbestellen.<\/p>\n","protected":false},"excerpt":{"rendered":"<p>Wie viel kostet die Lieferung? Dies ist der Betrag, der f\u00fcr die Lieferung der Waren vom Lager des E-Shops an die vom K\u00e4ufer angegebene Adresse ausgegeben wird. Dieser Betrag wird auf der Rechnung angegeben, die den Waren beigef\u00fcgt wird. Im Falle einer R\u00fccksendung der Waren gehen die Kosten f\u00fcr diese Dienstleistung zu Lasten des K\u00e4ufers. [&hellip;]<\/p>\n","protected":false},"author":1,"featured_media":0,"parent":0,"menu_order":0,"comment_status":"closed","ping_status":"closed","template":"","meta":{"footnotes":""},"class_list":["post-16453","page","type-page","status-publish","hentry"],"yoast_head":"<!-- This site is optimized with the Yoast SEO plugin v27.5 - https:\/\/yoast.com\/product\/yoast-seo-wordpress\/ -->\n<title>-<\/title>\n<meta name=\"robots\" content=\"index, follow, max-snippet:-1, max-image-preview:large, max-video-preview:-1\" \/>\n<link rel=\"canonical\" href=\"https:\/\/keys-for-auto.eu\/de\/liefer-und-zahlungskosten\/\" \/>\n<meta property=\"og:locale\" content=\"de_DE\" \/>\n<meta property=\"og:type\" content=\"article\" \/>\n<meta property=\"og:title\" content=\"-\" \/>\n<meta property=\"og:description\" content=\"Wie viel kostet die Lieferung? Dies ist der Betrag, der f\u00fcr die Lieferung der Waren vom Lager des E-Shops an die vom K\u00e4ufer angegebene Adresse ausgegeben wird. Dieser Betrag wird auf der Rechnung angegeben, die den Waren beigef\u00fcgt wird. Im Falle einer R\u00fccksendung der Waren gehen die Kosten f\u00fcr diese Dienstleistung zu Lasten des K\u00e4ufers. [&hellip;]\" \/>\n<meta property=\"og:url\" content=\"https:\/\/keys-for-auto.eu\/de\/liefer-und-zahlungskosten\/\" \/>\n<meta property=\"og:site_name\" content=\"Keys for auto\" \/>\n<meta property=\"article:publisher\" content=\"https:\/\/www.facebook.com\/KeysForAutoEU\" \/>\n<meta property=\"article:modified_time\" content=\"2023-02-12T18:24:57+00:00\" \/>\n<meta name=\"twitter:card\" content=\"summary_large_image\" \/>\n<meta name=\"twitter:label1\" content=\"Gesch\u00e4tzte Lesezeit\" \/>\n\t<meta name=\"twitter:data1\" content=\"1\u00a0Minute\" \/>\n<script type=\"application\/ld+json\" class=\"yoast-schema-graph\">{\"@context\":\"https:\\\/\\\/schema.org\",\"@graph\":[{\"@type\":\"WebPage\",\"@id\":\"https:\\\/\\\/keys-for-auto.eu\\\/de\\\/liefer-und-zahlungskosten\\\/\",\"url\":\"https:\\\/\\\/keys-for-auto.eu\\\/de\\\/liefer-und-zahlungskosten\\\/\",\"name\":\"-\",\"isPartOf\":{\"@id\":\"https:\\\/\\\/keys-for-auto.eu\\\/de\\\/#website\"},\"datePublished\":\"2023-01-05T14:58:57+00:00\",\"dateModified\":\"2023-02-12T18:24:57+00:00\",\"breadcrumb\":{\"@id\":\"https:\\\/\\\/keys-for-auto.eu\\\/de\\\/liefer-und-zahlungskosten\\\/#breadcrumb\"},\"inLanguage\":\"de\",\"potentialAction\":[{\"@type\":\"ReadAction\",\"target\":[\"https:\\\/\\\/keys-for-auto.eu\\\/de\\\/liefer-und-zahlungskosten\\\/\"]}]},{\"@type\":\"BreadcrumbList\",\"@id\":\"https:\\\/\\\/keys-for-auto.eu\\\/de\\\/liefer-und-zahlungskosten\\\/#breadcrumb\",\"itemListElement\":[{\"@type\":\"ListItem\",\"position\":1,\"name\":\"Startseite\",\"item\":\"https:\\\/\\\/keys-for-auto.eu\\\/de\\\/\"},{\"@type\":\"ListItem\",\"position\":2,\"name\":\"Liefer- und Zahlungskosten\"}]},{\"@type\":\"WebSite\",\"@id\":\"https:\\\/\\\/keys-for-auto.eu\\\/de\\\/#website\",\"url\":\"https:\\\/\\\/keys-for-auto.eu\\\/de\\\/\",\"name\":\"Keys for auto\",\"description\":\"Car keys,  key shells, key programming\",\"publisher\":{\"@id\":\"https:\\\/\\\/keys-for-auto.eu\\\/de\\\/#organization\"},\"potentialAction\":[{\"@type\":\"SearchAction\",\"target\":{\"@type\":\"EntryPoint\",\"urlTemplate\":\"https:\\\/\\\/keys-for-auto.eu\\\/de\\\/?s={search_term_string}\"},\"query-input\":{\"@type\":\"PropertyValueSpecification\",\"valueRequired\":true,\"valueName\":\"search_term_string\"}}],\"inLanguage\":\"de\"},{\"@type\":\"Organization\",\"@id\":\"https:\\\/\\\/keys-for-auto.eu\\\/de\\\/#organization\",\"name\":\"Schl\u00fcssel f\u00fcr Auto\",\"url\":\"https:\\\/\\\/keys-for-auto.eu\\\/de\\\/\",\"logo\":{\"@type\":\"ImageObject\",\"inLanguage\":\"de\",\"@id\":\"https:\\\/\\\/keys-for-auto.eu\\\/de\\\/#\\\/schema\\\/logo\\\/image\\\/\",\"url\":\"https:\\\/\\\/keys-for-auto.eu\\\/wp-content\\\/uploads\\\/2022\\\/11\\\/cropped-png1.png\",\"contentUrl\":\"https:\\\/\\\/keys-for-auto.eu\\\/wp-content\\\/uploads\\\/2022\\\/11\\\/cropped-png1.png\",\"width\":1000,\"height\":342,\"caption\":\"Schl\u00fcssel f\u00fcr Auto\"},\"image\":{\"@id\":\"https:\\\/\\\/keys-for-auto.eu\\\/de\\\/#\\\/schema\\\/logo\\\/image\\\/\"},\"sameAs\":[\"https:\\\/\\\/www.facebook.com\\\/KeysForAutoEU\"]}]}<\/script>\n<!-- \/ Yoast SEO plugin. -->","yoast_head_json":{"title":"-","robots":{"index":"index","follow":"follow","max-snippet":"max-snippet:-1","max-image-preview":"max-image-preview:large","max-video-preview":"max-video-preview:-1"},"canonical":"https:\/\/keys-for-auto.eu\/de\/liefer-und-zahlungskosten\/","og_locale":"de_DE","og_type":"article","og_title":"-","og_description":"Wie viel kostet die Lieferung? Dies ist der Betrag, der f\u00fcr die Lieferung der Waren vom Lager des E-Shops an die vom K\u00e4ufer angegebene Adresse ausgegeben wird. Dieser Betrag wird auf der Rechnung angegeben, die den Waren beigef\u00fcgt wird. Im Falle einer R\u00fccksendung der Waren gehen die Kosten f\u00fcr diese Dienstleistung zu Lasten des K\u00e4ufers. [&hellip;]","og_url":"https:\/\/keys-for-auto.eu\/de\/liefer-und-zahlungskosten\/","og_site_name":"Keys for auto","article_publisher":"https:\/\/www.facebook.com\/KeysForAutoEU","article_modified_time":"2023-02-12T18:24:57+00:00","twitter_card":"summary_large_image","twitter_misc":{"Gesch\u00e4tzte Lesezeit":"1\u00a0Minute"},"schema":{"@context":"https:\/\/schema.org","@graph":[{"@type":"WebPage","@id":"https:\/\/keys-for-auto.eu\/de\/liefer-und-zahlungskosten\/","url":"https:\/\/keys-for-auto.eu\/de\/liefer-und-zahlungskosten\/","name":"-","isPartOf":{"@id":"https:\/\/keys-for-auto.eu\/de\/#website"},"datePublished":"2023-01-05T14:58:57+00:00","dateModified":"2023-02-12T18:24:57+00:00","breadcrumb":{"@id":"https:\/\/keys-for-auto.eu\/de\/liefer-und-zahlungskosten\/#breadcrumb"},"inLanguage":"de","potentialAction":[{"@type":"ReadAction","target":["https:\/\/keys-for-auto.eu\/de\/liefer-und-zahlungskosten\/"]}]},{"@type":"BreadcrumbList","@id":"https:\/\/keys-for-auto.eu\/de\/liefer-und-zahlungskosten\/#breadcrumb","itemListElement":[{"@type":"ListItem","position":1,"name":"Startseite","item":"https:\/\/keys-for-auto.eu\/de\/"},{"@type":"ListItem","position":2,"name":"Liefer- und Zahlungskosten"}]},{"@type":"WebSite","@id":"https:\/\/keys-for-auto.eu\/de\/#website","url":"https:\/\/keys-for-auto.eu\/de\/","name":"Keys for auto","description":"Car keys,  key shells, key programming","publisher":{"@id":"https:\/\/keys-for-auto.eu\/de\/#organization"},"potentialAction":[{"@type":"SearchAction","target":{"@type":"EntryPoint","urlTemplate":"https:\/\/keys-for-auto.eu\/de\/?s={search_term_string}"},"query-input":{"@type":"PropertyValueSpecification","valueRequired":true,"valueName":"search_term_string"}}],"inLanguage":"de"},{"@type":"Organization","@id":"https:\/\/keys-for-auto.eu\/de\/#organization","name":"Schl\u00fcssel f\u00fcr Auto","url":"https:\/\/keys-for-auto.eu\/de\/","logo":{"@type":"ImageObject","inLanguage":"de","@id":"https:\/\/keys-for-auto.eu\/de\/#\/schema\/logo\/image\/","url":"https:\/\/keys-for-auto.eu\/wp-content\/uploads\/2022\/11\/cropped-png1.png","contentUrl":"https:\/\/keys-for-auto.eu\/wp-content\/uploads\/2022\/11\/cropped-png1.png","width":1000,"height":342,"caption":"Schl\u00fcssel f\u00fcr Auto"},"image":{"@id":"https:\/\/keys-for-auto.eu\/de\/#\/schema\/logo\/image\/"},"sameAs":["https:\/\/www.facebook.com\/KeysForAutoEU"]}]}},"_links":{"self":[{"href":"https:\/\/keys-for-auto.eu\/de\/wp-json\/wp\/v2\/pages\/16453","targetHints":{"allow":["GET"]}}],"collection":[{"href":"https:\/\/keys-for-auto.eu\/de\/wp-json\/wp\/v2\/pages"}],"about":[{"href":"https:\/\/keys-for-auto.eu\/de\/wp-json\/wp\/v2\/types\/page"}],"author":[{"embeddable":true,"href":"https:\/\/keys-for-auto.eu\/de\/wp-json\/wp\/v2\/users\/1"}],"replies":[{"embeddable":true,"href":"https:\/\/keys-for-auto.eu\/de\/wp-json\/wp\/v2\/comments?post=16453"}],"version-history":[{"count":1,"href":"https:\/\/keys-for-auto.eu\/de\/wp-json\/wp\/v2\/pages\/16453\/revisions"}],"predecessor-version":[{"id":16454,"href":"https:\/\/keys-for-auto.eu\/de\/wp-json\/wp\/v2\/pages\/16453\/revisions\/16454"}],"wp:attachment":[{"href":"https:\/\/keys-for-auto.eu\/de\/wp-json\/wp\/v2\/media?parent=16453"}],"curies":[{"name":"wp","href":"https:\/\/api.w.org\/{rel}","templated":true}]}}