{"id":22655,"date":"2022-02-23T17:38:25","date_gmt":"2022-02-23T17:38:25","guid":{"rendered":"https:\/\/keys-for-auto.eu\/product\/drzak-telefonu-do-auta-s-bezdratovym-nabijenim\/"},"modified":"2022-02-23T17:38:25","modified_gmt":"2022-02-23T17:38:25","slug":"drzak-telefonu-do-auta-s-bezdratovym-nabijenim","status":"publish","type":"product","link":"https:\/\/keys-for-auto.eu\/cs\/product\/drzak-telefonu-do-auta-s-bezdratovym-nabijenim\/","title":{"rendered":"Dr\u017e\u00e1k telefonu do auta s bezdr\u00e1tov\u00fdm nab\u00edjen\u00edm"},"content":{"rendered":"<p>Dr\u017e\u00e1k telefonu do auta s bezdr\u00e1tov\u00fdm nab\u00edjen\u00edm<\/p>\n","protected":false},"excerpt":{"rendered":"<h3><strong>V\u00fdroba kl\u00ed\u010d\u016f od automobil\u016f<\/strong><\/h3>\n<ul>\n<li><strong>V\u00fdroba nov\u00fdch kl\u00ed\u010d\u016f od vozu, programov\u00e1n\u00ed kl\u00ed\u010d\u016f (&#8222;sv\u00e1z\u00e1n\u00ed&#8220; s vozem)<\/strong><\/li>\n<li><strong>Odstran\u011bn\u00ed d\u0159\u00edve ztracen\u00fdch kl\u00ed\u010d\u016f z pam\u011bti vozidla<\/strong><\/li>\n<li><strong>V\u00fdroba kl\u00ed\u010de zapalov\u00e1n\u00ed podle z\u00e1mku<\/strong><\/li>\n<li><strong>Opravy kl\u00ed\u010d\u016f od automobil\u016f (v\u00fdm\u011bna tla\u010d\u00edtek, pl\u00e1\u0161\u0165\u016f, mechanism\u016f)<\/strong><\/li>\n<li><strong>Nouzov\u00e9 odemyk\u00e1n\u00ed vozu<\/strong><\/li>\n<li><strong>Obchodov\u00e1n\u00ed s kl\u00ed\u010di, pouzdry na kl\u00ed\u010de<\/strong><\/li>\n<li><strong>Vypnut\u00ed softwaru DPF \/ FAP<\/strong><\/li>\n<li><strong>Programov\u00e9 odstran\u011bn\u00ed EGR<\/strong><\/li>\n<li><strong>Deaktivace softwaru imobiliz\u00e9ru (immo Off)<\/strong><\/li>\n<li><strong>Oprava \u0159\u00eddic\u00ed jednotky motoru (ECU), klonov\u00e1n\u00ed, programov\u00e1n\u00ed<\/strong><\/li>\n<li><strong>SRS (programov\u00e1n\u00ed \u0159\u00eddic\u00ed jednotky airbagu)<\/strong><\/li>\n<\/ul>\n<h4><strong>  zbo\u017e\u00ed odesl\u00e1no do 3 pracovn\u00edch dn\u016f.*<\/strong><\/h4>\n<p>Pevn\u00fd, stabiln\u00ed a modern\u00ed dr\u017e\u00e1k telefonu do auta s bezdr\u00e1tov\u00fdm nab\u00edjen\u00edm. Sta\u010d\u00ed vlo\u017eit telefon do dr\u017e\u00e1ku a nab\u00edjen\u00ed se automaticky spust\u00ed. S t\u00edmto dr\u017e\u00e1kem je velmi pohodln\u00e9 pou\u017e\u00edvat telefon jako naviga\u010dn\u00ed za\u0159\u00edzen\u00ed a nemus\u00edte se ob\u00e1vat, \u017ee se v\u00e1m vybije baterie.<\/p>\n<p><strong>Specifikace:<\/strong><\/p>\n<p>Barva v\u00fdrobku: \u010dern\u00e1<br \/>\nHmotnost v\u00fdrobku: cca 128 g<br \/>\nMateri\u00e1l: plast, guma<br \/>\nVstupn\u00ed nap\u011bt\u00ed: DC 5V\/2A; 9V\/1,67A<br \/>\nV\u00fdstupn\u00ed nap\u011bt\u00ed: 15W, 10W, 7,5W 5W (automatick\u00e9 rozpozn\u00e1v\u00e1n\u00ed)<br \/>\nNab\u00edjec\u00ed vzd\u00e1lenost: 0-8 mm<br \/>\nRozm\u011bry v\u00fdrobku: 12,9 mm x 64 mm<\/p>\n[video width=\"540\" height=\"720\" mp4=\"https:\/\/raktai-automobiliams.lt\/wp-content\/uploads\/2022\/02\/Automobilinis-telefono-laikiklis-su-bevieliu-krovimu.mp4\"][\/video]\n","protected":false},"featured_media":20487,"comment_status":"open","ping_status":"closed","template":"","meta":[],"product_brand":[],"product_cat":[4154,4205,4151,4314,5305,4297,4331,4328,4335,4416,4421,4473,4513,4561,4523,4350,4550,4524,4551,4558,4644,4662,4718,4719,4821,5617,4817,4780,4531,6097,4955,4956,4958,4707,4158,5017,5073,5042,4959,5110],"product_tag":[],"class_list":{"0":"post-22655","1":"product","2":"type-product","3":"status-publish","4":"has-post-thumbnail","6":"product_cat-alfa-romeo-cs","7":"product_cat-audi-cs","8":"product_cat-bmw-cs","9":"product_cat-buick-cs","10":"product_cat-cadillac-cs","11":"product_cat-chevrolet-cs","12":"product_cat-chrysler-cs","13":"product_cat-citroen-cs","14":"product_cat-fiat-cs","15":"product_cat-ford-cs","16":"product_cat-honda-cs","17":"product_cat-hyundai-cs","18":"product_cat-infiniti-cs","19":"product_cat-iveco-cs","20":"product_cat-jaguar-cs","21":"product_cat-jeep-cs","22":"product_cat-kia-cs","23":"product_cat-land-rover-cs","24":"product_cat-lexus-cs","25":"product_cat-mazda-cs","26":"product_cat-mercedes-benz-cs","27":"product_cat-mitsubishi-cs","28":"product_cat-nissan-cs","29":"product_cat-opel-cs","30":"product_cat-peugeot-cs","31":"product_cat-pontiac-cs","32":"product_cat-porsche-cs","33":"product_cat-renault-cs","34":"product_cat-rover-cs","35":"product_cat-ruzne-produkty","36":"product_cat-saab-cs","37":"product_cat-seat-cs","38":"product_cat-skoda-cs","39":"product_cat-smart-cs","40":"product_cat-ssangyong-cs","41":"product_cat-subaru-cs","42":"product_cat-suzuki-cs","43":"product_cat-toyota-cs","44":"product_cat-volkswagen-cs","45":"product_cat-volvo-cs","47":"first","48":"instock","49":"shipping-taxable","50":"purchasable","51":"product-type-simple"},"yoast_head":"<!-- This site is optimized with the Yoast SEO plugin v27.5 - https:\/\/yoast.com\/product\/yoast-seo-wordpress\/ -->\n<title>Dr\u017e\u00e1k telefonu do auta s bezdr\u00e1tov\u00fdm nab\u00edjen\u00edm - Keys for auto<\/title>\n<meta name=\"robots\" content=\"index, follow, max-snippet:-1, max-image-preview:large, max-video-preview:-1\" \/>\n<link rel=\"canonical\" href=\"https:\/\/keys-for-auto.eu\/cs\/product\/drzak-telefonu-do-auta-s-bezdratovym-nabijenim\/\" \/>\n<meta property=\"og:locale\" content=\"cs_CZ\" \/>\n<meta property=\"og:type\" content=\"article\" \/>\n<meta property=\"og:title\" content=\"Dr\u017e\u00e1k telefonu do auta s bezdr\u00e1tov\u00fdm nab\u00edjen\u00edm - Keys for auto\" \/>\n<meta property=\"og:description\" content=\"V\u00fdroba kl\u00ed\u010d\u016f od automobil\u016f  V\u00fdroba nov\u00fdch kl\u00ed\u010d\u016f od vozu, programov\u00e1n\u00ed kl\u00ed\u010d\u016f (&quot;sv\u00e1z\u00e1n\u00ed&quot; s vozem)  Odstran\u011bn\u00ed d\u0159\u00edve ztracen\u00fdch kl\u00ed\u010d\u016f z pam\u011bti vozidla  V\u00fdroba kl\u00ed\u010de zapalov\u00e1n\u00ed podle z\u00e1mku  Opravy kl\u00ed\u010d\u016f od automobil\u016f (v\u00fdm\u011bna tla\u010d\u00edtek, pl\u00e1\u0161\u0165\u016f, mechanism\u016f)  Nouzov\u00e9 odemyk\u00e1n\u00ed vozu  Obchodov\u00e1n\u00ed s kl\u00ed\u010di, pouzdry na kl\u00ed\u010de  Vypnut\u00ed softwaru DPF \/ FAP  Programov\u00e9 odstran\u011bn\u00ed EGR  Deaktivace softwaru imobiliz\u00e9ru (immo Off)  Oprava \u0159\u00eddic\u00ed jednotky motoru (ECU), klonov\u00e1n\u00ed, programov\u00e1n\u00ed  SRS (programov\u00e1n\u00ed \u0159\u00eddic\u00ed jednotky airbagu)  zbo\u017e\u00ed odesl\u00e1no do 3 pracovn\u00edch dn\u016f.* Pevn\u00fd, stabiln\u00ed a modern\u00ed dr\u017e\u00e1k telefonu do auta s bezdr\u00e1tov\u00fdm nab\u00edjen\u00edm. Sta\u010d\u00ed vlo\u017eit telefon do dr\u017e\u00e1ku a nab\u00edjen\u00ed se automaticky spust\u00ed. S t\u00edmto dr\u017e\u00e1kem je velmi pohodln\u00e9 pou\u017e\u00edvat telefon jako naviga\u010dn\u00ed za\u0159\u00edzen\u00ed a nemus\u00edte se ob\u00e1vat, \u017ee se v\u00e1m vybije baterie. Specifikace: Barva v\u00fdrobku: \u010dern\u00e1 Hmotnost v\u00fdrobku: cca 128 g Materi\u00e1l: plast, guma Vstupn\u00ed nap\u011bt\u00ed: DC 5V\/2A; 9V\/1,67A V\u00fdstupn\u00ed nap\u011bt\u00ed: 15W, 10W, 7,5W 5W (automatick\u00e9 rozpozn\u00e1v\u00e1n\u00ed) Nab\u00edjec\u00ed vzd\u00e1lenost: 0-8 mm Rozm\u011bry v\u00fdrobku: 12,9 mm x 64 mm\" \/>\n<meta property=\"og:url\" content=\"https:\/\/keys-for-auto.eu\/cs\/product\/drzak-telefonu-do-auta-s-bezdratovym-nabijenim\/\" \/>\n<meta property=\"og:site_name\" content=\"Keys for auto\" \/>\n<meta property=\"article:publisher\" content=\"https:\/\/www.facebook.com\/KeysForAutoEU\" \/>\n<meta property=\"og:image\" content=\"https:\/\/keys-for-auto.eu\/wp-content\/uploads\/2022\/12\/Automobilinis-telefono-laikiklis-su-bevieliu-krovimu-2.jpg\" \/>\n\t<meta property=\"og:image:width\" content=\"1000\" \/>\n\t<meta property=\"og:image:height\" content=\"1000\" \/>\n\t<meta property=\"og:image:type\" content=\"image\/jpeg\" \/>\n<meta name=\"twitter:card\" content=\"summary_large_image\" \/>\n<script type=\"application\/ld+json\" class=\"yoast-schema-graph\">{\"@context\":\"https:\\\/\\\/schema.org\",\"@graph\":[{\"@type\":[\"WebPage\",\"ItemPage\"],\"@id\":\"https:\\\/\\\/keys-for-auto.eu\\\/cs\\\/product\\\/drzak-telefonu-do-auta-s-bezdratovym-nabijenim\\\/\",\"url\":\"https:\\\/\\\/keys-for-auto.eu\\\/cs\\\/product\\\/drzak-telefonu-do-auta-s-bezdratovym-nabijenim\\\/\",\"name\":\"Dr\u017e\u00e1k telefonu do auta s bezdr\u00e1tov\u00fdm nab\u00edjen\u00edm - Keys for auto\",\"isPartOf\":{\"@id\":\"https:\\\/\\\/keys-for-auto.eu\\\/cs\\\/#website\"},\"primaryImageOfPage\":{\"@id\":\"https:\\\/\\\/keys-for-auto.eu\\\/cs\\\/product\\\/drzak-telefonu-do-auta-s-bezdratovym-nabijenim\\\/#primaryimage\"},\"image\":{\"@id\":\"https:\\\/\\\/keys-for-auto.eu\\\/cs\\\/product\\\/drzak-telefonu-do-auta-s-bezdratovym-nabijenim\\\/#primaryimage\"},\"thumbnailUrl\":\"https:\\\/\\\/keys-for-auto.eu\\\/wp-content\\\/uploads\\\/2022\\\/12\\\/Automobilinis-telefono-laikiklis-su-bevieliu-krovimu-2.jpg\",\"datePublished\":\"2022-02-23T17:38:25+00:00\",\"breadcrumb\":{\"@id\":\"https:\\\/\\\/keys-for-auto.eu\\\/cs\\\/product\\\/drzak-telefonu-do-auta-s-bezdratovym-nabijenim\\\/#breadcrumb\"},\"inLanguage\":\"cs\",\"potentialAction\":[{\"@type\":\"ReadAction\",\"target\":[\"https:\\\/\\\/keys-for-auto.eu\\\/cs\\\/product\\\/drzak-telefonu-do-auta-s-bezdratovym-nabijenim\\\/\"]}]},{\"@type\":\"ImageObject\",\"inLanguage\":\"cs\",\"@id\":\"https:\\\/\\\/keys-for-auto.eu\\\/cs\\\/product\\\/drzak-telefonu-do-auta-s-bezdratovym-nabijenim\\\/#primaryimage\",\"url\":\"https:\\\/\\\/keys-for-auto.eu\\\/wp-content\\\/uploads\\\/2022\\\/12\\\/Automobilinis-telefono-laikiklis-su-bevieliu-krovimu-2.jpg\",\"contentUrl\":\"https:\\\/\\\/keys-for-auto.eu\\\/wp-content\\\/uploads\\\/2022\\\/12\\\/Automobilinis-telefono-laikiklis-su-bevieliu-krovimu-2.jpg\",\"width\":1000,\"height\":1000},{\"@type\":\"BreadcrumbList\",\"@id\":\"https:\\\/\\\/keys-for-auto.eu\\\/cs\\\/product\\\/drzak-telefonu-do-auta-s-bezdratovym-nabijenim\\\/#breadcrumb\",\"itemListElement\":[{\"@type\":\"ListItem\",\"position\":1,\"name\":\"Home\",\"item\":\"https:\\\/\\\/keys-for-auto.eu\\\/cs\\\/\"},{\"@type\":\"ListItem\",\"position\":2,\"name\":\"Shop\",\"item\":\"https:\\\/\\\/keys-for-auto.eu\\\/\"},{\"@type\":\"ListItem\",\"position\":3,\"name\":\"Dr\u017e\u00e1k telefonu do auta s bezdr\u00e1tov\u00fdm nab\u00edjen\u00edm\"}]},{\"@type\":\"WebSite\",\"@id\":\"https:\\\/\\\/keys-for-auto.eu\\\/cs\\\/#website\",\"url\":\"https:\\\/\\\/keys-for-auto.eu\\\/cs\\\/\",\"name\":\"Keys for auto\",\"description\":\"Car keys,  key shells, key programming\",\"publisher\":{\"@id\":\"https:\\\/\\\/keys-for-auto.eu\\\/cs\\\/#organization\"},\"potentialAction\":[{\"@type\":\"SearchAction\",\"target\":{\"@type\":\"EntryPoint\",\"urlTemplate\":\"https:\\\/\\\/keys-for-auto.eu\\\/cs\\\/?s={search_term_string}\"},\"query-input\":{\"@type\":\"PropertyValueSpecification\",\"valueRequired\":true,\"valueName\":\"search_term_string\"}}],\"inLanguage\":\"cs\"},{\"@type\":\"Organization\",\"@id\":\"https:\\\/\\\/keys-for-auto.eu\\\/cs\\\/#organization\",\"name\":\"Kl\u00ed\u010de pro auto\",\"url\":\"https:\\\/\\\/keys-for-auto.eu\\\/cs\\\/\",\"logo\":{\"@type\":\"ImageObject\",\"inLanguage\":\"cs\",\"@id\":\"https:\\\/\\\/keys-for-auto.eu\\\/cs\\\/#\\\/schema\\\/logo\\\/image\\\/\",\"url\":\"https:\\\/\\\/keys-for-auto.eu\\\/wp-content\\\/uploads\\\/2022\\\/11\\\/cropped-png1.png\",\"contentUrl\":\"https:\\\/\\\/keys-for-auto.eu\\\/wp-content\\\/uploads\\\/2022\\\/11\\\/cropped-png1.png\",\"width\":1000,\"height\":342,\"caption\":\"Kl\u00ed\u010de pro auto\"},\"image\":{\"@id\":\"https:\\\/\\\/keys-for-auto.eu\\\/cs\\\/#\\\/schema\\\/logo\\\/image\\\/\"},\"sameAs\":[\"https:\\\/\\\/www.facebook.com\\\/KeysForAutoEU\"]}]}<\/script>\n<!-- \/ Yoast SEO plugin. -->","yoast_head_json":{"title":"Dr\u017e\u00e1k telefonu do auta s bezdr\u00e1tov\u00fdm nab\u00edjen\u00edm - Keys for auto","robots":{"index":"index","follow":"follow","max-snippet":"max-snippet:-1","max-image-preview":"max-image-preview:large","max-video-preview":"max-video-preview:-1"},"canonical":"https:\/\/keys-for-auto.eu\/cs\/product\/drzak-telefonu-do-auta-s-bezdratovym-nabijenim\/","og_locale":"cs_CZ","og_type":"article","og_title":"Dr\u017e\u00e1k telefonu do auta s bezdr\u00e1tov\u00fdm nab\u00edjen\u00edm - Keys for auto","og_description":"V\u00fdroba kl\u00ed\u010d\u016f od automobil\u016f  V\u00fdroba nov\u00fdch kl\u00ed\u010d\u016f od vozu, programov\u00e1n\u00ed kl\u00ed\u010d\u016f (\"sv\u00e1z\u00e1n\u00ed\" s vozem)  Odstran\u011bn\u00ed d\u0159\u00edve ztracen\u00fdch kl\u00ed\u010d\u016f z pam\u011bti vozidla  V\u00fdroba kl\u00ed\u010de zapalov\u00e1n\u00ed podle z\u00e1mku  Opravy kl\u00ed\u010d\u016f od automobil\u016f (v\u00fdm\u011bna tla\u010d\u00edtek, pl\u00e1\u0161\u0165\u016f, mechanism\u016f)  Nouzov\u00e9 odemyk\u00e1n\u00ed vozu  Obchodov\u00e1n\u00ed s kl\u00ed\u010di, pouzdry na kl\u00ed\u010de  Vypnut\u00ed softwaru DPF \/ FAP  Programov\u00e9 odstran\u011bn\u00ed EGR  Deaktivace softwaru imobiliz\u00e9ru (immo Off)  Oprava \u0159\u00eddic\u00ed jednotky motoru (ECU), klonov\u00e1n\u00ed, programov\u00e1n\u00ed  SRS (programov\u00e1n\u00ed \u0159\u00eddic\u00ed jednotky airbagu)  zbo\u017e\u00ed odesl\u00e1no do 3 pracovn\u00edch dn\u016f.* Pevn\u00fd, stabiln\u00ed a modern\u00ed dr\u017e\u00e1k telefonu do auta s bezdr\u00e1tov\u00fdm nab\u00edjen\u00edm. Sta\u010d\u00ed vlo\u017eit telefon do dr\u017e\u00e1ku a nab\u00edjen\u00ed se automaticky spust\u00ed. S t\u00edmto dr\u017e\u00e1kem je velmi pohodln\u00e9 pou\u017e\u00edvat telefon jako naviga\u010dn\u00ed za\u0159\u00edzen\u00ed a nemus\u00edte se ob\u00e1vat, \u017ee se v\u00e1m vybije baterie. Specifikace: Barva v\u00fdrobku: \u010dern\u00e1 Hmotnost v\u00fdrobku: cca 128 g Materi\u00e1l: plast, guma Vstupn\u00ed nap\u011bt\u00ed: DC 5V\/2A; 9V\/1,67A V\u00fdstupn\u00ed nap\u011bt\u00ed: 15W, 10W, 7,5W 5W (automatick\u00e9 rozpozn\u00e1v\u00e1n\u00ed) Nab\u00edjec\u00ed vzd\u00e1lenost: 0-8 mm Rozm\u011bry v\u00fdrobku: 12,9 mm x 64 mm","og_url":"https:\/\/keys-for-auto.eu\/cs\/product\/drzak-telefonu-do-auta-s-bezdratovym-nabijenim\/","og_site_name":"Keys for auto","article_publisher":"https:\/\/www.facebook.com\/KeysForAutoEU","og_image":[{"width":1000,"height":1000,"url":"https:\/\/keys-for-auto.eu\/wp-content\/uploads\/2022\/12\/Automobilinis-telefono-laikiklis-su-bevieliu-krovimu-2.jpg","type":"image\/jpeg"}],"twitter_card":"summary_large_image","schema":{"@context":"https:\/\/schema.org","@graph":[{"@type":["WebPage","ItemPage"],"@id":"https:\/\/keys-for-auto.eu\/cs\/product\/drzak-telefonu-do-auta-s-bezdratovym-nabijenim\/","url":"https:\/\/keys-for-auto.eu\/cs\/product\/drzak-telefonu-do-auta-s-bezdratovym-nabijenim\/","name":"Dr\u017e\u00e1k telefonu do auta s bezdr\u00e1tov\u00fdm nab\u00edjen\u00edm - Keys for auto","isPartOf":{"@id":"https:\/\/keys-for-auto.eu\/cs\/#website"},"primaryImageOfPage":{"@id":"https:\/\/keys-for-auto.eu\/cs\/product\/drzak-telefonu-do-auta-s-bezdratovym-nabijenim\/#primaryimage"},"image":{"@id":"https:\/\/keys-for-auto.eu\/cs\/product\/drzak-telefonu-do-auta-s-bezdratovym-nabijenim\/#primaryimage"},"thumbnailUrl":"https:\/\/keys-for-auto.eu\/wp-content\/uploads\/2022\/12\/Automobilinis-telefono-laikiklis-su-bevieliu-krovimu-2.jpg","datePublished":"2022-02-23T17:38:25+00:00","breadcrumb":{"@id":"https:\/\/keys-for-auto.eu\/cs\/product\/drzak-telefonu-do-auta-s-bezdratovym-nabijenim\/#breadcrumb"},"inLanguage":"cs","potentialAction":[{"@type":"ReadAction","target":["https:\/\/keys-for-auto.eu\/cs\/product\/drzak-telefonu-do-auta-s-bezdratovym-nabijenim\/"]}]},{"@type":"ImageObject","inLanguage":"cs","@id":"https:\/\/keys-for-auto.eu\/cs\/product\/drzak-telefonu-do-auta-s-bezdratovym-nabijenim\/#primaryimage","url":"https:\/\/keys-for-auto.eu\/wp-content\/uploads\/2022\/12\/Automobilinis-telefono-laikiklis-su-bevieliu-krovimu-2.jpg","contentUrl":"https:\/\/keys-for-auto.eu\/wp-content\/uploads\/2022\/12\/Automobilinis-telefono-laikiklis-su-bevieliu-krovimu-2.jpg","width":1000,"height":1000},{"@type":"BreadcrumbList","@id":"https:\/\/keys-for-auto.eu\/cs\/product\/drzak-telefonu-do-auta-s-bezdratovym-nabijenim\/#breadcrumb","itemListElement":[{"@type":"ListItem","position":1,"name":"Home","item":"https:\/\/keys-for-auto.eu\/cs\/"},{"@type":"ListItem","position":2,"name":"Shop","item":"https:\/\/keys-for-auto.eu\/"},{"@type":"ListItem","position":3,"name":"Dr\u017e\u00e1k telefonu do auta s bezdr\u00e1tov\u00fdm nab\u00edjen\u00edm"}]},{"@type":"WebSite","@id":"https:\/\/keys-for-auto.eu\/cs\/#website","url":"https:\/\/keys-for-auto.eu\/cs\/","name":"Keys for auto","description":"Car keys,  key shells, key programming","publisher":{"@id":"https:\/\/keys-for-auto.eu\/cs\/#organization"},"potentialAction":[{"@type":"SearchAction","target":{"@type":"EntryPoint","urlTemplate":"https:\/\/keys-for-auto.eu\/cs\/?s={search_term_string}"},"query-input":{"@type":"PropertyValueSpecification","valueRequired":true,"valueName":"search_term_string"}}],"inLanguage":"cs"},{"@type":"Organization","@id":"https:\/\/keys-for-auto.eu\/cs\/#organization","name":"Kl\u00ed\u010de pro auto","url":"https:\/\/keys-for-auto.eu\/cs\/","logo":{"@type":"ImageObject","inLanguage":"cs","@id":"https:\/\/keys-for-auto.eu\/cs\/#\/schema\/logo\/image\/","url":"https:\/\/keys-for-auto.eu\/wp-content\/uploads\/2022\/11\/cropped-png1.png","contentUrl":"https:\/\/keys-for-auto.eu\/wp-content\/uploads\/2022\/11\/cropped-png1.png","width":1000,"height":342,"caption":"Kl\u00ed\u010de pro auto"},"image":{"@id":"https:\/\/keys-for-auto.eu\/cs\/#\/schema\/logo\/image\/"},"sameAs":["https:\/\/www.facebook.com\/KeysForAutoEU"]}]}},"_links":{"self":[{"href":"https:\/\/keys-for-auto.eu\/cs\/wp-json\/wp\/v2\/product\/22655","targetHints":{"allow":["GET"]}}],"collection":[{"href":"https:\/\/keys-for-auto.eu\/cs\/wp-json\/wp\/v2\/product"}],"about":[{"href":"https:\/\/keys-for-auto.eu\/cs\/wp-json\/wp\/v2\/types\/product"}],"replies":[{"embeddable":true,"href":"https:\/\/keys-for-auto.eu\/cs\/wp-json\/wp\/v2\/comments?post=22655"}],"wp:featuredmedia":[{"embeddable":true,"href":"https:\/\/keys-for-auto.eu\/cs\/wp-json\/wp\/v2\/media\/20487"}],"wp:attachment":[{"href":"https:\/\/keys-for-auto.eu\/cs\/wp-json\/wp\/v2\/media?parent=22655"}],"wp:term":[{"taxonomy":"product_brand","embeddable":true,"href":"https:\/\/keys-for-auto.eu\/cs\/wp-json\/wp\/v2\/product_brand?post=22655"},{"taxonomy":"product_cat","embeddable":true,"href":"https:\/\/keys-for-auto.eu\/cs\/wp-json\/wp\/v2\/product_cat?post=22655"},{"taxonomy":"product_tag","embeddable":true,"href":"https:\/\/keys-for-auto.eu\/cs\/wp-json\/wp\/v2\/product_tag?post=22655"}],"curies":[{"name":"wp","href":"https:\/\/api.w.org\/{rel}","templated":true}]}}