{"id":22459,"date":"2017-12-03T21:27:04","date_gmt":"2017-12-03T21:27:04","guid":{"rendered":"https:\/\/keys-for-auto.eu\/product\/klicova-vyroba-vozu-subaru\/"},"modified":"2023-02-20T19:32:55","modified_gmt":"2023-02-20T19:32:55","slug":"key-production-for-subaru-cars","status":"publish","type":"product","link":"https:\/\/keys-for-auto.eu\/cs\/product\/key-production-for-subaru-cars\/","title":{"rendered":"Kl\u00ed\u010dov\u00e1 v\u00fdroba voz\u016f Subaru"},"content":{"rendered":"<h2>V\u00fdroba kl\u00ed\u010d\u016f Subaru<\/h2>\n<p>Pokud se v\u00e1\u0161 kl\u00ed\u010d zlomil, opot\u0159eboval, ztratil nebo byl odcizen, m\u016f\u017eete se obr\u00e1tit na odborn\u00edka, kter\u00fd v\u00e1m vyrob\u00ed duplik\u00e1t kl\u00ed\u010de od auta. V p\u0159\u00edpad\u011b uzam\u010den\u00ed v\u00e1m m\u016f\u017ee pomoci profesion\u00e1l. K v\u00fdrob\u011b \u010depele, na n\u00ed\u017e bude pomoc\u00ed obr\u00e1b\u011bc\u00edho stroje vytvo\u0159en jedine\u010dn\u00fd vzor, lze pou\u017e\u00edt jeden z n\u00e1sleduj\u00edc\u00edch typ\u016f materi\u00e1lu:<\/p>\n<p>ocel (duplik\u00e1t se \u010dasem opot\u0159ebov\u00e1v\u00e1 a vy\u017eaduje v\u00fdm\u011bnu);<\/p>\n<p>mosaz (kl\u00ed\u010de z mosazi jsou pova\u017eov\u00e1ny za univerz\u00e1ln\u00ed a maj\u00ed dlouhou \u017eivotnost);<\/p>\n<p>slitina st\u0159\u00edbra a niklu (takov\u00fd v\u00fdrobek je pom\u011brn\u011b drah\u00fd, ale m\u00e1 vynikaj\u00edc\u00ed \u017eivotnost).<\/p>\n<h2>Mo\u017enosti vytvo\u0159en\u00ed duplik\u00e1t\u016f kl\u00ed\u010d\u016f Subaru<\/h2>\n<p>Po v\u00fdrob\u011b \u010depele je \u010dip imobiliz\u00e9ru Subaru naprogramov\u00e1n odborn\u00edkem. V z\u00e1vislosti na specifi\u010dnosti situace se vol\u00ed jeden ze t\u0159\u00ed mo\u017en\u00fdch zp\u016fsob\u016f proveden\u00ed tohoto postupu:<\/p>\n<p>prost\u0159ednictv\u00edm diagnostick\u00fdch konektor\u016f (obvykle OBD2);<\/p>\n<p>prost\u0159ednictv\u00edm pracovn\u00ed pam\u011bti imobiliz\u00e9ru;<\/p>\n<p>pomoc\u00ed kop\u00edrov\u00e1n\u00ed \u010dip\u016f.<\/p>\n<p>V z\u00e1vislosti na modelu vozidla a roku v\u00fdroby se prov\u00e1d\u00ed programov\u00e1n\u00ed z pracovn\u00ed pam\u011bti imobiliz\u00e9ru, pokud je p\u0159\u00edtomna, a tak\u00e9 v p\u0159\u00edpad\u011b BCM nebo ECU, p\u0159\u00edstrojov\u00e9 desky nebo ant\u00e9ny. P\u0159i odemyk\u00e1n\u00ed vozidla a p\u0159i programov\u00e1n\u00ed \u010dipu imobiliz\u00e9ru prost\u0159ednictv\u00edm OBD2 je nutn\u00e9 vozidlo dodat, proto\u017ee je nutn\u00e9 p\u0159ipojit speci\u00e1ln\u00ed za\u0159\u00edzen\u00ed.<\/p>\n<p>K vytvo\u0159en\u00ed kopie kl\u00ed\u010de\/\u010dipu je \u010dasto vy\u017eadov\u00e1n gener\u00e1ln\u00ed kl\u00ed\u010d, ale v z\u00e1vislosti na modelu a roku v\u00fdroby m\u016f\u017ee b\u00fdt vy\u017eadov\u00e1n i samotn\u00fd automobil. V p\u0159\u00edpad\u011b pot\u0159eby v\u00e1m odborn\u00edk vyrob\u00ed kl\u00ed\u010d Subaru, kter\u00fd bude odpov\u00eddat z\u00e1mku. Z\u00e1kladem reprodukce je j\u00e1dro z\u00e1mku, kter\u00e9 obsahuje mnoho tajn\u00fdch prvk\u016f. M\u016f\u017eete si tedy objednat ocelov\u00fd kl\u00ed\u010d (levn\u00e1 a univerz\u00e1ln\u00ed varianta), duplik\u00e1t v plastov\u00e9m pouzd\u0159e (pohodln\u00e9 pou\u017eit\u00ed, ale horn\u00ed \u010d\u00e1st se \u010dasem opot\u0159ebuje), kl\u00ed\u010d s \u010dipovou kartou. Posledn\u00ed typ kl\u00ed\u010de Subaru je pova\u017eov\u00e1n za relativn\u011b nov\u00fd &#8211; pou\u017e\u00edv\u00e1 se pouze u model\u016f se speci\u00e1ln\u00edm bezpe\u010dnostn\u00edm syst\u00e9mem.<\/p>\n","protected":false},"excerpt":{"rendered":"<h2>Vyr\u00e1b\u00edme a programujeme kl\u00ed\u010de pro vozy Subaru.<\/h2>\n<ul>\n<li>V\u00fdroba kl\u00ed\u010d\u016f Subaru<\/li>\n<li>Programov\u00e1n\u00ed kl\u00ed\u010d\u016f Subaru<\/li>\n<li>Oprava kl\u00ed\u010d\u016f Subaru<\/li>\n<li>Kl\u00ed\u010dov\u00e9 org\u00e1ny Subaru<\/li>\n<li>Nouzov\u00e9 odemyk\u00e1n\u00ed voz\u016f Subaru<\/li>\n<\/ul>\n<h3><strong>V\u00fdroba kl\u00ed\u010d\u016f od automobil\u016f<\/strong><\/h3>\n<ul>\n<li><strong>V\u00fdroba nov\u00fdch kl\u00ed\u010d\u016f od vozu, programov\u00e1n\u00ed kl\u00ed\u010d\u016f (&#8222;sv\u00e1z\u00e1n\u00ed&#8220; s vozem)<\/strong><\/li>\n<li><strong>Odstran\u011bn\u00ed d\u0159\u00edve ztracen\u00fdch kl\u00ed\u010d\u016f z pam\u011bti vozidla<\/strong><\/li>\n<li><strong>V\u00fdroba kl\u00ed\u010de zapalov\u00e1n\u00ed podle z\u00e1mku<\/strong><\/li>\n<li><strong>Opravy kl\u00ed\u010d\u016f od automobil\u016f (v\u00fdm\u011bna tla\u010d\u00edtek, pl\u00e1\u0161\u0165\u016f, mechanism\u016f)<\/strong><\/li>\n<li><strong>Nouzov\u00e9 odemyk\u00e1n\u00ed vozu<\/strong><\/li>\n<li><strong>Obchodov\u00e1n\u00ed s kl\u00ed\u010di, pouzdry na kl\u00ed\u010de<\/strong><\/li>\n<li><strong>Vypnut\u00ed softwaru DPF \/ FAP<\/strong><\/li>\n<li><strong>Programov\u00e9 odstran\u011bn\u00ed EGR<\/strong><\/li>\n<li><strong>Deaktivace softwaru imobiliz\u00e9ru (immo Off)<\/strong><\/li>\n<li><strong>Oprava \u0159\u00eddic\u00ed jednotky motoru (ECU), klonov\u00e1n\u00ed, programov\u00e1n\u00ed<\/strong><\/li>\n<li><strong>SRS (programov\u00e1n\u00ed \u0159\u00eddic\u00ed jednotky airbagu)<\/strong><\/li>\n<\/ul>\n<h4><strong>  zbo\u017e\u00ed odesl\u00e1no do 3 pracovn\u00edch dn\u016f.*<\/strong><\/h4>\n","protected":false},"featured_media":21303,"comment_status":"open","ping_status":"closed","template":"","meta":[],"product_brand":[],"product_cat":[5017,5832],"product_tag":[5649,5624,5635,5640,5025,5021,5059,5018,5019,5023,5026,6031,6035,6038,6041],"class_list":{"0":"post-22459","1":"product","2":"type-product","3":"status-publish","4":"has-post-thumbnail","6":"product_cat-subaru-cs","7":"product_cat-vyroba-klicu","8":"product_tag-klic-k-subaru-tribeca","9":"product_tag-klic-od-subaru-forester","10":"product_tag-klic-od-subaru-legacy","11":"product_tag-klic-subaru","12":"product_tag-klic-subaru-forester-shell","13":"product_tag-klicova-schranka-subaru","14":"product_tag-kryt-klice-subaru-forester","15":"product_tag-kryt-klice-subaru-impreza","16":"product_tag-kryt-klice-subaru-legacy","17":"product_tag-kryt-klice-subaru-outback","18":"product_tag-kryt-klice-subaru-tribeca","19":"product_tag-subaru-cs","20":"product_tag-subaru-forester-cs","21":"product_tag-subaru-legacy-cs","22":"product_tag-subaru-tribeca-cs","24":"first","25":"instock","26":"shipping-taxable","27":"product-type-simple"},"yoast_head":"<!-- This site is optimized with the Yoast SEO plugin v27.3 - https:\/\/yoast.com\/product\/yoast-seo-wordpress\/ -->\n<title>Kl\u00ed\u010dov\u00e1 v\u00fdroba voz\u016f Subaru - Keys for auto<\/title>\n<meta name=\"robots\" content=\"index, follow, max-snippet:-1, max-image-preview:large, max-video-preview:-1\" \/>\n<link rel=\"canonical\" href=\"https:\/\/keys-for-auto.eu\/cs\/product\/key-production-for-subaru-cars\/\" \/>\n<meta property=\"og:locale\" content=\"cs_CZ\" \/>\n<meta property=\"og:type\" content=\"article\" \/>\n<meta property=\"og:title\" content=\"Kl\u00ed\u010dov\u00e1 v\u00fdroba voz\u016f Subaru - Keys for auto\" \/>\n<meta property=\"og:description\" content=\"Vyr\u00e1b\u00edme a programujeme kl\u00ed\u010de pro vozy Subaru.  V\u00fdroba kl\u00ed\u010d\u016f Subaru  Programov\u00e1n\u00ed kl\u00ed\u010d\u016f Subaru  Oprava kl\u00ed\u010d\u016f Subaru  Kl\u00ed\u010dov\u00e9 org\u00e1ny Subaru  Nouzov\u00e9 odemyk\u00e1n\u00ed voz\u016f Subaru V\u00fdroba kl\u00ed\u010d\u016f od automobil\u016f  V\u00fdroba nov\u00fdch kl\u00ed\u010d\u016f od vozu, programov\u00e1n\u00ed kl\u00ed\u010d\u016f (&quot;sv\u00e1z\u00e1n\u00ed&quot; s vozem)  Odstran\u011bn\u00ed d\u0159\u00edve ztracen\u00fdch kl\u00ed\u010d\u016f z pam\u011bti vozidla  V\u00fdroba kl\u00ed\u010de zapalov\u00e1n\u00ed podle z\u00e1mku  Opravy kl\u00ed\u010d\u016f od automobil\u016f (v\u00fdm\u011bna tla\u010d\u00edtek, pl\u00e1\u0161\u0165\u016f, mechanism\u016f)  Nouzov\u00e9 odemyk\u00e1n\u00ed vozu  Obchodov\u00e1n\u00ed s kl\u00ed\u010di, pouzdry na kl\u00ed\u010de  Vypnut\u00ed softwaru DPF \/ FAP  Programov\u00e9 odstran\u011bn\u00ed EGR  Deaktivace softwaru imobiliz\u00e9ru (immo Off)  Oprava \u0159\u00eddic\u00ed jednotky motoru (ECU), klonov\u00e1n\u00ed, programov\u00e1n\u00ed  SRS (programov\u00e1n\u00ed \u0159\u00eddic\u00ed jednotky airbagu)  zbo\u017e\u00ed odesl\u00e1no do 3 pracovn\u00edch dn\u016f.*\" \/>\n<meta property=\"og:url\" content=\"https:\/\/keys-for-auto.eu\/cs\/product\/key-production-for-subaru-cars\/\" \/>\n<meta property=\"og:site_name\" content=\"Keys for auto\" \/>\n<meta property=\"article:publisher\" content=\"https:\/\/www.facebook.com\/KeysForAutoEU\" \/>\n<meta property=\"article:modified_time\" content=\"2023-02-20T19:32:55+00:00\" \/>\n<meta property=\"og:image\" content=\"https:\/\/keys-for-auto.eu\/wp-content\/uploads\/2022\/12\/admin-ajax-removebg-preview-2-1.png\" \/>\n\t<meta property=\"og:image:width\" content=\"400\" \/>\n\t<meta property=\"og:image:height\" content=\"398\" \/>\n\t<meta property=\"og:image:type\" content=\"image\/png\" \/>\n<meta name=\"twitter:card\" content=\"summary_large_image\" \/>\n<meta name=\"twitter:label1\" content=\"Odhadovan\u00e1 doba \u010dten\u00ed\" \/>\n\t<meta name=\"twitter:data1\" content=\"2 minuty\" \/>\n<script type=\"application\/ld+json\" class=\"yoast-schema-graph\">{\"@context\":\"https:\\\/\\\/schema.org\",\"@graph\":[{\"@type\":[\"WebPage\",\"ItemPage\"],\"@id\":\"https:\\\/\\\/keys-for-auto.eu\\\/cs\\\/product\\\/key-production-for-subaru-cars\\\/\",\"url\":\"https:\\\/\\\/keys-for-auto.eu\\\/cs\\\/product\\\/key-production-for-subaru-cars\\\/\",\"name\":\"Kl\u00ed\u010dov\u00e1 v\u00fdroba voz\u016f Subaru - Keys for auto\",\"isPartOf\":{\"@id\":\"https:\\\/\\\/keys-for-auto.eu\\\/cs\\\/#website\"},\"primaryImageOfPage\":{\"@id\":\"https:\\\/\\\/keys-for-auto.eu\\\/cs\\\/product\\\/key-production-for-subaru-cars\\\/#primaryimage\"},\"image\":{\"@id\":\"https:\\\/\\\/keys-for-auto.eu\\\/cs\\\/product\\\/key-production-for-subaru-cars\\\/#primaryimage\"},\"thumbnailUrl\":\"https:\\\/\\\/keys-for-auto.eu\\\/wp-content\\\/uploads\\\/2022\\\/12\\\/admin-ajax-removebg-preview-2-1.png\",\"datePublished\":\"2017-12-03T21:27:04+00:00\",\"dateModified\":\"2023-02-20T19:32:55+00:00\",\"breadcrumb\":{\"@id\":\"https:\\\/\\\/keys-for-auto.eu\\\/cs\\\/product\\\/key-production-for-subaru-cars\\\/#breadcrumb\"},\"inLanguage\":\"cs\",\"potentialAction\":[{\"@type\":\"ReadAction\",\"target\":[\"https:\\\/\\\/keys-for-auto.eu\\\/cs\\\/product\\\/key-production-for-subaru-cars\\\/\"]}]},{\"@type\":\"ImageObject\",\"inLanguage\":\"cs\",\"@id\":\"https:\\\/\\\/keys-for-auto.eu\\\/cs\\\/product\\\/key-production-for-subaru-cars\\\/#primaryimage\",\"url\":\"https:\\\/\\\/keys-for-auto.eu\\\/wp-content\\\/uploads\\\/2022\\\/12\\\/admin-ajax-removebg-preview-2-1.png\",\"contentUrl\":\"https:\\\/\\\/keys-for-auto.eu\\\/wp-content\\\/uploads\\\/2022\\\/12\\\/admin-ajax-removebg-preview-2-1.png\",\"width\":400,\"height\":398},{\"@type\":\"BreadcrumbList\",\"@id\":\"https:\\\/\\\/keys-for-auto.eu\\\/cs\\\/product\\\/key-production-for-subaru-cars\\\/#breadcrumb\",\"itemListElement\":[{\"@type\":\"ListItem\",\"position\":1,\"name\":\"Home\",\"item\":\"https:\\\/\\\/keys-for-auto.eu\\\/cs\\\/\"},{\"@type\":\"ListItem\",\"position\":2,\"name\":\"Shop\",\"item\":\"https:\\\/\\\/keys-for-auto.eu\\\/\"},{\"@type\":\"ListItem\",\"position\":3,\"name\":\"Kl\u00ed\u010dov\u00e1 v\u00fdroba voz\u016f Subaru\"}]},{\"@type\":\"WebSite\",\"@id\":\"https:\\\/\\\/keys-for-auto.eu\\\/cs\\\/#website\",\"url\":\"https:\\\/\\\/keys-for-auto.eu\\\/cs\\\/\",\"name\":\"Keys for auto\",\"description\":\"Car keys,  key shells, key programming\",\"publisher\":{\"@id\":\"https:\\\/\\\/keys-for-auto.eu\\\/cs\\\/#organization\"},\"potentialAction\":[{\"@type\":\"SearchAction\",\"target\":{\"@type\":\"EntryPoint\",\"urlTemplate\":\"https:\\\/\\\/keys-for-auto.eu\\\/cs\\\/?s={search_term_string}\"},\"query-input\":{\"@type\":\"PropertyValueSpecification\",\"valueRequired\":true,\"valueName\":\"search_term_string\"}}],\"inLanguage\":\"cs\"},{\"@type\":\"Organization\",\"@id\":\"https:\\\/\\\/keys-for-auto.eu\\\/cs\\\/#organization\",\"name\":\"Kl\u00ed\u010de pro auto\",\"url\":\"https:\\\/\\\/keys-for-auto.eu\\\/cs\\\/\",\"logo\":{\"@type\":\"ImageObject\",\"inLanguage\":\"cs\",\"@id\":\"https:\\\/\\\/keys-for-auto.eu\\\/cs\\\/#\\\/schema\\\/logo\\\/image\\\/\",\"url\":\"https:\\\/\\\/keys-for-auto.eu\\\/wp-content\\\/uploads\\\/2022\\\/11\\\/cropped-png1.png\",\"contentUrl\":\"https:\\\/\\\/keys-for-auto.eu\\\/wp-content\\\/uploads\\\/2022\\\/11\\\/cropped-png1.png\",\"width\":1000,\"height\":342,\"caption\":\"Kl\u00ed\u010de pro auto\"},\"image\":{\"@id\":\"https:\\\/\\\/keys-for-auto.eu\\\/cs\\\/#\\\/schema\\\/logo\\\/image\\\/\"},\"sameAs\":[\"https:\\\/\\\/www.facebook.com\\\/KeysForAutoEU\"]}]}<\/script>\n<!-- \/ Yoast SEO plugin. -->","yoast_head_json":{"title":"Kl\u00ed\u010dov\u00e1 v\u00fdroba voz\u016f Subaru - Keys for auto","robots":{"index":"index","follow":"follow","max-snippet":"max-snippet:-1","max-image-preview":"max-image-preview:large","max-video-preview":"max-video-preview:-1"},"canonical":"https:\/\/keys-for-auto.eu\/cs\/product\/key-production-for-subaru-cars\/","og_locale":"cs_CZ","og_type":"article","og_title":"Kl\u00ed\u010dov\u00e1 v\u00fdroba voz\u016f Subaru - Keys for auto","og_description":"Vyr\u00e1b\u00edme a programujeme kl\u00ed\u010de pro vozy Subaru.  V\u00fdroba kl\u00ed\u010d\u016f Subaru  Programov\u00e1n\u00ed kl\u00ed\u010d\u016f Subaru  Oprava kl\u00ed\u010d\u016f Subaru  Kl\u00ed\u010dov\u00e9 org\u00e1ny Subaru  Nouzov\u00e9 odemyk\u00e1n\u00ed voz\u016f Subaru V\u00fdroba kl\u00ed\u010d\u016f od automobil\u016f  V\u00fdroba nov\u00fdch kl\u00ed\u010d\u016f od vozu, programov\u00e1n\u00ed kl\u00ed\u010d\u016f (\"sv\u00e1z\u00e1n\u00ed\" s vozem)  Odstran\u011bn\u00ed d\u0159\u00edve ztracen\u00fdch kl\u00ed\u010d\u016f z pam\u011bti vozidla  V\u00fdroba kl\u00ed\u010de zapalov\u00e1n\u00ed podle z\u00e1mku  Opravy kl\u00ed\u010d\u016f od automobil\u016f (v\u00fdm\u011bna tla\u010d\u00edtek, pl\u00e1\u0161\u0165\u016f, mechanism\u016f)  Nouzov\u00e9 odemyk\u00e1n\u00ed vozu  Obchodov\u00e1n\u00ed s kl\u00ed\u010di, pouzdry na kl\u00ed\u010de  Vypnut\u00ed softwaru DPF \/ FAP  Programov\u00e9 odstran\u011bn\u00ed EGR  Deaktivace softwaru imobiliz\u00e9ru (immo Off)  Oprava \u0159\u00eddic\u00ed jednotky motoru (ECU), klonov\u00e1n\u00ed, programov\u00e1n\u00ed  SRS (programov\u00e1n\u00ed \u0159\u00eddic\u00ed jednotky airbagu)  zbo\u017e\u00ed odesl\u00e1no do 3 pracovn\u00edch dn\u016f.*","og_url":"https:\/\/keys-for-auto.eu\/cs\/product\/key-production-for-subaru-cars\/","og_site_name":"Keys for auto","article_publisher":"https:\/\/www.facebook.com\/KeysForAutoEU","article_modified_time":"2023-02-20T19:32:55+00:00","og_image":[{"width":400,"height":398,"url":"https:\/\/keys-for-auto.eu\/wp-content\/uploads\/2022\/12\/admin-ajax-removebg-preview-2-1.png","type":"image\/png"}],"twitter_card":"summary_large_image","twitter_misc":{"Odhadovan\u00e1 doba \u010dten\u00ed":"2 minuty"},"schema":{"@context":"https:\/\/schema.org","@graph":[{"@type":["WebPage","ItemPage"],"@id":"https:\/\/keys-for-auto.eu\/cs\/product\/key-production-for-subaru-cars\/","url":"https:\/\/keys-for-auto.eu\/cs\/product\/key-production-for-subaru-cars\/","name":"Kl\u00ed\u010dov\u00e1 v\u00fdroba voz\u016f Subaru - Keys for auto","isPartOf":{"@id":"https:\/\/keys-for-auto.eu\/cs\/#website"},"primaryImageOfPage":{"@id":"https:\/\/keys-for-auto.eu\/cs\/product\/key-production-for-subaru-cars\/#primaryimage"},"image":{"@id":"https:\/\/keys-for-auto.eu\/cs\/product\/key-production-for-subaru-cars\/#primaryimage"},"thumbnailUrl":"https:\/\/keys-for-auto.eu\/wp-content\/uploads\/2022\/12\/admin-ajax-removebg-preview-2-1.png","datePublished":"2017-12-03T21:27:04+00:00","dateModified":"2023-02-20T19:32:55+00:00","breadcrumb":{"@id":"https:\/\/keys-for-auto.eu\/cs\/product\/key-production-for-subaru-cars\/#breadcrumb"},"inLanguage":"cs","potentialAction":[{"@type":"ReadAction","target":["https:\/\/keys-for-auto.eu\/cs\/product\/key-production-for-subaru-cars\/"]}]},{"@type":"ImageObject","inLanguage":"cs","@id":"https:\/\/keys-for-auto.eu\/cs\/product\/key-production-for-subaru-cars\/#primaryimage","url":"https:\/\/keys-for-auto.eu\/wp-content\/uploads\/2022\/12\/admin-ajax-removebg-preview-2-1.png","contentUrl":"https:\/\/keys-for-auto.eu\/wp-content\/uploads\/2022\/12\/admin-ajax-removebg-preview-2-1.png","width":400,"height":398},{"@type":"BreadcrumbList","@id":"https:\/\/keys-for-auto.eu\/cs\/product\/key-production-for-subaru-cars\/#breadcrumb","itemListElement":[{"@type":"ListItem","position":1,"name":"Home","item":"https:\/\/keys-for-auto.eu\/cs\/"},{"@type":"ListItem","position":2,"name":"Shop","item":"https:\/\/keys-for-auto.eu\/"},{"@type":"ListItem","position":3,"name":"Kl\u00ed\u010dov\u00e1 v\u00fdroba voz\u016f Subaru"}]},{"@type":"WebSite","@id":"https:\/\/keys-for-auto.eu\/cs\/#website","url":"https:\/\/keys-for-auto.eu\/cs\/","name":"Keys for auto","description":"Car keys,  key shells, key programming","publisher":{"@id":"https:\/\/keys-for-auto.eu\/cs\/#organization"},"potentialAction":[{"@type":"SearchAction","target":{"@type":"EntryPoint","urlTemplate":"https:\/\/keys-for-auto.eu\/cs\/?s={search_term_string}"},"query-input":{"@type":"PropertyValueSpecification","valueRequired":true,"valueName":"search_term_string"}}],"inLanguage":"cs"},{"@type":"Organization","@id":"https:\/\/keys-for-auto.eu\/cs\/#organization","name":"Kl\u00ed\u010de pro auto","url":"https:\/\/keys-for-auto.eu\/cs\/","logo":{"@type":"ImageObject","inLanguage":"cs","@id":"https:\/\/keys-for-auto.eu\/cs\/#\/schema\/logo\/image\/","url":"https:\/\/keys-for-auto.eu\/wp-content\/uploads\/2022\/11\/cropped-png1.png","contentUrl":"https:\/\/keys-for-auto.eu\/wp-content\/uploads\/2022\/11\/cropped-png1.png","width":1000,"height":342,"caption":"Kl\u00ed\u010de pro auto"},"image":{"@id":"https:\/\/keys-for-auto.eu\/cs\/#\/schema\/logo\/image\/"},"sameAs":["https:\/\/www.facebook.com\/KeysForAutoEU"]}]}},"_links":{"self":[{"href":"https:\/\/keys-for-auto.eu\/cs\/wp-json\/wp\/v2\/product\/22459","targetHints":{"allow":["GET"]}}],"collection":[{"href":"https:\/\/keys-for-auto.eu\/cs\/wp-json\/wp\/v2\/product"}],"about":[{"href":"https:\/\/keys-for-auto.eu\/cs\/wp-json\/wp\/v2\/types\/product"}],"replies":[{"embeddable":true,"href":"https:\/\/keys-for-auto.eu\/cs\/wp-json\/wp\/v2\/comments?post=22459"}],"wp:featuredmedia":[{"embeddable":true,"href":"https:\/\/keys-for-auto.eu\/cs\/wp-json\/wp\/v2\/media\/21303"}],"wp:attachment":[{"href":"https:\/\/keys-for-auto.eu\/cs\/wp-json\/wp\/v2\/media?parent=22459"}],"wp:term":[{"taxonomy":"product_brand","embeddable":true,"href":"https:\/\/keys-for-auto.eu\/cs\/wp-json\/wp\/v2\/product_brand?post=22459"},{"taxonomy":"product_cat","embeddable":true,"href":"https:\/\/keys-for-auto.eu\/cs\/wp-json\/wp\/v2\/product_cat?post=22459"},{"taxonomy":"product_tag","embeddable":true,"href":"https:\/\/keys-for-auto.eu\/cs\/wp-json\/wp\/v2\/product_tag?post=22459"}],"curies":[{"name":"wp","href":"https:\/\/api.w.org\/{rel}","templated":true}]}}