{"id":22457,"date":"2017-12-03T21:10:58","date_gmt":"2017-12-03T21:10:58","guid":{"rendered":"https:\/\/keys-for-auto.eu\/product\/vyroba-klicu-pro-vozy-skoda\/"},"modified":"2023-02-20T19:33:11","modified_gmt":"2023-02-20T19:33:11","slug":"vyroba-klicu-pro-skoda-auta","status":"publish","type":"product","link":"https:\/\/keys-for-auto.eu\/cs\/product\/vyroba-klicu-pro-skoda-auta\/","title":{"rendered":"V\u00fdroba kl\u00ed\u010d\u016f pro vozy \u0160koda"},"content":{"rendered":"<h2>V\u00fdroba kl\u00ed\u010d\u016f \u0160koda<\/h2>\n<p>Ka\u017ed\u00e9 vozidlo vyroben\u00e9 n\u011bmeckou skupinou VAG je vybaveno nejmodern\u011bj\u0161\u00edmi syst\u00e9my. &#8222;P\u0159i v\u00fdrob\u011b voz\u016f \u0160koda se pou\u017e\u00edvaj\u00ed v\u0161echny nejmodern\u011bj\u0161\u00ed technologie, kter\u00e9 jsou dnes k dispozici. Proto je ka\u017ed\u00fd TP vybaven skl\u00e1dac\u00edm kl\u00ed\u010dem s \u010dipem. Slou\u017e\u00ed jako za\u0159\u00edzen\u00ed proti kr\u00e1de\u017ei a pro vzd\u00e1len\u00fd p\u0159\u00edstup do vozu. Pokud je vozidlo zakoupeno s jednou sadou kl\u00ed\u010d\u016f, je t\u0159eba zv\u00e1\u017eit mo\u017enost v\u00fdroby n\u00e1hradn\u00edho kl\u00ed\u010de (v\u00fdroba kl\u00ed\u010d\u016f \u0160koda). V opa\u010dn\u00e9m p\u0159\u00edpad\u011b byste p\u0159i ztr\u00e1t\u011b kl\u00ed\u010de museli zaplatit zna\u010dnou \u010d\u00e1stku za jeho v\u00fdm\u011bnu.<\/p>\n<h2>Pro va\u0161i vlastn\u00ed bezpe\u010dnost<\/h2>\n<p>Proces v\u00fdroby duplik\u00e1tu kl\u00ed\u010de prob\u00edh\u00e1 ve dvou f\u00e1z\u00edch: nejprve se vyrob\u00ed mechanick\u00e1 \u010d\u00e1st kl\u00ed\u010de. M\u016f\u017ee v\u0161ak pouze odemknout vozidlo, ale nem\u016f\u017ee nastartovat motor. K aktivaci vozu je zapot\u0159eb\u00ed k\u00f3d, kter\u00fd se zap\u00ed\u0161e do \u010dipu. Tento krok je obzvl\u00e1\u0161t\u011b obt\u00ed\u017en\u00fd a je t\u00e9m\u011b\u0159 nemo\u017en\u00e9 jej zvl\u00e1dnout samostatn\u011b. Proto je lep\u0161\u00ed obr\u00e1tit se na servisn\u00ed st\u0159edisko se spr\u00e1vn\u00fdm vybaven\u00edm.<\/p>\n<p>V \u010dipu skl\u00e1dac\u00edho kl\u00ed\u010de je ulo\u017een jedine\u010dn\u00fd k\u00f3d, kter\u00fd se opakuje v \u0159\u00eddic\u00ed jednotce vozidla. P\u0159i otev\u0159en\u00ed vozidla pomoc\u00ed tohoto za\u0159\u00edzen\u00ed vozidlo skenuje p\u0159ijat\u00e1 data. Pokud se k\u00f3dy shoduj\u00ed, vozidlo se aktivuje, pokud se v\u0161ak neshoduj\u00ed, zablokuje sv\u00e9 syst\u00e9my, proto\u017ee elektronick\u00e1 \u0159\u00eddic\u00ed jednotka (ECU) obdr\u017e\u00ed sign\u00e1l o vloup\u00e1n\u00ed. Technik autoservisu pomoc\u00ed diagnostick\u00e9ho za\u0159\u00edzen\u00ed naskenuje \u0161ifru z p\u016fvodn\u00edho kl\u00ed\u010de a vlo\u017e\u00ed ji do duplik\u00e1tu. Naprogramuj\u00ed tak\u00e9 d\u00e1lkov\u00e9 ovl\u00e1d\u00e1n\u00ed odemykac\u00edho za\u0159\u00edzen\u00ed. Kl\u00ed\u010dem lze pak otev\u0159\u00edt zavazadlov\u00fd prostor, zvednout okenn\u00ed sklo, zav\u0159\u00edt st\u0159e\u0161n\u00ed okno nebo panoramatickou st\u0159echu.<\/p>\n<p>Modern\u00ed kl\u00ed\u010d je mo\u017en\u00e9 reprodukovat nejen z p\u016fvodn\u00edho modelu, ale v p\u0159\u00edpad\u011b pot\u0159eby i ze z\u00e1mku. Takov\u00e1 slu\u017eba je v\u0161ak pro majitele vozu mnohem dra\u017e\u0161\u00ed. Proto je t\u0159eba se o v\u00fdrobu n\u00e1hradn\u00edho odblokovac\u00edho za\u0159\u00edzen\u00ed postarat v\u017edy ji\u017e p\u0159i n\u00e1kupu.<\/p>\n","protected":false},"excerpt":{"rendered":"<h2>Vyr\u00e1b\u00edme a programujeme kl\u00ed\u010de pro vozy \u0160koda.<\/h2>\n<ul>\n<li>V\u00fdroba kl\u00ed\u010d\u016f \u0160koda<\/li>\n<li>Programov\u00e1n\u00ed kl\u00ed\u010d\u016f \u0160koda<\/li>\n<li>Oprava kl\u00ed\u010d\u016f \u0160koda<\/li>\n<li>Krytky kl\u00ed\u010d\u016f \u0160koda<\/li>\n<li>Nouzov\u00e9 odemyk\u00e1n\u00ed voz\u016f \u0160koda<\/li>\n<\/ul>\n<h3><strong>V\u00fdroba kl\u00ed\u010d\u016f od automobil\u016f<\/strong><\/h3>\n<ul>\n<li><strong>V\u00fdroba nov\u00fdch kl\u00ed\u010d\u016f od vozu, programov\u00e1n\u00ed kl\u00ed\u010d\u016f (&#8222;sv\u00e1z\u00e1n\u00ed&#8220; s vozem)<\/strong><\/li>\n<li><strong>Odstran\u011bn\u00ed d\u0159\u00edve ztracen\u00fdch kl\u00ed\u010d\u016f z pam\u011bti vozidla<\/strong><\/li>\n<li><strong>V\u00fdroba kl\u00ed\u010de zapalov\u00e1n\u00ed podle z\u00e1mku<\/strong><\/li>\n<li><strong>Opravy kl\u00ed\u010d\u016f od automobil\u016f (v\u00fdm\u011bna tla\u010d\u00edtek, pl\u00e1\u0161\u0165\u016f, mechanism\u016f)<\/strong><\/li>\n<li><strong>Nouzov\u00e9 odemyk\u00e1n\u00ed vozu<\/strong><\/li>\n<li><strong>Obchodov\u00e1n\u00ed s kl\u00ed\u010di, pouzdry na kl\u00ed\u010de<\/strong><\/li>\n<li><strong>Vypnut\u00ed softwaru DPF \/ FAP<\/strong><\/li>\n<li><strong>Programov\u00e9 odstran\u011bn\u00ed EGR<\/strong><\/li>\n<li><strong>Deaktivace softwaru imobiliz\u00e9ru (immo Off)<\/strong><\/li>\n<li><strong>Oprava \u0159\u00eddic\u00ed jednotky motoru (ECU), klonov\u00e1n\u00ed, programov\u00e1n\u00ed<\/strong><\/li>\n<li><strong>SRS (programov\u00e1n\u00ed \u0159\u00eddic\u00ed jednotky airbagu)<\/strong><\/li>\n<\/ul>\n<h4><strong>  polo\u017eky odeslan\u00e9 v r\u00e1mci 3d.d.*<\/strong><\/h4>\n","protected":false},"featured_media":21291,"comment_status":"open","ping_status":"closed","template":"","meta":[],"product_brand":[],"product_cat":[4958,5832],"product_tag":[5587,4972,4967,4970,6030],"class_list":{"0":"post-22457","1":"product","2":"type-product","3":"status-publish","4":"has-post-thumbnail","6":"product_cat-skoda-cs","7":"product_cat-vyroba-klicu","8":"product_tag-klic-skoda","9":"product_tag-kryt-klice-skoda","10":"product_tag-kryt-klice-skoda-fabia","11":"product_tag-kryt-klice-skoda-octavia","12":"product_tag-vyroba-klicu-skoda","14":"first","15":"instock","16":"shipping-taxable","17":"product-type-simple"},"yoast_head":"<!-- This site is optimized with the Yoast SEO plugin v27.3 - https:\/\/yoast.com\/product\/yoast-seo-wordpress\/ -->\n<title>V\u00fdroba kl\u00ed\u010d\u016f pro vozy \u0160koda - Keys for auto<\/title>\n<meta name=\"robots\" content=\"index, follow, max-snippet:-1, max-image-preview:large, max-video-preview:-1\" \/>\n<link rel=\"canonical\" href=\"https:\/\/keys-for-auto.eu\/cs\/product\/vyroba-klicu-pro-skoda-auta\/\" \/>\n<meta property=\"og:locale\" content=\"cs_CZ\" \/>\n<meta property=\"og:type\" content=\"article\" \/>\n<meta property=\"og:title\" content=\"V\u00fdroba kl\u00ed\u010d\u016f pro vozy \u0160koda - Keys for auto\" \/>\n<meta property=\"og:description\" content=\"Vyr\u00e1b\u00edme a programujeme kl\u00ed\u010de pro vozy \u0160koda.  V\u00fdroba kl\u00ed\u010d\u016f \u0160koda  Programov\u00e1n\u00ed kl\u00ed\u010d\u016f \u0160koda  Oprava kl\u00ed\u010d\u016f \u0160koda  Krytky kl\u00ed\u010d\u016f \u0160koda  Nouzov\u00e9 odemyk\u00e1n\u00ed voz\u016f \u0160koda V\u00fdroba kl\u00ed\u010d\u016f od automobil\u016f  V\u00fdroba nov\u00fdch kl\u00ed\u010d\u016f od vozu, programov\u00e1n\u00ed kl\u00ed\u010d\u016f (&quot;sv\u00e1z\u00e1n\u00ed&quot; s vozem)  Odstran\u011bn\u00ed d\u0159\u00edve ztracen\u00fdch kl\u00ed\u010d\u016f z pam\u011bti vozidla  V\u00fdroba kl\u00ed\u010de zapalov\u00e1n\u00ed podle z\u00e1mku  Opravy kl\u00ed\u010d\u016f od automobil\u016f (v\u00fdm\u011bna tla\u010d\u00edtek, pl\u00e1\u0161\u0165\u016f, mechanism\u016f)  Nouzov\u00e9 odemyk\u00e1n\u00ed vozu  Obchodov\u00e1n\u00ed s kl\u00ed\u010di, pouzdry na kl\u00ed\u010de  Vypnut\u00ed softwaru DPF \/ FAP  Programov\u00e9 odstran\u011bn\u00ed EGR  Deaktivace softwaru imobiliz\u00e9ru (immo Off)  Oprava \u0159\u00eddic\u00ed jednotky motoru (ECU), klonov\u00e1n\u00ed, programov\u00e1n\u00ed  SRS (programov\u00e1n\u00ed \u0159\u00eddic\u00ed jednotky airbagu)  polo\u017eky odeslan\u00e9 v r\u00e1mci 3d.d.*\" \/>\n<meta property=\"og:url\" content=\"https:\/\/keys-for-auto.eu\/cs\/product\/vyroba-klicu-pro-skoda-auta\/\" \/>\n<meta property=\"og:site_name\" content=\"Keys for auto\" \/>\n<meta property=\"article:publisher\" content=\"https:\/\/www.facebook.com\/KeysForAutoEU\" \/>\n<meta property=\"article:modified_time\" content=\"2023-02-20T19:33:11+00:00\" \/>\n<meta property=\"og:image\" content=\"https:\/\/i0.wp.com\/keys-for-auto.eu\/wp-content\/uploads\/2022\/12\/admin-ajax__5_-removebg-preview.png?fit=505%2C494&ssl=1\" \/>\n\t<meta property=\"og:image:width\" content=\"505\" \/>\n\t<meta property=\"og:image:height\" content=\"494\" \/>\n\t<meta property=\"og:image:type\" content=\"image\/png\" \/>\n<meta name=\"twitter:card\" content=\"summary_large_image\" \/>\n<meta name=\"twitter:label1\" content=\"Odhadovan\u00e1 doba \u010dten\u00ed\" \/>\n\t<meta name=\"twitter:data1\" content=\"2 minuty\" \/>\n<script type=\"application\/ld+json\" class=\"yoast-schema-graph\">{\"@context\":\"https:\\\/\\\/schema.org\",\"@graph\":[{\"@type\":[\"WebPage\",\"ItemPage\"],\"@id\":\"https:\\\/\\\/keys-for-auto.eu\\\/cs\\\/product\\\/vyroba-klicu-pro-skoda-auta\\\/\",\"url\":\"https:\\\/\\\/keys-for-auto.eu\\\/cs\\\/product\\\/vyroba-klicu-pro-skoda-auta\\\/\",\"name\":\"V\u00fdroba kl\u00ed\u010d\u016f pro vozy \u0160koda - Keys for auto\",\"isPartOf\":{\"@id\":\"https:\\\/\\\/keys-for-auto.eu\\\/cs\\\/#website\"},\"primaryImageOfPage\":{\"@id\":\"https:\\\/\\\/keys-for-auto.eu\\\/cs\\\/product\\\/vyroba-klicu-pro-skoda-auta\\\/#primaryimage\"},\"image\":{\"@id\":\"https:\\\/\\\/keys-for-auto.eu\\\/cs\\\/product\\\/vyroba-klicu-pro-skoda-auta\\\/#primaryimage\"},\"thumbnailUrl\":\"https:\\\/\\\/keys-for-auto.eu\\\/wp-content\\\/uploads\\\/2022\\\/12\\\/admin-ajax__5_-removebg-preview.png\",\"datePublished\":\"2017-12-03T21:10:58+00:00\",\"dateModified\":\"2023-02-20T19:33:11+00:00\",\"breadcrumb\":{\"@id\":\"https:\\\/\\\/keys-for-auto.eu\\\/cs\\\/product\\\/vyroba-klicu-pro-skoda-auta\\\/#breadcrumb\"},\"inLanguage\":\"cs\",\"potentialAction\":[{\"@type\":\"ReadAction\",\"target\":[\"https:\\\/\\\/keys-for-auto.eu\\\/cs\\\/product\\\/vyroba-klicu-pro-skoda-auta\\\/\"]}]},{\"@type\":\"ImageObject\",\"inLanguage\":\"cs\",\"@id\":\"https:\\\/\\\/keys-for-auto.eu\\\/cs\\\/product\\\/vyroba-klicu-pro-skoda-auta\\\/#primaryimage\",\"url\":\"https:\\\/\\\/keys-for-auto.eu\\\/wp-content\\\/uploads\\\/2022\\\/12\\\/admin-ajax__5_-removebg-preview.png\",\"contentUrl\":\"https:\\\/\\\/keys-for-auto.eu\\\/wp-content\\\/uploads\\\/2022\\\/12\\\/admin-ajax__5_-removebg-preview.png\",\"width\":505,\"height\":494},{\"@type\":\"BreadcrumbList\",\"@id\":\"https:\\\/\\\/keys-for-auto.eu\\\/cs\\\/product\\\/vyroba-klicu-pro-skoda-auta\\\/#breadcrumb\",\"itemListElement\":[{\"@type\":\"ListItem\",\"position\":1,\"name\":\"Home\",\"item\":\"https:\\\/\\\/keys-for-auto.eu\\\/cs\\\/\"},{\"@type\":\"ListItem\",\"position\":2,\"name\":\"Shop\",\"item\":\"https:\\\/\\\/keys-for-auto.eu\\\/\"},{\"@type\":\"ListItem\",\"position\":3,\"name\":\"V\u00fdroba kl\u00ed\u010d\u016f pro vozy \u0160koda\"}]},{\"@type\":\"WebSite\",\"@id\":\"https:\\\/\\\/keys-for-auto.eu\\\/cs\\\/#website\",\"url\":\"https:\\\/\\\/keys-for-auto.eu\\\/cs\\\/\",\"name\":\"Keys for auto\",\"description\":\"Car keys,  key shells, key programming\",\"publisher\":{\"@id\":\"https:\\\/\\\/keys-for-auto.eu\\\/cs\\\/#organization\"},\"potentialAction\":[{\"@type\":\"SearchAction\",\"target\":{\"@type\":\"EntryPoint\",\"urlTemplate\":\"https:\\\/\\\/keys-for-auto.eu\\\/cs\\\/?s={search_term_string}\"},\"query-input\":{\"@type\":\"PropertyValueSpecification\",\"valueRequired\":true,\"valueName\":\"search_term_string\"}}],\"inLanguage\":\"cs\"},{\"@type\":\"Organization\",\"@id\":\"https:\\\/\\\/keys-for-auto.eu\\\/cs\\\/#organization\",\"name\":\"Kl\u00ed\u010de pro auto\",\"url\":\"https:\\\/\\\/keys-for-auto.eu\\\/cs\\\/\",\"logo\":{\"@type\":\"ImageObject\",\"inLanguage\":\"cs\",\"@id\":\"https:\\\/\\\/keys-for-auto.eu\\\/cs\\\/#\\\/schema\\\/logo\\\/image\\\/\",\"url\":\"https:\\\/\\\/keys-for-auto.eu\\\/wp-content\\\/uploads\\\/2022\\\/11\\\/cropped-png1.png\",\"contentUrl\":\"https:\\\/\\\/keys-for-auto.eu\\\/wp-content\\\/uploads\\\/2022\\\/11\\\/cropped-png1.png\",\"width\":1000,\"height\":342,\"caption\":\"Kl\u00ed\u010de pro auto\"},\"image\":{\"@id\":\"https:\\\/\\\/keys-for-auto.eu\\\/cs\\\/#\\\/schema\\\/logo\\\/image\\\/\"},\"sameAs\":[\"https:\\\/\\\/www.facebook.com\\\/KeysForAutoEU\"]}]}<\/script>\n<!-- \/ Yoast SEO plugin. -->","yoast_head_json":{"title":"V\u00fdroba kl\u00ed\u010d\u016f pro vozy \u0160koda - Keys for auto","robots":{"index":"index","follow":"follow","max-snippet":"max-snippet:-1","max-image-preview":"max-image-preview:large","max-video-preview":"max-video-preview:-1"},"canonical":"https:\/\/keys-for-auto.eu\/cs\/product\/vyroba-klicu-pro-skoda-auta\/","og_locale":"cs_CZ","og_type":"article","og_title":"V\u00fdroba kl\u00ed\u010d\u016f pro vozy \u0160koda - Keys for auto","og_description":"Vyr\u00e1b\u00edme a programujeme kl\u00ed\u010de pro vozy \u0160koda.  V\u00fdroba kl\u00ed\u010d\u016f \u0160koda  Programov\u00e1n\u00ed kl\u00ed\u010d\u016f \u0160koda  Oprava kl\u00ed\u010d\u016f \u0160koda  Krytky kl\u00ed\u010d\u016f \u0160koda  Nouzov\u00e9 odemyk\u00e1n\u00ed voz\u016f \u0160koda V\u00fdroba kl\u00ed\u010d\u016f od automobil\u016f  V\u00fdroba nov\u00fdch kl\u00ed\u010d\u016f od vozu, programov\u00e1n\u00ed kl\u00ed\u010d\u016f (\"sv\u00e1z\u00e1n\u00ed\" s vozem)  Odstran\u011bn\u00ed d\u0159\u00edve ztracen\u00fdch kl\u00ed\u010d\u016f z pam\u011bti vozidla  V\u00fdroba kl\u00ed\u010de zapalov\u00e1n\u00ed podle z\u00e1mku  Opravy kl\u00ed\u010d\u016f od automobil\u016f (v\u00fdm\u011bna tla\u010d\u00edtek, pl\u00e1\u0161\u0165\u016f, mechanism\u016f)  Nouzov\u00e9 odemyk\u00e1n\u00ed vozu  Obchodov\u00e1n\u00ed s kl\u00ed\u010di, pouzdry na kl\u00ed\u010de  Vypnut\u00ed softwaru DPF \/ FAP  Programov\u00e9 odstran\u011bn\u00ed EGR  Deaktivace softwaru imobiliz\u00e9ru (immo Off)  Oprava \u0159\u00eddic\u00ed jednotky motoru (ECU), klonov\u00e1n\u00ed, programov\u00e1n\u00ed  SRS (programov\u00e1n\u00ed \u0159\u00eddic\u00ed jednotky airbagu)  polo\u017eky odeslan\u00e9 v r\u00e1mci 3d.d.*","og_url":"https:\/\/keys-for-auto.eu\/cs\/product\/vyroba-klicu-pro-skoda-auta\/","og_site_name":"Keys for auto","article_publisher":"https:\/\/www.facebook.com\/KeysForAutoEU","article_modified_time":"2023-02-20T19:33:11+00:00","og_image":[{"width":505,"height":494,"url":"https:\/\/i0.wp.com\/keys-for-auto.eu\/wp-content\/uploads\/2022\/12\/admin-ajax__5_-removebg-preview.png?fit=505%2C494&ssl=1","type":"image\/png"}],"twitter_card":"summary_large_image","twitter_misc":{"Odhadovan\u00e1 doba \u010dten\u00ed":"2 minuty"},"schema":{"@context":"https:\/\/schema.org","@graph":[{"@type":["WebPage","ItemPage"],"@id":"https:\/\/keys-for-auto.eu\/cs\/product\/vyroba-klicu-pro-skoda-auta\/","url":"https:\/\/keys-for-auto.eu\/cs\/product\/vyroba-klicu-pro-skoda-auta\/","name":"V\u00fdroba kl\u00ed\u010d\u016f pro vozy \u0160koda - Keys for auto","isPartOf":{"@id":"https:\/\/keys-for-auto.eu\/cs\/#website"},"primaryImageOfPage":{"@id":"https:\/\/keys-for-auto.eu\/cs\/product\/vyroba-klicu-pro-skoda-auta\/#primaryimage"},"image":{"@id":"https:\/\/keys-for-auto.eu\/cs\/product\/vyroba-klicu-pro-skoda-auta\/#primaryimage"},"thumbnailUrl":"https:\/\/keys-for-auto.eu\/wp-content\/uploads\/2022\/12\/admin-ajax__5_-removebg-preview.png","datePublished":"2017-12-03T21:10:58+00:00","dateModified":"2023-02-20T19:33:11+00:00","breadcrumb":{"@id":"https:\/\/keys-for-auto.eu\/cs\/product\/vyroba-klicu-pro-skoda-auta\/#breadcrumb"},"inLanguage":"cs","potentialAction":[{"@type":"ReadAction","target":["https:\/\/keys-for-auto.eu\/cs\/product\/vyroba-klicu-pro-skoda-auta\/"]}]},{"@type":"ImageObject","inLanguage":"cs","@id":"https:\/\/keys-for-auto.eu\/cs\/product\/vyroba-klicu-pro-skoda-auta\/#primaryimage","url":"https:\/\/keys-for-auto.eu\/wp-content\/uploads\/2022\/12\/admin-ajax__5_-removebg-preview.png","contentUrl":"https:\/\/keys-for-auto.eu\/wp-content\/uploads\/2022\/12\/admin-ajax__5_-removebg-preview.png","width":505,"height":494},{"@type":"BreadcrumbList","@id":"https:\/\/keys-for-auto.eu\/cs\/product\/vyroba-klicu-pro-skoda-auta\/#breadcrumb","itemListElement":[{"@type":"ListItem","position":1,"name":"Home","item":"https:\/\/keys-for-auto.eu\/cs\/"},{"@type":"ListItem","position":2,"name":"Shop","item":"https:\/\/keys-for-auto.eu\/"},{"@type":"ListItem","position":3,"name":"V\u00fdroba kl\u00ed\u010d\u016f pro vozy \u0160koda"}]},{"@type":"WebSite","@id":"https:\/\/keys-for-auto.eu\/cs\/#website","url":"https:\/\/keys-for-auto.eu\/cs\/","name":"Keys for auto","description":"Car keys,  key shells, key programming","publisher":{"@id":"https:\/\/keys-for-auto.eu\/cs\/#organization"},"potentialAction":[{"@type":"SearchAction","target":{"@type":"EntryPoint","urlTemplate":"https:\/\/keys-for-auto.eu\/cs\/?s={search_term_string}"},"query-input":{"@type":"PropertyValueSpecification","valueRequired":true,"valueName":"search_term_string"}}],"inLanguage":"cs"},{"@type":"Organization","@id":"https:\/\/keys-for-auto.eu\/cs\/#organization","name":"Kl\u00ed\u010de pro auto","url":"https:\/\/keys-for-auto.eu\/cs\/","logo":{"@type":"ImageObject","inLanguage":"cs","@id":"https:\/\/keys-for-auto.eu\/cs\/#\/schema\/logo\/image\/","url":"https:\/\/keys-for-auto.eu\/wp-content\/uploads\/2022\/11\/cropped-png1.png","contentUrl":"https:\/\/keys-for-auto.eu\/wp-content\/uploads\/2022\/11\/cropped-png1.png","width":1000,"height":342,"caption":"Kl\u00ed\u010de pro auto"},"image":{"@id":"https:\/\/keys-for-auto.eu\/cs\/#\/schema\/logo\/image\/"},"sameAs":["https:\/\/www.facebook.com\/KeysForAutoEU"]}]}},"_links":{"self":[{"href":"https:\/\/keys-for-auto.eu\/cs\/wp-json\/wp\/v2\/product\/22457","targetHints":{"allow":["GET"]}}],"collection":[{"href":"https:\/\/keys-for-auto.eu\/cs\/wp-json\/wp\/v2\/product"}],"about":[{"href":"https:\/\/keys-for-auto.eu\/cs\/wp-json\/wp\/v2\/types\/product"}],"replies":[{"embeddable":true,"href":"https:\/\/keys-for-auto.eu\/cs\/wp-json\/wp\/v2\/comments?post=22457"}],"wp:featuredmedia":[{"embeddable":true,"href":"https:\/\/keys-for-auto.eu\/cs\/wp-json\/wp\/v2\/media\/21291"}],"wp:attachment":[{"href":"https:\/\/keys-for-auto.eu\/cs\/wp-json\/wp\/v2\/media?parent=22457"}],"wp:term":[{"taxonomy":"product_brand","embeddable":true,"href":"https:\/\/keys-for-auto.eu\/cs\/wp-json\/wp\/v2\/product_brand?post=22457"},{"taxonomy":"product_cat","embeddable":true,"href":"https:\/\/keys-for-auto.eu\/cs\/wp-json\/wp\/v2\/product_cat?post=22457"},{"taxonomy":"product_tag","embeddable":true,"href":"https:\/\/keys-for-auto.eu\/cs\/wp-json\/wp\/v2\/product_tag?post=22457"}],"curies":[{"name":"wp","href":"https:\/\/api.w.org\/{rel}","templated":true}]}}