{"id":22449,"date":"2017-12-03T16:35:27","date_gmt":"2017-12-03T16:35:27","guid":{"rendered":"https:\/\/keys-for-auto.eu\/product\/vyroba-klicu-pro-vozy-renault\/"},"modified":"2023-02-20T19:32:39","modified_gmt":"2023-02-20T19:32:39","slug":"vyroba-klicu-pro-renault-vozidla","status":"publish","type":"product","link":"https:\/\/keys-for-auto.eu\/cs\/product\/vyroba-klicu-pro-renault-vozidla\/","title":{"rendered":"V\u00fdroba kl\u00ed\u010d\u016f pro vozy Renault"},"content":{"rendered":"<h2>V\u00fdroba kl\u00ed\u010d\u016f pro vozy Renault<\/h2>\n<ul>\n<li>V\u00fdroba kl\u00ed\u010d\u016f Renault Clio<\/li>\n<li>V\u00fdroba kl\u00ed\u010d\u016f Renault Espace<\/li>\n<li>V\u00fdroba kl\u00ed\u010d\u016f Renault Fluence<\/li>\n<li>V\u00fdroba kl\u00ed\u010d\u016f Renault Kangoo<\/li>\n<li>V\u00fdroba kl\u00ed\u010d\u016f Renault Koleos<\/li>\n<li>V\u00fdroba kl\u00ed\u010d\u016f Renault Laguna<\/li>\n<li>V\u00fdroba hlavn\u00edch kl\u00ed\u010d\u016f Renault<\/li>\n<li>V\u00fdroba kl\u00ed\u010d\u016f Renault Megane<\/li>\n<li>V\u00fdroba kl\u00ed\u010d\u016f Renault Modus<\/li>\n<li>V\u00fdroba kl\u00ed\u010d\u016f Renault Scenic<\/li>\n<li>V\u00fdroba kl\u00ed\u010d\u016f Renault Simbol<\/li>\n<li>V\u00fdroba kl\u00ed\u010d\u016f Renault Trafic<\/li>\n<li>V\u00fdroba kl\u00ed\u010d\u016f Renault Twingo<\/li>\n<li>V\u00fdroba kl\u00ed\u010d\u016f Renault Vel Satis<\/li>\n<\/ul>\n<p>a dal\u0161\u00ed&#8230;<\/p>\n<h2>Specifick\u00e9 vlastnosti v\u00fdroby kl\u00ed\u010d\u016f Renault<\/h2>\n<p>Ztr\u00e1ta nebo porucha odemykac\u00edho za\u0159\u00edzen\u00ed zp\u016fsobuje majiteli vozu mnoho pot\u00ed\u017e\u00ed. V\u00fdroba kl\u00ed\u010d\u016f pro vozy Renault je dnes pom\u011brn\u011b rychl\u00e1 a mohou ji prov\u00e1d\u011bt kompetentn\u00ed odborn\u00edci, co\u017e umo\u017e\u0148uje vy\u0159e\u0161it probl\u00e9m za rozumnou cenu. Pou\u017eit\u00ed profesion\u00e1ln\u00edho vybaven\u00ed a modern\u00edch n\u00e1stroj\u016f zaru\u010duje vynikaj\u00edc\u00ed v\u00fdsledek.<\/p>\n<p>&#8222;V\u00fdroba kl\u00ed\u010d\u016f Renault prob\u00edh\u00e1 ve dvou f\u00e1z\u00edch: v\u00fdroba \u010depele a programov\u00e1n\u00ed kl\u00ed\u010de. P\u0159i prvn\u00edm \u00fakolu se pou\u017e\u00edvaj\u00ed vysoce p\u0159esn\u00e9 stroje CNC, kter\u00e9 vytv\u00e1\u0159ej\u00ed dokonalou repliku kl\u00ed\u010de bez jak\u00fdchkoli zn\u00e1mek opot\u0159eben\u00ed. Tohoto v\u00fdsledku bylo dosa\u017eeno d\u00edky informac\u00edm o parametrech lopatek pro r\u016fzn\u00e9 modely Renault, kter\u00e9 jsou k dispozici v datab\u00e1zi za\u0159\u00edzen\u00ed: hloubka vybr\u00e1n\u00ed, velikost v\u00fdstupk\u016f, \u0161\u00ed\u0159ka kl\u00ed\u010de. Proto i v p\u0159\u00edpad\u011b zna\u010dn\u00e9ho opot\u0159eben\u00ed kl\u00ed\u010de bude vyroben duplik\u00e1t p\u0159esn\u011b takov\u00fd, jak\u00fd byl od po\u010d\u00e1tku origin\u00e1l.<\/p>\n<h2>Programov\u00e1n\u00ed<\/h2>\n<p>Aby bylo mo\u017en\u00e9 nastartovat vozidlo pomoc\u00ed kl\u00ed\u010de, mus\u00ed b\u00fdt zaregistrov\u00e1n v imobiliz\u00e9ru. Programov\u00e1n\u00ed lze prov\u00e9st prost\u0159ednictv\u00edm diagnostick\u00e9 z\u00e1suvky nebo pomoc\u00ed kopie kl\u00ed\u010de, p\u0159\u00edpadn\u011b pomoc\u00ed pracovn\u00ed pam\u011bti imobiliz\u00e9ru. Druh\u00e1 mo\u017enost zahrnuje pou\u017eit\u00ed jednoho z uveden\u00fdch za\u0159\u00edzen\u00ed &#8211; BCM (Body Control Unit), p\u0159\u00edstrojov\u00e1 deska, ant\u00e9na nebo imobiliz\u00e9r, EVB. Je to proto, \u017ee v r\u016fzn\u00fdch modelov\u00fdch letech mohou b\u00fdt informace o \u010dipu ulo\u017eeny v ur\u010dit\u00e9m bloku.<\/p>\n<p>Aby bylo mo\u017en\u00e9 p\u0159e\u010d\u00edst \u00fadaje z pam\u011bti imobiliz\u00e9ru pomoc\u00ed speci\u00e1ln\u00edho za\u0159\u00edzen\u00ed, je nutn\u00e9 imobiliz\u00e9r vyjmout. To m\u016f\u017ee prov\u00e9st majitel s\u00e1m nebo si na parkovi\u0161t\u011b zavolat odborn\u00edka. Kl\u00ed\u010d se programuje pomoc\u00ed pam\u011bti EEPROM\/FLASH.<\/p>\n<p>K vytvo\u0159en\u00ed kopie \u010dipu je pouze ob\u010das nutn\u00e1 p\u0159\u00edtomnost vozidla a obvykle sta\u010d\u00ed jeden kl\u00ed\u010d. V tomto p\u0159\u00edpad\u011b z\u00e1vis\u00ed rychlost v\u00fdroby duplik\u00e1t\u016f tak\u00e9 na modelu Renault a roku v\u00fdroby vozu. V p\u0159\u00edpad\u011b pot\u0159eby jsou naprogramov\u00e1ny i d\u00e1lkov\u00e9 ovlada\u010de. Tento postup se prov\u00e1d\u00ed prost\u0159ednictv\u00edm diagnostick\u00fdch z\u00e1suvek nebo ru\u010dn\u011b.<\/p>\n<h2>V\u00fdroba kl\u00ed\u010d\u016f Renault.<\/h2>\n<p>Pracujeme pouze s modern\u00edm po\u010d\u00edta\u010dov\u00fdm vybaven\u00edm, s n\u00edm\u017e vyrob\u00edme vysoce kvalitn\u00ed kl\u00ed\u010d s dlouhou \u017eivotnost\u00ed pro v\u00e1\u0161 v\u016fz Renault. Pokud m\u00e1te pouze jeden kl\u00ed\u010d nebo pokud v\u00e1\u0161 kl\u00ed\u010d Renault nestartuje v\u017edy, doporu\u010dujeme v\u00e1m zakoupit n\u00e1hradn\u00ed kl\u00ed\u010d. U\u0161et\u0159\u00edte tak \u010das i pen\u00edze.<\/p>\n<p>Vyr\u00e1b\u00edme kl\u00ed\u010de pro r\u016fzn\u00e9 modely voz\u016f Renault. M\u016f\u017ee to b\u00fdt jednoduch\u00fd kl\u00ed\u010d, kl\u00ed\u010d s imobiliz\u00e9rem. Nab\u00edz\u00edme tak\u00e9 chytr\u00fd kl\u00ed\u010d (bezkl\u00ed\u010dov\u00e9 zapalov\u00e1n\u00ed s tla\u010d\u00edtkem START\/STOP).<\/p>\n<hr>\n<p>&nbsp;<\/p>\n","protected":false},"excerpt":{"rendered":"<h2>V\u00fdroba kl\u00ed\u010d\u016f pro vozy Renault<\/h2>\n<ul>\n<li>V\u00fdroba kl\u00ed\u010d\u016f Renault<\/li>\n<li>Kl\u00ed\u010de Renault<\/li>\n<li>Kl\u00ed\u010dov\u00e9 karoserie Renault<\/li>\n<li>Oprava kl\u00ed\u010de Renault<\/li>\n<li>Programov\u00e1n\u00ed kl\u00ed\u010d\u016f Renault<\/li>\n<li>Nouzov\u00e9 odemyk\u00e1n\u00ed voz\u016f Renault<\/li>\n<\/ul>\n<h3><strong>V\u00fdroba kl\u00ed\u010d\u016f od automobil\u016f<\/strong><\/h3>\n<ul>\n<li><strong>V\u00fdroba nov\u00fdch kl\u00ed\u010d\u016f od vozu, programov\u00e1n\u00ed kl\u00ed\u010d\u016f (&#8222;sv\u00e1z\u00e1n\u00ed&#8220; s vozem)<\/strong><\/li>\n<li><strong>Odstran\u011bn\u00ed d\u0159\u00edve ztracen\u00fdch kl\u00ed\u010d\u016f z pam\u011bti vozidla<\/strong><\/li>\n<li><strong>V\u00fdroba kl\u00ed\u010de zapalov\u00e1n\u00ed podle z\u00e1mku<\/strong><\/li>\n<li><strong>Opravy kl\u00ed\u010d\u016f od automobil\u016f (v\u00fdm\u011bna tla\u010d\u00edtek, pl\u00e1\u0161\u0165\u016f, mechanism\u016f)<\/strong><\/li>\n<li><strong>Nouzov\u00e9 odemyk\u00e1n\u00ed vozu<\/strong><\/li>\n<li><strong>Obchodov\u00e1n\u00ed s kl\u00ed\u010di, pouzdry na kl\u00ed\u010de<\/strong><\/li>\n<li><strong>Vypnut\u00ed softwaru DPF \/ FAP<\/strong><\/li>\n<li><strong>Programov\u00e9 odstran\u011bn\u00ed EGR<\/strong><\/li>\n<li><strong>Deaktivace softwaru imobiliz\u00e9ru (immo Off)<\/strong><\/li>\n<li><strong>Oprava \u0159\u00eddic\u00ed jednotky motoru (ECU), klonov\u00e1n\u00ed, programov\u00e1n\u00ed<\/strong><\/li>\n<li><strong>SRS (programov\u00e1n\u00ed \u0159\u00eddic\u00ed jednotky airbagu)<\/strong><\/li>\n<\/ul>\n<h4><strong>  zbo\u017e\u00ed odesl\u00e1no do 3 pracovn\u00edch dn\u016f.*<\/strong><\/h4>\n","protected":false},"featured_media":21265,"comment_status":"open","ping_status":"closed","template":"","meta":[],"product_brand":[],"product_cat":[4780,5832],"product_tag":[5584,5603,5612,5605,5676,5651,5591,5598,5613,5619,4903,6023,4854,4844,4855,4917,4888,4859,4851,4906,4783,5806,4784,4904,4922,4905,4902,6018,5673,5618,4918],"class_list":{"0":"post-22449","1":"product","2":"type-product","3":"status-publish","4":"has-post-thumbnail","6":"product_cat-renault-cs","7":"product_cat-vyroba-klicu","8":"product_tag-klic-k-vozidlu-renault-clio","9":"product_tag-klic-k-vozidlu-renault-espace","10":"product_tag-klic-k-vozidlu-renault-laguna","11":"product_tag-klic-k-vozidlu-renault-megane","12":"product_tag-klic-k-vozidlu-renault-scenic","13":"product_tag-klic-k-vozidlu-renault-twingo","14":"product_tag-klic-od-renault-kangoo","15":"product_tag-klic-renault","16":"product_tag-klic-renault-modus","17":"product_tag-klic-renault-vel-satis","18":"product_tag-klicova-karta-renault-grand-scenic","19":"product_tag-klicova-schranka-renault-s-jednim-tlacitkem","20":"product_tag-kryt-klice-renault","21":"product_tag-kryt-klice-renault-clio","22":"product_tag-kryt-klice-renault-kangoo","23":"product_tag-kryt-klice-renault-laguna","24":"product_tag-kryt-klice-renault-master","25":"product_tag-kryt-klice-renault-megane","26":"product_tag-kryt-klice-renault-modus","27":"product_tag-kryt-klice-renault-scenic","28":"product_tag-kryt-klice-renault-trafic","29":"product_tag-kryt-klice-renault-twingo","30":"product_tag-kryt-klice-renault-vivaro","31":"product_tag-obal-karty-renault","32":"product_tag-obal-karty-renault-laguna","33":"product_tag-obal-karty-renault-megane","34":"product_tag-obal-na-kartu-renault-clio","35":"product_tag-renault-cs","36":"product_tag-renault-grand-scenic-raktas-cs","37":"product_tag-renault-koleos-klic","38":"product_tag-skorepina-karty-renault-espace","40":"first","41":"instock","42":"shipping-taxable","43":"product-type-simple"},"yoast_head":"<!-- This site is optimized with the Yoast SEO plugin v27.6 - https:\/\/yoast.com\/product\/yoast-seo-wordpress\/ -->\n<title>V\u00fdroba kl\u00ed\u010d\u016f pro vozy Renault - Keys for auto<\/title>\n<meta name=\"robots\" content=\"index, follow, max-snippet:-1, max-image-preview:large, max-video-preview:-1\" \/>\n<link rel=\"canonical\" href=\"https:\/\/keys-for-auto.eu\/cs\/product\/vyroba-klicu-pro-renault-vozidla\/\" \/>\n<meta property=\"og:locale\" content=\"cs_CZ\" \/>\n<meta property=\"og:type\" content=\"article\" \/>\n<meta property=\"og:title\" content=\"V\u00fdroba kl\u00ed\u010d\u016f pro vozy Renault - Keys for auto\" \/>\n<meta property=\"og:description\" content=\"V\u00fdroba kl\u00ed\u010d\u016f pro vozy Renault  V\u00fdroba kl\u00ed\u010d\u016f Renault  Kl\u00ed\u010de Renault  Kl\u00ed\u010dov\u00e9 karoserie Renault  Oprava kl\u00ed\u010de Renault  Programov\u00e1n\u00ed kl\u00ed\u010d\u016f Renault  Nouzov\u00e9 odemyk\u00e1n\u00ed voz\u016f Renault V\u00fdroba kl\u00ed\u010d\u016f od automobil\u016f  V\u00fdroba nov\u00fdch kl\u00ed\u010d\u016f od vozu, programov\u00e1n\u00ed kl\u00ed\u010d\u016f (&quot;sv\u00e1z\u00e1n\u00ed&quot; s vozem)  Odstran\u011bn\u00ed d\u0159\u00edve ztracen\u00fdch kl\u00ed\u010d\u016f z pam\u011bti vozidla  V\u00fdroba kl\u00ed\u010de zapalov\u00e1n\u00ed podle z\u00e1mku  Opravy kl\u00ed\u010d\u016f od automobil\u016f (v\u00fdm\u011bna tla\u010d\u00edtek, pl\u00e1\u0161\u0165\u016f, mechanism\u016f)  Nouzov\u00e9 odemyk\u00e1n\u00ed vozu  Obchodov\u00e1n\u00ed s kl\u00ed\u010di, pouzdry na kl\u00ed\u010de  Vypnut\u00ed softwaru DPF \/ FAP  Programov\u00e9 odstran\u011bn\u00ed EGR  Deaktivace softwaru imobiliz\u00e9ru (immo Off)  Oprava \u0159\u00eddic\u00ed jednotky motoru (ECU), klonov\u00e1n\u00ed, programov\u00e1n\u00ed  SRS (programov\u00e1n\u00ed \u0159\u00eddic\u00ed jednotky airbagu)  zbo\u017e\u00ed odesl\u00e1no do 3 pracovn\u00edch dn\u016f.*\" \/>\n<meta property=\"og:url\" content=\"https:\/\/keys-for-auto.eu\/cs\/product\/vyroba-klicu-pro-renault-vozidla\/\" \/>\n<meta property=\"og:site_name\" content=\"Keys for auto\" \/>\n<meta property=\"article:publisher\" content=\"https:\/\/www.facebook.com\/KeysForAutoEU\" \/>\n<meta property=\"article:modified_time\" content=\"2023-02-20T19:32:39+00:00\" \/>\n<meta property=\"og:image\" content=\"https:\/\/i0.wp.com\/keys-for-auto.eu\/wp-content\/uploads\/2022\/12\/admin-ajax__1_-removebg-preview-1-2.png?fit=400%2C400&ssl=1\" \/>\n\t<meta property=\"og:image:width\" content=\"400\" \/>\n\t<meta property=\"og:image:height\" content=\"400\" \/>\n\t<meta property=\"og:image:type\" content=\"image\/png\" \/>\n<meta name=\"twitter:card\" content=\"summary_large_image\" \/>\n<meta name=\"twitter:label1\" content=\"Odhadovan\u00e1 doba \u010dten\u00ed\" \/>\n\t<meta name=\"twitter:data1\" content=\"3 minuty\" \/>\n<script type=\"application\/ld+json\" class=\"yoast-schema-graph\">{\"@context\":\"https:\\\/\\\/schema.org\",\"@graph\":[{\"@type\":[\"WebPage\",\"ItemPage\"],\"@id\":\"https:\\\/\\\/keys-for-auto.eu\\\/cs\\\/product\\\/vyroba-klicu-pro-renault-vozidla\\\/\",\"url\":\"https:\\\/\\\/keys-for-auto.eu\\\/cs\\\/product\\\/vyroba-klicu-pro-renault-vozidla\\\/\",\"name\":\"V\u00fdroba kl\u00ed\u010d\u016f pro vozy Renault - Keys for auto\",\"isPartOf\":{\"@id\":\"https:\\\/\\\/keys-for-auto.eu\\\/cs\\\/#website\"},\"primaryImageOfPage\":{\"@id\":\"https:\\\/\\\/keys-for-auto.eu\\\/cs\\\/product\\\/vyroba-klicu-pro-renault-vozidla\\\/#primaryimage\"},\"image\":{\"@id\":\"https:\\\/\\\/keys-for-auto.eu\\\/cs\\\/product\\\/vyroba-klicu-pro-renault-vozidla\\\/#primaryimage\"},\"thumbnailUrl\":\"https:\\\/\\\/keys-for-auto.eu\\\/wp-content\\\/uploads\\\/2022\\\/12\\\/admin-ajax__1_-removebg-preview-1-2.png\",\"datePublished\":\"2017-12-03T16:35:27+00:00\",\"dateModified\":\"2023-02-20T19:32:39+00:00\",\"breadcrumb\":{\"@id\":\"https:\\\/\\\/keys-for-auto.eu\\\/cs\\\/product\\\/vyroba-klicu-pro-renault-vozidla\\\/#breadcrumb\"},\"inLanguage\":\"cs\",\"potentialAction\":[{\"@type\":\"ReadAction\",\"target\":[\"https:\\\/\\\/keys-for-auto.eu\\\/cs\\\/product\\\/vyroba-klicu-pro-renault-vozidla\\\/\"]}]},{\"@type\":\"ImageObject\",\"inLanguage\":\"cs\",\"@id\":\"https:\\\/\\\/keys-for-auto.eu\\\/cs\\\/product\\\/vyroba-klicu-pro-renault-vozidla\\\/#primaryimage\",\"url\":\"https:\\\/\\\/keys-for-auto.eu\\\/wp-content\\\/uploads\\\/2022\\\/12\\\/admin-ajax__1_-removebg-preview-1-2.png\",\"contentUrl\":\"https:\\\/\\\/keys-for-auto.eu\\\/wp-content\\\/uploads\\\/2022\\\/12\\\/admin-ajax__1_-removebg-preview-1-2.png\",\"width\":400,\"height\":400},{\"@type\":\"BreadcrumbList\",\"@id\":\"https:\\\/\\\/keys-for-auto.eu\\\/cs\\\/product\\\/vyroba-klicu-pro-renault-vozidla\\\/#breadcrumb\",\"itemListElement\":[{\"@type\":\"ListItem\",\"position\":1,\"name\":\"Home\",\"item\":\"https:\\\/\\\/keys-for-auto.eu\\\/cs\\\/\"},{\"@type\":\"ListItem\",\"position\":2,\"name\":\"Shop\",\"item\":\"https:\\\/\\\/keys-for-auto.eu\\\/\"},{\"@type\":\"ListItem\",\"position\":3,\"name\":\"V\u00fdroba kl\u00ed\u010d\u016f pro vozy Renault\"}]},{\"@type\":\"WebSite\",\"@id\":\"https:\\\/\\\/keys-for-auto.eu\\\/cs\\\/#website\",\"url\":\"https:\\\/\\\/keys-for-auto.eu\\\/cs\\\/\",\"name\":\"Keys for auto\",\"description\":\"Car keys,  key shells, key programming\",\"publisher\":{\"@id\":\"https:\\\/\\\/keys-for-auto.eu\\\/cs\\\/#organization\"},\"potentialAction\":[{\"@type\":\"SearchAction\",\"target\":{\"@type\":\"EntryPoint\",\"urlTemplate\":\"https:\\\/\\\/keys-for-auto.eu\\\/cs\\\/?s={search_term_string}\"},\"query-input\":{\"@type\":\"PropertyValueSpecification\",\"valueRequired\":true,\"valueName\":\"search_term_string\"}}],\"inLanguage\":\"cs\"},{\"@type\":\"Organization\",\"@id\":\"https:\\\/\\\/keys-for-auto.eu\\\/cs\\\/#organization\",\"name\":\"Kl\u00ed\u010de pro auto\",\"url\":\"https:\\\/\\\/keys-for-auto.eu\\\/cs\\\/\",\"logo\":{\"@type\":\"ImageObject\",\"inLanguage\":\"cs\",\"@id\":\"https:\\\/\\\/keys-for-auto.eu\\\/cs\\\/#\\\/schema\\\/logo\\\/image\\\/\",\"url\":\"https:\\\/\\\/keys-for-auto.eu\\\/wp-content\\\/uploads\\\/2022\\\/11\\\/cropped-png1.png\",\"contentUrl\":\"https:\\\/\\\/keys-for-auto.eu\\\/wp-content\\\/uploads\\\/2022\\\/11\\\/cropped-png1.png\",\"width\":1000,\"height\":342,\"caption\":\"Kl\u00ed\u010de pro auto\"},\"image\":{\"@id\":\"https:\\\/\\\/keys-for-auto.eu\\\/cs\\\/#\\\/schema\\\/logo\\\/image\\\/\"},\"sameAs\":[\"https:\\\/\\\/www.facebook.com\\\/KeysForAutoEU\"]}]}<\/script>\n<!-- \/ Yoast SEO plugin. -->","yoast_head_json":{"title":"V\u00fdroba kl\u00ed\u010d\u016f pro vozy Renault - Keys for auto","robots":{"index":"index","follow":"follow","max-snippet":"max-snippet:-1","max-image-preview":"max-image-preview:large","max-video-preview":"max-video-preview:-1"},"canonical":"https:\/\/keys-for-auto.eu\/cs\/product\/vyroba-klicu-pro-renault-vozidla\/","og_locale":"cs_CZ","og_type":"article","og_title":"V\u00fdroba kl\u00ed\u010d\u016f pro vozy Renault - Keys for auto","og_description":"V\u00fdroba kl\u00ed\u010d\u016f pro vozy Renault  V\u00fdroba kl\u00ed\u010d\u016f Renault  Kl\u00ed\u010de Renault  Kl\u00ed\u010dov\u00e9 karoserie Renault  Oprava kl\u00ed\u010de Renault  Programov\u00e1n\u00ed kl\u00ed\u010d\u016f Renault  Nouzov\u00e9 odemyk\u00e1n\u00ed voz\u016f Renault V\u00fdroba kl\u00ed\u010d\u016f od automobil\u016f  V\u00fdroba nov\u00fdch kl\u00ed\u010d\u016f od vozu, programov\u00e1n\u00ed kl\u00ed\u010d\u016f (\"sv\u00e1z\u00e1n\u00ed\" s vozem)  Odstran\u011bn\u00ed d\u0159\u00edve ztracen\u00fdch kl\u00ed\u010d\u016f z pam\u011bti vozidla  V\u00fdroba kl\u00ed\u010de zapalov\u00e1n\u00ed podle z\u00e1mku  Opravy kl\u00ed\u010d\u016f od automobil\u016f (v\u00fdm\u011bna tla\u010d\u00edtek, pl\u00e1\u0161\u0165\u016f, mechanism\u016f)  Nouzov\u00e9 odemyk\u00e1n\u00ed vozu  Obchodov\u00e1n\u00ed s kl\u00ed\u010di, pouzdry na kl\u00ed\u010de  Vypnut\u00ed softwaru DPF \/ FAP  Programov\u00e9 odstran\u011bn\u00ed EGR  Deaktivace softwaru imobiliz\u00e9ru (immo Off)  Oprava \u0159\u00eddic\u00ed jednotky motoru (ECU), klonov\u00e1n\u00ed, programov\u00e1n\u00ed  SRS (programov\u00e1n\u00ed \u0159\u00eddic\u00ed jednotky airbagu)  zbo\u017e\u00ed odesl\u00e1no do 3 pracovn\u00edch dn\u016f.*","og_url":"https:\/\/keys-for-auto.eu\/cs\/product\/vyroba-klicu-pro-renault-vozidla\/","og_site_name":"Keys for auto","article_publisher":"https:\/\/www.facebook.com\/KeysForAutoEU","article_modified_time":"2023-02-20T19:32:39+00:00","og_image":[{"width":400,"height":400,"url":"https:\/\/i0.wp.com\/keys-for-auto.eu\/wp-content\/uploads\/2022\/12\/admin-ajax__1_-removebg-preview-1-2.png?fit=400%2C400&ssl=1","type":"image\/png"}],"twitter_card":"summary_large_image","twitter_misc":{"Odhadovan\u00e1 doba \u010dten\u00ed":"3 minuty"},"schema":{"@context":"https:\/\/schema.org","@graph":[{"@type":["WebPage","ItemPage"],"@id":"https:\/\/keys-for-auto.eu\/cs\/product\/vyroba-klicu-pro-renault-vozidla\/","url":"https:\/\/keys-for-auto.eu\/cs\/product\/vyroba-klicu-pro-renault-vozidla\/","name":"V\u00fdroba kl\u00ed\u010d\u016f pro vozy Renault - Keys for auto","isPartOf":{"@id":"https:\/\/keys-for-auto.eu\/cs\/#website"},"primaryImageOfPage":{"@id":"https:\/\/keys-for-auto.eu\/cs\/product\/vyroba-klicu-pro-renault-vozidla\/#primaryimage"},"image":{"@id":"https:\/\/keys-for-auto.eu\/cs\/product\/vyroba-klicu-pro-renault-vozidla\/#primaryimage"},"thumbnailUrl":"https:\/\/keys-for-auto.eu\/wp-content\/uploads\/2022\/12\/admin-ajax__1_-removebg-preview-1-2.png","datePublished":"2017-12-03T16:35:27+00:00","dateModified":"2023-02-20T19:32:39+00:00","breadcrumb":{"@id":"https:\/\/keys-for-auto.eu\/cs\/product\/vyroba-klicu-pro-renault-vozidla\/#breadcrumb"},"inLanguage":"cs","potentialAction":[{"@type":"ReadAction","target":["https:\/\/keys-for-auto.eu\/cs\/product\/vyroba-klicu-pro-renault-vozidla\/"]}]},{"@type":"ImageObject","inLanguage":"cs","@id":"https:\/\/keys-for-auto.eu\/cs\/product\/vyroba-klicu-pro-renault-vozidla\/#primaryimage","url":"https:\/\/keys-for-auto.eu\/wp-content\/uploads\/2022\/12\/admin-ajax__1_-removebg-preview-1-2.png","contentUrl":"https:\/\/keys-for-auto.eu\/wp-content\/uploads\/2022\/12\/admin-ajax__1_-removebg-preview-1-2.png","width":400,"height":400},{"@type":"BreadcrumbList","@id":"https:\/\/keys-for-auto.eu\/cs\/product\/vyroba-klicu-pro-renault-vozidla\/#breadcrumb","itemListElement":[{"@type":"ListItem","position":1,"name":"Home","item":"https:\/\/keys-for-auto.eu\/cs\/"},{"@type":"ListItem","position":2,"name":"Shop","item":"https:\/\/keys-for-auto.eu\/"},{"@type":"ListItem","position":3,"name":"V\u00fdroba kl\u00ed\u010d\u016f pro vozy Renault"}]},{"@type":"WebSite","@id":"https:\/\/keys-for-auto.eu\/cs\/#website","url":"https:\/\/keys-for-auto.eu\/cs\/","name":"Keys for auto","description":"Car keys,  key shells, key programming","publisher":{"@id":"https:\/\/keys-for-auto.eu\/cs\/#organization"},"potentialAction":[{"@type":"SearchAction","target":{"@type":"EntryPoint","urlTemplate":"https:\/\/keys-for-auto.eu\/cs\/?s={search_term_string}"},"query-input":{"@type":"PropertyValueSpecification","valueRequired":true,"valueName":"search_term_string"}}],"inLanguage":"cs"},{"@type":"Organization","@id":"https:\/\/keys-for-auto.eu\/cs\/#organization","name":"Kl\u00ed\u010de pro auto","url":"https:\/\/keys-for-auto.eu\/cs\/","logo":{"@type":"ImageObject","inLanguage":"cs","@id":"https:\/\/keys-for-auto.eu\/cs\/#\/schema\/logo\/image\/","url":"https:\/\/keys-for-auto.eu\/wp-content\/uploads\/2022\/11\/cropped-png1.png","contentUrl":"https:\/\/keys-for-auto.eu\/wp-content\/uploads\/2022\/11\/cropped-png1.png","width":1000,"height":342,"caption":"Kl\u00ed\u010de pro auto"},"image":{"@id":"https:\/\/keys-for-auto.eu\/cs\/#\/schema\/logo\/image\/"},"sameAs":["https:\/\/www.facebook.com\/KeysForAutoEU"]}]}},"_links":{"self":[{"href":"https:\/\/keys-for-auto.eu\/cs\/wp-json\/wp\/v2\/product\/22449","targetHints":{"allow":["GET"]}}],"collection":[{"href":"https:\/\/keys-for-auto.eu\/cs\/wp-json\/wp\/v2\/product"}],"about":[{"href":"https:\/\/keys-for-auto.eu\/cs\/wp-json\/wp\/v2\/types\/product"}],"replies":[{"embeddable":true,"href":"https:\/\/keys-for-auto.eu\/cs\/wp-json\/wp\/v2\/comments?post=22449"}],"wp:featuredmedia":[{"embeddable":true,"href":"https:\/\/keys-for-auto.eu\/cs\/wp-json\/wp\/v2\/media\/21265"}],"wp:attachment":[{"href":"https:\/\/keys-for-auto.eu\/cs\/wp-json\/wp\/v2\/media?parent=22449"}],"wp:term":[{"taxonomy":"product_brand","embeddable":true,"href":"https:\/\/keys-for-auto.eu\/cs\/wp-json\/wp\/v2\/product_brand?post=22449"},{"taxonomy":"product_cat","embeddable":true,"href":"https:\/\/keys-for-auto.eu\/cs\/wp-json\/wp\/v2\/product_cat?post=22449"},{"taxonomy":"product_tag","embeddable":true,"href":"https:\/\/keys-for-auto.eu\/cs\/wp-json\/wp\/v2\/product_tag?post=22449"}],"curies":[{"name":"wp","href":"https:\/\/api.w.org\/{rel}","templated":true}]}}