{"id":22441,"date":"2017-12-03T16:15:20","date_gmt":"2017-12-03T16:15:20","guid":{"rendered":"https:\/\/keys-for-auto.eu\/product\/vyroba-klicu-pro-vozy-lexus\/"},"modified":"2017-12-03T16:15:20","modified_gmt":"2017-12-03T16:15:20","slug":"vyroba-klicu-pro-lexus-vozidla","status":"publish","type":"product","link":"https:\/\/keys-for-auto.eu\/cs\/product\/vyroba-klicu-pro-lexus-vozidla\/","title":{"rendered":"V\u00fdroba kl\u00ed\u010d\u016f pro vozy Lexus"},"content":{"rendered":"<p>&#8222;Lexus je jednou z nejpresti\u017en\u011bj\u0161\u00edch automobilov\u00fdch zna\u010dek. Majitel\u00e9 si zvykli na komfort a na to, \u017ee ka\u017ed\u00fd detail vozu je pe\u010dliv\u011b promy\u0161len\u00fd. Doty\u010dn\u00fd v\u00fdrobce se dokonce postaral o to, aby v p\u0159\u00edpad\u011b pot\u0159eby (v p\u0159\u00edpad\u011b ztr\u00e1ty origin\u00e1ln\u00edho kl\u00ed\u010de nebo zv\u00fd\u0161en\u00ed po\u010dtu u\u017eivatel\u016f vozidla) mohl vyrobit duplik\u00e1ty kl\u00ed\u010d\u016f. V na\u0161\u00ed d\u00edln\u011b v\u00e1m poskytneme n\u00e1sleduj\u00edc\u00ed slu\u017eby.<\/p>\n<h2>Hlavn\u00ed nuance procesu<\/h2>\n<p>Duplik\u00e1ty pro v\u00e1\u0161 Lexus si m\u016f\u017eete objednat v na\u0161\u00ed d\u00edln\u011b. Z\u00e1kazn\u00edk mus\u00ed p\u0159edlo\u017eit origin\u00e1ln\u00ed kl\u00ed\u010d a doklady od vozidla. Pokud dojde ke ztr\u00e1t\u011b kl\u00ed\u010de, lze na z\u00e1klad\u011b informac\u00ed o modelu a \u00faprav\u011b vozu vyrobit duplik\u00e1t. To je v\u0161ak mo\u017en\u00e9 pouze v p\u0159\u00edpad\u011b, \u017ee z\u00e1mek instalovan\u00fd v\u00fdrobcem nebyl zm\u011bn\u011bn.<\/p>\n<p>Je d\u016fle\u017eit\u00e9 si uv\u011bdomit, \u017ee existuje n\u011bkolik typ\u016f uzamykac\u00edch syst\u00e9m\u016f. Typ pou\u017eit\u00fd k zaji\u0161t\u011bn\u00ed konkr\u00e9tn\u00edho vozu obvykle z\u00e1vis\u00ed na jeho konfiguraci, roku v\u00fdroby a modelu. K dispozici jsou klasick\u00e9 mechanick\u00e9 kl\u00ed\u010de (s v\u00fdsuvn\u00fdm v\u00fdklopn\u00fdm mechanismem nebo bez n\u011bj) i kl\u00ed\u010de s p\u0159\u00eddavn\u00fdm r\u00e1diov\u00fdm sign\u00e1lem.<\/p>\n<p>Typ kl\u00ed\u010de do zna\u010dn\u00e9 m\u00edry ur\u010duje slo\u017eitost vytvo\u0159en\u00ed duplik\u00e1tu. Ve v\u011bt\u0161in\u011b p\u0159\u00edpad\u016f je t\u0159eba krom\u011b samotn\u00e9ho duplik\u00e1tu kl\u00ed\u010de objednat u v\u00fdrobce i nov\u00fd \u010dip. Jde o to, \u017ee takov\u00e9 miniaturn\u00ed za\u0159\u00edzen\u00ed p\u0159en\u00e1\u0161\u00ed do hostitelsk\u00e9ho po\u010d\u00edta\u010de sign\u00e1l, kter\u00fd je pro ka\u017ed\u00e9 auto jedine\u010dn\u00fd. Teprve kdy\u017e se naprogramovan\u00fd elektronick\u00fd k\u00f3d shoduje s k\u00f3dem p\u0159ijat\u00fdm z \u010dipu, dve\u0159e se odemknou. Mimochodem, v Rusku a Evrop\u011b je jeho frekvence 433 MHz.<\/p>\n<p>V\u00fdroba duplik\u00e1t\u016f kl\u00ed\u010d\u016f pro vozidla Lexus je zjednodu\u0161ena, proto\u017ee v\u00fdrobce t\u011bchto vozidel dod\u00e1v\u00e1 na trh polotovary kl\u00ed\u010d\u016f. Krom\u011b toho lze v p\u0159\u00edpad\u011b probl\u00e9m\u016f nap\u0159\u00edklad pouze s t\u011blem kl\u00ed\u010de zakoupit plastov\u00e9 d\u00edly samostatn\u011b nebo sadu s otev\u00edrac\u00edm tla\u010d\u00edtkem. Zvl\u00e1\u0161tn\u00ed pozornost v\u011bnujte typu no\u017ee a po\u010dtu povolen\u00fdch ovl\u00e1dac\u00edch prvk\u016f. To v\u0161e zrychlilo a zlevnilo v\u00fdrobu duplik\u00e1t\u016f.<\/p>\n","protected":false},"excerpt":{"rendered":"<h3>Vyr\u00e1b\u00edme a programujeme kl\u00ed\u010de, elektronick\u00e9 (inteligentn\u00ed) kl\u00ed\u010de pro vozy Lexus.<\/h3>\n<ul>\n<li>V\u00fdroba kl\u00ed\u010d\u016f Lexus<\/li>\n<li>Programov\u00e1n\u00ed kl\u00ed\u010d\u016f Lexus<\/li>\n<li>Oprava kl\u00ed\u010de Lexus<\/li>\n<li>Kuf\u0159\u00edky na kl\u00ed\u010de Lexus<\/li>\n<li>V\u00fdroba kl\u00ed\u010d\u016f Lexus, programov\u00e1n\u00ed<\/li>\n<li>Nouzov\u00e9 odemyk\u00e1n\u00ed voz\u016f Lexus<\/li>\n<\/ul>\n<h3><strong>V\u00fdroba kl\u00ed\u010d\u016f od automobil\u016f<\/strong><\/h3>\n<ul>\n<li><strong>V\u00fdroba nov\u00fdch kl\u00ed\u010d\u016f od vozu, programov\u00e1n\u00ed kl\u00ed\u010d\u016f (&#8222;sv\u00e1z\u00e1n\u00ed&#8220; s vozem)<\/strong><\/li>\n<li><strong>Odstran\u011bn\u00ed d\u0159\u00edve ztracen\u00fdch kl\u00ed\u010d\u016f z pam\u011bti vozidla<\/strong><\/li>\n<li><strong>V\u00fdroba kl\u00ed\u010de zapalov\u00e1n\u00ed podle z\u00e1mku<\/strong><\/li>\n<li><strong>Opravy kl\u00ed\u010d\u016f od automobil\u016f (v\u00fdm\u011bna tla\u010d\u00edtek, pl\u00e1\u0161\u0165\u016f, mechanism\u016f)<\/strong><\/li>\n<li><strong>Nouzov\u00e9 odemyk\u00e1n\u00ed vozu<\/strong><\/li>\n<li><strong>Obchodov\u00e1n\u00ed s kl\u00ed\u010di, pouzdry na kl\u00ed\u010de<\/strong><\/li>\n<li><strong>Vypnut\u00ed softwaru DPF \/ FAP<\/strong><\/li>\n<li><strong>Programov\u00e9 odstran\u011bn\u00ed EGR<\/strong><\/li>\n<li><strong>Deaktivace softwaru imobiliz\u00e9ru (immo Off)<\/strong><\/li>\n<li><strong>Oprava \u0159\u00eddic\u00ed jednotky motoru (ECU), klonov\u00e1n\u00ed, programov\u00e1n\u00ed<\/strong><\/li>\n<li><strong>SRS (programov\u00e1n\u00ed \u0159\u00eddic\u00ed jednotky airbagu)<\/strong><\/li>\n<\/ul>\n<h4><strong>  zbo\u017e\u00ed odesl\u00e1no do 3 pracovn\u00edch dn\u016f.*<\/strong><\/h4>\n<h3><\/h3>\n<hr>\n<p>&nbsp;<\/p>\n","protected":false},"featured_media":21261,"comment_status":"open","ping_status":"closed","template":"","meta":[],"product_brand":[],"product_cat":[4551,5832],"product_tag":[4553,4555,4559,4564,4569],"class_list":{"0":"post-22441","1":"product","2":"type-product","3":"status-publish","4":"has-post-thumbnail","6":"product_cat-lexus-cs","7":"product_cat-vyroba-klicu","8":"product_tag-kryt-klice-lexus","9":"product_tag-kryt-klice-lexus-gs300","10":"product_tag-kryt-klice-lexus-is200","11":"product_tag-kryt-klice-lexus-ls400","12":"product_tag-kryt-klice-lexus-rx300","14":"first","15":"instock","16":"shipping-taxable","17":"product-type-simple"},"yoast_head":"<!-- This site is optimized with the Yoast SEO plugin v27.3 - https:\/\/yoast.com\/product\/yoast-seo-wordpress\/ -->\n<title>V\u00fdroba kl\u00ed\u010d\u016f pro vozy Lexus - Keys for auto<\/title>\n<meta name=\"robots\" content=\"index, follow, max-snippet:-1, max-image-preview:large, max-video-preview:-1\" \/>\n<link rel=\"canonical\" href=\"https:\/\/keys-for-auto.eu\/cs\/product\/vyroba-klicu-pro-lexus-vozidla\/\" \/>\n<meta property=\"og:locale\" content=\"cs_CZ\" \/>\n<meta property=\"og:type\" content=\"article\" \/>\n<meta property=\"og:title\" content=\"V\u00fdroba kl\u00ed\u010d\u016f pro vozy Lexus - Keys for auto\" \/>\n<meta property=\"og:description\" content=\"Vyr\u00e1b\u00edme a programujeme kl\u00ed\u010de, elektronick\u00e9 (inteligentn\u00ed) kl\u00ed\u010de pro vozy Lexus.  V\u00fdroba kl\u00ed\u010d\u016f Lexus  Programov\u00e1n\u00ed kl\u00ed\u010d\u016f Lexus  Oprava kl\u00ed\u010de Lexus  Kuf\u0159\u00edky na kl\u00ed\u010de Lexus  V\u00fdroba kl\u00ed\u010d\u016f Lexus, programov\u00e1n\u00ed  Nouzov\u00e9 odemyk\u00e1n\u00ed voz\u016f Lexus V\u00fdroba kl\u00ed\u010d\u016f od automobil\u016f  V\u00fdroba nov\u00fdch kl\u00ed\u010d\u016f od vozu, programov\u00e1n\u00ed kl\u00ed\u010d\u016f (&quot;sv\u00e1z\u00e1n\u00ed&quot; s vozem)  Odstran\u011bn\u00ed d\u0159\u00edve ztracen\u00fdch kl\u00ed\u010d\u016f z pam\u011bti vozidla  V\u00fdroba kl\u00ed\u010de zapalov\u00e1n\u00ed podle z\u00e1mku  Opravy kl\u00ed\u010d\u016f od automobil\u016f (v\u00fdm\u011bna tla\u010d\u00edtek, pl\u00e1\u0161\u0165\u016f, mechanism\u016f)  Nouzov\u00e9 odemyk\u00e1n\u00ed vozu  Obchodov\u00e1n\u00ed s kl\u00ed\u010di, pouzdry na kl\u00ed\u010de  Vypnut\u00ed softwaru DPF \/ FAP  Programov\u00e9 odstran\u011bn\u00ed EGR  Deaktivace softwaru imobiliz\u00e9ru (immo Off)  Oprava \u0159\u00eddic\u00ed jednotky motoru (ECU), klonov\u00e1n\u00ed, programov\u00e1n\u00ed  SRS (programov\u00e1n\u00ed \u0159\u00eddic\u00ed jednotky airbagu)  zbo\u017e\u00ed odesl\u00e1no do 3 pracovn\u00edch dn\u016f.*   &nbsp;\" \/>\n<meta property=\"og:url\" content=\"https:\/\/keys-for-auto.eu\/cs\/product\/vyroba-klicu-pro-lexus-vozidla\/\" \/>\n<meta property=\"og:site_name\" content=\"Keys for auto\" \/>\n<meta property=\"article:publisher\" content=\"https:\/\/www.facebook.com\/KeysForAutoEU\" \/>\n<meta property=\"og:image\" content=\"https:\/\/i0.wp.com\/keys-for-auto.eu\/wp-content\/uploads\/2022\/12\/admin-ajax-removebg-preview-1-1-1.png?fit=400%2C397&ssl=1\" \/>\n\t<meta property=\"og:image:width\" content=\"400\" \/>\n\t<meta property=\"og:image:height\" content=\"397\" \/>\n\t<meta property=\"og:image:type\" content=\"image\/png\" \/>\n<meta name=\"twitter:card\" content=\"summary_large_image\" \/>\n<meta name=\"twitter:label1\" content=\"Odhadovan\u00e1 doba \u010dten\u00ed\" \/>\n\t<meta name=\"twitter:data1\" content=\"2 minuty\" \/>\n<script type=\"application\/ld+json\" class=\"yoast-schema-graph\">{\"@context\":\"https:\\\/\\\/schema.org\",\"@graph\":[{\"@type\":[\"WebPage\",\"ItemPage\"],\"@id\":\"https:\\\/\\\/keys-for-auto.eu\\\/cs\\\/product\\\/vyroba-klicu-pro-lexus-vozidla\\\/\",\"url\":\"https:\\\/\\\/keys-for-auto.eu\\\/cs\\\/product\\\/vyroba-klicu-pro-lexus-vozidla\\\/\",\"name\":\"V\u00fdroba kl\u00ed\u010d\u016f pro vozy Lexus - Keys for auto\",\"isPartOf\":{\"@id\":\"https:\\\/\\\/keys-for-auto.eu\\\/cs\\\/#website\"},\"primaryImageOfPage\":{\"@id\":\"https:\\\/\\\/keys-for-auto.eu\\\/cs\\\/product\\\/vyroba-klicu-pro-lexus-vozidla\\\/#primaryimage\"},\"image\":{\"@id\":\"https:\\\/\\\/keys-for-auto.eu\\\/cs\\\/product\\\/vyroba-klicu-pro-lexus-vozidla\\\/#primaryimage\"},\"thumbnailUrl\":\"https:\\\/\\\/keys-for-auto.eu\\\/wp-content\\\/uploads\\\/2022\\\/12\\\/admin-ajax-removebg-preview-1-1-1.png\",\"datePublished\":\"2017-12-03T16:15:20+00:00\",\"breadcrumb\":{\"@id\":\"https:\\\/\\\/keys-for-auto.eu\\\/cs\\\/product\\\/vyroba-klicu-pro-lexus-vozidla\\\/#breadcrumb\"},\"inLanguage\":\"cs\",\"potentialAction\":[{\"@type\":\"ReadAction\",\"target\":[\"https:\\\/\\\/keys-for-auto.eu\\\/cs\\\/product\\\/vyroba-klicu-pro-lexus-vozidla\\\/\"]}]},{\"@type\":\"ImageObject\",\"inLanguage\":\"cs\",\"@id\":\"https:\\\/\\\/keys-for-auto.eu\\\/cs\\\/product\\\/vyroba-klicu-pro-lexus-vozidla\\\/#primaryimage\",\"url\":\"https:\\\/\\\/keys-for-auto.eu\\\/wp-content\\\/uploads\\\/2022\\\/12\\\/admin-ajax-removebg-preview-1-1-1.png\",\"contentUrl\":\"https:\\\/\\\/keys-for-auto.eu\\\/wp-content\\\/uploads\\\/2022\\\/12\\\/admin-ajax-removebg-preview-1-1-1.png\",\"width\":400,\"height\":397},{\"@type\":\"BreadcrumbList\",\"@id\":\"https:\\\/\\\/keys-for-auto.eu\\\/cs\\\/product\\\/vyroba-klicu-pro-lexus-vozidla\\\/#breadcrumb\",\"itemListElement\":[{\"@type\":\"ListItem\",\"position\":1,\"name\":\"Home\",\"item\":\"https:\\\/\\\/keys-for-auto.eu\\\/cs\\\/\"},{\"@type\":\"ListItem\",\"position\":2,\"name\":\"Shop\",\"item\":\"https:\\\/\\\/keys-for-auto.eu\\\/\"},{\"@type\":\"ListItem\",\"position\":3,\"name\":\"V\u00fdroba kl\u00ed\u010d\u016f pro vozy Lexus\"}]},{\"@type\":\"WebSite\",\"@id\":\"https:\\\/\\\/keys-for-auto.eu\\\/cs\\\/#website\",\"url\":\"https:\\\/\\\/keys-for-auto.eu\\\/cs\\\/\",\"name\":\"Keys for auto\",\"description\":\"Car keys,  key shells, key programming\",\"publisher\":{\"@id\":\"https:\\\/\\\/keys-for-auto.eu\\\/cs\\\/#organization\"},\"potentialAction\":[{\"@type\":\"SearchAction\",\"target\":{\"@type\":\"EntryPoint\",\"urlTemplate\":\"https:\\\/\\\/keys-for-auto.eu\\\/cs\\\/?s={search_term_string}\"},\"query-input\":{\"@type\":\"PropertyValueSpecification\",\"valueRequired\":true,\"valueName\":\"search_term_string\"}}],\"inLanguage\":\"cs\"},{\"@type\":\"Organization\",\"@id\":\"https:\\\/\\\/keys-for-auto.eu\\\/cs\\\/#organization\",\"name\":\"Kl\u00ed\u010de pro auto\",\"url\":\"https:\\\/\\\/keys-for-auto.eu\\\/cs\\\/\",\"logo\":{\"@type\":\"ImageObject\",\"inLanguage\":\"cs\",\"@id\":\"https:\\\/\\\/keys-for-auto.eu\\\/cs\\\/#\\\/schema\\\/logo\\\/image\\\/\",\"url\":\"https:\\\/\\\/keys-for-auto.eu\\\/wp-content\\\/uploads\\\/2022\\\/11\\\/cropped-png1.png\",\"contentUrl\":\"https:\\\/\\\/keys-for-auto.eu\\\/wp-content\\\/uploads\\\/2022\\\/11\\\/cropped-png1.png\",\"width\":1000,\"height\":342,\"caption\":\"Kl\u00ed\u010de pro auto\"},\"image\":{\"@id\":\"https:\\\/\\\/keys-for-auto.eu\\\/cs\\\/#\\\/schema\\\/logo\\\/image\\\/\"},\"sameAs\":[\"https:\\\/\\\/www.facebook.com\\\/KeysForAutoEU\"]}]}<\/script>\n<!-- \/ Yoast SEO plugin. -->","yoast_head_json":{"title":"V\u00fdroba kl\u00ed\u010d\u016f pro vozy Lexus - Keys for auto","robots":{"index":"index","follow":"follow","max-snippet":"max-snippet:-1","max-image-preview":"max-image-preview:large","max-video-preview":"max-video-preview:-1"},"canonical":"https:\/\/keys-for-auto.eu\/cs\/product\/vyroba-klicu-pro-lexus-vozidla\/","og_locale":"cs_CZ","og_type":"article","og_title":"V\u00fdroba kl\u00ed\u010d\u016f pro vozy Lexus - Keys for auto","og_description":"Vyr\u00e1b\u00edme a programujeme kl\u00ed\u010de, elektronick\u00e9 (inteligentn\u00ed) kl\u00ed\u010de pro vozy Lexus.  V\u00fdroba kl\u00ed\u010d\u016f Lexus  Programov\u00e1n\u00ed kl\u00ed\u010d\u016f Lexus  Oprava kl\u00ed\u010de Lexus  Kuf\u0159\u00edky na kl\u00ed\u010de Lexus  V\u00fdroba kl\u00ed\u010d\u016f Lexus, programov\u00e1n\u00ed  Nouzov\u00e9 odemyk\u00e1n\u00ed voz\u016f Lexus V\u00fdroba kl\u00ed\u010d\u016f od automobil\u016f  V\u00fdroba nov\u00fdch kl\u00ed\u010d\u016f od vozu, programov\u00e1n\u00ed kl\u00ed\u010d\u016f (\"sv\u00e1z\u00e1n\u00ed\" s vozem)  Odstran\u011bn\u00ed d\u0159\u00edve ztracen\u00fdch kl\u00ed\u010d\u016f z pam\u011bti vozidla  V\u00fdroba kl\u00ed\u010de zapalov\u00e1n\u00ed podle z\u00e1mku  Opravy kl\u00ed\u010d\u016f od automobil\u016f (v\u00fdm\u011bna tla\u010d\u00edtek, pl\u00e1\u0161\u0165\u016f, mechanism\u016f)  Nouzov\u00e9 odemyk\u00e1n\u00ed vozu  Obchodov\u00e1n\u00ed s kl\u00ed\u010di, pouzdry na kl\u00ed\u010de  Vypnut\u00ed softwaru DPF \/ FAP  Programov\u00e9 odstran\u011bn\u00ed EGR  Deaktivace softwaru imobiliz\u00e9ru (immo Off)  Oprava \u0159\u00eddic\u00ed jednotky motoru (ECU), klonov\u00e1n\u00ed, programov\u00e1n\u00ed  SRS (programov\u00e1n\u00ed \u0159\u00eddic\u00ed jednotky airbagu)  zbo\u017e\u00ed odesl\u00e1no do 3 pracovn\u00edch dn\u016f.*   &nbsp;","og_url":"https:\/\/keys-for-auto.eu\/cs\/product\/vyroba-klicu-pro-lexus-vozidla\/","og_site_name":"Keys for auto","article_publisher":"https:\/\/www.facebook.com\/KeysForAutoEU","og_image":[{"width":400,"height":397,"url":"https:\/\/i0.wp.com\/keys-for-auto.eu\/wp-content\/uploads\/2022\/12\/admin-ajax-removebg-preview-1-1-1.png?fit=400%2C397&ssl=1","type":"image\/png"}],"twitter_card":"summary_large_image","twitter_misc":{"Odhadovan\u00e1 doba \u010dten\u00ed":"2 minuty"},"schema":{"@context":"https:\/\/schema.org","@graph":[{"@type":["WebPage","ItemPage"],"@id":"https:\/\/keys-for-auto.eu\/cs\/product\/vyroba-klicu-pro-lexus-vozidla\/","url":"https:\/\/keys-for-auto.eu\/cs\/product\/vyroba-klicu-pro-lexus-vozidla\/","name":"V\u00fdroba kl\u00ed\u010d\u016f pro vozy Lexus - Keys for auto","isPartOf":{"@id":"https:\/\/keys-for-auto.eu\/cs\/#website"},"primaryImageOfPage":{"@id":"https:\/\/keys-for-auto.eu\/cs\/product\/vyroba-klicu-pro-lexus-vozidla\/#primaryimage"},"image":{"@id":"https:\/\/keys-for-auto.eu\/cs\/product\/vyroba-klicu-pro-lexus-vozidla\/#primaryimage"},"thumbnailUrl":"https:\/\/keys-for-auto.eu\/wp-content\/uploads\/2022\/12\/admin-ajax-removebg-preview-1-1-1.png","datePublished":"2017-12-03T16:15:20+00:00","breadcrumb":{"@id":"https:\/\/keys-for-auto.eu\/cs\/product\/vyroba-klicu-pro-lexus-vozidla\/#breadcrumb"},"inLanguage":"cs","potentialAction":[{"@type":"ReadAction","target":["https:\/\/keys-for-auto.eu\/cs\/product\/vyroba-klicu-pro-lexus-vozidla\/"]}]},{"@type":"ImageObject","inLanguage":"cs","@id":"https:\/\/keys-for-auto.eu\/cs\/product\/vyroba-klicu-pro-lexus-vozidla\/#primaryimage","url":"https:\/\/keys-for-auto.eu\/wp-content\/uploads\/2022\/12\/admin-ajax-removebg-preview-1-1-1.png","contentUrl":"https:\/\/keys-for-auto.eu\/wp-content\/uploads\/2022\/12\/admin-ajax-removebg-preview-1-1-1.png","width":400,"height":397},{"@type":"BreadcrumbList","@id":"https:\/\/keys-for-auto.eu\/cs\/product\/vyroba-klicu-pro-lexus-vozidla\/#breadcrumb","itemListElement":[{"@type":"ListItem","position":1,"name":"Home","item":"https:\/\/keys-for-auto.eu\/cs\/"},{"@type":"ListItem","position":2,"name":"Shop","item":"https:\/\/keys-for-auto.eu\/"},{"@type":"ListItem","position":3,"name":"V\u00fdroba kl\u00ed\u010d\u016f pro vozy Lexus"}]},{"@type":"WebSite","@id":"https:\/\/keys-for-auto.eu\/cs\/#website","url":"https:\/\/keys-for-auto.eu\/cs\/","name":"Keys for auto","description":"Car keys,  key shells, key programming","publisher":{"@id":"https:\/\/keys-for-auto.eu\/cs\/#organization"},"potentialAction":[{"@type":"SearchAction","target":{"@type":"EntryPoint","urlTemplate":"https:\/\/keys-for-auto.eu\/cs\/?s={search_term_string}"},"query-input":{"@type":"PropertyValueSpecification","valueRequired":true,"valueName":"search_term_string"}}],"inLanguage":"cs"},{"@type":"Organization","@id":"https:\/\/keys-for-auto.eu\/cs\/#organization","name":"Kl\u00ed\u010de pro auto","url":"https:\/\/keys-for-auto.eu\/cs\/","logo":{"@type":"ImageObject","inLanguage":"cs","@id":"https:\/\/keys-for-auto.eu\/cs\/#\/schema\/logo\/image\/","url":"https:\/\/keys-for-auto.eu\/wp-content\/uploads\/2022\/11\/cropped-png1.png","contentUrl":"https:\/\/keys-for-auto.eu\/wp-content\/uploads\/2022\/11\/cropped-png1.png","width":1000,"height":342,"caption":"Kl\u00ed\u010de pro auto"},"image":{"@id":"https:\/\/keys-for-auto.eu\/cs\/#\/schema\/logo\/image\/"},"sameAs":["https:\/\/www.facebook.com\/KeysForAutoEU"]}]}},"_links":{"self":[{"href":"https:\/\/keys-for-auto.eu\/cs\/wp-json\/wp\/v2\/product\/22441","targetHints":{"allow":["GET"]}}],"collection":[{"href":"https:\/\/keys-for-auto.eu\/cs\/wp-json\/wp\/v2\/product"}],"about":[{"href":"https:\/\/keys-for-auto.eu\/cs\/wp-json\/wp\/v2\/types\/product"}],"replies":[{"embeddable":true,"href":"https:\/\/keys-for-auto.eu\/cs\/wp-json\/wp\/v2\/comments?post=22441"}],"wp:featuredmedia":[{"embeddable":true,"href":"https:\/\/keys-for-auto.eu\/cs\/wp-json\/wp\/v2\/media\/21261"}],"wp:attachment":[{"href":"https:\/\/keys-for-auto.eu\/cs\/wp-json\/wp\/v2\/media?parent=22441"}],"wp:term":[{"taxonomy":"product_brand","embeddable":true,"href":"https:\/\/keys-for-auto.eu\/cs\/wp-json\/wp\/v2\/product_brand?post=22441"},{"taxonomy":"product_cat","embeddable":true,"href":"https:\/\/keys-for-auto.eu\/cs\/wp-json\/wp\/v2\/product_cat?post=22441"},{"taxonomy":"product_tag","embeddable":true,"href":"https:\/\/keys-for-auto.eu\/cs\/wp-json\/wp\/v2\/product_tag?post=22441"}],"curies":[{"name":"wp","href":"https:\/\/api.w.org\/{rel}","templated":true}]}}