{"id":22430,"date":"2017-12-05T20:08:35","date_gmt":"2017-12-05T20:08:35","guid":{"rendered":"https:\/\/keys-for-auto.eu\/product\/vyroba-klicu-pro-vozy-alfa-romeo\/"},"modified":"2017-12-05T20:08:35","modified_gmt":"2017-12-05T20:08:35","slug":"vyroba-klicu-pro-auta-alfa-romeo","status":"publish","type":"product","link":"https:\/\/keys-for-auto.eu\/cs\/product\/vyroba-klicu-pro-auta-alfa-romeo\/","title":{"rendered":"V\u00fdroba kl\u00ed\u010d\u016f pro vozy Alfa Romeo"},"content":{"rendered":"<p>V\u00fdroba kl\u00ed\u010d\u016f Alfa Romeo. Bohat\u00ed Evropan\u00e9 maj\u00ed r\u00e1di p\u0159\u00edslov\u00ed: &#8222;Kdy\u017e oblek, tak na m\u00edru, kdy\u017e auto, tak Alfa Romeo&#8220;. Tento v\u00fdtvor italsk\u00e9ho automobilov\u00e9ho pr\u016fmyslu je dokonal\u00fdm p\u0159\u00edkladem modern\u00edch technologi\u00ed a technick\u00fdch vymo\u017eenost\u00ed, kter\u00e9 zaji\u0161\u0165uj\u00ed pohodl\u00ed a bezpe\u010dnost vozidla. Kl\u00ed\u010de od voz\u016f t\u00e9to zna\u010dky jsou proto ned\u00edlnou sou\u010d\u00e1st\u00ed inteligentn\u00edho standardn\u00edho bezpe\u010dnostn\u00edho syst\u00e9mu CODE. Jak\u00e9 jsou v\u00fdrobn\u00ed vlastnosti odemykac\u00edho za\u0159\u00edzen\u00ed?<\/p>\n<h2>Kl\u00ed\u010dov\u00e1 v\u00fdroba Alfa Romeo | Profesion\u00e1ln\u00ed pr\u00e1ce<\/h2>\n<p>Kl\u00ed\u010de od modern\u00edch voz\u016f Alfa Romeo jsou obvykle vybaveny mal\u00fdm vys\u00edla\u010dem, kter\u00fd odes\u00edl\u00e1 individu\u00e1ln\u00ed k\u00f3d vozu do jednotky imobiliz\u00e9ru na palubn\u00ed desce. Pokud jsou informace p\u0159ijat\u00e9 elektronickou jednotkou proti kr\u00e1de\u017ei spr\u00e1vn\u00e9, TP se uvede do provozu. Pokud se v\u0161ak pokus\u00edte odemknout a nastartovat vozidlo kl\u00ed\u010dem s nespr\u00e1vn\u00fdm k\u00f3dem, motor vozidla se zablokuje.<\/p>\n<p>Jednotliv\u00e9 \u00fadaje o voze italsk\u00e9ho koncernu jsou uvedeny na zvl\u00e1\u0161tn\u00edm \u0161t\u00edtku vydan\u00e9m p\u0159i koupi TP. V p\u0159\u00edpad\u011b ztr\u00e1ty odemykac\u00edho za\u0159\u00edzen\u00ed bude tyto informace pot\u0159ebovat prodejce spole\u010dnosti k v\u00fdrob\u011b nov\u00e9ho kl\u00ed\u010de. Je t\u0159eba p\u0159ipomenout, \u017ee imobiliz\u00e9r Alfa Romeo m\u016f\u017ee zaregistrovat maxim\u00e1ln\u011b 7 za\u0159\u00edzen\u00ed kompatibiln\u00edch se zabezpe\u010dovac\u00edm syst\u00e9mem. M\u016f\u017ee tedy existovat pouze 7 kl\u00ed\u010d\u016f.<\/p>\n<p>Nem\u00e1 cenu se pokou\u0161et vyrobit odblokovac\u00ed za\u0159\u00edzen\u00ed sv\u00e9pomoc\u00ed. P\u0159i volb\u011b k\u00f3du je mo\u017en\u00e9 ud\u011blat chybu, v\u016fz ji bude pova\u017eovat za pokus o odjezd a zablokuje motor. V\u00fdrobu kl\u00ed\u010d\u016f Alfa Romeo je lep\u0161\u00ed sv\u011b\u0159it profesion\u00e1l\u016fm. Pomoc\u00ed speci\u00e1ln\u00edho za\u0159\u00edzen\u00ed vyrob\u00ed mechanickou \u010d\u00e1st kl\u00ed\u010de (obvykle ukrytou uvnit\u0159 kl\u00ed\u010denky), nainstaluj\u00ed sn\u00edma\u010d s individu\u00e1ln\u00edm k\u00f3dem, synchronizuj\u00ed sign\u00e1l s imobiliz\u00e9rem, zkoordinuj\u00ed d\u00e1lkov\u00fd p\u0159\u00edstup k z\u00e1mk\u016fm dve\u0159\u00ed, zavazadlov\u00e9mu prostoru, poklopu, p\u0159ihr\u00e1dce atd. V\u0161echny syst\u00e9my TP tak budou fungovat spolehliv\u011b a bez probl\u00e9m\u016f.<\/p>\n","protected":false},"excerpt":{"rendered":"<h2>Vyr\u00e1b\u00edme a programujeme kl\u00ed\u010de pro vozy Alfa Romeo.<\/h2>\n<ul>\n<li>V\u00fdroba kl\u00ed\u010d\u016f Alfa Romeo<\/li>\n<li>Programov\u00e1n\u00ed kl\u00ed\u010d\u016f Alfa Romeo<\/li>\n<li>Oprava kl\u00ed\u010de Alfa Romeo<\/li>\n<li>Kuf\u0159\u00edky na kl\u00ed\u010de Alfa Romeo<\/li>\n<li>Nouzov\u00e9 odemyk\u00e1n\u00ed voz\u016f Alfa Romeo<\/li>\n<\/ul>\n<h3><strong>V\u00fdroba kl\u00ed\u010d\u016f od automobil\u016f<\/strong><\/h3>\n<ul>\n<li><strong>V\u00fdroba nov\u00fdch kl\u00ed\u010d\u016f od vozu, programov\u00e1n\u00ed kl\u00ed\u010d\u016f (&#8222;sv\u00e1z\u00e1n\u00ed&#8220; s vozem)<\/strong><\/li>\n<li><strong>Odstran\u011bn\u00ed d\u0159\u00edve ztracen\u00fdch kl\u00ed\u010d\u016f z pam\u011bti vozidla<\/strong><\/li>\n<li><strong>V\u00fdroba kl\u00ed\u010de zapalov\u00e1n\u00ed podle z\u00e1mku<\/strong><\/li>\n<li><strong>Opravy kl\u00ed\u010d\u016f od automobil\u016f (v\u00fdm\u011bna tla\u010d\u00edtek, pl\u00e1\u0161\u0165\u016f, mechanism\u016f)<\/strong><\/li>\n<li><strong>Nouzov\u00e9 odemyk\u00e1n\u00ed vozu<\/strong><\/li>\n<li><strong>Obchodov\u00e1n\u00ed s kl\u00ed\u010di, pouzdry na kl\u00ed\u010de<\/strong><\/li>\n<li><strong>Vypnut\u00ed softwaru DPF \/ FAP<\/strong><\/li>\n<li><strong>Programov\u00e9 odstran\u011bn\u00ed EGR<\/strong><\/li>\n<li><strong>Deaktivace softwaru imobiliz\u00e9ru (immo Off)<\/strong><\/li>\n<li><strong>Oprava \u0159\u00eddic\u00ed jednotky motoru (ECU), klonov\u00e1n\u00ed, programov\u00e1n\u00ed<\/strong><\/li>\n<li><strong>SRS (programov\u00e1n\u00ed \u0159\u00eddic\u00ed jednotky airbagu)<\/strong><\/li>\n<\/ul>\n<h4><strong>  zbo\u017e\u00ed odesl\u00e1no do 3 pracovn\u00edch dn\u016f.*<\/strong><\/h4>\n<hr>\n<p>&nbsp;<\/p>\n","protected":false},"featured_media":20483,"comment_status":"open","ping_status":"closed","template":"","meta":[],"product_brand":[],"product_cat":[4154,5832],"product_tag":[4202,4206,4160,4170,4215,4174,4260,4243,4265,4184,4270,4220,4271,4226],"class_list":{"0":"post-22430","1":"product","2":"type-product","3":"status-publish","4":"has-post-thumbnail","6":"product_cat-alfa-romeo-cs","7":"product_cat-vyroba-klicu","8":"product_tag-klic-alfa-romeo-145","9":"product_tag-klic-alfa-romeo-146","10":"product_tag-kryt-klice-alfa-romeo","11":"product_tag-kryt-klice-alfa-romeo-147","12":"product_tag-kryt-klice-alfa-romeo-155","13":"product_tag-kryt-klice-alfa-romeo-156","14":"product_tag-kryt-klice-alfa-romeo-159","15":"product_tag-kryt-klice-alfa-romeo-166","16":"product_tag-kryt-klice-alfa-romeo-giulietta","17":"product_tag-kryt-klice-alfa-romeo-gt","18":"product_tag-kryt-klice-alfa-romeo-gto","19":"product_tag-kryt-klice-alfa-romeo-gtv","20":"product_tag-kryt-klice-alfa-romeo-mito","21":"product_tag-kryt-klice-alfa-romeo-spider","23":"first","24":"instock","25":"shipping-taxable","26":"product-type-simple"},"yoast_head":"<!-- This site is optimized with the Yoast SEO plugin v27.6 - https:\/\/yoast.com\/product\/yoast-seo-wordpress\/ -->\n<title>V\u00fdroba kl\u00ed\u010d\u016f pro vozy Alfa Romeo - Keys for auto<\/title>\n<meta name=\"robots\" content=\"index, follow, max-snippet:-1, max-image-preview:large, max-video-preview:-1\" \/>\n<link rel=\"canonical\" href=\"https:\/\/keys-for-auto.eu\/cs\/product\/vyroba-klicu-pro-auta-alfa-romeo\/\" \/>\n<meta property=\"og:locale\" content=\"cs_CZ\" \/>\n<meta property=\"og:type\" content=\"article\" \/>\n<meta property=\"og:title\" content=\"V\u00fdroba kl\u00ed\u010d\u016f pro vozy Alfa Romeo - Keys for auto\" \/>\n<meta property=\"og:description\" content=\"Vyr\u00e1b\u00edme a programujeme kl\u00ed\u010de pro vozy Alfa Romeo.  V\u00fdroba kl\u00ed\u010d\u016f Alfa Romeo  Programov\u00e1n\u00ed kl\u00ed\u010d\u016f Alfa Romeo  Oprava kl\u00ed\u010de Alfa Romeo  Kuf\u0159\u00edky na kl\u00ed\u010de Alfa Romeo  Nouzov\u00e9 odemyk\u00e1n\u00ed voz\u016f Alfa Romeo V\u00fdroba kl\u00ed\u010d\u016f od automobil\u016f  V\u00fdroba nov\u00fdch kl\u00ed\u010d\u016f od vozu, programov\u00e1n\u00ed kl\u00ed\u010d\u016f (&quot;sv\u00e1z\u00e1n\u00ed&quot; s vozem)  Odstran\u011bn\u00ed d\u0159\u00edve ztracen\u00fdch kl\u00ed\u010d\u016f z pam\u011bti vozidla  V\u00fdroba kl\u00ed\u010de zapalov\u00e1n\u00ed podle z\u00e1mku  Opravy kl\u00ed\u010d\u016f od automobil\u016f (v\u00fdm\u011bna tla\u010d\u00edtek, pl\u00e1\u0161\u0165\u016f, mechanism\u016f)  Nouzov\u00e9 odemyk\u00e1n\u00ed vozu  Obchodov\u00e1n\u00ed s kl\u00ed\u010di, pouzdry na kl\u00ed\u010de  Vypnut\u00ed softwaru DPF \/ FAP  Programov\u00e9 odstran\u011bn\u00ed EGR  Deaktivace softwaru imobiliz\u00e9ru (immo Off)  Oprava \u0159\u00eddic\u00ed jednotky motoru (ECU), klonov\u00e1n\u00ed, programov\u00e1n\u00ed  SRS (programov\u00e1n\u00ed \u0159\u00eddic\u00ed jednotky airbagu)  zbo\u017e\u00ed odesl\u00e1no do 3 pracovn\u00edch dn\u016f.*  &nbsp;\" \/>\n<meta property=\"og:url\" content=\"https:\/\/keys-for-auto.eu\/cs\/product\/vyroba-klicu-pro-auta-alfa-romeo\/\" \/>\n<meta property=\"og:site_name\" content=\"Keys for auto\" \/>\n<meta property=\"article:publisher\" content=\"https:\/\/www.facebook.com\/KeysForAutoEU\" \/>\n<meta property=\"og:image\" content=\"https:\/\/i0.wp.com\/keys-for-auto.eu\/wp-content\/uploads\/2022\/12\/admin-ajax__2_-removebg-preview-2.png?fit=524%2C476&ssl=1\" \/>\n\t<meta property=\"og:image:width\" content=\"524\" \/>\n\t<meta property=\"og:image:height\" content=\"476\" \/>\n\t<meta property=\"og:image:type\" content=\"image\/png\" \/>\n<meta name=\"twitter:card\" content=\"summary_large_image\" \/>\n<meta name=\"twitter:label1\" content=\"Odhadovan\u00e1 doba \u010dten\u00ed\" \/>\n\t<meta name=\"twitter:data1\" content=\"2 minuty\" \/>\n<script type=\"application\/ld+json\" class=\"yoast-schema-graph\">{\"@context\":\"https:\\\/\\\/schema.org\",\"@graph\":[{\"@type\":[\"WebPage\",\"ItemPage\"],\"@id\":\"https:\\\/\\\/keys-for-auto.eu\\\/cs\\\/product\\\/vyroba-klicu-pro-auta-alfa-romeo\\\/\",\"url\":\"https:\\\/\\\/keys-for-auto.eu\\\/cs\\\/product\\\/vyroba-klicu-pro-auta-alfa-romeo\\\/\",\"name\":\"V\u00fdroba kl\u00ed\u010d\u016f pro vozy Alfa Romeo - Keys for auto\",\"isPartOf\":{\"@id\":\"https:\\\/\\\/keys-for-auto.eu\\\/cs\\\/#website\"},\"primaryImageOfPage\":{\"@id\":\"https:\\\/\\\/keys-for-auto.eu\\\/cs\\\/product\\\/vyroba-klicu-pro-auta-alfa-romeo\\\/#primaryimage\"},\"image\":{\"@id\":\"https:\\\/\\\/keys-for-auto.eu\\\/cs\\\/product\\\/vyroba-klicu-pro-auta-alfa-romeo\\\/#primaryimage\"},\"thumbnailUrl\":\"https:\\\/\\\/keys-for-auto.eu\\\/wp-content\\\/uploads\\\/2022\\\/12\\\/admin-ajax__2_-removebg-preview-2.png\",\"datePublished\":\"2017-12-05T20:08:35+00:00\",\"breadcrumb\":{\"@id\":\"https:\\\/\\\/keys-for-auto.eu\\\/cs\\\/product\\\/vyroba-klicu-pro-auta-alfa-romeo\\\/#breadcrumb\"},\"inLanguage\":\"cs\",\"potentialAction\":[{\"@type\":\"ReadAction\",\"target\":[\"https:\\\/\\\/keys-for-auto.eu\\\/cs\\\/product\\\/vyroba-klicu-pro-auta-alfa-romeo\\\/\"]}]},{\"@type\":\"ImageObject\",\"inLanguage\":\"cs\",\"@id\":\"https:\\\/\\\/keys-for-auto.eu\\\/cs\\\/product\\\/vyroba-klicu-pro-auta-alfa-romeo\\\/#primaryimage\",\"url\":\"https:\\\/\\\/keys-for-auto.eu\\\/wp-content\\\/uploads\\\/2022\\\/12\\\/admin-ajax__2_-removebg-preview-2.png\",\"contentUrl\":\"https:\\\/\\\/keys-for-auto.eu\\\/wp-content\\\/uploads\\\/2022\\\/12\\\/admin-ajax__2_-removebg-preview-2.png\",\"width\":524,\"height\":476},{\"@type\":\"BreadcrumbList\",\"@id\":\"https:\\\/\\\/keys-for-auto.eu\\\/cs\\\/product\\\/vyroba-klicu-pro-auta-alfa-romeo\\\/#breadcrumb\",\"itemListElement\":[{\"@type\":\"ListItem\",\"position\":1,\"name\":\"Home\",\"item\":\"https:\\\/\\\/keys-for-auto.eu\\\/cs\\\/\"},{\"@type\":\"ListItem\",\"position\":2,\"name\":\"Shop\",\"item\":\"https:\\\/\\\/keys-for-auto.eu\\\/\"},{\"@type\":\"ListItem\",\"position\":3,\"name\":\"V\u00fdroba kl\u00ed\u010d\u016f pro vozy Alfa Romeo\"}]},{\"@type\":\"WebSite\",\"@id\":\"https:\\\/\\\/keys-for-auto.eu\\\/cs\\\/#website\",\"url\":\"https:\\\/\\\/keys-for-auto.eu\\\/cs\\\/\",\"name\":\"Keys for auto\",\"description\":\"Car keys,  key shells, key programming\",\"publisher\":{\"@id\":\"https:\\\/\\\/keys-for-auto.eu\\\/cs\\\/#organization\"},\"potentialAction\":[{\"@type\":\"SearchAction\",\"target\":{\"@type\":\"EntryPoint\",\"urlTemplate\":\"https:\\\/\\\/keys-for-auto.eu\\\/cs\\\/?s={search_term_string}\"},\"query-input\":{\"@type\":\"PropertyValueSpecification\",\"valueRequired\":true,\"valueName\":\"search_term_string\"}}],\"inLanguage\":\"cs\"},{\"@type\":\"Organization\",\"@id\":\"https:\\\/\\\/keys-for-auto.eu\\\/cs\\\/#organization\",\"name\":\"Kl\u00ed\u010de pro auto\",\"url\":\"https:\\\/\\\/keys-for-auto.eu\\\/cs\\\/\",\"logo\":{\"@type\":\"ImageObject\",\"inLanguage\":\"cs\",\"@id\":\"https:\\\/\\\/keys-for-auto.eu\\\/cs\\\/#\\\/schema\\\/logo\\\/image\\\/\",\"url\":\"https:\\\/\\\/keys-for-auto.eu\\\/wp-content\\\/uploads\\\/2022\\\/11\\\/cropped-png1.png\",\"contentUrl\":\"https:\\\/\\\/keys-for-auto.eu\\\/wp-content\\\/uploads\\\/2022\\\/11\\\/cropped-png1.png\",\"width\":1000,\"height\":342,\"caption\":\"Kl\u00ed\u010de pro auto\"},\"image\":{\"@id\":\"https:\\\/\\\/keys-for-auto.eu\\\/cs\\\/#\\\/schema\\\/logo\\\/image\\\/\"},\"sameAs\":[\"https:\\\/\\\/www.facebook.com\\\/KeysForAutoEU\"]}]}<\/script>\n<!-- \/ Yoast SEO plugin. -->","yoast_head_json":{"title":"V\u00fdroba kl\u00ed\u010d\u016f pro vozy Alfa Romeo - Keys for auto","robots":{"index":"index","follow":"follow","max-snippet":"max-snippet:-1","max-image-preview":"max-image-preview:large","max-video-preview":"max-video-preview:-1"},"canonical":"https:\/\/keys-for-auto.eu\/cs\/product\/vyroba-klicu-pro-auta-alfa-romeo\/","og_locale":"cs_CZ","og_type":"article","og_title":"V\u00fdroba kl\u00ed\u010d\u016f pro vozy Alfa Romeo - Keys for auto","og_description":"Vyr\u00e1b\u00edme a programujeme kl\u00ed\u010de pro vozy Alfa Romeo.  V\u00fdroba kl\u00ed\u010d\u016f Alfa Romeo  Programov\u00e1n\u00ed kl\u00ed\u010d\u016f Alfa Romeo  Oprava kl\u00ed\u010de Alfa Romeo  Kuf\u0159\u00edky na kl\u00ed\u010de Alfa Romeo  Nouzov\u00e9 odemyk\u00e1n\u00ed voz\u016f Alfa Romeo V\u00fdroba kl\u00ed\u010d\u016f od automobil\u016f  V\u00fdroba nov\u00fdch kl\u00ed\u010d\u016f od vozu, programov\u00e1n\u00ed kl\u00ed\u010d\u016f (\"sv\u00e1z\u00e1n\u00ed\" s vozem)  Odstran\u011bn\u00ed d\u0159\u00edve ztracen\u00fdch kl\u00ed\u010d\u016f z pam\u011bti vozidla  V\u00fdroba kl\u00ed\u010de zapalov\u00e1n\u00ed podle z\u00e1mku  Opravy kl\u00ed\u010d\u016f od automobil\u016f (v\u00fdm\u011bna tla\u010d\u00edtek, pl\u00e1\u0161\u0165\u016f, mechanism\u016f)  Nouzov\u00e9 odemyk\u00e1n\u00ed vozu  Obchodov\u00e1n\u00ed s kl\u00ed\u010di, pouzdry na kl\u00ed\u010de  Vypnut\u00ed softwaru DPF \/ FAP  Programov\u00e9 odstran\u011bn\u00ed EGR  Deaktivace softwaru imobiliz\u00e9ru (immo Off)  Oprava \u0159\u00eddic\u00ed jednotky motoru (ECU), klonov\u00e1n\u00ed, programov\u00e1n\u00ed  SRS (programov\u00e1n\u00ed \u0159\u00eddic\u00ed jednotky airbagu)  zbo\u017e\u00ed odesl\u00e1no do 3 pracovn\u00edch dn\u016f.*  &nbsp;","og_url":"https:\/\/keys-for-auto.eu\/cs\/product\/vyroba-klicu-pro-auta-alfa-romeo\/","og_site_name":"Keys for auto","article_publisher":"https:\/\/www.facebook.com\/KeysForAutoEU","og_image":[{"width":524,"height":476,"url":"https:\/\/i0.wp.com\/keys-for-auto.eu\/wp-content\/uploads\/2022\/12\/admin-ajax__2_-removebg-preview-2.png?fit=524%2C476&ssl=1","type":"image\/png"}],"twitter_card":"summary_large_image","twitter_misc":{"Odhadovan\u00e1 doba \u010dten\u00ed":"2 minuty"},"schema":{"@context":"https:\/\/schema.org","@graph":[{"@type":["WebPage","ItemPage"],"@id":"https:\/\/keys-for-auto.eu\/cs\/product\/vyroba-klicu-pro-auta-alfa-romeo\/","url":"https:\/\/keys-for-auto.eu\/cs\/product\/vyroba-klicu-pro-auta-alfa-romeo\/","name":"V\u00fdroba kl\u00ed\u010d\u016f pro vozy Alfa Romeo - Keys for auto","isPartOf":{"@id":"https:\/\/keys-for-auto.eu\/cs\/#website"},"primaryImageOfPage":{"@id":"https:\/\/keys-for-auto.eu\/cs\/product\/vyroba-klicu-pro-auta-alfa-romeo\/#primaryimage"},"image":{"@id":"https:\/\/keys-for-auto.eu\/cs\/product\/vyroba-klicu-pro-auta-alfa-romeo\/#primaryimage"},"thumbnailUrl":"https:\/\/keys-for-auto.eu\/wp-content\/uploads\/2022\/12\/admin-ajax__2_-removebg-preview-2.png","datePublished":"2017-12-05T20:08:35+00:00","breadcrumb":{"@id":"https:\/\/keys-for-auto.eu\/cs\/product\/vyroba-klicu-pro-auta-alfa-romeo\/#breadcrumb"},"inLanguage":"cs","potentialAction":[{"@type":"ReadAction","target":["https:\/\/keys-for-auto.eu\/cs\/product\/vyroba-klicu-pro-auta-alfa-romeo\/"]}]},{"@type":"ImageObject","inLanguage":"cs","@id":"https:\/\/keys-for-auto.eu\/cs\/product\/vyroba-klicu-pro-auta-alfa-romeo\/#primaryimage","url":"https:\/\/keys-for-auto.eu\/wp-content\/uploads\/2022\/12\/admin-ajax__2_-removebg-preview-2.png","contentUrl":"https:\/\/keys-for-auto.eu\/wp-content\/uploads\/2022\/12\/admin-ajax__2_-removebg-preview-2.png","width":524,"height":476},{"@type":"BreadcrumbList","@id":"https:\/\/keys-for-auto.eu\/cs\/product\/vyroba-klicu-pro-auta-alfa-romeo\/#breadcrumb","itemListElement":[{"@type":"ListItem","position":1,"name":"Home","item":"https:\/\/keys-for-auto.eu\/cs\/"},{"@type":"ListItem","position":2,"name":"Shop","item":"https:\/\/keys-for-auto.eu\/"},{"@type":"ListItem","position":3,"name":"V\u00fdroba kl\u00ed\u010d\u016f pro vozy Alfa Romeo"}]},{"@type":"WebSite","@id":"https:\/\/keys-for-auto.eu\/cs\/#website","url":"https:\/\/keys-for-auto.eu\/cs\/","name":"Keys for auto","description":"Car keys,  key shells, key programming","publisher":{"@id":"https:\/\/keys-for-auto.eu\/cs\/#organization"},"potentialAction":[{"@type":"SearchAction","target":{"@type":"EntryPoint","urlTemplate":"https:\/\/keys-for-auto.eu\/cs\/?s={search_term_string}"},"query-input":{"@type":"PropertyValueSpecification","valueRequired":true,"valueName":"search_term_string"}}],"inLanguage":"cs"},{"@type":"Organization","@id":"https:\/\/keys-for-auto.eu\/cs\/#organization","name":"Kl\u00ed\u010de pro auto","url":"https:\/\/keys-for-auto.eu\/cs\/","logo":{"@type":"ImageObject","inLanguage":"cs","@id":"https:\/\/keys-for-auto.eu\/cs\/#\/schema\/logo\/image\/","url":"https:\/\/keys-for-auto.eu\/wp-content\/uploads\/2022\/11\/cropped-png1.png","contentUrl":"https:\/\/keys-for-auto.eu\/wp-content\/uploads\/2022\/11\/cropped-png1.png","width":1000,"height":342,"caption":"Kl\u00ed\u010de pro auto"},"image":{"@id":"https:\/\/keys-for-auto.eu\/cs\/#\/schema\/logo\/image\/"},"sameAs":["https:\/\/www.facebook.com\/KeysForAutoEU"]}]}},"_links":{"self":[{"href":"https:\/\/keys-for-auto.eu\/cs\/wp-json\/wp\/v2\/product\/22430","targetHints":{"allow":["GET"]}}],"collection":[{"href":"https:\/\/keys-for-auto.eu\/cs\/wp-json\/wp\/v2\/product"}],"about":[{"href":"https:\/\/keys-for-auto.eu\/cs\/wp-json\/wp\/v2\/types\/product"}],"replies":[{"embeddable":true,"href":"https:\/\/keys-for-auto.eu\/cs\/wp-json\/wp\/v2\/comments?post=22430"}],"wp:featuredmedia":[{"embeddable":true,"href":"https:\/\/keys-for-auto.eu\/cs\/wp-json\/wp\/v2\/media\/20483"}],"wp:attachment":[{"href":"https:\/\/keys-for-auto.eu\/cs\/wp-json\/wp\/v2\/media?parent=22430"}],"wp:term":[{"taxonomy":"product_brand","embeddable":true,"href":"https:\/\/keys-for-auto.eu\/cs\/wp-json\/wp\/v2\/product_brand?post=22430"},{"taxonomy":"product_cat","embeddable":true,"href":"https:\/\/keys-for-auto.eu\/cs\/wp-json\/wp\/v2\/product_cat?post=22430"},{"taxonomy":"product_tag","embeddable":true,"href":"https:\/\/keys-for-auto.eu\/cs\/wp-json\/wp\/v2\/product_tag?post=22430"}],"curies":[{"name":"wp","href":"https:\/\/api.w.org\/{rel}","templated":true}]}}