{"id":22428,"date":"2017-12-03T16:27:09","date_gmt":"2017-12-03T16:27:09","guid":{"rendered":"https:\/\/keys-for-auto.eu\/product\/vyroba-klicu-pro-vozy-mazda\/"},"modified":"2017-12-03T16:27:09","modified_gmt":"2017-12-03T16:27:09","slug":"vyroba-klicu-pro-mazda-auta","status":"publish","type":"product","link":"https:\/\/keys-for-auto.eu\/cs\/product\/vyroba-klicu-pro-mazda-auta\/","title":{"rendered":"V\u00fdroba kl\u00ed\u010d\u016f pro vozy Mazda"},"content":{"rendered":"<h3>V\u00fdroba kl\u00ed\u010d\u016f Mazda<\/h3>\n<p>&#8222;Kl\u00ed\u010d Mazda byl jedn\u00edm z prvn\u00edch kl\u00ed\u010d\u016f, kter\u00e9 m\u011bly v t\u011ble zabudovan\u00fd \u010dip s jedine\u010dn\u00fdm k\u00f3dov\u00e1n\u00edm pro zv\u00fd\u0161en\u00ed bezpe\u010dnosti vozu. V\u011bt\u0161ina modern\u00edch voz\u016f Mazda je vybavena chytr\u00fdm kl\u00ed\u010dem pro odemyk\u00e1n\u00ed vozu a aktivaci motoru. Ztr\u00e1ta kl\u00ed\u010de zp\u016fsobuje \u0159adu probl\u00e9m\u016f, kter\u00e9 se n\u011bkdy vz\u00e1jemn\u011b zhor\u0161uj\u00ed. Krom\u011b toho, \u017ee majitel nem\u016f\u017ee pou\u017e\u00edvat sv\u016fj v\u016fz, je velmi pravd\u011bpodobn\u00e9, \u017ee ztracen\u00fd kl\u00ed\u010d pou\u017eije neopr\u00e1vn\u011bn\u00e1 osoba k odcizen\u00ed vozu. Pokud se kl\u00ed\u010d ztratil, opot\u0159eboval se nebo se zlomil, je t\u0159eba zakoupit duplik\u00e1t kl\u00ed\u010de, kter\u00fd v\u00e1m \u0159emesln\u00edk vyrob\u00ed b\u011bhem n\u011bkolika minut.<\/p>\n<p>Specifika postupu kop\u00edrov\u00e1n\u00ed<\/p>\n<p>Aby z\u00e1kazn\u00edk obdr\u017eel kvalitn\u00ed duplik\u00e1t, mus\u00ed mistr prov\u00e9st n\u00e1sleduj\u00edc\u00ed kroky:<\/p>\n<p>v\u00fdb\u011br vhodn\u00e9ho pouzdra;<\/p>\n<p>programov\u00e1n\u00ed \u010dipu;<\/p>\n<p>vyrobit \u010depel kl\u00ed\u010de.<\/p>\n<p>K vytvo\u0159en\u00ed jedine\u010dn\u00e9ho vzoru na \u010depeli kl\u00ed\u010de pou\u017e\u00edv\u00e1 technik profesion\u00e1ln\u00ed obr\u00e1b\u011bc\u00ed stroje. P\u0159\u00edslu\u0161n\u00fd software umo\u017e\u0148uje nastavit pot\u0159ebn\u00e9 parametry stroje a vyrobit v\u00fdrobek v pln\u00e9m souladu s po\u017eadavky. Vzhledem k tomu, \u017ee majitel p\u0159i koupi vozu Mazda obdr\u017e\u00ed dv\u011b sady kl\u00ed\u010d\u016f, je v p\u0159\u00edpad\u011b ztr\u00e1ty jednoho z nich mo\u017en\u00e9 vytvo\u0159it kopii vzoru na \u010depeli druh\u00e9ho kl\u00ed\u010de. V obt\u00ed\u017en\u00fdch p\u0159\u00edpadech je duplik\u00e1t reprodukov\u00e1n z\u00e1mkem, co\u017e vy\u017eaduje, aby vozidlo bylo v servisu.<\/p>\n<p>Specialista m\u016f\u017ee vytvo\u0159it kopii pro jak\u00fdkoli v\u016fz z modelov\u00e9 \u0159ady Mazda, bez ohledu na jeho slo\u017eitost:<\/p>\n<p>standardn\u00ed;<\/p>\n<p>chytr\u00fd kl\u00ed\u010d;<\/p>\n<p>skl\u00e1d\u00e1n\u00ed pomoc\u00ed knofl\u00edk\u016f.<\/p>\n<p>&#8222;Vytvo\u0159en\u00ed duplik\u00e1tu vozu Mazda vy\u017eaduje p\u0159eprogramov\u00e1n\u00ed zb\u00fdvaj\u00edc\u00edho druh\u00e9ho kl\u00ed\u010de v sad\u011b. Tento postup se prov\u00e1d\u00ed proto, aby se vylou\u010dila mo\u017enost neopr\u00e1vn\u011bn\u00e9ho p\u0159\u00edstupu neopr\u00e1vn\u011bn\u00e9 osoby ke ztracen\u00e9mu kl\u00ed\u010di. D\u00edky p\u0159eprogramov\u00e1n\u00ed nebude vozidlo reagovat na p\u0159\u00edkazy star\u00e9ho programu. Vkl\u00e1d\u00e1n\u00ed nov\u00fdch \u00fadaj\u016f a maz\u00e1n\u00ed p\u0159edchoz\u00edch \u00fadaj\u016f lze prov\u00e1d\u011bt r\u016fzn\u00fdmi zp\u016fsoby v z\u00e1vislosti na konkr\u00e9tn\u00ed situaci. O tom, kterou metodu p\u0159eprogramov\u00e1n\u00ed zvolit, rozhoduje kvalifikovan\u00fd odborn\u00edk.<\/p>\n","protected":false},"excerpt":{"rendered":"<h3>Vyr\u00e1b\u00edme a programujeme kl\u00ed\u010de, elektronick\u00e9 (inteligentn\u00ed) kl\u00ed\u010de pro vozy Mazda.<\/h3>\n<ul>\n<li>\n<h3>V\u00fdroba kl\u00ed\u010d\u016f Mazda<\/h3>\n<\/li>\n<li>\n<h3>Programov\u00e1n\u00ed kl\u00ed\u010d\u016f Mazda<\/h3>\n<\/li>\n<li>\n<h3>Oprava kl\u00ed\u010de Mazda<\/h3>\n<\/li>\n<li>\n<h3>Kl\u00ed\u010dov\u00e9 p\u0159\u00edpady Mazda<\/h3>\n<\/li>\n<li>\n<h3>V\u00fdroba kl\u00ed\u010d\u016f Mazda, programov\u00e1n\u00ed<\/h3>\n<\/li>\n<li>\n<h3>Nouzov\u00e9 odemyk\u00e1n\u00ed voz\u016f Mazda<\/h3>\n<\/li>\n<\/ul>\n<h3><strong>V\u00fdroba kl\u00ed\u010d\u016f od automobil\u016f<\/strong><\/h3>\n<ul>\n<li><strong>V\u00fdroba nov\u00fdch kl\u00ed\u010d\u016f od vozu, programov\u00e1n\u00ed kl\u00ed\u010d\u016f (&#8222;sv\u00e1z\u00e1n\u00ed&#8220; s vozem)<\/strong><\/li>\n<li><strong>Odstran\u011bn\u00ed d\u0159\u00edve ztracen\u00fdch kl\u00ed\u010d\u016f z pam\u011bti vozidla<\/strong><\/li>\n<li><strong>V\u00fdroba kl\u00ed\u010de zapalov\u00e1n\u00ed podle z\u00e1mku<\/strong><\/li>\n<li><strong>Opravy kl\u00ed\u010d\u016f od automobil\u016f (v\u00fdm\u011bna tla\u010d\u00edtek, pl\u00e1\u0161\u0165\u016f, mechanism\u016f)<\/strong><\/li>\n<li><strong>Nouzov\u00e9 odemyk\u00e1n\u00ed vozu<\/strong><\/li>\n<li><strong>Obchodov\u00e1n\u00ed s kl\u00ed\u010di, pouzdry na kl\u00ed\u010de<\/strong><\/li>\n<li><strong>Vypnut\u00ed softwaru DPF \/ FAP<\/strong><\/li>\n<li><strong>Programov\u00e9 odstran\u011bn\u00ed EGR<\/strong><\/li>\n<li><strong>Deaktivace softwaru imobiliz\u00e9ru (immo Off)<\/strong><\/li>\n<li><strong>Oprava \u0159\u00eddic\u00ed jednotky motoru (ECU), klonov\u00e1n\u00ed, programov\u00e1n\u00ed<\/strong><\/li>\n<li><strong>SRS (programov\u00e1n\u00ed \u0159\u00eddic\u00ed jednotky airbagu)<\/strong><\/li>\n<\/ul>\n<h4><strong>  zbo\u017e\u00ed odesl\u00e1no do 3 pracovn\u00edch dn\u016f.*<\/strong><\/h4>\n<p>&nbsp;<\/p>\n<p>&nbsp;<\/p>\n<p>&nbsp;<\/p>\n<p>&nbsp;<\/p>\n","protected":false},"featured_media":21263,"comment_status":"open","ping_status":"closed","template":"","meta":[],"product_brand":[],"product_cat":[4558,5832],"product_tag":[5433,5487,5411,4621,5421,5426,5486,4562,4615,4568,4659,4618,4663,4634,4638,4635],"class_list":{"0":"post-22428","1":"product","2":"type-product","3":"status-publish","4":"has-post-thumbnail","6":"product_cat-mazda-cs","7":"product_cat-vyroba-klicu","8":"product_tag-klic-k-mazde-mx5","9":"product_tag-klic-k-mazde-premacy","10":"product_tag-klic-mazda","11":"product_tag-klic-mazda-rx8-mx5-shell","12":"product_tag-klic-od-mazdy-3","13":"product_tag-klic-od-mazdy-5","14":"product_tag-klic-od-mazdy-6","15":"product_tag-kryt-klice-mazda","16":"product_tag-kryt-klice-mazda-2","17":"product_tag-kryt-klice-mazda-3","18":"product_tag-kryt-klice-mazda-5","19":"product_tag-kryt-klice-mazda-6","20":"product_tag-kryt-klice-mazda-cx5","21":"product_tag-kryt-klice-mazda-mx5","22":"product_tag-kryt-klice-mazda-primacy","23":"product_tag-kryt-klice-mazda-rx8","25":"first","26":"instock","27":"shipping-taxable","28":"product-type-simple"},"yoast_head":"<!-- This site is optimized with the Yoast SEO plugin v27.6 - https:\/\/yoast.com\/product\/yoast-seo-wordpress\/ -->\n<title>V\u00fdroba kl\u00ed\u010d\u016f pro vozy Mazda - Keys for auto<\/title>\n<meta name=\"robots\" content=\"index, follow, max-snippet:-1, max-image-preview:large, max-video-preview:-1\" \/>\n<link rel=\"canonical\" href=\"https:\/\/keys-for-auto.eu\/cs\/product\/vyroba-klicu-pro-mazda-auta\/\" \/>\n<meta property=\"og:locale\" content=\"cs_CZ\" \/>\n<meta property=\"og:type\" content=\"article\" \/>\n<meta property=\"og:title\" content=\"V\u00fdroba kl\u00ed\u010d\u016f pro vozy Mazda - Keys for auto\" \/>\n<meta property=\"og:description\" content=\"Vyr\u00e1b\u00edme a programujeme kl\u00ed\u010de, elektronick\u00e9 (inteligentn\u00ed) kl\u00ed\u010de pro vozy Mazda.   V\u00fdroba kl\u00ed\u010d\u016f Mazda   Programov\u00e1n\u00ed kl\u00ed\u010d\u016f Mazda   Oprava kl\u00ed\u010de Mazda   Kl\u00ed\u010dov\u00e9 p\u0159\u00edpady Mazda   V\u00fdroba kl\u00ed\u010d\u016f Mazda, programov\u00e1n\u00ed   Nouzov\u00e9 odemyk\u00e1n\u00ed voz\u016f Mazda  V\u00fdroba kl\u00ed\u010d\u016f od automobil\u016f  V\u00fdroba nov\u00fdch kl\u00ed\u010d\u016f od vozu, programov\u00e1n\u00ed kl\u00ed\u010d\u016f (&quot;sv\u00e1z\u00e1n\u00ed&quot; s vozem)  Odstran\u011bn\u00ed d\u0159\u00edve ztracen\u00fdch kl\u00ed\u010d\u016f z pam\u011bti vozidla  V\u00fdroba kl\u00ed\u010de zapalov\u00e1n\u00ed podle z\u00e1mku  Opravy kl\u00ed\u010d\u016f od automobil\u016f (v\u00fdm\u011bna tla\u010d\u00edtek, pl\u00e1\u0161\u0165\u016f, mechanism\u016f)  Nouzov\u00e9 odemyk\u00e1n\u00ed vozu  Obchodov\u00e1n\u00ed s kl\u00ed\u010di, pouzdry na kl\u00ed\u010de  Vypnut\u00ed softwaru DPF \/ FAP  Programov\u00e9 odstran\u011bn\u00ed EGR  Deaktivace softwaru imobiliz\u00e9ru (immo Off)  Oprava \u0159\u00eddic\u00ed jednotky motoru (ECU), klonov\u00e1n\u00ed, programov\u00e1n\u00ed  SRS (programov\u00e1n\u00ed \u0159\u00eddic\u00ed jednotky airbagu)  zbo\u017e\u00ed odesl\u00e1no do 3 pracovn\u00edch dn\u016f.* &nbsp; &nbsp; &nbsp; &nbsp;\" \/>\n<meta property=\"og:url\" content=\"https:\/\/keys-for-auto.eu\/cs\/product\/vyroba-klicu-pro-mazda-auta\/\" \/>\n<meta property=\"og:site_name\" content=\"Keys for auto\" \/>\n<meta property=\"article:publisher\" content=\"https:\/\/www.facebook.com\/KeysForAutoEU\" \/>\n<meta property=\"og:image\" content=\"https:\/\/i0.wp.com\/keys-for-auto.eu\/wp-content\/uploads\/2022\/12\/admin-ajax__1_-removebg-preview-4.png?fit=400%2C393&ssl=1\" \/>\n\t<meta property=\"og:image:width\" content=\"400\" \/>\n\t<meta property=\"og:image:height\" content=\"393\" \/>\n\t<meta property=\"og:image:type\" content=\"image\/png\" \/>\n<meta name=\"twitter:card\" content=\"summary_large_image\" \/>\n<meta name=\"twitter:label1\" content=\"Odhadovan\u00e1 doba \u010dten\u00ed\" \/>\n\t<meta name=\"twitter:data1\" content=\"2 minuty\" \/>\n<script type=\"application\/ld+json\" class=\"yoast-schema-graph\">{\"@context\":\"https:\\\/\\\/schema.org\",\"@graph\":[{\"@type\":[\"WebPage\",\"ItemPage\"],\"@id\":\"https:\\\/\\\/keys-for-auto.eu\\\/cs\\\/product\\\/vyroba-klicu-pro-mazda-auta\\\/\",\"url\":\"https:\\\/\\\/keys-for-auto.eu\\\/cs\\\/product\\\/vyroba-klicu-pro-mazda-auta\\\/\",\"name\":\"V\u00fdroba kl\u00ed\u010d\u016f pro vozy Mazda - Keys for auto\",\"isPartOf\":{\"@id\":\"https:\\\/\\\/keys-for-auto.eu\\\/cs\\\/#website\"},\"primaryImageOfPage\":{\"@id\":\"https:\\\/\\\/keys-for-auto.eu\\\/cs\\\/product\\\/vyroba-klicu-pro-mazda-auta\\\/#primaryimage\"},\"image\":{\"@id\":\"https:\\\/\\\/keys-for-auto.eu\\\/cs\\\/product\\\/vyroba-klicu-pro-mazda-auta\\\/#primaryimage\"},\"thumbnailUrl\":\"https:\\\/\\\/keys-for-auto.eu\\\/wp-content\\\/uploads\\\/2022\\\/12\\\/admin-ajax__1_-removebg-preview-4.png\",\"datePublished\":\"2017-12-03T16:27:09+00:00\",\"breadcrumb\":{\"@id\":\"https:\\\/\\\/keys-for-auto.eu\\\/cs\\\/product\\\/vyroba-klicu-pro-mazda-auta\\\/#breadcrumb\"},\"inLanguage\":\"cs\",\"potentialAction\":[{\"@type\":\"ReadAction\",\"target\":[\"https:\\\/\\\/keys-for-auto.eu\\\/cs\\\/product\\\/vyroba-klicu-pro-mazda-auta\\\/\"]}]},{\"@type\":\"ImageObject\",\"inLanguage\":\"cs\",\"@id\":\"https:\\\/\\\/keys-for-auto.eu\\\/cs\\\/product\\\/vyroba-klicu-pro-mazda-auta\\\/#primaryimage\",\"url\":\"https:\\\/\\\/keys-for-auto.eu\\\/wp-content\\\/uploads\\\/2022\\\/12\\\/admin-ajax__1_-removebg-preview-4.png\",\"contentUrl\":\"https:\\\/\\\/keys-for-auto.eu\\\/wp-content\\\/uploads\\\/2022\\\/12\\\/admin-ajax__1_-removebg-preview-4.png\",\"width\":400,\"height\":393},{\"@type\":\"BreadcrumbList\",\"@id\":\"https:\\\/\\\/keys-for-auto.eu\\\/cs\\\/product\\\/vyroba-klicu-pro-mazda-auta\\\/#breadcrumb\",\"itemListElement\":[{\"@type\":\"ListItem\",\"position\":1,\"name\":\"Home\",\"item\":\"https:\\\/\\\/keys-for-auto.eu\\\/cs\\\/\"},{\"@type\":\"ListItem\",\"position\":2,\"name\":\"Shop\",\"item\":\"https:\\\/\\\/keys-for-auto.eu\\\/\"},{\"@type\":\"ListItem\",\"position\":3,\"name\":\"V\u00fdroba kl\u00ed\u010d\u016f pro vozy Mazda\"}]},{\"@type\":\"WebSite\",\"@id\":\"https:\\\/\\\/keys-for-auto.eu\\\/cs\\\/#website\",\"url\":\"https:\\\/\\\/keys-for-auto.eu\\\/cs\\\/\",\"name\":\"Keys for auto\",\"description\":\"Car keys,  key shells, key programming\",\"publisher\":{\"@id\":\"https:\\\/\\\/keys-for-auto.eu\\\/cs\\\/#organization\"},\"potentialAction\":[{\"@type\":\"SearchAction\",\"target\":{\"@type\":\"EntryPoint\",\"urlTemplate\":\"https:\\\/\\\/keys-for-auto.eu\\\/cs\\\/?s={search_term_string}\"},\"query-input\":{\"@type\":\"PropertyValueSpecification\",\"valueRequired\":true,\"valueName\":\"search_term_string\"}}],\"inLanguage\":\"cs\"},{\"@type\":\"Organization\",\"@id\":\"https:\\\/\\\/keys-for-auto.eu\\\/cs\\\/#organization\",\"name\":\"Kl\u00ed\u010de pro auto\",\"url\":\"https:\\\/\\\/keys-for-auto.eu\\\/cs\\\/\",\"logo\":{\"@type\":\"ImageObject\",\"inLanguage\":\"cs\",\"@id\":\"https:\\\/\\\/keys-for-auto.eu\\\/cs\\\/#\\\/schema\\\/logo\\\/image\\\/\",\"url\":\"https:\\\/\\\/keys-for-auto.eu\\\/wp-content\\\/uploads\\\/2022\\\/11\\\/cropped-png1.png\",\"contentUrl\":\"https:\\\/\\\/keys-for-auto.eu\\\/wp-content\\\/uploads\\\/2022\\\/11\\\/cropped-png1.png\",\"width\":1000,\"height\":342,\"caption\":\"Kl\u00ed\u010de pro auto\"},\"image\":{\"@id\":\"https:\\\/\\\/keys-for-auto.eu\\\/cs\\\/#\\\/schema\\\/logo\\\/image\\\/\"},\"sameAs\":[\"https:\\\/\\\/www.facebook.com\\\/KeysForAutoEU\"]}]}<\/script>\n<!-- \/ Yoast SEO plugin. -->","yoast_head_json":{"title":"V\u00fdroba kl\u00ed\u010d\u016f pro vozy Mazda - Keys for auto","robots":{"index":"index","follow":"follow","max-snippet":"max-snippet:-1","max-image-preview":"max-image-preview:large","max-video-preview":"max-video-preview:-1"},"canonical":"https:\/\/keys-for-auto.eu\/cs\/product\/vyroba-klicu-pro-mazda-auta\/","og_locale":"cs_CZ","og_type":"article","og_title":"V\u00fdroba kl\u00ed\u010d\u016f pro vozy Mazda - Keys for auto","og_description":"Vyr\u00e1b\u00edme a programujeme kl\u00ed\u010de, elektronick\u00e9 (inteligentn\u00ed) kl\u00ed\u010de pro vozy Mazda.   V\u00fdroba kl\u00ed\u010d\u016f Mazda   Programov\u00e1n\u00ed kl\u00ed\u010d\u016f Mazda   Oprava kl\u00ed\u010de Mazda   Kl\u00ed\u010dov\u00e9 p\u0159\u00edpady Mazda   V\u00fdroba kl\u00ed\u010d\u016f Mazda, programov\u00e1n\u00ed   Nouzov\u00e9 odemyk\u00e1n\u00ed voz\u016f Mazda  V\u00fdroba kl\u00ed\u010d\u016f od automobil\u016f  V\u00fdroba nov\u00fdch kl\u00ed\u010d\u016f od vozu, programov\u00e1n\u00ed kl\u00ed\u010d\u016f (\"sv\u00e1z\u00e1n\u00ed\" s vozem)  Odstran\u011bn\u00ed d\u0159\u00edve ztracen\u00fdch kl\u00ed\u010d\u016f z pam\u011bti vozidla  V\u00fdroba kl\u00ed\u010de zapalov\u00e1n\u00ed podle z\u00e1mku  Opravy kl\u00ed\u010d\u016f od automobil\u016f (v\u00fdm\u011bna tla\u010d\u00edtek, pl\u00e1\u0161\u0165\u016f, mechanism\u016f)  Nouzov\u00e9 odemyk\u00e1n\u00ed vozu  Obchodov\u00e1n\u00ed s kl\u00ed\u010di, pouzdry na kl\u00ed\u010de  Vypnut\u00ed softwaru DPF \/ FAP  Programov\u00e9 odstran\u011bn\u00ed EGR  Deaktivace softwaru imobiliz\u00e9ru (immo Off)  Oprava \u0159\u00eddic\u00ed jednotky motoru (ECU), klonov\u00e1n\u00ed, programov\u00e1n\u00ed  SRS (programov\u00e1n\u00ed \u0159\u00eddic\u00ed jednotky airbagu)  zbo\u017e\u00ed odesl\u00e1no do 3 pracovn\u00edch dn\u016f.* &nbsp; &nbsp; &nbsp; &nbsp;","og_url":"https:\/\/keys-for-auto.eu\/cs\/product\/vyroba-klicu-pro-mazda-auta\/","og_site_name":"Keys for auto","article_publisher":"https:\/\/www.facebook.com\/KeysForAutoEU","og_image":[{"width":400,"height":393,"url":"https:\/\/i0.wp.com\/keys-for-auto.eu\/wp-content\/uploads\/2022\/12\/admin-ajax__1_-removebg-preview-4.png?fit=400%2C393&ssl=1","type":"image\/png"}],"twitter_card":"summary_large_image","twitter_misc":{"Odhadovan\u00e1 doba \u010dten\u00ed":"2 minuty"},"schema":{"@context":"https:\/\/schema.org","@graph":[{"@type":["WebPage","ItemPage"],"@id":"https:\/\/keys-for-auto.eu\/cs\/product\/vyroba-klicu-pro-mazda-auta\/","url":"https:\/\/keys-for-auto.eu\/cs\/product\/vyroba-klicu-pro-mazda-auta\/","name":"V\u00fdroba kl\u00ed\u010d\u016f pro vozy Mazda - Keys for auto","isPartOf":{"@id":"https:\/\/keys-for-auto.eu\/cs\/#website"},"primaryImageOfPage":{"@id":"https:\/\/keys-for-auto.eu\/cs\/product\/vyroba-klicu-pro-mazda-auta\/#primaryimage"},"image":{"@id":"https:\/\/keys-for-auto.eu\/cs\/product\/vyroba-klicu-pro-mazda-auta\/#primaryimage"},"thumbnailUrl":"https:\/\/keys-for-auto.eu\/wp-content\/uploads\/2022\/12\/admin-ajax__1_-removebg-preview-4.png","datePublished":"2017-12-03T16:27:09+00:00","breadcrumb":{"@id":"https:\/\/keys-for-auto.eu\/cs\/product\/vyroba-klicu-pro-mazda-auta\/#breadcrumb"},"inLanguage":"cs","potentialAction":[{"@type":"ReadAction","target":["https:\/\/keys-for-auto.eu\/cs\/product\/vyroba-klicu-pro-mazda-auta\/"]}]},{"@type":"ImageObject","inLanguage":"cs","@id":"https:\/\/keys-for-auto.eu\/cs\/product\/vyroba-klicu-pro-mazda-auta\/#primaryimage","url":"https:\/\/keys-for-auto.eu\/wp-content\/uploads\/2022\/12\/admin-ajax__1_-removebg-preview-4.png","contentUrl":"https:\/\/keys-for-auto.eu\/wp-content\/uploads\/2022\/12\/admin-ajax__1_-removebg-preview-4.png","width":400,"height":393},{"@type":"BreadcrumbList","@id":"https:\/\/keys-for-auto.eu\/cs\/product\/vyroba-klicu-pro-mazda-auta\/#breadcrumb","itemListElement":[{"@type":"ListItem","position":1,"name":"Home","item":"https:\/\/keys-for-auto.eu\/cs\/"},{"@type":"ListItem","position":2,"name":"Shop","item":"https:\/\/keys-for-auto.eu\/"},{"@type":"ListItem","position":3,"name":"V\u00fdroba kl\u00ed\u010d\u016f pro vozy Mazda"}]},{"@type":"WebSite","@id":"https:\/\/keys-for-auto.eu\/cs\/#website","url":"https:\/\/keys-for-auto.eu\/cs\/","name":"Keys for auto","description":"Car keys,  key shells, key programming","publisher":{"@id":"https:\/\/keys-for-auto.eu\/cs\/#organization"},"potentialAction":[{"@type":"SearchAction","target":{"@type":"EntryPoint","urlTemplate":"https:\/\/keys-for-auto.eu\/cs\/?s={search_term_string}"},"query-input":{"@type":"PropertyValueSpecification","valueRequired":true,"valueName":"search_term_string"}}],"inLanguage":"cs"},{"@type":"Organization","@id":"https:\/\/keys-for-auto.eu\/cs\/#organization","name":"Kl\u00ed\u010de pro auto","url":"https:\/\/keys-for-auto.eu\/cs\/","logo":{"@type":"ImageObject","inLanguage":"cs","@id":"https:\/\/keys-for-auto.eu\/cs\/#\/schema\/logo\/image\/","url":"https:\/\/keys-for-auto.eu\/wp-content\/uploads\/2022\/11\/cropped-png1.png","contentUrl":"https:\/\/keys-for-auto.eu\/wp-content\/uploads\/2022\/11\/cropped-png1.png","width":1000,"height":342,"caption":"Kl\u00ed\u010de pro auto"},"image":{"@id":"https:\/\/keys-for-auto.eu\/cs\/#\/schema\/logo\/image\/"},"sameAs":["https:\/\/www.facebook.com\/KeysForAutoEU"]}]}},"_links":{"self":[{"href":"https:\/\/keys-for-auto.eu\/cs\/wp-json\/wp\/v2\/product\/22428","targetHints":{"allow":["GET"]}}],"collection":[{"href":"https:\/\/keys-for-auto.eu\/cs\/wp-json\/wp\/v2\/product"}],"about":[{"href":"https:\/\/keys-for-auto.eu\/cs\/wp-json\/wp\/v2\/types\/product"}],"replies":[{"embeddable":true,"href":"https:\/\/keys-for-auto.eu\/cs\/wp-json\/wp\/v2\/comments?post=22428"}],"wp:featuredmedia":[{"embeddable":true,"href":"https:\/\/keys-for-auto.eu\/cs\/wp-json\/wp\/v2\/media\/21263"}],"wp:attachment":[{"href":"https:\/\/keys-for-auto.eu\/cs\/wp-json\/wp\/v2\/media?parent=22428"}],"wp:term":[{"taxonomy":"product_brand","embeddable":true,"href":"https:\/\/keys-for-auto.eu\/cs\/wp-json\/wp\/v2\/product_brand?post=22428"},{"taxonomy":"product_cat","embeddable":true,"href":"https:\/\/keys-for-auto.eu\/cs\/wp-json\/wp\/v2\/product_cat?post=22428"},{"taxonomy":"product_tag","embeddable":true,"href":"https:\/\/keys-for-auto.eu\/cs\/wp-json\/wp\/v2\/product_tag?post=22428"}],"curies":[{"name":"wp","href":"https:\/\/api.w.org\/{rel}","templated":true}]}}