{"id":22415,"date":"2017-12-03T12:38:18","date_gmt":"2017-12-03T12:38:18","guid":{"rendered":"https:\/\/keys-for-auto.eu\/product\/vyroba-klicu-pro-vozy-peugeot\/"},"modified":"2017-12-03T12:38:18","modified_gmt":"2017-12-03T12:38:18","slug":"vyroba-klicu-pro-vozy-peugeot","status":"publish","type":"product","link":"https:\/\/keys-for-auto.eu\/cs\/product\/vyroba-klicu-pro-vozy-peugeot\/","title":{"rendered":"V\u00fdroba kl\u00ed\u010d\u016f pro vozy Peugeot"},"content":{"rendered":"<h2><strong>V\u00fdroba kl\u00ed\u010d\u016f Peugeot<\/strong><\/h2>\n<ul>\n<li>V\u00fdroba kl\u00ed\u010d\u016f Peugeot 508<\/li>\n<li>V\u00fdroba kl\u00ed\u010d\u016f Peugeot 308<\/li>\n<li>V\u00fdroba kl\u00ed\u010d\u016f Peugeot 208<\/li>\n<li>V\u00fdroba kl\u00ed\u010d\u016f Peugeot Partner<\/li>\n<li>V\u00fdroba kl\u00ed\u010d\u016f Peugeot 301<\/li>\n<li>V\u00fdroba kl\u00ed\u010d\u016f Peugeot 607<\/li>\n<li>V\u00fdroba kl\u00ed\u010d\u016f Peugeot 807<\/li>\n<li>V\u00fdroba kl\u00ed\u010d\u016f Peugeot 407<\/li>\n<li>V\u00fdroba kl\u00ed\u010d\u016f Peugeot 207<\/li>\n<li>V\u00fdroba kl\u00ed\u010d\u016f Peugeot 307<\/li>\n<li>V\u00fdroba kl\u00ed\u010d\u016f Peugeot 208<\/li>\n<li>V\u00fdroba kl\u00ed\u010d\u016f Peugeot Boxer<\/li>\n<\/ul>\n<p>a dal\u0161\u00ed..<\/p>\n<p>&nbsp;<\/p>\n<h3><strong>V\u00fdm\u011bna sko\u0159epiny Peugeot<\/strong><\/h3>\n<p><strong>P\u0159ed:<\/strong><\/p>\n<p><img loading=\"lazy\" decoding=\"async\" class=\"alignleft wp-image-2677\" src=\"https:\/\/raktai-automobiliams.lt\/wp-content\/uploads\/2017\/12\/20171211_195606.jpg\" alt=\"P\u0159ed korpusem keitim\u0105\" width=\"227\" height=\"309\"><\/p>\n<h2><img loading=\"lazy\" decoding=\"async\" class=\"wp-image-2678 alignleft\" src=\"https:\/\/raktai-automobiliams.lt\/wp-content\/uploads\/2017\/12\/20171212_001120.jpg\" alt=\"\" width=\"229\" height=\"256\"><\/h2>\n<p><strong>a po&#8230;<\/strong><\/p>\n<h2><\/h2>\n<h3><strong>Kl\u00ed\u010dov\u00e9 v\u00fdrobn\u00ed vlastnosti voz\u016f Peugeot<\/strong><\/h3>\n<p>Ztr\u00e1ta kl\u00ed\u010de od auta je v\u017edy velmi nep\u0159\u00edjemnou ud\u00e1lost\u00ed v \u017eivot\u011b majitele, zejm\u00e9na pokud byl kl\u00ed\u010d jedin\u00fd. Proto je vhodn\u00e9 se p\u0159edem ujistit, \u017ee m\u00e1te n\u00e1hradn\u00ed odblokovac\u00ed za\u0159\u00edzen\u00ed. Duplik\u00e1t modern\u00edho skl\u00e1dac\u00edho kl\u00ed\u010de si rad\u011bji nechte vyrobit ve specializovan\u00e9 d\u00edln\u011b, proto\u017ee tak je zaji\u0161t\u011bn dlouh\u00fd a nep\u0159etr\u017eit\u00fd provoz za\u0159\u00edzen\u00ed.<\/p>\n<h3><strong>Jedine\u010dn\u00e9 \u0161ifrov\u00e1n\u00ed &#8211; ochrana proti vypadnut\u00ed<\/strong><\/h3>\n<p>V\u00fdroba mechanick\u00e9 \u010d\u00e1sti duplik\u00e1tu kl\u00ed\u010de je jednoduch\u00e1. K obnoven\u00ed kl\u00ed\u010de v\u0161ak nesta\u010d\u00ed pouze vyrobit jeho \u010depel. Nov\u00e1 generace voz\u016f Peugeot je vybavena odemykac\u00edm za\u0159\u00edzen\u00edm se zabudovan\u00fdm \u010dipem. Z v\u00fdroby se zad\u00e1v\u00e1 speci\u00e1ln\u00ed k\u00f3d, bez kter\u00e9ho nen\u00ed mo\u017en\u00e9 v\u016fz nastartovat. Kl\u00ed\u010d je mo\u017en\u00e9 zasunout do otvoru z\u00e1mku v klice dve\u0159\u00ed a otev\u0159\u00edt je, ale motor nenastartuje. Pokud vestav\u011bn\u00fd vys\u00edla\u010d nerozpozn\u00e1 individu\u00e1ln\u00ed k\u00f3d kl\u00ed\u010de, vozidlo nebude fungovat. Vozidlo funguje pouze tehdy, pokud jsou informace v jeho \u0159\u00eddic\u00ed jednotce pln\u011b kompatibiln\u00ed s \u00fadaji obsa\u017een\u00fdmi v \u010dipu kl\u00ed\u010de. Krom\u011b toho je k\u00f3d individu\u00e1ln\u00ed pro ka\u017ed\u00e9 konkr\u00e9tn\u00ed vozidlo a nikdy se neopakuje. M\u016f\u017ee ji p\u0159e\u010d\u00edst pouze technik pomoc\u00ed speci\u00e1ln\u00edho diagnostick\u00e9ho za\u0159\u00edzen\u00ed.<\/p>\n<p>Pr\u00e1v\u011b \u0161ifrov\u00e1n\u00ed kl\u00ed\u010de je nejobt\u00ed\u017en\u011bj\u0161\u00ed: pokud se pokus\u00edte zvolit k\u00f3d sami, v\u016fz to bude pova\u017eovat za pokus o odjezd a zablokuje \u0159\u00eddic\u00ed syst\u00e9my. Kop\u00edrov\u00e1n\u00ed kl\u00ed\u010de nav\u00edc vy\u017eaduje zad\u00e1n\u00ed \u00fadaj\u016f pot\u0159ebn\u00fdch pro d\u00e1lkov\u00fd p\u0159\u00edstup do zavazadlov\u00e9ho prostoru, oken a st\u0159e\u0161n\u00edho okna\/panoramatick\u00e9 st\u0159echy. Pokud bylo zarovn\u00e1n\u00ed nespr\u00e1vn\u00e9, tyto syst\u00e9my nebudou reagovat na duplicitn\u00ed p\u0159\u00edkazy.<\/p>\n<h3><strong>V\u00fdroba kl\u00ed\u010d\u016f Peugeot<\/strong><\/h3>\n<p>Repliku modern\u00edho kl\u00ed\u010de od auta je mo\u017en\u00e9 vyrobit i v p\u0159\u00edpad\u011b, \u017ee v\u0161echny p\u016fvodn\u00ed sady byly ztraceny. Odstra\u0148ov\u00e1n\u00ed \u0161kod bude prob\u00edhat &#8222;pod z\u00e1mkem&#8220; a majitele vozu bude st\u00e1t podstatn\u011b v\u00edce ne\u017e prost\u00fd duplik\u00e1t. V ka\u017ed\u00e9m p\u0159\u00edpad\u011b je t\u0159eba kontaktovat odborn\u00fd servis.<\/p>\n","protected":false},"excerpt":{"rendered":"<h2>Vyr\u00e1b\u00edme a programujeme kl\u00ed\u010de, elektronick\u00e9 (inteligentn\u00ed) kl\u00ed\u010de pro vozy Peugeot.<\/h2>\n<ul>\n<li>V\u00fdroba kl\u00ed\u010d\u016f Peugeot<\/li>\n<li>Programov\u00e1n\u00ed kl\u00ed\u010d\u016f Peugeot<\/li>\n<li>Oprava kl\u00ed\u010de Peugeot<\/li>\n<li>Kuf\u0159\u00edky na kl\u00ed\u010de Peugeot<\/li>\n<li>V\u00fdroba kl\u00ed\u010d\u016f Peugeot, programov\u00e1n\u00ed<\/li>\n<li>Nouzov\u00e9 odemyk\u00e1n\u00ed voz\u016f Peugeot<\/li>\n<\/ul>\n<h3><strong>V\u00fdroba kl\u00ed\u010d\u016f od automobil\u016f<\/strong><\/h3>\n<ul>\n<li><strong>V\u00fdroba nov\u00fdch kl\u00ed\u010d\u016f od vozu, programov\u00e1n\u00ed kl\u00ed\u010d\u016f (&#8222;sv\u00e1z\u00e1n\u00ed&#8220; s vozem)<\/strong><\/li>\n<li><strong>Odstran\u011bn\u00ed d\u0159\u00edve ztracen\u00fdch kl\u00ed\u010d\u016f z pam\u011bti vozidla<\/strong><\/li>\n<li><strong>V\u00fdroba kl\u00ed\u010de zapalov\u00e1n\u00ed podle z\u00e1mku<\/strong><\/li>\n<li><strong>Opravy kl\u00ed\u010d\u016f od automobil\u016f (v\u00fdm\u011bna tla\u010d\u00edtek, pl\u00e1\u0161\u0165\u016f, mechanism\u016f)<\/strong><\/li>\n<li><strong>Nouzov\u00e9 odemyk\u00e1n\u00ed vozu<\/strong><\/li>\n<li><strong>Obchodov\u00e1n\u00ed s kl\u00ed\u010di, pouzdry na kl\u00ed\u010de<\/strong><\/li>\n<li><strong>Vypnut\u00ed softwaru DPF \/ FAP<\/strong><\/li>\n<li><strong>Programov\u00e9 odstran\u011bn\u00ed EGR<\/strong><\/li>\n<li><strong>Deaktivace softwaru imobiliz\u00e9ru (immo Off)<\/strong><\/li>\n<li><strong>Oprava \u0159\u00eddic\u00ed jednotky motoru (ECU), klonov\u00e1n\u00ed, programov\u00e1n\u00ed<\/strong><\/li>\n<li><strong>SRS (programov\u00e1n\u00ed \u0159\u00eddic\u00ed jednotky airbagu)<\/strong><\/li>\n<\/ul>\n<h4><strong>  zbo\u017e\u00ed odesl\u00e1no do 3 pracovn\u00edch dn\u016f.*<\/strong><\/h4>\n<p>&nbsp;<\/p>\n<hr>\n<p>&nbsp;<\/p>\n","protected":false},"featured_media":21259,"comment_status":"open","ping_status":"closed","template":"","meta":[],"product_brand":[],"product_cat":[4821,5832],"product_tag":[5597,5604,5615,5583,5575,4828,4822,4864,4866,4869,4847,4898,4861,4862,4894,4852,4896,4857],"class_list":{"0":"post-22415","1":"product","2":"type-product","3":"status-publish","4":"has-post-thumbnail","6":"product_cat-peugeot-cs","7":"product_cat-vyroba-klicu","8":"product_tag-klic-k-vozu-peugeot-107","9":"product_tag-klic-k-vozu-peugeot-206","10":"product_tag-klic-k-vozu-peugeot-207","11":"product_tag-klic-k-vozu-peugeot-508","12":"product_tag-klic-peugeot","13":"product_tag-klicova-schranka-peugeot","14":"product_tag-klicova-schranka-peugeot-1007","15":"product_tag-klicova-schranka-peugeot-206","16":"product_tag-klicova-schranka-peugeot-306","17":"product_tag-klicova-schranka-peugeot-405","18":"product_tag-klicova-schranka-peugeot-406","19":"product_tag-klicova-schranka-peugeot-607","20":"product_tag-kryt-klice-peugeot-106","21":"product_tag-kryt-klice-peugeot-205","22":"product_tag-kryt-klice-peugeot-207","23":"product_tag-kryt-klice-peugeot-307","24":"product_tag-kryt-klice-peugeot-308","25":"product_tag-kryt-klice-peugeot-407","27":"first","28":"instock","29":"shipping-taxable","30":"product-type-simple"},"yoast_head":"<!-- This site is optimized with the Yoast SEO plugin v27.6 - https:\/\/yoast.com\/product\/yoast-seo-wordpress\/ -->\n<title>V\u00fdroba kl\u00ed\u010d\u016f pro vozy Peugeot - Keys for auto<\/title>\n<meta name=\"robots\" content=\"index, follow, max-snippet:-1, max-image-preview:large, max-video-preview:-1\" \/>\n<link rel=\"canonical\" href=\"https:\/\/keys-for-auto.eu\/cs\/product\/vyroba-klicu-pro-vozy-peugeot\/\" \/>\n<meta property=\"og:locale\" content=\"cs_CZ\" \/>\n<meta property=\"og:type\" content=\"article\" \/>\n<meta property=\"og:title\" content=\"V\u00fdroba kl\u00ed\u010d\u016f pro vozy Peugeot - Keys for auto\" \/>\n<meta property=\"og:description\" content=\"Vyr\u00e1b\u00edme a programujeme kl\u00ed\u010de, elektronick\u00e9 (inteligentn\u00ed) kl\u00ed\u010de pro vozy Peugeot.  V\u00fdroba kl\u00ed\u010d\u016f Peugeot  Programov\u00e1n\u00ed kl\u00ed\u010d\u016f Peugeot  Oprava kl\u00ed\u010de Peugeot  Kuf\u0159\u00edky na kl\u00ed\u010de Peugeot  V\u00fdroba kl\u00ed\u010d\u016f Peugeot, programov\u00e1n\u00ed  Nouzov\u00e9 odemyk\u00e1n\u00ed voz\u016f Peugeot V\u00fdroba kl\u00ed\u010d\u016f od automobil\u016f  V\u00fdroba nov\u00fdch kl\u00ed\u010d\u016f od vozu, programov\u00e1n\u00ed kl\u00ed\u010d\u016f (&quot;sv\u00e1z\u00e1n\u00ed&quot; s vozem)  Odstran\u011bn\u00ed d\u0159\u00edve ztracen\u00fdch kl\u00ed\u010d\u016f z pam\u011bti vozidla  V\u00fdroba kl\u00ed\u010de zapalov\u00e1n\u00ed podle z\u00e1mku  Opravy kl\u00ed\u010d\u016f od automobil\u016f (v\u00fdm\u011bna tla\u010d\u00edtek, pl\u00e1\u0161\u0165\u016f, mechanism\u016f)  Nouzov\u00e9 odemyk\u00e1n\u00ed vozu  Obchodov\u00e1n\u00ed s kl\u00ed\u010di, pouzdry na kl\u00ed\u010de  Vypnut\u00ed softwaru DPF \/ FAP  Programov\u00e9 odstran\u011bn\u00ed EGR  Deaktivace softwaru imobiliz\u00e9ru (immo Off)  Oprava \u0159\u00eddic\u00ed jednotky motoru (ECU), klonov\u00e1n\u00ed, programov\u00e1n\u00ed  SRS (programov\u00e1n\u00ed \u0159\u00eddic\u00ed jednotky airbagu)  zbo\u017e\u00ed odesl\u00e1no do 3 pracovn\u00edch dn\u016f.* &nbsp;  &nbsp;\" \/>\n<meta property=\"og:url\" content=\"https:\/\/keys-for-auto.eu\/cs\/product\/vyroba-klicu-pro-vozy-peugeot\/\" \/>\n<meta property=\"og:site_name\" content=\"Keys for auto\" \/>\n<meta property=\"article:publisher\" content=\"https:\/\/www.facebook.com\/KeysForAutoEU\" \/>\n<meta property=\"og:image\" content=\"https:\/\/i0.wp.com\/keys-for-auto.eu\/wp-content\/uploads\/2022\/12\/admin-ajax-removebg-preview-4.png?fit=400%2C400&ssl=1\" \/>\n\t<meta property=\"og:image:width\" content=\"400\" \/>\n\t<meta property=\"og:image:height\" content=\"400\" \/>\n\t<meta property=\"og:image:type\" content=\"image\/png\" \/>\n<meta name=\"twitter:card\" content=\"summary_large_image\" \/>\n<meta name=\"twitter:label1\" content=\"Odhadovan\u00e1 doba \u010dten\u00ed\" \/>\n\t<meta name=\"twitter:data1\" content=\"2 minuty\" \/>\n<script type=\"application\/ld+json\" class=\"yoast-schema-graph\">{\"@context\":\"https:\\\/\\\/schema.org\",\"@graph\":[{\"@type\":[\"WebPage\",\"ItemPage\"],\"@id\":\"https:\\\/\\\/keys-for-auto.eu\\\/cs\\\/product\\\/vyroba-klicu-pro-vozy-peugeot\\\/\",\"url\":\"https:\\\/\\\/keys-for-auto.eu\\\/cs\\\/product\\\/vyroba-klicu-pro-vozy-peugeot\\\/\",\"name\":\"V\u00fdroba kl\u00ed\u010d\u016f pro vozy Peugeot - Keys for auto\",\"isPartOf\":{\"@id\":\"https:\\\/\\\/keys-for-auto.eu\\\/cs\\\/#website\"},\"primaryImageOfPage\":{\"@id\":\"https:\\\/\\\/keys-for-auto.eu\\\/cs\\\/product\\\/vyroba-klicu-pro-vozy-peugeot\\\/#primaryimage\"},\"image\":{\"@id\":\"https:\\\/\\\/keys-for-auto.eu\\\/cs\\\/product\\\/vyroba-klicu-pro-vozy-peugeot\\\/#primaryimage\"},\"thumbnailUrl\":\"https:\\\/\\\/keys-for-auto.eu\\\/wp-content\\\/uploads\\\/2022\\\/12\\\/admin-ajax-removebg-preview-4.png\",\"datePublished\":\"2017-12-03T12:38:18+00:00\",\"breadcrumb\":{\"@id\":\"https:\\\/\\\/keys-for-auto.eu\\\/cs\\\/product\\\/vyroba-klicu-pro-vozy-peugeot\\\/#breadcrumb\"},\"inLanguage\":\"cs\",\"potentialAction\":[{\"@type\":\"ReadAction\",\"target\":[\"https:\\\/\\\/keys-for-auto.eu\\\/cs\\\/product\\\/vyroba-klicu-pro-vozy-peugeot\\\/\"]}]},{\"@type\":\"ImageObject\",\"inLanguage\":\"cs\",\"@id\":\"https:\\\/\\\/keys-for-auto.eu\\\/cs\\\/product\\\/vyroba-klicu-pro-vozy-peugeot\\\/#primaryimage\",\"url\":\"https:\\\/\\\/keys-for-auto.eu\\\/wp-content\\\/uploads\\\/2022\\\/12\\\/admin-ajax-removebg-preview-4.png\",\"contentUrl\":\"https:\\\/\\\/keys-for-auto.eu\\\/wp-content\\\/uploads\\\/2022\\\/12\\\/admin-ajax-removebg-preview-4.png\",\"width\":400,\"height\":400},{\"@type\":\"BreadcrumbList\",\"@id\":\"https:\\\/\\\/keys-for-auto.eu\\\/cs\\\/product\\\/vyroba-klicu-pro-vozy-peugeot\\\/#breadcrumb\",\"itemListElement\":[{\"@type\":\"ListItem\",\"position\":1,\"name\":\"Home\",\"item\":\"https:\\\/\\\/keys-for-auto.eu\\\/cs\\\/\"},{\"@type\":\"ListItem\",\"position\":2,\"name\":\"Shop\",\"item\":\"https:\\\/\\\/keys-for-auto.eu\\\/\"},{\"@type\":\"ListItem\",\"position\":3,\"name\":\"V\u00fdroba kl\u00ed\u010d\u016f pro vozy Peugeot\"}]},{\"@type\":\"WebSite\",\"@id\":\"https:\\\/\\\/keys-for-auto.eu\\\/cs\\\/#website\",\"url\":\"https:\\\/\\\/keys-for-auto.eu\\\/cs\\\/\",\"name\":\"Keys for auto\",\"description\":\"Car keys,  key shells, key programming\",\"publisher\":{\"@id\":\"https:\\\/\\\/keys-for-auto.eu\\\/cs\\\/#organization\"},\"potentialAction\":[{\"@type\":\"SearchAction\",\"target\":{\"@type\":\"EntryPoint\",\"urlTemplate\":\"https:\\\/\\\/keys-for-auto.eu\\\/cs\\\/?s={search_term_string}\"},\"query-input\":{\"@type\":\"PropertyValueSpecification\",\"valueRequired\":true,\"valueName\":\"search_term_string\"}}],\"inLanguage\":\"cs\"},{\"@type\":\"Organization\",\"@id\":\"https:\\\/\\\/keys-for-auto.eu\\\/cs\\\/#organization\",\"name\":\"Kl\u00ed\u010de pro auto\",\"url\":\"https:\\\/\\\/keys-for-auto.eu\\\/cs\\\/\",\"logo\":{\"@type\":\"ImageObject\",\"inLanguage\":\"cs\",\"@id\":\"https:\\\/\\\/keys-for-auto.eu\\\/cs\\\/#\\\/schema\\\/logo\\\/image\\\/\",\"url\":\"https:\\\/\\\/keys-for-auto.eu\\\/wp-content\\\/uploads\\\/2022\\\/11\\\/cropped-png1.png\",\"contentUrl\":\"https:\\\/\\\/keys-for-auto.eu\\\/wp-content\\\/uploads\\\/2022\\\/11\\\/cropped-png1.png\",\"width\":1000,\"height\":342,\"caption\":\"Kl\u00ed\u010de pro auto\"},\"image\":{\"@id\":\"https:\\\/\\\/keys-for-auto.eu\\\/cs\\\/#\\\/schema\\\/logo\\\/image\\\/\"},\"sameAs\":[\"https:\\\/\\\/www.facebook.com\\\/KeysForAutoEU\"]}]}<\/script>\n<!-- \/ Yoast SEO plugin. -->","yoast_head_json":{"title":"V\u00fdroba kl\u00ed\u010d\u016f pro vozy Peugeot - Keys for auto","robots":{"index":"index","follow":"follow","max-snippet":"max-snippet:-1","max-image-preview":"max-image-preview:large","max-video-preview":"max-video-preview:-1"},"canonical":"https:\/\/keys-for-auto.eu\/cs\/product\/vyroba-klicu-pro-vozy-peugeot\/","og_locale":"cs_CZ","og_type":"article","og_title":"V\u00fdroba kl\u00ed\u010d\u016f pro vozy Peugeot - Keys for auto","og_description":"Vyr\u00e1b\u00edme a programujeme kl\u00ed\u010de, elektronick\u00e9 (inteligentn\u00ed) kl\u00ed\u010de pro vozy Peugeot.  V\u00fdroba kl\u00ed\u010d\u016f Peugeot  Programov\u00e1n\u00ed kl\u00ed\u010d\u016f Peugeot  Oprava kl\u00ed\u010de Peugeot  Kuf\u0159\u00edky na kl\u00ed\u010de Peugeot  V\u00fdroba kl\u00ed\u010d\u016f Peugeot, programov\u00e1n\u00ed  Nouzov\u00e9 odemyk\u00e1n\u00ed voz\u016f Peugeot V\u00fdroba kl\u00ed\u010d\u016f od automobil\u016f  V\u00fdroba nov\u00fdch kl\u00ed\u010d\u016f od vozu, programov\u00e1n\u00ed kl\u00ed\u010d\u016f (\"sv\u00e1z\u00e1n\u00ed\" s vozem)  Odstran\u011bn\u00ed d\u0159\u00edve ztracen\u00fdch kl\u00ed\u010d\u016f z pam\u011bti vozidla  V\u00fdroba kl\u00ed\u010de zapalov\u00e1n\u00ed podle z\u00e1mku  Opravy kl\u00ed\u010d\u016f od automobil\u016f (v\u00fdm\u011bna tla\u010d\u00edtek, pl\u00e1\u0161\u0165\u016f, mechanism\u016f)  Nouzov\u00e9 odemyk\u00e1n\u00ed vozu  Obchodov\u00e1n\u00ed s kl\u00ed\u010di, pouzdry na kl\u00ed\u010de  Vypnut\u00ed softwaru DPF \/ FAP  Programov\u00e9 odstran\u011bn\u00ed EGR  Deaktivace softwaru imobiliz\u00e9ru (immo Off)  Oprava \u0159\u00eddic\u00ed jednotky motoru (ECU), klonov\u00e1n\u00ed, programov\u00e1n\u00ed  SRS (programov\u00e1n\u00ed \u0159\u00eddic\u00ed jednotky airbagu)  zbo\u017e\u00ed odesl\u00e1no do 3 pracovn\u00edch dn\u016f.* &nbsp;  &nbsp;","og_url":"https:\/\/keys-for-auto.eu\/cs\/product\/vyroba-klicu-pro-vozy-peugeot\/","og_site_name":"Keys for auto","article_publisher":"https:\/\/www.facebook.com\/KeysForAutoEU","og_image":[{"width":400,"height":400,"url":"https:\/\/i0.wp.com\/keys-for-auto.eu\/wp-content\/uploads\/2022\/12\/admin-ajax-removebg-preview-4.png?fit=400%2C400&ssl=1","type":"image\/png"}],"twitter_card":"summary_large_image","twitter_misc":{"Odhadovan\u00e1 doba \u010dten\u00ed":"2 minuty"},"schema":{"@context":"https:\/\/schema.org","@graph":[{"@type":["WebPage","ItemPage"],"@id":"https:\/\/keys-for-auto.eu\/cs\/product\/vyroba-klicu-pro-vozy-peugeot\/","url":"https:\/\/keys-for-auto.eu\/cs\/product\/vyroba-klicu-pro-vozy-peugeot\/","name":"V\u00fdroba kl\u00ed\u010d\u016f pro vozy Peugeot - Keys for auto","isPartOf":{"@id":"https:\/\/keys-for-auto.eu\/cs\/#website"},"primaryImageOfPage":{"@id":"https:\/\/keys-for-auto.eu\/cs\/product\/vyroba-klicu-pro-vozy-peugeot\/#primaryimage"},"image":{"@id":"https:\/\/keys-for-auto.eu\/cs\/product\/vyroba-klicu-pro-vozy-peugeot\/#primaryimage"},"thumbnailUrl":"https:\/\/keys-for-auto.eu\/wp-content\/uploads\/2022\/12\/admin-ajax-removebg-preview-4.png","datePublished":"2017-12-03T12:38:18+00:00","breadcrumb":{"@id":"https:\/\/keys-for-auto.eu\/cs\/product\/vyroba-klicu-pro-vozy-peugeot\/#breadcrumb"},"inLanguage":"cs","potentialAction":[{"@type":"ReadAction","target":["https:\/\/keys-for-auto.eu\/cs\/product\/vyroba-klicu-pro-vozy-peugeot\/"]}]},{"@type":"ImageObject","inLanguage":"cs","@id":"https:\/\/keys-for-auto.eu\/cs\/product\/vyroba-klicu-pro-vozy-peugeot\/#primaryimage","url":"https:\/\/keys-for-auto.eu\/wp-content\/uploads\/2022\/12\/admin-ajax-removebg-preview-4.png","contentUrl":"https:\/\/keys-for-auto.eu\/wp-content\/uploads\/2022\/12\/admin-ajax-removebg-preview-4.png","width":400,"height":400},{"@type":"BreadcrumbList","@id":"https:\/\/keys-for-auto.eu\/cs\/product\/vyroba-klicu-pro-vozy-peugeot\/#breadcrumb","itemListElement":[{"@type":"ListItem","position":1,"name":"Home","item":"https:\/\/keys-for-auto.eu\/cs\/"},{"@type":"ListItem","position":2,"name":"Shop","item":"https:\/\/keys-for-auto.eu\/"},{"@type":"ListItem","position":3,"name":"V\u00fdroba kl\u00ed\u010d\u016f pro vozy Peugeot"}]},{"@type":"WebSite","@id":"https:\/\/keys-for-auto.eu\/cs\/#website","url":"https:\/\/keys-for-auto.eu\/cs\/","name":"Keys for auto","description":"Car keys,  key shells, key programming","publisher":{"@id":"https:\/\/keys-for-auto.eu\/cs\/#organization"},"potentialAction":[{"@type":"SearchAction","target":{"@type":"EntryPoint","urlTemplate":"https:\/\/keys-for-auto.eu\/cs\/?s={search_term_string}"},"query-input":{"@type":"PropertyValueSpecification","valueRequired":true,"valueName":"search_term_string"}}],"inLanguage":"cs"},{"@type":"Organization","@id":"https:\/\/keys-for-auto.eu\/cs\/#organization","name":"Kl\u00ed\u010de pro auto","url":"https:\/\/keys-for-auto.eu\/cs\/","logo":{"@type":"ImageObject","inLanguage":"cs","@id":"https:\/\/keys-for-auto.eu\/cs\/#\/schema\/logo\/image\/","url":"https:\/\/keys-for-auto.eu\/wp-content\/uploads\/2022\/11\/cropped-png1.png","contentUrl":"https:\/\/keys-for-auto.eu\/wp-content\/uploads\/2022\/11\/cropped-png1.png","width":1000,"height":342,"caption":"Kl\u00ed\u010de pro auto"},"image":{"@id":"https:\/\/keys-for-auto.eu\/cs\/#\/schema\/logo\/image\/"},"sameAs":["https:\/\/www.facebook.com\/KeysForAutoEU"]}]}},"_links":{"self":[{"href":"https:\/\/keys-for-auto.eu\/cs\/wp-json\/wp\/v2\/product\/22415","targetHints":{"allow":["GET"]}}],"collection":[{"href":"https:\/\/keys-for-auto.eu\/cs\/wp-json\/wp\/v2\/product"}],"about":[{"href":"https:\/\/keys-for-auto.eu\/cs\/wp-json\/wp\/v2\/types\/product"}],"replies":[{"embeddable":true,"href":"https:\/\/keys-for-auto.eu\/cs\/wp-json\/wp\/v2\/comments?post=22415"}],"wp:featuredmedia":[{"embeddable":true,"href":"https:\/\/keys-for-auto.eu\/cs\/wp-json\/wp\/v2\/media\/21259"}],"wp:attachment":[{"href":"https:\/\/keys-for-auto.eu\/cs\/wp-json\/wp\/v2\/media?parent=22415"}],"wp:term":[{"taxonomy":"product_brand","embeddable":true,"href":"https:\/\/keys-for-auto.eu\/cs\/wp-json\/wp\/v2\/product_brand?post=22415"},{"taxonomy":"product_cat","embeddable":true,"href":"https:\/\/keys-for-auto.eu\/cs\/wp-json\/wp\/v2\/product_cat?post=22415"},{"taxonomy":"product_tag","embeddable":true,"href":"https:\/\/keys-for-auto.eu\/cs\/wp-json\/wp\/v2\/product_tag?post=22415"}],"curies":[{"name":"wp","href":"https:\/\/api.w.org\/{rel}","templated":true}]}}