{"id":22404,"date":"2017-05-11T18:34:51","date_gmt":"2017-05-11T18:34:51","guid":{"rendered":"https:\/\/keys-for-auto.eu\/product\/vyroba-klicu-pro-vozy-volvo\/"},"modified":"2017-05-11T18:34:51","modified_gmt":"2017-05-11T18:34:51","slug":"vyroba-klicu-pro-vozy-volvo","status":"publish","type":"product","link":"https:\/\/keys-for-auto.eu\/cs\/product\/vyroba-klicu-pro-vozy-volvo\/","title":{"rendered":"V\u00fdroba kl\u00ed\u010d\u016f pro vozy Volvo"},"content":{"rendered":"<h2>V\u00fdroba kl\u00ed\u010d\u016f pro vozy Volvo<\/h2>\n<p>&nbsp;<\/p>\n<p>&nbsp;<\/p>\n<p><img loading=\"lazy\" decoding=\"async\" class=\"wp-image-3287 alignleft\" src=\"https:\/\/raktai-automobiliams.lt\/wp-content\/uploads\/2017\/05\/Volvo-keys.png\" alt=\"Volvo rakt\u0173 v\u00fdroba\" width=\"217\" height=\"170\"><\/p>\n<p>Pokud m\u00e1 \u0159idi\u010d probl\u00e9m s kl\u00ed\u010dem, pot\u0159ebuje odbornou pomoc. Duplicitn\u00ed v\u00fdroba m\u016f\u017ee souviset tak\u00e9 s p\u0159\u00e1n\u00edm majitele Volva m\u00edt n\u00e1hradn\u00ed sadu. Kl\u00ed\u010de od auta, kter\u00e9 byly profesion\u00e1ln\u011b vyrobeny \u0159emesln\u00edkem, maj\u00ed dlouhou \u017eivotnost a jsou cenov\u011b dostupn\u00e9. V p\u0159\u00edpadech, kdy majitel nem\u00e1 origin\u00e1l nebo m\u00e1 po\u0161kozenou kopii, je vyroben duplik\u00e1t, kter\u00fd odpov\u00edd\u00e1 z\u00e1mku zapalov\u00e1n\u00ed. Pou\u017eit\u00ed specializovan\u00e9ho vybaven\u00ed a n\u00e1stroj\u016f k v\u00fdrob\u011b repliky kl\u00ed\u010de Volvo zabra\u0148uje jak\u00e9mukoli selh\u00e1n\u00ed vys\u00edla\u010de a jeho tajn\u00e9ho k\u00f3du. V\u0161echny pr\u00e1ce jsou prov\u00e1d\u011bny profesion\u00e1ln\u011b a pe\u010dliv\u011b.<\/p>\n<p>&nbsp;<\/p>\n<h2>Mo\u017enosti v\u00fdroby duplik\u00e1t\u016f Volvo<\/h2>\n<p>Dnes lze repliky vyrobit na zak\u00e1zku v r\u016fzn\u00fdch modifikac\u00edch:<\/p>\n<p>Skl\u00e1dac\u00ed kl\u00ed\u010dek zapalov\u00e1n\u00ed s d\u00e1lkov\u00fdm ovl\u00e1d\u00e1n\u00edm pro otev\u00edr\u00e1n\u00ed dve\u0159\u00ed a startov\u00e1n\u00ed motoru.<\/p>\n<p>Jednoduch\u00fd kl\u00ed\u010d s mechanickou \u010depel\u00ed, bez elektronick\u00e9 &#8222;v\u00fdpln\u011b&#8220;, bez imobiliz\u00e9ru.<\/p>\n<p>\u010cipov\u00fd kl\u00ed\u010d s vys\u00edla\u010dem.<\/p>\n<p>Pokud je t\u0159eba reprodukovat \u010depel kl\u00ed\u010de, pou\u017eije se speci\u00e1ln\u00ed programovateln\u00fd stroj, kter\u00fd vytvo\u0159\u00ed tvar \u010depele podle zadan\u00fdch parametr\u016f. Proto\u017ee zde nen\u00ed p\u0159\u00edtomen lidsk\u00fd faktor, je zaru\u010dena p\u0159esnost \u0159ez\u00e1n\u00ed. Duplik\u00e1t m\u016f\u017ee b\u00fdt vyroben s plastov\u00fdm pouzdrem, jak se \u010dasto d\u011bje, proto\u017ee k v\u00fdrob\u011b \u010depele se obvykle pou\u017e\u00edvaj\u00ed polotovary (kl\u00ed\u010de bez utajen\u00ed).<\/p>\n<p>N\u00e1sleduj\u00edc\u00ed postup krok\u016f obvykle prov\u00e1d\u00ed technik b\u011bhem pr\u00e1ce p\u0159i reprodukci kl\u00ed\u010de Volvo:<\/p>\n<p>Odemknut\u00ed vozu (pokud je to nutn\u00e9).<\/p>\n<p>V\u00fdroba mechanick\u00e9 \u010d\u00e1sti kl\u00ed\u010de na z\u00e1klad\u011b z\u00e1mku zapalov\u00e1n\u00ed.<\/p>\n<p>Programov\u00e1n\u00ed kl\u00ed\u010de v syst\u00e9mu vozidla (prost\u0159ednictv\u00edm konektoru OBD2 nebo vyjmut\u00edm jednotky imobiliz\u00e9ru).<\/p>\n<p>V\u00fdroba kl\u00ed\u010dku zapalov\u00e1n\u00ed je spojena se zabezpe\u010dovac\u00edm syst\u00e9mem zamykac\u00edho mechanismu. Pro odborn\u00edka to v\u0161ak nep\u0159edstavuje \u017e\u00e1dn\u00e9 pot\u00ed\u017ee, proto\u017ee odborn\u011b vyrob\u00ed duplik\u00e1t a syst\u00e9m p\u0159eprogramuje. Pokud byly p\u016fvodn\u00ed kl\u00ed\u010de ztraceny, bude star\u00e1 sada po takov\u00e9m postupu nedostupn\u00e1 a zlo\u010dinci nebudou m\u00edt \u0161anci.<\/p>\n","protected":false},"excerpt":{"rendered":"<h3><strong>V\u00fdroba kl\u00ed\u010d\u016f od automobil\u016f<\/strong><\/h3>\n<ul>\n<li><strong>V\u00fdroba nov\u00fdch kl\u00ed\u010d\u016f od vozu, programov\u00e1n\u00ed kl\u00ed\u010d\u016f (&#8222;sv\u00e1z\u00e1n\u00ed&#8220; s vozem)<\/strong><\/li>\n<li><strong>Odstran\u011bn\u00ed d\u0159\u00edve ztracen\u00fdch kl\u00ed\u010d\u016f z pam\u011bti vozidla<\/strong><\/li>\n<li><strong>V\u00fdroba kl\u00ed\u010de zapalov\u00e1n\u00ed podle z\u00e1mku<\/strong><\/li>\n<li><strong>Opravy kl\u00ed\u010d\u016f od automobil\u016f (v\u00fdm\u011bna tla\u010d\u00edtek, pl\u00e1\u0161\u0165\u016f, mechanism\u016f)<\/strong><\/li>\n<li><strong>Nouzov\u00e9 odemyk\u00e1n\u00ed vozu<\/strong><\/li>\n<li><strong>Obchodov\u00e1n\u00ed s kl\u00ed\u010di, pouzdry na kl\u00ed\u010de<\/strong><\/li>\n<li><strong>Vypnut\u00ed softwaru DPF \/ FAP<\/strong><\/li>\n<li><strong>Programov\u00e9 odstran\u011bn\u00ed EGR<\/strong><\/li>\n<li><strong>Deaktivace softwaru imobiliz\u00e9ru (immo Off)<\/strong><\/li>\n<li><strong>Oprava \u0159\u00eddic\u00ed jednotky motoru (ECU), klonov\u00e1n\u00ed, programov\u00e1n\u00ed<\/strong><\/li>\n<li><strong>SRS (programov\u00e1n\u00ed \u0159\u00eddic\u00ed jednotky airbagu)<\/strong><\/li>\n<\/ul>\n<div class=\"woocommerce-product-details__short-description\">\n<h4><strong>  zbo\u017e\u00ed odesl\u00e1no do 3 pracovn\u00edch dn\u016f.*<\/strong><\/h4>\n<\/div>\n<form class=\"cart\" action=\"https:\/\/keys-for-auto.eu\/product\/smart-key-shell-suitable-for-audi-a3-a4-s4-a5-three-buttons\/\" enctype=\"multipart\/form-data\" method=\"post\"><\/form>\n<p><strong>V\u00fdroba kl\u00ed\u010d\u016f Volvo<\/strong><\/p>\n<ul>\n<li>Kl\u00ed\u010de Volvo<\/li>\n<li>V\u00fdroba kl\u00ed\u010d\u016f Volvo<\/li>\n<li>Krytky kl\u00ed\u010d\u016f Volvo<\/li>\n<li>Programov\u00e1n\u00ed kl\u00ed\u010d\u016f Volvo<\/li>\n<li>Nouzov\u00e9 odemyk\u00e1n\u00ed voz\u016f Volvo<\/li>\n<\/ul>\n<p>D\u00edky modern\u00edmu po\u010d\u00edta\u010dov\u00e9mu vybaven\u00ed v\u00e1m vyrob\u00edme kvalitn\u00ed kl\u00ed\u010d s dlouhou \u017eivotnost\u00ed pro v\u00e1\u0161 v\u016fz Volvo. Pokud m\u00e1te pouze jeden kl\u00ed\u010d nebo pokud v\u00e1\u0161 kl\u00ed\u010d Volvo nestartuje v\u017edy, doporu\u010dujeme v\u00e1m zakoupit n\u00e1hradn\u00ed kl\u00ed\u010d. U\u0161et\u0159\u00edte tak \u010das i pen\u00edze.<\/p>\n<p>Vyr\u00e1b\u00edme kl\u00ed\u010de pro \u0161irokou \u0161k\u00e1lu model\u016f Volvo. M\u016f\u017ee to b\u00fdt jednoduch\u00fd kl\u00ed\u010d, kl\u00ed\u010d s imobiliz\u00e9rem. M\u016f\u017eeme tak\u00e9 nab\u00eddnout alternativu k chytr\u00fdm kl\u00ed\u010d\u016fm <em><br \/>\n  <strong>(bezkl\u00ed\u010dov\u00fd syst\u00e9m zapalov\u00e1n\u00ed s tla\u010d\u00edtkem START\/STOP).<\/strong><br \/>\n<\/em><\/p>\n<p><img loading=\"lazy\" decoding=\"async\" class=\" wp-image-3287 aligncenter\" src=\"https:\/\/raktai-automobiliams.lt\/wp-content\/uploads\/2017\/05\/Volvo-keys.png\" alt=\"Volvo rakt\u0173 v\u00fdroba\" width=\"552\" height=\"432\"><\/p>\n<hr>\n<p>&nbsp;<\/p>\n","protected":false},"featured_media":21245,"comment_status":"open","ping_status":"closed","template":"","meta":[],"product_brand":[],"product_cat":[5110,5832],"product_tag":[5908,5899,5914],"class_list":{"0":"post-22404","1":"product","2":"type-product","3":"status-publish","4":"has-post-thumbnail","6":"product_cat-volvo-cs","7":"product_cat-vyroba-klicu","8":"product_tag-programovani-klicu-cs","9":"product_tag-vyroba-klicu-cs","10":"product_tag-vyroba-klicu-volvo","12":"first","13":"instock","14":"shipping-taxable","15":"product-type-simple"},"yoast_head":"<!-- This site is optimized with the Yoast SEO plugin v27.3 - https:\/\/yoast.com\/product\/yoast-seo-wordpress\/ -->\n<title>V\u00fdroba kl\u00ed\u010d\u016f pro vozy Volvo - Keys for auto<\/title>\n<meta name=\"robots\" content=\"index, follow, max-snippet:-1, max-image-preview:large, max-video-preview:-1\" \/>\n<link rel=\"canonical\" href=\"https:\/\/keys-for-auto.eu\/cs\/product\/vyroba-klicu-pro-vozy-volvo\/\" \/>\n<meta property=\"og:locale\" content=\"cs_CZ\" \/>\n<meta property=\"og:type\" content=\"article\" \/>\n<meta property=\"og:title\" content=\"V\u00fdroba kl\u00ed\u010d\u016f pro vozy Volvo - Keys for auto\" \/>\n<meta property=\"og:description\" content=\"V\u00fdroba kl\u00ed\u010d\u016f od automobil\u016f  V\u00fdroba nov\u00fdch kl\u00ed\u010d\u016f od vozu, programov\u00e1n\u00ed kl\u00ed\u010d\u016f (&quot;sv\u00e1z\u00e1n\u00ed&quot; s vozem)  Odstran\u011bn\u00ed d\u0159\u00edve ztracen\u00fdch kl\u00ed\u010d\u016f z pam\u011bti vozidla  V\u00fdroba kl\u00ed\u010de zapalov\u00e1n\u00ed podle z\u00e1mku  Opravy kl\u00ed\u010d\u016f od automobil\u016f (v\u00fdm\u011bna tla\u010d\u00edtek, pl\u00e1\u0161\u0165\u016f, mechanism\u016f)  Nouzov\u00e9 odemyk\u00e1n\u00ed vozu  Obchodov\u00e1n\u00ed s kl\u00ed\u010di, pouzdry na kl\u00ed\u010de  Vypnut\u00ed softwaru DPF \/ FAP  Programov\u00e9 odstran\u011bn\u00ed EGR  Deaktivace softwaru imobiliz\u00e9ru (immo Off)  Oprava \u0159\u00eddic\u00ed jednotky motoru (ECU), klonov\u00e1n\u00ed, programov\u00e1n\u00ed  SRS (programov\u00e1n\u00ed \u0159\u00eddic\u00ed jednotky airbagu)   zbo\u017e\u00ed odesl\u00e1no do 3 pracovn\u00edch dn\u016f.* V\u00fdroba kl\u00ed\u010d\u016f Volvo  Kl\u00ed\u010de Volvo  V\u00fdroba kl\u00ed\u010d\u016f Volvo  Krytky kl\u00ed\u010d\u016f Volvo  Programov\u00e1n\u00ed kl\u00ed\u010d\u016f Volvo  Nouzov\u00e9 odemyk\u00e1n\u00ed voz\u016f Volvo D\u00edky modern\u00edmu po\u010d\u00edta\u010dov\u00e9mu vybaven\u00ed v\u00e1m vyrob\u00edme kvalitn\u00ed kl\u00ed\u010d s dlouhou \u017eivotnost\u00ed pro v\u00e1\u0161 v\u016fz Volvo. Pokud m\u00e1te pouze jeden kl\u00ed\u010d nebo pokud v\u00e1\u0161 kl\u00ed\u010d Volvo nestartuje v\u017edy, doporu\u010dujeme v\u00e1m zakoupit n\u00e1hradn\u00ed kl\u00ed\u010d. U\u0161et\u0159\u00edte tak \u010das i pen\u00edze. Vyr\u00e1b\u00edme kl\u00ed\u010de pro \u0161irokou \u0161k\u00e1lu model\u016f Volvo. M\u016f\u017ee to b\u00fdt jednoduch\u00fd kl\u00ed\u010d, kl\u00ed\u010d s imobiliz\u00e9rem. M\u016f\u017eeme tak\u00e9 nab\u00eddnout alternativu k chytr\u00fdm kl\u00ed\u010d\u016fm  (bezkl\u00ed\u010dov\u00fd syst\u00e9m zapalov\u00e1n\u00ed s tla\u010d\u00edtkem START\/STOP).    &nbsp;\" \/>\n<meta property=\"og:url\" content=\"https:\/\/keys-for-auto.eu\/cs\/product\/vyroba-klicu-pro-vozy-volvo\/\" \/>\n<meta property=\"og:site_name\" content=\"Keys for auto\" \/>\n<meta property=\"article:publisher\" content=\"https:\/\/www.facebook.com\/KeysForAutoEU\" \/>\n<meta property=\"og:image\" content=\"https:\/\/i0.wp.com\/keys-for-auto.eu\/wp-content\/uploads\/2022\/12\/Volvo-logo-2012-2048x2048-1.png?fit=2048%2C2048&ssl=1\" \/>\n\t<meta property=\"og:image:width\" content=\"2048\" \/>\n\t<meta property=\"og:image:height\" content=\"2048\" \/>\n\t<meta property=\"og:image:type\" content=\"image\/png\" \/>\n<meta name=\"twitter:card\" content=\"summary_large_image\" \/>\n<meta name=\"twitter:label1\" content=\"Odhadovan\u00e1 doba \u010dten\u00ed\" \/>\n\t<meta name=\"twitter:data1\" content=\"2 minuty\" \/>\n<script type=\"application\/ld+json\" class=\"yoast-schema-graph\">{\"@context\":\"https:\\\/\\\/schema.org\",\"@graph\":[{\"@type\":[\"WebPage\",\"ItemPage\"],\"@id\":\"https:\\\/\\\/keys-for-auto.eu\\\/cs\\\/product\\\/vyroba-klicu-pro-vozy-volvo\\\/\",\"url\":\"https:\\\/\\\/keys-for-auto.eu\\\/cs\\\/product\\\/vyroba-klicu-pro-vozy-volvo\\\/\",\"name\":\"V\u00fdroba kl\u00ed\u010d\u016f pro vozy Volvo - Keys for auto\",\"isPartOf\":{\"@id\":\"https:\\\/\\\/keys-for-auto.eu\\\/cs\\\/#website\"},\"primaryImageOfPage\":{\"@id\":\"https:\\\/\\\/keys-for-auto.eu\\\/cs\\\/product\\\/vyroba-klicu-pro-vozy-volvo\\\/#primaryimage\"},\"image\":{\"@id\":\"https:\\\/\\\/keys-for-auto.eu\\\/cs\\\/product\\\/vyroba-klicu-pro-vozy-volvo\\\/#primaryimage\"},\"thumbnailUrl\":\"https:\\\/\\\/keys-for-auto.eu\\\/wp-content\\\/uploads\\\/2022\\\/12\\\/Volvo-logo-2012-2048x2048-1.png\",\"datePublished\":\"2017-05-11T18:34:51+00:00\",\"breadcrumb\":{\"@id\":\"https:\\\/\\\/keys-for-auto.eu\\\/cs\\\/product\\\/vyroba-klicu-pro-vozy-volvo\\\/#breadcrumb\"},\"inLanguage\":\"cs\",\"potentialAction\":[{\"@type\":\"ReadAction\",\"target\":[\"https:\\\/\\\/keys-for-auto.eu\\\/cs\\\/product\\\/vyroba-klicu-pro-vozy-volvo\\\/\"]}]},{\"@type\":\"ImageObject\",\"inLanguage\":\"cs\",\"@id\":\"https:\\\/\\\/keys-for-auto.eu\\\/cs\\\/product\\\/vyroba-klicu-pro-vozy-volvo\\\/#primaryimage\",\"url\":\"https:\\\/\\\/keys-for-auto.eu\\\/wp-content\\\/uploads\\\/2022\\\/12\\\/Volvo-logo-2012-2048x2048-1.png\",\"contentUrl\":\"https:\\\/\\\/keys-for-auto.eu\\\/wp-content\\\/uploads\\\/2022\\\/12\\\/Volvo-logo-2012-2048x2048-1.png\",\"width\":2048,\"height\":2048},{\"@type\":\"BreadcrumbList\",\"@id\":\"https:\\\/\\\/keys-for-auto.eu\\\/cs\\\/product\\\/vyroba-klicu-pro-vozy-volvo\\\/#breadcrumb\",\"itemListElement\":[{\"@type\":\"ListItem\",\"position\":1,\"name\":\"Home\",\"item\":\"https:\\\/\\\/keys-for-auto.eu\\\/cs\\\/\"},{\"@type\":\"ListItem\",\"position\":2,\"name\":\"Shop\",\"item\":\"https:\\\/\\\/keys-for-auto.eu\\\/\"},{\"@type\":\"ListItem\",\"position\":3,\"name\":\"V\u00fdroba kl\u00ed\u010d\u016f pro vozy Volvo\"}]},{\"@type\":\"WebSite\",\"@id\":\"https:\\\/\\\/keys-for-auto.eu\\\/cs\\\/#website\",\"url\":\"https:\\\/\\\/keys-for-auto.eu\\\/cs\\\/\",\"name\":\"Keys for auto\",\"description\":\"Car keys,  key shells, key programming\",\"publisher\":{\"@id\":\"https:\\\/\\\/keys-for-auto.eu\\\/cs\\\/#organization\"},\"potentialAction\":[{\"@type\":\"SearchAction\",\"target\":{\"@type\":\"EntryPoint\",\"urlTemplate\":\"https:\\\/\\\/keys-for-auto.eu\\\/cs\\\/?s={search_term_string}\"},\"query-input\":{\"@type\":\"PropertyValueSpecification\",\"valueRequired\":true,\"valueName\":\"search_term_string\"}}],\"inLanguage\":\"cs\"},{\"@type\":\"Organization\",\"@id\":\"https:\\\/\\\/keys-for-auto.eu\\\/cs\\\/#organization\",\"name\":\"Kl\u00ed\u010de pro auto\",\"url\":\"https:\\\/\\\/keys-for-auto.eu\\\/cs\\\/\",\"logo\":{\"@type\":\"ImageObject\",\"inLanguage\":\"cs\",\"@id\":\"https:\\\/\\\/keys-for-auto.eu\\\/cs\\\/#\\\/schema\\\/logo\\\/image\\\/\",\"url\":\"https:\\\/\\\/keys-for-auto.eu\\\/wp-content\\\/uploads\\\/2022\\\/11\\\/cropped-png1.png\",\"contentUrl\":\"https:\\\/\\\/keys-for-auto.eu\\\/wp-content\\\/uploads\\\/2022\\\/11\\\/cropped-png1.png\",\"width\":1000,\"height\":342,\"caption\":\"Kl\u00ed\u010de pro auto\"},\"image\":{\"@id\":\"https:\\\/\\\/keys-for-auto.eu\\\/cs\\\/#\\\/schema\\\/logo\\\/image\\\/\"},\"sameAs\":[\"https:\\\/\\\/www.facebook.com\\\/KeysForAutoEU\"]}]}<\/script>\n<!-- \/ Yoast SEO plugin. -->","yoast_head_json":{"title":"V\u00fdroba kl\u00ed\u010d\u016f pro vozy Volvo - Keys for auto","robots":{"index":"index","follow":"follow","max-snippet":"max-snippet:-1","max-image-preview":"max-image-preview:large","max-video-preview":"max-video-preview:-1"},"canonical":"https:\/\/keys-for-auto.eu\/cs\/product\/vyroba-klicu-pro-vozy-volvo\/","og_locale":"cs_CZ","og_type":"article","og_title":"V\u00fdroba kl\u00ed\u010d\u016f pro vozy Volvo - Keys for auto","og_description":"V\u00fdroba kl\u00ed\u010d\u016f od automobil\u016f  V\u00fdroba nov\u00fdch kl\u00ed\u010d\u016f od vozu, programov\u00e1n\u00ed kl\u00ed\u010d\u016f (\"sv\u00e1z\u00e1n\u00ed\" s vozem)  Odstran\u011bn\u00ed d\u0159\u00edve ztracen\u00fdch kl\u00ed\u010d\u016f z pam\u011bti vozidla  V\u00fdroba kl\u00ed\u010de zapalov\u00e1n\u00ed podle z\u00e1mku  Opravy kl\u00ed\u010d\u016f od automobil\u016f (v\u00fdm\u011bna tla\u010d\u00edtek, pl\u00e1\u0161\u0165\u016f, mechanism\u016f)  Nouzov\u00e9 odemyk\u00e1n\u00ed vozu  Obchodov\u00e1n\u00ed s kl\u00ed\u010di, pouzdry na kl\u00ed\u010de  Vypnut\u00ed softwaru DPF \/ FAP  Programov\u00e9 odstran\u011bn\u00ed EGR  Deaktivace softwaru imobiliz\u00e9ru (immo Off)  Oprava \u0159\u00eddic\u00ed jednotky motoru (ECU), klonov\u00e1n\u00ed, programov\u00e1n\u00ed  SRS (programov\u00e1n\u00ed \u0159\u00eddic\u00ed jednotky airbagu)   zbo\u017e\u00ed odesl\u00e1no do 3 pracovn\u00edch dn\u016f.* V\u00fdroba kl\u00ed\u010d\u016f Volvo  Kl\u00ed\u010de Volvo  V\u00fdroba kl\u00ed\u010d\u016f Volvo  Krytky kl\u00ed\u010d\u016f Volvo  Programov\u00e1n\u00ed kl\u00ed\u010d\u016f Volvo  Nouzov\u00e9 odemyk\u00e1n\u00ed voz\u016f Volvo D\u00edky modern\u00edmu po\u010d\u00edta\u010dov\u00e9mu vybaven\u00ed v\u00e1m vyrob\u00edme kvalitn\u00ed kl\u00ed\u010d s dlouhou \u017eivotnost\u00ed pro v\u00e1\u0161 v\u016fz Volvo. Pokud m\u00e1te pouze jeden kl\u00ed\u010d nebo pokud v\u00e1\u0161 kl\u00ed\u010d Volvo nestartuje v\u017edy, doporu\u010dujeme v\u00e1m zakoupit n\u00e1hradn\u00ed kl\u00ed\u010d. U\u0161et\u0159\u00edte tak \u010das i pen\u00edze. Vyr\u00e1b\u00edme kl\u00ed\u010de pro \u0161irokou \u0161k\u00e1lu model\u016f Volvo. M\u016f\u017ee to b\u00fdt jednoduch\u00fd kl\u00ed\u010d, kl\u00ed\u010d s imobiliz\u00e9rem. M\u016f\u017eeme tak\u00e9 nab\u00eddnout alternativu k chytr\u00fdm kl\u00ed\u010d\u016fm  (bezkl\u00ed\u010dov\u00fd syst\u00e9m zapalov\u00e1n\u00ed s tla\u010d\u00edtkem START\/STOP).    &nbsp;","og_url":"https:\/\/keys-for-auto.eu\/cs\/product\/vyroba-klicu-pro-vozy-volvo\/","og_site_name":"Keys for auto","article_publisher":"https:\/\/www.facebook.com\/KeysForAutoEU","og_image":[{"width":2048,"height":2048,"url":"https:\/\/i0.wp.com\/keys-for-auto.eu\/wp-content\/uploads\/2022\/12\/Volvo-logo-2012-2048x2048-1.png?fit=2048%2C2048&ssl=1","type":"image\/png"}],"twitter_card":"summary_large_image","twitter_misc":{"Odhadovan\u00e1 doba \u010dten\u00ed":"2 minuty"},"schema":{"@context":"https:\/\/schema.org","@graph":[{"@type":["WebPage","ItemPage"],"@id":"https:\/\/keys-for-auto.eu\/cs\/product\/vyroba-klicu-pro-vozy-volvo\/","url":"https:\/\/keys-for-auto.eu\/cs\/product\/vyroba-klicu-pro-vozy-volvo\/","name":"V\u00fdroba kl\u00ed\u010d\u016f pro vozy Volvo - Keys for auto","isPartOf":{"@id":"https:\/\/keys-for-auto.eu\/cs\/#website"},"primaryImageOfPage":{"@id":"https:\/\/keys-for-auto.eu\/cs\/product\/vyroba-klicu-pro-vozy-volvo\/#primaryimage"},"image":{"@id":"https:\/\/keys-for-auto.eu\/cs\/product\/vyroba-klicu-pro-vozy-volvo\/#primaryimage"},"thumbnailUrl":"https:\/\/keys-for-auto.eu\/wp-content\/uploads\/2022\/12\/Volvo-logo-2012-2048x2048-1.png","datePublished":"2017-05-11T18:34:51+00:00","breadcrumb":{"@id":"https:\/\/keys-for-auto.eu\/cs\/product\/vyroba-klicu-pro-vozy-volvo\/#breadcrumb"},"inLanguage":"cs","potentialAction":[{"@type":"ReadAction","target":["https:\/\/keys-for-auto.eu\/cs\/product\/vyroba-klicu-pro-vozy-volvo\/"]}]},{"@type":"ImageObject","inLanguage":"cs","@id":"https:\/\/keys-for-auto.eu\/cs\/product\/vyroba-klicu-pro-vozy-volvo\/#primaryimage","url":"https:\/\/keys-for-auto.eu\/wp-content\/uploads\/2022\/12\/Volvo-logo-2012-2048x2048-1.png","contentUrl":"https:\/\/keys-for-auto.eu\/wp-content\/uploads\/2022\/12\/Volvo-logo-2012-2048x2048-1.png","width":2048,"height":2048},{"@type":"BreadcrumbList","@id":"https:\/\/keys-for-auto.eu\/cs\/product\/vyroba-klicu-pro-vozy-volvo\/#breadcrumb","itemListElement":[{"@type":"ListItem","position":1,"name":"Home","item":"https:\/\/keys-for-auto.eu\/cs\/"},{"@type":"ListItem","position":2,"name":"Shop","item":"https:\/\/keys-for-auto.eu\/"},{"@type":"ListItem","position":3,"name":"V\u00fdroba kl\u00ed\u010d\u016f pro vozy Volvo"}]},{"@type":"WebSite","@id":"https:\/\/keys-for-auto.eu\/cs\/#website","url":"https:\/\/keys-for-auto.eu\/cs\/","name":"Keys for auto","description":"Car keys,  key shells, key programming","publisher":{"@id":"https:\/\/keys-for-auto.eu\/cs\/#organization"},"potentialAction":[{"@type":"SearchAction","target":{"@type":"EntryPoint","urlTemplate":"https:\/\/keys-for-auto.eu\/cs\/?s={search_term_string}"},"query-input":{"@type":"PropertyValueSpecification","valueRequired":true,"valueName":"search_term_string"}}],"inLanguage":"cs"},{"@type":"Organization","@id":"https:\/\/keys-for-auto.eu\/cs\/#organization","name":"Kl\u00ed\u010de pro auto","url":"https:\/\/keys-for-auto.eu\/cs\/","logo":{"@type":"ImageObject","inLanguage":"cs","@id":"https:\/\/keys-for-auto.eu\/cs\/#\/schema\/logo\/image\/","url":"https:\/\/keys-for-auto.eu\/wp-content\/uploads\/2022\/11\/cropped-png1.png","contentUrl":"https:\/\/keys-for-auto.eu\/wp-content\/uploads\/2022\/11\/cropped-png1.png","width":1000,"height":342,"caption":"Kl\u00ed\u010de pro auto"},"image":{"@id":"https:\/\/keys-for-auto.eu\/cs\/#\/schema\/logo\/image\/"},"sameAs":["https:\/\/www.facebook.com\/KeysForAutoEU"]}]}},"_links":{"self":[{"href":"https:\/\/keys-for-auto.eu\/cs\/wp-json\/wp\/v2\/product\/22404","targetHints":{"allow":["GET"]}}],"collection":[{"href":"https:\/\/keys-for-auto.eu\/cs\/wp-json\/wp\/v2\/product"}],"about":[{"href":"https:\/\/keys-for-auto.eu\/cs\/wp-json\/wp\/v2\/types\/product"}],"replies":[{"embeddable":true,"href":"https:\/\/keys-for-auto.eu\/cs\/wp-json\/wp\/v2\/comments?post=22404"}],"wp:featuredmedia":[{"embeddable":true,"href":"https:\/\/keys-for-auto.eu\/cs\/wp-json\/wp\/v2\/media\/21245"}],"wp:attachment":[{"href":"https:\/\/keys-for-auto.eu\/cs\/wp-json\/wp\/v2\/media?parent=22404"}],"wp:term":[{"taxonomy":"product_brand","embeddable":true,"href":"https:\/\/keys-for-auto.eu\/cs\/wp-json\/wp\/v2\/product_brand?post=22404"},{"taxonomy":"product_cat","embeddable":true,"href":"https:\/\/keys-for-auto.eu\/cs\/wp-json\/wp\/v2\/product_cat?post=22404"},{"taxonomy":"product_tag","embeddable":true,"href":"https:\/\/keys-for-auto.eu\/cs\/wp-json\/wp\/v2\/product_tag?post=22404"}],"curies":[{"name":"wp","href":"https:\/\/api.w.org\/{rel}","templated":true}]}}