{"id":22399,"date":"2017-04-19T14:34:33","date_gmt":"2017-04-19T14:34:33","guid":{"rendered":"https:\/\/keys-for-auto.eu\/product\/klicova-vyroba-pro-vozy-mercedes\/"},"modified":"2017-04-19T14:34:33","modified_gmt":"2017-04-19T14:34:33","slug":"key-production-for-mercedes-cars","status":"publish","type":"product","link":"https:\/\/keys-for-auto.eu\/cs\/product\/key-production-for-mercedes-cars\/","title":{"rendered":"Kl\u00ed\u010dov\u00e1 v\u00fdroba pro vozy Mercedes"},"content":{"rendered":"<p>&nbsp;<\/p>\n<p>&nbsp;<\/p>\n","protected":false},"excerpt":{"rendered":"<h3><strong>V\u00fdroba kl\u00ed\u010d\u016f od automobil\u016f<\/strong><\/h3>\n<ul>\n<li><strong>V\u00fdroba nov\u00fdch kl\u00ed\u010d\u016f od vozu, programov\u00e1n\u00ed kl\u00ed\u010d\u016f (&#8222;sv\u00e1z\u00e1n\u00ed&#8220; s vozem)<\/strong><\/li>\n<li><strong>Odstran\u011bn\u00ed d\u0159\u00edve ztracen\u00fdch kl\u00ed\u010d\u016f z pam\u011bti vozidla<\/strong><\/li>\n<li><strong>V\u00fdroba kl\u00ed\u010de zapalov\u00e1n\u00ed podle z\u00e1mku<\/strong><\/li>\n<li><strong>Opravy kl\u00ed\u010d\u016f od automobil\u016f (v\u00fdm\u011bna tla\u010d\u00edtek, pl\u00e1\u0161\u0165\u016f, mechanism\u016f)<\/strong><\/li>\n<li><strong>Nouzov\u00e9 odemyk\u00e1n\u00ed vozu<\/strong><\/li>\n<li><strong>Obchodov\u00e1n\u00ed s kl\u00ed\u010di, pouzdry na kl\u00ed\u010de<\/strong><\/li>\n<li><strong>Vypnut\u00ed softwaru DPF \/ FAP<\/strong><\/li>\n<li><strong>Programov\u00e9 odstran\u011bn\u00ed EGR<\/strong><\/li>\n<li><strong>Deaktivace softwaru imobiliz\u00e9ru (immo Off)<\/strong><\/li>\n<li><strong>Oprava \u0159\u00eddic\u00ed jednotky motoru (ECU), klonov\u00e1n\u00ed, programov\u00e1n\u00ed<\/strong><\/li>\n<li><strong>SRS (programov\u00e1n\u00ed \u0159\u00eddic\u00ed jednotky airbagu)<\/strong><\/li>\n<\/ul>\n<h4><strong>  zbo\u017e\u00ed odesl\u00e1no do 3 pracovn\u00edch dn\u016f.*<\/strong><\/h4>\n<h2>V\u00fdroba kl\u00ed\u010d\u016f Mercedes<\/h2>\n<p>V\u00fdroba kl\u00ed\u010d\u016f Mercedes. N\u011bkter\u00e9 druhy dopravy se od ostatn\u00edch v\u00fdrazn\u011b li\u0161\u00ed. Nap\u0159\u00edklad kl\u00ed\u010de Mersedes Benz maj\u00ed tak\u00e9 sv\u00e9 vlastn\u00ed charakteristiky. U automobil\u016f s mechanick\u00fdmi z\u00e1mky zapalov\u00e1n\u00ed lze s jistotou \u0159\u00edci, \u017ee nen\u00ed mo\u017en\u00e9 zhotovit dal\u0161\u00ed kopie kl\u00ed\u010de.<\/p>\n<h2>U\u017eite\u010dn\u00e9 informace<\/h2>\n<p>Pou\u017eit\u00ed duplik\u00e1tu kl\u00ed\u010de neumo\u017e\u0148uje nastartovat motor, respektive m\u016f\u017eete tak u\u010dinit pouze jednou a kl\u00ed\u010d, kter\u00fd byl p\u0159edt\u00edm pou\u017eit k nastartov\u00e1n\u00ed vozidla, p\u0159estane fungovat. Tyto v\u00fdrobky pracuj\u00ed v syst\u00e9mu prom\u011bnn\u00fdch k\u00f3d\u016f. P\u0159i op\u011btovn\u00e9m nastartov\u00e1n\u00ed motoru se k\u00f3d na \u010dipu kl\u00ed\u010de zm\u011bn\u00ed podle speci\u00e1ln\u00edho algoritmu. Motor se spust\u00ed v okam\u017eiku, kdy se informace ve vozidle a v kl\u00ed\u010dku shoduj\u00ed.<\/p>\n<p>V\u00fdjimkou jsou n\u00e1kladn\u00ed vozy Mercedes (nap\u0159. Actros). U osobn\u00edch automobil\u016f se pou\u017e\u00edv\u00e1 jin\u00e1 kategorie kl\u00ed\u010d\u016f &#8211; &#8222;ryb\u00ed&#8220; kl\u00ed\u010d. Tvar tohoto chytr\u00e9ho v\u00fdrobku skute\u010dn\u011b p\u0159ipom\u00edn\u00e1 vodn\u00edho \u017eivo\u010dicha. Nen\u00ed ovl\u00e1d\u00e1n mechanicky, ale elektronicky. B\u011bhem pou\u017e\u00edv\u00e1n\u00ed jsou kontakty propojeny a samotn\u00fd z\u00e1mek je zaznamen\u00e1n c\u00edvkou. Kolem kl\u00ed\u010de, kter\u00fd je zdrojem energie, se vytv\u00e1\u0159\u00ed induk\u010dn\u00ed pole. Proces usnad\u0148uje deska s obvody zabudovan\u00e1 do ant\u00e9ny.<\/p>\n<p>Je z\u0159ejm\u00e9, \u017ee elektronick\u00e9 kl\u00ed\u010de Mercedes funguj\u00ed bez nap\u00e1jen\u00ed. Kdy\u017e jeden z nich vstoup\u00ed do z\u00e1mku a &#8222;porozum\u00ed&#8220; mu, &#8222;p\u0159edstav\u00ed se&#8220; z\u00e1mku pomoc\u00ed infra\u010derven\u00e9ho kan\u00e1lu. Ten porovn\u00e1v\u00e1 \u00fadaje v pam\u011bti s informacemi kl\u00ed\u010de a p\u0159en\u00e1\u0161\u00ed je do elektrick\u00e9ho blokov\u00e1n\u00ed h\u0159\u00eddele \u0159\u00edzen\u00ed. Ten tak\u00e9 porovn\u00e1v\u00e1 p\u0159ijat\u00e9 \u00fadaje s \u00fadaji, kter\u00e9 jsou ji\u017e k dispozici. Pokud je v\u00fdsledek pozitivn\u00ed, stiskne z\u00e1mek a volant se uvoln\u00ed. Pokud v\u0161e prob\u011bhlo hladce, z\u00e1mek se uvoln\u00ed a kl\u00ed\u010d se oto\u010d\u00ed. Kl\u00ed\u010dem lze nyn\u00ed voln\u011b ot\u00e1\u010det. To je v\u0161e, motor b\u011b\u017e\u00ed.<\/p>\n<p>N\u011bkter\u00e9 modely Mercedes jsou k dispozici tak\u00e9 s vys\u00edla\u010dem. V porovn\u00e1n\u00ed s v\u00fdrobou v\u00fd\u0161e uveden\u00fdch produkt\u016f to vy\u017eaduje m\u00e9n\u011b \u010dasu specialist\u016f. V p\u0159\u00edpad\u011b pot\u0159eby v\u00e1m vyrob\u00ed tak\u00e9 skl\u00e1dac\u00ed kl\u00ed\u010d.<\/p>\n<p>&nbsp;<\/p>\n<p>&nbsp;<\/p>\n<p>&nbsp;<\/p>\n","protected":false},"featured_media":21243,"comment_status":"open","ping_status":"closed","template":"","meta":[],"product_brand":[],"product_cat":[4644,5832],"product_tag":[5501,5518,5520,5522,5524,5526,5528,4646,4670,4654,4660,4650,4680,4657,4695,4665,4673,4688,4681,4675,5499,4709,5898,5899,5896],"class_list":{"0":"post-22399","1":"product","2":"type-product","3":"status-publish","4":"has-post-thumbnail","6":"product_cat-mercedes-benz-cs","7":"product_cat-vyroba-klicu","8":"product_tag-klic-mercedes-benz","9":"product_tag-klic-mercedes-benz-clk","10":"product_tag-klic-mercedes-benz-s","11":"product_tag-klic-mercedes-benz-sl","12":"product_tag-klic-mercedes-benz-slk","13":"product_tag-klic-mercedes-e-benz","14":"product_tag-klic-mercedes-ml-benz","15":"product_tag-kryt-klice-mercedes-benz","16":"product_tag-kryt-klice-mercedes-benz-a","17":"product_tag-kryt-klice-mercedes-benz-b","18":"product_tag-kryt-klice-mercedes-benz-c","19":"product_tag-kryt-klice-mercedes-benz-clk","20":"product_tag-kryt-klice-mercedes-benz-cls","21":"product_tag-kryt-klice-mercedes-benz-e","22":"product_tag-kryt-klice-mercedes-benz-m","23":"product_tag-kryt-klice-mercedes-benz-ml","24":"product_tag-kryt-klice-mercedes-benz-s","25":"product_tag-kryt-klice-mercedes-benz-sl","26":"product_tag-kryt-klice-mercedes-benz-slk","27":"product_tag-kryt-klice-mercedes-benz-vito","28":"product_tag-mercedes-benz-fortwo-klic","29":"product_tag-mercedes-benz-smart-fortwo-cs","30":"product_tag-programovani-klicu-mercedes","31":"product_tag-vyroba-klicu-cs","32":"product_tag-vyroba-klicu-mercedes","34":"first","35":"instock","36":"shipping-taxable","37":"product-type-simple"},"yoast_head":"<!-- This site is optimized with the Yoast SEO plugin v27.6 - https:\/\/yoast.com\/product\/yoast-seo-wordpress\/ -->\n<title>Kl\u00ed\u010dov\u00e1 v\u00fdroba pro vozy Mercedes - Keys for auto<\/title>\n<meta name=\"robots\" content=\"index, follow, max-snippet:-1, max-image-preview:large, max-video-preview:-1\" \/>\n<link rel=\"canonical\" href=\"https:\/\/keys-for-auto.eu\/cs\/product\/key-production-for-mercedes-cars\/\" \/>\n<meta property=\"og:locale\" content=\"cs_CZ\" \/>\n<meta property=\"og:type\" content=\"article\" \/>\n<meta property=\"og:title\" content=\"Kl\u00ed\u010dov\u00e1 v\u00fdroba pro vozy Mercedes - Keys for auto\" \/>\n<meta property=\"og:description\" content=\"V\u00fdroba kl\u00ed\u010d\u016f od automobil\u016f  V\u00fdroba nov\u00fdch kl\u00ed\u010d\u016f od vozu, programov\u00e1n\u00ed kl\u00ed\u010d\u016f (&quot;sv\u00e1z\u00e1n\u00ed&quot; s vozem)  Odstran\u011bn\u00ed d\u0159\u00edve ztracen\u00fdch kl\u00ed\u010d\u016f z pam\u011bti vozidla  V\u00fdroba kl\u00ed\u010de zapalov\u00e1n\u00ed podle z\u00e1mku  Opravy kl\u00ed\u010d\u016f od automobil\u016f (v\u00fdm\u011bna tla\u010d\u00edtek, pl\u00e1\u0161\u0165\u016f, mechanism\u016f)  Nouzov\u00e9 odemyk\u00e1n\u00ed vozu  Obchodov\u00e1n\u00ed s kl\u00ed\u010di, pouzdry na kl\u00ed\u010de  Vypnut\u00ed softwaru DPF \/ FAP  Programov\u00e9 odstran\u011bn\u00ed EGR  Deaktivace softwaru imobiliz\u00e9ru (immo Off)  Oprava \u0159\u00eddic\u00ed jednotky motoru (ECU), klonov\u00e1n\u00ed, programov\u00e1n\u00ed  SRS (programov\u00e1n\u00ed \u0159\u00eddic\u00ed jednotky airbagu)  zbo\u017e\u00ed odesl\u00e1no do 3 pracovn\u00edch dn\u016f.* V\u00fdroba kl\u00ed\u010d\u016f Mercedes V\u00fdroba kl\u00ed\u010d\u016f Mercedes. N\u011bkter\u00e9 druhy dopravy se od ostatn\u00edch v\u00fdrazn\u011b li\u0161\u00ed. Nap\u0159\u00edklad kl\u00ed\u010de Mersedes Benz maj\u00ed tak\u00e9 sv\u00e9 vlastn\u00ed charakteristiky. U automobil\u016f s mechanick\u00fdmi z\u00e1mky zapalov\u00e1n\u00ed lze s jistotou \u0159\u00edci, \u017ee nen\u00ed mo\u017en\u00e9 zhotovit dal\u0161\u00ed kopie kl\u00ed\u010de. U\u017eite\u010dn\u00e9 informace Pou\u017eit\u00ed duplik\u00e1tu kl\u00ed\u010de neumo\u017e\u0148uje nastartovat motor, respektive m\u016f\u017eete tak u\u010dinit pouze jednou a kl\u00ed\u010d, kter\u00fd byl p\u0159edt\u00edm pou\u017eit k nastartov\u00e1n\u00ed vozidla, p\u0159estane fungovat. Tyto v\u00fdrobky pracuj\u00ed v syst\u00e9mu prom\u011bnn\u00fdch k\u00f3d\u016f. P\u0159i op\u011btovn\u00e9m nastartov\u00e1n\u00ed motoru se k\u00f3d na \u010dipu kl\u00ed\u010de zm\u011bn\u00ed podle speci\u00e1ln\u00edho algoritmu. Motor se spust\u00ed v okam\u017eiku, kdy se informace ve vozidle a v kl\u00ed\u010dku shoduj\u00ed. V\u00fdjimkou jsou n\u00e1kladn\u00ed vozy Mercedes (nap\u0159. Actros). U osobn\u00edch automobil\u016f se pou\u017e\u00edv\u00e1 jin\u00e1 kategorie kl\u00ed\u010d\u016f - &quot;ryb\u00ed&quot; kl\u00ed\u010d. Tvar tohoto chytr\u00e9ho v\u00fdrobku skute\u010dn\u011b p\u0159ipom\u00edn\u00e1 vodn\u00edho \u017eivo\u010dicha. Nen\u00ed ovl\u00e1d\u00e1n mechanicky, ale elektronicky. B\u011bhem pou\u017e\u00edv\u00e1n\u00ed jsou kontakty propojeny a samotn\u00fd z\u00e1mek je zaznamen\u00e1n c\u00edvkou. Kolem kl\u00ed\u010de, kter\u00fd je zdrojem energie, se vytv\u00e1\u0159\u00ed induk\u010dn\u00ed pole. Proces usnad\u0148uje deska s obvody zabudovan\u00e1 do ant\u00e9ny. Je z\u0159ejm\u00e9, \u017ee elektronick\u00e9 kl\u00ed\u010de Mercedes funguj\u00ed bez nap\u00e1jen\u00ed. Kdy\u017e jeden z nich vstoup\u00ed do z\u00e1mku a &quot;porozum\u00ed&quot; mu, &quot;p\u0159edstav\u00ed se&quot; z\u00e1mku pomoc\u00ed infra\u010derven\u00e9ho kan\u00e1lu. Ten porovn\u00e1v\u00e1 \u00fadaje v pam\u011bti s informacemi kl\u00ed\u010de a p\u0159en\u00e1\u0161\u00ed je do elektrick\u00e9ho blokov\u00e1n\u00ed h\u0159\u00eddele \u0159\u00edzen\u00ed. Ten tak\u00e9 porovn\u00e1v\u00e1 p\u0159ijat\u00e9 \u00fadaje s \u00fadaji, kter\u00e9 jsou ji\u017e k dispozici. Pokud je v\u00fdsledek pozitivn\u00ed, stiskne z\u00e1mek a volant se uvoln\u00ed. Pokud v\u0161e prob\u011bhlo hladce, z\u00e1mek se uvoln\u00ed a kl\u00ed\u010d se oto\u010d\u00ed. Kl\u00ed\u010dem lze nyn\u00ed voln\u011b ot\u00e1\u010det. To je v\u0161e, motor b\u011b\u017e\u00ed. N\u011bkter\u00e9 modely Mercedes jsou k dispozici tak\u00e9 s vys\u00edla\u010dem. V porovn\u00e1n\u00ed s v\u00fdrobou v\u00fd\u0161e uveden\u00fdch produkt\u016f to vy\u017eaduje m\u00e9n\u011b \u010dasu specialist\u016f. V p\u0159\u00edpad\u011b pot\u0159eby v\u00e1m vyrob\u00ed tak\u00e9 skl\u00e1dac\u00ed kl\u00ed\u010d. &nbsp; &nbsp; &nbsp;\" \/>\n<meta property=\"og:url\" content=\"https:\/\/keys-for-auto.eu\/cs\/product\/key-production-for-mercedes-cars\/\" \/>\n<meta property=\"og:site_name\" content=\"Keys for auto\" \/>\n<meta property=\"article:publisher\" content=\"https:\/\/www.facebook.com\/KeysForAutoEU\" \/>\n<meta property=\"og:image\" content=\"https:\/\/i0.wp.com\/keys-for-auto.eu\/wp-content\/uploads\/2022\/12\/admin-ajax__1_-removebg-preview-1-1.png?fit=521%2C446&ssl=1\" \/>\n\t<meta property=\"og:image:width\" content=\"521\" \/>\n\t<meta property=\"og:image:height\" content=\"446\" \/>\n\t<meta property=\"og:image:type\" content=\"image\/png\" \/>\n<meta name=\"twitter:card\" content=\"summary_large_image\" \/>\n<script type=\"application\/ld+json\" class=\"yoast-schema-graph\">{\"@context\":\"https:\\\/\\\/schema.org\",\"@graph\":[{\"@type\":[\"WebPage\",\"ItemPage\"],\"@id\":\"https:\\\/\\\/keys-for-auto.eu\\\/cs\\\/product\\\/key-production-for-mercedes-cars\\\/\",\"url\":\"https:\\\/\\\/keys-for-auto.eu\\\/cs\\\/product\\\/key-production-for-mercedes-cars\\\/\",\"name\":\"Kl\u00ed\u010dov\u00e1 v\u00fdroba pro vozy Mercedes - Keys for auto\",\"isPartOf\":{\"@id\":\"https:\\\/\\\/keys-for-auto.eu\\\/cs\\\/#website\"},\"primaryImageOfPage\":{\"@id\":\"https:\\\/\\\/keys-for-auto.eu\\\/cs\\\/product\\\/key-production-for-mercedes-cars\\\/#primaryimage\"},\"image\":{\"@id\":\"https:\\\/\\\/keys-for-auto.eu\\\/cs\\\/product\\\/key-production-for-mercedes-cars\\\/#primaryimage\"},\"thumbnailUrl\":\"https:\\\/\\\/keys-for-auto.eu\\\/wp-content\\\/uploads\\\/2022\\\/12\\\/admin-ajax__1_-removebg-preview-1-1.png\",\"datePublished\":\"2017-04-19T14:34:33+00:00\",\"breadcrumb\":{\"@id\":\"https:\\\/\\\/keys-for-auto.eu\\\/cs\\\/product\\\/key-production-for-mercedes-cars\\\/#breadcrumb\"},\"inLanguage\":\"cs\",\"potentialAction\":[{\"@type\":\"ReadAction\",\"target\":[\"https:\\\/\\\/keys-for-auto.eu\\\/cs\\\/product\\\/key-production-for-mercedes-cars\\\/\"]}]},{\"@type\":\"ImageObject\",\"inLanguage\":\"cs\",\"@id\":\"https:\\\/\\\/keys-for-auto.eu\\\/cs\\\/product\\\/key-production-for-mercedes-cars\\\/#primaryimage\",\"url\":\"https:\\\/\\\/keys-for-auto.eu\\\/wp-content\\\/uploads\\\/2022\\\/12\\\/admin-ajax__1_-removebg-preview-1-1.png\",\"contentUrl\":\"https:\\\/\\\/keys-for-auto.eu\\\/wp-content\\\/uploads\\\/2022\\\/12\\\/admin-ajax__1_-removebg-preview-1-1.png\",\"width\":521,\"height\":446},{\"@type\":\"BreadcrumbList\",\"@id\":\"https:\\\/\\\/keys-for-auto.eu\\\/cs\\\/product\\\/key-production-for-mercedes-cars\\\/#breadcrumb\",\"itemListElement\":[{\"@type\":\"ListItem\",\"position\":1,\"name\":\"Home\",\"item\":\"https:\\\/\\\/keys-for-auto.eu\\\/cs\\\/\"},{\"@type\":\"ListItem\",\"position\":2,\"name\":\"Shop\",\"item\":\"https:\\\/\\\/keys-for-auto.eu\\\/\"},{\"@type\":\"ListItem\",\"position\":3,\"name\":\"Kl\u00ed\u010dov\u00e1 v\u00fdroba pro vozy Mercedes\"}]},{\"@type\":\"WebSite\",\"@id\":\"https:\\\/\\\/keys-for-auto.eu\\\/cs\\\/#website\",\"url\":\"https:\\\/\\\/keys-for-auto.eu\\\/cs\\\/\",\"name\":\"Keys for auto\",\"description\":\"Car keys,  key shells, key programming\",\"publisher\":{\"@id\":\"https:\\\/\\\/keys-for-auto.eu\\\/cs\\\/#organization\"},\"potentialAction\":[{\"@type\":\"SearchAction\",\"target\":{\"@type\":\"EntryPoint\",\"urlTemplate\":\"https:\\\/\\\/keys-for-auto.eu\\\/cs\\\/?s={search_term_string}\"},\"query-input\":{\"@type\":\"PropertyValueSpecification\",\"valueRequired\":true,\"valueName\":\"search_term_string\"}}],\"inLanguage\":\"cs\"},{\"@type\":\"Organization\",\"@id\":\"https:\\\/\\\/keys-for-auto.eu\\\/cs\\\/#organization\",\"name\":\"Kl\u00ed\u010de pro auto\",\"url\":\"https:\\\/\\\/keys-for-auto.eu\\\/cs\\\/\",\"logo\":{\"@type\":\"ImageObject\",\"inLanguage\":\"cs\",\"@id\":\"https:\\\/\\\/keys-for-auto.eu\\\/cs\\\/#\\\/schema\\\/logo\\\/image\\\/\",\"url\":\"https:\\\/\\\/keys-for-auto.eu\\\/wp-content\\\/uploads\\\/2022\\\/11\\\/cropped-png1.png\",\"contentUrl\":\"https:\\\/\\\/keys-for-auto.eu\\\/wp-content\\\/uploads\\\/2022\\\/11\\\/cropped-png1.png\",\"width\":1000,\"height\":342,\"caption\":\"Kl\u00ed\u010de pro auto\"},\"image\":{\"@id\":\"https:\\\/\\\/keys-for-auto.eu\\\/cs\\\/#\\\/schema\\\/logo\\\/image\\\/\"},\"sameAs\":[\"https:\\\/\\\/www.facebook.com\\\/KeysForAutoEU\"]}]}<\/script>\n<!-- \/ Yoast SEO plugin. -->","yoast_head_json":{"title":"Kl\u00ed\u010dov\u00e1 v\u00fdroba pro vozy Mercedes - Keys for auto","robots":{"index":"index","follow":"follow","max-snippet":"max-snippet:-1","max-image-preview":"max-image-preview:large","max-video-preview":"max-video-preview:-1"},"canonical":"https:\/\/keys-for-auto.eu\/cs\/product\/key-production-for-mercedes-cars\/","og_locale":"cs_CZ","og_type":"article","og_title":"Kl\u00ed\u010dov\u00e1 v\u00fdroba pro vozy Mercedes - Keys for auto","og_description":"V\u00fdroba kl\u00ed\u010d\u016f od automobil\u016f  V\u00fdroba nov\u00fdch kl\u00ed\u010d\u016f od vozu, programov\u00e1n\u00ed kl\u00ed\u010d\u016f (\"sv\u00e1z\u00e1n\u00ed\" s vozem)  Odstran\u011bn\u00ed d\u0159\u00edve ztracen\u00fdch kl\u00ed\u010d\u016f z pam\u011bti vozidla  V\u00fdroba kl\u00ed\u010de zapalov\u00e1n\u00ed podle z\u00e1mku  Opravy kl\u00ed\u010d\u016f od automobil\u016f (v\u00fdm\u011bna tla\u010d\u00edtek, pl\u00e1\u0161\u0165\u016f, mechanism\u016f)  Nouzov\u00e9 odemyk\u00e1n\u00ed vozu  Obchodov\u00e1n\u00ed s kl\u00ed\u010di, pouzdry na kl\u00ed\u010de  Vypnut\u00ed softwaru DPF \/ FAP  Programov\u00e9 odstran\u011bn\u00ed EGR  Deaktivace softwaru imobiliz\u00e9ru (immo Off)  Oprava \u0159\u00eddic\u00ed jednotky motoru (ECU), klonov\u00e1n\u00ed, programov\u00e1n\u00ed  SRS (programov\u00e1n\u00ed \u0159\u00eddic\u00ed jednotky airbagu)  zbo\u017e\u00ed odesl\u00e1no do 3 pracovn\u00edch dn\u016f.* V\u00fdroba kl\u00ed\u010d\u016f Mercedes V\u00fdroba kl\u00ed\u010d\u016f Mercedes. N\u011bkter\u00e9 druhy dopravy se od ostatn\u00edch v\u00fdrazn\u011b li\u0161\u00ed. Nap\u0159\u00edklad kl\u00ed\u010de Mersedes Benz maj\u00ed tak\u00e9 sv\u00e9 vlastn\u00ed charakteristiky. U automobil\u016f s mechanick\u00fdmi z\u00e1mky zapalov\u00e1n\u00ed lze s jistotou \u0159\u00edci, \u017ee nen\u00ed mo\u017en\u00e9 zhotovit dal\u0161\u00ed kopie kl\u00ed\u010de. U\u017eite\u010dn\u00e9 informace Pou\u017eit\u00ed duplik\u00e1tu kl\u00ed\u010de neumo\u017e\u0148uje nastartovat motor, respektive m\u016f\u017eete tak u\u010dinit pouze jednou a kl\u00ed\u010d, kter\u00fd byl p\u0159edt\u00edm pou\u017eit k nastartov\u00e1n\u00ed vozidla, p\u0159estane fungovat. Tyto v\u00fdrobky pracuj\u00ed v syst\u00e9mu prom\u011bnn\u00fdch k\u00f3d\u016f. P\u0159i op\u011btovn\u00e9m nastartov\u00e1n\u00ed motoru se k\u00f3d na \u010dipu kl\u00ed\u010de zm\u011bn\u00ed podle speci\u00e1ln\u00edho algoritmu. Motor se spust\u00ed v okam\u017eiku, kdy se informace ve vozidle a v kl\u00ed\u010dku shoduj\u00ed. V\u00fdjimkou jsou n\u00e1kladn\u00ed vozy Mercedes (nap\u0159. Actros). U osobn\u00edch automobil\u016f se pou\u017e\u00edv\u00e1 jin\u00e1 kategorie kl\u00ed\u010d\u016f - \"ryb\u00ed\" kl\u00ed\u010d. Tvar tohoto chytr\u00e9ho v\u00fdrobku skute\u010dn\u011b p\u0159ipom\u00edn\u00e1 vodn\u00edho \u017eivo\u010dicha. Nen\u00ed ovl\u00e1d\u00e1n mechanicky, ale elektronicky. B\u011bhem pou\u017e\u00edv\u00e1n\u00ed jsou kontakty propojeny a samotn\u00fd z\u00e1mek je zaznamen\u00e1n c\u00edvkou. Kolem kl\u00ed\u010de, kter\u00fd je zdrojem energie, se vytv\u00e1\u0159\u00ed induk\u010dn\u00ed pole. Proces usnad\u0148uje deska s obvody zabudovan\u00e1 do ant\u00e9ny. Je z\u0159ejm\u00e9, \u017ee elektronick\u00e9 kl\u00ed\u010de Mercedes funguj\u00ed bez nap\u00e1jen\u00ed. Kdy\u017e jeden z nich vstoup\u00ed do z\u00e1mku a \"porozum\u00ed\" mu, \"p\u0159edstav\u00ed se\" z\u00e1mku pomoc\u00ed infra\u010derven\u00e9ho kan\u00e1lu. Ten porovn\u00e1v\u00e1 \u00fadaje v pam\u011bti s informacemi kl\u00ed\u010de a p\u0159en\u00e1\u0161\u00ed je do elektrick\u00e9ho blokov\u00e1n\u00ed h\u0159\u00eddele \u0159\u00edzen\u00ed. Ten tak\u00e9 porovn\u00e1v\u00e1 p\u0159ijat\u00e9 \u00fadaje s \u00fadaji, kter\u00e9 jsou ji\u017e k dispozici. Pokud je v\u00fdsledek pozitivn\u00ed, stiskne z\u00e1mek a volant se uvoln\u00ed. Pokud v\u0161e prob\u011bhlo hladce, z\u00e1mek se uvoln\u00ed a kl\u00ed\u010d se oto\u010d\u00ed. Kl\u00ed\u010dem lze nyn\u00ed voln\u011b ot\u00e1\u010det. To je v\u0161e, motor b\u011b\u017e\u00ed. N\u011bkter\u00e9 modely Mercedes jsou k dispozici tak\u00e9 s vys\u00edla\u010dem. V porovn\u00e1n\u00ed s v\u00fdrobou v\u00fd\u0161e uveden\u00fdch produkt\u016f to vy\u017eaduje m\u00e9n\u011b \u010dasu specialist\u016f. V p\u0159\u00edpad\u011b pot\u0159eby v\u00e1m vyrob\u00ed tak\u00e9 skl\u00e1dac\u00ed kl\u00ed\u010d. &nbsp; &nbsp; &nbsp;","og_url":"https:\/\/keys-for-auto.eu\/cs\/product\/key-production-for-mercedes-cars\/","og_site_name":"Keys for auto","article_publisher":"https:\/\/www.facebook.com\/KeysForAutoEU","og_image":[{"width":521,"height":446,"url":"https:\/\/i0.wp.com\/keys-for-auto.eu\/wp-content\/uploads\/2022\/12\/admin-ajax__1_-removebg-preview-1-1.png?fit=521%2C446&ssl=1","type":"image\/png"}],"twitter_card":"summary_large_image","schema":{"@context":"https:\/\/schema.org","@graph":[{"@type":["WebPage","ItemPage"],"@id":"https:\/\/keys-for-auto.eu\/cs\/product\/key-production-for-mercedes-cars\/","url":"https:\/\/keys-for-auto.eu\/cs\/product\/key-production-for-mercedes-cars\/","name":"Kl\u00ed\u010dov\u00e1 v\u00fdroba pro vozy Mercedes - Keys for auto","isPartOf":{"@id":"https:\/\/keys-for-auto.eu\/cs\/#website"},"primaryImageOfPage":{"@id":"https:\/\/keys-for-auto.eu\/cs\/product\/key-production-for-mercedes-cars\/#primaryimage"},"image":{"@id":"https:\/\/keys-for-auto.eu\/cs\/product\/key-production-for-mercedes-cars\/#primaryimage"},"thumbnailUrl":"https:\/\/keys-for-auto.eu\/wp-content\/uploads\/2022\/12\/admin-ajax__1_-removebg-preview-1-1.png","datePublished":"2017-04-19T14:34:33+00:00","breadcrumb":{"@id":"https:\/\/keys-for-auto.eu\/cs\/product\/key-production-for-mercedes-cars\/#breadcrumb"},"inLanguage":"cs","potentialAction":[{"@type":"ReadAction","target":["https:\/\/keys-for-auto.eu\/cs\/product\/key-production-for-mercedes-cars\/"]}]},{"@type":"ImageObject","inLanguage":"cs","@id":"https:\/\/keys-for-auto.eu\/cs\/product\/key-production-for-mercedes-cars\/#primaryimage","url":"https:\/\/keys-for-auto.eu\/wp-content\/uploads\/2022\/12\/admin-ajax__1_-removebg-preview-1-1.png","contentUrl":"https:\/\/keys-for-auto.eu\/wp-content\/uploads\/2022\/12\/admin-ajax__1_-removebg-preview-1-1.png","width":521,"height":446},{"@type":"BreadcrumbList","@id":"https:\/\/keys-for-auto.eu\/cs\/product\/key-production-for-mercedes-cars\/#breadcrumb","itemListElement":[{"@type":"ListItem","position":1,"name":"Home","item":"https:\/\/keys-for-auto.eu\/cs\/"},{"@type":"ListItem","position":2,"name":"Shop","item":"https:\/\/keys-for-auto.eu\/"},{"@type":"ListItem","position":3,"name":"Kl\u00ed\u010dov\u00e1 v\u00fdroba pro vozy Mercedes"}]},{"@type":"WebSite","@id":"https:\/\/keys-for-auto.eu\/cs\/#website","url":"https:\/\/keys-for-auto.eu\/cs\/","name":"Keys for auto","description":"Car keys,  key shells, key programming","publisher":{"@id":"https:\/\/keys-for-auto.eu\/cs\/#organization"},"potentialAction":[{"@type":"SearchAction","target":{"@type":"EntryPoint","urlTemplate":"https:\/\/keys-for-auto.eu\/cs\/?s={search_term_string}"},"query-input":{"@type":"PropertyValueSpecification","valueRequired":true,"valueName":"search_term_string"}}],"inLanguage":"cs"},{"@type":"Organization","@id":"https:\/\/keys-for-auto.eu\/cs\/#organization","name":"Kl\u00ed\u010de pro auto","url":"https:\/\/keys-for-auto.eu\/cs\/","logo":{"@type":"ImageObject","inLanguage":"cs","@id":"https:\/\/keys-for-auto.eu\/cs\/#\/schema\/logo\/image\/","url":"https:\/\/keys-for-auto.eu\/wp-content\/uploads\/2022\/11\/cropped-png1.png","contentUrl":"https:\/\/keys-for-auto.eu\/wp-content\/uploads\/2022\/11\/cropped-png1.png","width":1000,"height":342,"caption":"Kl\u00ed\u010de pro auto"},"image":{"@id":"https:\/\/keys-for-auto.eu\/cs\/#\/schema\/logo\/image\/"},"sameAs":["https:\/\/www.facebook.com\/KeysForAutoEU"]}]}},"_links":{"self":[{"href":"https:\/\/keys-for-auto.eu\/cs\/wp-json\/wp\/v2\/product\/22399","targetHints":{"allow":["GET"]}}],"collection":[{"href":"https:\/\/keys-for-auto.eu\/cs\/wp-json\/wp\/v2\/product"}],"about":[{"href":"https:\/\/keys-for-auto.eu\/cs\/wp-json\/wp\/v2\/types\/product"}],"replies":[{"embeddable":true,"href":"https:\/\/keys-for-auto.eu\/cs\/wp-json\/wp\/v2\/comments?post=22399"}],"wp:featuredmedia":[{"embeddable":true,"href":"https:\/\/keys-for-auto.eu\/cs\/wp-json\/wp\/v2\/media\/21243"}],"wp:attachment":[{"href":"https:\/\/keys-for-auto.eu\/cs\/wp-json\/wp\/v2\/media?parent=22399"}],"wp:term":[{"taxonomy":"product_brand","embeddable":true,"href":"https:\/\/keys-for-auto.eu\/cs\/wp-json\/wp\/v2\/product_brand?post=22399"},{"taxonomy":"product_cat","embeddable":true,"href":"https:\/\/keys-for-auto.eu\/cs\/wp-json\/wp\/v2\/product_cat?post=22399"},{"taxonomy":"product_tag","embeddable":true,"href":"https:\/\/keys-for-auto.eu\/cs\/wp-json\/wp\/v2\/product_tag?post=22399"}],"curies":[{"name":"wp","href":"https:\/\/api.w.org\/{rel}","templated":true}]}}