{"id":22395,"date":"2017-12-03T16:02:53","date_gmt":"2017-12-03T16:02:53","guid":{"rendered":"https:\/\/keys-for-auto.eu\/product\/vyroba-klicu-pro-vozy-ford\/"},"modified":"2017-12-03T16:02:53","modified_gmt":"2017-12-03T16:02:53","slug":"key-production-for-ford-cars","status":"publish","type":"product","link":"https:\/\/keys-for-auto.eu\/cs\/product\/key-production-for-ford-cars\/","title":{"rendered":"V\u00fdroba kl\u00ed\u010d\u016f pro vozy Ford"},"content":{"rendered":"<h2>Vyr\u00e1b\u00edme a programujeme kl\u00ed\u010de pro vozy Ford.<\/h2>\n<ul>\n<li>\n<h2>V\u00fdroba kl\u00ed\u010d\u016f Ford<\/h2>\n<\/li>\n<li>\n<h2>Programov\u00e1n\u00ed kl\u00ed\u010d\u016f Ford<\/h2>\n<\/li>\n<li>\n<h2>Oprava kl\u00ed\u010de Ford<\/h2>\n<\/li>\n<li>\n<h2>Kl\u00ed\u010dov\u00e9 karoserie Ford<\/h2>\n<\/li>\n<li>\n<h2>Deaktivace kl\u00ed\u010de Ford MyKey<\/h2>\n<\/li>\n<li>\n<h2>Nouzov\u00e9 odemyk\u00e1n\u00ed voz\u016f Ford<\/h2>\n<\/li>\n<\/ul>\n<p>&nbsp;<\/p>\n<p>&nbsp;<\/p>\n<p>&nbsp;<\/p>\n","protected":false},"excerpt":{"rendered":"<h3><strong>V\u00fdroba kl\u00ed\u010d\u016f od automobil\u016f<\/strong><\/h3>\n<ul>\n<li><strong>V\u00fdroba nov\u00fdch kl\u00ed\u010d\u016f od vozu, programov\u00e1n\u00ed kl\u00ed\u010d\u016f (&#8222;sv\u00e1z\u00e1n\u00ed&#8220; s vozem)<\/strong><\/li>\n<li><strong>Odstran\u011bn\u00ed d\u0159\u00edve ztracen\u00fdch kl\u00ed\u010d\u016f z pam\u011bti vozidla<\/strong><\/li>\n<li><strong>V\u00fdroba kl\u00ed\u010de zapalov\u00e1n\u00ed podle z\u00e1mku<\/strong><\/li>\n<li><strong>Opravy kl\u00ed\u010d\u016f od automobil\u016f (v\u00fdm\u011bna tla\u010d\u00edtek, pl\u00e1\u0161\u0165\u016f, mechanism\u016f)<\/strong><\/li>\n<li><strong>Nouzov\u00e9 odemyk\u00e1n\u00ed vozu<\/strong><\/li>\n<li><strong>Obchodov\u00e1n\u00ed s kl\u00ed\u010di, pouzdry na kl\u00ed\u010de<\/strong><\/li>\n<li><strong>Vypnut\u00ed softwaru DPF \/ FAP<\/strong><\/li>\n<li><strong>Programov\u00e9 odstran\u011bn\u00ed EGR<\/strong><\/li>\n<li><strong>Deaktivace softwaru imobiliz\u00e9ru (immo Off)<\/strong><\/li>\n<li><strong>Oprava \u0159\u00eddic\u00ed jednotky motoru (ECU), klonov\u00e1n\u00ed, programov\u00e1n\u00ed<\/strong><\/li>\n<li><strong>SRS (programov\u00e1n\u00ed \u0159\u00eddic\u00ed jednotky airbagu)<\/strong><\/li>\n<\/ul>\n<h4><strong>  zbo\u017e\u00ed odesl\u00e1no do 3 pracovn\u00edch dn\u016f.*<\/strong><\/h4>\n<p>Konstrukce a princip fungov\u00e1n\u00ed z\u00e1mk\u016f automobil\u016f Ford nejsou stejn\u00e9 jako u jin\u00fdch zna\u010dek. P\u0159esto\u017ee jsou v\u0161ak tyto mechanismy velmi inovativn\u00ed, jsou pova\u017eov\u00e1ny za pon\u011bkud chab\u00e9. Boj\u00ed se ne\u010distot a z\u00e1mek i kl\u00ed\u010d se pom\u011brn\u011b rychle opot\u0159ebov\u00e1vaj\u00ed a od\u00edraj\u00ed. Pokud se tedy kl\u00ed\u010d za\u010dal h\u016f\u0159e ot\u00e1\u010det nebo se m\u00edrn\u011b zasek\u00e1v\u00e1, je nutn\u00e9 prov\u00e9st preventivn\u00ed \u00fadr\u017ebu. Preventivn\u00ed pr\u00e1ce zahrnuj\u00ed: defektoskopii mechanismu, v\u00fdrobu nov\u00fdch kl\u00ed\u010dov\u00fdch lamel nebo v\u00fdm\u011bnu opot\u0159ebovan\u00fdch kotou\u010d\u016f.<\/p>\n<p>Jak\u00e1 je slo\u017eitost vytvo\u0159en\u00ed duplik\u00e1tu kl\u00ed\u010de?<\/p>\n<p>Jedine\u010dn\u00fd profil zadn\u00ed \u010d\u00e1sti kl\u00ed\u010de, kter\u00fd se lidov\u011b naz\u00fdv\u00e1 koso\u010dtverec nebo &#8222;koruna&#8220;, je pom\u011brn\u011b obt\u00ed\u017en\u00e9 napodobit. Situace se st\u00e1v\u00e1 obzvl\u00e1\u0161t\u011b obt\u00ed\u017enou, kdy\u017e jsou hrany kl\u00ed\u010de opot\u0159ebovan\u00e9. Vhodn\u00fd duplik\u00e1t lze v tomto p\u0159\u00edpad\u011b po\u0159\u00eddit pouze ze z\u00e1mku. B\u011b\u017en\u00fdmi obr\u00e1b\u011bc\u00edmi stroji nen\u00ed mo\u017en\u00e9 vyrobit vysoce kvalitn\u00ed \u010depel kl\u00ed\u010de Ford &#8211; je zapot\u0159eb\u00ed speci\u00e1ln\u00ed za\u0159\u00edzen\u00ed. Pokud je takov\u00e9 za\u0159\u00edzen\u00ed k dispozici, obdr\u017e\u00ed z\u00e1kazn\u00edk do hodiny duplik\u00e1t kl\u00ed\u010de. K v\u00fdrob\u011b kompletn\u00edho kl\u00ed\u010de v\u0161ak nesta\u010d\u00ed pouze mechanick\u00e1 \u010d\u00e1st a je nutn\u00e9 programov\u00e1n\u00ed. Proveden\u00ed v\u0161ech \u00fakon\u016f trv\u00e1 odborn\u00edkovi obvykle 2-3 hodiny.<\/p>\n<p>Je mo\u017en\u00e9 vyrobit kl\u00ed\u010d Ford:<\/p>\n<p>bez kontejneru a elektroniky;<\/p>\n<p>na z\u00e1klad\u011b imobiliz\u00e9ru a kliky dve\u0159\u00ed;<\/p>\n<p>pokud je \u010depel kl\u00ed\u010de zlomen\u00e1 nebo siln\u011b od\u0159en\u00e1 (elektronick\u00e1 \u010d\u00e1st (\u010dip nebo deska plo\u0161n\u00fdch spoj\u016f) je ke kl\u00ed\u010di p\u0159ipojena a\u017e po v\u00fdrob\u011b nov\u00e9ho polotovaru kl\u00ed\u010de), v z\u00e1vislosti na zvolen\u00e9 p\u0159edn\u00ed \u010d\u00e1sti a konstrukci kl\u00ed\u010de;<\/p>\n<p>s \u010dipem (a p\u0159\u00edpadn\u011b d\u00e1lkov\u00fdm ovl\u00e1d\u00e1n\u00edm), kter\u00fd spust\u00ed motor a otev\u0159e dve\u0159e.<\/p>\n<p>Programov\u00e1n\u00ed je nezbytn\u00e9 pro v\u00fdrobu nov\u00fdch kl\u00ed\u010d\u016f Ford, proto\u017ee zaji\u0161\u0165uje, \u017ee v\u016fz m\u016f\u017ee reagovat na vyslan\u00fd sign\u00e1l. Za t\u00edmto \u00fa\u010delem se v\u0161echny \u00fadaje zaznamen\u00e1vaj\u00ed do imobiliz\u00e9ru prost\u0159ednictv\u00edm diagnostick\u00e9ho konektoru nebo jin\u00fdm dostupn\u00fdm zp\u016fsobem. Nap\u0159\u00edklad pro synchronizaci kl\u00ed\u010de a \u0159\u00eddic\u00edho syst\u00e9mu je t\u0159eba data kl\u00ed\u010de naskenovat.<\/p>\n","protected":false},"featured_media":20811,"comment_status":"open","ping_status":"closed","template":"","meta":[],"product_brand":[],"product_cat":[4416,5832],"product_tag":[5306,5355,5357,5359,5379,4460,5259,5290,5392,5394,5315,5267,5372,5275,5352,5296,5376,5377,5283,5378,5299,5395,5393,5374,4432,4420,4436,4425,4439,4429,4437],"class_list":{"0":"post-22395","1":"product","2":"type-product","3":"status-publish","4":"has-post-thumbnail","6":"product_cat-ford-cs","7":"product_cat-vyroba-klicu","8":"product_tag-dalkove-ovladani-ford","9":"product_tag-dalkove-ovladani-ford-fairlane","10":"product_tag-dalkove-ovladani-ford-fairmont","11":"product_tag-dalkove-ovladani-ford-falcon","12":"product_tag-dalkove-ovladani-ford-transit-connect","13":"product_tag-ford-keytransit-connect-shell-cs","14":"product_tag-klic-ford","15":"product_tag-klic-ford-c-max","16":"product_tag-klic-ford-connect","17":"product_tag-klic-ford-explorer","18":"product_tag-klic-ford-falcon","19":"product_tag-klic-ford-fiesta","20":"product_tag-klic-ford-flex","21":"product_tag-klic-ford-focus","22":"product_tag-klic-ford-fusion","23":"product_tag-klic-ford-galaxy","24":"product_tag-klic-ford-lincoln","25":"product_tag-klic-ford-mercury","26":"product_tag-klic-ford-mondeo","27":"product_tag-klic-ford-mustang","28":"product_tag-klic-ford-s-max","29":"product_tag-klic-ford-taurus","30":"product_tag-klic-ford-transit","31":"product_tag-klic-od-vozu-ford-freestyle","32":"product_tag-kryt-klice-ford","33":"product_tag-kryt-klice-ford-c-max","34":"product_tag-kryt-klice-ford-fiesta","35":"product_tag-kryt-klice-ford-focus","36":"product_tag-kryt-klice-ford-kuga","37":"product_tag-kryt-klice-ford-mondeo","38":"product_tag-kryt-klice-ford-s-max","40":"first","41":"instock","42":"shipping-taxable","43":"product-type-simple"},"yoast_head":"<!-- This site is optimized with the Yoast SEO plugin v27.3 - https:\/\/yoast.com\/product\/yoast-seo-wordpress\/ -->\n<title>V\u00fdroba kl\u00ed\u010d\u016f pro vozy Ford - Keys for auto<\/title>\n<meta name=\"robots\" content=\"index, follow, max-snippet:-1, max-image-preview:large, max-video-preview:-1\" \/>\n<link rel=\"canonical\" href=\"https:\/\/keys-for-auto.eu\/cs\/product\/key-production-for-ford-cars\/\" \/>\n<meta property=\"og:locale\" content=\"cs_CZ\" \/>\n<meta property=\"og:type\" content=\"article\" \/>\n<meta property=\"og:title\" content=\"V\u00fdroba kl\u00ed\u010d\u016f pro vozy Ford - Keys for auto\" \/>\n<meta property=\"og:description\" content=\"V\u00fdroba kl\u00ed\u010d\u016f od automobil\u016f  V\u00fdroba nov\u00fdch kl\u00ed\u010d\u016f od vozu, programov\u00e1n\u00ed kl\u00ed\u010d\u016f (&quot;sv\u00e1z\u00e1n\u00ed&quot; s vozem)  Odstran\u011bn\u00ed d\u0159\u00edve ztracen\u00fdch kl\u00ed\u010d\u016f z pam\u011bti vozidla  V\u00fdroba kl\u00ed\u010de zapalov\u00e1n\u00ed podle z\u00e1mku  Opravy kl\u00ed\u010d\u016f od automobil\u016f (v\u00fdm\u011bna tla\u010d\u00edtek, pl\u00e1\u0161\u0165\u016f, mechanism\u016f)  Nouzov\u00e9 odemyk\u00e1n\u00ed vozu  Obchodov\u00e1n\u00ed s kl\u00ed\u010di, pouzdry na kl\u00ed\u010de  Vypnut\u00ed softwaru DPF \/ FAP  Programov\u00e9 odstran\u011bn\u00ed EGR  Deaktivace softwaru imobiliz\u00e9ru (immo Off)  Oprava \u0159\u00eddic\u00ed jednotky motoru (ECU), klonov\u00e1n\u00ed, programov\u00e1n\u00ed  SRS (programov\u00e1n\u00ed \u0159\u00eddic\u00ed jednotky airbagu)  zbo\u017e\u00ed odesl\u00e1no do 3 pracovn\u00edch dn\u016f.* Konstrukce a princip fungov\u00e1n\u00ed z\u00e1mk\u016f automobil\u016f Ford nejsou stejn\u00e9 jako u jin\u00fdch zna\u010dek. P\u0159esto\u017ee jsou v\u0161ak tyto mechanismy velmi inovativn\u00ed, jsou pova\u017eov\u00e1ny za pon\u011bkud chab\u00e9. Boj\u00ed se ne\u010distot a z\u00e1mek i kl\u00ed\u010d se pom\u011brn\u011b rychle opot\u0159ebov\u00e1vaj\u00ed a od\u00edraj\u00ed. Pokud se tedy kl\u00ed\u010d za\u010dal h\u016f\u0159e ot\u00e1\u010det nebo se m\u00edrn\u011b zasek\u00e1v\u00e1, je nutn\u00e9 prov\u00e9st preventivn\u00ed \u00fadr\u017ebu. Preventivn\u00ed pr\u00e1ce zahrnuj\u00ed: defektoskopii mechanismu, v\u00fdrobu nov\u00fdch kl\u00ed\u010dov\u00fdch lamel nebo v\u00fdm\u011bnu opot\u0159ebovan\u00fdch kotou\u010d\u016f. Jak\u00e1 je slo\u017eitost vytvo\u0159en\u00ed duplik\u00e1tu kl\u00ed\u010de? Jedine\u010dn\u00fd profil zadn\u00ed \u010d\u00e1sti kl\u00ed\u010de, kter\u00fd se lidov\u011b naz\u00fdv\u00e1 koso\u010dtverec nebo &quot;koruna&quot;, je pom\u011brn\u011b obt\u00ed\u017en\u00e9 napodobit. Situace se st\u00e1v\u00e1 obzvl\u00e1\u0161t\u011b obt\u00ed\u017enou, kdy\u017e jsou hrany kl\u00ed\u010de opot\u0159ebovan\u00e9. Vhodn\u00fd duplik\u00e1t lze v tomto p\u0159\u00edpad\u011b po\u0159\u00eddit pouze ze z\u00e1mku. B\u011b\u017en\u00fdmi obr\u00e1b\u011bc\u00edmi stroji nen\u00ed mo\u017en\u00e9 vyrobit vysoce kvalitn\u00ed \u010depel kl\u00ed\u010de Ford - je zapot\u0159eb\u00ed speci\u00e1ln\u00ed za\u0159\u00edzen\u00ed. Pokud je takov\u00e9 za\u0159\u00edzen\u00ed k dispozici, obdr\u017e\u00ed z\u00e1kazn\u00edk do hodiny duplik\u00e1t kl\u00ed\u010de. K v\u00fdrob\u011b kompletn\u00edho kl\u00ed\u010de v\u0161ak nesta\u010d\u00ed pouze mechanick\u00e1 \u010d\u00e1st a je nutn\u00e9 programov\u00e1n\u00ed. Proveden\u00ed v\u0161ech \u00fakon\u016f trv\u00e1 odborn\u00edkovi obvykle 2-3 hodiny. Je mo\u017en\u00e9 vyrobit kl\u00ed\u010d Ford: bez kontejneru a elektroniky; na z\u00e1klad\u011b imobiliz\u00e9ru a kliky dve\u0159\u00ed; pokud je \u010depel kl\u00ed\u010de zlomen\u00e1 nebo siln\u011b od\u0159en\u00e1 (elektronick\u00e1 \u010d\u00e1st (\u010dip nebo deska plo\u0161n\u00fdch spoj\u016f) je ke kl\u00ed\u010di p\u0159ipojena a\u017e po v\u00fdrob\u011b nov\u00e9ho polotovaru kl\u00ed\u010de), v z\u00e1vislosti na zvolen\u00e9 p\u0159edn\u00ed \u010d\u00e1sti a konstrukci kl\u00ed\u010de; s \u010dipem (a p\u0159\u00edpadn\u011b d\u00e1lkov\u00fdm ovl\u00e1d\u00e1n\u00edm), kter\u00fd spust\u00ed motor a otev\u0159e dve\u0159e. Programov\u00e1n\u00ed je nezbytn\u00e9 pro v\u00fdrobu nov\u00fdch kl\u00ed\u010d\u016f Ford, proto\u017ee zaji\u0161\u0165uje, \u017ee v\u016fz m\u016f\u017ee reagovat na vyslan\u00fd sign\u00e1l. Za t\u00edmto \u00fa\u010delem se v\u0161echny \u00fadaje zaznamen\u00e1vaj\u00ed do imobiliz\u00e9ru prost\u0159ednictv\u00edm diagnostick\u00e9ho konektoru nebo jin\u00fdm dostupn\u00fdm zp\u016fsobem. Nap\u0159\u00edklad pro synchronizaci kl\u00ed\u010de a \u0159\u00eddic\u00edho syst\u00e9mu je t\u0159eba data kl\u00ed\u010de naskenovat.\" \/>\n<meta property=\"og:url\" content=\"https:\/\/keys-for-auto.eu\/cs\/product\/key-production-for-ford-cars\/\" \/>\n<meta property=\"og:site_name\" content=\"Keys for auto\" \/>\n<meta property=\"article:publisher\" content=\"https:\/\/www.facebook.com\/KeysForAutoEU\" \/>\n<meta property=\"og:image\" content=\"https:\/\/i0.wp.com\/keys-for-auto.eu\/wp-content\/uploads\/2022\/12\/admin-ajax-removebg-preview-1-2.png?fit=399%2C400&ssl=1\" \/>\n\t<meta property=\"og:image:width\" content=\"399\" \/>\n\t<meta property=\"og:image:height\" content=\"400\" \/>\n\t<meta property=\"og:image:type\" content=\"image\/png\" \/>\n<meta name=\"twitter:card\" content=\"summary_large_image\" \/>\n<script type=\"application\/ld+json\" class=\"yoast-schema-graph\">{\"@context\":\"https:\\\/\\\/schema.org\",\"@graph\":[{\"@type\":[\"WebPage\",\"ItemPage\"],\"@id\":\"https:\\\/\\\/keys-for-auto.eu\\\/cs\\\/product\\\/key-production-for-ford-cars\\\/\",\"url\":\"https:\\\/\\\/keys-for-auto.eu\\\/cs\\\/product\\\/key-production-for-ford-cars\\\/\",\"name\":\"V\u00fdroba kl\u00ed\u010d\u016f pro vozy Ford - Keys for auto\",\"isPartOf\":{\"@id\":\"https:\\\/\\\/keys-for-auto.eu\\\/cs\\\/#website\"},\"primaryImageOfPage\":{\"@id\":\"https:\\\/\\\/keys-for-auto.eu\\\/cs\\\/product\\\/key-production-for-ford-cars\\\/#primaryimage\"},\"image\":{\"@id\":\"https:\\\/\\\/keys-for-auto.eu\\\/cs\\\/product\\\/key-production-for-ford-cars\\\/#primaryimage\"},\"thumbnailUrl\":\"https:\\\/\\\/keys-for-auto.eu\\\/wp-content\\\/uploads\\\/2022\\\/12\\\/admin-ajax-removebg-preview-1-2.png\",\"datePublished\":\"2017-12-03T16:02:53+00:00\",\"breadcrumb\":{\"@id\":\"https:\\\/\\\/keys-for-auto.eu\\\/cs\\\/product\\\/key-production-for-ford-cars\\\/#breadcrumb\"},\"inLanguage\":\"cs\",\"potentialAction\":[{\"@type\":\"ReadAction\",\"target\":[\"https:\\\/\\\/keys-for-auto.eu\\\/cs\\\/product\\\/key-production-for-ford-cars\\\/\"]}]},{\"@type\":\"ImageObject\",\"inLanguage\":\"cs\",\"@id\":\"https:\\\/\\\/keys-for-auto.eu\\\/cs\\\/product\\\/key-production-for-ford-cars\\\/#primaryimage\",\"url\":\"https:\\\/\\\/keys-for-auto.eu\\\/wp-content\\\/uploads\\\/2022\\\/12\\\/admin-ajax-removebg-preview-1-2.png\",\"contentUrl\":\"https:\\\/\\\/keys-for-auto.eu\\\/wp-content\\\/uploads\\\/2022\\\/12\\\/admin-ajax-removebg-preview-1-2.png\",\"width\":399,\"height\":400},{\"@type\":\"BreadcrumbList\",\"@id\":\"https:\\\/\\\/keys-for-auto.eu\\\/cs\\\/product\\\/key-production-for-ford-cars\\\/#breadcrumb\",\"itemListElement\":[{\"@type\":\"ListItem\",\"position\":1,\"name\":\"Home\",\"item\":\"https:\\\/\\\/keys-for-auto.eu\\\/cs\\\/\"},{\"@type\":\"ListItem\",\"position\":2,\"name\":\"Shop\",\"item\":\"https:\\\/\\\/keys-for-auto.eu\\\/\"},{\"@type\":\"ListItem\",\"position\":3,\"name\":\"V\u00fdroba kl\u00ed\u010d\u016f pro vozy Ford\"}]},{\"@type\":\"WebSite\",\"@id\":\"https:\\\/\\\/keys-for-auto.eu\\\/cs\\\/#website\",\"url\":\"https:\\\/\\\/keys-for-auto.eu\\\/cs\\\/\",\"name\":\"Keys for auto\",\"description\":\"Car keys,  key shells, key programming\",\"publisher\":{\"@id\":\"https:\\\/\\\/keys-for-auto.eu\\\/cs\\\/#organization\"},\"potentialAction\":[{\"@type\":\"SearchAction\",\"target\":{\"@type\":\"EntryPoint\",\"urlTemplate\":\"https:\\\/\\\/keys-for-auto.eu\\\/cs\\\/?s={search_term_string}\"},\"query-input\":{\"@type\":\"PropertyValueSpecification\",\"valueRequired\":true,\"valueName\":\"search_term_string\"}}],\"inLanguage\":\"cs\"},{\"@type\":\"Organization\",\"@id\":\"https:\\\/\\\/keys-for-auto.eu\\\/cs\\\/#organization\",\"name\":\"Kl\u00ed\u010de pro auto\",\"url\":\"https:\\\/\\\/keys-for-auto.eu\\\/cs\\\/\",\"logo\":{\"@type\":\"ImageObject\",\"inLanguage\":\"cs\",\"@id\":\"https:\\\/\\\/keys-for-auto.eu\\\/cs\\\/#\\\/schema\\\/logo\\\/image\\\/\",\"url\":\"https:\\\/\\\/keys-for-auto.eu\\\/wp-content\\\/uploads\\\/2022\\\/11\\\/cropped-png1.png\",\"contentUrl\":\"https:\\\/\\\/keys-for-auto.eu\\\/wp-content\\\/uploads\\\/2022\\\/11\\\/cropped-png1.png\",\"width\":1000,\"height\":342,\"caption\":\"Kl\u00ed\u010de pro auto\"},\"image\":{\"@id\":\"https:\\\/\\\/keys-for-auto.eu\\\/cs\\\/#\\\/schema\\\/logo\\\/image\\\/\"},\"sameAs\":[\"https:\\\/\\\/www.facebook.com\\\/KeysForAutoEU\"]}]}<\/script>\n<!-- \/ Yoast SEO plugin. -->","yoast_head_json":{"title":"V\u00fdroba kl\u00ed\u010d\u016f pro vozy Ford - Keys for auto","robots":{"index":"index","follow":"follow","max-snippet":"max-snippet:-1","max-image-preview":"max-image-preview:large","max-video-preview":"max-video-preview:-1"},"canonical":"https:\/\/keys-for-auto.eu\/cs\/product\/key-production-for-ford-cars\/","og_locale":"cs_CZ","og_type":"article","og_title":"V\u00fdroba kl\u00ed\u010d\u016f pro vozy Ford - Keys for auto","og_description":"V\u00fdroba kl\u00ed\u010d\u016f od automobil\u016f  V\u00fdroba nov\u00fdch kl\u00ed\u010d\u016f od vozu, programov\u00e1n\u00ed kl\u00ed\u010d\u016f (\"sv\u00e1z\u00e1n\u00ed\" s vozem)  Odstran\u011bn\u00ed d\u0159\u00edve ztracen\u00fdch kl\u00ed\u010d\u016f z pam\u011bti vozidla  V\u00fdroba kl\u00ed\u010de zapalov\u00e1n\u00ed podle z\u00e1mku  Opravy kl\u00ed\u010d\u016f od automobil\u016f (v\u00fdm\u011bna tla\u010d\u00edtek, pl\u00e1\u0161\u0165\u016f, mechanism\u016f)  Nouzov\u00e9 odemyk\u00e1n\u00ed vozu  Obchodov\u00e1n\u00ed s kl\u00ed\u010di, pouzdry na kl\u00ed\u010de  Vypnut\u00ed softwaru DPF \/ FAP  Programov\u00e9 odstran\u011bn\u00ed EGR  Deaktivace softwaru imobiliz\u00e9ru (immo Off)  Oprava \u0159\u00eddic\u00ed jednotky motoru (ECU), klonov\u00e1n\u00ed, programov\u00e1n\u00ed  SRS (programov\u00e1n\u00ed \u0159\u00eddic\u00ed jednotky airbagu)  zbo\u017e\u00ed odesl\u00e1no do 3 pracovn\u00edch dn\u016f.* Konstrukce a princip fungov\u00e1n\u00ed z\u00e1mk\u016f automobil\u016f Ford nejsou stejn\u00e9 jako u jin\u00fdch zna\u010dek. P\u0159esto\u017ee jsou v\u0161ak tyto mechanismy velmi inovativn\u00ed, jsou pova\u017eov\u00e1ny za pon\u011bkud chab\u00e9. Boj\u00ed se ne\u010distot a z\u00e1mek i kl\u00ed\u010d se pom\u011brn\u011b rychle opot\u0159ebov\u00e1vaj\u00ed a od\u00edraj\u00ed. Pokud se tedy kl\u00ed\u010d za\u010dal h\u016f\u0159e ot\u00e1\u010det nebo se m\u00edrn\u011b zasek\u00e1v\u00e1, je nutn\u00e9 prov\u00e9st preventivn\u00ed \u00fadr\u017ebu. Preventivn\u00ed pr\u00e1ce zahrnuj\u00ed: defektoskopii mechanismu, v\u00fdrobu nov\u00fdch kl\u00ed\u010dov\u00fdch lamel nebo v\u00fdm\u011bnu opot\u0159ebovan\u00fdch kotou\u010d\u016f. Jak\u00e1 je slo\u017eitost vytvo\u0159en\u00ed duplik\u00e1tu kl\u00ed\u010de? Jedine\u010dn\u00fd profil zadn\u00ed \u010d\u00e1sti kl\u00ed\u010de, kter\u00fd se lidov\u011b naz\u00fdv\u00e1 koso\u010dtverec nebo \"koruna\", je pom\u011brn\u011b obt\u00ed\u017en\u00e9 napodobit. Situace se st\u00e1v\u00e1 obzvl\u00e1\u0161t\u011b obt\u00ed\u017enou, kdy\u017e jsou hrany kl\u00ed\u010de opot\u0159ebovan\u00e9. Vhodn\u00fd duplik\u00e1t lze v tomto p\u0159\u00edpad\u011b po\u0159\u00eddit pouze ze z\u00e1mku. B\u011b\u017en\u00fdmi obr\u00e1b\u011bc\u00edmi stroji nen\u00ed mo\u017en\u00e9 vyrobit vysoce kvalitn\u00ed \u010depel kl\u00ed\u010de Ford - je zapot\u0159eb\u00ed speci\u00e1ln\u00ed za\u0159\u00edzen\u00ed. Pokud je takov\u00e9 za\u0159\u00edzen\u00ed k dispozici, obdr\u017e\u00ed z\u00e1kazn\u00edk do hodiny duplik\u00e1t kl\u00ed\u010de. K v\u00fdrob\u011b kompletn\u00edho kl\u00ed\u010de v\u0161ak nesta\u010d\u00ed pouze mechanick\u00e1 \u010d\u00e1st a je nutn\u00e9 programov\u00e1n\u00ed. Proveden\u00ed v\u0161ech \u00fakon\u016f trv\u00e1 odborn\u00edkovi obvykle 2-3 hodiny. Je mo\u017en\u00e9 vyrobit kl\u00ed\u010d Ford: bez kontejneru a elektroniky; na z\u00e1klad\u011b imobiliz\u00e9ru a kliky dve\u0159\u00ed; pokud je \u010depel kl\u00ed\u010de zlomen\u00e1 nebo siln\u011b od\u0159en\u00e1 (elektronick\u00e1 \u010d\u00e1st (\u010dip nebo deska plo\u0161n\u00fdch spoj\u016f) je ke kl\u00ed\u010di p\u0159ipojena a\u017e po v\u00fdrob\u011b nov\u00e9ho polotovaru kl\u00ed\u010de), v z\u00e1vislosti na zvolen\u00e9 p\u0159edn\u00ed \u010d\u00e1sti a konstrukci kl\u00ed\u010de; s \u010dipem (a p\u0159\u00edpadn\u011b d\u00e1lkov\u00fdm ovl\u00e1d\u00e1n\u00edm), kter\u00fd spust\u00ed motor a otev\u0159e dve\u0159e. Programov\u00e1n\u00ed je nezbytn\u00e9 pro v\u00fdrobu nov\u00fdch kl\u00ed\u010d\u016f Ford, proto\u017ee zaji\u0161\u0165uje, \u017ee v\u016fz m\u016f\u017ee reagovat na vyslan\u00fd sign\u00e1l. Za t\u00edmto \u00fa\u010delem se v\u0161echny \u00fadaje zaznamen\u00e1vaj\u00ed do imobiliz\u00e9ru prost\u0159ednictv\u00edm diagnostick\u00e9ho konektoru nebo jin\u00fdm dostupn\u00fdm zp\u016fsobem. Nap\u0159\u00edklad pro synchronizaci kl\u00ed\u010de a \u0159\u00eddic\u00edho syst\u00e9mu je t\u0159eba data kl\u00ed\u010de naskenovat.","og_url":"https:\/\/keys-for-auto.eu\/cs\/product\/key-production-for-ford-cars\/","og_site_name":"Keys for auto","article_publisher":"https:\/\/www.facebook.com\/KeysForAutoEU","og_image":[{"width":399,"height":400,"url":"https:\/\/i0.wp.com\/keys-for-auto.eu\/wp-content\/uploads\/2022\/12\/admin-ajax-removebg-preview-1-2.png?fit=399%2C400&ssl=1","type":"image\/png"}],"twitter_card":"summary_large_image","schema":{"@context":"https:\/\/schema.org","@graph":[{"@type":["WebPage","ItemPage"],"@id":"https:\/\/keys-for-auto.eu\/cs\/product\/key-production-for-ford-cars\/","url":"https:\/\/keys-for-auto.eu\/cs\/product\/key-production-for-ford-cars\/","name":"V\u00fdroba kl\u00ed\u010d\u016f pro vozy Ford - Keys for auto","isPartOf":{"@id":"https:\/\/keys-for-auto.eu\/cs\/#website"},"primaryImageOfPage":{"@id":"https:\/\/keys-for-auto.eu\/cs\/product\/key-production-for-ford-cars\/#primaryimage"},"image":{"@id":"https:\/\/keys-for-auto.eu\/cs\/product\/key-production-for-ford-cars\/#primaryimage"},"thumbnailUrl":"https:\/\/keys-for-auto.eu\/wp-content\/uploads\/2022\/12\/admin-ajax-removebg-preview-1-2.png","datePublished":"2017-12-03T16:02:53+00:00","breadcrumb":{"@id":"https:\/\/keys-for-auto.eu\/cs\/product\/key-production-for-ford-cars\/#breadcrumb"},"inLanguage":"cs","potentialAction":[{"@type":"ReadAction","target":["https:\/\/keys-for-auto.eu\/cs\/product\/key-production-for-ford-cars\/"]}]},{"@type":"ImageObject","inLanguage":"cs","@id":"https:\/\/keys-for-auto.eu\/cs\/product\/key-production-for-ford-cars\/#primaryimage","url":"https:\/\/keys-for-auto.eu\/wp-content\/uploads\/2022\/12\/admin-ajax-removebg-preview-1-2.png","contentUrl":"https:\/\/keys-for-auto.eu\/wp-content\/uploads\/2022\/12\/admin-ajax-removebg-preview-1-2.png","width":399,"height":400},{"@type":"BreadcrumbList","@id":"https:\/\/keys-for-auto.eu\/cs\/product\/key-production-for-ford-cars\/#breadcrumb","itemListElement":[{"@type":"ListItem","position":1,"name":"Home","item":"https:\/\/keys-for-auto.eu\/cs\/"},{"@type":"ListItem","position":2,"name":"Shop","item":"https:\/\/keys-for-auto.eu\/"},{"@type":"ListItem","position":3,"name":"V\u00fdroba kl\u00ed\u010d\u016f pro vozy Ford"}]},{"@type":"WebSite","@id":"https:\/\/keys-for-auto.eu\/cs\/#website","url":"https:\/\/keys-for-auto.eu\/cs\/","name":"Keys for auto","description":"Car keys,  key shells, key programming","publisher":{"@id":"https:\/\/keys-for-auto.eu\/cs\/#organization"},"potentialAction":[{"@type":"SearchAction","target":{"@type":"EntryPoint","urlTemplate":"https:\/\/keys-for-auto.eu\/cs\/?s={search_term_string}"},"query-input":{"@type":"PropertyValueSpecification","valueRequired":true,"valueName":"search_term_string"}}],"inLanguage":"cs"},{"@type":"Organization","@id":"https:\/\/keys-for-auto.eu\/cs\/#organization","name":"Kl\u00ed\u010de pro auto","url":"https:\/\/keys-for-auto.eu\/cs\/","logo":{"@type":"ImageObject","inLanguage":"cs","@id":"https:\/\/keys-for-auto.eu\/cs\/#\/schema\/logo\/image\/","url":"https:\/\/keys-for-auto.eu\/wp-content\/uploads\/2022\/11\/cropped-png1.png","contentUrl":"https:\/\/keys-for-auto.eu\/wp-content\/uploads\/2022\/11\/cropped-png1.png","width":1000,"height":342,"caption":"Kl\u00ed\u010de pro auto"},"image":{"@id":"https:\/\/keys-for-auto.eu\/cs\/#\/schema\/logo\/image\/"},"sameAs":["https:\/\/www.facebook.com\/KeysForAutoEU"]}]}},"_links":{"self":[{"href":"https:\/\/keys-for-auto.eu\/cs\/wp-json\/wp\/v2\/product\/22395","targetHints":{"allow":["GET"]}}],"collection":[{"href":"https:\/\/keys-for-auto.eu\/cs\/wp-json\/wp\/v2\/product"}],"about":[{"href":"https:\/\/keys-for-auto.eu\/cs\/wp-json\/wp\/v2\/types\/product"}],"replies":[{"embeddable":true,"href":"https:\/\/keys-for-auto.eu\/cs\/wp-json\/wp\/v2\/comments?post=22395"}],"wp:featuredmedia":[{"embeddable":true,"href":"https:\/\/keys-for-auto.eu\/cs\/wp-json\/wp\/v2\/media\/20811"}],"wp:attachment":[{"href":"https:\/\/keys-for-auto.eu\/cs\/wp-json\/wp\/v2\/media?parent=22395"}],"wp:term":[{"taxonomy":"product_brand","embeddable":true,"href":"https:\/\/keys-for-auto.eu\/cs\/wp-json\/wp\/v2\/product_brand?post=22395"},{"taxonomy":"product_cat","embeddable":true,"href":"https:\/\/keys-for-auto.eu\/cs\/wp-json\/wp\/v2\/product_cat?post=22395"},{"taxonomy":"product_tag","embeddable":true,"href":"https:\/\/keys-for-auto.eu\/cs\/wp-json\/wp\/v2\/product_tag?post=22395"}],"curies":[{"name":"wp","href":"https:\/\/api.w.org\/{rel}","templated":true}]}}