{"id":22384,"date":"2017-11-22T19:01:17","date_gmt":"2017-11-22T19:01:17","guid":{"rendered":"https:\/\/keys-for-auto.eu\/product\/vyroba-klicu-pro-vozy-opel\/"},"modified":"2017-11-22T19:01:17","modified_gmt":"2017-11-22T19:01:17","slug":"vyroba-klicu-pro-vozy-opel","status":"publish","type":"product","link":"https:\/\/keys-for-auto.eu\/cs\/product\/vyroba-klicu-pro-vozy-opel\/","title":{"rendered":"V\u00fdroba kl\u00ed\u010d\u016f pro vozy Opel"},"content":{"rendered":"<h2>V\u00fdroba kl\u00ed\u010d\u016f Opel<\/h2>\n<p>Modern\u00ed automobily jsou vybaveny \u0159adou inteligentn\u00edch syst\u00e9m\u016f, kter\u00e9 nejen usnad\u0148uj\u00ed \u0159\u00edzen\u00ed, ale tak\u00e9 chr\u00e1n\u00ed v\u00e1\u0161 v\u016fz p\u0159ed p\u0159ejet\u00edm. Zejm\u00e9na \u0159\u00edzen\u00ed automobilu je mo\u017en\u00e9 pouze tehdy, pokud m\u00e1 osoba kl\u00ed\u010d s imobiliz\u00e9rem. Kl\u00ed\u010d obsahuje jedine\u010dn\u00fd mikro\u010dip, kter\u00fd spou\u0161t\u00ed a zamyk\u00e1 motor. To znamen\u00e1, \u017ee bez n\u011bj nebude mo\u017en\u00e9 v\u016fz nastartovat.<br \/>\nPokud takov\u00fd kl\u00ed\u010d ztrat\u00edte, je jeho obnoven\u00ed pod z\u00e1mkem pom\u011brn\u011b n\u00e1kladn\u00e1 a zdlouhav\u00e1 procedura, kterou mohou prov\u00e1d\u011bt pouze kvalifikovan\u00ed \u0159emesln\u00edci. Abyste se vyhnuli zbyte\u010dn\u00fdm n\u00e1klad\u016fm, je lep\u0161\u00ed objednat si n\u00e1hradn\u00ed kl\u00ed\u010d hned po koupi vozu. V\u00fdm\u011bna kl\u00ed\u010de Opel prob\u00edh\u00e1 ve dvou f\u00e1z\u00edch:<\/p>\n<p>V\u00fdroba mechanick\u00e9 \u010d\u00e1sti;<\/p>\n<p>programov\u00e1n\u00ed mikro\u010dipu.<\/p>\n<p>Prvn\u00ed krok nep\u0159edstavuje \u017e\u00e1dn\u00fd zvl\u00e1\u0161tn\u00ed probl\u00e9m, zat\u00edmco druh\u00fd je slo\u017eit\u011bj\u0161\u00ed. &#8222;\u0160kolen\u00ed&#8220; kl\u00ed\u010de se prov\u00e1d\u00ed pomoc\u00ed modern\u00edho diagnostick\u00e9ho za\u0159\u00edzen\u00ed, kter\u00e9 je k dispozici u na\u0161ich specialist\u016f.<\/p>\n<h2>Inteligentn\u00ed kl\u00ed\u010d<\/h2>\n<p>K\u00f3d na za\u0159\u00edzen\u00ed je jedine\u010dn\u00fd nejen pro zna\u010dku, ale tak\u00e9 pro vozidlo. P\u0159i v\u00fdrob\u011b kl\u00ed\u010de Opel se data kl\u00ed\u010de z v\u00fdroby naskenuj\u00ed po\u010d\u00edta\u010dem a pot\u00e9 se porovnaj\u00ed s informacemi obsa\u017een\u00fdmi v elektronick\u00fdch \u0159\u00eddic\u00edch jednotk\u00e1ch vozidla.<\/p>\n<p>Technik pot\u00e9 p\u0159iprav\u00ed nov\u00fd kl\u00ed\u010d pomoc\u00ed imobiliz\u00e9ru vozidla (kter\u00fd je zodpov\u011bdn\u00fd za uzam\u010den\u00ed ur\u010dit\u00e9 jednotky ve stroji v p\u0159\u00edpad\u011b pokusu o neopr\u00e1vn\u011bn\u00e9 vloup\u00e1n\u00ed). To se prov\u00e1d\u00ed za \u00fa\u010delem slad\u011bn\u00ed bezpe\u010dnostn\u00edch syst\u00e9m\u016f vozidla s odemykac\u00edm za\u0159\u00edzen\u00edm. Sou\u010dasn\u011b prob\u00edh\u00e1 lad\u011bn\u00ed d\u00e1lkov\u00e9ho ovl\u00e1d\u00e1n\u00ed dve\u0159\u00ed a zavazadlov\u00e9ho prostoru. Je p\u0159\u00edsn\u011b zak\u00e1z\u00e1no prov\u00e1d\u011bt tuto proceduru doma, proto\u017ee jak\u00e9koli skenov\u00e1n\u00ed syst\u00e9m\u016f vozu bude TP pova\u017eovat za pokus o kr\u00e1de\u017e.<\/p>\n<p>V\u00fdroba kl\u00ed\u010d\u016f Opel pro vozy t\u00e9to zna\u010dky je tedy \u00fakol, kter\u00fd lze sv\u011b\u0159it pouze zku\u0161en\u00e9mu \u0159emesln\u00edkovi. Obra\u0165te se na na\u0161e specialisty, proto\u017ee t\u00edm zaru\u010d\u00edte spr\u00e1vnou funkci nov\u00e9ho za\u0159\u00edzen\u00ed a bezpe\u010dn\u00e9 pou\u017e\u00edv\u00e1n\u00ed vozidla.<\/p>\n","protected":false},"excerpt":{"rendered":"<h2>Vyr\u00e1b\u00edme a programujeme kl\u00ed\u010de pro vozy Opel.<\/h2>\n<ul>\n<li>\n<h2>V\u00fdroba kl\u00ed\u010d\u016f Opel<\/h2>\n<\/li>\n<li>\n<h2>Programov\u00e1n\u00ed kl\u00ed\u010d\u016f Opel<\/h2>\n<\/li>\n<li>\n<h2>Oprava kl\u00ed\u010d\u016f Opel<\/h2>\n<\/li>\n<li>\n<h2>Kl\u00ed\u010dov\u00e9 karoserie Opel<\/h2>\n<\/li>\n<li>\n<h2>Nouzov\u00e9 odemyk\u00e1n\u00ed voz\u016f Opel<\/h2>\n<\/li>\n<\/ul>\n<h3><strong>V\u00fdroba kl\u00ed\u010d\u016f od automobil\u016f<\/strong><\/h3>\n<ul>\n<li><strong>V\u00fdroba nov\u00fdch kl\u00ed\u010d\u016f od vozu, programov\u00e1n\u00ed kl\u00ed\u010d\u016f (&#8222;sv\u00e1z\u00e1n\u00ed&#8220; s vozem)<\/strong><\/li>\n<li><strong>Odstran\u011bn\u00ed d\u0159\u00edve ztracen\u00fdch kl\u00ed\u010d\u016f z pam\u011bti vozidla<\/strong><\/li>\n<li><strong>V\u00fdroba kl\u00ed\u010de zapalov\u00e1n\u00ed podle z\u00e1mku<\/strong><\/li>\n<li><strong>Opravy kl\u00ed\u010d\u016f od automobil\u016f (v\u00fdm\u011bna tla\u010d\u00edtek, pl\u00e1\u0161\u0165\u016f, mechanism\u016f)<\/strong><\/li>\n<li><strong>Nouzov\u00e9 odemyk\u00e1n\u00ed vozu<\/strong><\/li>\n<li><strong>Obchodov\u00e1n\u00ed s kl\u00ed\u010di, pouzdry na kl\u00ed\u010de<\/strong><\/li>\n<li><strong>Vypnut\u00ed softwaru DPF \/ FAP<\/strong><\/li>\n<li><strong>Programov\u00e9 odstran\u011bn\u00ed EGR<\/strong><\/li>\n<li><strong>Deaktivace softwaru imobiliz\u00e9ru (immo Off)<\/strong><\/li>\n<li><strong>Oprava \u0159\u00eddic\u00ed jednotky motoru (ECU), klonov\u00e1n\u00ed, programov\u00e1n\u00ed<\/strong><\/li>\n<li><strong>SRS (programov\u00e1n\u00ed \u0159\u00eddic\u00ed jednotky airbagu)<\/strong><\/li>\n<\/ul>\n<h4><strong>  zbo\u017e\u00ed odesl\u00e1no do 3 pracovn\u00edch dn\u016f.*<\/strong><\/h4>\n","protected":false},"featured_media":21257,"comment_status":"open","ping_status":"closed","template":"","meta":[],"product_brand":[],"product_cat":[4719,5832],"product_tag":[5805,5527,5594,5529,5532,5593,5601,5530,5525,5811,4722,4791,4727,4792,4742,4793,4729,4796,4782,4734,4743,4735,4731,5585],"class_list":{"0":"post-22384","1":"product","2":"type-product","3":"status-publish","4":"has-post-thumbnail","6":"product_cat-opel-cs","7":"product_cat-vyroba-klicu","8":"product_tag-klic-k-vozu-opel-astra","9":"product_tag-klic-k-vozu-opel-corsa","10":"product_tag-klic-k-vozu-opel-insignia","11":"product_tag-klic-k-vozu-opel-meriva","12":"product_tag-klic-k-vozu-opel-tigra","13":"product_tag-klic-od-vozu-opel-vectra","14":"product_tag-klic-od-vozu-opel-zafira","15":"product_tag-klic-opel","16":"product_tag-klic-opel-combo","17":"product_tag-klic-opel-omega","18":"product_tag-kryt-klice-opel","19":"product_tag-kryt-klice-opel-agila","20":"product_tag-kryt-klice-opel-astra","21":"product_tag-kryt-klice-opel-combo-van","22":"product_tag-kryt-klice-opel-corsa","23":"product_tag-kryt-klice-opel-corsa-c","24":"product_tag-kryt-klice-opel-frontera","25":"product_tag-kryt-klice-opel-meriva","26":"product_tag-kryt-klice-opel-movano","27":"product_tag-kryt-klice-opel-omega","28":"product_tag-kryt-klice-opel-signum","29":"product_tag-kryt-klice-opel-vectra","30":"product_tag-kryt-klice-opel-zafira","31":"product_tag-opel-astra-j-klic","33":"first","34":"instock","35":"shipping-taxable","36":"product-type-simple"},"yoast_head":"<!-- This site is optimized with the Yoast SEO plugin v27.3 - https:\/\/yoast.com\/product\/yoast-seo-wordpress\/ -->\n<title>V\u00fdroba kl\u00ed\u010d\u016f pro vozy Opel - Keys for auto<\/title>\n<meta name=\"robots\" content=\"index, follow, max-snippet:-1, max-image-preview:large, max-video-preview:-1\" \/>\n<link rel=\"canonical\" href=\"https:\/\/keys-for-auto.eu\/cs\/product\/vyroba-klicu-pro-vozy-opel\/\" \/>\n<meta property=\"og:locale\" content=\"cs_CZ\" \/>\n<meta property=\"og:type\" content=\"article\" \/>\n<meta property=\"og:title\" content=\"V\u00fdroba kl\u00ed\u010d\u016f pro vozy Opel - Keys for auto\" \/>\n<meta property=\"og:description\" content=\"Vyr\u00e1b\u00edme a programujeme kl\u00ed\u010de pro vozy Opel.   V\u00fdroba kl\u00ed\u010d\u016f Opel   Programov\u00e1n\u00ed kl\u00ed\u010d\u016f Opel   Oprava kl\u00ed\u010d\u016f Opel   Kl\u00ed\u010dov\u00e9 karoserie Opel   Nouzov\u00e9 odemyk\u00e1n\u00ed voz\u016f Opel  V\u00fdroba kl\u00ed\u010d\u016f od automobil\u016f  V\u00fdroba nov\u00fdch kl\u00ed\u010d\u016f od vozu, programov\u00e1n\u00ed kl\u00ed\u010d\u016f (&quot;sv\u00e1z\u00e1n\u00ed&quot; s vozem)  Odstran\u011bn\u00ed d\u0159\u00edve ztracen\u00fdch kl\u00ed\u010d\u016f z pam\u011bti vozidla  V\u00fdroba kl\u00ed\u010de zapalov\u00e1n\u00ed podle z\u00e1mku  Opravy kl\u00ed\u010d\u016f od automobil\u016f (v\u00fdm\u011bna tla\u010d\u00edtek, pl\u00e1\u0161\u0165\u016f, mechanism\u016f)  Nouzov\u00e9 odemyk\u00e1n\u00ed vozu  Obchodov\u00e1n\u00ed s kl\u00ed\u010di, pouzdry na kl\u00ed\u010de  Vypnut\u00ed softwaru DPF \/ FAP  Programov\u00e9 odstran\u011bn\u00ed EGR  Deaktivace softwaru imobiliz\u00e9ru (immo Off)  Oprava \u0159\u00eddic\u00ed jednotky motoru (ECU), klonov\u00e1n\u00ed, programov\u00e1n\u00ed  SRS (programov\u00e1n\u00ed \u0159\u00eddic\u00ed jednotky airbagu)  zbo\u017e\u00ed odesl\u00e1no do 3 pracovn\u00edch dn\u016f.*\" \/>\n<meta property=\"og:url\" content=\"https:\/\/keys-for-auto.eu\/cs\/product\/vyroba-klicu-pro-vozy-opel\/\" \/>\n<meta property=\"og:site_name\" content=\"Keys for auto\" \/>\n<meta property=\"article:publisher\" content=\"https:\/\/www.facebook.com\/KeysForAutoEU\" \/>\n<meta property=\"og:image\" content=\"https:\/\/keys-for-auto.eu\/wp-content\/uploads\/2022\/12\/admin-ajax-removebg-preview-3.png\" \/>\n\t<meta property=\"og:image:width\" content=\"398\" \/>\n\t<meta property=\"og:image:height\" content=\"400\" \/>\n\t<meta property=\"og:image:type\" content=\"image\/png\" \/>\n<meta name=\"twitter:card\" content=\"summary_large_image\" \/>\n<meta name=\"twitter:label1\" content=\"Odhadovan\u00e1 doba \u010dten\u00ed\" \/>\n\t<meta name=\"twitter:data1\" content=\"2 minuty\" \/>\n<script type=\"application\/ld+json\" class=\"yoast-schema-graph\">{\"@context\":\"https:\\\/\\\/schema.org\",\"@graph\":[{\"@type\":[\"WebPage\",\"ItemPage\"],\"@id\":\"https:\\\/\\\/keys-for-auto.eu\\\/cs\\\/product\\\/vyroba-klicu-pro-vozy-opel\\\/\",\"url\":\"https:\\\/\\\/keys-for-auto.eu\\\/cs\\\/product\\\/vyroba-klicu-pro-vozy-opel\\\/\",\"name\":\"V\u00fdroba kl\u00ed\u010d\u016f pro vozy Opel - Keys for auto\",\"isPartOf\":{\"@id\":\"https:\\\/\\\/keys-for-auto.eu\\\/cs\\\/#website\"},\"primaryImageOfPage\":{\"@id\":\"https:\\\/\\\/keys-for-auto.eu\\\/cs\\\/product\\\/vyroba-klicu-pro-vozy-opel\\\/#primaryimage\"},\"image\":{\"@id\":\"https:\\\/\\\/keys-for-auto.eu\\\/cs\\\/product\\\/vyroba-klicu-pro-vozy-opel\\\/#primaryimage\"},\"thumbnailUrl\":\"https:\\\/\\\/keys-for-auto.eu\\\/wp-content\\\/uploads\\\/2022\\\/12\\\/admin-ajax-removebg-preview-3.png\",\"datePublished\":\"2017-11-22T19:01:17+00:00\",\"breadcrumb\":{\"@id\":\"https:\\\/\\\/keys-for-auto.eu\\\/cs\\\/product\\\/vyroba-klicu-pro-vozy-opel\\\/#breadcrumb\"},\"inLanguage\":\"cs\",\"potentialAction\":[{\"@type\":\"ReadAction\",\"target\":[\"https:\\\/\\\/keys-for-auto.eu\\\/cs\\\/product\\\/vyroba-klicu-pro-vozy-opel\\\/\"]}]},{\"@type\":\"ImageObject\",\"inLanguage\":\"cs\",\"@id\":\"https:\\\/\\\/keys-for-auto.eu\\\/cs\\\/product\\\/vyroba-klicu-pro-vozy-opel\\\/#primaryimage\",\"url\":\"https:\\\/\\\/keys-for-auto.eu\\\/wp-content\\\/uploads\\\/2022\\\/12\\\/admin-ajax-removebg-preview-3.png\",\"contentUrl\":\"https:\\\/\\\/keys-for-auto.eu\\\/wp-content\\\/uploads\\\/2022\\\/12\\\/admin-ajax-removebg-preview-3.png\",\"width\":398,\"height\":400},{\"@type\":\"BreadcrumbList\",\"@id\":\"https:\\\/\\\/keys-for-auto.eu\\\/cs\\\/product\\\/vyroba-klicu-pro-vozy-opel\\\/#breadcrumb\",\"itemListElement\":[{\"@type\":\"ListItem\",\"position\":1,\"name\":\"Home\",\"item\":\"https:\\\/\\\/keys-for-auto.eu\\\/cs\\\/\"},{\"@type\":\"ListItem\",\"position\":2,\"name\":\"Shop\",\"item\":\"https:\\\/\\\/keys-for-auto.eu\\\/\"},{\"@type\":\"ListItem\",\"position\":3,\"name\":\"V\u00fdroba kl\u00ed\u010d\u016f pro vozy Opel\"}]},{\"@type\":\"WebSite\",\"@id\":\"https:\\\/\\\/keys-for-auto.eu\\\/cs\\\/#website\",\"url\":\"https:\\\/\\\/keys-for-auto.eu\\\/cs\\\/\",\"name\":\"Keys for auto\",\"description\":\"Car keys,  key shells, key programming\",\"publisher\":{\"@id\":\"https:\\\/\\\/keys-for-auto.eu\\\/cs\\\/#organization\"},\"potentialAction\":[{\"@type\":\"SearchAction\",\"target\":{\"@type\":\"EntryPoint\",\"urlTemplate\":\"https:\\\/\\\/keys-for-auto.eu\\\/cs\\\/?s={search_term_string}\"},\"query-input\":{\"@type\":\"PropertyValueSpecification\",\"valueRequired\":true,\"valueName\":\"search_term_string\"}}],\"inLanguage\":\"cs\"},{\"@type\":\"Organization\",\"@id\":\"https:\\\/\\\/keys-for-auto.eu\\\/cs\\\/#organization\",\"name\":\"Kl\u00ed\u010de pro auto\",\"url\":\"https:\\\/\\\/keys-for-auto.eu\\\/cs\\\/\",\"logo\":{\"@type\":\"ImageObject\",\"inLanguage\":\"cs\",\"@id\":\"https:\\\/\\\/keys-for-auto.eu\\\/cs\\\/#\\\/schema\\\/logo\\\/image\\\/\",\"url\":\"https:\\\/\\\/keys-for-auto.eu\\\/wp-content\\\/uploads\\\/2022\\\/11\\\/cropped-png1.png\",\"contentUrl\":\"https:\\\/\\\/keys-for-auto.eu\\\/wp-content\\\/uploads\\\/2022\\\/11\\\/cropped-png1.png\",\"width\":1000,\"height\":342,\"caption\":\"Kl\u00ed\u010de pro auto\"},\"image\":{\"@id\":\"https:\\\/\\\/keys-for-auto.eu\\\/cs\\\/#\\\/schema\\\/logo\\\/image\\\/\"},\"sameAs\":[\"https:\\\/\\\/www.facebook.com\\\/KeysForAutoEU\"]}]}<\/script>\n<!-- \/ Yoast SEO plugin. -->","yoast_head_json":{"title":"V\u00fdroba kl\u00ed\u010d\u016f pro vozy Opel - Keys for auto","robots":{"index":"index","follow":"follow","max-snippet":"max-snippet:-1","max-image-preview":"max-image-preview:large","max-video-preview":"max-video-preview:-1"},"canonical":"https:\/\/keys-for-auto.eu\/cs\/product\/vyroba-klicu-pro-vozy-opel\/","og_locale":"cs_CZ","og_type":"article","og_title":"V\u00fdroba kl\u00ed\u010d\u016f pro vozy Opel - Keys for auto","og_description":"Vyr\u00e1b\u00edme a programujeme kl\u00ed\u010de pro vozy Opel.   V\u00fdroba kl\u00ed\u010d\u016f Opel   Programov\u00e1n\u00ed kl\u00ed\u010d\u016f Opel   Oprava kl\u00ed\u010d\u016f Opel   Kl\u00ed\u010dov\u00e9 karoserie Opel   Nouzov\u00e9 odemyk\u00e1n\u00ed voz\u016f Opel  V\u00fdroba kl\u00ed\u010d\u016f od automobil\u016f  V\u00fdroba nov\u00fdch kl\u00ed\u010d\u016f od vozu, programov\u00e1n\u00ed kl\u00ed\u010d\u016f (\"sv\u00e1z\u00e1n\u00ed\" s vozem)  Odstran\u011bn\u00ed d\u0159\u00edve ztracen\u00fdch kl\u00ed\u010d\u016f z pam\u011bti vozidla  V\u00fdroba kl\u00ed\u010de zapalov\u00e1n\u00ed podle z\u00e1mku  Opravy kl\u00ed\u010d\u016f od automobil\u016f (v\u00fdm\u011bna tla\u010d\u00edtek, pl\u00e1\u0161\u0165\u016f, mechanism\u016f)  Nouzov\u00e9 odemyk\u00e1n\u00ed vozu  Obchodov\u00e1n\u00ed s kl\u00ed\u010di, pouzdry na kl\u00ed\u010de  Vypnut\u00ed softwaru DPF \/ FAP  Programov\u00e9 odstran\u011bn\u00ed EGR  Deaktivace softwaru imobiliz\u00e9ru (immo Off)  Oprava \u0159\u00eddic\u00ed jednotky motoru (ECU), klonov\u00e1n\u00ed, programov\u00e1n\u00ed  SRS (programov\u00e1n\u00ed \u0159\u00eddic\u00ed jednotky airbagu)  zbo\u017e\u00ed odesl\u00e1no do 3 pracovn\u00edch dn\u016f.*","og_url":"https:\/\/keys-for-auto.eu\/cs\/product\/vyroba-klicu-pro-vozy-opel\/","og_site_name":"Keys for auto","article_publisher":"https:\/\/www.facebook.com\/KeysForAutoEU","og_image":[{"width":398,"height":400,"url":"https:\/\/keys-for-auto.eu\/wp-content\/uploads\/2022\/12\/admin-ajax-removebg-preview-3.png","type":"image\/png"}],"twitter_card":"summary_large_image","twitter_misc":{"Odhadovan\u00e1 doba \u010dten\u00ed":"2 minuty"},"schema":{"@context":"https:\/\/schema.org","@graph":[{"@type":["WebPage","ItemPage"],"@id":"https:\/\/keys-for-auto.eu\/cs\/product\/vyroba-klicu-pro-vozy-opel\/","url":"https:\/\/keys-for-auto.eu\/cs\/product\/vyroba-klicu-pro-vozy-opel\/","name":"V\u00fdroba kl\u00ed\u010d\u016f pro vozy Opel - Keys for auto","isPartOf":{"@id":"https:\/\/keys-for-auto.eu\/cs\/#website"},"primaryImageOfPage":{"@id":"https:\/\/keys-for-auto.eu\/cs\/product\/vyroba-klicu-pro-vozy-opel\/#primaryimage"},"image":{"@id":"https:\/\/keys-for-auto.eu\/cs\/product\/vyroba-klicu-pro-vozy-opel\/#primaryimage"},"thumbnailUrl":"https:\/\/keys-for-auto.eu\/wp-content\/uploads\/2022\/12\/admin-ajax-removebg-preview-3.png","datePublished":"2017-11-22T19:01:17+00:00","breadcrumb":{"@id":"https:\/\/keys-for-auto.eu\/cs\/product\/vyroba-klicu-pro-vozy-opel\/#breadcrumb"},"inLanguage":"cs","potentialAction":[{"@type":"ReadAction","target":["https:\/\/keys-for-auto.eu\/cs\/product\/vyroba-klicu-pro-vozy-opel\/"]}]},{"@type":"ImageObject","inLanguage":"cs","@id":"https:\/\/keys-for-auto.eu\/cs\/product\/vyroba-klicu-pro-vozy-opel\/#primaryimage","url":"https:\/\/keys-for-auto.eu\/wp-content\/uploads\/2022\/12\/admin-ajax-removebg-preview-3.png","contentUrl":"https:\/\/keys-for-auto.eu\/wp-content\/uploads\/2022\/12\/admin-ajax-removebg-preview-3.png","width":398,"height":400},{"@type":"BreadcrumbList","@id":"https:\/\/keys-for-auto.eu\/cs\/product\/vyroba-klicu-pro-vozy-opel\/#breadcrumb","itemListElement":[{"@type":"ListItem","position":1,"name":"Home","item":"https:\/\/keys-for-auto.eu\/cs\/"},{"@type":"ListItem","position":2,"name":"Shop","item":"https:\/\/keys-for-auto.eu\/"},{"@type":"ListItem","position":3,"name":"V\u00fdroba kl\u00ed\u010d\u016f pro vozy Opel"}]},{"@type":"WebSite","@id":"https:\/\/keys-for-auto.eu\/cs\/#website","url":"https:\/\/keys-for-auto.eu\/cs\/","name":"Keys for auto","description":"Car keys,  key shells, key programming","publisher":{"@id":"https:\/\/keys-for-auto.eu\/cs\/#organization"},"potentialAction":[{"@type":"SearchAction","target":{"@type":"EntryPoint","urlTemplate":"https:\/\/keys-for-auto.eu\/cs\/?s={search_term_string}"},"query-input":{"@type":"PropertyValueSpecification","valueRequired":true,"valueName":"search_term_string"}}],"inLanguage":"cs"},{"@type":"Organization","@id":"https:\/\/keys-for-auto.eu\/cs\/#organization","name":"Kl\u00ed\u010de pro auto","url":"https:\/\/keys-for-auto.eu\/cs\/","logo":{"@type":"ImageObject","inLanguage":"cs","@id":"https:\/\/keys-for-auto.eu\/cs\/#\/schema\/logo\/image\/","url":"https:\/\/keys-for-auto.eu\/wp-content\/uploads\/2022\/11\/cropped-png1.png","contentUrl":"https:\/\/keys-for-auto.eu\/wp-content\/uploads\/2022\/11\/cropped-png1.png","width":1000,"height":342,"caption":"Kl\u00ed\u010de pro auto"},"image":{"@id":"https:\/\/keys-for-auto.eu\/cs\/#\/schema\/logo\/image\/"},"sameAs":["https:\/\/www.facebook.com\/KeysForAutoEU"]}]}},"_links":{"self":[{"href":"https:\/\/keys-for-auto.eu\/cs\/wp-json\/wp\/v2\/product\/22384","targetHints":{"allow":["GET"]}}],"collection":[{"href":"https:\/\/keys-for-auto.eu\/cs\/wp-json\/wp\/v2\/product"}],"about":[{"href":"https:\/\/keys-for-auto.eu\/cs\/wp-json\/wp\/v2\/types\/product"}],"replies":[{"embeddable":true,"href":"https:\/\/keys-for-auto.eu\/cs\/wp-json\/wp\/v2\/comments?post=22384"}],"wp:featuredmedia":[{"embeddable":true,"href":"https:\/\/keys-for-auto.eu\/cs\/wp-json\/wp\/v2\/media\/21257"}],"wp:attachment":[{"href":"https:\/\/keys-for-auto.eu\/cs\/wp-json\/wp\/v2\/media?parent=22384"}],"wp:term":[{"taxonomy":"product_brand","embeddable":true,"href":"https:\/\/keys-for-auto.eu\/cs\/wp-json\/wp\/v2\/product_brand?post=22384"},{"taxonomy":"product_cat","embeddable":true,"href":"https:\/\/keys-for-auto.eu\/cs\/wp-json\/wp\/v2\/product_cat?post=22384"},{"taxonomy":"product_tag","embeddable":true,"href":"https:\/\/keys-for-auto.eu\/cs\/wp-json\/wp\/v2\/product_tag?post=22384"}],"curies":[{"name":"wp","href":"https:\/\/api.w.org\/{rel}","templated":true}]}}