{"id":22379,"date":"2017-11-29T21:12:28","date_gmt":"2017-11-29T21:12:28","guid":{"rendered":"https:\/\/keys-for-auto.eu\/product\/vyroba-klicu-pro-vozy-citroen\/"},"modified":"2017-11-29T21:12:28","modified_gmt":"2017-11-29T21:12:28","slug":"vyroba-klicu-pro-vozy-citroen","status":"publish","type":"product","link":"https:\/\/keys-for-auto.eu\/cs\/product\/vyroba-klicu-pro-vozy-citroen\/","title":{"rendered":"V\u00fdroba kl\u00ed\u010d\u016f pro vozy Citroen"},"content":{"rendered":"<h2>  Co byste m\u011bli v\u011bd\u011bt o v\u00fdrob\u011b kl\u00ed\u010d\u016f Citroen<\/h2>\n<p>V\u00fdroba kl\u00ed\u010d\u016f Citroen | Ztr\u00e1ta jedine\u010dn\u00fdch kl\u00ed\u010d\u016f od vozu Citroen je v\u017edy nep\u0159\u00edjemnou epizodou v \u017eivot\u011b \u0159idi\u010de. Zvl\u00e1\u0161t\u011b pokud se jednalo o jednor\u00e1zovou akci. V takov\u00e9m p\u0159\u00edpad\u011b je nutn\u00e9 vyrobit duplik\u00e1t, kter\u00fd bude odpov\u00eddat z\u00e1mku, co\u017e je slo\u017eit\u00fd a n\u00e1kladn\u00fd proces. Vyplat\u00ed se proto p\u0159edem se chr\u00e1nit a po\u0159\u00eddit si kopii kl\u00ed\u010de od auta.<\/p>\n<h3>Z\u00e1ruka bezpe\u010dnosti<\/h3>\n<p>T\u00e9m\u011b\u0159 v\u0161echny modern\u00ed vozy Citroen maj\u00ed sklopn\u00e9 kl\u00ed\u010de se zabudovan\u00fdm \u010dipem. Do tohoto \u010dipu je z v\u00fdroby zaps\u00e1n jedine\u010dn\u00fd k\u00f3d a stejn\u00fd k\u00f3d je zaps\u00e1n do \u0159\u00eddic\u00ed jednotky vozidla. Tento k\u00f3d se neopakuje v \u017e\u00e1dn\u00e9m jin\u00e9m voze (skupiny ani jin\u00e9 spole\u010dnosti). To je z\u00e1rukou, \u017ee k dan\u00e9mu vozu neexistuje \u017e\u00e1dn\u00fd jin\u00fd kl\u00ed\u010d.<\/p>\n<p>Slo\u017eitost v\u00fdroby n\u00e1hradn\u00ed sady spo\u010d\u00edv\u00e1 v hled\u00e1n\u00ed jedine\u010dn\u00e9ho k\u00f3dov\u00e1n\u00ed. To vy\u017eaduje speci\u00e1ln\u00ed diagnostick\u00e9 a mont\u00e1\u017en\u00ed za\u0159\u00edzen\u00ed a pomoc zku\u0161en\u00e9ho technika. Pokud k\u00f3d za\u010dnete zad\u00e1vat sami, bude to v\u016fz pova\u017eovat za pokus o vloup\u00e1n\u00ed a zablokuje sv\u00e9 syst\u00e9my (odpoj\u00ed p\u0159evodovku, volant atd.). Master zkop\u00edruje informace z odemykac\u00edho za\u0159\u00edzen\u00ed a p\u0159enese je do pr\u00e1zdn\u00e9ho \u010dipu.<\/p>\n<p>Po vlo\u017een\u00ed pot\u0159ebn\u00fdch informac\u00ed do nov\u00e9ho kl\u00ed\u010de je t\u0159eba jej naprogramovat tak, aby mohl komunikovat s vozem. Podle p\u0159\u00edru\u010dky mus\u00ed m\u00edt majitel vozu nap\u0159\u00edklad mo\u017enost d\u00e1lkov\u00e9ho p\u0159\u00edstupu k vozidlu, zavazadlov\u00e9mu prostoru, okn\u016fm, st\u0159e\u0161n\u00edmu oknu a syst\u00e9mu ovl\u00e1d\u00e1n\u00ed panoramatick\u00e9 st\u0159echy. Po aktivaci v\u0161ech pot\u0159ebn\u00fdch funkc\u00ed zb\u00fdv\u00e1 vyrobit mechanickou \u010d\u00e1st kl\u00ed\u010de. Jedn\u00e1 se o nejjednodu\u0161\u0161\u00ed krok cel\u00e9ho procesu.<\/p>\n<p>Pokud pot\u0159ebujete duplik\u00e1t kl\u00ed\u010de pro sv\u016fj v\u016fz Citroen, obra\u0165te se na n\u00e1\u0161 specializovan\u00fd servis. Pom\u016f\u017eeme v\u00e1m a zaru\u010d\u00edme spolehliv\u00fd provoz sady kl\u00ed\u010d\u016f a dlouhou \u017eivotnost v\u00fdrobk\u016f.<\/p>\n<h3>V\u00fdroba kl\u00ed\u010d\u016f Citroen<\/h3>\n<ul>\n<li>V\u00fdroba kl\u00ed\u010d\u016f Citroen C4<\/li>\n<li>V\u00fdroba kl\u00ed\u010d\u016f Citroen C5<\/li>\n<li>V\u00fdroba kl\u00ed\u010d\u016f Citroen Berlingo<\/li>\n<li>V\u00fdroba kl\u00ed\u010de Citroen Jumpy<\/li>\n<li>V\u00fdroba kl\u00ed\u010d\u016f Citroen C3<\/li>\n<li>V\u00fdroba kl\u00ed\u010d\u016f Citroen C2<\/li>\n<li>V\u00fdroba kl\u00ed\u010d\u016f Citroen C-Elysee<\/li>\n<li>V\u00fdroba kl\u00ed\u010de DS3<\/li>\n<li>V\u00fdroba kl\u00ed\u010de DS4<\/li>\n<li>V\u00fdroba kl\u00ed\u010de DS5<\/li>\n<\/ul>\n<p>a dal\u0161\u00ed&#8230;<\/p>\n","protected":false},"excerpt":{"rendered":"<h3>V\u00fdroba kl\u00ed\u010d\u016f Citroen<\/h3>\n<ul>\n<li>V\u00fdroba kl\u00ed\u010d\u016f Citroen<\/li>\n<li>Kl\u00ed\u010de Citroen<\/li>\n<li>Kuf\u0159\u00edky na kl\u00ed\u010de Citroen<\/li>\n<li>Oprava kl\u00ed\u010de Citroen<\/li>\n<li>Programov\u00e1n\u00ed kl\u00ed\u010d\u016f Citroen<\/li>\n<li>Nouzov\u00e9 odemyk\u00e1n\u00ed voz\u016f Citroen<\/li>\n<\/ul>\n<h3><strong>V\u00fdroba kl\u00ed\u010d\u016f od automobil\u016f<\/strong><\/h3>\n<ul>\n<li><strong>V\u00fdroba nov\u00fdch kl\u00ed\u010d\u016f od vozu, programov\u00e1n\u00ed kl\u00ed\u010d\u016f (&#8222;sv\u00e1z\u00e1n\u00ed&#8220; s vozem)<\/strong><\/li>\n<li><strong>Odstran\u011bn\u00ed d\u0159\u00edve ztracen\u00fdch kl\u00ed\u010d\u016f z pam\u011bti vozidla<\/strong><\/li>\n<li><strong>V\u00fdroba kl\u00ed\u010de zapalov\u00e1n\u00ed podle z\u00e1mku<\/strong><\/li>\n<li><strong>Opravy kl\u00ed\u010d\u016f od automobil\u016f (v\u00fdm\u011bna tla\u010d\u00edtek, pl\u00e1\u0161\u0165\u016f, mechanism\u016f)<\/strong><\/li>\n<li><strong>Nouzov\u00e9 odemyk\u00e1n\u00ed vozu<\/strong><\/li>\n<li><strong>Obchodov\u00e1n\u00ed s kl\u00ed\u010di, pouzdry na kl\u00ed\u010de<\/strong><\/li>\n<li><strong>Vypnut\u00ed softwaru DPF \/ FAP<\/strong><\/li>\n<li><strong>Programov\u00e9 odstran\u011bn\u00ed EGR<\/strong><\/li>\n<li><strong>Deaktivace softwaru imobiliz\u00e9ru (immo Off)<\/strong><\/li>\n<li><strong>Oprava \u0159\u00eddic\u00ed jednotky motoru (ECU), klonov\u00e1n\u00ed, programov\u00e1n\u00ed<\/strong><\/li>\n<li><strong>SRS (programov\u00e1n\u00ed \u0159\u00eddic\u00ed jednotky airbagu)<\/strong><\/li>\n<\/ul>\n<h4><strong>zbo\u017e\u00ed odesl\u00e1no do 3 pracovn\u00edch dn\u016f.*<\/strong><\/h4>\n<p>&nbsp;<\/p>\n","protected":false},"featured_media":20683,"comment_status":"open","ping_status":"closed","template":"","meta":[],"product_brand":[],"product_cat":[4328,5832],"product_tag":[5862,5868,5872,5284,5876,5293,5880,5298,5886,5300,5890,5274,5353,5356,5358,4388,4344,4351,4358,4379,4372,4385,4380,4354,4400,4359,4370,4342,4408],"class_list":{"0":"post-22379","1":"product","2":"type-product","3":"status-publish","4":"has-post-thumbnail","6":"product_cat-citroen-cs","7":"product_cat-vyroba-klicu","8":"product_tag-citroen-c2-cs","9":"product_tag-citroen-c3-cs","10":"product_tag-citroen-c4-cs","11":"product_tag-citroen-c4-klic","12":"product_tag-citroen-c5-cs","13":"product_tag-citroen-c5-klic","14":"product_tag-citroen-c6-cs","15":"product_tag-citroen-c6-klic","16":"product_tag-citroen-c8-cs","17":"product_tag-citroen-c8-klic","18":"product_tag-citroen-xsara-cs","19":"product_tag-klic-citroen","20":"product_tag-klic-k-citroenu-ds3","21":"product_tag-klic-k-citroenu-ds4","22":"product_tag-klic-k-citroenu-ds5","23":"product_tag-kryt-klice-citroen-berlingo","24":"product_tag-kryt-klice-citroen-c1","25":"product_tag-kryt-klice-citroen-c2","26":"product_tag-kryt-klice-citroen-c3","27":"product_tag-kryt-klice-citroen-c4","28":"product_tag-kryt-klice-citroen-c5","29":"product_tag-kryt-klice-citroen-c6","30":"product_tag-kryt-klice-citroen-c8","31":"product_tag-kryt-klice-citroen-evasion","32":"product_tag-kryt-klice-citroen-saxo","33":"product_tag-kryt-klice-citroen-synergie","34":"product_tag-kryt-klice-citroen-xantia","35":"product_tag-kryt-klice-citroen-xsara","36":"product_tag-kryt-klice-citroen-xsara-kryt-klice-citroen","38":"first","39":"instock","40":"shipping-taxable","41":"product-type-simple"},"yoast_head":"<!-- This site is optimized with the Yoast SEO plugin v27.6 - https:\/\/yoast.com\/product\/yoast-seo-wordpress\/ -->\n<title>V\u00fdroba kl\u00ed\u010d\u016f pro vozy Citroen - Keys for auto<\/title>\n<meta name=\"robots\" content=\"index, follow, max-snippet:-1, max-image-preview:large, max-video-preview:-1\" \/>\n<link rel=\"canonical\" href=\"https:\/\/keys-for-auto.eu\/cs\/product\/vyroba-klicu-pro-vozy-citroen\/\" \/>\n<meta property=\"og:locale\" content=\"cs_CZ\" \/>\n<meta property=\"og:type\" content=\"article\" \/>\n<meta property=\"og:title\" content=\"V\u00fdroba kl\u00ed\u010d\u016f pro vozy Citroen - Keys for auto\" \/>\n<meta property=\"og:description\" content=\"V\u00fdroba kl\u00ed\u010d\u016f Citroen  V\u00fdroba kl\u00ed\u010d\u016f Citroen  Kl\u00ed\u010de Citroen  Kuf\u0159\u00edky na kl\u00ed\u010de Citroen  Oprava kl\u00ed\u010de Citroen  Programov\u00e1n\u00ed kl\u00ed\u010d\u016f Citroen  Nouzov\u00e9 odemyk\u00e1n\u00ed voz\u016f Citroen V\u00fdroba kl\u00ed\u010d\u016f od automobil\u016f  V\u00fdroba nov\u00fdch kl\u00ed\u010d\u016f od vozu, programov\u00e1n\u00ed kl\u00ed\u010d\u016f (&quot;sv\u00e1z\u00e1n\u00ed&quot; s vozem)  Odstran\u011bn\u00ed d\u0159\u00edve ztracen\u00fdch kl\u00ed\u010d\u016f z pam\u011bti vozidla  V\u00fdroba kl\u00ed\u010de zapalov\u00e1n\u00ed podle z\u00e1mku  Opravy kl\u00ed\u010d\u016f od automobil\u016f (v\u00fdm\u011bna tla\u010d\u00edtek, pl\u00e1\u0161\u0165\u016f, mechanism\u016f)  Nouzov\u00e9 odemyk\u00e1n\u00ed vozu  Obchodov\u00e1n\u00ed s kl\u00ed\u010di, pouzdry na kl\u00ed\u010de  Vypnut\u00ed softwaru DPF \/ FAP  Programov\u00e9 odstran\u011bn\u00ed EGR  Deaktivace softwaru imobiliz\u00e9ru (immo Off)  Oprava \u0159\u00eddic\u00ed jednotky motoru (ECU), klonov\u00e1n\u00ed, programov\u00e1n\u00ed  SRS (programov\u00e1n\u00ed \u0159\u00eddic\u00ed jednotky airbagu) zbo\u017e\u00ed odesl\u00e1no do 3 pracovn\u00edch dn\u016f.* &nbsp;\" \/>\n<meta property=\"og:url\" content=\"https:\/\/keys-for-auto.eu\/cs\/product\/vyroba-klicu-pro-vozy-citroen\/\" \/>\n<meta property=\"og:site_name\" content=\"Keys for auto\" \/>\n<meta property=\"article:publisher\" content=\"https:\/\/www.facebook.com\/KeysForAutoEU\" \/>\n<meta property=\"og:image\" content=\"https:\/\/keys-for-auto.eu\/wp-content\/uploads\/2022\/12\/logo-Citroen.png\" \/>\n\t<meta property=\"og:image:width\" content=\"1075\" \/>\n\t<meta property=\"og:image:height\" content=\"830\" \/>\n\t<meta property=\"og:image:type\" content=\"image\/png\" \/>\n<meta name=\"twitter:card\" content=\"summary_large_image\" \/>\n<meta name=\"twitter:label1\" content=\"Odhadovan\u00e1 doba \u010dten\u00ed\" \/>\n\t<meta name=\"twitter:data1\" content=\"2 minuty\" \/>\n<script type=\"application\/ld+json\" class=\"yoast-schema-graph\">{\"@context\":\"https:\\\/\\\/schema.org\",\"@graph\":[{\"@type\":[\"WebPage\",\"ItemPage\"],\"@id\":\"https:\\\/\\\/keys-for-auto.eu\\\/cs\\\/product\\\/vyroba-klicu-pro-vozy-citroen\\\/\",\"url\":\"https:\\\/\\\/keys-for-auto.eu\\\/cs\\\/product\\\/vyroba-klicu-pro-vozy-citroen\\\/\",\"name\":\"V\u00fdroba kl\u00ed\u010d\u016f pro vozy Citroen - Keys for auto\",\"isPartOf\":{\"@id\":\"https:\\\/\\\/keys-for-auto.eu\\\/cs\\\/#website\"},\"primaryImageOfPage\":{\"@id\":\"https:\\\/\\\/keys-for-auto.eu\\\/cs\\\/product\\\/vyroba-klicu-pro-vozy-citroen\\\/#primaryimage\"},\"image\":{\"@id\":\"https:\\\/\\\/keys-for-auto.eu\\\/cs\\\/product\\\/vyroba-klicu-pro-vozy-citroen\\\/#primaryimage\"},\"thumbnailUrl\":\"https:\\\/\\\/keys-for-auto.eu\\\/wp-content\\\/uploads\\\/2022\\\/12\\\/logo-Citroen.png\",\"datePublished\":\"2017-11-29T21:12:28+00:00\",\"breadcrumb\":{\"@id\":\"https:\\\/\\\/keys-for-auto.eu\\\/cs\\\/product\\\/vyroba-klicu-pro-vozy-citroen\\\/#breadcrumb\"},\"inLanguage\":\"cs\",\"potentialAction\":[{\"@type\":\"ReadAction\",\"target\":[\"https:\\\/\\\/keys-for-auto.eu\\\/cs\\\/product\\\/vyroba-klicu-pro-vozy-citroen\\\/\"]}]},{\"@type\":\"ImageObject\",\"inLanguage\":\"cs\",\"@id\":\"https:\\\/\\\/keys-for-auto.eu\\\/cs\\\/product\\\/vyroba-klicu-pro-vozy-citroen\\\/#primaryimage\",\"url\":\"https:\\\/\\\/keys-for-auto.eu\\\/wp-content\\\/uploads\\\/2022\\\/12\\\/logo-Citroen.png\",\"contentUrl\":\"https:\\\/\\\/keys-for-auto.eu\\\/wp-content\\\/uploads\\\/2022\\\/12\\\/logo-Citroen.png\",\"width\":1075,\"height\":830},{\"@type\":\"BreadcrumbList\",\"@id\":\"https:\\\/\\\/keys-for-auto.eu\\\/cs\\\/product\\\/vyroba-klicu-pro-vozy-citroen\\\/#breadcrumb\",\"itemListElement\":[{\"@type\":\"ListItem\",\"position\":1,\"name\":\"Home\",\"item\":\"https:\\\/\\\/keys-for-auto.eu\\\/cs\\\/\"},{\"@type\":\"ListItem\",\"position\":2,\"name\":\"Shop\",\"item\":\"https:\\\/\\\/keys-for-auto.eu\\\/\"},{\"@type\":\"ListItem\",\"position\":3,\"name\":\"V\u00fdroba kl\u00ed\u010d\u016f pro vozy Citroen\"}]},{\"@type\":\"WebSite\",\"@id\":\"https:\\\/\\\/keys-for-auto.eu\\\/cs\\\/#website\",\"url\":\"https:\\\/\\\/keys-for-auto.eu\\\/cs\\\/\",\"name\":\"Keys for auto\",\"description\":\"Car keys,  key shells, key programming\",\"publisher\":{\"@id\":\"https:\\\/\\\/keys-for-auto.eu\\\/cs\\\/#organization\"},\"potentialAction\":[{\"@type\":\"SearchAction\",\"target\":{\"@type\":\"EntryPoint\",\"urlTemplate\":\"https:\\\/\\\/keys-for-auto.eu\\\/cs\\\/?s={search_term_string}\"},\"query-input\":{\"@type\":\"PropertyValueSpecification\",\"valueRequired\":true,\"valueName\":\"search_term_string\"}}],\"inLanguage\":\"cs\"},{\"@type\":\"Organization\",\"@id\":\"https:\\\/\\\/keys-for-auto.eu\\\/cs\\\/#organization\",\"name\":\"Kl\u00ed\u010de pro auto\",\"url\":\"https:\\\/\\\/keys-for-auto.eu\\\/cs\\\/\",\"logo\":{\"@type\":\"ImageObject\",\"inLanguage\":\"cs\",\"@id\":\"https:\\\/\\\/keys-for-auto.eu\\\/cs\\\/#\\\/schema\\\/logo\\\/image\\\/\",\"url\":\"https:\\\/\\\/keys-for-auto.eu\\\/wp-content\\\/uploads\\\/2022\\\/11\\\/cropped-png1.png\",\"contentUrl\":\"https:\\\/\\\/keys-for-auto.eu\\\/wp-content\\\/uploads\\\/2022\\\/11\\\/cropped-png1.png\",\"width\":1000,\"height\":342,\"caption\":\"Kl\u00ed\u010de pro auto\"},\"image\":{\"@id\":\"https:\\\/\\\/keys-for-auto.eu\\\/cs\\\/#\\\/schema\\\/logo\\\/image\\\/\"},\"sameAs\":[\"https:\\\/\\\/www.facebook.com\\\/KeysForAutoEU\"]}]}<\/script>\n<!-- \/ Yoast SEO plugin. -->","yoast_head_json":{"title":"V\u00fdroba kl\u00ed\u010d\u016f pro vozy Citroen - Keys for auto","robots":{"index":"index","follow":"follow","max-snippet":"max-snippet:-1","max-image-preview":"max-image-preview:large","max-video-preview":"max-video-preview:-1"},"canonical":"https:\/\/keys-for-auto.eu\/cs\/product\/vyroba-klicu-pro-vozy-citroen\/","og_locale":"cs_CZ","og_type":"article","og_title":"V\u00fdroba kl\u00ed\u010d\u016f pro vozy Citroen - Keys for auto","og_description":"V\u00fdroba kl\u00ed\u010d\u016f Citroen  V\u00fdroba kl\u00ed\u010d\u016f Citroen  Kl\u00ed\u010de Citroen  Kuf\u0159\u00edky na kl\u00ed\u010de Citroen  Oprava kl\u00ed\u010de Citroen  Programov\u00e1n\u00ed kl\u00ed\u010d\u016f Citroen  Nouzov\u00e9 odemyk\u00e1n\u00ed voz\u016f Citroen V\u00fdroba kl\u00ed\u010d\u016f od automobil\u016f  V\u00fdroba nov\u00fdch kl\u00ed\u010d\u016f od vozu, programov\u00e1n\u00ed kl\u00ed\u010d\u016f (\"sv\u00e1z\u00e1n\u00ed\" s vozem)  Odstran\u011bn\u00ed d\u0159\u00edve ztracen\u00fdch kl\u00ed\u010d\u016f z pam\u011bti vozidla  V\u00fdroba kl\u00ed\u010de zapalov\u00e1n\u00ed podle z\u00e1mku  Opravy kl\u00ed\u010d\u016f od automobil\u016f (v\u00fdm\u011bna tla\u010d\u00edtek, pl\u00e1\u0161\u0165\u016f, mechanism\u016f)  Nouzov\u00e9 odemyk\u00e1n\u00ed vozu  Obchodov\u00e1n\u00ed s kl\u00ed\u010di, pouzdry na kl\u00ed\u010de  Vypnut\u00ed softwaru DPF \/ FAP  Programov\u00e9 odstran\u011bn\u00ed EGR  Deaktivace softwaru imobiliz\u00e9ru (immo Off)  Oprava \u0159\u00eddic\u00ed jednotky motoru (ECU), klonov\u00e1n\u00ed, programov\u00e1n\u00ed  SRS (programov\u00e1n\u00ed \u0159\u00eddic\u00ed jednotky airbagu) zbo\u017e\u00ed odesl\u00e1no do 3 pracovn\u00edch dn\u016f.* &nbsp;","og_url":"https:\/\/keys-for-auto.eu\/cs\/product\/vyroba-klicu-pro-vozy-citroen\/","og_site_name":"Keys for auto","article_publisher":"https:\/\/www.facebook.com\/KeysForAutoEU","og_image":[{"width":1075,"height":830,"url":"https:\/\/keys-for-auto.eu\/wp-content\/uploads\/2022\/12\/logo-Citroen.png","type":"image\/png"}],"twitter_card":"summary_large_image","twitter_misc":{"Odhadovan\u00e1 doba \u010dten\u00ed":"2 minuty"},"schema":{"@context":"https:\/\/schema.org","@graph":[{"@type":["WebPage","ItemPage"],"@id":"https:\/\/keys-for-auto.eu\/cs\/product\/vyroba-klicu-pro-vozy-citroen\/","url":"https:\/\/keys-for-auto.eu\/cs\/product\/vyroba-klicu-pro-vozy-citroen\/","name":"V\u00fdroba kl\u00ed\u010d\u016f pro vozy Citroen - Keys for auto","isPartOf":{"@id":"https:\/\/keys-for-auto.eu\/cs\/#website"},"primaryImageOfPage":{"@id":"https:\/\/keys-for-auto.eu\/cs\/product\/vyroba-klicu-pro-vozy-citroen\/#primaryimage"},"image":{"@id":"https:\/\/keys-for-auto.eu\/cs\/product\/vyroba-klicu-pro-vozy-citroen\/#primaryimage"},"thumbnailUrl":"https:\/\/keys-for-auto.eu\/wp-content\/uploads\/2022\/12\/logo-Citroen.png","datePublished":"2017-11-29T21:12:28+00:00","breadcrumb":{"@id":"https:\/\/keys-for-auto.eu\/cs\/product\/vyroba-klicu-pro-vozy-citroen\/#breadcrumb"},"inLanguage":"cs","potentialAction":[{"@type":"ReadAction","target":["https:\/\/keys-for-auto.eu\/cs\/product\/vyroba-klicu-pro-vozy-citroen\/"]}]},{"@type":"ImageObject","inLanguage":"cs","@id":"https:\/\/keys-for-auto.eu\/cs\/product\/vyroba-klicu-pro-vozy-citroen\/#primaryimage","url":"https:\/\/keys-for-auto.eu\/wp-content\/uploads\/2022\/12\/logo-Citroen.png","contentUrl":"https:\/\/keys-for-auto.eu\/wp-content\/uploads\/2022\/12\/logo-Citroen.png","width":1075,"height":830},{"@type":"BreadcrumbList","@id":"https:\/\/keys-for-auto.eu\/cs\/product\/vyroba-klicu-pro-vozy-citroen\/#breadcrumb","itemListElement":[{"@type":"ListItem","position":1,"name":"Home","item":"https:\/\/keys-for-auto.eu\/cs\/"},{"@type":"ListItem","position":2,"name":"Shop","item":"https:\/\/keys-for-auto.eu\/"},{"@type":"ListItem","position":3,"name":"V\u00fdroba kl\u00ed\u010d\u016f pro vozy Citroen"}]},{"@type":"WebSite","@id":"https:\/\/keys-for-auto.eu\/cs\/#website","url":"https:\/\/keys-for-auto.eu\/cs\/","name":"Keys for auto","description":"Car keys,  key shells, key programming","publisher":{"@id":"https:\/\/keys-for-auto.eu\/cs\/#organization"},"potentialAction":[{"@type":"SearchAction","target":{"@type":"EntryPoint","urlTemplate":"https:\/\/keys-for-auto.eu\/cs\/?s={search_term_string}"},"query-input":{"@type":"PropertyValueSpecification","valueRequired":true,"valueName":"search_term_string"}}],"inLanguage":"cs"},{"@type":"Organization","@id":"https:\/\/keys-for-auto.eu\/cs\/#organization","name":"Kl\u00ed\u010de pro auto","url":"https:\/\/keys-for-auto.eu\/cs\/","logo":{"@type":"ImageObject","inLanguage":"cs","@id":"https:\/\/keys-for-auto.eu\/cs\/#\/schema\/logo\/image\/","url":"https:\/\/keys-for-auto.eu\/wp-content\/uploads\/2022\/11\/cropped-png1.png","contentUrl":"https:\/\/keys-for-auto.eu\/wp-content\/uploads\/2022\/11\/cropped-png1.png","width":1000,"height":342,"caption":"Kl\u00ed\u010de pro auto"},"image":{"@id":"https:\/\/keys-for-auto.eu\/cs\/#\/schema\/logo\/image\/"},"sameAs":["https:\/\/www.facebook.com\/KeysForAutoEU"]}]}},"_links":{"self":[{"href":"https:\/\/keys-for-auto.eu\/cs\/wp-json\/wp\/v2\/product\/22379","targetHints":{"allow":["GET"]}}],"collection":[{"href":"https:\/\/keys-for-auto.eu\/cs\/wp-json\/wp\/v2\/product"}],"about":[{"href":"https:\/\/keys-for-auto.eu\/cs\/wp-json\/wp\/v2\/types\/product"}],"replies":[{"embeddable":true,"href":"https:\/\/keys-for-auto.eu\/cs\/wp-json\/wp\/v2\/comments?post=22379"}],"wp:featuredmedia":[{"embeddable":true,"href":"https:\/\/keys-for-auto.eu\/cs\/wp-json\/wp\/v2\/media\/20683"}],"wp:attachment":[{"href":"https:\/\/keys-for-auto.eu\/cs\/wp-json\/wp\/v2\/media?parent=22379"}],"wp:term":[{"taxonomy":"product_brand","embeddable":true,"href":"https:\/\/keys-for-auto.eu\/cs\/wp-json\/wp\/v2\/product_brand?post=22379"},{"taxonomy":"product_cat","embeddable":true,"href":"https:\/\/keys-for-auto.eu\/cs\/wp-json\/wp\/v2\/product_cat?post=22379"},{"taxonomy":"product_tag","embeddable":true,"href":"https:\/\/keys-for-auto.eu\/cs\/wp-json\/wp\/v2\/product_tag?post=22379"}],"curies":[{"name":"wp","href":"https:\/\/api.w.org\/{rel}","templated":true}]}}