{"id":22375,"date":"2017-09-16T16:11:18","date_gmt":"2017-09-16T16:11:18","guid":{"rendered":"https:\/\/keys-for-auto.eu\/product\/vyroba-klicu-pro-vozy-kia\/"},"modified":"2017-09-16T16:11:18","modified_gmt":"2017-09-16T16:11:18","slug":"key-production-for-kia-cars","status":"publish","type":"product","link":"https:\/\/keys-for-auto.eu\/cs\/product\/key-production-for-kia-cars\/","title":{"rendered":"V\u00fdroba kl\u00ed\u010d\u016f pro vozy KIA"},"content":{"rendered":"<h2>Kl\u00ed\u010dov\u00e9 v\u00fdrobn\u00ed vlastnosti voz\u016f Kia<\/h2>\n<p>Pou\u017eit\u00ed modern\u00edch technologi\u00ed umo\u017e\u0148uje \u0159emesln\u00edk\u016fm vyrobit duplik\u00e1t kl\u00ed\u010de od auta na z\u00e1klad\u011b opot\u0159ebovan\u00e9ho origin\u00e1lu nebo z\u00e1mku. Druh\u00e1 mo\u017enost je obzvl\u00e1\u0161t\u011b d\u016fle\u017eit\u00e1, proto\u017ee umo\u017e\u0148uje vyrobit kl\u00ed\u010de od vozidla, kter\u00e9 byly ztraceny z nedbalosti nebo odcizeny. Specialista m\u016f\u017ee snadno vyrobit jednoduch\u00fd i skl\u00e1dac\u00ed nov\u00fd kl\u00ed\u010d Kia.<\/p>\n<h2>Specifika duplicitn\u00ed v\u00fdroby<\/h2>\n<p>V z\u00e1vislosti na n\u00e1ro\u010dnosti \u00fakolu, kter\u00fd je \u0159emesln\u00edkovi p\u0159edlo\u017een, m\u016f\u017ee v\u00fdroba repliky kl\u00ed\u010de Kia trvat minuty nebo hodiny. V ka\u017ed\u00e9m p\u0159\u00edpad\u011b specialista pou\u017e\u00edv\u00e1 specializovan\u00e9 vybaven\u00ed a polotovary.<\/p>\n<p>Profesion\u00e1ln\u00ed v\u00fdroba kl\u00ed\u010d\u016f prob\u00edh\u00e1 ve t\u0159ech f\u00e1z\u00edch:<\/p>\n<p>v\u00fdroba \u010depel\u00ed;<\/p>\n<p>programov\u00e1n\u00ed \u010dipu a jeho synchronizace s bezpe\u010dnostn\u00edm syst\u00e9mem;<\/p>\n<p>zad\u00e1n\u00ed nov\u00fdch \u00fadaj\u016f do ovl\u00e1dac\u00edho panelu.<\/p>\n<p>Prvn\u00ed operace se prov\u00e1d\u00ed na vysoce p\u0159esn\u00fdch CNC stroj\u00edch. Datab\u00e1ze stroje obsahuje informace o parametrech kl\u00ed\u010dov\u00fdch no\u017e\u016f pro r\u016fzn\u00e9 modely Kia. To umo\u017e\u0148uje v\u00fdrobu no\u017e\u016f s r\u016fznou hloubkou dr\u00e1\u017eky, r\u016fznou v\u00fd\u0161kou p\u0159evisu a r\u016fznou \u0161\u00ed\u0159kou dr\u00e1\u017eky. V\u00fdrobn\u00ed proces \u010depele umo\u017e\u0148uje vyrobit repliku kl\u00ed\u010de, kter\u00e1 se dokonale shoduje s neno\u0161en\u00fdm origin\u00e1lem (pokud je kl\u00ed\u010d vyroben ze vzorku).<\/p>\n<p>Programov\u00e1n\u00ed je operace, kter\u00e1 zajist\u00ed, aby vozidlo reagovalo na kl\u00ed\u010d. Za t\u00edmto \u00fa\u010delem mus\u00ed b\u00fdt v imobiliz\u00e9ru zaznamen\u00e1ny v\u0161echny pot\u0159ebn\u00e9 \u00fadaje, a to bu\u010f pomoc\u00ed diagnostick\u00e9ho konektoru, obrazu pam\u011bti, nebo p\u0159\u00edm\u00fdm kop\u00edrov\u00e1n\u00edm kl\u00ed\u010de. Pro synchronizaci \u0159\u00eddic\u00edho syst\u00e9mu s kl\u00ed\u010dem je t\u0159eba p\u0159e\u010d\u00edst software imobiliz\u00e9ru nebo naskenovat data kl\u00ed\u010de.<\/p>\n<p>Posledn\u00edm krokem programov\u00e1n\u00ed je kontrola funk\u010dnosti duplik\u00e1tu. Po v\u00fdrob\u011b duplik\u00e1tu kl\u00ed\u010de s tla\u010d\u00edtky n\u00e1sleduje posledn\u00ed f\u00e1ze programov\u00e1n\u00ed d\u00e1lkov\u00e9ho ovlada\u010de. Technik obvykle poskytuje ro\u010dn\u00ed z\u00e1ruku na v\u00fdrobek, software, &#8222;sv\u00e1z\u00e1n\u00ed&#8220; kl\u00ed\u010de s vozem a naprogramov\u00e1n\u00ed.<\/p>\n","protected":false},"excerpt":{"rendered":"<h3>Vyr\u00e1b\u00edme a programujeme kl\u00ed\u010de, elektronick\u00e9 (inteligentn\u00ed) kl\u00ed\u010de pro vozy Kia.<\/h3>\n<ul>\n<li>V\u00fdroba kl\u00ed\u010d\u016f Kia<\/li>\n<li>Programov\u00e1n\u00ed kl\u00ed\u010d\u016f Kia<\/li>\n<li>Oprava kl\u00ed\u010d\u016f Kia<\/li>\n<li>Kl\u00ed\u010dov\u00e9 p\u0159\u00edpady Kia<\/li>\n<li>V\u00fdroba kl\u00ed\u010d\u016f Kia, programov\u00e1n\u00ed<\/li>\n<li>Nouzov\u00e9 odemyk\u00e1n\u00ed voz\u016f Kia<\/li>\n<\/ul>\n<h3>Kl\u00ed\u010d pro v\u00e1\u0161 v\u016fz Kia v\u00e1m vyrob\u00edme do jedn\u00e9 hodiny.<br \/>\nV\u00fdroba kl\u00ed\u010d\u016f Kia<\/h3>\n<p>Pracujeme pouze s modern\u00edm po\u010d\u00edta\u010dov\u00fdm vybaven\u00edm, s n\u00edm\u017e vyrob\u00edme kvalitn\u00ed kl\u00ed\u010d s dlouhou \u017eivotnost\u00ed pro v\u00e1\u0161 v\u016fz Kia. Pokud m\u00e1te pouze jeden kl\u00ed\u010d nebo pokud v\u00e1\u0161 kl\u00ed\u010d od vozu Kia nestartuje v\u017edy, doporu\u010dujeme v\u00e1m zakoupit n\u00e1hradn\u00ed kl\u00ed\u010d. U\u0161et\u0159\u00edte tak \u010das i pen\u00edze.<\/p>\n<p>Vyr\u00e1b\u00edme kl\u00ed\u010de pro r\u016fzn\u00e9 modely voz\u016f Kia. M\u016f\u017ee to b\u00fdt kl\u00ed\u010d bez d\u00e1lkov\u00e9ho ovl\u00e1d\u00e1n\u00ed, kl\u00ed\u010d s d\u00e1lkov\u00fdm ovl\u00e1d\u00e1n\u00edm. Nab\u00edz\u00edme tak\u00e9 chytr\u00fd kl\u00ed\u010d (bezkl\u00ed\u010dov\u00e9 zapalov\u00e1n\u00ed s tla\u010d\u00edtkem START\/STOP).<\/p>\n<h3><strong>V\u00fdroba kl\u00ed\u010d\u016f od automobil\u016f<\/strong><\/h3>\n<ul>\n<li><strong>V\u00fdroba nov\u00fdch kl\u00ed\u010d\u016f od vozu, programov\u00e1n\u00ed kl\u00ed\u010d\u016f (&#8222;sv\u00e1z\u00e1n\u00ed&#8220; s vozem)<\/strong><\/li>\n<li><strong>Odstran\u011bn\u00ed d\u0159\u00edve ztracen\u00fdch kl\u00ed\u010d\u016f z pam\u011bti vozidla<\/strong><\/li>\n<li><strong>V\u00fdroba kl\u00ed\u010de zapalov\u00e1n\u00ed podle z\u00e1mku<\/strong><\/li>\n<li><strong>Opravy kl\u00ed\u010d\u016f od automobil\u016f (v\u00fdm\u011bna tla\u010d\u00edtek, pl\u00e1\u0161\u0165\u016f, mechanism\u016f)<\/strong><\/li>\n<li><strong>Nouzov\u00e9 odemyk\u00e1n\u00ed vozu<\/strong><\/li>\n<li><strong>Obchodov\u00e1n\u00ed s kl\u00ed\u010di, pouzdry na kl\u00ed\u010de<\/strong><\/li>\n<li><strong>Vypnut\u00ed softwaru DPF \/ FAP<\/strong><\/li>\n<li><strong>Programov\u00e9 odstran\u011bn\u00ed EGR<\/strong><\/li>\n<li><strong>Deaktivace softwaru imobiliz\u00e9ru (immo Off)<\/strong><\/li>\n<li><strong>Oprava \u0159\u00eddic\u00ed jednotky motoru (ECU), klonov\u00e1n\u00ed, programov\u00e1n\u00ed<\/strong><\/li>\n<li><strong>SRS (programov\u00e1n\u00ed \u0159\u00eddic\u00ed jednotky airbagu)<\/strong><\/li>\n<\/ul>\n<h4><strong>  zbo\u017e\u00ed odesl\u00e1no do 3 pracovn\u00edch dn\u016f.*<\/strong><\/h4>\n<p>&nbsp;<\/p>\n<p>&nbsp;<\/p>\n<p>&nbsp;<\/p>\n","protected":false},"featured_media":20881,"comment_status":"open","ping_status":"closed","template":"","meta":[],"product_brand":[],"product_cat":[4550,5832],"product_tag":[],"class_list":{"0":"post-22375","1":"product","2":"type-product","3":"status-publish","4":"has-post-thumbnail","6":"product_cat-kia-cs","7":"product_cat-vyroba-klicu","9":"first","10":"instock","11":"shipping-taxable","12":"product-type-simple"},"yoast_head":"<!-- This site is optimized with the Yoast SEO plugin v27.6 - https:\/\/yoast.com\/product\/yoast-seo-wordpress\/ -->\n<title>V\u00fdroba kl\u00ed\u010d\u016f pro vozy KIA - Keys for auto<\/title>\n<meta name=\"robots\" content=\"index, follow, max-snippet:-1, max-image-preview:large, max-video-preview:-1\" \/>\n<link rel=\"canonical\" href=\"https:\/\/keys-for-auto.eu\/cs\/product\/key-production-for-kia-cars\/\" \/>\n<meta property=\"og:locale\" content=\"cs_CZ\" \/>\n<meta property=\"og:type\" content=\"article\" \/>\n<meta property=\"og:title\" content=\"V\u00fdroba kl\u00ed\u010d\u016f pro vozy KIA - Keys for auto\" \/>\n<meta property=\"og:description\" content=\"Vyr\u00e1b\u00edme a programujeme kl\u00ed\u010de, elektronick\u00e9 (inteligentn\u00ed) kl\u00ed\u010de pro vozy Kia.  V\u00fdroba kl\u00ed\u010d\u016f Kia  Programov\u00e1n\u00ed kl\u00ed\u010d\u016f Kia  Oprava kl\u00ed\u010d\u016f Kia  Kl\u00ed\u010dov\u00e9 p\u0159\u00edpady Kia  V\u00fdroba kl\u00ed\u010d\u016f Kia, programov\u00e1n\u00ed  Nouzov\u00e9 odemyk\u00e1n\u00ed voz\u016f Kia Kl\u00ed\u010d pro v\u00e1\u0161 v\u016fz Kia v\u00e1m vyrob\u00edme do jedn\u00e9 hodiny. V\u00fdroba kl\u00ed\u010d\u016f Kia Pracujeme pouze s modern\u00edm po\u010d\u00edta\u010dov\u00fdm vybaven\u00edm, s n\u00edm\u017e vyrob\u00edme kvalitn\u00ed kl\u00ed\u010d s dlouhou \u017eivotnost\u00ed pro v\u00e1\u0161 v\u016fz Kia. Pokud m\u00e1te pouze jeden kl\u00ed\u010d nebo pokud v\u00e1\u0161 kl\u00ed\u010d od vozu Kia nestartuje v\u017edy, doporu\u010dujeme v\u00e1m zakoupit n\u00e1hradn\u00ed kl\u00ed\u010d. U\u0161et\u0159\u00edte tak \u010das i pen\u00edze. Vyr\u00e1b\u00edme kl\u00ed\u010de pro r\u016fzn\u00e9 modely voz\u016f Kia. M\u016f\u017ee to b\u00fdt kl\u00ed\u010d bez d\u00e1lkov\u00e9ho ovl\u00e1d\u00e1n\u00ed, kl\u00ed\u010d s d\u00e1lkov\u00fdm ovl\u00e1d\u00e1n\u00edm. Nab\u00edz\u00edme tak\u00e9 chytr\u00fd kl\u00ed\u010d (bezkl\u00ed\u010dov\u00e9 zapalov\u00e1n\u00ed s tla\u010d\u00edtkem START\/STOP). V\u00fdroba kl\u00ed\u010d\u016f od automobil\u016f  V\u00fdroba nov\u00fdch kl\u00ed\u010d\u016f od vozu, programov\u00e1n\u00ed kl\u00ed\u010d\u016f (&quot;sv\u00e1z\u00e1n\u00ed&quot; s vozem)  Odstran\u011bn\u00ed d\u0159\u00edve ztracen\u00fdch kl\u00ed\u010d\u016f z pam\u011bti vozidla  V\u00fdroba kl\u00ed\u010de zapalov\u00e1n\u00ed podle z\u00e1mku  Opravy kl\u00ed\u010d\u016f od automobil\u016f (v\u00fdm\u011bna tla\u010d\u00edtek, pl\u00e1\u0161\u0165\u016f, mechanism\u016f)  Nouzov\u00e9 odemyk\u00e1n\u00ed vozu  Obchodov\u00e1n\u00ed s kl\u00ed\u010di, pouzdry na kl\u00ed\u010de  Vypnut\u00ed softwaru DPF \/ FAP  Programov\u00e9 odstran\u011bn\u00ed EGR  Deaktivace softwaru imobiliz\u00e9ru (immo Off)  Oprava \u0159\u00eddic\u00ed jednotky motoru (ECU), klonov\u00e1n\u00ed, programov\u00e1n\u00ed  SRS (programov\u00e1n\u00ed \u0159\u00eddic\u00ed jednotky airbagu)  zbo\u017e\u00ed odesl\u00e1no do 3 pracovn\u00edch dn\u016f.* &nbsp; &nbsp; &nbsp;\" \/>\n<meta property=\"og:url\" content=\"https:\/\/keys-for-auto.eu\/cs\/product\/key-production-for-kia-cars\/\" \/>\n<meta property=\"og:site_name\" content=\"Keys for auto\" \/>\n<meta property=\"article:publisher\" content=\"https:\/\/www.facebook.com\/KeysForAutoEU\" \/>\n<meta property=\"og:image\" content=\"https:\/\/keys-for-auto.eu\/wp-content\/uploads\/2022\/12\/admin-ajax__2_-removebg-preview-1.png\" \/>\n\t<meta property=\"og:image:width\" content=\"400\" \/>\n\t<meta property=\"og:image:height\" content=\"371\" \/>\n\t<meta property=\"og:image:type\" content=\"image\/png\" \/>\n<meta name=\"twitter:card\" content=\"summary_large_image\" \/>\n<meta name=\"twitter:label1\" content=\"Odhadovan\u00e1 doba \u010dten\u00ed\" \/>\n\t<meta name=\"twitter:data1\" content=\"2 minuty\" \/>\n<script type=\"application\/ld+json\" class=\"yoast-schema-graph\">{\"@context\":\"https:\\\/\\\/schema.org\",\"@graph\":[{\"@type\":[\"WebPage\",\"ItemPage\"],\"@id\":\"https:\\\/\\\/keys-for-auto.eu\\\/cs\\\/product\\\/key-production-for-kia-cars\\\/\",\"url\":\"https:\\\/\\\/keys-for-auto.eu\\\/cs\\\/product\\\/key-production-for-kia-cars\\\/\",\"name\":\"V\u00fdroba kl\u00ed\u010d\u016f pro vozy KIA - Keys for auto\",\"isPartOf\":{\"@id\":\"https:\\\/\\\/keys-for-auto.eu\\\/cs\\\/#website\"},\"primaryImageOfPage\":{\"@id\":\"https:\\\/\\\/keys-for-auto.eu\\\/cs\\\/product\\\/key-production-for-kia-cars\\\/#primaryimage\"},\"image\":{\"@id\":\"https:\\\/\\\/keys-for-auto.eu\\\/cs\\\/product\\\/key-production-for-kia-cars\\\/#primaryimage\"},\"thumbnailUrl\":\"https:\\\/\\\/keys-for-auto.eu\\\/wp-content\\\/uploads\\\/2022\\\/12\\\/admin-ajax__2_-removebg-preview-1.png\",\"datePublished\":\"2017-09-16T16:11:18+00:00\",\"breadcrumb\":{\"@id\":\"https:\\\/\\\/keys-for-auto.eu\\\/cs\\\/product\\\/key-production-for-kia-cars\\\/#breadcrumb\"},\"inLanguage\":\"cs\",\"potentialAction\":[{\"@type\":\"ReadAction\",\"target\":[\"https:\\\/\\\/keys-for-auto.eu\\\/cs\\\/product\\\/key-production-for-kia-cars\\\/\"]}]},{\"@type\":\"ImageObject\",\"inLanguage\":\"cs\",\"@id\":\"https:\\\/\\\/keys-for-auto.eu\\\/cs\\\/product\\\/key-production-for-kia-cars\\\/#primaryimage\",\"url\":\"https:\\\/\\\/keys-for-auto.eu\\\/wp-content\\\/uploads\\\/2022\\\/12\\\/admin-ajax__2_-removebg-preview-1.png\",\"contentUrl\":\"https:\\\/\\\/keys-for-auto.eu\\\/wp-content\\\/uploads\\\/2022\\\/12\\\/admin-ajax__2_-removebg-preview-1.png\",\"width\":400,\"height\":371},{\"@type\":\"BreadcrumbList\",\"@id\":\"https:\\\/\\\/keys-for-auto.eu\\\/cs\\\/product\\\/key-production-for-kia-cars\\\/#breadcrumb\",\"itemListElement\":[{\"@type\":\"ListItem\",\"position\":1,\"name\":\"Home\",\"item\":\"https:\\\/\\\/keys-for-auto.eu\\\/cs\\\/\"},{\"@type\":\"ListItem\",\"position\":2,\"name\":\"Shop\",\"item\":\"https:\\\/\\\/keys-for-auto.eu\\\/\"},{\"@type\":\"ListItem\",\"position\":3,\"name\":\"V\u00fdroba kl\u00ed\u010d\u016f pro vozy KIA\"}]},{\"@type\":\"WebSite\",\"@id\":\"https:\\\/\\\/keys-for-auto.eu\\\/cs\\\/#website\",\"url\":\"https:\\\/\\\/keys-for-auto.eu\\\/cs\\\/\",\"name\":\"Keys for auto\",\"description\":\"Car keys,  key shells, key programming\",\"publisher\":{\"@id\":\"https:\\\/\\\/keys-for-auto.eu\\\/cs\\\/#organization\"},\"potentialAction\":[{\"@type\":\"SearchAction\",\"target\":{\"@type\":\"EntryPoint\",\"urlTemplate\":\"https:\\\/\\\/keys-for-auto.eu\\\/cs\\\/?s={search_term_string}\"},\"query-input\":{\"@type\":\"PropertyValueSpecification\",\"valueRequired\":true,\"valueName\":\"search_term_string\"}}],\"inLanguage\":\"cs\"},{\"@type\":\"Organization\",\"@id\":\"https:\\\/\\\/keys-for-auto.eu\\\/cs\\\/#organization\",\"name\":\"Kl\u00ed\u010de pro auto\",\"url\":\"https:\\\/\\\/keys-for-auto.eu\\\/cs\\\/\",\"logo\":{\"@type\":\"ImageObject\",\"inLanguage\":\"cs\",\"@id\":\"https:\\\/\\\/keys-for-auto.eu\\\/cs\\\/#\\\/schema\\\/logo\\\/image\\\/\",\"url\":\"https:\\\/\\\/keys-for-auto.eu\\\/wp-content\\\/uploads\\\/2022\\\/11\\\/cropped-png1.png\",\"contentUrl\":\"https:\\\/\\\/keys-for-auto.eu\\\/wp-content\\\/uploads\\\/2022\\\/11\\\/cropped-png1.png\",\"width\":1000,\"height\":342,\"caption\":\"Kl\u00ed\u010de pro auto\"},\"image\":{\"@id\":\"https:\\\/\\\/keys-for-auto.eu\\\/cs\\\/#\\\/schema\\\/logo\\\/image\\\/\"},\"sameAs\":[\"https:\\\/\\\/www.facebook.com\\\/KeysForAutoEU\"]}]}<\/script>\n<!-- \/ Yoast SEO plugin. -->","yoast_head_json":{"title":"V\u00fdroba kl\u00ed\u010d\u016f pro vozy KIA - Keys for auto","robots":{"index":"index","follow":"follow","max-snippet":"max-snippet:-1","max-image-preview":"max-image-preview:large","max-video-preview":"max-video-preview:-1"},"canonical":"https:\/\/keys-for-auto.eu\/cs\/product\/key-production-for-kia-cars\/","og_locale":"cs_CZ","og_type":"article","og_title":"V\u00fdroba kl\u00ed\u010d\u016f pro vozy KIA - Keys for auto","og_description":"Vyr\u00e1b\u00edme a programujeme kl\u00ed\u010de, elektronick\u00e9 (inteligentn\u00ed) kl\u00ed\u010de pro vozy Kia.  V\u00fdroba kl\u00ed\u010d\u016f Kia  Programov\u00e1n\u00ed kl\u00ed\u010d\u016f Kia  Oprava kl\u00ed\u010d\u016f Kia  Kl\u00ed\u010dov\u00e9 p\u0159\u00edpady Kia  V\u00fdroba kl\u00ed\u010d\u016f Kia, programov\u00e1n\u00ed  Nouzov\u00e9 odemyk\u00e1n\u00ed voz\u016f Kia Kl\u00ed\u010d pro v\u00e1\u0161 v\u016fz Kia v\u00e1m vyrob\u00edme do jedn\u00e9 hodiny. V\u00fdroba kl\u00ed\u010d\u016f Kia Pracujeme pouze s modern\u00edm po\u010d\u00edta\u010dov\u00fdm vybaven\u00edm, s n\u00edm\u017e vyrob\u00edme kvalitn\u00ed kl\u00ed\u010d s dlouhou \u017eivotnost\u00ed pro v\u00e1\u0161 v\u016fz Kia. Pokud m\u00e1te pouze jeden kl\u00ed\u010d nebo pokud v\u00e1\u0161 kl\u00ed\u010d od vozu Kia nestartuje v\u017edy, doporu\u010dujeme v\u00e1m zakoupit n\u00e1hradn\u00ed kl\u00ed\u010d. U\u0161et\u0159\u00edte tak \u010das i pen\u00edze. Vyr\u00e1b\u00edme kl\u00ed\u010de pro r\u016fzn\u00e9 modely voz\u016f Kia. M\u016f\u017ee to b\u00fdt kl\u00ed\u010d bez d\u00e1lkov\u00e9ho ovl\u00e1d\u00e1n\u00ed, kl\u00ed\u010d s d\u00e1lkov\u00fdm ovl\u00e1d\u00e1n\u00edm. Nab\u00edz\u00edme tak\u00e9 chytr\u00fd kl\u00ed\u010d (bezkl\u00ed\u010dov\u00e9 zapalov\u00e1n\u00ed s tla\u010d\u00edtkem START\/STOP). V\u00fdroba kl\u00ed\u010d\u016f od automobil\u016f  V\u00fdroba nov\u00fdch kl\u00ed\u010d\u016f od vozu, programov\u00e1n\u00ed kl\u00ed\u010d\u016f (\"sv\u00e1z\u00e1n\u00ed\" s vozem)  Odstran\u011bn\u00ed d\u0159\u00edve ztracen\u00fdch kl\u00ed\u010d\u016f z pam\u011bti vozidla  V\u00fdroba kl\u00ed\u010de zapalov\u00e1n\u00ed podle z\u00e1mku  Opravy kl\u00ed\u010d\u016f od automobil\u016f (v\u00fdm\u011bna tla\u010d\u00edtek, pl\u00e1\u0161\u0165\u016f, mechanism\u016f)  Nouzov\u00e9 odemyk\u00e1n\u00ed vozu  Obchodov\u00e1n\u00ed s kl\u00ed\u010di, pouzdry na kl\u00ed\u010de  Vypnut\u00ed softwaru DPF \/ FAP  Programov\u00e9 odstran\u011bn\u00ed EGR  Deaktivace softwaru imobiliz\u00e9ru (immo Off)  Oprava \u0159\u00eddic\u00ed jednotky motoru (ECU), klonov\u00e1n\u00ed, programov\u00e1n\u00ed  SRS (programov\u00e1n\u00ed \u0159\u00eddic\u00ed jednotky airbagu)  zbo\u017e\u00ed odesl\u00e1no do 3 pracovn\u00edch dn\u016f.* &nbsp; &nbsp; &nbsp;","og_url":"https:\/\/keys-for-auto.eu\/cs\/product\/key-production-for-kia-cars\/","og_site_name":"Keys for auto","article_publisher":"https:\/\/www.facebook.com\/KeysForAutoEU","og_image":[{"width":400,"height":371,"url":"https:\/\/keys-for-auto.eu\/wp-content\/uploads\/2022\/12\/admin-ajax__2_-removebg-preview-1.png","type":"image\/png"}],"twitter_card":"summary_large_image","twitter_misc":{"Odhadovan\u00e1 doba \u010dten\u00ed":"2 minuty"},"schema":{"@context":"https:\/\/schema.org","@graph":[{"@type":["WebPage","ItemPage"],"@id":"https:\/\/keys-for-auto.eu\/cs\/product\/key-production-for-kia-cars\/","url":"https:\/\/keys-for-auto.eu\/cs\/product\/key-production-for-kia-cars\/","name":"V\u00fdroba kl\u00ed\u010d\u016f pro vozy KIA - Keys for auto","isPartOf":{"@id":"https:\/\/keys-for-auto.eu\/cs\/#website"},"primaryImageOfPage":{"@id":"https:\/\/keys-for-auto.eu\/cs\/product\/key-production-for-kia-cars\/#primaryimage"},"image":{"@id":"https:\/\/keys-for-auto.eu\/cs\/product\/key-production-for-kia-cars\/#primaryimage"},"thumbnailUrl":"https:\/\/keys-for-auto.eu\/wp-content\/uploads\/2022\/12\/admin-ajax__2_-removebg-preview-1.png","datePublished":"2017-09-16T16:11:18+00:00","breadcrumb":{"@id":"https:\/\/keys-for-auto.eu\/cs\/product\/key-production-for-kia-cars\/#breadcrumb"},"inLanguage":"cs","potentialAction":[{"@type":"ReadAction","target":["https:\/\/keys-for-auto.eu\/cs\/product\/key-production-for-kia-cars\/"]}]},{"@type":"ImageObject","inLanguage":"cs","@id":"https:\/\/keys-for-auto.eu\/cs\/product\/key-production-for-kia-cars\/#primaryimage","url":"https:\/\/keys-for-auto.eu\/wp-content\/uploads\/2022\/12\/admin-ajax__2_-removebg-preview-1.png","contentUrl":"https:\/\/keys-for-auto.eu\/wp-content\/uploads\/2022\/12\/admin-ajax__2_-removebg-preview-1.png","width":400,"height":371},{"@type":"BreadcrumbList","@id":"https:\/\/keys-for-auto.eu\/cs\/product\/key-production-for-kia-cars\/#breadcrumb","itemListElement":[{"@type":"ListItem","position":1,"name":"Home","item":"https:\/\/keys-for-auto.eu\/cs\/"},{"@type":"ListItem","position":2,"name":"Shop","item":"https:\/\/keys-for-auto.eu\/"},{"@type":"ListItem","position":3,"name":"V\u00fdroba kl\u00ed\u010d\u016f pro vozy KIA"}]},{"@type":"WebSite","@id":"https:\/\/keys-for-auto.eu\/cs\/#website","url":"https:\/\/keys-for-auto.eu\/cs\/","name":"Keys for auto","description":"Car keys,  key shells, key programming","publisher":{"@id":"https:\/\/keys-for-auto.eu\/cs\/#organization"},"potentialAction":[{"@type":"SearchAction","target":{"@type":"EntryPoint","urlTemplate":"https:\/\/keys-for-auto.eu\/cs\/?s={search_term_string}"},"query-input":{"@type":"PropertyValueSpecification","valueRequired":true,"valueName":"search_term_string"}}],"inLanguage":"cs"},{"@type":"Organization","@id":"https:\/\/keys-for-auto.eu\/cs\/#organization","name":"Kl\u00ed\u010de pro auto","url":"https:\/\/keys-for-auto.eu\/cs\/","logo":{"@type":"ImageObject","inLanguage":"cs","@id":"https:\/\/keys-for-auto.eu\/cs\/#\/schema\/logo\/image\/","url":"https:\/\/keys-for-auto.eu\/wp-content\/uploads\/2022\/11\/cropped-png1.png","contentUrl":"https:\/\/keys-for-auto.eu\/wp-content\/uploads\/2022\/11\/cropped-png1.png","width":1000,"height":342,"caption":"Kl\u00ed\u010de pro auto"},"image":{"@id":"https:\/\/keys-for-auto.eu\/cs\/#\/schema\/logo\/image\/"},"sameAs":["https:\/\/www.facebook.com\/KeysForAutoEU"]}]}},"_links":{"self":[{"href":"https:\/\/keys-for-auto.eu\/cs\/wp-json\/wp\/v2\/product\/22375","targetHints":{"allow":["GET"]}}],"collection":[{"href":"https:\/\/keys-for-auto.eu\/cs\/wp-json\/wp\/v2\/product"}],"about":[{"href":"https:\/\/keys-for-auto.eu\/cs\/wp-json\/wp\/v2\/types\/product"}],"replies":[{"embeddable":true,"href":"https:\/\/keys-for-auto.eu\/cs\/wp-json\/wp\/v2\/comments?post=22375"}],"wp:featuredmedia":[{"embeddable":true,"href":"https:\/\/keys-for-auto.eu\/cs\/wp-json\/wp\/v2\/media\/20881"}],"wp:attachment":[{"href":"https:\/\/keys-for-auto.eu\/cs\/wp-json\/wp\/v2\/media?parent=22375"}],"wp:term":[{"taxonomy":"product_brand","embeddable":true,"href":"https:\/\/keys-for-auto.eu\/cs\/wp-json\/wp\/v2\/product_brand?post=22375"},{"taxonomy":"product_cat","embeddable":true,"href":"https:\/\/keys-for-auto.eu\/cs\/wp-json\/wp\/v2\/product_cat?post=22375"},{"taxonomy":"product_tag","embeddable":true,"href":"https:\/\/keys-for-auto.eu\/cs\/wp-json\/wp\/v2\/product_tag?post=22375"}],"curies":[{"name":"wp","href":"https:\/\/api.w.org\/{rel}","templated":true}]}}