{"id":22353,"date":"2017-03-11T22:18:18","date_gmt":"2017-03-11T22:18:18","guid":{"rendered":"https:\/\/keys-for-auto.eu\/product\/oprava-klice-od-auta\/"},"modified":"2017-03-11T22:18:18","modified_gmt":"2017-03-11T22:18:18","slug":"oprava-autoklicu","status":"publish","type":"product","link":"https:\/\/keys-for-auto.eu\/cs\/product\/oprava-autoklicu\/","title":{"rendered":"Oprava kl\u00ed\u010de od auta"},"content":{"rendered":"<h1>Kl\u00ed\u010dov\u00e9 opravy<\/h1>\n<h2><strong>  Hlavn\u00ed probl\u00e9my s kl\u00ed\u010di od auta, kter\u00e9 vy\u017eaduj\u00ed opravu:<\/strong><\/h2>\n<ul>\n<li>Tla\u010d\u00edtka opot\u0159ebovan\u00e1, po\u0161kozen\u00e1, ztracen\u00e1 nebo p\u0159estala fungovat<\/li>\n<li>Nefunk\u010dn\u00ed nebo po\u0161kozen\u00fd mechanismus vysouv\u00e1n\u00ed ost\u0159\u00ed<\/li>\n<li>Pracovn\u00ed \u010d\u00e1st kl\u00ed\u010de je opot\u0159ebovan\u00e1, ohnut\u00e1 nebo po\u0161kozen\u00e1.<\/li>\n<li>Opot\u0159ebovan\u00e9 nebo mechanicky po\u0161kozen\u00e9 t\u011blo kl\u00ed\u010de<\/li>\n<li>V\u016fz p\u0159estal reagovat na povely kl\u00ed\u010dku nebo kontrolka nesv\u00edt\u00ed.<\/li>\n<li>Kl\u00ed\u010d byl upu\u0161t\u011bn, vystaven vod\u011b, teplot\u011b, z\u00e1\u0159en\u00ed atd.<\/li>\n<\/ul>\n<p>Oprava kl\u00ed\u010de v zapalov\u00e1n\u00ed je postup, kter\u00fd m\u016f\u017ee b\u00fdt n\u011bkdy sporn\u00fd, zejm\u00e9na pokud je kl\u00ed\u010d s \u010dipem jednoduch\u00fd a levn\u00fd. Jde o to, \u017ee t\u00e9m\u011b\u0159 v\u0161echny modern\u00ed kl\u00ed\u010de od auta jsou vybaveny \u010dipy imobiliz\u00e9ru.<\/p>\n<p><img loading=\"lazy\" decoding=\"async\" class=\"aligncenter wp-image-2129\" title=\"rakt\u0173 remontas\" src=\"https:\/\/raktai-automobiliams.lt\/wp-content\/uploads\/2017\/03\/rakt%C5%B3-remontas.jpg\" alt=\"rakt\u0173 remontas\" width=\"630\" height=\"448\"><\/p>\n<p>P\u0159edstavme si, \u017ee pot\u0159ebujeme opravit kl\u00ed\u010d od zapalov\u00e1n\u00ed, proto\u017ee ten p\u0159edchoz\u00ed se opot\u0159eboval a nefunguje spr\u00e1vn\u011b v z\u00e1mku nebo se \u00fapln\u011b zlomil. Po v\u00fdrob\u011b nov\u00e9ho kl\u00ed\u010de a zhotoven\u00ed n\u00e1stroje je t\u0159eba do nov\u00e9ho kl\u00ed\u010de vlo\u017eit \u010dip z p\u016fvodn\u00edho kl\u00ed\u010de. Probl\u00e9mem v\u0161ak je, \u017ee origin\u00e1ln\u00ed kl\u00ed\u010de jsou \u010dasto nezni\u010diteln\u00e9, tj. \u010dip je um\u00edst\u011bn v plastov\u00e9m dr\u017eadle kl\u00ed\u010de a nelze jej demontovat. M\u016f\u017eeme pouze opatrn\u011b od\u0159\u00edznout rukoje\u0165, pokud je to mo\u017en\u00e9, a doufat, \u017ee se p\u0159i tom nepo\u0161kod\u00ed \u010dip.<br \/>\nV p\u0159\u00edpad\u011b opravy kl\u00ed\u010denky, kter\u00e1 je vybavena deskou plo\u0161n\u00fdch spoj\u016f a tla\u010d\u00edtky d\u00e1lkov\u00e9ho ovl\u00e1d\u00e1n\u00ed, se v\u0161ak pole p\u016fsobnosti roz\u0161i\u0159uje a jsou mo\u017en\u00e9 r\u016fzn\u00e9 varianty opravy.<\/p>\n<p><em>Pat\u0159\u00ed mezi n\u011b diagnostika a kontrola kl\u00ed\u010dov\u00fdch<\/em><\/p>\n<h2>V\u00fdm\u011bna pouzdra na kl\u00ed\u010de<br \/>\n<img loading=\"lazy\" decoding=\"async\" class=\"wp-image-2130 aligncenter\" src=\"https:\/\/raktai-automobiliams.lt\/wp-content\/uploads\/2017\/03\/rakto-korpuso-keitimas.jpg\" alt=\"\" width=\"598\" height=\"595\"><\/h2>\n<p>V n\u011bkter\u00fdch p\u0159\u00edpadech oprava kl\u00ed\u010dku zapalov\u00e1n\u00ed znamen\u00e1 v\u00fdm\u011bnu tla\u010d\u00edtek.<\/p>\n<p><img loading=\"lazy\" decoding=\"async\" class=\"alignnone wp-image-2131\" src=\"https:\/\/raktai-automobiliams.lt\/wp-content\/uploads\/2017\/03\/u%C5%BEvedimo-rakto-remontas.jpg\" alt=\"\" width=\"557\" height=\"465\"><\/p>\n<p>Oprava kl\u00ed\u010de v zapalov\u00e1n\u00ed je tak\u00e9 jednou z mo\u017enost\u00ed, pokud jsou n\u00e1klady na nov\u00fd kl\u00ed\u010d dostate\u010dn\u011b vysok\u00e9. Nap\u0159\u00edklad oprava kl\u00ed\u010de Mercedes ML<\/p>\n<p><img loading=\"lazy\" decoding=\"async\" class=\"alignnone wp-image-2132\" src=\"https:\/\/raktai-automobiliams.lt\/wp-content\/uploads\/2017\/03\/U%C5%BEvedimo-rakto-remontas-2.jpg\" alt=\"\" width=\"552\" height=\"461\"><\/p>\n<p>Byla vyrobena a vy\u0159\u00edznuta nov\u00e1 \u010depel kl\u00ed\u010de a C.U. V\u00fdsledkem je, \u017ee kl\u00ed\u010di byl navr\u00e1cen jeho norm\u00e1ln\u00ed vzhled, m\u016f\u017ee b\u00fdt pln\u011b vyu\u017e\u00edv\u00e1n a nen\u00ed mu trapn\u00e9 ho na ve\u0159ejnosti vynd\u00e1vat.<br \/>\nTento typ opravy kl\u00ed\u010d\u016f pat\u0159\u00ed do samostatn\u00e9 kategorie, proto\u017ee se jedn\u00e1 o opravu skl\u00e1dac\u00edch kl\u00ed\u010d\u016f. Smysl m\u00e1 tak\u00e9 oprava elektronick\u00fdch kl\u00ed\u010d\u016f do zapalov\u00e1n\u00ed Mercedes &#8211; tzv. rybi\u010dkov\u00fdch kl\u00ed\u010d\u016f Mercedes. Samotn\u00fd kl\u00ed\u010d \u010dasto funguje, ale pouzdro je rozbit\u00e9, chyb\u00ed tla\u010d\u00edtka atd.<\/p>\n<p><img loading=\"lazy\" decoding=\"async\" class=\"alignnone wp-image-2133\" src=\"https:\/\/raktai-automobiliams.lt\/wp-content\/uploads\/2017\/03\/korpusu-keitimas.jpg\" alt=\"\" width=\"551\" height=\"306\"><\/p>\n<p>V takov\u00e9m p\u0159\u00edpad\u011b je mo\u017en\u00e9 vyrobit nov\u00fd elektronick\u00fd kl\u00ed\u010d a naprogramovat jej pro Mercedes nebo jednodu\u0161e vym\u011bnit t\u011blo kl\u00ed\u010de. M\u016f\u017eeme tak\u00e9 opravit elektronickou \u010d\u00e1st\/kl\u00e1vesnici. Kdy\u017e vozidlo p\u0159estane startovat kl\u00ed\u010dkem a\/nebo p\u0159estanou fungovat tla\u010d\u00edtka.<\/p>\n<h2>V\u00fdchoz\u00ed karty<\/h2>\n<p>Na vozy Reno (Renault) se oprava kl\u00ed\u010dku v zapalov\u00e1n\u00ed nevztahuje. Zvl\u00e1\u0161t\u011b kdy\u017e je kl\u00ed\u010d nahrazen \u010dipovou kartou, kter\u00e1 je tak\u00e9 n\u00e1chyln\u00e1 k po\u0161kozen\u00ed.<\/p>\n<p><img loading=\"lazy\" decoding=\"async\" class=\"alignnone wp-image-2134\" src=\"https:\/\/raktai-automobiliams.lt\/wp-content\/uploads\/2017\/03\/rakt%C5%B3-remontas-renault.jpg\" alt=\"\" width=\"561\" height=\"345\"><\/p>\n<p>V\u00fdm\u011bna a oprava kl\u00ed\u010denek pat\u0159\u00ed k obl\u00edben\u00fdm slu\u017eb\u00e1m. Modern\u00ed kl\u00ed\u010de od zapalov\u00e1n\u00ed automobil\u016f jsou vybaveny tla\u010d\u00edtky d\u00e1lkov\u00e9ho ovl\u00e1d\u00e1n\u00ed C3 (\u0426\u0417). Jak zn\u00e1mo, v\u0161e, co se h\u00fdbe, ma\u010dk\u00e1 atd., je n\u00e1chyln\u00e9 k opot\u0159eben\u00ed a po\u0161kozen\u00ed, v\u010detn\u011b rozbit\u00fdch tla\u010d\u00edtek kl\u00ed\u010d\u016f od auta.<\/p>\n<p><img loading=\"lazy\" decoding=\"async\" class=\"alignnone wp-image-2135\" src=\"https:\/\/raktai-automobiliams.lt\/wp-content\/uploads\/2017\/03\/Rakt%C5%B3-mygtuk%C5%B3-keitimas.jpg\" alt=\"\" width=\"559\" height=\"338\"><\/p>\n<p>Samotn\u00e1 vysouvac\u00ed kl\u00e1vesa a tla\u010d\u00edtka se mohou na kl\u00e1ves\u00e1ch zlomit.<\/p>\n<p>P\u0159i oprav\u011b kl\u00ed\u010d\u016f od auta \u010dasto nesta\u010d\u00ed pouze vym\u011bnit t\u011blo kl\u00ed\u010de a \u010depel. Ve v\u00edce ne\u017e 50 % p\u0159\u00edpad\u016f se nejprve stisknou a rozbij\u00ed tla\u010d\u00edtka na t\u011ble kl\u00ed\u010de a pot\u00e9 se rozbij\u00ed nebo ztrat\u00ed tla\u010d\u00edtka na samotn\u00e9 desti\u010dce.<br \/>\nTo znamen\u00e1, \u017ee kl\u00ed\u010d a \u0161t\u00edtek z\u016fst\u00e1vaj\u00ed funk\u010dn\u00ed a nepo\u0161kozen\u00e9, ale proto\u017ee se tla\u010d\u00edtko na kl\u00ed\u010di zlomilo nebo ztratilo, nen\u00ed ji\u017e mo\u017en\u00e9 d\u00e1lkov\u011b ovl\u00e1dat centr\u00e1ln\u00ed zamyk\u00e1n\u00ed vozidla.<br \/>\nV tomto p\u0159\u00edpad\u011b existuj\u00ed dv\u011b mo\u017enosti:<\/p>\n<ul>\n<li>Vytvo\u0159en\u00ed a naprogramov\u00e1n\u00ed nov\u00e9ho kl\u00ed\u010de<\/li>\n<li>Oprava st\u00e1vaj\u00edc\u00edho kl\u00ed\u010de &#8211; oprava, p\u0159ep\u00e1jen\u00ed a v\u00fdm\u011bna tla\u010d\u00edtek zapalov\u00e1n\u00ed<\/li>\n<\/ul>\n<p><img loading=\"lazy\" decoding=\"async\" class=\"alignnone wp-image-2131\" src=\"https:\/\/raktai-automobiliams.lt\/wp-content\/uploads\/2017\/03\/u%C5%BEvedimo-rakto-remontas.jpg\" alt=\"\" width=\"552\" height=\"461\"><\/p>\n<p>V na\u0161\u00ed d\u00edln\u011b m\u00e1me tla\u010d\u00edtkov\u00e9 kl\u00ed\u010de do zapalov\u00e1n\u00ed p\u0159esn\u011b pro druhou mo\u017enost, samoz\u0159ejm\u011b ne pro v\u0161echny, ale pro mnoho model\u016f automobil\u016f.<\/p>\n<p><img loading=\"lazy\" decoding=\"async\" class=\"alignnone wp-image-2135\" src=\"https:\/\/raktai-automobiliams.lt\/wp-content\/uploads\/2017\/03\/Rakt%C5%B3-mygtuk%C5%B3-keitimas.jpg\" alt=\"\" width=\"554\" height=\"335\"><\/p>\n<p>Bylo by ov\u0161em chybou myslet si, \u017ee oprava kl\u00ed\u010d\u016f v\u00fdm\u011bnou tla\u010d\u00edtek je velmi levn\u00e1. Ne, nen\u00ed to tak levn\u00e9, jak by se mohlo zd\u00e1t, ale st\u00e1le je to 2-3kr\u00e1t levn\u011bj\u0161\u00ed nebo i v\u00edce ne\u017e v\u00fdroba a programov\u00e1n\u00ed nov\u00e9ho kl\u00ed\u010de.<\/p>\n<p>&nbsp;<\/p>\n<hr>\n<h4><\/h4>\n<p>&nbsp;<\/p>\n<hr>\n<p>&nbsp;<\/p>\n","protected":false},"excerpt":{"rendered":"<p>Oprava autokl\u00ed\u010de je dnes velmi obl\u00edbenou slu\u017ebou. Modern\u00ed kl\u00ed\u010d od auta je multifunk\u010dn\u00ed n\u00e1stroj, kter\u00fd slou\u017e\u00ed nejen k nastartov\u00e1n\u00ed vozu. Je vybaven d\u00e1lkov\u00fdm ovl\u00e1d\u00e1n\u00edm pro autoalarm, dve\u0159e a otev\u00edr\u00e1n\u00ed\/zav\u00edr\u00e1n\u00ed kufru. Sou\u010d\u00e1st\u00ed je tak\u00e9 imobiliz\u00e9r pro dodate\u010dnou ochranu proti odcizen\u00ed vozu. V\u0161e v mal\u00e9m pouzd\u0159e na kl\u00ed\u010de od auta.<\/p>\n<h3><strong>V\u00fdroba kl\u00ed\u010d\u016f od automobil\u016f<\/strong><\/h3>\n<ul>\n<li><strong>V\u00fdroba nov\u00fdch kl\u00ed\u010d\u016f od vozu, programov\u00e1n\u00ed kl\u00ed\u010d\u016f (&#8222;sv\u00e1z\u00e1n\u00ed&#8220; s vozem)<\/strong><\/li>\n<li><strong>Odstran\u011bn\u00ed d\u0159\u00edve ztracen\u00fdch kl\u00ed\u010d\u016f z pam\u011bti vozidla<\/strong><\/li>\n<li><strong>V\u00fdroba kl\u00ed\u010de zapalov\u00e1n\u00ed podle z\u00e1mku<\/strong><\/li>\n<li><strong>Opravy kl\u00ed\u010d\u016f od automobil\u016f (v\u00fdm\u011bna tla\u010d\u00edtek, pl\u00e1\u0161\u0165\u016f, mechanism\u016f)<\/strong><\/li>\n<li><strong>Nouzov\u00e9 odemyk\u00e1n\u00ed vozu<\/strong><\/li>\n<li><strong>Obchodov\u00e1n\u00ed s kl\u00ed\u010di, pouzdry na kl\u00ed\u010de<\/strong><\/li>\n<li><strong>Vypnut\u00ed softwaru DPF \/ FAP<\/strong><\/li>\n<li><strong>Programov\u00e9 odstran\u011bn\u00ed EGR<\/strong><\/li>\n<li><strong>Deaktivace softwaru imobiliz\u00e9ru (immo Off)<\/strong><\/li>\n<li><strong>Oprava \u0159\u00eddic\u00ed jednotky motoru (ECU), klonov\u00e1n\u00ed, programov\u00e1n\u00ed<\/strong><\/li>\n<li><strong>SRS (programov\u00e1n\u00ed \u0159\u00eddic\u00ed jednotky airbagu)<\/strong><\/li>\n<\/ul>\n<h4><strong>  zbo\u017e\u00ed odesl\u00e1no do 3 pracovn\u00edch dn\u016f.*<\/strong><\/h4>\n","protected":false},"featured_media":20481,"comment_status":"open","ping_status":"closed","template":"","meta":[],"product_brand":[],"product_cat":[4154,4205,4151,4314,5305,4297,4331,4328,4335,4416,4421,4473,4513,4561,4523,4350,4550,4611,4149,4524,4551,4558,4644,4662,4718,4719,4821,5617,4817,4780,4531,4955,4956,4958,4707,4158,5017,5073,5042,4959,5110,5832],"product_tag":[5833],"class_list":{"0":"post-22353","1":"product","2":"type-product","3":"status-publish","4":"has-post-thumbnail","6":"product_cat-alfa-romeo-cs","7":"product_cat-audi-cs","8":"product_cat-bmw-cs","9":"product_cat-buick-cs","10":"product_cat-cadillac-cs","11":"product_cat-chevrolet-cs","12":"product_cat-chrysler-cs","13":"product_cat-citroen-cs","14":"product_cat-fiat-cs","15":"product_cat-ford-cs","16":"product_cat-honda-cs","17":"product_cat-hyundai-cs","18":"product_cat-infiniti-cs","19":"product_cat-iveco-cs","20":"product_cat-jaguar-cs","21":"product_cat-jeep-cs","22":"product_cat-kia-cs","23":"product_cat-klice-dalkoveho-ovladani","24":"product_cat-klicove-skorapky-cs","25":"product_cat-land-rover-cs","26":"product_cat-lexus-cs","27":"product_cat-mazda-cs","28":"product_cat-mercedes-benz-cs","29":"product_cat-mitsubishi-cs","30":"product_cat-nissan-cs","31":"product_cat-opel-cs","32":"product_cat-peugeot-cs","33":"product_cat-pontiac-cs","34":"product_cat-porsche-cs","35":"product_cat-renault-cs","36":"product_cat-rover-cs","37":"product_cat-saab-cs","38":"product_cat-seat-cs","39":"product_cat-skoda-cs","40":"product_cat-smart-cs","41":"product_cat-ssangyong-cs","42":"product_cat-subaru-cs","43":"product_cat-suzuki-cs","44":"product_cat-toyota-cs","45":"product_cat-volkswagen-cs","46":"product_cat-volvo-cs","47":"product_cat-vyroba-klicu","48":"product_tag-oprava-klicu-od-auta","50":"first","51":"instock","52":"shipping-taxable","53":"purchasable","54":"product-type-simple"},"yoast_head":"<!-- This site is optimized with the Yoast SEO plugin v27.5 - https:\/\/yoast.com\/product\/yoast-seo-wordpress\/ -->\n<title>Oprava kl\u00ed\u010de od auta - Keys for auto<\/title>\n<meta name=\"robots\" content=\"index, follow, max-snippet:-1, max-image-preview:large, max-video-preview:-1\" \/>\n<link rel=\"canonical\" href=\"https:\/\/keys-for-auto.eu\/cs\/product\/oprava-autoklicu\/\" \/>\n<meta property=\"og:locale\" content=\"cs_CZ\" \/>\n<meta property=\"og:type\" content=\"article\" \/>\n<meta property=\"og:title\" content=\"Oprava kl\u00ed\u010de od auta - Keys for auto\" \/>\n<meta property=\"og:description\" content=\"Oprava autokl\u00ed\u010de je dnes velmi obl\u00edbenou slu\u017ebou. Modern\u00ed kl\u00ed\u010d od auta je multifunk\u010dn\u00ed n\u00e1stroj, kter\u00fd slou\u017e\u00ed nejen k nastartov\u00e1n\u00ed vozu. Je vybaven d\u00e1lkov\u00fdm ovl\u00e1d\u00e1n\u00edm pro autoalarm, dve\u0159e a otev\u00edr\u00e1n\u00ed\/zav\u00edr\u00e1n\u00ed kufru. Sou\u010d\u00e1st\u00ed je tak\u00e9 imobiliz\u00e9r pro dodate\u010dnou ochranu proti odcizen\u00ed vozu. V\u0161e v mal\u00e9m pouzd\u0159e na kl\u00ed\u010de od auta. V\u00fdroba kl\u00ed\u010d\u016f od automobil\u016f  V\u00fdroba nov\u00fdch kl\u00ed\u010d\u016f od vozu, programov\u00e1n\u00ed kl\u00ed\u010d\u016f (&quot;sv\u00e1z\u00e1n\u00ed&quot; s vozem)  Odstran\u011bn\u00ed d\u0159\u00edve ztracen\u00fdch kl\u00ed\u010d\u016f z pam\u011bti vozidla  V\u00fdroba kl\u00ed\u010de zapalov\u00e1n\u00ed podle z\u00e1mku  Opravy kl\u00ed\u010d\u016f od automobil\u016f (v\u00fdm\u011bna tla\u010d\u00edtek, pl\u00e1\u0161\u0165\u016f, mechanism\u016f)  Nouzov\u00e9 odemyk\u00e1n\u00ed vozu  Obchodov\u00e1n\u00ed s kl\u00ed\u010di, pouzdry na kl\u00ed\u010de  Vypnut\u00ed softwaru DPF \/ FAP  Programov\u00e9 odstran\u011bn\u00ed EGR  Deaktivace softwaru imobiliz\u00e9ru (immo Off)  Oprava \u0159\u00eddic\u00ed jednotky motoru (ECU), klonov\u00e1n\u00ed, programov\u00e1n\u00ed  SRS (programov\u00e1n\u00ed \u0159\u00eddic\u00ed jednotky airbagu)  zbo\u017e\u00ed odesl\u00e1no do 3 pracovn\u00edch dn\u016f.*\" \/>\n<meta property=\"og:url\" content=\"https:\/\/keys-for-auto.eu\/cs\/product\/oprava-autoklicu\/\" \/>\n<meta property=\"og:site_name\" content=\"Keys for auto\" \/>\n<meta property=\"article:publisher\" content=\"https:\/\/www.facebook.com\/KeysForAutoEU\" \/>\n<meta property=\"og:image\" content=\"https:\/\/keys-for-auto.eu\/wp-content\/uploads\/2022\/12\/Raktu-remontas-pulteliu-remontas.jpg\" \/>\n\t<meta property=\"og:image:width\" content=\"850\" \/>\n\t<meta property=\"og:image:height\" content=\"460\" \/>\n\t<meta property=\"og:image:type\" content=\"image\/jpeg\" \/>\n<meta name=\"twitter:card\" content=\"summary_large_image\" \/>\n<meta name=\"twitter:label1\" content=\"Odhadovan\u00e1 doba \u010dten\u00ed\" \/>\n\t<meta name=\"twitter:data1\" content=\"4 minuty\" \/>\n<script type=\"application\/ld+json\" class=\"yoast-schema-graph\">{\"@context\":\"https:\\\/\\\/schema.org\",\"@graph\":[{\"@type\":[\"WebPage\",\"ItemPage\"],\"@id\":\"https:\\\/\\\/keys-for-auto.eu\\\/cs\\\/product\\\/oprava-autoklicu\\\/\",\"url\":\"https:\\\/\\\/keys-for-auto.eu\\\/cs\\\/product\\\/oprava-autoklicu\\\/\",\"name\":\"Oprava kl\u00ed\u010de od auta - Keys for auto\",\"isPartOf\":{\"@id\":\"https:\\\/\\\/keys-for-auto.eu\\\/cs\\\/#website\"},\"primaryImageOfPage\":{\"@id\":\"https:\\\/\\\/keys-for-auto.eu\\\/cs\\\/product\\\/oprava-autoklicu\\\/#primaryimage\"},\"image\":{\"@id\":\"https:\\\/\\\/keys-for-auto.eu\\\/cs\\\/product\\\/oprava-autoklicu\\\/#primaryimage\"},\"thumbnailUrl\":\"https:\\\/\\\/keys-for-auto.eu\\\/wp-content\\\/uploads\\\/2022\\\/12\\\/Raktu-remontas-pulteliu-remontas.jpg\",\"datePublished\":\"2017-03-11T22:18:18+00:00\",\"breadcrumb\":{\"@id\":\"https:\\\/\\\/keys-for-auto.eu\\\/cs\\\/product\\\/oprava-autoklicu\\\/#breadcrumb\"},\"inLanguage\":\"cs\",\"potentialAction\":[{\"@type\":\"ReadAction\",\"target\":[\"https:\\\/\\\/keys-for-auto.eu\\\/cs\\\/product\\\/oprava-autoklicu\\\/\"]}]},{\"@type\":\"ImageObject\",\"inLanguage\":\"cs\",\"@id\":\"https:\\\/\\\/keys-for-auto.eu\\\/cs\\\/product\\\/oprava-autoklicu\\\/#primaryimage\",\"url\":\"https:\\\/\\\/keys-for-auto.eu\\\/wp-content\\\/uploads\\\/2022\\\/12\\\/Raktu-remontas-pulteliu-remontas.jpg\",\"contentUrl\":\"https:\\\/\\\/keys-for-auto.eu\\\/wp-content\\\/uploads\\\/2022\\\/12\\\/Raktu-remontas-pulteliu-remontas.jpg\",\"width\":850,\"height\":460},{\"@type\":\"BreadcrumbList\",\"@id\":\"https:\\\/\\\/keys-for-auto.eu\\\/cs\\\/product\\\/oprava-autoklicu\\\/#breadcrumb\",\"itemListElement\":[{\"@type\":\"ListItem\",\"position\":1,\"name\":\"Home\",\"item\":\"https:\\\/\\\/keys-for-auto.eu\\\/cs\\\/\"},{\"@type\":\"ListItem\",\"position\":2,\"name\":\"Shop\",\"item\":\"https:\\\/\\\/keys-for-auto.eu\\\/\"},{\"@type\":\"ListItem\",\"position\":3,\"name\":\"Oprava kl\u00ed\u010de od auta\"}]},{\"@type\":\"WebSite\",\"@id\":\"https:\\\/\\\/keys-for-auto.eu\\\/cs\\\/#website\",\"url\":\"https:\\\/\\\/keys-for-auto.eu\\\/cs\\\/\",\"name\":\"Keys for auto\",\"description\":\"Car keys,  key shells, key programming\",\"publisher\":{\"@id\":\"https:\\\/\\\/keys-for-auto.eu\\\/cs\\\/#organization\"},\"potentialAction\":[{\"@type\":\"SearchAction\",\"target\":{\"@type\":\"EntryPoint\",\"urlTemplate\":\"https:\\\/\\\/keys-for-auto.eu\\\/cs\\\/?s={search_term_string}\"},\"query-input\":{\"@type\":\"PropertyValueSpecification\",\"valueRequired\":true,\"valueName\":\"search_term_string\"}}],\"inLanguage\":\"cs\"},{\"@type\":\"Organization\",\"@id\":\"https:\\\/\\\/keys-for-auto.eu\\\/cs\\\/#organization\",\"name\":\"Kl\u00ed\u010de pro auto\",\"url\":\"https:\\\/\\\/keys-for-auto.eu\\\/cs\\\/\",\"logo\":{\"@type\":\"ImageObject\",\"inLanguage\":\"cs\",\"@id\":\"https:\\\/\\\/keys-for-auto.eu\\\/cs\\\/#\\\/schema\\\/logo\\\/image\\\/\",\"url\":\"https:\\\/\\\/keys-for-auto.eu\\\/wp-content\\\/uploads\\\/2022\\\/11\\\/cropped-png1.png\",\"contentUrl\":\"https:\\\/\\\/keys-for-auto.eu\\\/wp-content\\\/uploads\\\/2022\\\/11\\\/cropped-png1.png\",\"width\":1000,\"height\":342,\"caption\":\"Kl\u00ed\u010de pro auto\"},\"image\":{\"@id\":\"https:\\\/\\\/keys-for-auto.eu\\\/cs\\\/#\\\/schema\\\/logo\\\/image\\\/\"},\"sameAs\":[\"https:\\\/\\\/www.facebook.com\\\/KeysForAutoEU\"]}]}<\/script>\n<!-- \/ Yoast SEO plugin. -->","yoast_head_json":{"title":"Oprava kl\u00ed\u010de od auta - Keys for auto","robots":{"index":"index","follow":"follow","max-snippet":"max-snippet:-1","max-image-preview":"max-image-preview:large","max-video-preview":"max-video-preview:-1"},"canonical":"https:\/\/keys-for-auto.eu\/cs\/product\/oprava-autoklicu\/","og_locale":"cs_CZ","og_type":"article","og_title":"Oprava kl\u00ed\u010de od auta - Keys for auto","og_description":"Oprava autokl\u00ed\u010de je dnes velmi obl\u00edbenou slu\u017ebou. Modern\u00ed kl\u00ed\u010d od auta je multifunk\u010dn\u00ed n\u00e1stroj, kter\u00fd slou\u017e\u00ed nejen k nastartov\u00e1n\u00ed vozu. Je vybaven d\u00e1lkov\u00fdm ovl\u00e1d\u00e1n\u00edm pro autoalarm, dve\u0159e a otev\u00edr\u00e1n\u00ed\/zav\u00edr\u00e1n\u00ed kufru. Sou\u010d\u00e1st\u00ed je tak\u00e9 imobiliz\u00e9r pro dodate\u010dnou ochranu proti odcizen\u00ed vozu. V\u0161e v mal\u00e9m pouzd\u0159e na kl\u00ed\u010de od auta. V\u00fdroba kl\u00ed\u010d\u016f od automobil\u016f  V\u00fdroba nov\u00fdch kl\u00ed\u010d\u016f od vozu, programov\u00e1n\u00ed kl\u00ed\u010d\u016f (\"sv\u00e1z\u00e1n\u00ed\" s vozem)  Odstran\u011bn\u00ed d\u0159\u00edve ztracen\u00fdch kl\u00ed\u010d\u016f z pam\u011bti vozidla  V\u00fdroba kl\u00ed\u010de zapalov\u00e1n\u00ed podle z\u00e1mku  Opravy kl\u00ed\u010d\u016f od automobil\u016f (v\u00fdm\u011bna tla\u010d\u00edtek, pl\u00e1\u0161\u0165\u016f, mechanism\u016f)  Nouzov\u00e9 odemyk\u00e1n\u00ed vozu  Obchodov\u00e1n\u00ed s kl\u00ed\u010di, pouzdry na kl\u00ed\u010de  Vypnut\u00ed softwaru DPF \/ FAP  Programov\u00e9 odstran\u011bn\u00ed EGR  Deaktivace softwaru imobiliz\u00e9ru (immo Off)  Oprava \u0159\u00eddic\u00ed jednotky motoru (ECU), klonov\u00e1n\u00ed, programov\u00e1n\u00ed  SRS (programov\u00e1n\u00ed \u0159\u00eddic\u00ed jednotky airbagu)  zbo\u017e\u00ed odesl\u00e1no do 3 pracovn\u00edch dn\u016f.*","og_url":"https:\/\/keys-for-auto.eu\/cs\/product\/oprava-autoklicu\/","og_site_name":"Keys for auto","article_publisher":"https:\/\/www.facebook.com\/KeysForAutoEU","og_image":[{"width":850,"height":460,"url":"https:\/\/keys-for-auto.eu\/wp-content\/uploads\/2022\/12\/Raktu-remontas-pulteliu-remontas.jpg","type":"image\/jpeg"}],"twitter_card":"summary_large_image","twitter_misc":{"Odhadovan\u00e1 doba \u010dten\u00ed":"4 minuty"},"schema":{"@context":"https:\/\/schema.org","@graph":[{"@type":["WebPage","ItemPage"],"@id":"https:\/\/keys-for-auto.eu\/cs\/product\/oprava-autoklicu\/","url":"https:\/\/keys-for-auto.eu\/cs\/product\/oprava-autoklicu\/","name":"Oprava kl\u00ed\u010de od auta - Keys for auto","isPartOf":{"@id":"https:\/\/keys-for-auto.eu\/cs\/#website"},"primaryImageOfPage":{"@id":"https:\/\/keys-for-auto.eu\/cs\/product\/oprava-autoklicu\/#primaryimage"},"image":{"@id":"https:\/\/keys-for-auto.eu\/cs\/product\/oprava-autoklicu\/#primaryimage"},"thumbnailUrl":"https:\/\/keys-for-auto.eu\/wp-content\/uploads\/2022\/12\/Raktu-remontas-pulteliu-remontas.jpg","datePublished":"2017-03-11T22:18:18+00:00","breadcrumb":{"@id":"https:\/\/keys-for-auto.eu\/cs\/product\/oprava-autoklicu\/#breadcrumb"},"inLanguage":"cs","potentialAction":[{"@type":"ReadAction","target":["https:\/\/keys-for-auto.eu\/cs\/product\/oprava-autoklicu\/"]}]},{"@type":"ImageObject","inLanguage":"cs","@id":"https:\/\/keys-for-auto.eu\/cs\/product\/oprava-autoklicu\/#primaryimage","url":"https:\/\/keys-for-auto.eu\/wp-content\/uploads\/2022\/12\/Raktu-remontas-pulteliu-remontas.jpg","contentUrl":"https:\/\/keys-for-auto.eu\/wp-content\/uploads\/2022\/12\/Raktu-remontas-pulteliu-remontas.jpg","width":850,"height":460},{"@type":"BreadcrumbList","@id":"https:\/\/keys-for-auto.eu\/cs\/product\/oprava-autoklicu\/#breadcrumb","itemListElement":[{"@type":"ListItem","position":1,"name":"Home","item":"https:\/\/keys-for-auto.eu\/cs\/"},{"@type":"ListItem","position":2,"name":"Shop","item":"https:\/\/keys-for-auto.eu\/"},{"@type":"ListItem","position":3,"name":"Oprava kl\u00ed\u010de od auta"}]},{"@type":"WebSite","@id":"https:\/\/keys-for-auto.eu\/cs\/#website","url":"https:\/\/keys-for-auto.eu\/cs\/","name":"Keys for auto","description":"Car keys,  key shells, key programming","publisher":{"@id":"https:\/\/keys-for-auto.eu\/cs\/#organization"},"potentialAction":[{"@type":"SearchAction","target":{"@type":"EntryPoint","urlTemplate":"https:\/\/keys-for-auto.eu\/cs\/?s={search_term_string}"},"query-input":{"@type":"PropertyValueSpecification","valueRequired":true,"valueName":"search_term_string"}}],"inLanguage":"cs"},{"@type":"Organization","@id":"https:\/\/keys-for-auto.eu\/cs\/#organization","name":"Kl\u00ed\u010de pro auto","url":"https:\/\/keys-for-auto.eu\/cs\/","logo":{"@type":"ImageObject","inLanguage":"cs","@id":"https:\/\/keys-for-auto.eu\/cs\/#\/schema\/logo\/image\/","url":"https:\/\/keys-for-auto.eu\/wp-content\/uploads\/2022\/11\/cropped-png1.png","contentUrl":"https:\/\/keys-for-auto.eu\/wp-content\/uploads\/2022\/11\/cropped-png1.png","width":1000,"height":342,"caption":"Kl\u00ed\u010de pro auto"},"image":{"@id":"https:\/\/keys-for-auto.eu\/cs\/#\/schema\/logo\/image\/"},"sameAs":["https:\/\/www.facebook.com\/KeysForAutoEU"]}]}},"_links":{"self":[{"href":"https:\/\/keys-for-auto.eu\/cs\/wp-json\/wp\/v2\/product\/22353","targetHints":{"allow":["GET"]}}],"collection":[{"href":"https:\/\/keys-for-auto.eu\/cs\/wp-json\/wp\/v2\/product"}],"about":[{"href":"https:\/\/keys-for-auto.eu\/cs\/wp-json\/wp\/v2\/types\/product"}],"replies":[{"embeddable":true,"href":"https:\/\/keys-for-auto.eu\/cs\/wp-json\/wp\/v2\/comments?post=22353"}],"wp:featuredmedia":[{"embeddable":true,"href":"https:\/\/keys-for-auto.eu\/cs\/wp-json\/wp\/v2\/media\/20481"}],"wp:attachment":[{"href":"https:\/\/keys-for-auto.eu\/cs\/wp-json\/wp\/v2\/media?parent=22353"}],"wp:term":[{"taxonomy":"product_brand","embeddable":true,"href":"https:\/\/keys-for-auto.eu\/cs\/wp-json\/wp\/v2\/product_brand?post=22353"},{"taxonomy":"product_cat","embeddable":true,"href":"https:\/\/keys-for-auto.eu\/cs\/wp-json\/wp\/v2\/product_cat?post=22353"},{"taxonomy":"product_tag","embeddable":true,"href":"https:\/\/keys-for-auto.eu\/cs\/wp-json\/wp\/v2\/product_tag?post=22353"}],"curies":[{"name":"wp","href":"https:\/\/api.w.org\/{rel}","templated":true}]}}