{"id":22147,"date":"2016-04-02T19:23:41","date_gmt":"2016-04-02T19:23:41","guid":{"rendered":"https:\/\/keys-for-auto.eu\/product\/dalkovy-klic-vhodny-pro-ford-taurus-flex-explorer\/"},"modified":"2016-04-02T19:23:41","modified_gmt":"2016-04-02T19:23:41","slug":"remote-control-key-suitable-for-for-taurus-flex-explorer","status":"publish","type":"product","link":"https:\/\/keys-for-auto.eu\/cs\/product\/remote-control-key-suitable-for-for-taurus-flex-explorer\/","title":{"rendered":"D\u00e1lkov\u00fd kl\u00ed\u010d &#8211; vhodn\u00fd pro Ford Taurus | Flex | Explorer"},"content":{"rendered":"<h3>D\u00e1lkov\u00fd kl\u00ed\u010d &#8211; vhodn\u00fd pro Ford Taurus | Flex | Explorer<\/h3>\n<p>P\u0159edstavujeme kl\u00ed\u010d s d\u00e1lkov\u00fdm ovl\u00e1d\u00e1n\u00edm pro Ford Taurus, Flex, Explorer &#8211; kl\u00ed\u010d s d\u00e1lkov\u00fdm ovl\u00e1d\u00e1n\u00edm 315 MHz a integrovan\u00fdm transpond\u00e9rem.<\/p>\n<p>Tento kl\u00ed\u010d m\u00e1 integrovan\u00fd transpond\u00e9r. Je sou\u010d\u00e1st\u00ed bezpe\u010dnostn\u00edho syst\u00e9mu, kter\u00fd v\u00fdrobci automobil\u016f zavedli v letech 1995-1997. Z\u00e1kladem je tzv. imobiliz\u00e9r instalovan\u00fd ve vozidle, vybaven\u00fd stejn\u00fdm k\u00f3dem, a transpond\u00e9r zabudovan\u00fd do kl\u00ed\u010de. Kdy\u017e se za\u0159\u00edzen\u00ed na z\u00e1klad\u011b tohoto k\u00f3du vz\u00e1jemn\u011b rozpoznaj\u00ed, vozidlo se zamkne\/odemkne a lze nastartovat motor. Osoba, kter\u00e1 nen\u00ed majitelem vozidla, vozidlo neodemkne ani s duplik\u00e1tem kl\u00ed\u010de. Bez speci\u00e1ln\u00edho k\u00f3du toti\u017e nen\u00ed mo\u017en\u00e9 v\u016fz odemknout.<\/p>\n<p>Abyste mohli vyu\u017e\u00edt v\u00fd\u0161e popsan\u00fd syst\u00e9m, je t\u0159eba naprogramovat kl\u00ed\u010de. Jin\u00fdmi slovy, mus\u00edte je spojit s konkr\u00e9tn\u00edm vozem. Objednejte si u n\u00e1s programov\u00e1n\u00ed kl\u00ed\u010d\u016f. Krom\u011b programov\u00e1n\u00ed kl\u00ed\u010d\u016f prod\u00e1v\u00e1me tak\u00e9 pouzdra na kl\u00ed\u010de a kl\u00ed\u010de na d\u00e1lkov\u00e9 ovl\u00e1d\u00e1n\u00ed. Pokud hled\u00e1te pouzdra na kl\u00ed\u010de, m\u016f\u017eete je naj\u00edt pro t\u00e9m\u011b\u0159 v\u0161echny zna\u010dky a modely automobil\u016f na tomto odkazu.<\/p>\n<p>Programujeme kl\u00ed\u010de . D\u011bl\u00e1me to s nasazen\u00edm pro na\u0161i profesi, ve vysok\u00e9 kvalit\u011b a v co nejkrat\u0161\u00edm \u010dase, za rozumn\u00e9 ceny. Na n\u00e1mi odvedenou pr\u00e1ci a prod\u00e1van\u00e9 produkty poskytujeme z\u00e1ruku, proto\u017ee d\u016fv\u011b\u0159ujeme sv\u00e9 profesionalit\u011b. P\u0159i v\u00fdrob\u011b pou\u017e\u00edv\u00e1me nejmodern\u011bj\u0161\u00ed technologie. A na\u0161i \u0159emesln\u00edci si neust\u00e1le zvy\u0161uj\u00ed kvalifikaci v kurzech pro z\u00e1me\u010dn\u00edky.<\/p>\n<p>Programov\u00e1n\u00ed kl\u00ed\u010d\u016f od auta je na\u0161\u00ed povinnost\u00ed. A je va\u0161\u00ed odpov\u011bdnost\u00ed, aby bylo va\u0161e auto v bezpe\u010d\u00ed. Programov\u00e1n\u00ed kl\u00ed\u010d\u016f v\u00e1m to umo\u017en\u00ed. Sv\u011b\u0159te n\u00e1m tuto misi a my v\u00e1m slibujeme, \u017ee v\u00e1s nezklameme!<\/p>\n<p>V\u011b\u0159\u00edme, \u017ee milujete cestov\u00e1n\u00ed a \u017ee jako spr\u00e1vn\u00fd cestovatel se v\u017edy d\u00edv\u00e1te na obzor&#8230; Cestujte a za\u017eijte nezapomenuteln\u00e1 dobrodru\u017estv\u00ed! Abyste se v\u0161ak c\u00edtili bezpe\u010dn\u011b, kdy\u017e pot\u0159ebujete na chv\u00edli opustit sv\u00e9 auto, ujist\u011bte se, \u017ee je bezpe\u010dn\u00e9! Toho m\u016f\u017eete dos\u00e1hnout objedn\u00e1n\u00edm programov\u00e1n\u00ed kl\u00ed\u010d\u016f u n\u00e1s. V\u00fdroba kl\u00ed\u010d\u016f profesion\u00e1ly! Kl\u00ed\u010de od auta &#8211; pro va\u0161i bezpe\u010dnost.<\/p>\n","protected":false},"excerpt":{"rendered":"<p><b><i>Vhodn\u00e9 pro <em><br \/>\n  <strong><br \/>\n    <span style=\"font-size: 13px; line-height: 20.8px;\">(315MHz) s transpond\u00e9rem, kl\u00ed\u010dem d\u00e1lkov\u00e9ho ovl\u00e1d\u00e1n\u00ed Ford <\/span><br \/>\n  <\/strong><br \/>\n<\/em> <\/i><\/b><\/p>\n<p><em><strong>Taurus<\/strong><\/em><\/p>\n<p><em><strong>Flex<\/strong><\/em><\/p>\n<p><em><strong>Explorer<\/strong><\/em><\/p>\n<p><em><strong>Mustang<\/strong><\/em><\/p>\n<h3><strong>V\u00fdroba kl\u00ed\u010d\u016f od automobil\u016f<\/strong><\/h3>\n<ul>\n<li><strong>V\u00fdroba nov\u00fdch kl\u00ed\u010d\u016f od vozu, programov\u00e1n\u00ed kl\u00ed\u010d\u016f (&#8222;sv\u00e1z\u00e1n\u00ed&#8220; s vozem)<\/strong><\/li>\n<li><strong>Odstran\u011bn\u00ed d\u0159\u00edve ztracen\u00fdch kl\u00ed\u010d\u016f z pam\u011bti vozidla<\/strong><\/li>\n<li><strong>V\u00fdroba kl\u00ed\u010de zapalov\u00e1n\u00ed podle z\u00e1mku<\/strong><\/li>\n<li><strong>Opravy kl\u00ed\u010d\u016f od automobil\u016f (v\u00fdm\u011bna tla\u010d\u00edtek, pl\u00e1\u0161\u0165\u016f, mechanism\u016f)<\/strong><\/li>\n<li><strong>Nouzov\u00e9 odemyk\u00e1n\u00ed vozu<\/strong><\/li>\n<li><strong>Obchodov\u00e1n\u00ed s kl\u00ed\u010di, pouzdry na kl\u00ed\u010de<\/strong><\/li>\n<li><strong>Vypnut\u00ed softwaru DPF \/ FAP<\/strong><\/li>\n<li><strong>Programov\u00e9 odstran\u011bn\u00ed EGR<\/strong><\/li>\n<li><strong>Deaktivace softwaru imobiliz\u00e9ru (immo Off)<\/strong><\/li>\n<li><strong>Oprava \u0159\u00eddic\u00ed jednotky motoru (ECU), klonov\u00e1n\u00ed, programov\u00e1n\u00ed<\/strong><\/li>\n<li><strong>SRS (programov\u00e1n\u00ed \u0159\u00eddic\u00ed jednotky airbagu)<\/strong><\/li>\n<\/ul>\n<h4><strong>  zbo\u017e\u00ed odesl\u00e1no do 3 pracovn\u00edch dn\u016f.*<\/strong><\/h4>\n","protected":false},"featured_media":20773,"comment_status":"open","ping_status":"closed","template":"","meta":[],"product_brand":[],"product_cat":[4416,4611],"product_tag":[5259,5394,5372,5395],"class_list":{"0":"post-22147","1":"product","2":"type-product","3":"status-publish","4":"has-post-thumbnail","6":"product_cat-ford-cs","7":"product_cat-klice-dalkoveho-ovladani","8":"product_tag-klic-ford","9":"product_tag-klic-ford-explorer","10":"product_tag-klic-ford-flex","11":"product_tag-klic-ford-taurus","13":"first","14":"instock","15":"shipping-taxable","16":"purchasable","17":"product-type-simple"},"yoast_head":"<!-- This site is optimized with the Yoast SEO plugin v27.6 - https:\/\/yoast.com\/product\/yoast-seo-wordpress\/ -->\n<title>D\u00e1lkov\u00fd kl\u00ed\u010d - vhodn\u00fd pro Ford Taurus | Flex | Explorer - Keys for auto<\/title>\n<meta name=\"robots\" content=\"index, follow, max-snippet:-1, max-image-preview:large, max-video-preview:-1\" \/>\n<link rel=\"canonical\" href=\"https:\/\/keys-for-auto.eu\/cs\/product\/remote-control-key-suitable-for-for-taurus-flex-explorer\/\" \/>\n<meta property=\"og:locale\" content=\"cs_CZ\" \/>\n<meta property=\"og:type\" content=\"article\" \/>\n<meta property=\"og:title\" content=\"D\u00e1lkov\u00fd kl\u00ed\u010d - vhodn\u00fd pro Ford Taurus | Flex | Explorer - Keys for auto\" \/>\n<meta property=\"og:description\" content=\"Vhodn\u00e9 pro     (315MHz) s transpond\u00e9rem, kl\u00ed\u010dem d\u00e1lkov\u00e9ho ovl\u00e1d\u00e1n\u00ed Ford    Taurus Flex Explorer Mustang V\u00fdroba kl\u00ed\u010d\u016f od automobil\u016f  V\u00fdroba nov\u00fdch kl\u00ed\u010d\u016f od vozu, programov\u00e1n\u00ed kl\u00ed\u010d\u016f (&quot;sv\u00e1z\u00e1n\u00ed&quot; s vozem)  Odstran\u011bn\u00ed d\u0159\u00edve ztracen\u00fdch kl\u00ed\u010d\u016f z pam\u011bti vozidla  V\u00fdroba kl\u00ed\u010de zapalov\u00e1n\u00ed podle z\u00e1mku  Opravy kl\u00ed\u010d\u016f od automobil\u016f (v\u00fdm\u011bna tla\u010d\u00edtek, pl\u00e1\u0161\u0165\u016f, mechanism\u016f)  Nouzov\u00e9 odemyk\u00e1n\u00ed vozu  Obchodov\u00e1n\u00ed s kl\u00ed\u010di, pouzdry na kl\u00ed\u010de  Vypnut\u00ed softwaru DPF \/ FAP  Programov\u00e9 odstran\u011bn\u00ed EGR  Deaktivace softwaru imobiliz\u00e9ru (immo Off)  Oprava \u0159\u00eddic\u00ed jednotky motoru (ECU), klonov\u00e1n\u00ed, programov\u00e1n\u00ed  SRS (programov\u00e1n\u00ed \u0159\u00eddic\u00ed jednotky airbagu)  zbo\u017e\u00ed odesl\u00e1no do 3 pracovn\u00edch dn\u016f.*\" \/>\n<meta property=\"og:url\" content=\"https:\/\/keys-for-auto.eu\/cs\/product\/remote-control-key-suitable-for-for-taurus-flex-explorer\/\" \/>\n<meta property=\"og:site_name\" content=\"Keys for auto\" \/>\n<meta property=\"article:publisher\" content=\"https:\/\/www.facebook.com\/KeysForAutoEU\" \/>\n<meta property=\"og:image\" content=\"https:\/\/i0.wp.com\/keys-for-auto.eu\/wp-content\/uploads\/2022\/12\/Ford-4-Buttons-Remote-Key-315MHz-with-4D63-500x5001__1_-removebg-preview.png?fit=500%2C500&ssl=1\" \/>\n\t<meta property=\"og:image:width\" content=\"500\" \/>\n\t<meta property=\"og:image:height\" content=\"500\" \/>\n\t<meta property=\"og:image:type\" content=\"image\/png\" \/>\n<meta name=\"twitter:card\" content=\"summary_large_image\" \/>\n<meta name=\"twitter:label1\" content=\"Odhadovan\u00e1 doba \u010dten\u00ed\" \/>\n\t<meta name=\"twitter:data1\" content=\"2 minuty\" \/>\n<script type=\"application\/ld+json\" class=\"yoast-schema-graph\">{\"@context\":\"https:\\\/\\\/schema.org\",\"@graph\":[{\"@type\":[\"WebPage\",\"ItemPage\"],\"@id\":\"https:\\\/\\\/keys-for-auto.eu\\\/cs\\\/product\\\/remote-control-key-suitable-for-for-taurus-flex-explorer\\\/\",\"url\":\"https:\\\/\\\/keys-for-auto.eu\\\/cs\\\/product\\\/remote-control-key-suitable-for-for-taurus-flex-explorer\\\/\",\"name\":\"D\u00e1lkov\u00fd kl\u00ed\u010d - vhodn\u00fd pro Ford Taurus | Flex | Explorer - Keys for auto\",\"isPartOf\":{\"@id\":\"https:\\\/\\\/keys-for-auto.eu\\\/cs\\\/#website\"},\"primaryImageOfPage\":{\"@id\":\"https:\\\/\\\/keys-for-auto.eu\\\/cs\\\/product\\\/remote-control-key-suitable-for-for-taurus-flex-explorer\\\/#primaryimage\"},\"image\":{\"@id\":\"https:\\\/\\\/keys-for-auto.eu\\\/cs\\\/product\\\/remote-control-key-suitable-for-for-taurus-flex-explorer\\\/#primaryimage\"},\"thumbnailUrl\":\"https:\\\/\\\/keys-for-auto.eu\\\/wp-content\\\/uploads\\\/2022\\\/12\\\/Ford-4-Buttons-Remote-Key-315MHz-with-4D63-500x5001__1_-removebg-preview.png\",\"datePublished\":\"2016-04-02T19:23:41+00:00\",\"breadcrumb\":{\"@id\":\"https:\\\/\\\/keys-for-auto.eu\\\/cs\\\/product\\\/remote-control-key-suitable-for-for-taurus-flex-explorer\\\/#breadcrumb\"},\"inLanguage\":\"cs\",\"potentialAction\":[{\"@type\":\"ReadAction\",\"target\":[\"https:\\\/\\\/keys-for-auto.eu\\\/cs\\\/product\\\/remote-control-key-suitable-for-for-taurus-flex-explorer\\\/\"]}]},{\"@type\":\"ImageObject\",\"inLanguage\":\"cs\",\"@id\":\"https:\\\/\\\/keys-for-auto.eu\\\/cs\\\/product\\\/remote-control-key-suitable-for-for-taurus-flex-explorer\\\/#primaryimage\",\"url\":\"https:\\\/\\\/keys-for-auto.eu\\\/wp-content\\\/uploads\\\/2022\\\/12\\\/Ford-4-Buttons-Remote-Key-315MHz-with-4D63-500x5001__1_-removebg-preview.png\",\"contentUrl\":\"https:\\\/\\\/keys-for-auto.eu\\\/wp-content\\\/uploads\\\/2022\\\/12\\\/Ford-4-Buttons-Remote-Key-315MHz-with-4D63-500x5001__1_-removebg-preview.png\",\"width\":500,\"height\":500},{\"@type\":\"BreadcrumbList\",\"@id\":\"https:\\\/\\\/keys-for-auto.eu\\\/cs\\\/product\\\/remote-control-key-suitable-for-for-taurus-flex-explorer\\\/#breadcrumb\",\"itemListElement\":[{\"@type\":\"ListItem\",\"position\":1,\"name\":\"Home\",\"item\":\"https:\\\/\\\/keys-for-auto.eu\\\/cs\\\/\"},{\"@type\":\"ListItem\",\"position\":2,\"name\":\"Shop\",\"item\":\"https:\\\/\\\/keys-for-auto.eu\\\/\"},{\"@type\":\"ListItem\",\"position\":3,\"name\":\"D\u00e1lkov\u00fd kl\u00ed\u010d &#8211; vhodn\u00fd pro Ford Taurus | Flex | Explorer\"}]},{\"@type\":\"WebSite\",\"@id\":\"https:\\\/\\\/keys-for-auto.eu\\\/cs\\\/#website\",\"url\":\"https:\\\/\\\/keys-for-auto.eu\\\/cs\\\/\",\"name\":\"Keys for auto\",\"description\":\"Car keys,  key shells, key programming\",\"publisher\":{\"@id\":\"https:\\\/\\\/keys-for-auto.eu\\\/cs\\\/#organization\"},\"potentialAction\":[{\"@type\":\"SearchAction\",\"target\":{\"@type\":\"EntryPoint\",\"urlTemplate\":\"https:\\\/\\\/keys-for-auto.eu\\\/cs\\\/?s={search_term_string}\"},\"query-input\":{\"@type\":\"PropertyValueSpecification\",\"valueRequired\":true,\"valueName\":\"search_term_string\"}}],\"inLanguage\":\"cs\"},{\"@type\":\"Organization\",\"@id\":\"https:\\\/\\\/keys-for-auto.eu\\\/cs\\\/#organization\",\"name\":\"Kl\u00ed\u010de pro auto\",\"url\":\"https:\\\/\\\/keys-for-auto.eu\\\/cs\\\/\",\"logo\":{\"@type\":\"ImageObject\",\"inLanguage\":\"cs\",\"@id\":\"https:\\\/\\\/keys-for-auto.eu\\\/cs\\\/#\\\/schema\\\/logo\\\/image\\\/\",\"url\":\"https:\\\/\\\/keys-for-auto.eu\\\/wp-content\\\/uploads\\\/2022\\\/11\\\/cropped-png1.png\",\"contentUrl\":\"https:\\\/\\\/keys-for-auto.eu\\\/wp-content\\\/uploads\\\/2022\\\/11\\\/cropped-png1.png\",\"width\":1000,\"height\":342,\"caption\":\"Kl\u00ed\u010de pro auto\"},\"image\":{\"@id\":\"https:\\\/\\\/keys-for-auto.eu\\\/cs\\\/#\\\/schema\\\/logo\\\/image\\\/\"},\"sameAs\":[\"https:\\\/\\\/www.facebook.com\\\/KeysForAutoEU\"]}]}<\/script>\n<!-- \/ Yoast SEO plugin. -->","yoast_head_json":{"title":"D\u00e1lkov\u00fd kl\u00ed\u010d - vhodn\u00fd pro Ford Taurus | Flex | Explorer - Keys for auto","robots":{"index":"index","follow":"follow","max-snippet":"max-snippet:-1","max-image-preview":"max-image-preview:large","max-video-preview":"max-video-preview:-1"},"canonical":"https:\/\/keys-for-auto.eu\/cs\/product\/remote-control-key-suitable-for-for-taurus-flex-explorer\/","og_locale":"cs_CZ","og_type":"article","og_title":"D\u00e1lkov\u00fd kl\u00ed\u010d - vhodn\u00fd pro Ford Taurus | Flex | Explorer - Keys for auto","og_description":"Vhodn\u00e9 pro     (315MHz) s transpond\u00e9rem, kl\u00ed\u010dem d\u00e1lkov\u00e9ho ovl\u00e1d\u00e1n\u00ed Ford    Taurus Flex Explorer Mustang V\u00fdroba kl\u00ed\u010d\u016f od automobil\u016f  V\u00fdroba nov\u00fdch kl\u00ed\u010d\u016f od vozu, programov\u00e1n\u00ed kl\u00ed\u010d\u016f (\"sv\u00e1z\u00e1n\u00ed\" s vozem)  Odstran\u011bn\u00ed d\u0159\u00edve ztracen\u00fdch kl\u00ed\u010d\u016f z pam\u011bti vozidla  V\u00fdroba kl\u00ed\u010de zapalov\u00e1n\u00ed podle z\u00e1mku  Opravy kl\u00ed\u010d\u016f od automobil\u016f (v\u00fdm\u011bna tla\u010d\u00edtek, pl\u00e1\u0161\u0165\u016f, mechanism\u016f)  Nouzov\u00e9 odemyk\u00e1n\u00ed vozu  Obchodov\u00e1n\u00ed s kl\u00ed\u010di, pouzdry na kl\u00ed\u010de  Vypnut\u00ed softwaru DPF \/ FAP  Programov\u00e9 odstran\u011bn\u00ed EGR  Deaktivace softwaru imobiliz\u00e9ru (immo Off)  Oprava \u0159\u00eddic\u00ed jednotky motoru (ECU), klonov\u00e1n\u00ed, programov\u00e1n\u00ed  SRS (programov\u00e1n\u00ed \u0159\u00eddic\u00ed jednotky airbagu)  zbo\u017e\u00ed odesl\u00e1no do 3 pracovn\u00edch dn\u016f.*","og_url":"https:\/\/keys-for-auto.eu\/cs\/product\/remote-control-key-suitable-for-for-taurus-flex-explorer\/","og_site_name":"Keys for auto","article_publisher":"https:\/\/www.facebook.com\/KeysForAutoEU","og_image":[{"width":500,"height":500,"url":"https:\/\/i0.wp.com\/keys-for-auto.eu\/wp-content\/uploads\/2022\/12\/Ford-4-Buttons-Remote-Key-315MHz-with-4D63-500x5001__1_-removebg-preview.png?fit=500%2C500&ssl=1","type":"image\/png"}],"twitter_card":"summary_large_image","twitter_misc":{"Odhadovan\u00e1 doba \u010dten\u00ed":"2 minuty"},"schema":{"@context":"https:\/\/schema.org","@graph":[{"@type":["WebPage","ItemPage"],"@id":"https:\/\/keys-for-auto.eu\/cs\/product\/remote-control-key-suitable-for-for-taurus-flex-explorer\/","url":"https:\/\/keys-for-auto.eu\/cs\/product\/remote-control-key-suitable-for-for-taurus-flex-explorer\/","name":"D\u00e1lkov\u00fd kl\u00ed\u010d - vhodn\u00fd pro Ford Taurus | Flex | Explorer - Keys for auto","isPartOf":{"@id":"https:\/\/keys-for-auto.eu\/cs\/#website"},"primaryImageOfPage":{"@id":"https:\/\/keys-for-auto.eu\/cs\/product\/remote-control-key-suitable-for-for-taurus-flex-explorer\/#primaryimage"},"image":{"@id":"https:\/\/keys-for-auto.eu\/cs\/product\/remote-control-key-suitable-for-for-taurus-flex-explorer\/#primaryimage"},"thumbnailUrl":"https:\/\/keys-for-auto.eu\/wp-content\/uploads\/2022\/12\/Ford-4-Buttons-Remote-Key-315MHz-with-4D63-500x5001__1_-removebg-preview.png","datePublished":"2016-04-02T19:23:41+00:00","breadcrumb":{"@id":"https:\/\/keys-for-auto.eu\/cs\/product\/remote-control-key-suitable-for-for-taurus-flex-explorer\/#breadcrumb"},"inLanguage":"cs","potentialAction":[{"@type":"ReadAction","target":["https:\/\/keys-for-auto.eu\/cs\/product\/remote-control-key-suitable-for-for-taurus-flex-explorer\/"]}]},{"@type":"ImageObject","inLanguage":"cs","@id":"https:\/\/keys-for-auto.eu\/cs\/product\/remote-control-key-suitable-for-for-taurus-flex-explorer\/#primaryimage","url":"https:\/\/keys-for-auto.eu\/wp-content\/uploads\/2022\/12\/Ford-4-Buttons-Remote-Key-315MHz-with-4D63-500x5001__1_-removebg-preview.png","contentUrl":"https:\/\/keys-for-auto.eu\/wp-content\/uploads\/2022\/12\/Ford-4-Buttons-Remote-Key-315MHz-with-4D63-500x5001__1_-removebg-preview.png","width":500,"height":500},{"@type":"BreadcrumbList","@id":"https:\/\/keys-for-auto.eu\/cs\/product\/remote-control-key-suitable-for-for-taurus-flex-explorer\/#breadcrumb","itemListElement":[{"@type":"ListItem","position":1,"name":"Home","item":"https:\/\/keys-for-auto.eu\/cs\/"},{"@type":"ListItem","position":2,"name":"Shop","item":"https:\/\/keys-for-auto.eu\/"},{"@type":"ListItem","position":3,"name":"D\u00e1lkov\u00fd kl\u00ed\u010d &#8211; vhodn\u00fd pro Ford Taurus | Flex | Explorer"}]},{"@type":"WebSite","@id":"https:\/\/keys-for-auto.eu\/cs\/#website","url":"https:\/\/keys-for-auto.eu\/cs\/","name":"Keys for auto","description":"Car keys,  key shells, key programming","publisher":{"@id":"https:\/\/keys-for-auto.eu\/cs\/#organization"},"potentialAction":[{"@type":"SearchAction","target":{"@type":"EntryPoint","urlTemplate":"https:\/\/keys-for-auto.eu\/cs\/?s={search_term_string}"},"query-input":{"@type":"PropertyValueSpecification","valueRequired":true,"valueName":"search_term_string"}}],"inLanguage":"cs"},{"@type":"Organization","@id":"https:\/\/keys-for-auto.eu\/cs\/#organization","name":"Kl\u00ed\u010de pro auto","url":"https:\/\/keys-for-auto.eu\/cs\/","logo":{"@type":"ImageObject","inLanguage":"cs","@id":"https:\/\/keys-for-auto.eu\/cs\/#\/schema\/logo\/image\/","url":"https:\/\/keys-for-auto.eu\/wp-content\/uploads\/2022\/11\/cropped-png1.png","contentUrl":"https:\/\/keys-for-auto.eu\/wp-content\/uploads\/2022\/11\/cropped-png1.png","width":1000,"height":342,"caption":"Kl\u00ed\u010de pro auto"},"image":{"@id":"https:\/\/keys-for-auto.eu\/cs\/#\/schema\/logo\/image\/"},"sameAs":["https:\/\/www.facebook.com\/KeysForAutoEU"]}]}},"_links":{"self":[{"href":"https:\/\/keys-for-auto.eu\/cs\/wp-json\/wp\/v2\/product\/22147","targetHints":{"allow":["GET"]}}],"collection":[{"href":"https:\/\/keys-for-auto.eu\/cs\/wp-json\/wp\/v2\/product"}],"about":[{"href":"https:\/\/keys-for-auto.eu\/cs\/wp-json\/wp\/v2\/types\/product"}],"replies":[{"embeddable":true,"href":"https:\/\/keys-for-auto.eu\/cs\/wp-json\/wp\/v2\/comments?post=22147"}],"wp:featuredmedia":[{"embeddable":true,"href":"https:\/\/keys-for-auto.eu\/cs\/wp-json\/wp\/v2\/media\/20773"}],"wp:attachment":[{"href":"https:\/\/keys-for-auto.eu\/cs\/wp-json\/wp\/v2\/media?parent=22147"}],"wp:term":[{"taxonomy":"product_brand","embeddable":true,"href":"https:\/\/keys-for-auto.eu\/cs\/wp-json\/wp\/v2\/product_brand?post=22147"},{"taxonomy":"product_cat","embeddable":true,"href":"https:\/\/keys-for-auto.eu\/cs\/wp-json\/wp\/v2\/product_cat?post=22147"},{"taxonomy":"product_tag","embeddable":true,"href":"https:\/\/keys-for-auto.eu\/cs\/wp-json\/wp\/v2\/product_tag?post=22147"}],"curies":[{"name":"wp","href":"https:\/\/api.w.org\/{rel}","templated":true}]}}