{"id":22139,"date":"2016-04-02T19:22:41","date_gmt":"2016-04-02T19:22:41","guid":{"rendered":"https:\/\/keys-for-auto.eu\/product\/dalkovy-klic-vhodny-pro-ford-mustang-flex-mercury-lincoln-freestyle\/"},"modified":"2016-04-02T19:22:41","modified_gmt":"2016-04-02T19:22:41","slug":"dalkove-ovladany-klic-vhodny-pro-ford-mustang-flex-mercury-lincoln-freestyle","status":"publish","type":"product","link":"https:\/\/keys-for-auto.eu\/cs\/product\/dalkove-ovladany-klic-vhodny-pro-ford-mustang-flex-mercury-lincoln-freestyle\/","title":{"rendered":"D\u00e1lkov\u00fd kl\u00ed\u010d &#8211; vhodn\u00fd pro Ford Mustang | Flex | Mercury | Lincoln | Freestyle"},"content":{"rendered":"<h3><strong>D\u00e1lkov\u00fd kl\u00ed\u010d &#8211; vhodn\u00fd pro Ford Mustang | Flex | Mercury | Lincoln | Freestyle<\/strong><\/h3>\n<p>P\u0159edstavujeme kl\u00ed\u010d s d\u00e1lkov\u00fdm ovl\u00e1d\u00e1n\u00edm pro Ford.<\/p>\n<p>Pokud m\u00e1te probl\u00e9my s kl\u00ed\u010di od auta, nebojte se, na\u0161e spole\u010dnost v\u00e1m pom\u016f\u017ee. Programujeme kl\u00ed\u010de. Prod\u00e1v\u00e1me tak\u00e9 kl\u00ed\u010de na d\u00e1lkov\u00e9 ovl\u00e1d\u00e1n\u00ed. M\u016f\u017eeme v\u00e1m tak\u00e9 pomoci, pokud je pouzdro kl\u00ed\u010de opot\u0159ebovan\u00e9 nebo praskl\u00e9 &#8211; prod\u00e1v\u00e1me i tyto d\u00edly. Najdete je na tomto odkazu.<\/p>\n<p>T\u00e9m\u011b\u0159 v\u0161echny automobily maj\u00ed imobiliz\u00e9r. V\u00edce informac\u00ed o n\u011bm najdete zde. Syst\u00e9m proti kr\u00e1de\u017ei pln\u00ed svou funkci dokonale. Aby v\u0161ak syst\u00e9m imobiliz\u00e9ru spr\u00e1vn\u011b fungoval, mus\u00edte si p\u0159i koupi nov\u00fdch kl\u00ed\u010d\u016f Ford nechat namontovat kl\u00ed\u010de Ford. To vy\u017eaduje naprogramov\u00e1n\u00ed kl\u00ed\u010de.<\/p>\n<p>Na na\u0161e slu\u017eby a produkty poskytujeme z\u00e1ruku, proto\u017ee jsme si jisti kvalitou na\u0161\u00ed pr\u00e1ce. Slibujeme, \u017ee jakmile budete moci pou\u017e\u00edvat kvalitn\u011b naprogramovan\u00e9 kl\u00ed\u010de, va\u0161e cestovn\u00ed n\u00e1klady se v\u00e1m vyplat\u00ed. A nedoporu\u010dujeme sv\u011b\u0159ovat tuto pr\u00e1ci neodborn\u00edk\u016fm, proto\u017ee oprava jejich chyb bude dra\u017e\u0161\u00ed ne\u017e slu\u017eby poskytovan\u00e9 profesion\u00e1ly.<\/p>\n<p>I kdy\u017e v\u0161ak m\u00e1te ve vozidle funk\u010dn\u00ed imobiliz\u00e9r, mohou se v t\u00e9to oblasti vyskytnout dal\u0161\u00ed probl\u00e9my. D\u0159\u00edve \u010di pozd\u011bji bude nap\u0159\u00edklad nutn\u00e9 transpond\u00e9rov\u00e9 kl\u00ed\u010de opravit nebo v p\u0159\u00edpad\u011b n\u00e1kupu nov\u00fdch kl\u00ed\u010d\u016f naprogramovat. Nab\u00edz\u00edme celou \u0159adu slu\u017eeb souvisej\u00edc\u00edch se syst\u00e9my proti kr\u00e1de\u017ei vozidel. Programov\u00e1n\u00ed kl\u00ed\u010d\u016f od auta v na\u0161\u00ed spole\u010dnosti je proto praktickou a racion\u00e1ln\u00ed volbou!<\/p>\n<h3>V\u00fdroba kl\u00ed\u010d\u016f<\/h3>\n<p>P\u0159esto\u017ee se v\u00fdrobou kl\u00ed\u010d\u016f zab\u00fdv\u00e1 mnoho spole\u010dnost\u00ed, z\u00edsk\u00e1v\u00e1me st\u00e1le v\u00edce z\u00e1kazn\u00edk\u016f. Toho jsme schopni dos\u00e1hnout d\u00edky rychl\u00e9 a kvalitn\u00ed pr\u00e1ci a kl\u00ed\u010dov\u00e9 slu\u017eb\u011b vybaven\u00e9 nejmodern\u011bj\u0161\u00edmi technologiemi. Kl\u00ed\u010de od auta jsou malou, ale velmi d\u016fle\u017eitou sou\u010d\u00e1st\u00ed vozidla. Je neodd\u011bliteln\u00fd a p\u0159in\u00e1\u0161\u00ed n\u00e1m tolik radosti, kdy\u017e nastartujeme motor. Pokud v\u00e1m v\u0161ak va\u0161e kl\u00ed\u010de za\u010daly p\u016fsobit pot\u00ed\u017ee, zn\u00e1te \u0159e\u0161en\u00ed &#8211; obra\u0165te se na na\u0161i spole\u010dnost!<\/p>\n","protected":false},"excerpt":{"rendered":"<p><em><strong>D\u00e1lkov\u00fd kl\u00ed\u010d Ford, vhodn\u00fd pro:<\/strong><\/em><\/p>\n<p><em><strong>Flex<\/strong><\/em><\/p>\n<p><em><strong>Rtu\u0165<\/strong><\/em><\/p>\n<p><em><strong>Zam\u011b\u0159en\u00ed<\/strong><\/em><\/p>\n<p><em><strong>\u00dat\u011bk<\/strong><\/em><\/p>\n<p><em><strong>Expedice<\/strong><\/em><\/p>\n<p><em><strong>Taurus<\/strong><\/em><\/p>\n<p><em><strong>Fusion<\/strong><\/em><\/p>\n<h3><strong>V\u00fdroba kl\u00ed\u010d\u016f od automobil\u016f<\/strong><\/h3>\n<ul>\n<li><strong>V\u00fdroba nov\u00fdch kl\u00ed\u010d\u016f od vozu, programov\u00e1n\u00ed kl\u00ed\u010d\u016f (&#8222;sv\u00e1z\u00e1n\u00ed&#8220; s vozem)<\/strong><\/li>\n<li><strong>Odstran\u011bn\u00ed d\u0159\u00edve ztracen\u00fdch kl\u00ed\u010d\u016f z pam\u011bti vozidla<\/strong><\/li>\n<li><strong>V\u00fdroba kl\u00ed\u010de zapalov\u00e1n\u00ed podle z\u00e1mku<\/strong><\/li>\n<li><strong>Opravy kl\u00ed\u010d\u016f od automobil\u016f (v\u00fdm\u011bna tla\u010d\u00edtek, pl\u00e1\u0161\u0165\u016f, mechanism\u016f)<\/strong><\/li>\n<li><strong>Nouzov\u00e9 odemyk\u00e1n\u00ed vozu<\/strong><\/li>\n<li><strong>Obchodov\u00e1n\u00ed s kl\u00ed\u010di, pouzdry na kl\u00ed\u010de<\/strong><\/li>\n<li><strong>Vypnut\u00ed softwaru DPF \/ FAP<\/strong><\/li>\n<li><strong>Programov\u00e9 odstran\u011bn\u00ed EGR<\/strong><\/li>\n<li><strong>Deaktivace softwaru imobiliz\u00e9ru (immo Off)<\/strong><\/li>\n<li><strong>Oprava \u0159\u00eddic\u00ed jednotky motoru (ECU), klonov\u00e1n\u00ed, programov\u00e1n\u00ed<\/strong><\/li>\n<li><strong>SRS (programov\u00e1n\u00ed \u0159\u00eddic\u00ed jednotky airbagu)<\/strong><\/li>\n<\/ul>\n<h4><strong>  zbo\u017e\u00ed odesl\u00e1no do 3 pracovn\u00edch dn\u016f.*<\/strong><\/h4>\n","protected":false},"featured_media":20771,"comment_status":"open","ping_status":"closed","template":"","meta":[],"product_brand":[],"product_cat":[4416,4611],"product_tag":[5259,5372,5376,5377,5378,5374],"class_list":{"0":"post-22139","1":"product","2":"type-product","3":"status-publish","4":"has-post-thumbnail","6":"product_cat-ford-cs","7":"product_cat-klice-dalkoveho-ovladani","8":"product_tag-klic-ford","9":"product_tag-klic-ford-flex","10":"product_tag-klic-ford-lincoln","11":"product_tag-klic-ford-mercury","12":"product_tag-klic-ford-mustang","13":"product_tag-klic-od-vozu-ford-freestyle","15":"first","16":"instock","17":"shipping-taxable","18":"purchasable","19":"product-type-simple"},"yoast_head":"<!-- This site is optimized with the Yoast SEO plugin v27.6 - https:\/\/yoast.com\/product\/yoast-seo-wordpress\/ -->\n<title>D\u00e1lkov\u00fd kl\u00ed\u010d - vhodn\u00fd pro Ford Mustang | Flex | Mercury | Lincoln | Freestyle - Keys for auto<\/title>\n<meta name=\"robots\" content=\"index, follow, max-snippet:-1, max-image-preview:large, max-video-preview:-1\" \/>\n<link rel=\"canonical\" href=\"https:\/\/keys-for-auto.eu\/cs\/product\/dalkove-ovladany-klic-vhodny-pro-ford-mustang-flex-mercury-lincoln-freestyle\/\" \/>\n<meta property=\"og:locale\" content=\"cs_CZ\" \/>\n<meta property=\"og:type\" content=\"article\" \/>\n<meta property=\"og:title\" content=\"D\u00e1lkov\u00fd kl\u00ed\u010d - vhodn\u00fd pro Ford Mustang | Flex | Mercury | Lincoln | Freestyle - Keys for auto\" \/>\n<meta property=\"og:description\" content=\"D\u00e1lkov\u00fd kl\u00ed\u010d Ford, vhodn\u00fd pro: Flex Rtu\u0165 Zam\u011b\u0159en\u00ed \u00dat\u011bk Expedice Taurus Fusion V\u00fdroba kl\u00ed\u010d\u016f od automobil\u016f  V\u00fdroba nov\u00fdch kl\u00ed\u010d\u016f od vozu, programov\u00e1n\u00ed kl\u00ed\u010d\u016f (&quot;sv\u00e1z\u00e1n\u00ed&quot; s vozem)  Odstran\u011bn\u00ed d\u0159\u00edve ztracen\u00fdch kl\u00ed\u010d\u016f z pam\u011bti vozidla  V\u00fdroba kl\u00ed\u010de zapalov\u00e1n\u00ed podle z\u00e1mku  Opravy kl\u00ed\u010d\u016f od automobil\u016f (v\u00fdm\u011bna tla\u010d\u00edtek, pl\u00e1\u0161\u0165\u016f, mechanism\u016f)  Nouzov\u00e9 odemyk\u00e1n\u00ed vozu  Obchodov\u00e1n\u00ed s kl\u00ed\u010di, pouzdry na kl\u00ed\u010de  Vypnut\u00ed softwaru DPF \/ FAP  Programov\u00e9 odstran\u011bn\u00ed EGR  Deaktivace softwaru imobiliz\u00e9ru (immo Off)  Oprava \u0159\u00eddic\u00ed jednotky motoru (ECU), klonov\u00e1n\u00ed, programov\u00e1n\u00ed  SRS (programov\u00e1n\u00ed \u0159\u00eddic\u00ed jednotky airbagu)  zbo\u017e\u00ed odesl\u00e1no do 3 pracovn\u00edch dn\u016f.*\" \/>\n<meta property=\"og:url\" content=\"https:\/\/keys-for-auto.eu\/cs\/product\/dalkove-ovladany-klic-vhodny-pro-ford-mustang-flex-mercury-lincoln-freestyle\/\" \/>\n<meta property=\"og:site_name\" content=\"Keys for auto\" \/>\n<meta property=\"article:publisher\" content=\"https:\/\/www.facebook.com\/KeysForAutoEU\" \/>\n<meta property=\"og:image\" content=\"https:\/\/keys-for-auto.eu\/wp-content\/uploads\/2022\/12\/Ford-raktas-500x5001-removebg-preview.png\" \/>\n\t<meta property=\"og:image:width\" content=\"500\" \/>\n\t<meta property=\"og:image:height\" content=\"500\" \/>\n\t<meta property=\"og:image:type\" content=\"image\/png\" \/>\n<meta name=\"twitter:card\" content=\"summary_large_image\" \/>\n<meta name=\"twitter:label1\" content=\"Odhadovan\u00e1 doba \u010dten\u00ed\" \/>\n\t<meta name=\"twitter:data1\" content=\"2 minuty\" \/>\n<script type=\"application\/ld+json\" class=\"yoast-schema-graph\">{\"@context\":\"https:\\\/\\\/schema.org\",\"@graph\":[{\"@type\":[\"WebPage\",\"ItemPage\"],\"@id\":\"https:\\\/\\\/keys-for-auto.eu\\\/cs\\\/product\\\/dalkove-ovladany-klic-vhodny-pro-ford-mustang-flex-mercury-lincoln-freestyle\\\/\",\"url\":\"https:\\\/\\\/keys-for-auto.eu\\\/cs\\\/product\\\/dalkove-ovladany-klic-vhodny-pro-ford-mustang-flex-mercury-lincoln-freestyle\\\/\",\"name\":\"D\u00e1lkov\u00fd kl\u00ed\u010d - vhodn\u00fd pro Ford Mustang | Flex | Mercury | Lincoln | Freestyle - Keys for auto\",\"isPartOf\":{\"@id\":\"https:\\\/\\\/keys-for-auto.eu\\\/cs\\\/#website\"},\"primaryImageOfPage\":{\"@id\":\"https:\\\/\\\/keys-for-auto.eu\\\/cs\\\/product\\\/dalkove-ovladany-klic-vhodny-pro-ford-mustang-flex-mercury-lincoln-freestyle\\\/#primaryimage\"},\"image\":{\"@id\":\"https:\\\/\\\/keys-for-auto.eu\\\/cs\\\/product\\\/dalkove-ovladany-klic-vhodny-pro-ford-mustang-flex-mercury-lincoln-freestyle\\\/#primaryimage\"},\"thumbnailUrl\":\"https:\\\/\\\/keys-for-auto.eu\\\/wp-content\\\/uploads\\\/2022\\\/12\\\/Ford-raktas-500x5001-removebg-preview.png\",\"datePublished\":\"2016-04-02T19:22:41+00:00\",\"breadcrumb\":{\"@id\":\"https:\\\/\\\/keys-for-auto.eu\\\/cs\\\/product\\\/dalkove-ovladany-klic-vhodny-pro-ford-mustang-flex-mercury-lincoln-freestyle\\\/#breadcrumb\"},\"inLanguage\":\"cs\",\"potentialAction\":[{\"@type\":\"ReadAction\",\"target\":[\"https:\\\/\\\/keys-for-auto.eu\\\/cs\\\/product\\\/dalkove-ovladany-klic-vhodny-pro-ford-mustang-flex-mercury-lincoln-freestyle\\\/\"]}]},{\"@type\":\"ImageObject\",\"inLanguage\":\"cs\",\"@id\":\"https:\\\/\\\/keys-for-auto.eu\\\/cs\\\/product\\\/dalkove-ovladany-klic-vhodny-pro-ford-mustang-flex-mercury-lincoln-freestyle\\\/#primaryimage\",\"url\":\"https:\\\/\\\/keys-for-auto.eu\\\/wp-content\\\/uploads\\\/2022\\\/12\\\/Ford-raktas-500x5001-removebg-preview.png\",\"contentUrl\":\"https:\\\/\\\/keys-for-auto.eu\\\/wp-content\\\/uploads\\\/2022\\\/12\\\/Ford-raktas-500x5001-removebg-preview.png\",\"width\":500,\"height\":500},{\"@type\":\"BreadcrumbList\",\"@id\":\"https:\\\/\\\/keys-for-auto.eu\\\/cs\\\/product\\\/dalkove-ovladany-klic-vhodny-pro-ford-mustang-flex-mercury-lincoln-freestyle\\\/#breadcrumb\",\"itemListElement\":[{\"@type\":\"ListItem\",\"position\":1,\"name\":\"Home\",\"item\":\"https:\\\/\\\/keys-for-auto.eu\\\/cs\\\/\"},{\"@type\":\"ListItem\",\"position\":2,\"name\":\"Shop\",\"item\":\"https:\\\/\\\/keys-for-auto.eu\\\/\"},{\"@type\":\"ListItem\",\"position\":3,\"name\":\"D\u00e1lkov\u00fd kl\u00ed\u010d &#8211; vhodn\u00fd pro Ford Mustang | Flex | Mercury | Lincoln | Freestyle\"}]},{\"@type\":\"WebSite\",\"@id\":\"https:\\\/\\\/keys-for-auto.eu\\\/cs\\\/#website\",\"url\":\"https:\\\/\\\/keys-for-auto.eu\\\/cs\\\/\",\"name\":\"Keys for auto\",\"description\":\"Car keys,  key shells, key programming\",\"publisher\":{\"@id\":\"https:\\\/\\\/keys-for-auto.eu\\\/cs\\\/#organization\"},\"potentialAction\":[{\"@type\":\"SearchAction\",\"target\":{\"@type\":\"EntryPoint\",\"urlTemplate\":\"https:\\\/\\\/keys-for-auto.eu\\\/cs\\\/?s={search_term_string}\"},\"query-input\":{\"@type\":\"PropertyValueSpecification\",\"valueRequired\":true,\"valueName\":\"search_term_string\"}}],\"inLanguage\":\"cs\"},{\"@type\":\"Organization\",\"@id\":\"https:\\\/\\\/keys-for-auto.eu\\\/cs\\\/#organization\",\"name\":\"Kl\u00ed\u010de pro auto\",\"url\":\"https:\\\/\\\/keys-for-auto.eu\\\/cs\\\/\",\"logo\":{\"@type\":\"ImageObject\",\"inLanguage\":\"cs\",\"@id\":\"https:\\\/\\\/keys-for-auto.eu\\\/cs\\\/#\\\/schema\\\/logo\\\/image\\\/\",\"url\":\"https:\\\/\\\/keys-for-auto.eu\\\/wp-content\\\/uploads\\\/2022\\\/11\\\/cropped-png1.png\",\"contentUrl\":\"https:\\\/\\\/keys-for-auto.eu\\\/wp-content\\\/uploads\\\/2022\\\/11\\\/cropped-png1.png\",\"width\":1000,\"height\":342,\"caption\":\"Kl\u00ed\u010de pro auto\"},\"image\":{\"@id\":\"https:\\\/\\\/keys-for-auto.eu\\\/cs\\\/#\\\/schema\\\/logo\\\/image\\\/\"},\"sameAs\":[\"https:\\\/\\\/www.facebook.com\\\/KeysForAutoEU\"]}]}<\/script>\n<!-- \/ Yoast SEO plugin. -->","yoast_head_json":{"title":"D\u00e1lkov\u00fd kl\u00ed\u010d - vhodn\u00fd pro Ford Mustang | Flex | Mercury | Lincoln | Freestyle - Keys for auto","robots":{"index":"index","follow":"follow","max-snippet":"max-snippet:-1","max-image-preview":"max-image-preview:large","max-video-preview":"max-video-preview:-1"},"canonical":"https:\/\/keys-for-auto.eu\/cs\/product\/dalkove-ovladany-klic-vhodny-pro-ford-mustang-flex-mercury-lincoln-freestyle\/","og_locale":"cs_CZ","og_type":"article","og_title":"D\u00e1lkov\u00fd kl\u00ed\u010d - vhodn\u00fd pro Ford Mustang | Flex | Mercury | Lincoln | Freestyle - Keys for auto","og_description":"D\u00e1lkov\u00fd kl\u00ed\u010d Ford, vhodn\u00fd pro: Flex Rtu\u0165 Zam\u011b\u0159en\u00ed \u00dat\u011bk Expedice Taurus Fusion V\u00fdroba kl\u00ed\u010d\u016f od automobil\u016f  V\u00fdroba nov\u00fdch kl\u00ed\u010d\u016f od vozu, programov\u00e1n\u00ed kl\u00ed\u010d\u016f (\"sv\u00e1z\u00e1n\u00ed\" s vozem)  Odstran\u011bn\u00ed d\u0159\u00edve ztracen\u00fdch kl\u00ed\u010d\u016f z pam\u011bti vozidla  V\u00fdroba kl\u00ed\u010de zapalov\u00e1n\u00ed podle z\u00e1mku  Opravy kl\u00ed\u010d\u016f od automobil\u016f (v\u00fdm\u011bna tla\u010d\u00edtek, pl\u00e1\u0161\u0165\u016f, mechanism\u016f)  Nouzov\u00e9 odemyk\u00e1n\u00ed vozu  Obchodov\u00e1n\u00ed s kl\u00ed\u010di, pouzdry na kl\u00ed\u010de  Vypnut\u00ed softwaru DPF \/ FAP  Programov\u00e9 odstran\u011bn\u00ed EGR  Deaktivace softwaru imobiliz\u00e9ru (immo Off)  Oprava \u0159\u00eddic\u00ed jednotky motoru (ECU), klonov\u00e1n\u00ed, programov\u00e1n\u00ed  SRS (programov\u00e1n\u00ed \u0159\u00eddic\u00ed jednotky airbagu)  zbo\u017e\u00ed odesl\u00e1no do 3 pracovn\u00edch dn\u016f.*","og_url":"https:\/\/keys-for-auto.eu\/cs\/product\/dalkove-ovladany-klic-vhodny-pro-ford-mustang-flex-mercury-lincoln-freestyle\/","og_site_name":"Keys for auto","article_publisher":"https:\/\/www.facebook.com\/KeysForAutoEU","og_image":[{"width":500,"height":500,"url":"https:\/\/keys-for-auto.eu\/wp-content\/uploads\/2022\/12\/Ford-raktas-500x5001-removebg-preview.png","type":"image\/png"}],"twitter_card":"summary_large_image","twitter_misc":{"Odhadovan\u00e1 doba \u010dten\u00ed":"2 minuty"},"schema":{"@context":"https:\/\/schema.org","@graph":[{"@type":["WebPage","ItemPage"],"@id":"https:\/\/keys-for-auto.eu\/cs\/product\/dalkove-ovladany-klic-vhodny-pro-ford-mustang-flex-mercury-lincoln-freestyle\/","url":"https:\/\/keys-for-auto.eu\/cs\/product\/dalkove-ovladany-klic-vhodny-pro-ford-mustang-flex-mercury-lincoln-freestyle\/","name":"D\u00e1lkov\u00fd kl\u00ed\u010d - vhodn\u00fd pro Ford Mustang | Flex | Mercury | Lincoln | Freestyle - Keys for auto","isPartOf":{"@id":"https:\/\/keys-for-auto.eu\/cs\/#website"},"primaryImageOfPage":{"@id":"https:\/\/keys-for-auto.eu\/cs\/product\/dalkove-ovladany-klic-vhodny-pro-ford-mustang-flex-mercury-lincoln-freestyle\/#primaryimage"},"image":{"@id":"https:\/\/keys-for-auto.eu\/cs\/product\/dalkove-ovladany-klic-vhodny-pro-ford-mustang-flex-mercury-lincoln-freestyle\/#primaryimage"},"thumbnailUrl":"https:\/\/keys-for-auto.eu\/wp-content\/uploads\/2022\/12\/Ford-raktas-500x5001-removebg-preview.png","datePublished":"2016-04-02T19:22:41+00:00","breadcrumb":{"@id":"https:\/\/keys-for-auto.eu\/cs\/product\/dalkove-ovladany-klic-vhodny-pro-ford-mustang-flex-mercury-lincoln-freestyle\/#breadcrumb"},"inLanguage":"cs","potentialAction":[{"@type":"ReadAction","target":["https:\/\/keys-for-auto.eu\/cs\/product\/dalkove-ovladany-klic-vhodny-pro-ford-mustang-flex-mercury-lincoln-freestyle\/"]}]},{"@type":"ImageObject","inLanguage":"cs","@id":"https:\/\/keys-for-auto.eu\/cs\/product\/dalkove-ovladany-klic-vhodny-pro-ford-mustang-flex-mercury-lincoln-freestyle\/#primaryimage","url":"https:\/\/keys-for-auto.eu\/wp-content\/uploads\/2022\/12\/Ford-raktas-500x5001-removebg-preview.png","contentUrl":"https:\/\/keys-for-auto.eu\/wp-content\/uploads\/2022\/12\/Ford-raktas-500x5001-removebg-preview.png","width":500,"height":500},{"@type":"BreadcrumbList","@id":"https:\/\/keys-for-auto.eu\/cs\/product\/dalkove-ovladany-klic-vhodny-pro-ford-mustang-flex-mercury-lincoln-freestyle\/#breadcrumb","itemListElement":[{"@type":"ListItem","position":1,"name":"Home","item":"https:\/\/keys-for-auto.eu\/cs\/"},{"@type":"ListItem","position":2,"name":"Shop","item":"https:\/\/keys-for-auto.eu\/"},{"@type":"ListItem","position":3,"name":"D\u00e1lkov\u00fd kl\u00ed\u010d &#8211; vhodn\u00fd pro Ford Mustang | Flex | Mercury | Lincoln | Freestyle"}]},{"@type":"WebSite","@id":"https:\/\/keys-for-auto.eu\/cs\/#website","url":"https:\/\/keys-for-auto.eu\/cs\/","name":"Keys for auto","description":"Car keys,  key shells, key programming","publisher":{"@id":"https:\/\/keys-for-auto.eu\/cs\/#organization"},"potentialAction":[{"@type":"SearchAction","target":{"@type":"EntryPoint","urlTemplate":"https:\/\/keys-for-auto.eu\/cs\/?s={search_term_string}"},"query-input":{"@type":"PropertyValueSpecification","valueRequired":true,"valueName":"search_term_string"}}],"inLanguage":"cs"},{"@type":"Organization","@id":"https:\/\/keys-for-auto.eu\/cs\/#organization","name":"Kl\u00ed\u010de pro auto","url":"https:\/\/keys-for-auto.eu\/cs\/","logo":{"@type":"ImageObject","inLanguage":"cs","@id":"https:\/\/keys-for-auto.eu\/cs\/#\/schema\/logo\/image\/","url":"https:\/\/keys-for-auto.eu\/wp-content\/uploads\/2022\/11\/cropped-png1.png","contentUrl":"https:\/\/keys-for-auto.eu\/wp-content\/uploads\/2022\/11\/cropped-png1.png","width":1000,"height":342,"caption":"Kl\u00ed\u010de pro auto"},"image":{"@id":"https:\/\/keys-for-auto.eu\/cs\/#\/schema\/logo\/image\/"},"sameAs":["https:\/\/www.facebook.com\/KeysForAutoEU"]}]}},"_links":{"self":[{"href":"https:\/\/keys-for-auto.eu\/cs\/wp-json\/wp\/v2\/product\/22139","targetHints":{"allow":["GET"]}}],"collection":[{"href":"https:\/\/keys-for-auto.eu\/cs\/wp-json\/wp\/v2\/product"}],"about":[{"href":"https:\/\/keys-for-auto.eu\/cs\/wp-json\/wp\/v2\/types\/product"}],"replies":[{"embeddable":true,"href":"https:\/\/keys-for-auto.eu\/cs\/wp-json\/wp\/v2\/comments?post=22139"}],"wp:featuredmedia":[{"embeddable":true,"href":"https:\/\/keys-for-auto.eu\/cs\/wp-json\/wp\/v2\/media\/20771"}],"wp:attachment":[{"href":"https:\/\/keys-for-auto.eu\/cs\/wp-json\/wp\/v2\/media?parent=22139"}],"wp:term":[{"taxonomy":"product_brand","embeddable":true,"href":"https:\/\/keys-for-auto.eu\/cs\/wp-json\/wp\/v2\/product_brand?post=22139"},{"taxonomy":"product_cat","embeddable":true,"href":"https:\/\/keys-for-auto.eu\/cs\/wp-json\/wp\/v2\/product_cat?post=22139"},{"taxonomy":"product_tag","embeddable":true,"href":"https:\/\/keys-for-auto.eu\/cs\/wp-json\/wp\/v2\/product_tag?post=22139"}],"curies":[{"name":"wp","href":"https:\/\/api.w.org\/{rel}","templated":true}]}}