{"id":22125,"date":"2016-04-02T19:21:41","date_gmt":"2016-04-02T19:21:41","guid":{"rendered":"https:\/\/keys-for-auto.eu\/product\/dalkovy-klic-vhodny-pro-ford-fusion-mondeo-31\/"},"modified":"2023-02-20T17:34:16","modified_gmt":"2023-02-20T17:34:16","slug":"dalkove-ovladani-klice-vhodne-pro-ford-fusion-mondeo-31","status":"publish","type":"product","link":"https:\/\/keys-for-auto.eu\/cs\/product\/dalkove-ovladani-klice-vhodne-pro-ford-fusion-mondeo-31\/","title":{"rendered":"D\u00e1lkov\u00fd kl\u00ed\u010d &#8211; vhodn\u00fd pro Ford Fusion | Mondeo 3+1"},"content":{"rendered":"<h3><strong>D\u00e1lkov\u00fd kl\u00ed\u010d &#8211; vhodn\u00fd pro Ford Fusion | Mondeo 3+1<\/strong><\/h3>\n<p>P\u0159edstavujeme Ford Fusion, Ford Mondeo &#8211; kl\u00ed\u010d s d\u00e1lkov\u00fdm ovl\u00e1d\u00e1n\u00edm pro modely Fusion a Mondeo. M\u016f\u017eete si vybrat mezi frekvencemi 433 a 315 MHz. Kl\u00ed\u010d je vybaven transpond\u00e9rem 4D60. Zlomili jste nebo ztratili kl\u00ed\u010d Ford? Nebo mo\u017en\u00e1 pot\u0159ebujete n\u00e1hradn\u00ed sadu kl\u00ed\u010d\u016f? Nab\u00edz\u00edme v\u00e1m mo\u017enost v\u00fdb\u011bru a objedn\u00e1n\u00ed v\u00fdroby a naprogramov\u00e1n\u00ed elektronick\u00e9ho kl\u00ed\u010de Ford s transpond\u00e9rem.<\/p>\n<p>N\u00e1\u0161 chytr\u00fd kl\u00ed\u010d se zabudovan\u00fdm transpond\u00e9rem (\u010dipem) zaru\u010d\u00ed ochranu va\u0161eho vozu p\u0159ed neopr\u00e1vn\u011bn\u00fdm vloup\u00e1n\u00edm. U\u017eivatelsky p\u0159\u00edv\u011btiv\u00e9 a snadno pou\u017eiteln\u00e9 kl\u00ed\u010de na d\u00e1lkov\u00e9 ovl\u00e1d\u00e1n\u00ed Ford jsou tedy dobr\u00fdm zp\u016fsobem, jak vy\u0159e\u0161it probl\u00e9m se zabezpe\u010den\u00edm va\u0161eho vozu.<\/p>\n<p>U na\u0161\u00ed spole\u010dnosti m\u016f\u017eete zakoupit nejen kl\u00ed\u010de od t\u00e9m\u011b\u0159 v\u0161ech zna\u010dek a model\u016f automobil\u016f. Programujeme tak\u00e9 kl\u00ed\u010de. B\u011bhem na\u0161ich pracovn\u00edch zku\u0161enost\u00ed jsme si v\u0161imli, \u017ee po kl\u00ed\u010d\u00edch Ford je velk\u00e1 popt\u00e1vka. A to nen\u00ed \u017e\u00e1dn\u00e9 p\u0159ekvapen\u00ed. \u0158idi\u010di oce\u0148uj\u00ed vysokou kvalitu, inovace, elegantn\u00ed design a snadn\u00e9 pou\u017e\u00edv\u00e1n\u00ed. Stejn\u00e9 vlastnosti se sna\u017e\u00edme co nejv\u00edce p\u0159en\u00e9st i do kl\u00ed\u010d\u016f Ford, kter\u00e9 vyr\u00e1b\u00edme a programujeme.<\/p>\n<p>Programujeme kl\u00ed\u010de a \u010dasto dost\u00e1v\u00e1me od z\u00e1kazn\u00edk\u016f, kte\u0159\u00ed si kupuj\u00ed transpond\u00e9rov\u00e9 kl\u00ed\u010de, ot\u00e1zku: &#8222;V \u010dem jsou lep\u0161\u00ed? Nyn\u00ed stru\u010dn\u011b probereme v\u00fdhody t\u011bchto kl\u00ed\u010d\u016f, abychom v\u00e1m pomohli p\u0159i rozhodov\u00e1n\u00ed, kter\u00fd z nich si po\u0159\u00eddit. Tradi\u010dn\u00ed nebo transpond\u00e9r?<\/p>\n<h3>Elektronick\u00e9 kl\u00ed\u010de Ford<\/h3>\n<p>Elektronick\u00e9 kl\u00ed\u010de Ford jsou sou\u010d\u00e1st\u00ed bezpe\u010dnostn\u00edho syst\u00e9mu, kter\u00fd je dod\u00e1v\u00e1n s imobiliz\u00e9rem. Ten je instalov\u00e1n uvnit\u0159 vozu. Tento tandem umo\u017e\u0148uje ovl\u00e1dat v\u0161echny elektronick\u00e9 funkce vozu a startov\u00e1n\u00ed motoru. Transpond\u00e9r identifikuje jedine\u010dn\u00fd k\u00f3d kl\u00ed\u010de, a pokud se shoduje, aktivuje \u0159\u00eddic\u00ed syst\u00e9my vozidla. Umo\u017e\u0148uje otev\u0159\u00edt v\u0161echny z\u00e1mky vozu, ale pouze na velmi kr\u00e1tkou vzd\u00e1lenost, \u010d\u00edm\u017e se eliminuje mo\u017enost otev\u0159en\u00e9 kr\u00e1de\u017ee.<\/p>\n<p>Programov\u00e1n\u00ed kl\u00ed\u010d\u016f od auta je pro n\u00e1s v\u00edc ne\u017e jen pr\u00e1ce. Je to na\u0161e v\u00e1\u0161e\u0148! Zaj\u00edmaj\u00ed n\u00e1s v\u0161echny novinky v na\u0161em oboru. Pracujeme s nejnov\u011bj\u0161\u00edmi technologiemi. M\u00e1te-li z\u00e1jem o v\u00fdrobu kl\u00ed\u010d\u016f ve Vilniusu, p\u0159ij\u010fte do na\u0161\u00ed centr\u00e1ly. Kl\u00ed\u010de od auta &#8211; pro v\u0161echny zna\u010dky a modely aut!<\/p>\n","protected":false},"excerpt":{"rendered":"<p><em><strong>Vhodn\u00e9 pro Ford, &#8211; kl\u00ed\u010d s d\u00e1lkov\u00fdm ovl\u00e1d\u00e1n\u00edm (433MHz nebo 315MHz, transpond\u00e9r 4D60).<\/strong><\/em><\/p>\n<h3><strong>V\u00fdroba kl\u00ed\u010d\u016f od automobil\u016f<\/strong><\/h3>\n<ul>\n<li><strong>V\u00fdroba nov\u00fdch kl\u00ed\u010d\u016f od vozu, programov\u00e1n\u00ed kl\u00ed\u010d\u016f (&#8222;sv\u00e1z\u00e1n\u00ed&#8220; s vozem)<\/strong><\/li>\n<li><strong>Odstran\u011bn\u00ed d\u0159\u00edve ztracen\u00fdch kl\u00ed\u010d\u016f z pam\u011bti vozidla<\/strong><\/li>\n<li><strong>V\u00fdroba kl\u00ed\u010de zapalov\u00e1n\u00ed podle z\u00e1mku<\/strong><\/li>\n<li><strong>Opravy kl\u00ed\u010d\u016f od automobil\u016f (v\u00fdm\u011bna tla\u010d\u00edtek, pl\u00e1\u0161\u0165\u016f, mechanism\u016f)<\/strong><\/li>\n<li><strong>Nouzov\u00e9 odemyk\u00e1n\u00ed vozu<\/strong><\/li>\n<li><strong>Obchodov\u00e1n\u00ed s kl\u00ed\u010di, pouzdry na kl\u00ed\u010de<\/strong><\/li>\n<li><strong>Vypnut\u00ed softwaru DPF \/ FAP<\/strong><\/li>\n<li><strong>Programov\u00e9 odstran\u011bn\u00ed EGR<\/strong><\/li>\n<li><strong>Deaktivace softwaru imobiliz\u00e9ru (immo Off)<\/strong><\/li>\n<li><strong>Oprava \u0159\u00eddic\u00ed jednotky motoru (ECU), klonov\u00e1n\u00ed, programov\u00e1n\u00ed<\/strong><\/li>\n<li><strong>SRS (programov\u00e1n\u00ed \u0159\u00eddic\u00ed jednotky airbagu)<\/strong><\/li>\n<\/ul>\n<h4><strong>  zbo\u017e\u00ed odesl\u00e1no do 3 pracovn\u00edch dn\u016f.*<\/strong><\/h4>\n","protected":false},"featured_media":20769,"comment_status":"open","ping_status":"closed","template":"","meta":[],"product_brand":[],"product_cat":[4416,4611],"product_tag":[5259,5352,5283],"class_list":{"0":"post-22125","1":"product","2":"type-product","3":"status-publish","4":"has-post-thumbnail","6":"product_cat-ford-cs","7":"product_cat-klice-dalkoveho-ovladani","8":"product_tag-klic-ford","9":"product_tag-klic-ford-fusion","10":"product_tag-klic-ford-mondeo","12":"first","13":"instock","14":"shipping-taxable","15":"purchasable","16":"product-type-simple"},"yoast_head":"<!-- This site is optimized with the Yoast SEO plugin v27.6 - https:\/\/yoast.com\/product\/yoast-seo-wordpress\/ -->\n<title>D\u00e1lkov\u00fd kl\u00ed\u010d - vhodn\u00fd pro Ford Fusion | Mondeo 3+1 - Keys for auto<\/title>\n<meta name=\"robots\" content=\"index, follow, max-snippet:-1, max-image-preview:large, max-video-preview:-1\" \/>\n<link rel=\"canonical\" href=\"https:\/\/keys-for-auto.eu\/cs\/product\/dalkove-ovladani-klice-vhodne-pro-ford-fusion-mondeo-31\/\" \/>\n<meta property=\"og:locale\" content=\"cs_CZ\" \/>\n<meta property=\"og:type\" content=\"article\" \/>\n<meta property=\"og:title\" content=\"D\u00e1lkov\u00fd kl\u00ed\u010d - vhodn\u00fd pro Ford Fusion | Mondeo 3+1 - Keys for auto\" \/>\n<meta property=\"og:description\" content=\"Vhodn\u00e9 pro Ford, - kl\u00ed\u010d s d\u00e1lkov\u00fdm ovl\u00e1d\u00e1n\u00edm (433MHz nebo 315MHz, transpond\u00e9r 4D60). V\u00fdroba kl\u00ed\u010d\u016f od automobil\u016f  V\u00fdroba nov\u00fdch kl\u00ed\u010d\u016f od vozu, programov\u00e1n\u00ed kl\u00ed\u010d\u016f (&quot;sv\u00e1z\u00e1n\u00ed&quot; s vozem)  Odstran\u011bn\u00ed d\u0159\u00edve ztracen\u00fdch kl\u00ed\u010d\u016f z pam\u011bti vozidla  V\u00fdroba kl\u00ed\u010de zapalov\u00e1n\u00ed podle z\u00e1mku  Opravy kl\u00ed\u010d\u016f od automobil\u016f (v\u00fdm\u011bna tla\u010d\u00edtek, pl\u00e1\u0161\u0165\u016f, mechanism\u016f)  Nouzov\u00e9 odemyk\u00e1n\u00ed vozu  Obchodov\u00e1n\u00ed s kl\u00ed\u010di, pouzdry na kl\u00ed\u010de  Vypnut\u00ed softwaru DPF \/ FAP  Programov\u00e9 odstran\u011bn\u00ed EGR  Deaktivace softwaru imobiliz\u00e9ru (immo Off)  Oprava \u0159\u00eddic\u00ed jednotky motoru (ECU), klonov\u00e1n\u00ed, programov\u00e1n\u00ed  SRS (programov\u00e1n\u00ed \u0159\u00eddic\u00ed jednotky airbagu)  zbo\u017e\u00ed odesl\u00e1no do 3 pracovn\u00edch dn\u016f.*\" \/>\n<meta property=\"og:url\" content=\"https:\/\/keys-for-auto.eu\/cs\/product\/dalkove-ovladani-klice-vhodne-pro-ford-fusion-mondeo-31\/\" \/>\n<meta property=\"og:site_name\" content=\"Keys for auto\" \/>\n<meta property=\"article:publisher\" content=\"https:\/\/www.facebook.com\/KeysForAutoEU\" \/>\n<meta property=\"article:modified_time\" content=\"2023-02-20T17:34:16+00:00\" \/>\n<meta property=\"og:image\" content=\"https:\/\/keys-for-auto.eu\/wp-content\/uploads\/2022\/12\/Ford-mondeo-raktas-nuotoliniu-valdymu-500x5001-removebg-preview.png\" \/>\n\t<meta property=\"og:image:width\" content=\"500\" \/>\n\t<meta property=\"og:image:height\" content=\"500\" \/>\n\t<meta property=\"og:image:type\" content=\"image\/png\" \/>\n<meta name=\"twitter:card\" content=\"summary_large_image\" \/>\n<meta name=\"twitter:label1\" content=\"Odhadovan\u00e1 doba \u010dten\u00ed\" \/>\n\t<meta name=\"twitter:data1\" content=\"2 minuty\" \/>\n<script type=\"application\/ld+json\" class=\"yoast-schema-graph\">{\"@context\":\"https:\\\/\\\/schema.org\",\"@graph\":[{\"@type\":[\"WebPage\",\"ItemPage\"],\"@id\":\"https:\\\/\\\/keys-for-auto.eu\\\/cs\\\/product\\\/dalkove-ovladani-klice-vhodne-pro-ford-fusion-mondeo-31\\\/\",\"url\":\"https:\\\/\\\/keys-for-auto.eu\\\/cs\\\/product\\\/dalkove-ovladani-klice-vhodne-pro-ford-fusion-mondeo-31\\\/\",\"name\":\"D\u00e1lkov\u00fd kl\u00ed\u010d - vhodn\u00fd pro Ford Fusion | Mondeo 3+1 - Keys for auto\",\"isPartOf\":{\"@id\":\"https:\\\/\\\/keys-for-auto.eu\\\/cs\\\/#website\"},\"primaryImageOfPage\":{\"@id\":\"https:\\\/\\\/keys-for-auto.eu\\\/cs\\\/product\\\/dalkove-ovladani-klice-vhodne-pro-ford-fusion-mondeo-31\\\/#primaryimage\"},\"image\":{\"@id\":\"https:\\\/\\\/keys-for-auto.eu\\\/cs\\\/product\\\/dalkove-ovladani-klice-vhodne-pro-ford-fusion-mondeo-31\\\/#primaryimage\"},\"thumbnailUrl\":\"https:\\\/\\\/keys-for-auto.eu\\\/wp-content\\\/uploads\\\/2022\\\/12\\\/Ford-mondeo-raktas-nuotoliniu-valdymu-500x5001-removebg-preview.png\",\"datePublished\":\"2016-04-02T19:21:41+00:00\",\"dateModified\":\"2023-02-20T17:34:16+00:00\",\"breadcrumb\":{\"@id\":\"https:\\\/\\\/keys-for-auto.eu\\\/cs\\\/product\\\/dalkove-ovladani-klice-vhodne-pro-ford-fusion-mondeo-31\\\/#breadcrumb\"},\"inLanguage\":\"cs\",\"potentialAction\":[{\"@type\":\"ReadAction\",\"target\":[\"https:\\\/\\\/keys-for-auto.eu\\\/cs\\\/product\\\/dalkove-ovladani-klice-vhodne-pro-ford-fusion-mondeo-31\\\/\"]}]},{\"@type\":\"ImageObject\",\"inLanguage\":\"cs\",\"@id\":\"https:\\\/\\\/keys-for-auto.eu\\\/cs\\\/product\\\/dalkove-ovladani-klice-vhodne-pro-ford-fusion-mondeo-31\\\/#primaryimage\",\"url\":\"https:\\\/\\\/keys-for-auto.eu\\\/wp-content\\\/uploads\\\/2022\\\/12\\\/Ford-mondeo-raktas-nuotoliniu-valdymu-500x5001-removebg-preview.png\",\"contentUrl\":\"https:\\\/\\\/keys-for-auto.eu\\\/wp-content\\\/uploads\\\/2022\\\/12\\\/Ford-mondeo-raktas-nuotoliniu-valdymu-500x5001-removebg-preview.png\",\"width\":500,\"height\":500},{\"@type\":\"BreadcrumbList\",\"@id\":\"https:\\\/\\\/keys-for-auto.eu\\\/cs\\\/product\\\/dalkove-ovladani-klice-vhodne-pro-ford-fusion-mondeo-31\\\/#breadcrumb\",\"itemListElement\":[{\"@type\":\"ListItem\",\"position\":1,\"name\":\"Home\",\"item\":\"https:\\\/\\\/keys-for-auto.eu\\\/cs\\\/\"},{\"@type\":\"ListItem\",\"position\":2,\"name\":\"Shop\",\"item\":\"https:\\\/\\\/keys-for-auto.eu\\\/\"},{\"@type\":\"ListItem\",\"position\":3,\"name\":\"D\u00e1lkov\u00fd kl\u00ed\u010d &#8211; vhodn\u00fd pro Ford Fusion | Mondeo 3+1\"}]},{\"@type\":\"WebSite\",\"@id\":\"https:\\\/\\\/keys-for-auto.eu\\\/cs\\\/#website\",\"url\":\"https:\\\/\\\/keys-for-auto.eu\\\/cs\\\/\",\"name\":\"Keys for auto\",\"description\":\"Car keys,  key shells, key programming\",\"publisher\":{\"@id\":\"https:\\\/\\\/keys-for-auto.eu\\\/cs\\\/#organization\"},\"potentialAction\":[{\"@type\":\"SearchAction\",\"target\":{\"@type\":\"EntryPoint\",\"urlTemplate\":\"https:\\\/\\\/keys-for-auto.eu\\\/cs\\\/?s={search_term_string}\"},\"query-input\":{\"@type\":\"PropertyValueSpecification\",\"valueRequired\":true,\"valueName\":\"search_term_string\"}}],\"inLanguage\":\"cs\"},{\"@type\":\"Organization\",\"@id\":\"https:\\\/\\\/keys-for-auto.eu\\\/cs\\\/#organization\",\"name\":\"Kl\u00ed\u010de pro auto\",\"url\":\"https:\\\/\\\/keys-for-auto.eu\\\/cs\\\/\",\"logo\":{\"@type\":\"ImageObject\",\"inLanguage\":\"cs\",\"@id\":\"https:\\\/\\\/keys-for-auto.eu\\\/cs\\\/#\\\/schema\\\/logo\\\/image\\\/\",\"url\":\"https:\\\/\\\/keys-for-auto.eu\\\/wp-content\\\/uploads\\\/2022\\\/11\\\/cropped-png1.png\",\"contentUrl\":\"https:\\\/\\\/keys-for-auto.eu\\\/wp-content\\\/uploads\\\/2022\\\/11\\\/cropped-png1.png\",\"width\":1000,\"height\":342,\"caption\":\"Kl\u00ed\u010de pro auto\"},\"image\":{\"@id\":\"https:\\\/\\\/keys-for-auto.eu\\\/cs\\\/#\\\/schema\\\/logo\\\/image\\\/\"},\"sameAs\":[\"https:\\\/\\\/www.facebook.com\\\/KeysForAutoEU\"]}]}<\/script>\n<!-- \/ Yoast SEO plugin. -->","yoast_head_json":{"title":"D\u00e1lkov\u00fd kl\u00ed\u010d - vhodn\u00fd pro Ford Fusion | Mondeo 3+1 - Keys for auto","robots":{"index":"index","follow":"follow","max-snippet":"max-snippet:-1","max-image-preview":"max-image-preview:large","max-video-preview":"max-video-preview:-1"},"canonical":"https:\/\/keys-for-auto.eu\/cs\/product\/dalkove-ovladani-klice-vhodne-pro-ford-fusion-mondeo-31\/","og_locale":"cs_CZ","og_type":"article","og_title":"D\u00e1lkov\u00fd kl\u00ed\u010d - vhodn\u00fd pro Ford Fusion | Mondeo 3+1 - Keys for auto","og_description":"Vhodn\u00e9 pro Ford, - kl\u00ed\u010d s d\u00e1lkov\u00fdm ovl\u00e1d\u00e1n\u00edm (433MHz nebo 315MHz, transpond\u00e9r 4D60). V\u00fdroba kl\u00ed\u010d\u016f od automobil\u016f  V\u00fdroba nov\u00fdch kl\u00ed\u010d\u016f od vozu, programov\u00e1n\u00ed kl\u00ed\u010d\u016f (\"sv\u00e1z\u00e1n\u00ed\" s vozem)  Odstran\u011bn\u00ed d\u0159\u00edve ztracen\u00fdch kl\u00ed\u010d\u016f z pam\u011bti vozidla  V\u00fdroba kl\u00ed\u010de zapalov\u00e1n\u00ed podle z\u00e1mku  Opravy kl\u00ed\u010d\u016f od automobil\u016f (v\u00fdm\u011bna tla\u010d\u00edtek, pl\u00e1\u0161\u0165\u016f, mechanism\u016f)  Nouzov\u00e9 odemyk\u00e1n\u00ed vozu  Obchodov\u00e1n\u00ed s kl\u00ed\u010di, pouzdry na kl\u00ed\u010de  Vypnut\u00ed softwaru DPF \/ FAP  Programov\u00e9 odstran\u011bn\u00ed EGR  Deaktivace softwaru imobiliz\u00e9ru (immo Off)  Oprava \u0159\u00eddic\u00ed jednotky motoru (ECU), klonov\u00e1n\u00ed, programov\u00e1n\u00ed  SRS (programov\u00e1n\u00ed \u0159\u00eddic\u00ed jednotky airbagu)  zbo\u017e\u00ed odesl\u00e1no do 3 pracovn\u00edch dn\u016f.*","og_url":"https:\/\/keys-for-auto.eu\/cs\/product\/dalkove-ovladani-klice-vhodne-pro-ford-fusion-mondeo-31\/","og_site_name":"Keys for auto","article_publisher":"https:\/\/www.facebook.com\/KeysForAutoEU","article_modified_time":"2023-02-20T17:34:16+00:00","og_image":[{"width":500,"height":500,"url":"https:\/\/keys-for-auto.eu\/wp-content\/uploads\/2022\/12\/Ford-mondeo-raktas-nuotoliniu-valdymu-500x5001-removebg-preview.png","type":"image\/png"}],"twitter_card":"summary_large_image","twitter_misc":{"Odhadovan\u00e1 doba \u010dten\u00ed":"2 minuty"},"schema":{"@context":"https:\/\/schema.org","@graph":[{"@type":["WebPage","ItemPage"],"@id":"https:\/\/keys-for-auto.eu\/cs\/product\/dalkove-ovladani-klice-vhodne-pro-ford-fusion-mondeo-31\/","url":"https:\/\/keys-for-auto.eu\/cs\/product\/dalkove-ovladani-klice-vhodne-pro-ford-fusion-mondeo-31\/","name":"D\u00e1lkov\u00fd kl\u00ed\u010d - vhodn\u00fd pro Ford Fusion | Mondeo 3+1 - Keys for auto","isPartOf":{"@id":"https:\/\/keys-for-auto.eu\/cs\/#website"},"primaryImageOfPage":{"@id":"https:\/\/keys-for-auto.eu\/cs\/product\/dalkove-ovladani-klice-vhodne-pro-ford-fusion-mondeo-31\/#primaryimage"},"image":{"@id":"https:\/\/keys-for-auto.eu\/cs\/product\/dalkove-ovladani-klice-vhodne-pro-ford-fusion-mondeo-31\/#primaryimage"},"thumbnailUrl":"https:\/\/keys-for-auto.eu\/wp-content\/uploads\/2022\/12\/Ford-mondeo-raktas-nuotoliniu-valdymu-500x5001-removebg-preview.png","datePublished":"2016-04-02T19:21:41+00:00","dateModified":"2023-02-20T17:34:16+00:00","breadcrumb":{"@id":"https:\/\/keys-for-auto.eu\/cs\/product\/dalkove-ovladani-klice-vhodne-pro-ford-fusion-mondeo-31\/#breadcrumb"},"inLanguage":"cs","potentialAction":[{"@type":"ReadAction","target":["https:\/\/keys-for-auto.eu\/cs\/product\/dalkove-ovladani-klice-vhodne-pro-ford-fusion-mondeo-31\/"]}]},{"@type":"ImageObject","inLanguage":"cs","@id":"https:\/\/keys-for-auto.eu\/cs\/product\/dalkove-ovladani-klice-vhodne-pro-ford-fusion-mondeo-31\/#primaryimage","url":"https:\/\/keys-for-auto.eu\/wp-content\/uploads\/2022\/12\/Ford-mondeo-raktas-nuotoliniu-valdymu-500x5001-removebg-preview.png","contentUrl":"https:\/\/keys-for-auto.eu\/wp-content\/uploads\/2022\/12\/Ford-mondeo-raktas-nuotoliniu-valdymu-500x5001-removebg-preview.png","width":500,"height":500},{"@type":"BreadcrumbList","@id":"https:\/\/keys-for-auto.eu\/cs\/product\/dalkove-ovladani-klice-vhodne-pro-ford-fusion-mondeo-31\/#breadcrumb","itemListElement":[{"@type":"ListItem","position":1,"name":"Home","item":"https:\/\/keys-for-auto.eu\/cs\/"},{"@type":"ListItem","position":2,"name":"Shop","item":"https:\/\/keys-for-auto.eu\/"},{"@type":"ListItem","position":3,"name":"D\u00e1lkov\u00fd kl\u00ed\u010d &#8211; vhodn\u00fd pro Ford Fusion | Mondeo 3+1"}]},{"@type":"WebSite","@id":"https:\/\/keys-for-auto.eu\/cs\/#website","url":"https:\/\/keys-for-auto.eu\/cs\/","name":"Keys for auto","description":"Car keys,  key shells, key programming","publisher":{"@id":"https:\/\/keys-for-auto.eu\/cs\/#organization"},"potentialAction":[{"@type":"SearchAction","target":{"@type":"EntryPoint","urlTemplate":"https:\/\/keys-for-auto.eu\/cs\/?s={search_term_string}"},"query-input":{"@type":"PropertyValueSpecification","valueRequired":true,"valueName":"search_term_string"}}],"inLanguage":"cs"},{"@type":"Organization","@id":"https:\/\/keys-for-auto.eu\/cs\/#organization","name":"Kl\u00ed\u010de pro auto","url":"https:\/\/keys-for-auto.eu\/cs\/","logo":{"@type":"ImageObject","inLanguage":"cs","@id":"https:\/\/keys-for-auto.eu\/cs\/#\/schema\/logo\/image\/","url":"https:\/\/keys-for-auto.eu\/wp-content\/uploads\/2022\/11\/cropped-png1.png","contentUrl":"https:\/\/keys-for-auto.eu\/wp-content\/uploads\/2022\/11\/cropped-png1.png","width":1000,"height":342,"caption":"Kl\u00ed\u010de pro auto"},"image":{"@id":"https:\/\/keys-for-auto.eu\/cs\/#\/schema\/logo\/image\/"},"sameAs":["https:\/\/www.facebook.com\/KeysForAutoEU"]}]}},"_links":{"self":[{"href":"https:\/\/keys-for-auto.eu\/cs\/wp-json\/wp\/v2\/product\/22125","targetHints":{"allow":["GET"]}}],"collection":[{"href":"https:\/\/keys-for-auto.eu\/cs\/wp-json\/wp\/v2\/product"}],"about":[{"href":"https:\/\/keys-for-auto.eu\/cs\/wp-json\/wp\/v2\/types\/product"}],"replies":[{"embeddable":true,"href":"https:\/\/keys-for-auto.eu\/cs\/wp-json\/wp\/v2\/comments?post=22125"}],"wp:featuredmedia":[{"embeddable":true,"href":"https:\/\/keys-for-auto.eu\/cs\/wp-json\/wp\/v2\/media\/20769"}],"wp:attachment":[{"href":"https:\/\/keys-for-auto.eu\/cs\/wp-json\/wp\/v2\/media?parent=22125"}],"wp:term":[{"taxonomy":"product_brand","embeddable":true,"href":"https:\/\/keys-for-auto.eu\/cs\/wp-json\/wp\/v2\/product_brand?post=22125"},{"taxonomy":"product_cat","embeddable":true,"href":"https:\/\/keys-for-auto.eu\/cs\/wp-json\/wp\/v2\/product_cat?post=22125"},{"taxonomy":"product_tag","embeddable":true,"href":"https:\/\/keys-for-auto.eu\/cs\/wp-json\/wp\/v2\/product_tag?post=22125"}],"curies":[{"name":"wp","href":"https:\/\/api.w.org\/{rel}","templated":true}]}}