{"id":22112,"date":"2016-04-02T19:14:20","date_gmt":"2016-04-02T19:14:20","guid":{"rendered":"https:\/\/keys-for-auto.eu\/product\/klic-smart-vhodny-pro-vozy-fiat\/"},"modified":"2023-02-20T17:31:40","modified_gmt":"2023-02-20T17:31:40","slug":"smart-key-suitable-for-fiat-cars","status":"publish","type":"product","link":"https:\/\/keys-for-auto.eu\/cs\/product\/smart-key-suitable-for-fiat-cars\/","title":{"rendered":"Kl\u00ed\u010d Smart &#8211; vhodn\u00fd pro vozy Fiat"},"content":{"rendered":"<h2>Kl\u00ed\u010d Smart &#8211; vhodn\u00fd pro vozy Fiat<\/h2>\n<p>P\u0159edstavujeme kl\u00ed\u010d s d\u00e1lkov\u00fdm ovl\u00e1d\u00e1n\u00edm Smart vhodn\u00fd pro vozy Fiat, kter\u00fd pracuje na frekvenci 433 MHz.<\/p>\n<p>Pokud si koup\u00edte kl\u00ed\u010d Fiat Smart, je dobr\u00e9 jej naprogramovat. Programov\u00e1n\u00ed (v\u00e1z\u00e1n\u00ed) kl\u00ed\u010de je spolehlivou ochranou proti kr\u00e1de\u017ei va\u0161eho vozu. Programujeme kl\u00ed\u010de nejen pro Fiat, ale i pro mnoho dal\u0161\u00edch zna\u010dek a model\u016f automobil\u016f. Zaru\u010dujeme kvalitu na\u0161\u00ed pr\u00e1ce a rychl\u00fd a p\u0159\u00edjemn\u00fd servis. V\u011b\u0159\u00edme v profesionalitu na\u0161\u00ed pr\u00e1ce a tuto d\u016fv\u011bru sd\u00edl\u00edme s na\u0161imi z\u00e1kazn\u00edky t\u00edm, \u017ee poskytujeme z\u00e1ruky na prod\u00e1van\u00e9 v\u00fdrobky a poskytovan\u00e9 slu\u017eby.<\/p>\n<p>Programujeme kl\u00ed\u010de. Doporu\u010dujeme v\u00e1m tak\u00e9 objednat si duplik\u00e1t naprogramovan\u00e9ho kl\u00ed\u010de pro p\u0159\u00edpad ztr\u00e1ty nebo po\u0161kozen\u00ed prvn\u00edho kl\u00ed\u010de. V p\u0159\u00edpad\u011b takov\u00e9ho ne\u0161t\u011bst\u00ed nebudete muset volat technika pro nouzov\u00e9 odemknut\u00ed. Na\u0161e slu\u017eby vyu\u017e\u00edvaj\u00ed nejen obyvatel\u00e9 Vilniusu, ale i obyvatel\u00e9 jin\u00fdch m\u011bst, kte\u0159\u00ed oce\u0148uj\u00ed profesionalitu a rychlost na\u0161\u00ed pr\u00e1ce. N\u00e1klady na cestu se jim vyplat\u00ed d\u00edky p\u0159\u00edzniv\u00e9mu pom\u011bru ceny a kvality.<\/p>\n<p>Programov\u00e1n\u00ed autokl\u00ed\u010d\u016f se st\u00e1v\u00e1 st\u00e1le obl\u00edben\u011bj\u0161\u00ed slu\u017ebou, kterou \u0159idi\u010di velmi oce\u0148uj\u00ed. Pokud m\u00e1te z\u00e1jem tak\u00e9 o programov\u00e1n\u00ed kl\u00ed\u010d\u016f od auta, vyberte si profesion\u00e1la a nebudete litovat! Ne nadarmo se \u0159\u00edk\u00e1, \u017ee jde o \u00fasporu pen\u011bz na zabezpe\u010den\u00ed. Pokud si kl\u00ed\u010de od auta nenaprogramujete, zvy\u0161ujete riziko otev\u0159en\u00e9 kr\u00e1de\u017ee (kdy\u017e je auto odcizeno pot\u00e9, co \u0159idi\u010di byly kl\u00ed\u010de odebr\u00e1ny). Jakmile tedy investujete do zabezpe\u010den\u00ed sv\u00e9ho vozidla, budete se za jeho volantem c\u00edtit bezpe\u010dn\u011bji a jist\u011bji, zejm\u00e9na kdy\u017e se od n\u011bj vzd\u00e1l\u00edte na del\u0161\u00ed dobu.<\/p>\n<p>Kl\u00ed\u010de vyr\u00e1b\u00edme ji\u017e l\u00e9ta a chceme sv\u00e9 znalosti, kter\u00e9 jsme za tu dobu z\u00edskali, dob\u0159e vyu\u017e\u00edt &#8211; pro bezpe\u010dnost v\u00e1s i va\u0161eho vozu. Kdy\u017e jsme zakl\u00e1dali na\u0161i firmu, cht\u011bli jsme pracovat v oblasti, kter\u00e1 je n\u00e1m velmi bl\u00edzk\u00e1 &#8211; v\u00fdroba a programov\u00e1n\u00ed autokl\u00ed\u010d\u016f. Ka\u017ed\u00fdm dnem z\u00edsk\u00e1v\u00e1me zku\u0161enosti, zvy\u0161ujeme kvalifikaci a zav\u00e1d\u00edme nov\u00e9 technologie pro bezpe\u010dnost va\u0161eho vozu. Zastavte se a nebudete litovat!<\/p>\n","protected":false},"excerpt":{"rendered":"<p><em><strong>Chytr\u00fd kl\u00ed\u010d &#8211; vhodn\u00fd pro vozy Fiat (433 MHz).<\/strong><\/em><\/p>\n<h3><strong>V\u00fdroba kl\u00ed\u010d\u016f od automobil\u016f<\/strong><\/h3>\n<ul>\n<li><strong>V\u00fdroba nov\u00fdch kl\u00ed\u010d\u016f od vozu, programov\u00e1n\u00ed kl\u00ed\u010d\u016f (&#8222;sv\u00e1z\u00e1n\u00ed&#8220; s vozem)<\/strong><\/li>\n<li><strong>Odstran\u011bn\u00ed d\u0159\u00edve ztracen\u00fdch kl\u00ed\u010d\u016f z pam\u011bti vozidla<\/strong><\/li>\n<li><strong>V\u00fdroba kl\u00ed\u010de zapalov\u00e1n\u00ed podle z\u00e1mku<\/strong><\/li>\n<li><strong>Opravy kl\u00ed\u010d\u016f od automobil\u016f (v\u00fdm\u011bna tla\u010d\u00edtek, pl\u00e1\u0161\u0165\u016f, mechanism\u016f)<\/strong><\/li>\n<li><strong>Nouzov\u00e9 odemyk\u00e1n\u00ed vozu<\/strong><\/li>\n<li><strong>Obchodov\u00e1n\u00ed s kl\u00ed\u010di, pouzdry na kl\u00ed\u010de<\/strong><\/li>\n<li><strong>Vypnut\u00ed softwaru DPF \/ FAP<\/strong><\/li>\n<li><strong>Programov\u00e9 odstran\u011bn\u00ed EGR<\/strong><\/li>\n<li><strong>Deaktivace softwaru imobiliz\u00e9ru (immo Off)<\/strong><\/li>\n<li><strong>Oprava \u0159\u00eddic\u00ed jednotky motoru (ECU), klonov\u00e1n\u00ed, programov\u00e1n\u00ed<\/strong><\/li>\n<li><strong>SRS (programov\u00e1n\u00ed \u0159\u00eddic\u00ed jednotky airbagu)<\/strong><\/li>\n<\/ul>\n<h4><strong>  zbo\u017e\u00ed odesl\u00e1no do 3 pracovn\u00edch dn\u016f.*<\/strong><\/h4>\n","protected":false},"featured_media":20755,"comment_status":"open","ping_status":"closed","template":"","meta":[],"product_brand":[],"product_cat":[4335,4611],"product_tag":[5263],"class_list":{"0":"post-22112","1":"product","2":"type-product","3":"status-publish","4":"has-post-thumbnail","6":"product_cat-fiat-cs","7":"product_cat-klice-dalkoveho-ovladani","8":"product_tag-klic-fiat","10":"first","11":"instock","12":"shipping-taxable","13":"purchasable","14":"product-type-simple"},"yoast_head":"<!-- This site is optimized with the Yoast SEO plugin v27.4 - https:\/\/yoast.com\/product\/yoast-seo-wordpress\/ -->\n<title>Kl\u00ed\u010d Smart - vhodn\u00fd pro vozy Fiat - Keys for auto<\/title>\n<meta name=\"robots\" content=\"index, follow, max-snippet:-1, max-image-preview:large, max-video-preview:-1\" \/>\n<link rel=\"canonical\" href=\"https:\/\/keys-for-auto.eu\/cs\/product\/smart-key-suitable-for-fiat-cars\/\" \/>\n<meta property=\"og:locale\" content=\"cs_CZ\" \/>\n<meta property=\"og:type\" content=\"article\" \/>\n<meta property=\"og:title\" content=\"Kl\u00ed\u010d Smart - vhodn\u00fd pro vozy Fiat - Keys for auto\" \/>\n<meta property=\"og:description\" content=\"Chytr\u00fd kl\u00ed\u010d - vhodn\u00fd pro vozy Fiat (433 MHz). V\u00fdroba kl\u00ed\u010d\u016f od automobil\u016f  V\u00fdroba nov\u00fdch kl\u00ed\u010d\u016f od vozu, programov\u00e1n\u00ed kl\u00ed\u010d\u016f (&quot;sv\u00e1z\u00e1n\u00ed&quot; s vozem)  Odstran\u011bn\u00ed d\u0159\u00edve ztracen\u00fdch kl\u00ed\u010d\u016f z pam\u011bti vozidla  V\u00fdroba kl\u00ed\u010de zapalov\u00e1n\u00ed podle z\u00e1mku  Opravy kl\u00ed\u010d\u016f od automobil\u016f (v\u00fdm\u011bna tla\u010d\u00edtek, pl\u00e1\u0161\u0165\u016f, mechanism\u016f)  Nouzov\u00e9 odemyk\u00e1n\u00ed vozu  Obchodov\u00e1n\u00ed s kl\u00ed\u010di, pouzdry na kl\u00ed\u010de  Vypnut\u00ed softwaru DPF \/ FAP  Programov\u00e9 odstran\u011bn\u00ed EGR  Deaktivace softwaru imobiliz\u00e9ru (immo Off)  Oprava \u0159\u00eddic\u00ed jednotky motoru (ECU), klonov\u00e1n\u00ed, programov\u00e1n\u00ed  SRS (programov\u00e1n\u00ed \u0159\u00eddic\u00ed jednotky airbagu)  zbo\u017e\u00ed odesl\u00e1no do 3 pracovn\u00edch dn\u016f.*\" \/>\n<meta property=\"og:url\" content=\"https:\/\/keys-for-auto.eu\/cs\/product\/smart-key-suitable-for-fiat-cars\/\" \/>\n<meta property=\"og:site_name\" content=\"Keys for auto\" \/>\n<meta property=\"article:publisher\" content=\"https:\/\/www.facebook.com\/KeysForAutoEU\" \/>\n<meta property=\"article:modified_time\" content=\"2023-02-20T17:31:40+00:00\" \/>\n<meta property=\"og:image\" content=\"https:\/\/keys-for-auto.eu\/wp-content\/uploads\/2022\/12\/Fiat-smart-raktas-500x500-removebg-preview.png\" \/>\n\t<meta property=\"og:image:width\" content=\"500\" \/>\n\t<meta property=\"og:image:height\" content=\"500\" \/>\n\t<meta property=\"og:image:type\" content=\"image\/png\" \/>\n<meta name=\"twitter:card\" content=\"summary_large_image\" \/>\n<meta name=\"twitter:label1\" content=\"Odhadovan\u00e1 doba \u010dten\u00ed\" \/>\n\t<meta name=\"twitter:data1\" content=\"2 minuty\" \/>\n<script type=\"application\/ld+json\" class=\"yoast-schema-graph\">{\"@context\":\"https:\\\/\\\/schema.org\",\"@graph\":[{\"@type\":[\"WebPage\",\"ItemPage\"],\"@id\":\"https:\\\/\\\/keys-for-auto.eu\\\/cs\\\/product\\\/smart-key-suitable-for-fiat-cars\\\/\",\"url\":\"https:\\\/\\\/keys-for-auto.eu\\\/cs\\\/product\\\/smart-key-suitable-for-fiat-cars\\\/\",\"name\":\"Kl\u00ed\u010d Smart - vhodn\u00fd pro vozy Fiat - Keys for auto\",\"isPartOf\":{\"@id\":\"https:\\\/\\\/keys-for-auto.eu\\\/cs\\\/#website\"},\"primaryImageOfPage\":{\"@id\":\"https:\\\/\\\/keys-for-auto.eu\\\/cs\\\/product\\\/smart-key-suitable-for-fiat-cars\\\/#primaryimage\"},\"image\":{\"@id\":\"https:\\\/\\\/keys-for-auto.eu\\\/cs\\\/product\\\/smart-key-suitable-for-fiat-cars\\\/#primaryimage\"},\"thumbnailUrl\":\"https:\\\/\\\/keys-for-auto.eu\\\/wp-content\\\/uploads\\\/2022\\\/12\\\/Fiat-smart-raktas-500x500-removebg-preview.png\",\"datePublished\":\"2016-04-02T19:14:20+00:00\",\"dateModified\":\"2023-02-20T17:31:40+00:00\",\"breadcrumb\":{\"@id\":\"https:\\\/\\\/keys-for-auto.eu\\\/cs\\\/product\\\/smart-key-suitable-for-fiat-cars\\\/#breadcrumb\"},\"inLanguage\":\"cs\",\"potentialAction\":[{\"@type\":\"ReadAction\",\"target\":[\"https:\\\/\\\/keys-for-auto.eu\\\/cs\\\/product\\\/smart-key-suitable-for-fiat-cars\\\/\"]}]},{\"@type\":\"ImageObject\",\"inLanguage\":\"cs\",\"@id\":\"https:\\\/\\\/keys-for-auto.eu\\\/cs\\\/product\\\/smart-key-suitable-for-fiat-cars\\\/#primaryimage\",\"url\":\"https:\\\/\\\/keys-for-auto.eu\\\/wp-content\\\/uploads\\\/2022\\\/12\\\/Fiat-smart-raktas-500x500-removebg-preview.png\",\"contentUrl\":\"https:\\\/\\\/keys-for-auto.eu\\\/wp-content\\\/uploads\\\/2022\\\/12\\\/Fiat-smart-raktas-500x500-removebg-preview.png\",\"width\":500,\"height\":500},{\"@type\":\"BreadcrumbList\",\"@id\":\"https:\\\/\\\/keys-for-auto.eu\\\/cs\\\/product\\\/smart-key-suitable-for-fiat-cars\\\/#breadcrumb\",\"itemListElement\":[{\"@type\":\"ListItem\",\"position\":1,\"name\":\"Home\",\"item\":\"https:\\\/\\\/keys-for-auto.eu\\\/cs\\\/\"},{\"@type\":\"ListItem\",\"position\":2,\"name\":\"Shop\",\"item\":\"https:\\\/\\\/keys-for-auto.eu\\\/\"},{\"@type\":\"ListItem\",\"position\":3,\"name\":\"Kl\u00ed\u010d Smart &#8211; vhodn\u00fd pro vozy Fiat\"}]},{\"@type\":\"WebSite\",\"@id\":\"https:\\\/\\\/keys-for-auto.eu\\\/cs\\\/#website\",\"url\":\"https:\\\/\\\/keys-for-auto.eu\\\/cs\\\/\",\"name\":\"Keys for auto\",\"description\":\"Car keys,  key shells, key programming\",\"publisher\":{\"@id\":\"https:\\\/\\\/keys-for-auto.eu\\\/cs\\\/#organization\"},\"potentialAction\":[{\"@type\":\"SearchAction\",\"target\":{\"@type\":\"EntryPoint\",\"urlTemplate\":\"https:\\\/\\\/keys-for-auto.eu\\\/cs\\\/?s={search_term_string}\"},\"query-input\":{\"@type\":\"PropertyValueSpecification\",\"valueRequired\":true,\"valueName\":\"search_term_string\"}}],\"inLanguage\":\"cs\"},{\"@type\":\"Organization\",\"@id\":\"https:\\\/\\\/keys-for-auto.eu\\\/cs\\\/#organization\",\"name\":\"Kl\u00ed\u010de pro auto\",\"url\":\"https:\\\/\\\/keys-for-auto.eu\\\/cs\\\/\",\"logo\":{\"@type\":\"ImageObject\",\"inLanguage\":\"cs\",\"@id\":\"https:\\\/\\\/keys-for-auto.eu\\\/cs\\\/#\\\/schema\\\/logo\\\/image\\\/\",\"url\":\"https:\\\/\\\/keys-for-auto.eu\\\/wp-content\\\/uploads\\\/2022\\\/11\\\/cropped-png1.png\",\"contentUrl\":\"https:\\\/\\\/keys-for-auto.eu\\\/wp-content\\\/uploads\\\/2022\\\/11\\\/cropped-png1.png\",\"width\":1000,\"height\":342,\"caption\":\"Kl\u00ed\u010de pro auto\"},\"image\":{\"@id\":\"https:\\\/\\\/keys-for-auto.eu\\\/cs\\\/#\\\/schema\\\/logo\\\/image\\\/\"},\"sameAs\":[\"https:\\\/\\\/www.facebook.com\\\/KeysForAutoEU\"]}]}<\/script>\n<!-- \/ Yoast SEO plugin. -->","yoast_head_json":{"title":"Kl\u00ed\u010d Smart - vhodn\u00fd pro vozy Fiat - Keys for auto","robots":{"index":"index","follow":"follow","max-snippet":"max-snippet:-1","max-image-preview":"max-image-preview:large","max-video-preview":"max-video-preview:-1"},"canonical":"https:\/\/keys-for-auto.eu\/cs\/product\/smart-key-suitable-for-fiat-cars\/","og_locale":"cs_CZ","og_type":"article","og_title":"Kl\u00ed\u010d Smart - vhodn\u00fd pro vozy Fiat - Keys for auto","og_description":"Chytr\u00fd kl\u00ed\u010d - vhodn\u00fd pro vozy Fiat (433 MHz). V\u00fdroba kl\u00ed\u010d\u016f od automobil\u016f  V\u00fdroba nov\u00fdch kl\u00ed\u010d\u016f od vozu, programov\u00e1n\u00ed kl\u00ed\u010d\u016f (\"sv\u00e1z\u00e1n\u00ed\" s vozem)  Odstran\u011bn\u00ed d\u0159\u00edve ztracen\u00fdch kl\u00ed\u010d\u016f z pam\u011bti vozidla  V\u00fdroba kl\u00ed\u010de zapalov\u00e1n\u00ed podle z\u00e1mku  Opravy kl\u00ed\u010d\u016f od automobil\u016f (v\u00fdm\u011bna tla\u010d\u00edtek, pl\u00e1\u0161\u0165\u016f, mechanism\u016f)  Nouzov\u00e9 odemyk\u00e1n\u00ed vozu  Obchodov\u00e1n\u00ed s kl\u00ed\u010di, pouzdry na kl\u00ed\u010de  Vypnut\u00ed softwaru DPF \/ FAP  Programov\u00e9 odstran\u011bn\u00ed EGR  Deaktivace softwaru imobiliz\u00e9ru (immo Off)  Oprava \u0159\u00eddic\u00ed jednotky motoru (ECU), klonov\u00e1n\u00ed, programov\u00e1n\u00ed  SRS (programov\u00e1n\u00ed \u0159\u00eddic\u00ed jednotky airbagu)  zbo\u017e\u00ed odesl\u00e1no do 3 pracovn\u00edch dn\u016f.*","og_url":"https:\/\/keys-for-auto.eu\/cs\/product\/smart-key-suitable-for-fiat-cars\/","og_site_name":"Keys for auto","article_publisher":"https:\/\/www.facebook.com\/KeysForAutoEU","article_modified_time":"2023-02-20T17:31:40+00:00","og_image":[{"width":500,"height":500,"url":"https:\/\/keys-for-auto.eu\/wp-content\/uploads\/2022\/12\/Fiat-smart-raktas-500x500-removebg-preview.png","type":"image\/png"}],"twitter_card":"summary_large_image","twitter_misc":{"Odhadovan\u00e1 doba \u010dten\u00ed":"2 minuty"},"schema":{"@context":"https:\/\/schema.org","@graph":[{"@type":["WebPage","ItemPage"],"@id":"https:\/\/keys-for-auto.eu\/cs\/product\/smart-key-suitable-for-fiat-cars\/","url":"https:\/\/keys-for-auto.eu\/cs\/product\/smart-key-suitable-for-fiat-cars\/","name":"Kl\u00ed\u010d Smart - vhodn\u00fd pro vozy Fiat - Keys for auto","isPartOf":{"@id":"https:\/\/keys-for-auto.eu\/cs\/#website"},"primaryImageOfPage":{"@id":"https:\/\/keys-for-auto.eu\/cs\/product\/smart-key-suitable-for-fiat-cars\/#primaryimage"},"image":{"@id":"https:\/\/keys-for-auto.eu\/cs\/product\/smart-key-suitable-for-fiat-cars\/#primaryimage"},"thumbnailUrl":"https:\/\/keys-for-auto.eu\/wp-content\/uploads\/2022\/12\/Fiat-smart-raktas-500x500-removebg-preview.png","datePublished":"2016-04-02T19:14:20+00:00","dateModified":"2023-02-20T17:31:40+00:00","breadcrumb":{"@id":"https:\/\/keys-for-auto.eu\/cs\/product\/smart-key-suitable-for-fiat-cars\/#breadcrumb"},"inLanguage":"cs","potentialAction":[{"@type":"ReadAction","target":["https:\/\/keys-for-auto.eu\/cs\/product\/smart-key-suitable-for-fiat-cars\/"]}]},{"@type":"ImageObject","inLanguage":"cs","@id":"https:\/\/keys-for-auto.eu\/cs\/product\/smart-key-suitable-for-fiat-cars\/#primaryimage","url":"https:\/\/keys-for-auto.eu\/wp-content\/uploads\/2022\/12\/Fiat-smart-raktas-500x500-removebg-preview.png","contentUrl":"https:\/\/keys-for-auto.eu\/wp-content\/uploads\/2022\/12\/Fiat-smart-raktas-500x500-removebg-preview.png","width":500,"height":500},{"@type":"BreadcrumbList","@id":"https:\/\/keys-for-auto.eu\/cs\/product\/smart-key-suitable-for-fiat-cars\/#breadcrumb","itemListElement":[{"@type":"ListItem","position":1,"name":"Home","item":"https:\/\/keys-for-auto.eu\/cs\/"},{"@type":"ListItem","position":2,"name":"Shop","item":"https:\/\/keys-for-auto.eu\/"},{"@type":"ListItem","position":3,"name":"Kl\u00ed\u010d Smart &#8211; vhodn\u00fd pro vozy Fiat"}]},{"@type":"WebSite","@id":"https:\/\/keys-for-auto.eu\/cs\/#website","url":"https:\/\/keys-for-auto.eu\/cs\/","name":"Keys for auto","description":"Car keys,  key shells, key programming","publisher":{"@id":"https:\/\/keys-for-auto.eu\/cs\/#organization"},"potentialAction":[{"@type":"SearchAction","target":{"@type":"EntryPoint","urlTemplate":"https:\/\/keys-for-auto.eu\/cs\/?s={search_term_string}"},"query-input":{"@type":"PropertyValueSpecification","valueRequired":true,"valueName":"search_term_string"}}],"inLanguage":"cs"},{"@type":"Organization","@id":"https:\/\/keys-for-auto.eu\/cs\/#organization","name":"Kl\u00ed\u010de pro auto","url":"https:\/\/keys-for-auto.eu\/cs\/","logo":{"@type":"ImageObject","inLanguage":"cs","@id":"https:\/\/keys-for-auto.eu\/cs\/#\/schema\/logo\/image\/","url":"https:\/\/keys-for-auto.eu\/wp-content\/uploads\/2022\/11\/cropped-png1.png","contentUrl":"https:\/\/keys-for-auto.eu\/wp-content\/uploads\/2022\/11\/cropped-png1.png","width":1000,"height":342,"caption":"Kl\u00ed\u010de pro auto"},"image":{"@id":"https:\/\/keys-for-auto.eu\/cs\/#\/schema\/logo\/image\/"},"sameAs":["https:\/\/www.facebook.com\/KeysForAutoEU"]}]}},"_links":{"self":[{"href":"https:\/\/keys-for-auto.eu\/cs\/wp-json\/wp\/v2\/product\/22112","targetHints":{"allow":["GET"]}}],"collection":[{"href":"https:\/\/keys-for-auto.eu\/cs\/wp-json\/wp\/v2\/product"}],"about":[{"href":"https:\/\/keys-for-auto.eu\/cs\/wp-json\/wp\/v2\/types\/product"}],"replies":[{"embeddable":true,"href":"https:\/\/keys-for-auto.eu\/cs\/wp-json\/wp\/v2\/comments?post=22112"}],"wp:featuredmedia":[{"embeddable":true,"href":"https:\/\/keys-for-auto.eu\/cs\/wp-json\/wp\/v2\/media\/20755"}],"wp:attachment":[{"href":"https:\/\/keys-for-auto.eu\/cs\/wp-json\/wp\/v2\/media?parent=22112"}],"wp:term":[{"taxonomy":"product_brand","embeddable":true,"href":"https:\/\/keys-for-auto.eu\/cs\/wp-json\/wp\/v2\/product_brand?post=22112"},{"taxonomy":"product_cat","embeddable":true,"href":"https:\/\/keys-for-auto.eu\/cs\/wp-json\/wp\/v2\/product_cat?post=22112"},{"taxonomy":"product_tag","embeddable":true,"href":"https:\/\/keys-for-auto.eu\/cs\/wp-json\/wp\/v2\/product_tag?post=22112"}],"curies":[{"name":"wp","href":"https:\/\/api.w.org\/{rel}","templated":true}]}}