{"id":22107,"date":"2016-04-02T19:17:22","date_gmt":"2016-04-02T19:17:22","guid":{"rendered":"https:\/\/keys-for-auto.eu\/product\/dalkove-ovladani-vhodne-pro-ford-falcon\/"},"modified":"2023-02-20T17:34:16","modified_gmt":"2023-02-20T17:34:16","slug":"dalkove-ovladani-vhodne-pro-ford-falcon","status":"publish","type":"product","link":"https:\/\/keys-for-auto.eu\/cs\/product\/dalkove-ovladani-vhodne-pro-ford-falcon\/","title":{"rendered":"D\u00e1lkov\u00e9 ovl\u00e1d\u00e1n\u00ed &#8211; vhodn\u00e9 pro Ford Falcon"},"content":{"rendered":"<h2><strong>D\u00e1lkov\u00e9 ovl\u00e1d\u00e1n\u00ed &#8211; vhodn\u00e9 pro Ford Falcon<\/strong><\/h2>\n<p>P\u0159edstavujeme d\u00e1lkov\u00e9 ovl\u00e1d\u00e1n\u00ed pro Ford Falkon. Je vhodn\u00fd pro modely vyroben\u00e9 v letech 2002 a\u017e 2007. Pracuje na frekvenci 304 MHz.<\/p>\n<p>Neprod\u00e1v\u00e1me jen d\u00e1lkov\u00e9 ovlada\u010de a pouzdra na kl\u00ed\u010de. Na\u0161\u00ed hlavn\u00ed slu\u017ebou je programov\u00e1n\u00ed kl\u00ed\u010d\u016f. Programujeme kl\u00ed\u010de pro v\u0161echny zna\u010dky a modely automobil\u016f. Programov\u00e1n\u00ed kl\u00ed\u010d\u016f je velmi zodpov\u011bdn\u00e1 pr\u00e1ce. Na tom z\u00e1vis\u00ed bezpe\u010dnost va\u0161eho vozu. Proto si nedovol\u00edme zanedb\u00e1vat na\u0161i pr\u00e1ci. V\u0161e d\u011bl\u00e1me precizn\u011b a s vyu\u017eit\u00edm nejmodern\u011bj\u0161\u00edch technologi\u00ed. Programujeme kl\u00ed\u010de ve Vilniusu, ale na\u0161e slu\u017eby vyu\u017e\u00edvaj\u00ed i obyvatel\u00e9 jin\u00fdch m\u011bst. Oce\u0148uj\u00ed kvalitu na\u0161\u00ed pr\u00e1ce. Dejte si tak\u00e9 \u0161anci ocenit na\u0161i pr\u00e1ci!<\/p>\n<p>Programov\u00e1n\u00ed kl\u00ed\u010d\u016f od auta je d\u016fle\u017eit\u00e9 pro mnoho majitel\u016f modern\u00edch automobil\u016f. Modern\u00ed vozidla se neomezuj\u00ed pouze na mechanick\u00e9 zamyk\u00e1n\u00ed. Modern\u00ed kl\u00ed\u010de od auta jsou chr\u00e1n\u011bny elektronick\u00fdm k\u00f3dem. Tento zp\u016fsob zabezpe\u010den\u00ed vozu umo\u017e\u0148uje odemknut\u00ed vozu pouze majiteli. V\u00edce informac\u00ed o technologi\u00edch zapojen\u00fdch do tohoto procesu a kl\u00ed\u010dov\u00e9m programov\u00e1n\u00ed najdete zde.<\/p>\n<h3>Kl\u00ed\u010dov\u00e1 v\u00fdroba<\/h3>\n<p>V\u00fdroba kl\u00ed\u010d\u016f ve Vilniusu se st\u00e1v\u00e1 st\u00e1le obl\u00edben\u011bj\u0161\u00ed slu\u017ebou. Objevuje se st\u00e1le v\u00edce poskytovatel\u016f. Proto je d\u016fle\u017eit\u00e9, abyste p\u0159i v\u00fdb\u011bru neud\u011blali chybu. Pokud pot\u0159ebujete naprogramovat kl\u00ed\u010d pro sv\u016fj Ford, spolehn\u011bte se na n\u00e1s! Nev\u00e1hejte a objednejte si programov\u00e1n\u00ed kl\u00ed\u010d\u016f. Mal\u00e1 investice v\u00e1m p\u0159inese v\u00fdznamn\u00e9 v\u00fdhody. Kl\u00ed\u010d, kter\u00fd je p\u0159izp\u016fsoben va\u0161emu vozu a naprogramov\u00e1n podle zna\u010dky va\u0161eho vozu, je z\u00e1rukou bezpe\u010dnosti.<\/p>\n<p>\u0158\u00edk\u00e1 se, \u017ee je nebezpe\u010dn\u00e9 c\u00edtit se zcela bezpe\u010dn\u011b. Kr\u00e1de\u017ee aut jsou na vzestupu a je nerozumn\u00e9 tuto skute\u010dnost ignorovat. Postarejte se o programov\u00e1n\u00ed kl\u00ed\u010d\u016f je\u0161t\u011b dnes! Na\u0161e programov\u00e1n\u00ed kl\u00ed\u010d\u016f od automobil\u016f prov\u00e1d\u00edme v souladu s nejvy\u0161\u0161\u00edmi po\u017eadavky na kvalitu. Velkou pozornost v\u011bnujeme tak\u00e9 lidsk\u00e9mu faktoru. Z\u00e1le\u017e\u00ed n\u00e1m na kompetentnosti na\u0161ich zam\u011bstnanc\u016f. Sv\u00e9 znalosti si pr\u016fb\u011b\u017en\u011b dopl\u0148uj\u00ed v kurzech a semin\u00e1\u0159\u00edch pro dr\u017eitele kl\u00ed\u010d\u016f.<\/p>\n<h3>Kl\u00ed\u010de od auta<\/h3>\n<p>Kl\u00ed\u010de od auta jsou na\u0161\u00edm oborem a spole\u010dn\u00fdm poutem, kter\u00e9 n\u00e1s s v\u00e1mi spojuje. Jeliko\u017e jsou z\u00e1jmy oboustrann\u00e9, v\u00fdsledky mohou b\u00fdt jen pot\u011b\u0161uj\u00edc\u00ed! Obra\u0165te se na n\u00e1s a my se postar\u00e1me o bezpe\u010dnost va\u0161eho vozu.<\/p>\n","protected":false},"excerpt":{"rendered":"<h1 class=\"product-name\" style=\"box-sizing: content-box; margin: 0px 0px 8px; padding: 0px 0px 0px 15px; border: 0px; font-stretch: inherit; font-size: 18px; line-height: 22px; font-family: Arial, Helvetica, sans-senif, SimSun, \u5b8b\u4f53; vertical-align: baseline;\">D\u00e1lkov\u00e9 ovl\u00e1d\u00e1n\u00ed vhodn\u00e9 pro FORD Falcon (2002-2007) &#8211; 304MHZ<\/h1>\n<h3><\/h3>\n<h3><strong>V\u00fdroba kl\u00ed\u010d\u016f od automobil\u016f<\/strong><\/h3>\n<ul>\n<li><strong>V\u00fdroba nov\u00fdch kl\u00ed\u010d\u016f od vozu, programov\u00e1n\u00ed kl\u00ed\u010d\u016f (&#8222;sv\u00e1z\u00e1n\u00ed&#8220; s vozem)<\/strong><\/li>\n<li><strong>Odstran\u011bn\u00ed d\u0159\u00edve ztracen\u00fdch kl\u00ed\u010d\u016f z pam\u011bti vozidla<\/strong><\/li>\n<li><strong>V\u00fdroba kl\u00ed\u010de zapalov\u00e1n\u00ed podle z\u00e1mku<\/strong><\/li>\n<li><strong>Opravy kl\u00ed\u010d\u016f od automobil\u016f (v\u00fdm\u011bna tla\u010d\u00edtek, pl\u00e1\u0161\u0165\u016f, mechanism\u016f)<\/strong><\/li>\n<li><strong>Nouzov\u00e9 odemyk\u00e1n\u00ed vozu<\/strong><\/li>\n<li><strong>Obchodov\u00e1n\u00ed s kl\u00ed\u010di, pouzdry na kl\u00ed\u010de<\/strong><\/li>\n<li><strong>Vypnut\u00ed softwaru DPF \/ FAP<\/strong><\/li>\n<li><strong>Programov\u00e9 odstran\u011bn\u00ed EGR<\/strong><\/li>\n<li><strong>Deaktivace softwaru imobiliz\u00e9ru (immo Off)<\/strong><\/li>\n<li><strong>Oprava \u0159\u00eddic\u00ed jednotky motoru (ECU), klonov\u00e1n\u00ed, programov\u00e1n\u00ed<\/strong><\/li>\n<li><strong>SRS (programov\u00e1n\u00ed \u0159\u00eddic\u00ed jednotky airbagu)<\/strong><\/li>\n<\/ul>\n<h4><strong>  zbo\u017e\u00ed odesl\u00e1no do 3 pracovn\u00edch dn\u016f.*<\/strong><\/h4>\n","protected":false},"featured_media":20761,"comment_status":"open","ping_status":"closed","template":"","meta":[],"product_brand":[],"product_cat":[4416,4611],"product_tag":[5306,5259,5315],"class_list":{"0":"post-22107","1":"product","2":"type-product","3":"status-publish","4":"has-post-thumbnail","6":"product_cat-ford-cs","7":"product_cat-klice-dalkoveho-ovladani","8":"product_tag-dalkove-ovladani-ford","9":"product_tag-klic-ford","10":"product_tag-klic-ford-falcon","12":"first","13":"instock","14":"shipping-taxable","15":"purchasable","16":"product-type-simple"},"yoast_head":"<!-- This site is optimized with the Yoast SEO plugin v27.6 - https:\/\/yoast.com\/product\/yoast-seo-wordpress\/ -->\n<title>D\u00e1lkov\u00e9 ovl\u00e1d\u00e1n\u00ed - vhodn\u00e9 pro Ford Falcon - Keys for auto<\/title>\n<meta name=\"robots\" content=\"index, follow, max-snippet:-1, max-image-preview:large, max-video-preview:-1\" \/>\n<link rel=\"canonical\" href=\"https:\/\/keys-for-auto.eu\/cs\/product\/dalkove-ovladani-vhodne-pro-ford-falcon\/\" \/>\n<meta property=\"og:locale\" content=\"cs_CZ\" \/>\n<meta property=\"og:type\" content=\"article\" \/>\n<meta property=\"og:title\" content=\"D\u00e1lkov\u00e9 ovl\u00e1d\u00e1n\u00ed - vhodn\u00e9 pro Ford Falcon - Keys for auto\" \/>\n<meta property=\"og:description\" content=\"D\u00e1lkov\u00e9 ovl\u00e1d\u00e1n\u00ed vhodn\u00e9 pro FORD Falcon (2002-2007) - 304MHZ V\u00fdroba kl\u00ed\u010d\u016f od automobil\u016f  V\u00fdroba nov\u00fdch kl\u00ed\u010d\u016f od vozu, programov\u00e1n\u00ed kl\u00ed\u010d\u016f (&quot;sv\u00e1z\u00e1n\u00ed&quot; s vozem)  Odstran\u011bn\u00ed d\u0159\u00edve ztracen\u00fdch kl\u00ed\u010d\u016f z pam\u011bti vozidla  V\u00fdroba kl\u00ed\u010de zapalov\u00e1n\u00ed podle z\u00e1mku  Opravy kl\u00ed\u010d\u016f od automobil\u016f (v\u00fdm\u011bna tla\u010d\u00edtek, pl\u00e1\u0161\u0165\u016f, mechanism\u016f)  Nouzov\u00e9 odemyk\u00e1n\u00ed vozu  Obchodov\u00e1n\u00ed s kl\u00ed\u010di, pouzdry na kl\u00ed\u010de  Vypnut\u00ed softwaru DPF \/ FAP  Programov\u00e9 odstran\u011bn\u00ed EGR  Deaktivace softwaru imobiliz\u00e9ru (immo Off)  Oprava \u0159\u00eddic\u00ed jednotky motoru (ECU), klonov\u00e1n\u00ed, programov\u00e1n\u00ed  SRS (programov\u00e1n\u00ed \u0159\u00eddic\u00ed jednotky airbagu)  zbo\u017e\u00ed odesl\u00e1no do 3 pracovn\u00edch dn\u016f.*\" \/>\n<meta property=\"og:url\" content=\"https:\/\/keys-for-auto.eu\/cs\/product\/dalkove-ovladani-vhodne-pro-ford-falcon\/\" \/>\n<meta property=\"og:site_name\" content=\"Keys for auto\" \/>\n<meta property=\"article:publisher\" content=\"https:\/\/www.facebook.com\/KeysForAutoEU\" \/>\n<meta property=\"article:modified_time\" content=\"2023-02-20T17:34:16+00:00\" \/>\n<meta property=\"og:image\" content=\"https:\/\/i0.wp.com\/keys-for-auto.eu\/wp-content\/uploads\/2022\/12\/Ford-4-mygtuku-304mhz-nuotolinio-valdymo-pultas-500x5001-removebg-preview.png?fit=500%2C500&ssl=1\" \/>\n\t<meta property=\"og:image:width\" content=\"500\" \/>\n\t<meta property=\"og:image:height\" content=\"500\" \/>\n\t<meta property=\"og:image:type\" content=\"image\/png\" \/>\n<meta name=\"twitter:card\" content=\"summary_large_image\" \/>\n<meta name=\"twitter:label1\" content=\"Odhadovan\u00e1 doba \u010dten\u00ed\" \/>\n\t<meta name=\"twitter:data1\" content=\"2 minuty\" \/>\n<script type=\"application\/ld+json\" class=\"yoast-schema-graph\">{\"@context\":\"https:\\\/\\\/schema.org\",\"@graph\":[{\"@type\":[\"WebPage\",\"ItemPage\"],\"@id\":\"https:\\\/\\\/keys-for-auto.eu\\\/cs\\\/product\\\/dalkove-ovladani-vhodne-pro-ford-falcon\\\/\",\"url\":\"https:\\\/\\\/keys-for-auto.eu\\\/cs\\\/product\\\/dalkove-ovladani-vhodne-pro-ford-falcon\\\/\",\"name\":\"D\u00e1lkov\u00e9 ovl\u00e1d\u00e1n\u00ed - vhodn\u00e9 pro Ford Falcon - Keys for auto\",\"isPartOf\":{\"@id\":\"https:\\\/\\\/keys-for-auto.eu\\\/cs\\\/#website\"},\"primaryImageOfPage\":{\"@id\":\"https:\\\/\\\/keys-for-auto.eu\\\/cs\\\/product\\\/dalkove-ovladani-vhodne-pro-ford-falcon\\\/#primaryimage\"},\"image\":{\"@id\":\"https:\\\/\\\/keys-for-auto.eu\\\/cs\\\/product\\\/dalkove-ovladani-vhodne-pro-ford-falcon\\\/#primaryimage\"},\"thumbnailUrl\":\"https:\\\/\\\/keys-for-auto.eu\\\/wp-content\\\/uploads\\\/2022\\\/12\\\/Ford-4-mygtuku-304mhz-nuotolinio-valdymo-pultas-500x5001-removebg-preview.png\",\"datePublished\":\"2016-04-02T19:17:22+00:00\",\"dateModified\":\"2023-02-20T17:34:16+00:00\",\"breadcrumb\":{\"@id\":\"https:\\\/\\\/keys-for-auto.eu\\\/cs\\\/product\\\/dalkove-ovladani-vhodne-pro-ford-falcon\\\/#breadcrumb\"},\"inLanguage\":\"cs\",\"potentialAction\":[{\"@type\":\"ReadAction\",\"target\":[\"https:\\\/\\\/keys-for-auto.eu\\\/cs\\\/product\\\/dalkove-ovladani-vhodne-pro-ford-falcon\\\/\"]}]},{\"@type\":\"ImageObject\",\"inLanguage\":\"cs\",\"@id\":\"https:\\\/\\\/keys-for-auto.eu\\\/cs\\\/product\\\/dalkove-ovladani-vhodne-pro-ford-falcon\\\/#primaryimage\",\"url\":\"https:\\\/\\\/keys-for-auto.eu\\\/wp-content\\\/uploads\\\/2022\\\/12\\\/Ford-4-mygtuku-304mhz-nuotolinio-valdymo-pultas-500x5001-removebg-preview.png\",\"contentUrl\":\"https:\\\/\\\/keys-for-auto.eu\\\/wp-content\\\/uploads\\\/2022\\\/12\\\/Ford-4-mygtuku-304mhz-nuotolinio-valdymo-pultas-500x5001-removebg-preview.png\",\"width\":500,\"height\":500},{\"@type\":\"BreadcrumbList\",\"@id\":\"https:\\\/\\\/keys-for-auto.eu\\\/cs\\\/product\\\/dalkove-ovladani-vhodne-pro-ford-falcon\\\/#breadcrumb\",\"itemListElement\":[{\"@type\":\"ListItem\",\"position\":1,\"name\":\"Home\",\"item\":\"https:\\\/\\\/keys-for-auto.eu\\\/cs\\\/\"},{\"@type\":\"ListItem\",\"position\":2,\"name\":\"Shop\",\"item\":\"https:\\\/\\\/keys-for-auto.eu\\\/\"},{\"@type\":\"ListItem\",\"position\":3,\"name\":\"D\u00e1lkov\u00e9 ovl\u00e1d\u00e1n\u00ed &#8211; vhodn\u00e9 pro Ford Falcon\"}]},{\"@type\":\"WebSite\",\"@id\":\"https:\\\/\\\/keys-for-auto.eu\\\/cs\\\/#website\",\"url\":\"https:\\\/\\\/keys-for-auto.eu\\\/cs\\\/\",\"name\":\"Keys for auto\",\"description\":\"Car keys,  key shells, key programming\",\"publisher\":{\"@id\":\"https:\\\/\\\/keys-for-auto.eu\\\/cs\\\/#organization\"},\"potentialAction\":[{\"@type\":\"SearchAction\",\"target\":{\"@type\":\"EntryPoint\",\"urlTemplate\":\"https:\\\/\\\/keys-for-auto.eu\\\/cs\\\/?s={search_term_string}\"},\"query-input\":{\"@type\":\"PropertyValueSpecification\",\"valueRequired\":true,\"valueName\":\"search_term_string\"}}],\"inLanguage\":\"cs\"},{\"@type\":\"Organization\",\"@id\":\"https:\\\/\\\/keys-for-auto.eu\\\/cs\\\/#organization\",\"name\":\"Kl\u00ed\u010de pro auto\",\"url\":\"https:\\\/\\\/keys-for-auto.eu\\\/cs\\\/\",\"logo\":{\"@type\":\"ImageObject\",\"inLanguage\":\"cs\",\"@id\":\"https:\\\/\\\/keys-for-auto.eu\\\/cs\\\/#\\\/schema\\\/logo\\\/image\\\/\",\"url\":\"https:\\\/\\\/keys-for-auto.eu\\\/wp-content\\\/uploads\\\/2022\\\/11\\\/cropped-png1.png\",\"contentUrl\":\"https:\\\/\\\/keys-for-auto.eu\\\/wp-content\\\/uploads\\\/2022\\\/11\\\/cropped-png1.png\",\"width\":1000,\"height\":342,\"caption\":\"Kl\u00ed\u010de pro auto\"},\"image\":{\"@id\":\"https:\\\/\\\/keys-for-auto.eu\\\/cs\\\/#\\\/schema\\\/logo\\\/image\\\/\"},\"sameAs\":[\"https:\\\/\\\/www.facebook.com\\\/KeysForAutoEU\"]}]}<\/script>\n<!-- \/ Yoast SEO plugin. -->","yoast_head_json":{"title":"D\u00e1lkov\u00e9 ovl\u00e1d\u00e1n\u00ed - vhodn\u00e9 pro Ford Falcon - Keys for auto","robots":{"index":"index","follow":"follow","max-snippet":"max-snippet:-1","max-image-preview":"max-image-preview:large","max-video-preview":"max-video-preview:-1"},"canonical":"https:\/\/keys-for-auto.eu\/cs\/product\/dalkove-ovladani-vhodne-pro-ford-falcon\/","og_locale":"cs_CZ","og_type":"article","og_title":"D\u00e1lkov\u00e9 ovl\u00e1d\u00e1n\u00ed - vhodn\u00e9 pro Ford Falcon - Keys for auto","og_description":"D\u00e1lkov\u00e9 ovl\u00e1d\u00e1n\u00ed vhodn\u00e9 pro FORD Falcon (2002-2007) - 304MHZ V\u00fdroba kl\u00ed\u010d\u016f od automobil\u016f  V\u00fdroba nov\u00fdch kl\u00ed\u010d\u016f od vozu, programov\u00e1n\u00ed kl\u00ed\u010d\u016f (\"sv\u00e1z\u00e1n\u00ed\" s vozem)  Odstran\u011bn\u00ed d\u0159\u00edve ztracen\u00fdch kl\u00ed\u010d\u016f z pam\u011bti vozidla  V\u00fdroba kl\u00ed\u010de zapalov\u00e1n\u00ed podle z\u00e1mku  Opravy kl\u00ed\u010d\u016f od automobil\u016f (v\u00fdm\u011bna tla\u010d\u00edtek, pl\u00e1\u0161\u0165\u016f, mechanism\u016f)  Nouzov\u00e9 odemyk\u00e1n\u00ed vozu  Obchodov\u00e1n\u00ed s kl\u00ed\u010di, pouzdry na kl\u00ed\u010de  Vypnut\u00ed softwaru DPF \/ FAP  Programov\u00e9 odstran\u011bn\u00ed EGR  Deaktivace softwaru imobiliz\u00e9ru (immo Off)  Oprava \u0159\u00eddic\u00ed jednotky motoru (ECU), klonov\u00e1n\u00ed, programov\u00e1n\u00ed  SRS (programov\u00e1n\u00ed \u0159\u00eddic\u00ed jednotky airbagu)  zbo\u017e\u00ed odesl\u00e1no do 3 pracovn\u00edch dn\u016f.*","og_url":"https:\/\/keys-for-auto.eu\/cs\/product\/dalkove-ovladani-vhodne-pro-ford-falcon\/","og_site_name":"Keys for auto","article_publisher":"https:\/\/www.facebook.com\/KeysForAutoEU","article_modified_time":"2023-02-20T17:34:16+00:00","og_image":[{"width":500,"height":500,"url":"https:\/\/i0.wp.com\/keys-for-auto.eu\/wp-content\/uploads\/2022\/12\/Ford-4-mygtuku-304mhz-nuotolinio-valdymo-pultas-500x5001-removebg-preview.png?fit=500%2C500&ssl=1","type":"image\/png"}],"twitter_card":"summary_large_image","twitter_misc":{"Odhadovan\u00e1 doba \u010dten\u00ed":"2 minuty"},"schema":{"@context":"https:\/\/schema.org","@graph":[{"@type":["WebPage","ItemPage"],"@id":"https:\/\/keys-for-auto.eu\/cs\/product\/dalkove-ovladani-vhodne-pro-ford-falcon\/","url":"https:\/\/keys-for-auto.eu\/cs\/product\/dalkove-ovladani-vhodne-pro-ford-falcon\/","name":"D\u00e1lkov\u00e9 ovl\u00e1d\u00e1n\u00ed - vhodn\u00e9 pro Ford Falcon - Keys for auto","isPartOf":{"@id":"https:\/\/keys-for-auto.eu\/cs\/#website"},"primaryImageOfPage":{"@id":"https:\/\/keys-for-auto.eu\/cs\/product\/dalkove-ovladani-vhodne-pro-ford-falcon\/#primaryimage"},"image":{"@id":"https:\/\/keys-for-auto.eu\/cs\/product\/dalkove-ovladani-vhodne-pro-ford-falcon\/#primaryimage"},"thumbnailUrl":"https:\/\/keys-for-auto.eu\/wp-content\/uploads\/2022\/12\/Ford-4-mygtuku-304mhz-nuotolinio-valdymo-pultas-500x5001-removebg-preview.png","datePublished":"2016-04-02T19:17:22+00:00","dateModified":"2023-02-20T17:34:16+00:00","breadcrumb":{"@id":"https:\/\/keys-for-auto.eu\/cs\/product\/dalkove-ovladani-vhodne-pro-ford-falcon\/#breadcrumb"},"inLanguage":"cs","potentialAction":[{"@type":"ReadAction","target":["https:\/\/keys-for-auto.eu\/cs\/product\/dalkove-ovladani-vhodne-pro-ford-falcon\/"]}]},{"@type":"ImageObject","inLanguage":"cs","@id":"https:\/\/keys-for-auto.eu\/cs\/product\/dalkove-ovladani-vhodne-pro-ford-falcon\/#primaryimage","url":"https:\/\/keys-for-auto.eu\/wp-content\/uploads\/2022\/12\/Ford-4-mygtuku-304mhz-nuotolinio-valdymo-pultas-500x5001-removebg-preview.png","contentUrl":"https:\/\/keys-for-auto.eu\/wp-content\/uploads\/2022\/12\/Ford-4-mygtuku-304mhz-nuotolinio-valdymo-pultas-500x5001-removebg-preview.png","width":500,"height":500},{"@type":"BreadcrumbList","@id":"https:\/\/keys-for-auto.eu\/cs\/product\/dalkove-ovladani-vhodne-pro-ford-falcon\/#breadcrumb","itemListElement":[{"@type":"ListItem","position":1,"name":"Home","item":"https:\/\/keys-for-auto.eu\/cs\/"},{"@type":"ListItem","position":2,"name":"Shop","item":"https:\/\/keys-for-auto.eu\/"},{"@type":"ListItem","position":3,"name":"D\u00e1lkov\u00e9 ovl\u00e1d\u00e1n\u00ed &#8211; vhodn\u00e9 pro Ford Falcon"}]},{"@type":"WebSite","@id":"https:\/\/keys-for-auto.eu\/cs\/#website","url":"https:\/\/keys-for-auto.eu\/cs\/","name":"Keys for auto","description":"Car keys,  key shells, key programming","publisher":{"@id":"https:\/\/keys-for-auto.eu\/cs\/#organization"},"potentialAction":[{"@type":"SearchAction","target":{"@type":"EntryPoint","urlTemplate":"https:\/\/keys-for-auto.eu\/cs\/?s={search_term_string}"},"query-input":{"@type":"PropertyValueSpecification","valueRequired":true,"valueName":"search_term_string"}}],"inLanguage":"cs"},{"@type":"Organization","@id":"https:\/\/keys-for-auto.eu\/cs\/#organization","name":"Kl\u00ed\u010de pro auto","url":"https:\/\/keys-for-auto.eu\/cs\/","logo":{"@type":"ImageObject","inLanguage":"cs","@id":"https:\/\/keys-for-auto.eu\/cs\/#\/schema\/logo\/image\/","url":"https:\/\/keys-for-auto.eu\/wp-content\/uploads\/2022\/11\/cropped-png1.png","contentUrl":"https:\/\/keys-for-auto.eu\/wp-content\/uploads\/2022\/11\/cropped-png1.png","width":1000,"height":342,"caption":"Kl\u00ed\u010de pro auto"},"image":{"@id":"https:\/\/keys-for-auto.eu\/cs\/#\/schema\/logo\/image\/"},"sameAs":["https:\/\/www.facebook.com\/KeysForAutoEU"]}]}},"_links":{"self":[{"href":"https:\/\/keys-for-auto.eu\/cs\/wp-json\/wp\/v2\/product\/22107","targetHints":{"allow":["GET"]}}],"collection":[{"href":"https:\/\/keys-for-auto.eu\/cs\/wp-json\/wp\/v2\/product"}],"about":[{"href":"https:\/\/keys-for-auto.eu\/cs\/wp-json\/wp\/v2\/types\/product"}],"replies":[{"embeddable":true,"href":"https:\/\/keys-for-auto.eu\/cs\/wp-json\/wp\/v2\/comments?post=22107"}],"wp:featuredmedia":[{"embeddable":true,"href":"https:\/\/keys-for-auto.eu\/cs\/wp-json\/wp\/v2\/media\/20761"}],"wp:attachment":[{"href":"https:\/\/keys-for-auto.eu\/cs\/wp-json\/wp\/v2\/media?parent=22107"}],"wp:term":[{"taxonomy":"product_brand","embeddable":true,"href":"https:\/\/keys-for-auto.eu\/cs\/wp-json\/wp\/v2\/product_brand?post=22107"},{"taxonomy":"product_cat","embeddable":true,"href":"https:\/\/keys-for-auto.eu\/cs\/wp-json\/wp\/v2\/product_cat?post=22107"},{"taxonomy":"product_tag","embeddable":true,"href":"https:\/\/keys-for-auto.eu\/cs\/wp-json\/wp\/v2\/product_tag?post=22107"}],"curies":[{"name":"wp","href":"https:\/\/api.w.org\/{rel}","templated":true}]}}