{"id":22091,"date":"2016-04-02T19:15:24","date_gmt":"2016-04-02T19:15:24","guid":{"rendered":"https:\/\/keys-for-auto.eu\/product\/dalkovy-klic-vhodny-pro-fiat-500-brava-punto-panda\/"},"modified":"2016-04-02T19:15:24","modified_gmt":"2016-04-02T19:15:24","slug":"dalkove-ovladani-klic-vhodne-pro-fiat-500-brava-punto-panda","status":"publish","type":"product","link":"https:\/\/keys-for-auto.eu\/cs\/product\/dalkove-ovladani-klic-vhodne-pro-fiat-500-brava-punto-panda\/","title":{"rendered":"D\u00e1lkov\u00fd kl\u00ed\u010d &#8211; vhodn\u00fd pro Fiat 500 | Brava | Punto | Panda"},"content":{"rendered":"<h3><strong>D\u00e1lkov\u00fd kl\u00ed\u010d vhodn\u00fd pro Fiat 500, Brava, Punto, Panda<\/strong><\/h3>\n<h4>P\u0159edstavujeme kl\u00ed\u010d s d\u00e1lkov\u00fdm ovl\u00e1d\u00e1n\u00edm vhodn\u00fd pro vozy Fiat 500, Doblo, Florino, Grande Punto, Punto Evo, Punto, Qubo.<\/h4>\n<p>Prod\u00e1v\u00e1me nejen kl\u00ed\u010de na d\u00e1lkov\u00e9 ovl\u00e1d\u00e1n\u00ed a pouzdra na kl\u00ed\u010de od automobil\u016f, ale tak\u00e9 programujeme kl\u00ed\u010de. Pokud st\u00e1le pou\u017e\u00edv\u00e1te jednoduch\u00e9 kl\u00ed\u010de, kter\u00e9 nejsou k vozu p\u0159ipojeny, tj. nejsou naprogramov\u00e1ny, stoj\u00ed za to o v\u00fdhod\u00e1ch t\u00e9to slu\u017eby p\u0159em\u00fd\u0161let. Takov\u00e9 kl\u00ed\u010de nejsou bezpe\u010dn\u00e9 a jak v\u00edme, je nebezpe\u010dn\u00e9 c\u00edtit se zcela bezpe\u010dn\u011b. Pokud si tedy st\u00e1le mysl\u00edte, \u017ee kl\u00ed\u010de od auta programovat nepot\u0159ebujete, zamyslete se, zda si jen nehrajete s ohn\u011bm. Zlod\u011bji jsou dnes chyt\u0159\u00ed a podm\u00ednky, kter\u00e9 umo\u017e\u0148uj\u00ed kr\u00e1de\u017ee, plod\u00ed zlod\u011bje.<\/p>\n<p>Proto nedovolte, aby n\u011bkdo naru\u0161il bezpe\u010dnost v\u00e1s a va\u0161eho \u010dty\u0159kolov\u00e9ho vozidla, a po\u0159i\u010fte si nejen kl\u00ed\u010de na d\u00e1lkov\u00e9 ovl\u00e1d\u00e1n\u00ed, ale tak\u00e9 jejich programov\u00e1n\u00ed. Zaru\u010dujeme, \u017ee to ud\u011bl\u00e1me rychle a kvalitn\u011b. V\u00e1\u017e\u00edme si ka\u017ed\u00e9ho z\u00e1kazn\u00edka a sna\u017e\u00edme se p\u0159izp\u016fsobit jeho pot\u0159eb\u00e1m, proto neust\u00e1le zdokonalujeme sv\u00e9 dovednosti a investujeme do modernizace technologi\u00ed pou\u017e\u00edvan\u00fdch p\u0159i v\u00fdrob\u011b a programov\u00e1n\u00ed kl\u00ed\u010d\u016f.<\/p>\n<p>Programov\u00e1n\u00ed autokl\u00ed\u010d\u016f je oblast, ve kter\u00e9 se sna\u017e\u00edme o dokonalost. Proto si m\u016f\u017eete b\u00fdt jisti, \u017ee kdy\u017e investujete do na\u0161ich produkt\u016f nebo slu\u017eeb, neud\u011bl\u00e1te chybu! Za bezpe\u010dnost va\u0161eho vozu zodpov\u00edd\u00e1me my a sta\u010d\u00ed jen kliknout na odemykac\u00ed tla\u010d\u00edtko na kl\u00ed\u010di s d\u00e1lkov\u00fdm ovl\u00e1d\u00e1n\u00edm, nastartovat v\u016fz a vydat se na ka\u017edodenn\u00ed cesty po cest\u00e1ch, kter\u00e9 mo\u017en\u00e1 absolvujete jen jednou v \u017eivot\u011b, v odlehl\u00fdch z\u00e1kout\u00edch, kde se sna\u017e\u00edte uniknout z davu, ale budete na n\u011b dlouho vzpom\u00ednat. A kdy\u017e v\u00e1s napadne ud\u011blat si p\u0159est\u00e1vku a nechat auto na noc pod\u0159imovat bez v\u00e1s, budete v\u011bd\u011bt, \u017ee je to bezpe\u010dn\u00e9.<\/p>\n<p>Jen na\u0161e ruce mohou vyr\u00e1b\u011bt kl\u00ed\u010de! Ru\u010d\u00edme za kvalitu na\u0161\u00ed pr\u00e1ce a kl\u00ed\u010de od auta jsou v\u00e1\u0161n\u00ed, kter\u00e1 n\u00e1s \u017eene kup\u0159edu!<\/p>\n","protected":false},"excerpt":{"rendered":"<p>Pro vozy Fiat, &#8211; kl\u00ed\u010d s d\u00e1lkov\u00fdm ovl\u00e1d\u00e1n\u00edm, vhodn\u00fd pro:<\/p>\n<p><strong>500 (2007 &#8211; )<\/strong><br \/>\n<strong>Doblo (2010 &#8211; )<\/strong><br \/>\n<strong>Florino (2007 &#8211; )<\/strong><br \/>\n<strong>Grande Punto (2006 &#8211; 2010)<\/strong><br \/>\n<strong>Punto Evo (2010 &#8211; 2012)<\/strong><br \/>\n<strong>Punto (2012 &#8211; )<\/strong><br \/>\n<strong>Qubo (2008 &#8211; )<\/strong><\/p>\n<h3><strong>V\u00fdroba kl\u00ed\u010d\u016f od automobil\u016f<\/strong><\/h3>\n<ul>\n<li><strong>V\u00fdroba nov\u00fdch kl\u00ed\u010d\u016f od vozu, programov\u00e1n\u00ed kl\u00ed\u010d\u016f (&#8222;sv\u00e1z\u00e1n\u00ed&#8220; s vozem)<\/strong><\/li>\n<li><strong>Odstran\u011bn\u00ed d\u0159\u00edve ztracen\u00fdch kl\u00ed\u010d\u016f z pam\u011bti vozidla<\/strong><\/li>\n<li><strong>V\u00fdroba kl\u00ed\u010de zapalov\u00e1n\u00ed podle z\u00e1mku<\/strong><\/li>\n<li><strong>Opravy kl\u00ed\u010d\u016f od automobil\u016f (v\u00fdm\u011bna tla\u010d\u00edtek, pl\u00e1\u0161\u0165\u016f, mechanism\u016f)<\/strong><\/li>\n<li><strong>Nouzov\u00e9 odemyk\u00e1n\u00ed vozu<\/strong><\/li>\n<li><strong>Obchodov\u00e1n\u00ed s kl\u00ed\u010di, pouzdry na kl\u00ed\u010de<\/strong><\/li>\n<li><strong>Vypnut\u00ed softwaru DPF \/ FAP<\/strong><\/li>\n<li><strong>Programov\u00e9 odstran\u011bn\u00ed EGR<\/strong><\/li>\n<li><strong>Deaktivace softwaru imobiliz\u00e9ru (immo Off)<\/strong><\/li>\n<li><strong>Oprava \u0159\u00eddic\u00ed jednotky motoru (ECU), klonov\u00e1n\u00ed, programov\u00e1n\u00ed<\/strong><\/li>\n<li><strong>SRS (programov\u00e1n\u00ed \u0159\u00eddic\u00ed jednotky airbagu)<\/strong><\/li>\n<\/ul>\n<h4><strong>  zbo\u017e\u00ed odesl\u00e1no do 3 pracovn\u00edch dn\u016f.*<\/strong><\/h4>\n","protected":false},"featured_media":20757,"comment_status":"open","ping_status":"closed","template":"","meta":[],"product_brand":[],"product_cat":[4335,4611],"product_tag":[5263,5291,5270,5278,5294],"class_list":{"0":"post-22091","1":"product","2":"type-product","3":"status-publish","4":"has-post-thumbnail","6":"product_cat-fiat-cs","7":"product_cat-klice-dalkoveho-ovladani","8":"product_tag-klic-fiat","9":"product_tag-klic-k-vozidlu-fiat-panda","10":"product_tag-klic-od-fiatu-500","11":"product_tag-klic-od-fiatu-brava","12":"product_tag-klic-od-fiatu-punto","14":"first","15":"instock","16":"shipping-taxable","17":"purchasable","18":"product-type-simple"},"yoast_head":"<!-- This site is optimized with the Yoast SEO plugin v27.6 - https:\/\/yoast.com\/product\/yoast-seo-wordpress\/ -->\n<title>D\u00e1lkov\u00fd kl\u00ed\u010d - vhodn\u00fd pro Fiat 500 | Brava | Punto | Panda - Keys for auto<\/title>\n<meta name=\"robots\" content=\"index, follow, max-snippet:-1, max-image-preview:large, max-video-preview:-1\" \/>\n<link rel=\"canonical\" href=\"https:\/\/keys-for-auto.eu\/cs\/product\/dalkove-ovladani-klic-vhodne-pro-fiat-500-brava-punto-panda\/\" \/>\n<meta property=\"og:locale\" content=\"cs_CZ\" \/>\n<meta property=\"og:type\" content=\"article\" \/>\n<meta property=\"og:title\" content=\"D\u00e1lkov\u00fd kl\u00ed\u010d - vhodn\u00fd pro Fiat 500 | Brava | Punto | Panda - Keys for auto\" \/>\n<meta property=\"og:description\" content=\"Pro vozy Fiat, - kl\u00ed\u010d s d\u00e1lkov\u00fdm ovl\u00e1d\u00e1n\u00edm, vhodn\u00fd pro: 500 (2007 - ) Doblo (2010 - ) Florino (2007 - ) Grande Punto (2006 - 2010) Punto Evo (2010 - 2012) Punto (2012 - ) Qubo (2008 - ) V\u00fdroba kl\u00ed\u010d\u016f od automobil\u016f  V\u00fdroba nov\u00fdch kl\u00ed\u010d\u016f od vozu, programov\u00e1n\u00ed kl\u00ed\u010d\u016f (&quot;sv\u00e1z\u00e1n\u00ed&quot; s vozem)  Odstran\u011bn\u00ed d\u0159\u00edve ztracen\u00fdch kl\u00ed\u010d\u016f z pam\u011bti vozidla  V\u00fdroba kl\u00ed\u010de zapalov\u00e1n\u00ed podle z\u00e1mku  Opravy kl\u00ed\u010d\u016f od automobil\u016f (v\u00fdm\u011bna tla\u010d\u00edtek, pl\u00e1\u0161\u0165\u016f, mechanism\u016f)  Nouzov\u00e9 odemyk\u00e1n\u00ed vozu  Obchodov\u00e1n\u00ed s kl\u00ed\u010di, pouzdry na kl\u00ed\u010de  Vypnut\u00ed softwaru DPF \/ FAP  Programov\u00e9 odstran\u011bn\u00ed EGR  Deaktivace softwaru imobiliz\u00e9ru (immo Off)  Oprava \u0159\u00eddic\u00ed jednotky motoru (ECU), klonov\u00e1n\u00ed, programov\u00e1n\u00ed  SRS (programov\u00e1n\u00ed \u0159\u00eddic\u00ed jednotky airbagu)  zbo\u017e\u00ed odesl\u00e1no do 3 pracovn\u00edch dn\u016f.*\" \/>\n<meta property=\"og:url\" content=\"https:\/\/keys-for-auto.eu\/cs\/product\/dalkove-ovladani-klic-vhodne-pro-fiat-500-brava-punto-panda\/\" \/>\n<meta property=\"og:site_name\" content=\"Keys for auto\" \/>\n<meta property=\"article:publisher\" content=\"https:\/\/www.facebook.com\/KeysForAutoEU\" \/>\n<meta property=\"og:image\" content=\"https:\/\/keys-for-auto.eu\/wp-content\/uploads\/2022\/12\/f543fe7b0c.jpg.640x640-removebg-preview.png\" \/>\n\t<meta property=\"og:image:width\" content=\"500\" \/>\n\t<meta property=\"og:image:height\" content=\"499\" \/>\n\t<meta property=\"og:image:type\" content=\"image\/png\" \/>\n<meta name=\"twitter:card\" content=\"summary_large_image\" \/>\n<meta name=\"twitter:label1\" content=\"Odhadovan\u00e1 doba \u010dten\u00ed\" \/>\n\t<meta name=\"twitter:data1\" content=\"2 minuty\" \/>\n<script type=\"application\/ld+json\" class=\"yoast-schema-graph\">{\"@context\":\"https:\\\/\\\/schema.org\",\"@graph\":[{\"@type\":[\"WebPage\",\"ItemPage\"],\"@id\":\"https:\\\/\\\/keys-for-auto.eu\\\/cs\\\/product\\\/dalkove-ovladani-klic-vhodne-pro-fiat-500-brava-punto-panda\\\/\",\"url\":\"https:\\\/\\\/keys-for-auto.eu\\\/cs\\\/product\\\/dalkove-ovladani-klic-vhodne-pro-fiat-500-brava-punto-panda\\\/\",\"name\":\"D\u00e1lkov\u00fd kl\u00ed\u010d - vhodn\u00fd pro Fiat 500 | Brava | Punto | Panda - Keys for auto\",\"isPartOf\":{\"@id\":\"https:\\\/\\\/keys-for-auto.eu\\\/cs\\\/#website\"},\"primaryImageOfPage\":{\"@id\":\"https:\\\/\\\/keys-for-auto.eu\\\/cs\\\/product\\\/dalkove-ovladani-klic-vhodne-pro-fiat-500-brava-punto-panda\\\/#primaryimage\"},\"image\":{\"@id\":\"https:\\\/\\\/keys-for-auto.eu\\\/cs\\\/product\\\/dalkove-ovladani-klic-vhodne-pro-fiat-500-brava-punto-panda\\\/#primaryimage\"},\"thumbnailUrl\":\"https:\\\/\\\/keys-for-auto.eu\\\/wp-content\\\/uploads\\\/2022\\\/12\\\/f543fe7b0c.jpg.640x640-removebg-preview.png\",\"datePublished\":\"2016-04-02T19:15:24+00:00\",\"breadcrumb\":{\"@id\":\"https:\\\/\\\/keys-for-auto.eu\\\/cs\\\/product\\\/dalkove-ovladani-klic-vhodne-pro-fiat-500-brava-punto-panda\\\/#breadcrumb\"},\"inLanguage\":\"cs\",\"potentialAction\":[{\"@type\":\"ReadAction\",\"target\":[\"https:\\\/\\\/keys-for-auto.eu\\\/cs\\\/product\\\/dalkove-ovladani-klic-vhodne-pro-fiat-500-brava-punto-panda\\\/\"]}]},{\"@type\":\"ImageObject\",\"inLanguage\":\"cs\",\"@id\":\"https:\\\/\\\/keys-for-auto.eu\\\/cs\\\/product\\\/dalkove-ovladani-klic-vhodne-pro-fiat-500-brava-punto-panda\\\/#primaryimage\",\"url\":\"https:\\\/\\\/keys-for-auto.eu\\\/wp-content\\\/uploads\\\/2022\\\/12\\\/f543fe7b0c.jpg.640x640-removebg-preview.png\",\"contentUrl\":\"https:\\\/\\\/keys-for-auto.eu\\\/wp-content\\\/uploads\\\/2022\\\/12\\\/f543fe7b0c.jpg.640x640-removebg-preview.png\",\"width\":500,\"height\":499},{\"@type\":\"BreadcrumbList\",\"@id\":\"https:\\\/\\\/keys-for-auto.eu\\\/cs\\\/product\\\/dalkove-ovladani-klic-vhodne-pro-fiat-500-brava-punto-panda\\\/#breadcrumb\",\"itemListElement\":[{\"@type\":\"ListItem\",\"position\":1,\"name\":\"Home\",\"item\":\"https:\\\/\\\/keys-for-auto.eu\\\/cs\\\/\"},{\"@type\":\"ListItem\",\"position\":2,\"name\":\"Shop\",\"item\":\"https:\\\/\\\/keys-for-auto.eu\\\/\"},{\"@type\":\"ListItem\",\"position\":3,\"name\":\"D\u00e1lkov\u00fd kl\u00ed\u010d &#8211; vhodn\u00fd pro Fiat 500 | Brava | Punto | Panda\"}]},{\"@type\":\"WebSite\",\"@id\":\"https:\\\/\\\/keys-for-auto.eu\\\/cs\\\/#website\",\"url\":\"https:\\\/\\\/keys-for-auto.eu\\\/cs\\\/\",\"name\":\"Keys for auto\",\"description\":\"Car keys,  key shells, key programming\",\"publisher\":{\"@id\":\"https:\\\/\\\/keys-for-auto.eu\\\/cs\\\/#organization\"},\"potentialAction\":[{\"@type\":\"SearchAction\",\"target\":{\"@type\":\"EntryPoint\",\"urlTemplate\":\"https:\\\/\\\/keys-for-auto.eu\\\/cs\\\/?s={search_term_string}\"},\"query-input\":{\"@type\":\"PropertyValueSpecification\",\"valueRequired\":true,\"valueName\":\"search_term_string\"}}],\"inLanguage\":\"cs\"},{\"@type\":\"Organization\",\"@id\":\"https:\\\/\\\/keys-for-auto.eu\\\/cs\\\/#organization\",\"name\":\"Kl\u00ed\u010de pro auto\",\"url\":\"https:\\\/\\\/keys-for-auto.eu\\\/cs\\\/\",\"logo\":{\"@type\":\"ImageObject\",\"inLanguage\":\"cs\",\"@id\":\"https:\\\/\\\/keys-for-auto.eu\\\/cs\\\/#\\\/schema\\\/logo\\\/image\\\/\",\"url\":\"https:\\\/\\\/keys-for-auto.eu\\\/wp-content\\\/uploads\\\/2022\\\/11\\\/cropped-png1.png\",\"contentUrl\":\"https:\\\/\\\/keys-for-auto.eu\\\/wp-content\\\/uploads\\\/2022\\\/11\\\/cropped-png1.png\",\"width\":1000,\"height\":342,\"caption\":\"Kl\u00ed\u010de pro auto\"},\"image\":{\"@id\":\"https:\\\/\\\/keys-for-auto.eu\\\/cs\\\/#\\\/schema\\\/logo\\\/image\\\/\"},\"sameAs\":[\"https:\\\/\\\/www.facebook.com\\\/KeysForAutoEU\"]}]}<\/script>\n<!-- \/ Yoast SEO plugin. -->","yoast_head_json":{"title":"D\u00e1lkov\u00fd kl\u00ed\u010d - vhodn\u00fd pro Fiat 500 | Brava | Punto | Panda - Keys for auto","robots":{"index":"index","follow":"follow","max-snippet":"max-snippet:-1","max-image-preview":"max-image-preview:large","max-video-preview":"max-video-preview:-1"},"canonical":"https:\/\/keys-for-auto.eu\/cs\/product\/dalkove-ovladani-klic-vhodne-pro-fiat-500-brava-punto-panda\/","og_locale":"cs_CZ","og_type":"article","og_title":"D\u00e1lkov\u00fd kl\u00ed\u010d - vhodn\u00fd pro Fiat 500 | Brava | Punto | Panda - Keys for auto","og_description":"Pro vozy Fiat, - kl\u00ed\u010d s d\u00e1lkov\u00fdm ovl\u00e1d\u00e1n\u00edm, vhodn\u00fd pro: 500 (2007 - ) Doblo (2010 - ) Florino (2007 - ) Grande Punto (2006 - 2010) Punto Evo (2010 - 2012) Punto (2012 - ) Qubo (2008 - ) V\u00fdroba kl\u00ed\u010d\u016f od automobil\u016f  V\u00fdroba nov\u00fdch kl\u00ed\u010d\u016f od vozu, programov\u00e1n\u00ed kl\u00ed\u010d\u016f (\"sv\u00e1z\u00e1n\u00ed\" s vozem)  Odstran\u011bn\u00ed d\u0159\u00edve ztracen\u00fdch kl\u00ed\u010d\u016f z pam\u011bti vozidla  V\u00fdroba kl\u00ed\u010de zapalov\u00e1n\u00ed podle z\u00e1mku  Opravy kl\u00ed\u010d\u016f od automobil\u016f (v\u00fdm\u011bna tla\u010d\u00edtek, pl\u00e1\u0161\u0165\u016f, mechanism\u016f)  Nouzov\u00e9 odemyk\u00e1n\u00ed vozu  Obchodov\u00e1n\u00ed s kl\u00ed\u010di, pouzdry na kl\u00ed\u010de  Vypnut\u00ed softwaru DPF \/ FAP  Programov\u00e9 odstran\u011bn\u00ed EGR  Deaktivace softwaru imobiliz\u00e9ru (immo Off)  Oprava \u0159\u00eddic\u00ed jednotky motoru (ECU), klonov\u00e1n\u00ed, programov\u00e1n\u00ed  SRS (programov\u00e1n\u00ed \u0159\u00eddic\u00ed jednotky airbagu)  zbo\u017e\u00ed odesl\u00e1no do 3 pracovn\u00edch dn\u016f.*","og_url":"https:\/\/keys-for-auto.eu\/cs\/product\/dalkove-ovladani-klic-vhodne-pro-fiat-500-brava-punto-panda\/","og_site_name":"Keys for auto","article_publisher":"https:\/\/www.facebook.com\/KeysForAutoEU","og_image":[{"width":500,"height":499,"url":"https:\/\/keys-for-auto.eu\/wp-content\/uploads\/2022\/12\/f543fe7b0c.jpg.640x640-removebg-preview.png","type":"image\/png"}],"twitter_card":"summary_large_image","twitter_misc":{"Odhadovan\u00e1 doba \u010dten\u00ed":"2 minuty"},"schema":{"@context":"https:\/\/schema.org","@graph":[{"@type":["WebPage","ItemPage"],"@id":"https:\/\/keys-for-auto.eu\/cs\/product\/dalkove-ovladani-klic-vhodne-pro-fiat-500-brava-punto-panda\/","url":"https:\/\/keys-for-auto.eu\/cs\/product\/dalkove-ovladani-klic-vhodne-pro-fiat-500-brava-punto-panda\/","name":"D\u00e1lkov\u00fd kl\u00ed\u010d - vhodn\u00fd pro Fiat 500 | Brava | Punto | Panda - Keys for auto","isPartOf":{"@id":"https:\/\/keys-for-auto.eu\/cs\/#website"},"primaryImageOfPage":{"@id":"https:\/\/keys-for-auto.eu\/cs\/product\/dalkove-ovladani-klic-vhodne-pro-fiat-500-brava-punto-panda\/#primaryimage"},"image":{"@id":"https:\/\/keys-for-auto.eu\/cs\/product\/dalkove-ovladani-klic-vhodne-pro-fiat-500-brava-punto-panda\/#primaryimage"},"thumbnailUrl":"https:\/\/keys-for-auto.eu\/wp-content\/uploads\/2022\/12\/f543fe7b0c.jpg.640x640-removebg-preview.png","datePublished":"2016-04-02T19:15:24+00:00","breadcrumb":{"@id":"https:\/\/keys-for-auto.eu\/cs\/product\/dalkove-ovladani-klic-vhodne-pro-fiat-500-brava-punto-panda\/#breadcrumb"},"inLanguage":"cs","potentialAction":[{"@type":"ReadAction","target":["https:\/\/keys-for-auto.eu\/cs\/product\/dalkove-ovladani-klic-vhodne-pro-fiat-500-brava-punto-panda\/"]}]},{"@type":"ImageObject","inLanguage":"cs","@id":"https:\/\/keys-for-auto.eu\/cs\/product\/dalkove-ovladani-klic-vhodne-pro-fiat-500-brava-punto-panda\/#primaryimage","url":"https:\/\/keys-for-auto.eu\/wp-content\/uploads\/2022\/12\/f543fe7b0c.jpg.640x640-removebg-preview.png","contentUrl":"https:\/\/keys-for-auto.eu\/wp-content\/uploads\/2022\/12\/f543fe7b0c.jpg.640x640-removebg-preview.png","width":500,"height":499},{"@type":"BreadcrumbList","@id":"https:\/\/keys-for-auto.eu\/cs\/product\/dalkove-ovladani-klic-vhodne-pro-fiat-500-brava-punto-panda\/#breadcrumb","itemListElement":[{"@type":"ListItem","position":1,"name":"Home","item":"https:\/\/keys-for-auto.eu\/cs\/"},{"@type":"ListItem","position":2,"name":"Shop","item":"https:\/\/keys-for-auto.eu\/"},{"@type":"ListItem","position":3,"name":"D\u00e1lkov\u00fd kl\u00ed\u010d &#8211; vhodn\u00fd pro Fiat 500 | Brava | Punto | Panda"}]},{"@type":"WebSite","@id":"https:\/\/keys-for-auto.eu\/cs\/#website","url":"https:\/\/keys-for-auto.eu\/cs\/","name":"Keys for auto","description":"Car keys,  key shells, key programming","publisher":{"@id":"https:\/\/keys-for-auto.eu\/cs\/#organization"},"potentialAction":[{"@type":"SearchAction","target":{"@type":"EntryPoint","urlTemplate":"https:\/\/keys-for-auto.eu\/cs\/?s={search_term_string}"},"query-input":{"@type":"PropertyValueSpecification","valueRequired":true,"valueName":"search_term_string"}}],"inLanguage":"cs"},{"@type":"Organization","@id":"https:\/\/keys-for-auto.eu\/cs\/#organization","name":"Kl\u00ed\u010de pro auto","url":"https:\/\/keys-for-auto.eu\/cs\/","logo":{"@type":"ImageObject","inLanguage":"cs","@id":"https:\/\/keys-for-auto.eu\/cs\/#\/schema\/logo\/image\/","url":"https:\/\/keys-for-auto.eu\/wp-content\/uploads\/2022\/11\/cropped-png1.png","contentUrl":"https:\/\/keys-for-auto.eu\/wp-content\/uploads\/2022\/11\/cropped-png1.png","width":1000,"height":342,"caption":"Kl\u00ed\u010de pro auto"},"image":{"@id":"https:\/\/keys-for-auto.eu\/cs\/#\/schema\/logo\/image\/"},"sameAs":["https:\/\/www.facebook.com\/KeysForAutoEU"]}]}},"_links":{"self":[{"href":"https:\/\/keys-for-auto.eu\/cs\/wp-json\/wp\/v2\/product\/22091","targetHints":{"allow":["GET"]}}],"collection":[{"href":"https:\/\/keys-for-auto.eu\/cs\/wp-json\/wp\/v2\/product"}],"about":[{"href":"https:\/\/keys-for-auto.eu\/cs\/wp-json\/wp\/v2\/types\/product"}],"replies":[{"embeddable":true,"href":"https:\/\/keys-for-auto.eu\/cs\/wp-json\/wp\/v2\/comments?post=22091"}],"wp:featuredmedia":[{"embeddable":true,"href":"https:\/\/keys-for-auto.eu\/cs\/wp-json\/wp\/v2\/media\/20757"}],"wp:attachment":[{"href":"https:\/\/keys-for-auto.eu\/cs\/wp-json\/wp\/v2\/media?parent=22091"}],"wp:term":[{"taxonomy":"product_brand","embeddable":true,"href":"https:\/\/keys-for-auto.eu\/cs\/wp-json\/wp\/v2\/product_brand?post=22091"},{"taxonomy":"product_cat","embeddable":true,"href":"https:\/\/keys-for-auto.eu\/cs\/wp-json\/wp\/v2\/product_cat?post=22091"},{"taxonomy":"product_tag","embeddable":true,"href":"https:\/\/keys-for-auto.eu\/cs\/wp-json\/wp\/v2\/product_tag?post=22091"}],"curies":[{"name":"wp","href":"https:\/\/api.w.org\/{rel}","templated":true}]}}