{"id":22089,"date":"2016-04-02T19:04:29","date_gmt":"2016-04-02T19:04:29","guid":{"rendered":"https:\/\/keys-for-auto.eu\/product\/klic-s-dalkovym-ovladanim-vhodny-pro-vozy-bmw-7-bez-cepele-klice\/"},"modified":"2016-04-02T19:04:29","modified_gmt":"2016-04-02T19:04:29","slug":"dalkove-ovladani-klicu-vhodne-pro-bmw-7-vozidla-bez-klicove-cepele","status":"publish","type":"product","link":"https:\/\/keys-for-auto.eu\/cs\/product\/dalkove-ovladani-klicu-vhodne-pro-bmw-7-vozidla-bez-klicove-cepele\/","title":{"rendered":"Kl\u00ed\u010d s d\u00e1lkov\u00fdm ovl\u00e1d\u00e1n\u00edm &#8211; vhodn\u00fd pro vozy BMW 7 (bez \u010depele kl\u00ed\u010de)"},"content":{"rendered":"<p><strong>Kl\u00ed\u010d s d\u00e1lkov\u00fdm ovl\u00e1d\u00e1n\u00edm &#8211; vhodn\u00fd pro vozy BMW 7 (bez plan\u017eety), syst\u00e9m CAS1<\/strong><\/p>\n<p>\u0158\u00edk\u00e1 se, \u017ee sv\u011bt je kniha, a kdo ji neprocestoval, p\u0159e\u010detl jen jednu str\u00e1nku. P\u0159ejeme v\u00e1m v\u0161e nejlep\u0161\u00ed, ale nejprve nechte na\u0161e odborn\u00edky postarat se o bezpe\u010dnost va\u0161eho BMW. Se syst\u00e9mem CAS1 je to snadn\u00e9. Je navr\u017een speci\u00e1ln\u011b pro ochranu voz\u016f BMW. Kl\u00ed\u010dem k \u00fasp\u011b\u0161n\u00e9 cest\u011b je bezpe\u010dn\u00e9 auto. A nez\u00e1le\u017e\u00ed na tom, kolik kilometr\u016f se chyst\u00e1te ujet. A\u0165 u\u017e jedete do pr\u00e1ce p\u00e1r kilometr\u016f od domova, nebo cestujete po Evrop\u011b ve sv\u00e9m spolehliv\u00e9m BMW. Budete pot\u0159ebovat spolehliv\u00fd bezpe\u010dnostn\u00ed syst\u00e9m a kvalitn\u00ed kl\u00ed\u010de. To v\u0161e a je\u0161t\u011b v\u00edce (programov\u00e1n\u00ed kl\u00ed\u010d\u016f, pouzdra na kl\u00ed\u010de) v\u00e1m nab\u00edz\u00edme z rukou na\u0161ich profesion\u00e1l\u016f.<\/p>\n<p>Programujeme kl\u00ed\u010de a sna\u017e\u00edme se tuto slu\u017ebu neust\u00e1le rozv\u00edjet a zlep\u0161ovat. Programov\u00e1n\u00edm kl\u00ed\u010d\u016f se zab\u00fdv\u00e1me ji\u017e \u0159adu let a na\u0161e zku\u0161enosti n\u00e1m pom\u00e1haj\u00ed odv\u00e9st pr\u00e1ci profesion\u00e1ln\u011b a rychle. Proto na na\u0161e slu\u017eby a prod\u00e1van\u00e9 zbo\u017e\u00ed poskytujeme z\u00e1ruku.<\/p>\n<p>Programov\u00e1n\u00ed kl\u00ed\u010d\u016f od auta je d\u016fle\u017eitou sou\u010d\u00e1st\u00ed pr\u00e1ce ka\u017ed\u00e9ho \u0159idi\u010de. Objednejte si u na\u0161\u00ed spole\u010dnosti programov\u00e1n\u00ed autokl\u00ed\u010de pro va\u0161e BMW (m\u00e1me na v\u00fdb\u011br z \u0161irok\u00e9 \u0161k\u00e1ly model\u016f!) a pou\u017e\u00edvejte sv\u00e9 BMW bez obav a strachu, \u017ee by na va\u0161i \u010dty\u0159kolovou kr\u00e1sku mohl za\u00fato\u010dit n\u011bkdo zl\u00fd.<\/p>\n<p>Existuje mnoho dal\u0161\u00edch spole\u010dnost\u00ed vyr\u00e1b\u011bj\u00edc\u00edch kl\u00ed\u010de, ale my se vyzna\u010dujeme kvalitou na\u0161ich slu\u017eeb, trvanlivost\u00ed na\u0161ich v\u00fdrobk\u016f a p\u0159\u00e1telsk\u00fdm servisem. Z\u00e1kazn\u00edk m\u00e1 nejen v\u017edy pravdu, ale je pro n\u00e1s tak\u00e9 v\u017edy d\u016fle\u017eit\u00fd. Douf\u00e1me, \u017ee to poc\u00edt\u00edte p\u0159i n\u00e1v\u0161t\u011bv\u011b na\u0161eho s\u00eddla. Pokud chcete, aby programov\u00e1n\u00ed kl\u00ed\u010d\u016f bylo bezprobl\u00e9mov\u00e9, kontaktujte n\u00e1s &#8211; r\u00e1di v\u00e1m pom\u016f\u017eeme!<\/p>\n<p>Kl\u00ed\u010de od auta &#8211; v dne\u0161n\u00ed dob\u011b ji\u017e nejde jen o jednoduch\u00e9 n\u00e1stroje k odemyk\u00e1n\u00ed a zamyk\u00e1n\u00ed vozu, nab\u00edz\u00edme kl\u00ed\u010d pro v\u00e1\u0161 v\u016fz BMW se syst\u00e9mem CAS 1. Zaru\u010d\u00ed bezpe\u010dnost va\u0161eho vozu. Proto nev\u00e1hejte a objednejte si u n\u00e1s tento kl\u00ed\u010d s d\u00e1lkov\u00fdm ovl\u00e1d\u00e1n\u00edm pro va\u0161e BMW! T\u011b\u0161\u00edme se na v\u00e1s v na\u0161em obchod\u011b!<\/p>\n","protected":false},"excerpt":{"rendered":"<p><strong>D\u00e1lkov\u00fd kl\u00ed\u010d (syst\u00e9m CAS1) pro BMW t\u0159\u00eddy 7.<\/strong><\/p>\n<p><em><strong>Vhodn\u00e9 pro:<\/strong><\/em><\/p>\n<p><em><strong>\u0158ada 7 (2002 &#8211; 2008)<\/strong><\/em><\/p>\n<h3><strong>V\u00fdroba kl\u00ed\u010d\u016f od automobil\u016f<\/strong><\/h3>\n<ul>\n<li><strong>V\u00fdroba nov\u00fdch kl\u00ed\u010d\u016f od vozu, programov\u00e1n\u00ed kl\u00ed\u010d\u016f (&#8222;sv\u00e1z\u00e1n\u00ed&#8220; s vozem)<\/strong><\/li>\n<li><strong>Odstran\u011bn\u00ed d\u0159\u00edve ztracen\u00fdch kl\u00ed\u010d\u016f z pam\u011bti vozidla<\/strong><\/li>\n<li><strong>V\u00fdroba kl\u00ed\u010de zapalov\u00e1n\u00ed podle z\u00e1mku<\/strong><\/li>\n<li><strong>Opravy kl\u00ed\u010d\u016f od automobil\u016f (v\u00fdm\u011bna tla\u010d\u00edtek, pl\u00e1\u0161\u0165\u016f, mechanism\u016f)<\/strong><\/li>\n<li><strong>Nouzov\u00e9 odemyk\u00e1n\u00ed vozu<\/strong><\/li>\n<li><strong>Obchodov\u00e1n\u00ed s kl\u00ed\u010di, pouzdry na kl\u00ed\u010de<\/strong><\/li>\n<li><strong>Vypnut\u00ed softwaru DPF \/ FAP<\/strong><\/li>\n<li><strong>Programov\u00e9 odstran\u011bn\u00ed EGR<\/strong><\/li>\n<li><strong>Deaktivace softwaru imobiliz\u00e9ru (immo Off)<\/strong><\/li>\n<li><strong>Oprava \u0159\u00eddic\u00ed jednotky motoru (ECU), klonov\u00e1n\u00ed, programov\u00e1n\u00ed<\/strong><\/li>\n<li><strong>SRS (programov\u00e1n\u00ed \u0159\u00eddic\u00ed jednotky airbagu)<\/strong><\/li>\n<\/ul>\n<h4><strong>  zbo\u017e\u00ed odesl\u00e1no do 3 pracovn\u00edch dn\u016f.*<\/strong><\/h4>\n<p>&nbsp;<\/p>\n<p>&nbsp;<\/p>\n","protected":false},"featured_media":20577,"comment_status":"open","ping_status":"closed","template":"","meta":[],"product_brand":[],"product_cat":[4151,4611],"product_tag":[5223,5222],"class_list":{"0":"post-22089","1":"product","2":"type-product","3":"status-publish","4":"has-post-thumbnail","6":"product_cat-bmw-cs","7":"product_cat-klice-dalkoveho-ovladani","8":"product_tag-klic-bmw","9":"product_tag-klic-bmw-7","11":"first","12":"instock","13":"shipping-taxable","14":"purchasable","15":"product-type-simple"},"yoast_head":"<!-- This site is optimized with the Yoast SEO plugin v27.3 - https:\/\/yoast.com\/product\/yoast-seo-wordpress\/ -->\n<title>Kl\u00ed\u010d s d\u00e1lkov\u00fdm ovl\u00e1d\u00e1n\u00edm - vhodn\u00fd pro vozy BMW 7 (bez \u010depele kl\u00ed\u010de) - Keys for auto<\/title>\n<meta name=\"robots\" content=\"index, follow, max-snippet:-1, max-image-preview:large, max-video-preview:-1\" \/>\n<link rel=\"canonical\" href=\"https:\/\/keys-for-auto.eu\/cs\/product\/dalkove-ovladani-klicu-vhodne-pro-bmw-7-vozidla-bez-klicove-cepele\/\" \/>\n<meta property=\"og:locale\" content=\"cs_CZ\" \/>\n<meta property=\"og:type\" content=\"article\" \/>\n<meta property=\"og:title\" content=\"Kl\u00ed\u010d s d\u00e1lkov\u00fdm ovl\u00e1d\u00e1n\u00edm - vhodn\u00fd pro vozy BMW 7 (bez \u010depele kl\u00ed\u010de) - Keys for auto\" \/>\n<meta property=\"og:description\" content=\"D\u00e1lkov\u00fd kl\u00ed\u010d (syst\u00e9m CAS1) pro BMW t\u0159\u00eddy 7. Vhodn\u00e9 pro: \u0158ada 7 (2002 - 2008) V\u00fdroba kl\u00ed\u010d\u016f od automobil\u016f  V\u00fdroba nov\u00fdch kl\u00ed\u010d\u016f od vozu, programov\u00e1n\u00ed kl\u00ed\u010d\u016f (&quot;sv\u00e1z\u00e1n\u00ed&quot; s vozem)  Odstran\u011bn\u00ed d\u0159\u00edve ztracen\u00fdch kl\u00ed\u010d\u016f z pam\u011bti vozidla  V\u00fdroba kl\u00ed\u010de zapalov\u00e1n\u00ed podle z\u00e1mku  Opravy kl\u00ed\u010d\u016f od automobil\u016f (v\u00fdm\u011bna tla\u010d\u00edtek, pl\u00e1\u0161\u0165\u016f, mechanism\u016f)  Nouzov\u00e9 odemyk\u00e1n\u00ed vozu  Obchodov\u00e1n\u00ed s kl\u00ed\u010di, pouzdry na kl\u00ed\u010de  Vypnut\u00ed softwaru DPF \/ FAP  Programov\u00e9 odstran\u011bn\u00ed EGR  Deaktivace softwaru imobiliz\u00e9ru (immo Off)  Oprava \u0159\u00eddic\u00ed jednotky motoru (ECU), klonov\u00e1n\u00ed, programov\u00e1n\u00ed  SRS (programov\u00e1n\u00ed \u0159\u00eddic\u00ed jednotky airbagu)  zbo\u017e\u00ed odesl\u00e1no do 3 pracovn\u00edch dn\u016f.* &nbsp; &nbsp;\" \/>\n<meta property=\"og:url\" content=\"https:\/\/keys-for-auto.eu\/cs\/product\/dalkove-ovladani-klicu-vhodne-pro-bmw-7-vozidla-bez-klicove-cepele\/\" \/>\n<meta property=\"og:site_name\" content=\"Keys for auto\" \/>\n<meta property=\"article:publisher\" content=\"https:\/\/www.facebook.com\/KeysForAutoEU\" \/>\n<meta property=\"og:image\" content=\"https:\/\/keys-for-auto.eu\/wp-content\/uploads\/2022\/12\/BMW-7-Serijos-Smart-Key-CAS1-315MHz-868MHz-500x5001-removebg-preview.png\" \/>\n\t<meta property=\"og:image:width\" content=\"500\" \/>\n\t<meta property=\"og:image:height\" content=\"500\" \/>\n\t<meta property=\"og:image:type\" content=\"image\/png\" \/>\n<meta name=\"twitter:card\" content=\"summary_large_image\" \/>\n<meta name=\"twitter:label1\" content=\"Odhadovan\u00e1 doba \u010dten\u00ed\" \/>\n\t<meta name=\"twitter:data1\" content=\"2 minuty\" \/>\n<script type=\"application\/ld+json\" class=\"yoast-schema-graph\">{\"@context\":\"https:\\\/\\\/schema.org\",\"@graph\":[{\"@type\":[\"WebPage\",\"ItemPage\"],\"@id\":\"https:\\\/\\\/keys-for-auto.eu\\\/cs\\\/product\\\/dalkove-ovladani-klicu-vhodne-pro-bmw-7-vozidla-bez-klicove-cepele\\\/\",\"url\":\"https:\\\/\\\/keys-for-auto.eu\\\/cs\\\/product\\\/dalkove-ovladani-klicu-vhodne-pro-bmw-7-vozidla-bez-klicove-cepele\\\/\",\"name\":\"Kl\u00ed\u010d s d\u00e1lkov\u00fdm ovl\u00e1d\u00e1n\u00edm - vhodn\u00fd pro vozy BMW 7 (bez \u010depele kl\u00ed\u010de) - Keys for auto\",\"isPartOf\":{\"@id\":\"https:\\\/\\\/keys-for-auto.eu\\\/cs\\\/#website\"},\"primaryImageOfPage\":{\"@id\":\"https:\\\/\\\/keys-for-auto.eu\\\/cs\\\/product\\\/dalkove-ovladani-klicu-vhodne-pro-bmw-7-vozidla-bez-klicove-cepele\\\/#primaryimage\"},\"image\":{\"@id\":\"https:\\\/\\\/keys-for-auto.eu\\\/cs\\\/product\\\/dalkove-ovladani-klicu-vhodne-pro-bmw-7-vozidla-bez-klicove-cepele\\\/#primaryimage\"},\"thumbnailUrl\":\"https:\\\/\\\/keys-for-auto.eu\\\/wp-content\\\/uploads\\\/2022\\\/12\\\/BMW-7-Serijos-Smart-Key-CAS1-315MHz-868MHz-500x5001-removebg-preview.png\",\"datePublished\":\"2016-04-02T19:04:29+00:00\",\"breadcrumb\":{\"@id\":\"https:\\\/\\\/keys-for-auto.eu\\\/cs\\\/product\\\/dalkove-ovladani-klicu-vhodne-pro-bmw-7-vozidla-bez-klicove-cepele\\\/#breadcrumb\"},\"inLanguage\":\"cs\",\"potentialAction\":[{\"@type\":\"ReadAction\",\"target\":[\"https:\\\/\\\/keys-for-auto.eu\\\/cs\\\/product\\\/dalkove-ovladani-klicu-vhodne-pro-bmw-7-vozidla-bez-klicove-cepele\\\/\"]}]},{\"@type\":\"ImageObject\",\"inLanguage\":\"cs\",\"@id\":\"https:\\\/\\\/keys-for-auto.eu\\\/cs\\\/product\\\/dalkove-ovladani-klicu-vhodne-pro-bmw-7-vozidla-bez-klicove-cepele\\\/#primaryimage\",\"url\":\"https:\\\/\\\/keys-for-auto.eu\\\/wp-content\\\/uploads\\\/2022\\\/12\\\/BMW-7-Serijos-Smart-Key-CAS1-315MHz-868MHz-500x5001-removebg-preview.png\",\"contentUrl\":\"https:\\\/\\\/keys-for-auto.eu\\\/wp-content\\\/uploads\\\/2022\\\/12\\\/BMW-7-Serijos-Smart-Key-CAS1-315MHz-868MHz-500x5001-removebg-preview.png\",\"width\":500,\"height\":500},{\"@type\":\"BreadcrumbList\",\"@id\":\"https:\\\/\\\/keys-for-auto.eu\\\/cs\\\/product\\\/dalkove-ovladani-klicu-vhodne-pro-bmw-7-vozidla-bez-klicove-cepele\\\/#breadcrumb\",\"itemListElement\":[{\"@type\":\"ListItem\",\"position\":1,\"name\":\"Home\",\"item\":\"https:\\\/\\\/keys-for-auto.eu\\\/cs\\\/\"},{\"@type\":\"ListItem\",\"position\":2,\"name\":\"Shop\",\"item\":\"https:\\\/\\\/keys-for-auto.eu\\\/\"},{\"@type\":\"ListItem\",\"position\":3,\"name\":\"Kl\u00ed\u010d s d\u00e1lkov\u00fdm ovl\u00e1d\u00e1n\u00edm &#8211; vhodn\u00fd pro vozy BMW 7 (bez \u010depele kl\u00ed\u010de)\"}]},{\"@type\":\"WebSite\",\"@id\":\"https:\\\/\\\/keys-for-auto.eu\\\/cs\\\/#website\",\"url\":\"https:\\\/\\\/keys-for-auto.eu\\\/cs\\\/\",\"name\":\"Keys for auto\",\"description\":\"Car keys,  key shells, key programming\",\"publisher\":{\"@id\":\"https:\\\/\\\/keys-for-auto.eu\\\/cs\\\/#organization\"},\"potentialAction\":[{\"@type\":\"SearchAction\",\"target\":{\"@type\":\"EntryPoint\",\"urlTemplate\":\"https:\\\/\\\/keys-for-auto.eu\\\/cs\\\/?s={search_term_string}\"},\"query-input\":{\"@type\":\"PropertyValueSpecification\",\"valueRequired\":true,\"valueName\":\"search_term_string\"}}],\"inLanguage\":\"cs\"},{\"@type\":\"Organization\",\"@id\":\"https:\\\/\\\/keys-for-auto.eu\\\/cs\\\/#organization\",\"name\":\"Kl\u00ed\u010de pro auto\",\"url\":\"https:\\\/\\\/keys-for-auto.eu\\\/cs\\\/\",\"logo\":{\"@type\":\"ImageObject\",\"inLanguage\":\"cs\",\"@id\":\"https:\\\/\\\/keys-for-auto.eu\\\/cs\\\/#\\\/schema\\\/logo\\\/image\\\/\",\"url\":\"https:\\\/\\\/keys-for-auto.eu\\\/wp-content\\\/uploads\\\/2022\\\/11\\\/cropped-png1.png\",\"contentUrl\":\"https:\\\/\\\/keys-for-auto.eu\\\/wp-content\\\/uploads\\\/2022\\\/11\\\/cropped-png1.png\",\"width\":1000,\"height\":342,\"caption\":\"Kl\u00ed\u010de pro auto\"},\"image\":{\"@id\":\"https:\\\/\\\/keys-for-auto.eu\\\/cs\\\/#\\\/schema\\\/logo\\\/image\\\/\"},\"sameAs\":[\"https:\\\/\\\/www.facebook.com\\\/KeysForAutoEU\"]}]}<\/script>\n<!-- \/ Yoast SEO plugin. -->","yoast_head_json":{"title":"Kl\u00ed\u010d s d\u00e1lkov\u00fdm ovl\u00e1d\u00e1n\u00edm - vhodn\u00fd pro vozy BMW 7 (bez \u010depele kl\u00ed\u010de) - Keys for auto","robots":{"index":"index","follow":"follow","max-snippet":"max-snippet:-1","max-image-preview":"max-image-preview:large","max-video-preview":"max-video-preview:-1"},"canonical":"https:\/\/keys-for-auto.eu\/cs\/product\/dalkove-ovladani-klicu-vhodne-pro-bmw-7-vozidla-bez-klicove-cepele\/","og_locale":"cs_CZ","og_type":"article","og_title":"Kl\u00ed\u010d s d\u00e1lkov\u00fdm ovl\u00e1d\u00e1n\u00edm - vhodn\u00fd pro vozy BMW 7 (bez \u010depele kl\u00ed\u010de) - Keys for auto","og_description":"D\u00e1lkov\u00fd kl\u00ed\u010d (syst\u00e9m CAS1) pro BMW t\u0159\u00eddy 7. Vhodn\u00e9 pro: \u0158ada 7 (2002 - 2008) V\u00fdroba kl\u00ed\u010d\u016f od automobil\u016f  V\u00fdroba nov\u00fdch kl\u00ed\u010d\u016f od vozu, programov\u00e1n\u00ed kl\u00ed\u010d\u016f (\"sv\u00e1z\u00e1n\u00ed\" s vozem)  Odstran\u011bn\u00ed d\u0159\u00edve ztracen\u00fdch kl\u00ed\u010d\u016f z pam\u011bti vozidla  V\u00fdroba kl\u00ed\u010de zapalov\u00e1n\u00ed podle z\u00e1mku  Opravy kl\u00ed\u010d\u016f od automobil\u016f (v\u00fdm\u011bna tla\u010d\u00edtek, pl\u00e1\u0161\u0165\u016f, mechanism\u016f)  Nouzov\u00e9 odemyk\u00e1n\u00ed vozu  Obchodov\u00e1n\u00ed s kl\u00ed\u010di, pouzdry na kl\u00ed\u010de  Vypnut\u00ed softwaru DPF \/ FAP  Programov\u00e9 odstran\u011bn\u00ed EGR  Deaktivace softwaru imobiliz\u00e9ru (immo Off)  Oprava \u0159\u00eddic\u00ed jednotky motoru (ECU), klonov\u00e1n\u00ed, programov\u00e1n\u00ed  SRS (programov\u00e1n\u00ed \u0159\u00eddic\u00ed jednotky airbagu)  zbo\u017e\u00ed odesl\u00e1no do 3 pracovn\u00edch dn\u016f.* &nbsp; &nbsp;","og_url":"https:\/\/keys-for-auto.eu\/cs\/product\/dalkove-ovladani-klicu-vhodne-pro-bmw-7-vozidla-bez-klicove-cepele\/","og_site_name":"Keys for auto","article_publisher":"https:\/\/www.facebook.com\/KeysForAutoEU","og_image":[{"width":500,"height":500,"url":"https:\/\/keys-for-auto.eu\/wp-content\/uploads\/2022\/12\/BMW-7-Serijos-Smart-Key-CAS1-315MHz-868MHz-500x5001-removebg-preview.png","type":"image\/png"}],"twitter_card":"summary_large_image","twitter_misc":{"Odhadovan\u00e1 doba \u010dten\u00ed":"2 minuty"},"schema":{"@context":"https:\/\/schema.org","@graph":[{"@type":["WebPage","ItemPage"],"@id":"https:\/\/keys-for-auto.eu\/cs\/product\/dalkove-ovladani-klicu-vhodne-pro-bmw-7-vozidla-bez-klicove-cepele\/","url":"https:\/\/keys-for-auto.eu\/cs\/product\/dalkove-ovladani-klicu-vhodne-pro-bmw-7-vozidla-bez-klicove-cepele\/","name":"Kl\u00ed\u010d s d\u00e1lkov\u00fdm ovl\u00e1d\u00e1n\u00edm - vhodn\u00fd pro vozy BMW 7 (bez \u010depele kl\u00ed\u010de) - Keys for auto","isPartOf":{"@id":"https:\/\/keys-for-auto.eu\/cs\/#website"},"primaryImageOfPage":{"@id":"https:\/\/keys-for-auto.eu\/cs\/product\/dalkove-ovladani-klicu-vhodne-pro-bmw-7-vozidla-bez-klicove-cepele\/#primaryimage"},"image":{"@id":"https:\/\/keys-for-auto.eu\/cs\/product\/dalkove-ovladani-klicu-vhodne-pro-bmw-7-vozidla-bez-klicove-cepele\/#primaryimage"},"thumbnailUrl":"https:\/\/keys-for-auto.eu\/wp-content\/uploads\/2022\/12\/BMW-7-Serijos-Smart-Key-CAS1-315MHz-868MHz-500x5001-removebg-preview.png","datePublished":"2016-04-02T19:04:29+00:00","breadcrumb":{"@id":"https:\/\/keys-for-auto.eu\/cs\/product\/dalkove-ovladani-klicu-vhodne-pro-bmw-7-vozidla-bez-klicove-cepele\/#breadcrumb"},"inLanguage":"cs","potentialAction":[{"@type":"ReadAction","target":["https:\/\/keys-for-auto.eu\/cs\/product\/dalkove-ovladani-klicu-vhodne-pro-bmw-7-vozidla-bez-klicove-cepele\/"]}]},{"@type":"ImageObject","inLanguage":"cs","@id":"https:\/\/keys-for-auto.eu\/cs\/product\/dalkove-ovladani-klicu-vhodne-pro-bmw-7-vozidla-bez-klicove-cepele\/#primaryimage","url":"https:\/\/keys-for-auto.eu\/wp-content\/uploads\/2022\/12\/BMW-7-Serijos-Smart-Key-CAS1-315MHz-868MHz-500x5001-removebg-preview.png","contentUrl":"https:\/\/keys-for-auto.eu\/wp-content\/uploads\/2022\/12\/BMW-7-Serijos-Smart-Key-CAS1-315MHz-868MHz-500x5001-removebg-preview.png","width":500,"height":500},{"@type":"BreadcrumbList","@id":"https:\/\/keys-for-auto.eu\/cs\/product\/dalkove-ovladani-klicu-vhodne-pro-bmw-7-vozidla-bez-klicove-cepele\/#breadcrumb","itemListElement":[{"@type":"ListItem","position":1,"name":"Home","item":"https:\/\/keys-for-auto.eu\/cs\/"},{"@type":"ListItem","position":2,"name":"Shop","item":"https:\/\/keys-for-auto.eu\/"},{"@type":"ListItem","position":3,"name":"Kl\u00ed\u010d s d\u00e1lkov\u00fdm ovl\u00e1d\u00e1n\u00edm &#8211; vhodn\u00fd pro vozy BMW 7 (bez \u010depele kl\u00ed\u010de)"}]},{"@type":"WebSite","@id":"https:\/\/keys-for-auto.eu\/cs\/#website","url":"https:\/\/keys-for-auto.eu\/cs\/","name":"Keys for auto","description":"Car keys,  key shells, key programming","publisher":{"@id":"https:\/\/keys-for-auto.eu\/cs\/#organization"},"potentialAction":[{"@type":"SearchAction","target":{"@type":"EntryPoint","urlTemplate":"https:\/\/keys-for-auto.eu\/cs\/?s={search_term_string}"},"query-input":{"@type":"PropertyValueSpecification","valueRequired":true,"valueName":"search_term_string"}}],"inLanguage":"cs"},{"@type":"Organization","@id":"https:\/\/keys-for-auto.eu\/cs\/#organization","name":"Kl\u00ed\u010de pro auto","url":"https:\/\/keys-for-auto.eu\/cs\/","logo":{"@type":"ImageObject","inLanguage":"cs","@id":"https:\/\/keys-for-auto.eu\/cs\/#\/schema\/logo\/image\/","url":"https:\/\/keys-for-auto.eu\/wp-content\/uploads\/2022\/11\/cropped-png1.png","contentUrl":"https:\/\/keys-for-auto.eu\/wp-content\/uploads\/2022\/11\/cropped-png1.png","width":1000,"height":342,"caption":"Kl\u00ed\u010de pro auto"},"image":{"@id":"https:\/\/keys-for-auto.eu\/cs\/#\/schema\/logo\/image\/"},"sameAs":["https:\/\/www.facebook.com\/KeysForAutoEU"]}]}},"_links":{"self":[{"href":"https:\/\/keys-for-auto.eu\/cs\/wp-json\/wp\/v2\/product\/22089","targetHints":{"allow":["GET"]}}],"collection":[{"href":"https:\/\/keys-for-auto.eu\/cs\/wp-json\/wp\/v2\/product"}],"about":[{"href":"https:\/\/keys-for-auto.eu\/cs\/wp-json\/wp\/v2\/types\/product"}],"replies":[{"embeddable":true,"href":"https:\/\/keys-for-auto.eu\/cs\/wp-json\/wp\/v2\/comments?post=22089"}],"wp:featuredmedia":[{"embeddable":true,"href":"https:\/\/keys-for-auto.eu\/cs\/wp-json\/wp\/v2\/media\/20577"}],"wp:attachment":[{"href":"https:\/\/keys-for-auto.eu\/cs\/wp-json\/wp\/v2\/media?parent=22089"}],"wp:term":[{"taxonomy":"product_brand","embeddable":true,"href":"https:\/\/keys-for-auto.eu\/cs\/wp-json\/wp\/v2\/product_brand?post=22089"},{"taxonomy":"product_cat","embeddable":true,"href":"https:\/\/keys-for-auto.eu\/cs\/wp-json\/wp\/v2\/product_cat?post=22089"},{"taxonomy":"product_tag","embeddable":true,"href":"https:\/\/keys-for-auto.eu\/cs\/wp-json\/wp\/v2\/product_tag?post=22089"}],"curies":[{"name":"wp","href":"https:\/\/api.w.org\/{rel}","templated":true}]}}