{"id":22086,"date":"2016-04-02T20:20:20","date_gmt":"2016-04-02T20:20:20","guid":{"rendered":"https:\/\/keys-for-auto.eu\/product\/tritlacitkovy-klic-s-dalkovym-ovladanim-vhodny-pro-ford-focus-mondeo-fiesta-galaxy-c-max-s-max\/"},"modified":"2016-04-02T20:20:20","modified_gmt":"2016-04-02T20:20:20","slug":"tritlacitkove-tlacitko-s-dalkovym-ovladanim-vhodne-pro-ford-focus-mondeo-fiesta-galaxy-c-max-s-max","status":"publish","type":"product","link":"https:\/\/keys-for-auto.eu\/cs\/product\/tritlacitkove-tlacitko-s-dalkovym-ovladanim-vhodne-pro-ford-focus-mondeo-fiesta-galaxy-c-max-s-max\/","title":{"rendered":"T\u0159\u00edtla\u010d\u00edtkov\u00fd kl\u00ed\u010d s d\u00e1lkov\u00fdm ovl\u00e1d\u00e1n\u00edm vhodn\u00fd pro Ford Focus | Mondeo | Fiesta | Galaxy | C Max | S Max"},"content":{"rendered":"<h3><strong>T\u0159\u00edtla\u010d\u00edtkov\u00fd kl\u00ed\u010d s d\u00e1lkov\u00fdm ovl\u00e1d\u00e1n\u00edm vhodn\u00fd pro Ford Focus | Mondeo | Fiesta | Galaxy | C Max | S Max<\/strong><\/h3>\n<p>T\u0159\u00edtla\u010d\u00edtkov\u00fd kl\u00ed\u010d s d\u00e1lkov\u00fdm ovl\u00e1d\u00e1n\u00edm vhodn\u00fd pro Ford Focus | Mondeo | Fiesta | Galaxy | C Max | S Max<\/p>\n<p>P\u0159edstavujeme t\u0159\u00edtla\u010d\u00edtkov\u00fd kl\u00ed\u010d s \u010dipem d\u00e1lkov\u00e9ho ovl\u00e1d\u00e1n\u00ed vhodn\u00fd pro vozy Ford Focus, Mondeo, Fiesta, Galaxy, C Max, S Max. Je vybaven transpond\u00e9rem (\u010dipem) a nov\u00fdm prvkem. Kl\u00ed\u010d pracuje na frekvenci 433 MHz.<\/p>\n<p>Na\u0161i specialist\u00e9 v\u00e1m r\u00e1di vyrob\u00ed a naprogramuj\u00ed kl\u00ed\u010de pro v\u00e1\u0161 Ford. Kl\u00ed\u010de vybereme podle modelu, kter\u00fd \u0159\u00edd\u00edte, a va\u0161ich pot\u0159eb. Va\u0161e kl\u00ed\u010de naprogramujeme profesion\u00e1ln\u011b, rychle a za p\u0159ijatelnou cenu. N\u00e1\u0161 internetov\u00fd obchod nab\u00edz\u00ed \u0161irok\u00fd sortiment kl\u00ed\u010d\u016f s d\u00e1lkov\u00fdm ovl\u00e1d\u00e1n\u00edm a kl\u00ed\u010denek pro vozy Ford. Kl\u00ed\u010de od zapalov\u00e1n\u00ed m\u016f\u017eete rychle naj\u00edt podle fotografie (nebo popisu). Pokud si chcete koupit nebo profesion\u00e1ln\u011b naprogramovat kl\u00ed\u010de Ford, kontaktujte n\u00e1s. Nem\u00e1 cenu sv\u011b\u0159ovat tuto pr\u00e1ci neprofesion\u00e1l\u016fm.<\/p>\n<p>Programov\u00e1n\u00edm kl\u00ed\u010d\u016f se zab\u00fdv\u00e1me ji\u017e \u0159adu let a na\u0161e zku\u0161enosti n\u00e1m pom\u00e1haj\u00ed odv\u00e9st pr\u00e1ci rychle a efektivn\u011b. Proto na na\u0161e slu\u017eby a prod\u00e1van\u00e9 produkty poskytujeme z\u00e1ruku. \u0158\u00edk\u00e1 se, \u017ee cestov\u00e1n\u00ed stoj\u00ed za to, u\u017e jen proto, \u017ee se pak dostanete dom\u016f. Ale c\u00edt\u00edte se v\u017edy bezpe\u010dn\u011b, kdy\u017e p\u0159ijdete dom\u016f a nech\u00e1te auto na dvo\u0159e? Pokud tomu tak nen\u00ed, vyplat\u00ed se pod\u00edvat se i jinam ne\u017e jen na autoalarm. To nesta\u010d\u00ed.<\/p>\n<p>Chcete-li sv\u00e9 vozidlo pln\u011b ochr\u00e1nit, doporu\u010dujeme do n\u011bj nainstalovat imobiliz\u00e9r a do kl\u00ed\u010d\u016f transpond\u00e9r, kter\u00fd s n\u00edm spolupracuje. V p\u0159\u00edpad\u011b kr\u00e1de\u017ee se tak nepovolan\u00e9 osob\u011b nepoda\u0159\u00ed nastartovat v\u00e1\u0161 v\u016fz, ani kdy\u017e bude m\u00edt duplik\u00e1t kl\u00ed\u010de. Je to proto, \u017ee transpond\u00e9r funguje pouze ve velmi mal\u00e9 vzd\u00e1lenosti od vozidla. Po instalaci t\u00e9to technologie m\u016f\u017ee v\u016fz odemknout pouze jeho majitel.<\/p>\n<h3>Programov\u00e1n\u00ed kl\u00ed\u010d\u016f od auta<\/h3>\n<p>Programov\u00e1n\u00ed kl\u00ed\u010d\u016f od auta je vysoce kvalifikovan\u00fd obor. Proto v\u011bnujeme velkou pozornost kvalifikaci na\u0161ich technik\u016f. Zam\u011bstn\u00e1v\u00e1me pouze profesion\u00e1ly ve sv\u00e9m oboru, kte\u0159\u00ed si neust\u00e1le prohlubuj\u00ed sv\u00e9 znalosti prost\u0159ednictv\u00edm kurz\u016f a semin\u00e1\u0159\u016f. V\u00fdroba kl\u00ed\u010d\u016f v na\u0161\u00ed spole\u010dnosti je spolehliv\u00e1 a cenov\u011b dostupn\u00e1! Kl\u00ed\u010de od auta &#8211; pouze v na\u0161em obchod\u011b!<\/p>\n<div id=\"gtx-trans\" style=\"position: absolute; left: 933px; top: -14px;\">\n<div class=\"gtx-trans-icon\"><\/div>\n<\/div>\n","protected":false},"excerpt":{"rendered":"<p><em><strong>T\u0159\u00edtla\u010d\u00edtkov\u00fd kl\u00ed\u010d s mikro\u010dipem d\u00e1lkov\u00e9ho ovl\u00e1d\u00e1n\u00ed, 433 Mhz, transpond\u00e9rem (\u010dipem) a nov\u00fdm prvkem &#8211; vhodn\u00fd pro Ford Focus Mondeo Mondeo Fiesta Galaxy C-Max S-Max<\/strong><\/em><br \/>\n<em><strong>Vhodn\u00e9 pro:<\/strong><\/em><br \/>\n<em><strong>Zam\u011b\u0159en\u00ed 2005-2010<\/strong><\/em><br \/>\n<em><strong>Mondeo 2007-2010<\/strong><\/em><br \/>\n<em><strong>Fiesta 2009-2010<\/strong><\/em><br \/>\n<em><strong>Galaxy 2006-2010<\/strong><\/em><br \/>\n<em><strong>C Max 2003 2010<\/strong><\/em><br \/>\n<em><strong>S Max 2006-2010<\/strong><\/em><\/p>\n<h3><strong>V\u00fdroba kl\u00ed\u010d\u016f od automobil\u016f<\/strong><\/h3>\n<ul>\n<li><strong>V\u00fdroba nov\u00fdch kl\u00ed\u010d\u016f od vozu, programov\u00e1n\u00ed kl\u00ed\u010d\u016f (&#8222;sv\u00e1z\u00e1n\u00ed&#8220; s vozem)<\/strong><\/li>\n<li><strong>Odstran\u011bn\u00ed d\u0159\u00edve ztracen\u00fdch kl\u00ed\u010d\u016f z pam\u011bti vozidla<\/strong><\/li>\n<li><strong>V\u00fdroba kl\u00ed\u010de zapalov\u00e1n\u00ed podle z\u00e1mku<\/strong><\/li>\n<li><strong>Opravy kl\u00ed\u010d\u016f od automobil\u016f (v\u00fdm\u011bna tla\u010d\u00edtek, pl\u00e1\u0161\u0165\u016f, mechanism\u016f)<\/strong><\/li>\n<li><strong>Nouzov\u00e9 odemyk\u00e1n\u00ed vozu<\/strong><\/li>\n<li><strong>Obchodov\u00e1n\u00ed s kl\u00ed\u010di, pouzdry na kl\u00ed\u010de<\/strong><\/li>\n<li><strong>Vypnut\u00ed softwaru DPF \/ FAP<\/strong><\/li>\n<li><strong>Programov\u00e9 odstran\u011bn\u00ed EGR<\/strong><\/li>\n<li><strong>Deaktivace softwaru imobiliz\u00e9ru (immo Off)<\/strong><\/li>\n<li><strong>Oprava \u0159\u00eddic\u00ed jednotky motoru (ECU), klonov\u00e1n\u00ed, programov\u00e1n\u00ed<\/strong><\/li>\n<li><strong>SRS (programov\u00e1n\u00ed \u0159\u00eddic\u00ed jednotky airbagu)<\/strong><\/li>\n<\/ul>\n<h4><strong>  zbo\u017e\u00ed odesl\u00e1no do 3 pracovn\u00edch dn\u016f.*<\/strong><\/h4>\n","protected":false},"featured_media":20767,"comment_status":"open","ping_status":"closed","template":"","meta":[],"product_brand":[],"product_cat":[4416,4611],"product_tag":[5259,5290,5267,5275,5296,5283,5299],"class_list":{"0":"post-22086","1":"product","2":"type-product","3":"status-publish","4":"has-post-thumbnail","6":"product_cat-ford-cs","7":"product_cat-klice-dalkoveho-ovladani","8":"product_tag-klic-ford","9":"product_tag-klic-ford-c-max","10":"product_tag-klic-ford-fiesta","11":"product_tag-klic-ford-focus","12":"product_tag-klic-ford-galaxy","13":"product_tag-klic-ford-mondeo","14":"product_tag-klic-ford-s-max","16":"first","17":"instock","18":"shipping-taxable","19":"purchasable","20":"product-type-simple"},"yoast_head":"<!-- This site is optimized with the Yoast SEO plugin v27.6 - https:\/\/yoast.com\/product\/yoast-seo-wordpress\/ -->\n<title>T\u0159\u00edtla\u010d\u00edtkov\u00fd kl\u00ed\u010d s d\u00e1lkov\u00fdm ovl\u00e1d\u00e1n\u00edm vhodn\u00fd pro Ford Focus | Mondeo | Fiesta | Galaxy | C Max | S Max - Keys for auto<\/title>\n<meta name=\"robots\" content=\"index, follow, max-snippet:-1, max-image-preview:large, max-video-preview:-1\" \/>\n<link rel=\"canonical\" href=\"https:\/\/keys-for-auto.eu\/cs\/product\/tritlacitkove-tlacitko-s-dalkovym-ovladanim-vhodne-pro-ford-focus-mondeo-fiesta-galaxy-c-max-s-max\/\" \/>\n<meta property=\"og:locale\" content=\"cs_CZ\" \/>\n<meta property=\"og:type\" content=\"article\" \/>\n<meta property=\"og:title\" content=\"T\u0159\u00edtla\u010d\u00edtkov\u00fd kl\u00ed\u010d s d\u00e1lkov\u00fdm ovl\u00e1d\u00e1n\u00edm vhodn\u00fd pro Ford Focus | Mondeo | Fiesta | Galaxy | C Max | S Max - Keys for auto\" \/>\n<meta property=\"og:description\" content=\"T\u0159\u00edtla\u010d\u00edtkov\u00fd kl\u00ed\u010d s mikro\u010dipem d\u00e1lkov\u00e9ho ovl\u00e1d\u00e1n\u00ed, 433 Mhz, transpond\u00e9rem (\u010dipem) a nov\u00fdm prvkem - vhodn\u00fd pro Ford Focus Mondeo Mondeo Fiesta Galaxy C-Max S-Max Vhodn\u00e9 pro: Zam\u011b\u0159en\u00ed 2005-2010 Mondeo 2007-2010 Fiesta 2009-2010 Galaxy 2006-2010 C Max 2003 2010 S Max 2006-2010 V\u00fdroba kl\u00ed\u010d\u016f od automobil\u016f  V\u00fdroba nov\u00fdch kl\u00ed\u010d\u016f od vozu, programov\u00e1n\u00ed kl\u00ed\u010d\u016f (&quot;sv\u00e1z\u00e1n\u00ed&quot; s vozem)  Odstran\u011bn\u00ed d\u0159\u00edve ztracen\u00fdch kl\u00ed\u010d\u016f z pam\u011bti vozidla  V\u00fdroba kl\u00ed\u010de zapalov\u00e1n\u00ed podle z\u00e1mku  Opravy kl\u00ed\u010d\u016f od automobil\u016f (v\u00fdm\u011bna tla\u010d\u00edtek, pl\u00e1\u0161\u0165\u016f, mechanism\u016f)  Nouzov\u00e9 odemyk\u00e1n\u00ed vozu  Obchodov\u00e1n\u00ed s kl\u00ed\u010di, pouzdry na kl\u00ed\u010de  Vypnut\u00ed softwaru DPF \/ FAP  Programov\u00e9 odstran\u011bn\u00ed EGR  Deaktivace softwaru imobiliz\u00e9ru (immo Off)  Oprava \u0159\u00eddic\u00ed jednotky motoru (ECU), klonov\u00e1n\u00ed, programov\u00e1n\u00ed  SRS (programov\u00e1n\u00ed \u0159\u00eddic\u00ed jednotky airbagu)  zbo\u017e\u00ed odesl\u00e1no do 3 pracovn\u00edch dn\u016f.*\" \/>\n<meta property=\"og:url\" content=\"https:\/\/keys-for-auto.eu\/cs\/product\/tritlacitkove-tlacitko-s-dalkovym-ovladanim-vhodne-pro-ford-focus-mondeo-fiesta-galaxy-c-max-s-max\/\" \/>\n<meta property=\"og:site_name\" content=\"Keys for auto\" \/>\n<meta property=\"article:publisher\" content=\"https:\/\/www.facebook.com\/KeysForAutoEU\" \/>\n<meta property=\"og:image\" content=\"https:\/\/keys-for-auto.eu\/wp-content\/uploads\/2022\/12\/Fiesta-galaxy-C-Max-S-Max-3-Button-500x5001-removebg-preview.png\" \/>\n\t<meta property=\"og:image:width\" content=\"500\" \/>\n\t<meta property=\"og:image:height\" content=\"500\" \/>\n\t<meta property=\"og:image:type\" content=\"image\/png\" \/>\n<meta name=\"twitter:card\" content=\"summary_large_image\" \/>\n<meta name=\"twitter:label1\" content=\"Odhadovan\u00e1 doba \u010dten\u00ed\" \/>\n\t<meta name=\"twitter:data1\" content=\"2 minuty\" \/>\n<script type=\"application\/ld+json\" class=\"yoast-schema-graph\">{\"@context\":\"https:\\\/\\\/schema.org\",\"@graph\":[{\"@type\":[\"WebPage\",\"ItemPage\"],\"@id\":\"https:\\\/\\\/keys-for-auto.eu\\\/cs\\\/product\\\/tritlacitkove-tlacitko-s-dalkovym-ovladanim-vhodne-pro-ford-focus-mondeo-fiesta-galaxy-c-max-s-max\\\/\",\"url\":\"https:\\\/\\\/keys-for-auto.eu\\\/cs\\\/product\\\/tritlacitkove-tlacitko-s-dalkovym-ovladanim-vhodne-pro-ford-focus-mondeo-fiesta-galaxy-c-max-s-max\\\/\",\"name\":\"T\u0159\u00edtla\u010d\u00edtkov\u00fd kl\u00ed\u010d s d\u00e1lkov\u00fdm ovl\u00e1d\u00e1n\u00edm vhodn\u00fd pro Ford Focus | Mondeo | Fiesta | Galaxy | C Max | S Max - Keys for auto\",\"isPartOf\":{\"@id\":\"https:\\\/\\\/keys-for-auto.eu\\\/cs\\\/#website\"},\"primaryImageOfPage\":{\"@id\":\"https:\\\/\\\/keys-for-auto.eu\\\/cs\\\/product\\\/tritlacitkove-tlacitko-s-dalkovym-ovladanim-vhodne-pro-ford-focus-mondeo-fiesta-galaxy-c-max-s-max\\\/#primaryimage\"},\"image\":{\"@id\":\"https:\\\/\\\/keys-for-auto.eu\\\/cs\\\/product\\\/tritlacitkove-tlacitko-s-dalkovym-ovladanim-vhodne-pro-ford-focus-mondeo-fiesta-galaxy-c-max-s-max\\\/#primaryimage\"},\"thumbnailUrl\":\"https:\\\/\\\/keys-for-auto.eu\\\/wp-content\\\/uploads\\\/2022\\\/12\\\/Fiesta-galaxy-C-Max-S-Max-3-Button-500x5001-removebg-preview.png\",\"datePublished\":\"2016-04-02T20:20:20+00:00\",\"breadcrumb\":{\"@id\":\"https:\\\/\\\/keys-for-auto.eu\\\/cs\\\/product\\\/tritlacitkove-tlacitko-s-dalkovym-ovladanim-vhodne-pro-ford-focus-mondeo-fiesta-galaxy-c-max-s-max\\\/#breadcrumb\"},\"inLanguage\":\"cs\",\"potentialAction\":[{\"@type\":\"ReadAction\",\"target\":[\"https:\\\/\\\/keys-for-auto.eu\\\/cs\\\/product\\\/tritlacitkove-tlacitko-s-dalkovym-ovladanim-vhodne-pro-ford-focus-mondeo-fiesta-galaxy-c-max-s-max\\\/\"]}]},{\"@type\":\"ImageObject\",\"inLanguage\":\"cs\",\"@id\":\"https:\\\/\\\/keys-for-auto.eu\\\/cs\\\/product\\\/tritlacitkove-tlacitko-s-dalkovym-ovladanim-vhodne-pro-ford-focus-mondeo-fiesta-galaxy-c-max-s-max\\\/#primaryimage\",\"url\":\"https:\\\/\\\/keys-for-auto.eu\\\/wp-content\\\/uploads\\\/2022\\\/12\\\/Fiesta-galaxy-C-Max-S-Max-3-Button-500x5001-removebg-preview.png\",\"contentUrl\":\"https:\\\/\\\/keys-for-auto.eu\\\/wp-content\\\/uploads\\\/2022\\\/12\\\/Fiesta-galaxy-C-Max-S-Max-3-Button-500x5001-removebg-preview.png\",\"width\":500,\"height\":500},{\"@type\":\"BreadcrumbList\",\"@id\":\"https:\\\/\\\/keys-for-auto.eu\\\/cs\\\/product\\\/tritlacitkove-tlacitko-s-dalkovym-ovladanim-vhodne-pro-ford-focus-mondeo-fiesta-galaxy-c-max-s-max\\\/#breadcrumb\",\"itemListElement\":[{\"@type\":\"ListItem\",\"position\":1,\"name\":\"Home\",\"item\":\"https:\\\/\\\/keys-for-auto.eu\\\/cs\\\/\"},{\"@type\":\"ListItem\",\"position\":2,\"name\":\"Shop\",\"item\":\"https:\\\/\\\/keys-for-auto.eu\\\/\"},{\"@type\":\"ListItem\",\"position\":3,\"name\":\"T\u0159\u00edtla\u010d\u00edtkov\u00fd kl\u00ed\u010d s d\u00e1lkov\u00fdm ovl\u00e1d\u00e1n\u00edm vhodn\u00fd pro Ford Focus | Mondeo | Fiesta | Galaxy | C Max | S Max\"}]},{\"@type\":\"WebSite\",\"@id\":\"https:\\\/\\\/keys-for-auto.eu\\\/cs\\\/#website\",\"url\":\"https:\\\/\\\/keys-for-auto.eu\\\/cs\\\/\",\"name\":\"Keys for auto\",\"description\":\"Car keys,  key shells, key programming\",\"publisher\":{\"@id\":\"https:\\\/\\\/keys-for-auto.eu\\\/cs\\\/#organization\"},\"potentialAction\":[{\"@type\":\"SearchAction\",\"target\":{\"@type\":\"EntryPoint\",\"urlTemplate\":\"https:\\\/\\\/keys-for-auto.eu\\\/cs\\\/?s={search_term_string}\"},\"query-input\":{\"@type\":\"PropertyValueSpecification\",\"valueRequired\":true,\"valueName\":\"search_term_string\"}}],\"inLanguage\":\"cs\"},{\"@type\":\"Organization\",\"@id\":\"https:\\\/\\\/keys-for-auto.eu\\\/cs\\\/#organization\",\"name\":\"Kl\u00ed\u010de pro auto\",\"url\":\"https:\\\/\\\/keys-for-auto.eu\\\/cs\\\/\",\"logo\":{\"@type\":\"ImageObject\",\"inLanguage\":\"cs\",\"@id\":\"https:\\\/\\\/keys-for-auto.eu\\\/cs\\\/#\\\/schema\\\/logo\\\/image\\\/\",\"url\":\"https:\\\/\\\/keys-for-auto.eu\\\/wp-content\\\/uploads\\\/2022\\\/11\\\/cropped-png1.png\",\"contentUrl\":\"https:\\\/\\\/keys-for-auto.eu\\\/wp-content\\\/uploads\\\/2022\\\/11\\\/cropped-png1.png\",\"width\":1000,\"height\":342,\"caption\":\"Kl\u00ed\u010de pro auto\"},\"image\":{\"@id\":\"https:\\\/\\\/keys-for-auto.eu\\\/cs\\\/#\\\/schema\\\/logo\\\/image\\\/\"},\"sameAs\":[\"https:\\\/\\\/www.facebook.com\\\/KeysForAutoEU\"]}]}<\/script>\n<!-- \/ Yoast SEO plugin. -->","yoast_head_json":{"title":"T\u0159\u00edtla\u010d\u00edtkov\u00fd kl\u00ed\u010d s d\u00e1lkov\u00fdm ovl\u00e1d\u00e1n\u00edm vhodn\u00fd pro Ford Focus | Mondeo | Fiesta | Galaxy | C Max | S Max - Keys for auto","robots":{"index":"index","follow":"follow","max-snippet":"max-snippet:-1","max-image-preview":"max-image-preview:large","max-video-preview":"max-video-preview:-1"},"canonical":"https:\/\/keys-for-auto.eu\/cs\/product\/tritlacitkove-tlacitko-s-dalkovym-ovladanim-vhodne-pro-ford-focus-mondeo-fiesta-galaxy-c-max-s-max\/","og_locale":"cs_CZ","og_type":"article","og_title":"T\u0159\u00edtla\u010d\u00edtkov\u00fd kl\u00ed\u010d s d\u00e1lkov\u00fdm ovl\u00e1d\u00e1n\u00edm vhodn\u00fd pro Ford Focus | Mondeo | Fiesta | Galaxy | C Max | S Max - Keys for auto","og_description":"T\u0159\u00edtla\u010d\u00edtkov\u00fd kl\u00ed\u010d s mikro\u010dipem d\u00e1lkov\u00e9ho ovl\u00e1d\u00e1n\u00ed, 433 Mhz, transpond\u00e9rem (\u010dipem) a nov\u00fdm prvkem - vhodn\u00fd pro Ford Focus Mondeo Mondeo Fiesta Galaxy C-Max S-Max Vhodn\u00e9 pro: Zam\u011b\u0159en\u00ed 2005-2010 Mondeo 2007-2010 Fiesta 2009-2010 Galaxy 2006-2010 C Max 2003 2010 S Max 2006-2010 V\u00fdroba kl\u00ed\u010d\u016f od automobil\u016f  V\u00fdroba nov\u00fdch kl\u00ed\u010d\u016f od vozu, programov\u00e1n\u00ed kl\u00ed\u010d\u016f (\"sv\u00e1z\u00e1n\u00ed\" s vozem)  Odstran\u011bn\u00ed d\u0159\u00edve ztracen\u00fdch kl\u00ed\u010d\u016f z pam\u011bti vozidla  V\u00fdroba kl\u00ed\u010de zapalov\u00e1n\u00ed podle z\u00e1mku  Opravy kl\u00ed\u010d\u016f od automobil\u016f (v\u00fdm\u011bna tla\u010d\u00edtek, pl\u00e1\u0161\u0165\u016f, mechanism\u016f)  Nouzov\u00e9 odemyk\u00e1n\u00ed vozu  Obchodov\u00e1n\u00ed s kl\u00ed\u010di, pouzdry na kl\u00ed\u010de  Vypnut\u00ed softwaru DPF \/ FAP  Programov\u00e9 odstran\u011bn\u00ed EGR  Deaktivace softwaru imobiliz\u00e9ru (immo Off)  Oprava \u0159\u00eddic\u00ed jednotky motoru (ECU), klonov\u00e1n\u00ed, programov\u00e1n\u00ed  SRS (programov\u00e1n\u00ed \u0159\u00eddic\u00ed jednotky airbagu)  zbo\u017e\u00ed odesl\u00e1no do 3 pracovn\u00edch dn\u016f.*","og_url":"https:\/\/keys-for-auto.eu\/cs\/product\/tritlacitkove-tlacitko-s-dalkovym-ovladanim-vhodne-pro-ford-focus-mondeo-fiesta-galaxy-c-max-s-max\/","og_site_name":"Keys for auto","article_publisher":"https:\/\/www.facebook.com\/KeysForAutoEU","og_image":[{"width":500,"height":500,"url":"https:\/\/keys-for-auto.eu\/wp-content\/uploads\/2022\/12\/Fiesta-galaxy-C-Max-S-Max-3-Button-500x5001-removebg-preview.png","type":"image\/png"}],"twitter_card":"summary_large_image","twitter_misc":{"Odhadovan\u00e1 doba \u010dten\u00ed":"2 minuty"},"schema":{"@context":"https:\/\/schema.org","@graph":[{"@type":["WebPage","ItemPage"],"@id":"https:\/\/keys-for-auto.eu\/cs\/product\/tritlacitkove-tlacitko-s-dalkovym-ovladanim-vhodne-pro-ford-focus-mondeo-fiesta-galaxy-c-max-s-max\/","url":"https:\/\/keys-for-auto.eu\/cs\/product\/tritlacitkove-tlacitko-s-dalkovym-ovladanim-vhodne-pro-ford-focus-mondeo-fiesta-galaxy-c-max-s-max\/","name":"T\u0159\u00edtla\u010d\u00edtkov\u00fd kl\u00ed\u010d s d\u00e1lkov\u00fdm ovl\u00e1d\u00e1n\u00edm vhodn\u00fd pro Ford Focus | Mondeo | Fiesta | Galaxy | C Max | S Max - Keys for auto","isPartOf":{"@id":"https:\/\/keys-for-auto.eu\/cs\/#website"},"primaryImageOfPage":{"@id":"https:\/\/keys-for-auto.eu\/cs\/product\/tritlacitkove-tlacitko-s-dalkovym-ovladanim-vhodne-pro-ford-focus-mondeo-fiesta-galaxy-c-max-s-max\/#primaryimage"},"image":{"@id":"https:\/\/keys-for-auto.eu\/cs\/product\/tritlacitkove-tlacitko-s-dalkovym-ovladanim-vhodne-pro-ford-focus-mondeo-fiesta-galaxy-c-max-s-max\/#primaryimage"},"thumbnailUrl":"https:\/\/keys-for-auto.eu\/wp-content\/uploads\/2022\/12\/Fiesta-galaxy-C-Max-S-Max-3-Button-500x5001-removebg-preview.png","datePublished":"2016-04-02T20:20:20+00:00","breadcrumb":{"@id":"https:\/\/keys-for-auto.eu\/cs\/product\/tritlacitkove-tlacitko-s-dalkovym-ovladanim-vhodne-pro-ford-focus-mondeo-fiesta-galaxy-c-max-s-max\/#breadcrumb"},"inLanguage":"cs","potentialAction":[{"@type":"ReadAction","target":["https:\/\/keys-for-auto.eu\/cs\/product\/tritlacitkove-tlacitko-s-dalkovym-ovladanim-vhodne-pro-ford-focus-mondeo-fiesta-galaxy-c-max-s-max\/"]}]},{"@type":"ImageObject","inLanguage":"cs","@id":"https:\/\/keys-for-auto.eu\/cs\/product\/tritlacitkove-tlacitko-s-dalkovym-ovladanim-vhodne-pro-ford-focus-mondeo-fiesta-galaxy-c-max-s-max\/#primaryimage","url":"https:\/\/keys-for-auto.eu\/wp-content\/uploads\/2022\/12\/Fiesta-galaxy-C-Max-S-Max-3-Button-500x5001-removebg-preview.png","contentUrl":"https:\/\/keys-for-auto.eu\/wp-content\/uploads\/2022\/12\/Fiesta-galaxy-C-Max-S-Max-3-Button-500x5001-removebg-preview.png","width":500,"height":500},{"@type":"BreadcrumbList","@id":"https:\/\/keys-for-auto.eu\/cs\/product\/tritlacitkove-tlacitko-s-dalkovym-ovladanim-vhodne-pro-ford-focus-mondeo-fiesta-galaxy-c-max-s-max\/#breadcrumb","itemListElement":[{"@type":"ListItem","position":1,"name":"Home","item":"https:\/\/keys-for-auto.eu\/cs\/"},{"@type":"ListItem","position":2,"name":"Shop","item":"https:\/\/keys-for-auto.eu\/"},{"@type":"ListItem","position":3,"name":"T\u0159\u00edtla\u010d\u00edtkov\u00fd kl\u00ed\u010d s d\u00e1lkov\u00fdm ovl\u00e1d\u00e1n\u00edm vhodn\u00fd pro Ford Focus | Mondeo | Fiesta | Galaxy | C Max | S Max"}]},{"@type":"WebSite","@id":"https:\/\/keys-for-auto.eu\/cs\/#website","url":"https:\/\/keys-for-auto.eu\/cs\/","name":"Keys for auto","description":"Car keys,  key shells, key programming","publisher":{"@id":"https:\/\/keys-for-auto.eu\/cs\/#organization"},"potentialAction":[{"@type":"SearchAction","target":{"@type":"EntryPoint","urlTemplate":"https:\/\/keys-for-auto.eu\/cs\/?s={search_term_string}"},"query-input":{"@type":"PropertyValueSpecification","valueRequired":true,"valueName":"search_term_string"}}],"inLanguage":"cs"},{"@type":"Organization","@id":"https:\/\/keys-for-auto.eu\/cs\/#organization","name":"Kl\u00ed\u010de pro auto","url":"https:\/\/keys-for-auto.eu\/cs\/","logo":{"@type":"ImageObject","inLanguage":"cs","@id":"https:\/\/keys-for-auto.eu\/cs\/#\/schema\/logo\/image\/","url":"https:\/\/keys-for-auto.eu\/wp-content\/uploads\/2022\/11\/cropped-png1.png","contentUrl":"https:\/\/keys-for-auto.eu\/wp-content\/uploads\/2022\/11\/cropped-png1.png","width":1000,"height":342,"caption":"Kl\u00ed\u010de pro auto"},"image":{"@id":"https:\/\/keys-for-auto.eu\/cs\/#\/schema\/logo\/image\/"},"sameAs":["https:\/\/www.facebook.com\/KeysForAutoEU"]}]}},"_links":{"self":[{"href":"https:\/\/keys-for-auto.eu\/cs\/wp-json\/wp\/v2\/product\/22086","targetHints":{"allow":["GET"]}}],"collection":[{"href":"https:\/\/keys-for-auto.eu\/cs\/wp-json\/wp\/v2\/product"}],"about":[{"href":"https:\/\/keys-for-auto.eu\/cs\/wp-json\/wp\/v2\/types\/product"}],"replies":[{"embeddable":true,"href":"https:\/\/keys-for-auto.eu\/cs\/wp-json\/wp\/v2\/comments?post=22086"}],"wp:featuredmedia":[{"embeddable":true,"href":"https:\/\/keys-for-auto.eu\/cs\/wp-json\/wp\/v2\/media\/20767"}],"wp:attachment":[{"href":"https:\/\/keys-for-auto.eu\/cs\/wp-json\/wp\/v2\/media?parent=22086"}],"wp:term":[{"taxonomy":"product_brand","embeddable":true,"href":"https:\/\/keys-for-auto.eu\/cs\/wp-json\/wp\/v2\/product_brand?post=22086"},{"taxonomy":"product_cat","embeddable":true,"href":"https:\/\/keys-for-auto.eu\/cs\/wp-json\/wp\/v2\/product_cat?post=22086"},{"taxonomy":"product_tag","embeddable":true,"href":"https:\/\/keys-for-auto.eu\/cs\/wp-json\/wp\/v2\/product_tag?post=22086"}],"curies":[{"name":"wp","href":"https:\/\/api.w.org\/{rel}","templated":true}]}}