{"id":22083,"date":"2016-04-02T19:09:50","date_gmt":"2016-04-02T19:09:50","guid":{"rendered":"https:\/\/keys-for-auto.eu\/product\/dalkovy-klic-vhodny-pro-vozy-chrysler\/"},"modified":"2016-04-02T19:09:50","modified_gmt":"2016-04-02T19:09:50","slug":"dalkove-ovladane-klice-vhodne-pro-vozy-chrysler","status":"publish","type":"product","link":"https:\/\/keys-for-auto.eu\/cs\/product\/dalkove-ovladane-klice-vhodne-pro-vozy-chrysler\/","title":{"rendered":"D\u00e1lkov\u00fd kl\u00ed\u010d &#8211; vhodn\u00fd pro vozy Chrysler"},"content":{"rendered":"<p>D\u00e1lkov\u00fd kl\u00ed\u010d &#8211; vhodn\u00fd pro Chrysler Town, Country<\/p>\n<p>P\u0159edstavujeme kl\u00ed\u010d s d\u00e1lkov\u00fdm ovl\u00e1d\u00e1n\u00edm vhodn\u00fd pro Chrysler Town, Country.<\/p>\n<p>Kl\u00ed\u010de s d\u00e1lkov\u00fdm ovl\u00e1d\u00e1n\u00edm jsou nejen praktick\u00fdm n\u00e1strojem pro ovl\u00e1d\u00e1n\u00ed va\u0161eho vozu, ale tak\u00e9 d\u016fle\u017eit\u00fdm prvkem, kter\u00fd zahajuje a ukon\u010duje va\u0161i cestu. Proto se postar\u00e1me nejen o to, abyste m\u011bli kvalitn\u00ed kl\u00ed\u010de na d\u00e1lkov\u00e9 ovl\u00e1d\u00e1n\u00ed nebo mohli vym\u011bnit rozbitou sk\u0159\u00ed\u0148ku na kl\u00ed\u010de, ale tak\u00e9 o to, abychom va\u0161e kl\u00ed\u010de naprogramovali. Tato slu\u017eba je nesm\u00edrn\u011b d\u016fle\u017eit\u00e1 a zodpov\u011bdn\u00e1. Velkou pozornost v\u011bnujeme kvalit\u011b na\u0161\u00ed pr\u00e1ce. Proto na na\u0161e slu\u017eby a prod\u00e1van\u00e9 zbo\u017e\u00ed poskytujeme z\u00e1ruku.<\/p>\n<p>Bylo \u0159e\u010deno, \u017ee &#8222;na \u017e\u00e1dn\u00e9 cest\u011b nen\u00ed v\u011bt\u0161\u00edho pot\u011b\u0161en\u00ed ne\u017e na jej\u00edm za\u010d\u00e1tku&#8220;. A co v\u00edc ne\u017e spr\u00e1vn\u011b naprogramovan\u00e9 kl\u00ed\u010de, spr\u00e1vn\u011b vybran\u00e9 kl\u00ed\u010de na d\u00e1lkov\u00e9 ovl\u00e1d\u00e1n\u00ed a uklizen\u00e9 schr\u00e1nky na kl\u00ed\u010de od auta v\u00e1m zaru\u010d\u00ed, \u017ee ka\u017ed\u00e1 va\u0161e cesta bude m\u00edt skv\u011bl\u00fd a \u00fasp\u011b\u0161n\u00fd za\u010d\u00e1tek? Sv\u011b\u0159te proto tyto slu\u017eby n\u00e1m, spole\u010dnosti, pro kterou je programov\u00e1n\u00ed kl\u00ed\u010d\u016f od auta v\u00edce ne\u017e jen podnik\u00e1n\u00ed &#8211; je to filozofie, kter\u00e1 \u0159\u00edk\u00e1, \u017ee jde o spokojen\u00e9ho z\u00e1kazn\u00edka a bezpe\u010dn\u00e9 auto.<\/p>\n<p>V\u00fdroba kl\u00ed\u010d\u016f je na\u0161\u00ed specialitou. V t\u00e9to oblasti se sna\u017e\u00edme neust\u00e1le zlep\u0161ovat a dr\u017eet krok s technick\u00fdmi inovacemi. Proto v\u011bnujeme velkou pozornost zvy\u0161ov\u00e1n\u00ed kvalifikace na\u0161ich zam\u011bstnanc\u016f a vybavujeme na\u0161i spole\u010dnost nejnov\u011bj\u0161\u00edmi kl\u00ed\u010dov\u00fdmi v\u00fdrobn\u00edmi technologiemi. To zaru\u010duje, \u017ee ka\u017ed\u00fd \u0159idi\u010d, kter\u00fd k n\u00e1m p\u0159ijede, si bude moci zakoupit modern\u00ed a profesion\u00e1ln\u00ed techniku pro startov\u00e1n\u00ed a zabezpe\u010den\u00ed sv\u00e9ho vozu a dostane profesion\u00e1ln\u00ed programov\u00e1n\u00ed kl\u00ed\u010d\u016f od vozu. Kl\u00ed\u010de od auta od nyn\u011bj\u0161ka z jednoho d\u016fv\u011bryhodn\u00e9ho zdroje!<\/p>\n","protected":false},"excerpt":{"rendered":"<p><strong><em>Pro Chrysler, &#8211; vhodn\u00fd kl\u00ed\u010d s d\u00e1lkov\u00fdm ovl\u00e1d\u00e1n\u00edm, p\u0159i objedn\u00e1vce uve\u010fte \u010d\u00edslo.<\/em><\/strong><\/p>\n<h3><strong>V\u00fdroba kl\u00ed\u010d\u016f od automobil\u016f<\/strong><\/h3>\n<ul>\n<li><strong>V\u00fdroba nov\u00fdch kl\u00ed\u010d\u016f od vozu, programov\u00e1n\u00ed kl\u00ed\u010d\u016f (&#8222;sv\u00e1z\u00e1n\u00ed&#8220; s vozem)<\/strong><\/li>\n<li><strong>Odstran\u011bn\u00ed d\u0159\u00edve ztracen\u00fdch kl\u00ed\u010d\u016f z pam\u011bti vozidla<\/strong><\/li>\n<li><strong>V\u00fdroba kl\u00ed\u010de zapalov\u00e1n\u00ed podle z\u00e1mku<\/strong><\/li>\n<li><strong>Opravy kl\u00ed\u010d\u016f od automobil\u016f (v\u00fdm\u011bna tla\u010d\u00edtek, pl\u00e1\u0161\u0165\u016f, mechanism\u016f)<\/strong><\/li>\n<li><strong>Nouzov\u00e9 odemyk\u00e1n\u00ed vozu<\/strong><\/li>\n<li><strong>Obchodov\u00e1n\u00ed s kl\u00ed\u010di, pouzdry na kl\u00ed\u010de<\/strong><\/li>\n<li><strong>Vypnut\u00ed softwaru DPF \/ FAP<\/strong><\/li>\n<li><strong>Programov\u00e9 odstran\u011bn\u00ed EGR<\/strong><\/li>\n<li><strong>Deaktivace softwaru imobiliz\u00e9ru (immo Off)<\/strong><\/li>\n<li><strong>Oprava \u0159\u00eddic\u00ed jednotky motoru (ECU), klonov\u00e1n\u00ed, programov\u00e1n\u00ed<\/strong><\/li>\n<li><strong>SRS (programov\u00e1n\u00ed \u0159\u00eddic\u00ed jednotky airbagu)<\/strong><\/li>\n<\/ul>\n<h4><strong>zbo\u017e\u00ed odesl\u00e1no do 3 pracovn\u00edch dn\u016f.*<\/strong><\/h4>\n<p>&nbsp;<\/p>\n<p>&nbsp;<\/p>\n<p>&nbsp;<\/p>\n","protected":false},"featured_media":20665,"comment_status":"open","ping_status":"closed","template":"","meta":[],"product_brand":[],"product_cat":[4331,4611],"product_tag":[5257,5266],"class_list":{"0":"post-22083","1":"product","2":"type-product","3":"status-publish","4":"has-post-thumbnail","6":"product_cat-chrysler-cs","7":"product_cat-klice-dalkoveho-ovladani","8":"product_tag-klic-od-chrysleru","9":"product_tag-klic-od-vozu-chrysler-town-country","11":"first","12":"instock","13":"shipping-taxable","14":"purchasable","15":"product-type-simple"},"yoast_head":"<!-- This site is optimized with the Yoast SEO plugin v27.6 - https:\/\/yoast.com\/product\/yoast-seo-wordpress\/ -->\n<title>D\u00e1lkov\u00fd kl\u00ed\u010d - vhodn\u00fd pro vozy Chrysler - Keys for auto<\/title>\n<meta name=\"robots\" content=\"index, follow, max-snippet:-1, max-image-preview:large, max-video-preview:-1\" \/>\n<link rel=\"canonical\" href=\"https:\/\/keys-for-auto.eu\/cs\/product\/dalkove-ovladane-klice-vhodne-pro-vozy-chrysler\/\" \/>\n<meta property=\"og:locale\" content=\"cs_CZ\" \/>\n<meta property=\"og:type\" content=\"article\" \/>\n<meta property=\"og:title\" content=\"D\u00e1lkov\u00fd kl\u00ed\u010d - vhodn\u00fd pro vozy Chrysler - Keys for auto\" \/>\n<meta property=\"og:description\" content=\"Pro Chrysler, - vhodn\u00fd kl\u00ed\u010d s d\u00e1lkov\u00fdm ovl\u00e1d\u00e1n\u00edm, p\u0159i objedn\u00e1vce uve\u010fte \u010d\u00edslo. V\u00fdroba kl\u00ed\u010d\u016f od automobil\u016f  V\u00fdroba nov\u00fdch kl\u00ed\u010d\u016f od vozu, programov\u00e1n\u00ed kl\u00ed\u010d\u016f (&quot;sv\u00e1z\u00e1n\u00ed&quot; s vozem)  Odstran\u011bn\u00ed d\u0159\u00edve ztracen\u00fdch kl\u00ed\u010d\u016f z pam\u011bti vozidla  V\u00fdroba kl\u00ed\u010de zapalov\u00e1n\u00ed podle z\u00e1mku  Opravy kl\u00ed\u010d\u016f od automobil\u016f (v\u00fdm\u011bna tla\u010d\u00edtek, pl\u00e1\u0161\u0165\u016f, mechanism\u016f)  Nouzov\u00e9 odemyk\u00e1n\u00ed vozu  Obchodov\u00e1n\u00ed s kl\u00ed\u010di, pouzdry na kl\u00ed\u010de  Vypnut\u00ed softwaru DPF \/ FAP  Programov\u00e9 odstran\u011bn\u00ed EGR  Deaktivace softwaru imobiliz\u00e9ru (immo Off)  Oprava \u0159\u00eddic\u00ed jednotky motoru (ECU), klonov\u00e1n\u00ed, programov\u00e1n\u00ed  SRS (programov\u00e1n\u00ed \u0159\u00eddic\u00ed jednotky airbagu) zbo\u017e\u00ed odesl\u00e1no do 3 pracovn\u00edch dn\u016f.* &nbsp; &nbsp; &nbsp;\" \/>\n<meta property=\"og:url\" content=\"https:\/\/keys-for-auto.eu\/cs\/product\/dalkove-ovladane-klice-vhodne-pro-vozy-chrysler\/\" \/>\n<meta property=\"og:site_name\" content=\"Keys for auto\" \/>\n<meta property=\"article:publisher\" content=\"https:\/\/www.facebook.com\/KeysForAutoEU\" \/>\n<meta property=\"og:image\" content=\"https:\/\/keys-for-auto.eu\/wp-content\/uploads\/2022\/12\/Chrysler-raktai-nuotolinio-valdymo-500x5002-1.jpg\" \/>\n\t<meta property=\"og:image:width\" content=\"500\" \/>\n\t<meta property=\"og:image:height\" content=\"500\" \/>\n\t<meta property=\"og:image:type\" content=\"image\/jpeg\" \/>\n<meta name=\"twitter:card\" content=\"summary_large_image\" \/>\n<meta name=\"twitter:label1\" content=\"Odhadovan\u00e1 doba \u010dten\u00ed\" \/>\n\t<meta name=\"twitter:data1\" content=\"2 minuty\" \/>\n<script type=\"application\/ld+json\" class=\"yoast-schema-graph\">{\"@context\":\"https:\\\/\\\/schema.org\",\"@graph\":[{\"@type\":[\"WebPage\",\"ItemPage\"],\"@id\":\"https:\\\/\\\/keys-for-auto.eu\\\/cs\\\/product\\\/dalkove-ovladane-klice-vhodne-pro-vozy-chrysler\\\/\",\"url\":\"https:\\\/\\\/keys-for-auto.eu\\\/cs\\\/product\\\/dalkove-ovladane-klice-vhodne-pro-vozy-chrysler\\\/\",\"name\":\"D\u00e1lkov\u00fd kl\u00ed\u010d - vhodn\u00fd pro vozy Chrysler - Keys for auto\",\"isPartOf\":{\"@id\":\"https:\\\/\\\/keys-for-auto.eu\\\/cs\\\/#website\"},\"primaryImageOfPage\":{\"@id\":\"https:\\\/\\\/keys-for-auto.eu\\\/cs\\\/product\\\/dalkove-ovladane-klice-vhodne-pro-vozy-chrysler\\\/#primaryimage\"},\"image\":{\"@id\":\"https:\\\/\\\/keys-for-auto.eu\\\/cs\\\/product\\\/dalkove-ovladane-klice-vhodne-pro-vozy-chrysler\\\/#primaryimage\"},\"thumbnailUrl\":\"https:\\\/\\\/keys-for-auto.eu\\\/wp-content\\\/uploads\\\/2022\\\/12\\\/Chrysler-raktai-nuotolinio-valdymo-500x5002-1.jpg\",\"datePublished\":\"2016-04-02T19:09:50+00:00\",\"breadcrumb\":{\"@id\":\"https:\\\/\\\/keys-for-auto.eu\\\/cs\\\/product\\\/dalkove-ovladane-klice-vhodne-pro-vozy-chrysler\\\/#breadcrumb\"},\"inLanguage\":\"cs\",\"potentialAction\":[{\"@type\":\"ReadAction\",\"target\":[\"https:\\\/\\\/keys-for-auto.eu\\\/cs\\\/product\\\/dalkove-ovladane-klice-vhodne-pro-vozy-chrysler\\\/\"]}]},{\"@type\":\"ImageObject\",\"inLanguage\":\"cs\",\"@id\":\"https:\\\/\\\/keys-for-auto.eu\\\/cs\\\/product\\\/dalkove-ovladane-klice-vhodne-pro-vozy-chrysler\\\/#primaryimage\",\"url\":\"https:\\\/\\\/keys-for-auto.eu\\\/wp-content\\\/uploads\\\/2022\\\/12\\\/Chrysler-raktai-nuotolinio-valdymo-500x5002-1.jpg\",\"contentUrl\":\"https:\\\/\\\/keys-for-auto.eu\\\/wp-content\\\/uploads\\\/2022\\\/12\\\/Chrysler-raktai-nuotolinio-valdymo-500x5002-1.jpg\",\"width\":500,\"height\":500},{\"@type\":\"BreadcrumbList\",\"@id\":\"https:\\\/\\\/keys-for-auto.eu\\\/cs\\\/product\\\/dalkove-ovladane-klice-vhodne-pro-vozy-chrysler\\\/#breadcrumb\",\"itemListElement\":[{\"@type\":\"ListItem\",\"position\":1,\"name\":\"Home\",\"item\":\"https:\\\/\\\/keys-for-auto.eu\\\/cs\\\/\"},{\"@type\":\"ListItem\",\"position\":2,\"name\":\"Shop\",\"item\":\"https:\\\/\\\/keys-for-auto.eu\\\/\"},{\"@type\":\"ListItem\",\"position\":3,\"name\":\"D\u00e1lkov\u00fd kl\u00ed\u010d &#8211; vhodn\u00fd pro vozy Chrysler\"}]},{\"@type\":\"WebSite\",\"@id\":\"https:\\\/\\\/keys-for-auto.eu\\\/cs\\\/#website\",\"url\":\"https:\\\/\\\/keys-for-auto.eu\\\/cs\\\/\",\"name\":\"Keys for auto\",\"description\":\"Car keys,  key shells, key programming\",\"publisher\":{\"@id\":\"https:\\\/\\\/keys-for-auto.eu\\\/cs\\\/#organization\"},\"potentialAction\":[{\"@type\":\"SearchAction\",\"target\":{\"@type\":\"EntryPoint\",\"urlTemplate\":\"https:\\\/\\\/keys-for-auto.eu\\\/cs\\\/?s={search_term_string}\"},\"query-input\":{\"@type\":\"PropertyValueSpecification\",\"valueRequired\":true,\"valueName\":\"search_term_string\"}}],\"inLanguage\":\"cs\"},{\"@type\":\"Organization\",\"@id\":\"https:\\\/\\\/keys-for-auto.eu\\\/cs\\\/#organization\",\"name\":\"Kl\u00ed\u010de pro auto\",\"url\":\"https:\\\/\\\/keys-for-auto.eu\\\/cs\\\/\",\"logo\":{\"@type\":\"ImageObject\",\"inLanguage\":\"cs\",\"@id\":\"https:\\\/\\\/keys-for-auto.eu\\\/cs\\\/#\\\/schema\\\/logo\\\/image\\\/\",\"url\":\"https:\\\/\\\/keys-for-auto.eu\\\/wp-content\\\/uploads\\\/2022\\\/11\\\/cropped-png1.png\",\"contentUrl\":\"https:\\\/\\\/keys-for-auto.eu\\\/wp-content\\\/uploads\\\/2022\\\/11\\\/cropped-png1.png\",\"width\":1000,\"height\":342,\"caption\":\"Kl\u00ed\u010de pro auto\"},\"image\":{\"@id\":\"https:\\\/\\\/keys-for-auto.eu\\\/cs\\\/#\\\/schema\\\/logo\\\/image\\\/\"},\"sameAs\":[\"https:\\\/\\\/www.facebook.com\\\/KeysForAutoEU\"]}]}<\/script>\n<!-- \/ Yoast SEO plugin. -->","yoast_head_json":{"title":"D\u00e1lkov\u00fd kl\u00ed\u010d - vhodn\u00fd pro vozy Chrysler - Keys for auto","robots":{"index":"index","follow":"follow","max-snippet":"max-snippet:-1","max-image-preview":"max-image-preview:large","max-video-preview":"max-video-preview:-1"},"canonical":"https:\/\/keys-for-auto.eu\/cs\/product\/dalkove-ovladane-klice-vhodne-pro-vozy-chrysler\/","og_locale":"cs_CZ","og_type":"article","og_title":"D\u00e1lkov\u00fd kl\u00ed\u010d - vhodn\u00fd pro vozy Chrysler - Keys for auto","og_description":"Pro Chrysler, - vhodn\u00fd kl\u00ed\u010d s d\u00e1lkov\u00fdm ovl\u00e1d\u00e1n\u00edm, p\u0159i objedn\u00e1vce uve\u010fte \u010d\u00edslo. V\u00fdroba kl\u00ed\u010d\u016f od automobil\u016f  V\u00fdroba nov\u00fdch kl\u00ed\u010d\u016f od vozu, programov\u00e1n\u00ed kl\u00ed\u010d\u016f (\"sv\u00e1z\u00e1n\u00ed\" s vozem)  Odstran\u011bn\u00ed d\u0159\u00edve ztracen\u00fdch kl\u00ed\u010d\u016f z pam\u011bti vozidla  V\u00fdroba kl\u00ed\u010de zapalov\u00e1n\u00ed podle z\u00e1mku  Opravy kl\u00ed\u010d\u016f od automobil\u016f (v\u00fdm\u011bna tla\u010d\u00edtek, pl\u00e1\u0161\u0165\u016f, mechanism\u016f)  Nouzov\u00e9 odemyk\u00e1n\u00ed vozu  Obchodov\u00e1n\u00ed s kl\u00ed\u010di, pouzdry na kl\u00ed\u010de  Vypnut\u00ed softwaru DPF \/ FAP  Programov\u00e9 odstran\u011bn\u00ed EGR  Deaktivace softwaru imobiliz\u00e9ru (immo Off)  Oprava \u0159\u00eddic\u00ed jednotky motoru (ECU), klonov\u00e1n\u00ed, programov\u00e1n\u00ed  SRS (programov\u00e1n\u00ed \u0159\u00eddic\u00ed jednotky airbagu) zbo\u017e\u00ed odesl\u00e1no do 3 pracovn\u00edch dn\u016f.* &nbsp; &nbsp; &nbsp;","og_url":"https:\/\/keys-for-auto.eu\/cs\/product\/dalkove-ovladane-klice-vhodne-pro-vozy-chrysler\/","og_site_name":"Keys for auto","article_publisher":"https:\/\/www.facebook.com\/KeysForAutoEU","og_image":[{"width":500,"height":500,"url":"https:\/\/keys-for-auto.eu\/wp-content\/uploads\/2022\/12\/Chrysler-raktai-nuotolinio-valdymo-500x5002-1.jpg","type":"image\/jpeg"}],"twitter_card":"summary_large_image","twitter_misc":{"Odhadovan\u00e1 doba \u010dten\u00ed":"2 minuty"},"schema":{"@context":"https:\/\/schema.org","@graph":[{"@type":["WebPage","ItemPage"],"@id":"https:\/\/keys-for-auto.eu\/cs\/product\/dalkove-ovladane-klice-vhodne-pro-vozy-chrysler\/","url":"https:\/\/keys-for-auto.eu\/cs\/product\/dalkove-ovladane-klice-vhodne-pro-vozy-chrysler\/","name":"D\u00e1lkov\u00fd kl\u00ed\u010d - vhodn\u00fd pro vozy Chrysler - Keys for auto","isPartOf":{"@id":"https:\/\/keys-for-auto.eu\/cs\/#website"},"primaryImageOfPage":{"@id":"https:\/\/keys-for-auto.eu\/cs\/product\/dalkove-ovladane-klice-vhodne-pro-vozy-chrysler\/#primaryimage"},"image":{"@id":"https:\/\/keys-for-auto.eu\/cs\/product\/dalkove-ovladane-klice-vhodne-pro-vozy-chrysler\/#primaryimage"},"thumbnailUrl":"https:\/\/keys-for-auto.eu\/wp-content\/uploads\/2022\/12\/Chrysler-raktai-nuotolinio-valdymo-500x5002-1.jpg","datePublished":"2016-04-02T19:09:50+00:00","breadcrumb":{"@id":"https:\/\/keys-for-auto.eu\/cs\/product\/dalkove-ovladane-klice-vhodne-pro-vozy-chrysler\/#breadcrumb"},"inLanguage":"cs","potentialAction":[{"@type":"ReadAction","target":["https:\/\/keys-for-auto.eu\/cs\/product\/dalkove-ovladane-klice-vhodne-pro-vozy-chrysler\/"]}]},{"@type":"ImageObject","inLanguage":"cs","@id":"https:\/\/keys-for-auto.eu\/cs\/product\/dalkove-ovladane-klice-vhodne-pro-vozy-chrysler\/#primaryimage","url":"https:\/\/keys-for-auto.eu\/wp-content\/uploads\/2022\/12\/Chrysler-raktai-nuotolinio-valdymo-500x5002-1.jpg","contentUrl":"https:\/\/keys-for-auto.eu\/wp-content\/uploads\/2022\/12\/Chrysler-raktai-nuotolinio-valdymo-500x5002-1.jpg","width":500,"height":500},{"@type":"BreadcrumbList","@id":"https:\/\/keys-for-auto.eu\/cs\/product\/dalkove-ovladane-klice-vhodne-pro-vozy-chrysler\/#breadcrumb","itemListElement":[{"@type":"ListItem","position":1,"name":"Home","item":"https:\/\/keys-for-auto.eu\/cs\/"},{"@type":"ListItem","position":2,"name":"Shop","item":"https:\/\/keys-for-auto.eu\/"},{"@type":"ListItem","position":3,"name":"D\u00e1lkov\u00fd kl\u00ed\u010d &#8211; vhodn\u00fd pro vozy Chrysler"}]},{"@type":"WebSite","@id":"https:\/\/keys-for-auto.eu\/cs\/#website","url":"https:\/\/keys-for-auto.eu\/cs\/","name":"Keys for auto","description":"Car keys,  key shells, key programming","publisher":{"@id":"https:\/\/keys-for-auto.eu\/cs\/#organization"},"potentialAction":[{"@type":"SearchAction","target":{"@type":"EntryPoint","urlTemplate":"https:\/\/keys-for-auto.eu\/cs\/?s={search_term_string}"},"query-input":{"@type":"PropertyValueSpecification","valueRequired":true,"valueName":"search_term_string"}}],"inLanguage":"cs"},{"@type":"Organization","@id":"https:\/\/keys-for-auto.eu\/cs\/#organization","name":"Kl\u00ed\u010de pro auto","url":"https:\/\/keys-for-auto.eu\/cs\/","logo":{"@type":"ImageObject","inLanguage":"cs","@id":"https:\/\/keys-for-auto.eu\/cs\/#\/schema\/logo\/image\/","url":"https:\/\/keys-for-auto.eu\/wp-content\/uploads\/2022\/11\/cropped-png1.png","contentUrl":"https:\/\/keys-for-auto.eu\/wp-content\/uploads\/2022\/11\/cropped-png1.png","width":1000,"height":342,"caption":"Kl\u00ed\u010de pro auto"},"image":{"@id":"https:\/\/keys-for-auto.eu\/cs\/#\/schema\/logo\/image\/"},"sameAs":["https:\/\/www.facebook.com\/KeysForAutoEU"]}]}},"_links":{"self":[{"href":"https:\/\/keys-for-auto.eu\/cs\/wp-json\/wp\/v2\/product\/22083","targetHints":{"allow":["GET"]}}],"collection":[{"href":"https:\/\/keys-for-auto.eu\/cs\/wp-json\/wp\/v2\/product"}],"about":[{"href":"https:\/\/keys-for-auto.eu\/cs\/wp-json\/wp\/v2\/types\/product"}],"replies":[{"embeddable":true,"href":"https:\/\/keys-for-auto.eu\/cs\/wp-json\/wp\/v2\/comments?post=22083"}],"wp:featuredmedia":[{"embeddable":true,"href":"https:\/\/keys-for-auto.eu\/cs\/wp-json\/wp\/v2\/media\/20665"}],"wp:attachment":[{"href":"https:\/\/keys-for-auto.eu\/cs\/wp-json\/wp\/v2\/media?parent=22083"}],"wp:term":[{"taxonomy":"product_brand","embeddable":true,"href":"https:\/\/keys-for-auto.eu\/cs\/wp-json\/wp\/v2\/product_brand?post=22083"},{"taxonomy":"product_cat","embeddable":true,"href":"https:\/\/keys-for-auto.eu\/cs\/wp-json\/wp\/v2\/product_cat?post=22083"},{"taxonomy":"product_tag","embeddable":true,"href":"https:\/\/keys-for-auto.eu\/cs\/wp-json\/wp\/v2\/product_tag?post=22083"}],"curies":[{"name":"wp","href":"https:\/\/api.w.org\/{rel}","templated":true}]}}