{"id":22071,"date":"2016-04-02T19:00:03","date_gmt":"2016-04-02T19:00:03","guid":{"rendered":"https:\/\/keys-for-auto.eu\/product\/dalkovy-klic-vhodny-pro-bmw-f3-f5-f7\/"},"modified":"2016-04-02T19:00:03","modified_gmt":"2016-04-02T19:00:03","slug":"dalkove-ovladani-klic-vhodne-pro-bmw-f3-f5-f7","status":"publish","type":"product","link":"https:\/\/keys-for-auto.eu\/cs\/product\/dalkove-ovladani-klic-vhodne-pro-bmw-f3-f5-f7\/","title":{"rendered":"D\u00e1lkov\u00fd kl\u00ed\u010d &#8211; vhodn\u00fd pro BMW F3 | F5 | F7"},"content":{"rendered":"<p>Kl\u00ed\u010d pro BMW (nutn\u00e9 naprogramovat). N\u00e1\u0161 internetov\u00fd obchod prod\u00e1v\u00e1 nejen autokl\u00ed\u010de a pouzdra na kl\u00ed\u010de mnoha zna\u010dek a model\u016f, ale nab\u00edz\u00ed tak\u00e9 programov\u00e1n\u00ed kl\u00ed\u010d\u016f. Kl\u00ed\u010de programujeme za cenu, kter\u00e1 je pro z\u00e1kazn\u00edka v\u00fdhodn\u00e1. Jsme rychl\u00ed, kvalitn\u00ed a garantujeme na\u0161e slu\u017eby a produkty. Ne\u017e si objedn\u00e1te kl\u00ed\u010d s transpond\u00e9rem pro va\u0161e BMW, mus\u00edme zm\u00ednit, \u017ee kl\u00ed\u010d s transpond\u00e9rem se li\u0161\u00ed od b\u011b\u017en\u00e9ho kl\u00ed\u010de. Existuj\u00ed dva hlavn\u00ed rozd\u00edly:<\/p>\n<ol>\n<li>Z bezpe\u010dnostn\u00edch d\u016fvod\u016f je transpond\u00e9r zabudov\u00e1n v hlav\u011b kl\u00ed\u010de (uvnit\u0159 kl\u00ed\u010de) a pouze pomoc\u00ed speci\u00e1ln\u00edho za\u0159\u00edzen\u00ed je mo\u017en\u00e9 zjistit, zda se jedn\u00e1 o transpond\u00e9r, nebo o b\u011b\u017en\u00fd kl\u00ed\u010d.<\/li>\n<li>Dal\u0161\u00ed vlastnost\u00ed, kter\u00e1 odli\u0161uje transpond\u00e9rov\u00e9 kl\u00ed\u010de od ostatn\u00edch kl\u00ed\u010d\u016f, je, \u017ee nemaj\u00ed st\u00e1l\u00e9 nap\u00e1jen\u00ed a funguj\u00ed na velmi kr\u00e1tkou vzd\u00e1lenost. Proto je prakticky nemo\u017en\u00e9 sledovat nebo skenovat \u010dinnost takov\u00e9ho kl\u00ed\u010de.<\/li>\n<\/ol>\n<p>Programov\u00e1n\u00ed kl\u00ed\u010d\u016f od auta je to, co pot\u0159ebujete, pokud chcete m\u00edt sv\u016fj v\u016fz v bezpe\u010d\u00ed! Zarezervujte si programov\u00e1n\u00ed kl\u00ed\u010d\u016f. Ru\u010d\u00edme za kvalitu na\u0161\u00ed pr\u00e1ce a db\u00e1me na profesionalitu na\u0161ich technik\u016f. Proto se neust\u00e1le zdokonaluj\u00ed v semin\u00e1\u0159\u00edch a kurzech. Je pro n\u00e1s d\u016fle\u017eit\u00e9, aby byl z\u00e1kazn\u00edk spokojen a doporu\u010dil n\u00e1s sv\u00fdm p\u0159\u00e1tel\u016fm a rodin\u011b, proto tak\u00e9 udr\u017eujeme kvalitu slu\u017eeb na nejvy\u0161\u0161\u00ed \u00farovni. Kl\u00ed\u010de od auta jsou ned\u00edlnou sou\u010d\u00e1st\u00ed va\u0161eho vozu, bez n\u00ed\u017e by byl jen kovovou krabic\u00ed. Abyste si mohli bez probl\u00e9m\u016f u\u017e\u00edvat v\u0161ech v\u00fdhod \u010dty\u0159kolov\u00e9ho vozidla, p\u0159ipravili jsme pro v\u00e1s tento obchod se v\u0161\u00edm, co pot\u0159ebujete k zabezpe\u010den\u00ed sv\u00e9ho vozu, od kl\u00ed\u010dov\u00fdch pouzder a\u017e po programov\u00e1n\u00ed autokl\u00ed\u010d\u016f. To v\u0161e a je\u0161t\u011b v\u00edce pro v\u00e1s a va\u0161e auto! Zastavte se bez \u010dek\u00e1n\u00ed!<\/p>\n","protected":false},"excerpt":{"rendered":"<h4><strong>Vhodn\u00e9 pro BMW \u0159ady F 3 5 7 &#8211; kl\u00ed\u010d s d\u00e1lkov\u00fdm ovl\u00e1d\u00e1n\u00edm (868MHz\/433MHz\/315MHz) s transpond\u00e9rem 7953P.<\/strong><\/h4>\n<h3><strong>V\u00fdroba kl\u00ed\u010d\u016f od automobil\u016f<\/strong><\/h3>\n<ul>\n<li><strong>V\u00fdroba nov\u00fdch kl\u00ed\u010d\u016f od vozu, programov\u00e1n\u00ed kl\u00ed\u010d\u016f (&#8222;sv\u00e1z\u00e1n\u00ed&#8220; s vozem)<\/strong><\/li>\n<li><strong>Odstran\u011bn\u00ed d\u0159\u00edve ztracen\u00fdch kl\u00ed\u010d\u016f z pam\u011bti vozidla<\/strong><\/li>\n<li><strong>V\u00fdroba kl\u00ed\u010de zapalov\u00e1n\u00ed podle z\u00e1mku<\/strong><\/li>\n<li><strong>Opravy kl\u00ed\u010d\u016f od automobil\u016f (v\u00fdm\u011bna tla\u010d\u00edtek, pl\u00e1\u0161\u0165\u016f, mechanism\u016f)<\/strong><\/li>\n<li><strong>Nouzov\u00e9 odemyk\u00e1n\u00ed vozu<\/strong><\/li>\n<li><strong>Obchodov\u00e1n\u00ed s kl\u00ed\u010di, pouzdry na kl\u00ed\u010de<\/strong><\/li>\n<li><strong>Vypnut\u00ed softwaru DPF \/ FAP<\/strong><\/li>\n<li><strong>Programov\u00e9 odstran\u011bn\u00ed EGR<\/strong><\/li>\n<li><strong>Deaktivace softwaru imobiliz\u00e9ru (immo Off)<\/strong><\/li>\n<li><strong>Oprava \u0159\u00eddic\u00ed jednotky motoru (ECU), klonov\u00e1n\u00ed, programov\u00e1n\u00ed<\/strong><\/li>\n<li><strong>SRS (programov\u00e1n\u00ed \u0159\u00eddic\u00ed jednotky airbagu)<\/strong><\/li>\n<\/ul>\n<h4><strong>  zbo\u017e\u00ed odesl\u00e1no do 3 pracovn\u00edch dn\u016f.*<\/strong><\/h4>\n<p>&nbsp;<\/p>\n","protected":false},"featured_media":20569,"comment_status":"open","ping_status":"closed","template":"","meta":[],"product_brand":[],"product_cat":[4151,4611],"product_tag":[5223,5238,5241],"class_list":{"0":"post-22071","1":"product","2":"type-product","3":"status-publish","4":"has-post-thumbnail","6":"product_cat-bmw-cs","7":"product_cat-klice-dalkoveho-ovladani","8":"product_tag-klic-bmw","9":"product_tag-klic-bmw-f3","10":"product_tag-klic-bmw-f5","12":"first","13":"instock","14":"shipping-taxable","15":"purchasable","16":"product-type-simple"},"yoast_head":"<!-- This site is optimized with the Yoast SEO plugin v27.6 - https:\/\/yoast.com\/product\/yoast-seo-wordpress\/ -->\n<title>D\u00e1lkov\u00fd kl\u00ed\u010d - vhodn\u00fd pro BMW F3 | F5 | F7 - Keys for auto<\/title>\n<meta name=\"robots\" content=\"index, follow, max-snippet:-1, max-image-preview:large, max-video-preview:-1\" \/>\n<link rel=\"canonical\" href=\"https:\/\/keys-for-auto.eu\/cs\/product\/dalkove-ovladani-klic-vhodne-pro-bmw-f3-f5-f7\/\" \/>\n<meta property=\"og:locale\" content=\"cs_CZ\" \/>\n<meta property=\"og:type\" content=\"article\" \/>\n<meta property=\"og:title\" content=\"D\u00e1lkov\u00fd kl\u00ed\u010d - vhodn\u00fd pro BMW F3 | F5 | F7 - Keys for auto\" \/>\n<meta property=\"og:description\" content=\"Vhodn\u00e9 pro BMW \u0159ady F 3 5 7 - kl\u00ed\u010d s d\u00e1lkov\u00fdm ovl\u00e1d\u00e1n\u00edm (868MHz\/433MHz\/315MHz) s transpond\u00e9rem 7953P. V\u00fdroba kl\u00ed\u010d\u016f od automobil\u016f  V\u00fdroba nov\u00fdch kl\u00ed\u010d\u016f od vozu, programov\u00e1n\u00ed kl\u00ed\u010d\u016f (&quot;sv\u00e1z\u00e1n\u00ed&quot; s vozem)  Odstran\u011bn\u00ed d\u0159\u00edve ztracen\u00fdch kl\u00ed\u010d\u016f z pam\u011bti vozidla  V\u00fdroba kl\u00ed\u010de zapalov\u00e1n\u00ed podle z\u00e1mku  Opravy kl\u00ed\u010d\u016f od automobil\u016f (v\u00fdm\u011bna tla\u010d\u00edtek, pl\u00e1\u0161\u0165\u016f, mechanism\u016f)  Nouzov\u00e9 odemyk\u00e1n\u00ed vozu  Obchodov\u00e1n\u00ed s kl\u00ed\u010di, pouzdry na kl\u00ed\u010de  Vypnut\u00ed softwaru DPF \/ FAP  Programov\u00e9 odstran\u011bn\u00ed EGR  Deaktivace softwaru imobiliz\u00e9ru (immo Off)  Oprava \u0159\u00eddic\u00ed jednotky motoru (ECU), klonov\u00e1n\u00ed, programov\u00e1n\u00ed  SRS (programov\u00e1n\u00ed \u0159\u00eddic\u00ed jednotky airbagu)  zbo\u017e\u00ed odesl\u00e1no do 3 pracovn\u00edch dn\u016f.* &nbsp;\" \/>\n<meta property=\"og:url\" content=\"https:\/\/keys-for-auto.eu\/cs\/product\/dalkove-ovladani-klic-vhodne-pro-bmw-f3-f5-f7\/\" \/>\n<meta property=\"og:site_name\" content=\"Keys for auto\" \/>\n<meta property=\"article:publisher\" content=\"https:\/\/www.facebook.com\/KeysForAutoEU\" \/>\n<meta property=\"og:image\" content=\"https:\/\/keys-for-auto.eu\/wp-content\/uploads\/2022\/12\/rc-bmw-15wol-500x5001-removebg-preview.png\" \/>\n\t<meta property=\"og:image:width\" content=\"500\" \/>\n\t<meta property=\"og:image:height\" content=\"500\" \/>\n\t<meta property=\"og:image:type\" content=\"image\/png\" \/>\n<meta name=\"twitter:card\" content=\"summary_large_image\" \/>\n<meta name=\"twitter:label1\" content=\"Odhadovan\u00e1 doba \u010dten\u00ed\" \/>\n\t<meta name=\"twitter:data1\" content=\"2 minuty\" \/>\n<script type=\"application\/ld+json\" class=\"yoast-schema-graph\">{\"@context\":\"https:\\\/\\\/schema.org\",\"@graph\":[{\"@type\":[\"WebPage\",\"ItemPage\"],\"@id\":\"https:\\\/\\\/keys-for-auto.eu\\\/cs\\\/product\\\/dalkove-ovladani-klic-vhodne-pro-bmw-f3-f5-f7\\\/\",\"url\":\"https:\\\/\\\/keys-for-auto.eu\\\/cs\\\/product\\\/dalkove-ovladani-klic-vhodne-pro-bmw-f3-f5-f7\\\/\",\"name\":\"D\u00e1lkov\u00fd kl\u00ed\u010d - vhodn\u00fd pro BMW F3 | F5 | F7 - Keys for auto\",\"isPartOf\":{\"@id\":\"https:\\\/\\\/keys-for-auto.eu\\\/cs\\\/#website\"},\"primaryImageOfPage\":{\"@id\":\"https:\\\/\\\/keys-for-auto.eu\\\/cs\\\/product\\\/dalkove-ovladani-klic-vhodne-pro-bmw-f3-f5-f7\\\/#primaryimage\"},\"image\":{\"@id\":\"https:\\\/\\\/keys-for-auto.eu\\\/cs\\\/product\\\/dalkove-ovladani-klic-vhodne-pro-bmw-f3-f5-f7\\\/#primaryimage\"},\"thumbnailUrl\":\"https:\\\/\\\/keys-for-auto.eu\\\/wp-content\\\/uploads\\\/2022\\\/12\\\/rc-bmw-15wol-500x5001-removebg-preview.png\",\"datePublished\":\"2016-04-02T19:00:03+00:00\",\"breadcrumb\":{\"@id\":\"https:\\\/\\\/keys-for-auto.eu\\\/cs\\\/product\\\/dalkove-ovladani-klic-vhodne-pro-bmw-f3-f5-f7\\\/#breadcrumb\"},\"inLanguage\":\"cs\",\"potentialAction\":[{\"@type\":\"ReadAction\",\"target\":[\"https:\\\/\\\/keys-for-auto.eu\\\/cs\\\/product\\\/dalkove-ovladani-klic-vhodne-pro-bmw-f3-f5-f7\\\/\"]}]},{\"@type\":\"ImageObject\",\"inLanguage\":\"cs\",\"@id\":\"https:\\\/\\\/keys-for-auto.eu\\\/cs\\\/product\\\/dalkove-ovladani-klic-vhodne-pro-bmw-f3-f5-f7\\\/#primaryimage\",\"url\":\"https:\\\/\\\/keys-for-auto.eu\\\/wp-content\\\/uploads\\\/2022\\\/12\\\/rc-bmw-15wol-500x5001-removebg-preview.png\",\"contentUrl\":\"https:\\\/\\\/keys-for-auto.eu\\\/wp-content\\\/uploads\\\/2022\\\/12\\\/rc-bmw-15wol-500x5001-removebg-preview.png\",\"width\":500,\"height\":500},{\"@type\":\"BreadcrumbList\",\"@id\":\"https:\\\/\\\/keys-for-auto.eu\\\/cs\\\/product\\\/dalkove-ovladani-klic-vhodne-pro-bmw-f3-f5-f7\\\/#breadcrumb\",\"itemListElement\":[{\"@type\":\"ListItem\",\"position\":1,\"name\":\"Home\",\"item\":\"https:\\\/\\\/keys-for-auto.eu\\\/cs\\\/\"},{\"@type\":\"ListItem\",\"position\":2,\"name\":\"Shop\",\"item\":\"https:\\\/\\\/keys-for-auto.eu\\\/\"},{\"@type\":\"ListItem\",\"position\":3,\"name\":\"D\u00e1lkov\u00fd kl\u00ed\u010d &#8211; vhodn\u00fd pro BMW F3 | F5 | F7\"}]},{\"@type\":\"WebSite\",\"@id\":\"https:\\\/\\\/keys-for-auto.eu\\\/cs\\\/#website\",\"url\":\"https:\\\/\\\/keys-for-auto.eu\\\/cs\\\/\",\"name\":\"Keys for auto\",\"description\":\"Car keys,  key shells, key programming\",\"publisher\":{\"@id\":\"https:\\\/\\\/keys-for-auto.eu\\\/cs\\\/#organization\"},\"potentialAction\":[{\"@type\":\"SearchAction\",\"target\":{\"@type\":\"EntryPoint\",\"urlTemplate\":\"https:\\\/\\\/keys-for-auto.eu\\\/cs\\\/?s={search_term_string}\"},\"query-input\":{\"@type\":\"PropertyValueSpecification\",\"valueRequired\":true,\"valueName\":\"search_term_string\"}}],\"inLanguage\":\"cs\"},{\"@type\":\"Organization\",\"@id\":\"https:\\\/\\\/keys-for-auto.eu\\\/cs\\\/#organization\",\"name\":\"Kl\u00ed\u010de pro auto\",\"url\":\"https:\\\/\\\/keys-for-auto.eu\\\/cs\\\/\",\"logo\":{\"@type\":\"ImageObject\",\"inLanguage\":\"cs\",\"@id\":\"https:\\\/\\\/keys-for-auto.eu\\\/cs\\\/#\\\/schema\\\/logo\\\/image\\\/\",\"url\":\"https:\\\/\\\/keys-for-auto.eu\\\/wp-content\\\/uploads\\\/2022\\\/11\\\/cropped-png1.png\",\"contentUrl\":\"https:\\\/\\\/keys-for-auto.eu\\\/wp-content\\\/uploads\\\/2022\\\/11\\\/cropped-png1.png\",\"width\":1000,\"height\":342,\"caption\":\"Kl\u00ed\u010de pro auto\"},\"image\":{\"@id\":\"https:\\\/\\\/keys-for-auto.eu\\\/cs\\\/#\\\/schema\\\/logo\\\/image\\\/\"},\"sameAs\":[\"https:\\\/\\\/www.facebook.com\\\/KeysForAutoEU\"]}]}<\/script>\n<!-- \/ Yoast SEO plugin. -->","yoast_head_json":{"title":"D\u00e1lkov\u00fd kl\u00ed\u010d - vhodn\u00fd pro BMW F3 | F5 | F7 - Keys for auto","robots":{"index":"index","follow":"follow","max-snippet":"max-snippet:-1","max-image-preview":"max-image-preview:large","max-video-preview":"max-video-preview:-1"},"canonical":"https:\/\/keys-for-auto.eu\/cs\/product\/dalkove-ovladani-klic-vhodne-pro-bmw-f3-f5-f7\/","og_locale":"cs_CZ","og_type":"article","og_title":"D\u00e1lkov\u00fd kl\u00ed\u010d - vhodn\u00fd pro BMW F3 | F5 | F7 - Keys for auto","og_description":"Vhodn\u00e9 pro BMW \u0159ady F 3 5 7 - kl\u00ed\u010d s d\u00e1lkov\u00fdm ovl\u00e1d\u00e1n\u00edm (868MHz\/433MHz\/315MHz) s transpond\u00e9rem 7953P. V\u00fdroba kl\u00ed\u010d\u016f od automobil\u016f  V\u00fdroba nov\u00fdch kl\u00ed\u010d\u016f od vozu, programov\u00e1n\u00ed kl\u00ed\u010d\u016f (\"sv\u00e1z\u00e1n\u00ed\" s vozem)  Odstran\u011bn\u00ed d\u0159\u00edve ztracen\u00fdch kl\u00ed\u010d\u016f z pam\u011bti vozidla  V\u00fdroba kl\u00ed\u010de zapalov\u00e1n\u00ed podle z\u00e1mku  Opravy kl\u00ed\u010d\u016f od automobil\u016f (v\u00fdm\u011bna tla\u010d\u00edtek, pl\u00e1\u0161\u0165\u016f, mechanism\u016f)  Nouzov\u00e9 odemyk\u00e1n\u00ed vozu  Obchodov\u00e1n\u00ed s kl\u00ed\u010di, pouzdry na kl\u00ed\u010de  Vypnut\u00ed softwaru DPF \/ FAP  Programov\u00e9 odstran\u011bn\u00ed EGR  Deaktivace softwaru imobiliz\u00e9ru (immo Off)  Oprava \u0159\u00eddic\u00ed jednotky motoru (ECU), klonov\u00e1n\u00ed, programov\u00e1n\u00ed  SRS (programov\u00e1n\u00ed \u0159\u00eddic\u00ed jednotky airbagu)  zbo\u017e\u00ed odesl\u00e1no do 3 pracovn\u00edch dn\u016f.* &nbsp;","og_url":"https:\/\/keys-for-auto.eu\/cs\/product\/dalkove-ovladani-klic-vhodne-pro-bmw-f3-f5-f7\/","og_site_name":"Keys for auto","article_publisher":"https:\/\/www.facebook.com\/KeysForAutoEU","og_image":[{"width":500,"height":500,"url":"https:\/\/keys-for-auto.eu\/wp-content\/uploads\/2022\/12\/rc-bmw-15wol-500x5001-removebg-preview.png","type":"image\/png"}],"twitter_card":"summary_large_image","twitter_misc":{"Odhadovan\u00e1 doba \u010dten\u00ed":"2 minuty"},"schema":{"@context":"https:\/\/schema.org","@graph":[{"@type":["WebPage","ItemPage"],"@id":"https:\/\/keys-for-auto.eu\/cs\/product\/dalkove-ovladani-klic-vhodne-pro-bmw-f3-f5-f7\/","url":"https:\/\/keys-for-auto.eu\/cs\/product\/dalkove-ovladani-klic-vhodne-pro-bmw-f3-f5-f7\/","name":"D\u00e1lkov\u00fd kl\u00ed\u010d - vhodn\u00fd pro BMW F3 | F5 | F7 - Keys for auto","isPartOf":{"@id":"https:\/\/keys-for-auto.eu\/cs\/#website"},"primaryImageOfPage":{"@id":"https:\/\/keys-for-auto.eu\/cs\/product\/dalkove-ovladani-klic-vhodne-pro-bmw-f3-f5-f7\/#primaryimage"},"image":{"@id":"https:\/\/keys-for-auto.eu\/cs\/product\/dalkove-ovladani-klic-vhodne-pro-bmw-f3-f5-f7\/#primaryimage"},"thumbnailUrl":"https:\/\/keys-for-auto.eu\/wp-content\/uploads\/2022\/12\/rc-bmw-15wol-500x5001-removebg-preview.png","datePublished":"2016-04-02T19:00:03+00:00","breadcrumb":{"@id":"https:\/\/keys-for-auto.eu\/cs\/product\/dalkove-ovladani-klic-vhodne-pro-bmw-f3-f5-f7\/#breadcrumb"},"inLanguage":"cs","potentialAction":[{"@type":"ReadAction","target":["https:\/\/keys-for-auto.eu\/cs\/product\/dalkove-ovladani-klic-vhodne-pro-bmw-f3-f5-f7\/"]}]},{"@type":"ImageObject","inLanguage":"cs","@id":"https:\/\/keys-for-auto.eu\/cs\/product\/dalkove-ovladani-klic-vhodne-pro-bmw-f3-f5-f7\/#primaryimage","url":"https:\/\/keys-for-auto.eu\/wp-content\/uploads\/2022\/12\/rc-bmw-15wol-500x5001-removebg-preview.png","contentUrl":"https:\/\/keys-for-auto.eu\/wp-content\/uploads\/2022\/12\/rc-bmw-15wol-500x5001-removebg-preview.png","width":500,"height":500},{"@type":"BreadcrumbList","@id":"https:\/\/keys-for-auto.eu\/cs\/product\/dalkove-ovladani-klic-vhodne-pro-bmw-f3-f5-f7\/#breadcrumb","itemListElement":[{"@type":"ListItem","position":1,"name":"Home","item":"https:\/\/keys-for-auto.eu\/cs\/"},{"@type":"ListItem","position":2,"name":"Shop","item":"https:\/\/keys-for-auto.eu\/"},{"@type":"ListItem","position":3,"name":"D\u00e1lkov\u00fd kl\u00ed\u010d &#8211; vhodn\u00fd pro BMW F3 | F5 | F7"}]},{"@type":"WebSite","@id":"https:\/\/keys-for-auto.eu\/cs\/#website","url":"https:\/\/keys-for-auto.eu\/cs\/","name":"Keys for auto","description":"Car keys,  key shells, key programming","publisher":{"@id":"https:\/\/keys-for-auto.eu\/cs\/#organization"},"potentialAction":[{"@type":"SearchAction","target":{"@type":"EntryPoint","urlTemplate":"https:\/\/keys-for-auto.eu\/cs\/?s={search_term_string}"},"query-input":{"@type":"PropertyValueSpecification","valueRequired":true,"valueName":"search_term_string"}}],"inLanguage":"cs"},{"@type":"Organization","@id":"https:\/\/keys-for-auto.eu\/cs\/#organization","name":"Kl\u00ed\u010de pro auto","url":"https:\/\/keys-for-auto.eu\/cs\/","logo":{"@type":"ImageObject","inLanguage":"cs","@id":"https:\/\/keys-for-auto.eu\/cs\/#\/schema\/logo\/image\/","url":"https:\/\/keys-for-auto.eu\/wp-content\/uploads\/2022\/11\/cropped-png1.png","contentUrl":"https:\/\/keys-for-auto.eu\/wp-content\/uploads\/2022\/11\/cropped-png1.png","width":1000,"height":342,"caption":"Kl\u00ed\u010de pro auto"},"image":{"@id":"https:\/\/keys-for-auto.eu\/cs\/#\/schema\/logo\/image\/"},"sameAs":["https:\/\/www.facebook.com\/KeysForAutoEU"]}]}},"_links":{"self":[{"href":"https:\/\/keys-for-auto.eu\/cs\/wp-json\/wp\/v2\/product\/22071","targetHints":{"allow":["GET"]}}],"collection":[{"href":"https:\/\/keys-for-auto.eu\/cs\/wp-json\/wp\/v2\/product"}],"about":[{"href":"https:\/\/keys-for-auto.eu\/cs\/wp-json\/wp\/v2\/types\/product"}],"replies":[{"embeddable":true,"href":"https:\/\/keys-for-auto.eu\/cs\/wp-json\/wp\/v2\/comments?post=22071"}],"wp:featuredmedia":[{"embeddable":true,"href":"https:\/\/keys-for-auto.eu\/cs\/wp-json\/wp\/v2\/media\/20569"}],"wp:attachment":[{"href":"https:\/\/keys-for-auto.eu\/cs\/wp-json\/wp\/v2\/media?parent=22071"}],"wp:term":[{"taxonomy":"product_brand","embeddable":true,"href":"https:\/\/keys-for-auto.eu\/cs\/wp-json\/wp\/v2\/product_brand?post=22071"},{"taxonomy":"product_cat","embeddable":true,"href":"https:\/\/keys-for-auto.eu\/cs\/wp-json\/wp\/v2\/product_cat?post=22071"},{"taxonomy":"product_tag","embeddable":true,"href":"https:\/\/keys-for-auto.eu\/cs\/wp-json\/wp\/v2\/product_tag?post=22071"}],"curies":[{"name":"wp","href":"https:\/\/api.w.org\/{rel}","templated":true}]}}