{"id":22070,"date":"2016-04-02T20:03:28","date_gmt":"2016-04-02T20:03:28","guid":{"rendered":"https:\/\/keys-for-auto.eu\/product\/inteligentni-klic-s-dalkovym-ovladanim-vhodny-pro-bmw-3-5-7-trida\/"},"modified":"2016-04-02T20:03:28","modified_gmt":"2016-04-02T20:03:28","slug":"smart-key-with-remote-control-suitable-for-bmw-3-5-7-class","status":"publish","type":"product","link":"https:\/\/keys-for-auto.eu\/cs\/product\/smart-key-with-remote-control-suitable-for-bmw-3-5-7-class\/","title":{"rendered":"Inteligentn\u00ed kl\u00ed\u010d s d\u00e1lkov\u00fdm ovl\u00e1d\u00e1n\u00edm &#8211; vhodn\u00fd pro BMW (3 | 5 | 7 t\u0159\u00edda)"},"content":{"rendered":"<h2>Inteligentn\u00ed kl\u00ed\u010d s d\u00e1lkov\u00fdm ovl\u00e1d\u00e1n\u00edm &#8211; vhodn\u00fd pro BMW (3 | 5 | 7 t\u0159\u00edda)<\/h2>\n<p>Inteligentn\u00ed kl\u00ed\u010d s d\u00e1lkov\u00fdm ovl\u00e1d\u00e1n\u00edm a transpond\u00e9rem (syst\u00e9m CAS) &#8211; pro BMW (3 | 5 | 7 t\u0159\u00edda). Syst\u00e9m CAS je navr\u017een tak, aby chr\u00e1nil vozidla BMW p\u0159ed p\u0159ejet\u00edm. Vyzna\u010duje se p\u0159\u00edtomnost\u00ed transpond\u00e9ru v ka\u017ed\u00e9m kl\u00ed\u010di od vozidla. Na z\u00e1mku zapalov\u00e1n\u00ed je um\u00edst\u011bna toroidn\u00ed c\u00edvka. Transpond\u00e9r je nap\u00e1jen prost\u0159ednictv\u00edm t\u00e9to c\u00edvky. Proto ji\u017e nen\u00ed t\u0159eba do kl\u00ed\u010de umis\u0165ovat energetick\u00fd \u010dl\u00e1nek. Mezi toroidn\u00ed c\u00edvkou v z\u00e1mku zapalov\u00e1n\u00ed a transpond\u00e9rem doch\u00e1z\u00ed k v\u00fdm\u011bn\u011b informac\u00ed a energie. T\u00edmto zp\u016fsobem se stroj spust\u00ed.<\/p>\n<h2>Programov\u00e1n\u00ed tla\u010d\u00edtek<\/h2>\n<p>Programujeme kl\u00ed\u010de nejen pro BMW, ale i pro dal\u0161\u00ed zna\u010dky a modely. Obra\u0165te se na n\u00e1s a z\u00edskejte kompletn\u00ed nab\u00eddku slu\u017eeb a produkt\u016f &#8211; programov\u00e1n\u00ed kl\u00ed\u010d\u016f, kl\u00ed\u010de na d\u00e1lkov\u00e9 ovl\u00e1d\u00e1n\u00ed a pouzdra na kl\u00ed\u010de pro automobily. V\u011b\u0159\u00edme, \u017ee radost na cest\u011b n\u00e1m ned\u011bl\u00e1 c\u00edl, ale samotn\u00e1 cesta. P\u0159ejeme v\u00e1m jen dobr\u00e9 cesty a ty nejlep\u0161\u00ed z\u00e1\u017eitky z cest! A \u017e\u00e1dn\u00e1 cesta nebude pova\u017eov\u00e1na za \u00fasp\u011b\u0161nou, pokud va\u0161e auto nebude dostate\u010dn\u011b chr\u00e1n\u011bno. Budete se muset neust\u00e1le starat o jeho zabezpe\u010den\u00ed, co\u017e m\u016f\u017ee naru\u0161it po\u017eitek z j\u00edzdy, a proto v\u00e1m doporu\u010dujeme postarat se o zabezpe\u010den\u00ed va\u0161eho BMW zakoupen\u00edm kl\u00ed\u010de BMW s d\u00e1lkov\u00fdm ovl\u00e1d\u00e1n\u00edm a transpond\u00e9rem (syst\u00e9m CAS). Tento syst\u00e9m je spolehliv\u00fd a \u0159idi\u010di BMW jej oce\u0148uj\u00ed. U\u017e\u00edvejte si tak\u00e9 jeho v\u00fdhod! Programujeme kl\u00ed\u010de . Programov\u00e1n\u00ed autokl\u00ed\u010d\u016f je precizn\u00ed a profesion\u00e1ln\u00ed obor, a proto neust\u00e1le zvy\u0161ujeme kvalifikaci na\u0161ich zam\u011bstnanc\u016f a vybavujeme se nejmodern\u011bj\u0161\u00edmi technologiemi pro v\u00fdrobu a programov\u00e1n\u00ed kl\u00ed\u010d\u016f.<\/p>\n<h2>Kl\u00ed\u010dov\u00e1 produkce<\/h2>\n<p>V\u00fdroba kl\u00ed\u010d\u016f je oblast, na kterou se specializujeme a v n\u00ed\u017e jsme si jisti, \u017ee na\u0161im z\u00e1kazn\u00edk\u016fm poskytujeme vysoce kvalitn\u00ed a p\u0159\u00edjemn\u00e9 slu\u017eby. Kl\u00ed\u010de pro v\u0161echny zna\u010dky a modely &#8211; pro va\u0161e \u00fasp\u011b\u0161n\u00e9 cesty a nezapomenuteln\u00e9 vzpom\u00ednky bez obav o bezpe\u010dnost va\u0161eho BMW.<\/p>\n","protected":false},"excerpt":{"rendered":"<p>Inteligentn\u00ed kl\u00ed\u010d s d\u00e1lkov\u00fdm ovl\u00e1d\u00e1n\u00edm a transpond\u00e9rem (syst\u00e9m CAS) pro vozy BMW. Vhodn\u00e9 pro:<\/p>\n<p><strong>1 \u0159ada<\/strong><br \/>\n<strong>\u0158ada 3 (2005 &#8211; 2011)<\/strong><br \/>\n<strong>\u0158ada 5 (2003 &#8211; 2010)<\/strong><br \/>\n<strong>\u0158ada 6 (2004 &#8211; 2010)<\/strong><br \/>\n<strong>X5 (2006 &#8211; 2010)<\/strong><\/p>\n<p><em><strong>Programov\u00e1n\u00ed v\u00fdroby kl\u00ed\u010d\u016f BMW P\u0159i objedn\u00e1vce uve\u010fte evropsk\u00e9 nebo americk\u00e9 vozidlo.<\/strong><\/em><\/p>\n<h3><strong>V\u00fdroba kl\u00ed\u010d\u016f od automobil\u016f<\/strong><\/h3>\n<ul>\n<li><strong>V\u00fdroba nov\u00fdch kl\u00ed\u010d\u016f od vozu, programov\u00e1n\u00ed kl\u00ed\u010d\u016f (&#8222;sv\u00e1z\u00e1n\u00ed&#8220; s vozem)<\/strong><\/li>\n<li><strong>Odstran\u011bn\u00ed d\u0159\u00edve ztracen\u00fdch kl\u00ed\u010d\u016f z pam\u011bti vozidla<\/strong><\/li>\n<li><strong>V\u00fdroba kl\u00ed\u010de zapalov\u00e1n\u00ed podle z\u00e1mku<\/strong><\/li>\n<li><strong>Opravy kl\u00ed\u010d\u016f od automobil\u016f (v\u00fdm\u011bna tla\u010d\u00edtek, pl\u00e1\u0161\u0165\u016f, mechanism\u016f)<\/strong><\/li>\n<li><strong>Nouzov\u00e9 odemyk\u00e1n\u00ed vozu<\/strong><\/li>\n<li><strong>Obchodov\u00e1n\u00ed s kl\u00ed\u010di, pouzdry na kl\u00ed\u010de<\/strong><\/li>\n<li><strong>Vypnut\u00ed softwaru DPF \/ FAP<\/strong><\/li>\n<li><strong>Programov\u00e9 odstran\u011bn\u00ed EGR<\/strong><\/li>\n<li><strong>Deaktivace softwaru imobiliz\u00e9ru (immo Off)<\/strong><\/li>\n<li><strong>Oprava \u0159\u00eddic\u00ed jednotky motoru (ECU), klonov\u00e1n\u00ed, programov\u00e1n\u00ed<\/strong><\/li>\n<li><strong>SRS (programov\u00e1n\u00ed \u0159\u00eddic\u00ed jednotky airbagu)<\/strong><\/li>\n<\/ul>\n<h4><strong>  zbo\u017e\u00ed odesl\u00e1no do 3 pracovn\u00edch dn\u016f.*<\/strong><\/h4>\n<p>&nbsp;<\/p>\n","protected":false},"featured_media":20575,"comment_status":"open","ping_status":"closed","template":"","meta":[],"product_brand":[],"product_cat":[4151,4611],"product_tag":[5223,5220,5221,5222],"class_list":{"0":"post-22070","1":"product","2":"type-product","3":"status-publish","4":"has-post-thumbnail","6":"product_cat-bmw-cs","7":"product_cat-klice-dalkoveho-ovladani","8":"product_tag-klic-bmw","9":"product_tag-klic-bmw-3","10":"product_tag-klic-bmw-5","11":"product_tag-klic-bmw-7","13":"first","14":"instock","15":"shipping-taxable","16":"purchasable","17":"product-type-simple"},"yoast_head":"<!-- This site is optimized with the Yoast SEO plugin v27.3 - https:\/\/yoast.com\/product\/yoast-seo-wordpress\/ -->\n<title>Inteligentn\u00ed kl\u00ed\u010d s d\u00e1lkov\u00fdm ovl\u00e1d\u00e1n\u00edm - vhodn\u00fd pro BMW (3 | 5 | 7 t\u0159\u00edda) - Keys for auto<\/title>\n<meta name=\"robots\" content=\"index, follow, max-snippet:-1, max-image-preview:large, max-video-preview:-1\" \/>\n<link rel=\"canonical\" href=\"https:\/\/keys-for-auto.eu\/cs\/product\/smart-key-with-remote-control-suitable-for-bmw-3-5-7-class\/\" \/>\n<meta property=\"og:locale\" content=\"cs_CZ\" \/>\n<meta property=\"og:type\" content=\"article\" \/>\n<meta property=\"og:title\" content=\"Inteligentn\u00ed kl\u00ed\u010d s d\u00e1lkov\u00fdm ovl\u00e1d\u00e1n\u00edm - vhodn\u00fd pro BMW (3 | 5 | 7 t\u0159\u00edda) - Keys for auto\" \/>\n<meta property=\"og:description\" content=\"Inteligentn\u00ed kl\u00ed\u010d s d\u00e1lkov\u00fdm ovl\u00e1d\u00e1n\u00edm a transpond\u00e9rem (syst\u00e9m CAS) pro vozy BMW. Vhodn\u00e9 pro: 1 \u0159ada \u0158ada 3 (2005 - 2011) \u0158ada 5 (2003 - 2010) \u0158ada 6 (2004 - 2010) X5 (2006 - 2010) Programov\u00e1n\u00ed v\u00fdroby kl\u00ed\u010d\u016f BMW P\u0159i objedn\u00e1vce uve\u010fte evropsk\u00e9 nebo americk\u00e9 vozidlo. V\u00fdroba kl\u00ed\u010d\u016f od automobil\u016f  V\u00fdroba nov\u00fdch kl\u00ed\u010d\u016f od vozu, programov\u00e1n\u00ed kl\u00ed\u010d\u016f (&quot;sv\u00e1z\u00e1n\u00ed&quot; s vozem)  Odstran\u011bn\u00ed d\u0159\u00edve ztracen\u00fdch kl\u00ed\u010d\u016f z pam\u011bti vozidla  V\u00fdroba kl\u00ed\u010de zapalov\u00e1n\u00ed podle z\u00e1mku  Opravy kl\u00ed\u010d\u016f od automobil\u016f (v\u00fdm\u011bna tla\u010d\u00edtek, pl\u00e1\u0161\u0165\u016f, mechanism\u016f)  Nouzov\u00e9 odemyk\u00e1n\u00ed vozu  Obchodov\u00e1n\u00ed s kl\u00ed\u010di, pouzdry na kl\u00ed\u010de  Vypnut\u00ed softwaru DPF \/ FAP  Programov\u00e9 odstran\u011bn\u00ed EGR  Deaktivace softwaru imobiliz\u00e9ru (immo Off)  Oprava \u0159\u00eddic\u00ed jednotky motoru (ECU), klonov\u00e1n\u00ed, programov\u00e1n\u00ed  SRS (programov\u00e1n\u00ed \u0159\u00eddic\u00ed jednotky airbagu)  zbo\u017e\u00ed odesl\u00e1no do 3 pracovn\u00edch dn\u016f.* &nbsp;\" \/>\n<meta property=\"og:url\" content=\"https:\/\/keys-for-auto.eu\/cs\/product\/smart-key-with-remote-control-suitable-for-bmw-3-5-7-class\/\" \/>\n<meta property=\"og:site_name\" content=\"Keys for auto\" \/>\n<meta property=\"article:publisher\" content=\"https:\/\/www.facebook.com\/KeysForAutoEU\" \/>\n<meta property=\"og:image\" content=\"https:\/\/keys-for-auto.eu\/wp-content\/uploads\/2022\/12\/BMW-smart-raktas-su-nuotolinio-valdymo-mechanizmu-500x5001-wpp1665131656618-removebg-preview.png\" \/>\n\t<meta property=\"og:image:width\" content=\"500\" \/>\n\t<meta property=\"og:image:height\" content=\"500\" \/>\n\t<meta property=\"og:image:type\" content=\"image\/png\" \/>\n<meta name=\"twitter:card\" content=\"summary_large_image\" \/>\n<meta name=\"twitter:label1\" content=\"Odhadovan\u00e1 doba \u010dten\u00ed\" \/>\n\t<meta name=\"twitter:data1\" content=\"2 minuty\" \/>\n<script type=\"application\/ld+json\" class=\"yoast-schema-graph\">{\"@context\":\"https:\\\/\\\/schema.org\",\"@graph\":[{\"@type\":[\"WebPage\",\"ItemPage\"],\"@id\":\"https:\\\/\\\/keys-for-auto.eu\\\/cs\\\/product\\\/smart-key-with-remote-control-suitable-for-bmw-3-5-7-class\\\/\",\"url\":\"https:\\\/\\\/keys-for-auto.eu\\\/cs\\\/product\\\/smart-key-with-remote-control-suitable-for-bmw-3-5-7-class\\\/\",\"name\":\"Inteligentn\u00ed kl\u00ed\u010d s d\u00e1lkov\u00fdm ovl\u00e1d\u00e1n\u00edm - vhodn\u00fd pro BMW (3 | 5 | 7 t\u0159\u00edda) - Keys for auto\",\"isPartOf\":{\"@id\":\"https:\\\/\\\/keys-for-auto.eu\\\/cs\\\/#website\"},\"primaryImageOfPage\":{\"@id\":\"https:\\\/\\\/keys-for-auto.eu\\\/cs\\\/product\\\/smart-key-with-remote-control-suitable-for-bmw-3-5-7-class\\\/#primaryimage\"},\"image\":{\"@id\":\"https:\\\/\\\/keys-for-auto.eu\\\/cs\\\/product\\\/smart-key-with-remote-control-suitable-for-bmw-3-5-7-class\\\/#primaryimage\"},\"thumbnailUrl\":\"https:\\\/\\\/keys-for-auto.eu\\\/wp-content\\\/uploads\\\/2022\\\/12\\\/BMW-smart-raktas-su-nuotolinio-valdymo-mechanizmu-500x5001-wpp1665131656618-removebg-preview.png\",\"datePublished\":\"2016-04-02T20:03:28+00:00\",\"breadcrumb\":{\"@id\":\"https:\\\/\\\/keys-for-auto.eu\\\/cs\\\/product\\\/smart-key-with-remote-control-suitable-for-bmw-3-5-7-class\\\/#breadcrumb\"},\"inLanguage\":\"cs\",\"potentialAction\":[{\"@type\":\"ReadAction\",\"target\":[\"https:\\\/\\\/keys-for-auto.eu\\\/cs\\\/product\\\/smart-key-with-remote-control-suitable-for-bmw-3-5-7-class\\\/\"]}]},{\"@type\":\"ImageObject\",\"inLanguage\":\"cs\",\"@id\":\"https:\\\/\\\/keys-for-auto.eu\\\/cs\\\/product\\\/smart-key-with-remote-control-suitable-for-bmw-3-5-7-class\\\/#primaryimage\",\"url\":\"https:\\\/\\\/keys-for-auto.eu\\\/wp-content\\\/uploads\\\/2022\\\/12\\\/BMW-smart-raktas-su-nuotolinio-valdymo-mechanizmu-500x5001-wpp1665131656618-removebg-preview.png\",\"contentUrl\":\"https:\\\/\\\/keys-for-auto.eu\\\/wp-content\\\/uploads\\\/2022\\\/12\\\/BMW-smart-raktas-su-nuotolinio-valdymo-mechanizmu-500x5001-wpp1665131656618-removebg-preview.png\",\"width\":500,\"height\":500},{\"@type\":\"BreadcrumbList\",\"@id\":\"https:\\\/\\\/keys-for-auto.eu\\\/cs\\\/product\\\/smart-key-with-remote-control-suitable-for-bmw-3-5-7-class\\\/#breadcrumb\",\"itemListElement\":[{\"@type\":\"ListItem\",\"position\":1,\"name\":\"Home\",\"item\":\"https:\\\/\\\/keys-for-auto.eu\\\/cs\\\/\"},{\"@type\":\"ListItem\",\"position\":2,\"name\":\"Shop\",\"item\":\"https:\\\/\\\/keys-for-auto.eu\\\/\"},{\"@type\":\"ListItem\",\"position\":3,\"name\":\"Inteligentn\u00ed kl\u00ed\u010d s d\u00e1lkov\u00fdm ovl\u00e1d\u00e1n\u00edm &#8211; vhodn\u00fd pro BMW (3 | 5 | 7 t\u0159\u00edda)\"}]},{\"@type\":\"WebSite\",\"@id\":\"https:\\\/\\\/keys-for-auto.eu\\\/cs\\\/#website\",\"url\":\"https:\\\/\\\/keys-for-auto.eu\\\/cs\\\/\",\"name\":\"Keys for auto\",\"description\":\"Car keys,  key shells, key programming\",\"publisher\":{\"@id\":\"https:\\\/\\\/keys-for-auto.eu\\\/cs\\\/#organization\"},\"potentialAction\":[{\"@type\":\"SearchAction\",\"target\":{\"@type\":\"EntryPoint\",\"urlTemplate\":\"https:\\\/\\\/keys-for-auto.eu\\\/cs\\\/?s={search_term_string}\"},\"query-input\":{\"@type\":\"PropertyValueSpecification\",\"valueRequired\":true,\"valueName\":\"search_term_string\"}}],\"inLanguage\":\"cs\"},{\"@type\":\"Organization\",\"@id\":\"https:\\\/\\\/keys-for-auto.eu\\\/cs\\\/#organization\",\"name\":\"Kl\u00ed\u010de pro auto\",\"url\":\"https:\\\/\\\/keys-for-auto.eu\\\/cs\\\/\",\"logo\":{\"@type\":\"ImageObject\",\"inLanguage\":\"cs\",\"@id\":\"https:\\\/\\\/keys-for-auto.eu\\\/cs\\\/#\\\/schema\\\/logo\\\/image\\\/\",\"url\":\"https:\\\/\\\/keys-for-auto.eu\\\/wp-content\\\/uploads\\\/2022\\\/11\\\/cropped-png1.png\",\"contentUrl\":\"https:\\\/\\\/keys-for-auto.eu\\\/wp-content\\\/uploads\\\/2022\\\/11\\\/cropped-png1.png\",\"width\":1000,\"height\":342,\"caption\":\"Kl\u00ed\u010de pro auto\"},\"image\":{\"@id\":\"https:\\\/\\\/keys-for-auto.eu\\\/cs\\\/#\\\/schema\\\/logo\\\/image\\\/\"},\"sameAs\":[\"https:\\\/\\\/www.facebook.com\\\/KeysForAutoEU\"]}]}<\/script>\n<!-- \/ Yoast SEO plugin. -->","yoast_head_json":{"title":"Inteligentn\u00ed kl\u00ed\u010d s d\u00e1lkov\u00fdm ovl\u00e1d\u00e1n\u00edm - vhodn\u00fd pro BMW (3 | 5 | 7 t\u0159\u00edda) - Keys for auto","robots":{"index":"index","follow":"follow","max-snippet":"max-snippet:-1","max-image-preview":"max-image-preview:large","max-video-preview":"max-video-preview:-1"},"canonical":"https:\/\/keys-for-auto.eu\/cs\/product\/smart-key-with-remote-control-suitable-for-bmw-3-5-7-class\/","og_locale":"cs_CZ","og_type":"article","og_title":"Inteligentn\u00ed kl\u00ed\u010d s d\u00e1lkov\u00fdm ovl\u00e1d\u00e1n\u00edm - vhodn\u00fd pro BMW (3 | 5 | 7 t\u0159\u00edda) - Keys for auto","og_description":"Inteligentn\u00ed kl\u00ed\u010d s d\u00e1lkov\u00fdm ovl\u00e1d\u00e1n\u00edm a transpond\u00e9rem (syst\u00e9m CAS) pro vozy BMW. Vhodn\u00e9 pro: 1 \u0159ada \u0158ada 3 (2005 - 2011) \u0158ada 5 (2003 - 2010) \u0158ada 6 (2004 - 2010) X5 (2006 - 2010) Programov\u00e1n\u00ed v\u00fdroby kl\u00ed\u010d\u016f BMW P\u0159i objedn\u00e1vce uve\u010fte evropsk\u00e9 nebo americk\u00e9 vozidlo. V\u00fdroba kl\u00ed\u010d\u016f od automobil\u016f  V\u00fdroba nov\u00fdch kl\u00ed\u010d\u016f od vozu, programov\u00e1n\u00ed kl\u00ed\u010d\u016f (\"sv\u00e1z\u00e1n\u00ed\" s vozem)  Odstran\u011bn\u00ed d\u0159\u00edve ztracen\u00fdch kl\u00ed\u010d\u016f z pam\u011bti vozidla  V\u00fdroba kl\u00ed\u010de zapalov\u00e1n\u00ed podle z\u00e1mku  Opravy kl\u00ed\u010d\u016f od automobil\u016f (v\u00fdm\u011bna tla\u010d\u00edtek, pl\u00e1\u0161\u0165\u016f, mechanism\u016f)  Nouzov\u00e9 odemyk\u00e1n\u00ed vozu  Obchodov\u00e1n\u00ed s kl\u00ed\u010di, pouzdry na kl\u00ed\u010de  Vypnut\u00ed softwaru DPF \/ FAP  Programov\u00e9 odstran\u011bn\u00ed EGR  Deaktivace softwaru imobiliz\u00e9ru (immo Off)  Oprava \u0159\u00eddic\u00ed jednotky motoru (ECU), klonov\u00e1n\u00ed, programov\u00e1n\u00ed  SRS (programov\u00e1n\u00ed \u0159\u00eddic\u00ed jednotky airbagu)  zbo\u017e\u00ed odesl\u00e1no do 3 pracovn\u00edch dn\u016f.* &nbsp;","og_url":"https:\/\/keys-for-auto.eu\/cs\/product\/smart-key-with-remote-control-suitable-for-bmw-3-5-7-class\/","og_site_name":"Keys for auto","article_publisher":"https:\/\/www.facebook.com\/KeysForAutoEU","og_image":[{"width":500,"height":500,"url":"https:\/\/keys-for-auto.eu\/wp-content\/uploads\/2022\/12\/BMW-smart-raktas-su-nuotolinio-valdymo-mechanizmu-500x5001-wpp1665131656618-removebg-preview.png","type":"image\/png"}],"twitter_card":"summary_large_image","twitter_misc":{"Odhadovan\u00e1 doba \u010dten\u00ed":"2 minuty"},"schema":{"@context":"https:\/\/schema.org","@graph":[{"@type":["WebPage","ItemPage"],"@id":"https:\/\/keys-for-auto.eu\/cs\/product\/smart-key-with-remote-control-suitable-for-bmw-3-5-7-class\/","url":"https:\/\/keys-for-auto.eu\/cs\/product\/smart-key-with-remote-control-suitable-for-bmw-3-5-7-class\/","name":"Inteligentn\u00ed kl\u00ed\u010d s d\u00e1lkov\u00fdm ovl\u00e1d\u00e1n\u00edm - vhodn\u00fd pro BMW (3 | 5 | 7 t\u0159\u00edda) - Keys for auto","isPartOf":{"@id":"https:\/\/keys-for-auto.eu\/cs\/#website"},"primaryImageOfPage":{"@id":"https:\/\/keys-for-auto.eu\/cs\/product\/smart-key-with-remote-control-suitable-for-bmw-3-5-7-class\/#primaryimage"},"image":{"@id":"https:\/\/keys-for-auto.eu\/cs\/product\/smart-key-with-remote-control-suitable-for-bmw-3-5-7-class\/#primaryimage"},"thumbnailUrl":"https:\/\/keys-for-auto.eu\/wp-content\/uploads\/2022\/12\/BMW-smart-raktas-su-nuotolinio-valdymo-mechanizmu-500x5001-wpp1665131656618-removebg-preview.png","datePublished":"2016-04-02T20:03:28+00:00","breadcrumb":{"@id":"https:\/\/keys-for-auto.eu\/cs\/product\/smart-key-with-remote-control-suitable-for-bmw-3-5-7-class\/#breadcrumb"},"inLanguage":"cs","potentialAction":[{"@type":"ReadAction","target":["https:\/\/keys-for-auto.eu\/cs\/product\/smart-key-with-remote-control-suitable-for-bmw-3-5-7-class\/"]}]},{"@type":"ImageObject","inLanguage":"cs","@id":"https:\/\/keys-for-auto.eu\/cs\/product\/smart-key-with-remote-control-suitable-for-bmw-3-5-7-class\/#primaryimage","url":"https:\/\/keys-for-auto.eu\/wp-content\/uploads\/2022\/12\/BMW-smart-raktas-su-nuotolinio-valdymo-mechanizmu-500x5001-wpp1665131656618-removebg-preview.png","contentUrl":"https:\/\/keys-for-auto.eu\/wp-content\/uploads\/2022\/12\/BMW-smart-raktas-su-nuotolinio-valdymo-mechanizmu-500x5001-wpp1665131656618-removebg-preview.png","width":500,"height":500},{"@type":"BreadcrumbList","@id":"https:\/\/keys-for-auto.eu\/cs\/product\/smart-key-with-remote-control-suitable-for-bmw-3-5-7-class\/#breadcrumb","itemListElement":[{"@type":"ListItem","position":1,"name":"Home","item":"https:\/\/keys-for-auto.eu\/cs\/"},{"@type":"ListItem","position":2,"name":"Shop","item":"https:\/\/keys-for-auto.eu\/"},{"@type":"ListItem","position":3,"name":"Inteligentn\u00ed kl\u00ed\u010d s d\u00e1lkov\u00fdm ovl\u00e1d\u00e1n\u00edm &#8211; vhodn\u00fd pro BMW (3 | 5 | 7 t\u0159\u00edda)"}]},{"@type":"WebSite","@id":"https:\/\/keys-for-auto.eu\/cs\/#website","url":"https:\/\/keys-for-auto.eu\/cs\/","name":"Keys for auto","description":"Car keys,  key shells, key programming","publisher":{"@id":"https:\/\/keys-for-auto.eu\/cs\/#organization"},"potentialAction":[{"@type":"SearchAction","target":{"@type":"EntryPoint","urlTemplate":"https:\/\/keys-for-auto.eu\/cs\/?s={search_term_string}"},"query-input":{"@type":"PropertyValueSpecification","valueRequired":true,"valueName":"search_term_string"}}],"inLanguage":"cs"},{"@type":"Organization","@id":"https:\/\/keys-for-auto.eu\/cs\/#organization","name":"Kl\u00ed\u010de pro auto","url":"https:\/\/keys-for-auto.eu\/cs\/","logo":{"@type":"ImageObject","inLanguage":"cs","@id":"https:\/\/keys-for-auto.eu\/cs\/#\/schema\/logo\/image\/","url":"https:\/\/keys-for-auto.eu\/wp-content\/uploads\/2022\/11\/cropped-png1.png","contentUrl":"https:\/\/keys-for-auto.eu\/wp-content\/uploads\/2022\/11\/cropped-png1.png","width":1000,"height":342,"caption":"Kl\u00ed\u010de pro auto"},"image":{"@id":"https:\/\/keys-for-auto.eu\/cs\/#\/schema\/logo\/image\/"},"sameAs":["https:\/\/www.facebook.com\/KeysForAutoEU"]}]}},"_links":{"self":[{"href":"https:\/\/keys-for-auto.eu\/cs\/wp-json\/wp\/v2\/product\/22070","targetHints":{"allow":["GET"]}}],"collection":[{"href":"https:\/\/keys-for-auto.eu\/cs\/wp-json\/wp\/v2\/product"}],"about":[{"href":"https:\/\/keys-for-auto.eu\/cs\/wp-json\/wp\/v2\/types\/product"}],"replies":[{"embeddable":true,"href":"https:\/\/keys-for-auto.eu\/cs\/wp-json\/wp\/v2\/comments?post=22070"}],"wp:featuredmedia":[{"embeddable":true,"href":"https:\/\/keys-for-auto.eu\/cs\/wp-json\/wp\/v2\/media\/20575"}],"wp:attachment":[{"href":"https:\/\/keys-for-auto.eu\/cs\/wp-json\/wp\/v2\/media?parent=22070"}],"wp:term":[{"taxonomy":"product_brand","embeddable":true,"href":"https:\/\/keys-for-auto.eu\/cs\/wp-json\/wp\/v2\/product_brand?post=22070"},{"taxonomy":"product_cat","embeddable":true,"href":"https:\/\/keys-for-auto.eu\/cs\/wp-json\/wp\/v2\/product_cat?post=22070"},{"taxonomy":"product_tag","embeddable":true,"href":"https:\/\/keys-for-auto.eu\/cs\/wp-json\/wp\/v2\/product_tag?post=22070"}],"curies":[{"name":"wp","href":"https:\/\/api.w.org\/{rel}","templated":true}]}}