{"id":22052,"date":"2016-04-02T18:53:14","date_gmt":"2016-04-02T18:53:14","guid":{"rendered":"https:\/\/keys-for-auto.eu\/product\/vhodne-pro-vozy-audi-dalkove-ovladani-klice-2-3-tlacitka\/"},"modified":"2016-04-02T18:53:14","modified_gmt":"2016-04-02T18:53:14","slug":"pro-audi-automobily-vhodne-klicove-dalkove-ovladani-2-3-tlacitka","status":"publish","type":"product","link":"https:\/\/keys-for-auto.eu\/cs\/product\/pro-audi-automobily-vhodne-klicove-dalkove-ovladani-2-3-tlacitka\/","title":{"rendered":"Vhodn\u00e9 pro vozy Audi &#8211; D\u00e1lkov\u00e9 ovl\u00e1d\u00e1n\u00ed kl\u00ed\u010de 2\/3 tla\u010d\u00edtka"},"content":{"rendered":"<p><strong>Pro vozy Audi vhodn\u00e9 , &#8211; kl\u00ed\u010dov\u00fd syst\u00e9m d\u00e1lkov\u00e9ho ovl\u00e1d\u00e1n\u00ed (d\u00e1lkov\u00e9 ovl\u00e1d\u00e1n\u00ed) 2\/3 tla\u010d\u00edtka<\/strong><\/p>\n<p>Programujeme kl\u00ed\u010de pro mnoho zna\u010dek automobil\u016f. V na\u0161em internetov\u00e9m obchod\u011b si m\u016f\u017eete nejen objednat programov\u00e1n\u00ed kl\u00ed\u010d\u016f pro va\u0161e Audi nebo jin\u00e9 vozidlo, ale tak\u00e9 si vybrat kl\u00ed\u010de na d\u00e1lkov\u00e9 ovl\u00e1d\u00e1n\u00ed nebo pouzdro na kl\u00ed\u010de, pokud je v\u00e1\u0161 st\u00e1vaj\u00edc\u00ed kl\u00ed\u010d zlomen\u00fd, praskl\u00fd nebo jej chcete z jin\u00fdch d\u016fvod\u016f nahradit nov\u00fdm.<\/p>\n<p>Vych\u00e1z\u00edme ze z\u00e1sady, \u017ee bezpe\u010dnost voz\u016f na\u0161ich z\u00e1kazn\u00edk\u016f je prvo\u0159ad\u00e1, a proto se o ni star\u00e1me rychle, bez probl\u00e9m\u016f a za p\u0159ijatelnou cenu. Proto zam\u011bstn\u00e1v\u00e1me pouze zku\u0161en\u00e9 techniky a program\u00e1tory a d\u00edly objedn\u00e1v\u00e1me pouze od prov\u011b\u0159en\u00fdch dodavatel\u016f. Sv\u011b\u0159te n\u00e1m bezpe\u010dnost sv\u00e9ho vozu a my v\u00e1s nezklameme. Obra\u0165te se na n\u00e1s, abychom v\u00e1m naprogramovali kl\u00ed\u010de, koupili pouzdra na kl\u00ed\u010de od auta nebo syst\u00e9my d\u00e1lkov\u00e9ho ovl\u00e1d\u00e1n\u00ed.<\/p>\n<p><strong>Popis<\/strong><\/p>\n<p>Nab\u00edz\u00edme v\u00e1m syst\u00e9m d\u00e1lkov\u00e9ho ovl\u00e1d\u00e1n\u00ed kl\u00ed\u010d\u016f (d\u00e1lkov\u00fd ovlada\u010d) pro vozy Audi se 2, 3 nebo 3 1 tla\u010d\u00edtky (v\u010detn\u011b panikov\u00e9ho tla\u010d\u00edtka). Tyto syst\u00e9my d\u00e1lkov\u00e9ho ovl\u00e1d\u00e1n\u00ed pracuj\u00ed na frekvenc\u00edch 315, 433 a 434 MHz.<\/p>\n<p>Programov\u00e1n\u00ed kl\u00ed\u010d\u016f od automobil\u016f nestoj\u00ed na m\u00edst\u011b. Technologie se zlep\u0161uje. A my dr\u017e\u00edme krok. Sna\u017e\u00edme se dr\u017eet krok s nejnov\u011bj\u0161\u00edmi trendy v kl\u00ed\u010dov\u00e9 v\u00fdrob\u011b a roz\u0161i\u0159ovat nab\u00eddku produkt\u016f a slu\u017eeb. Na\u0161i z\u00e1kazn\u00edci, kte\u0159\u00ed si objednaj\u00ed syst\u00e9m d\u00e1lkov\u00e9ho ovl\u00e1d\u00e1n\u00ed kl\u00ed\u010d\u016f Audi, nemaj\u00ed s jeho pou\u017e\u00edv\u00e1n\u00edm \u017e\u00e1dn\u00e9 probl\u00e9my a d\u011bkuj\u00ed n\u00e1m za kvalitu na\u0161eho v\u00fdrobku. Pozitivn\u00ed zp\u011btn\u00e1 vazba je ambic\u00ed ka\u017ed\u00e9ho podnikatele. Tohoto c\u00edle dosahujeme pozornost\u00ed, pe\u010dlivost\u00ed a profesionalitou.<\/p>\n<p>V\u00fdroba kl\u00ed\u010d\u016f je st\u00e1le obl\u00edben\u011bj\u0161\u00ed oblast\u00ed slu\u017eeb a v tomto oboru mohou obst\u00e1t pouze spolehliv\u00ed v\u00fdrobci. Jsme hrd\u00ed na to, \u017ee na\u0161e z\u00e1kaznick\u00e1 z\u00e1kladna roste a \u017ee \u0159idi\u010di, kte\u0159\u00ed vyu\u017eili na\u0161e slu\u017eby a produkty, n\u00e1s doporu\u010duj\u00ed sv\u00fdm p\u0159\u00e1tel\u016fm a zn\u00e1m\u00fdm.<\/p>\n<p>Kl\u00ed\u010de od auta nyn\u00ed v jednom obchod\u011b: http:\/\/raktai-automobiliams.lt. Nav\u0161tivte n\u00e1s, pokud pot\u0159ebujete nov\u00fd syst\u00e9m d\u00e1lkov\u00e9ho ovl\u00e1d\u00e1n\u00ed pro sv\u00e9 Audi nebo jin\u00fd v\u016fz, pokud chcete naprogramovat sv\u00e9 kl\u00ed\u010de nebo pokud chcete vym\u011bnit pouzdro na kl\u00ed\u010de od auta. A\u0165 u\u017e jste sv\u016fj star\u00fd ztratili, nebo se rozbil, vym\u011bn\u00edme v\u00e1m ho rychle a profesion\u00e1ln\u011b.<\/p>\n","protected":false},"excerpt":{"rendered":"<p><strong>Syst\u00e9m d\u00e1lkov\u00e9ho ovl\u00e1d\u00e1n\u00ed kl\u00ed\u010d\u016f vhodn\u00fd (d\u00e1lkov\u00e9 ovl\u00e1d\u00e1n\u00ed) pro vozy Audi.<\/strong><\/p>\n<p><strong>Audi TT A3 3 tla\u010d\u00edtka 433MHz<\/strong><br \/>\n<strong>PN:4DO 837 231 D<\/strong><\/p>\n<p><strong>Audi 3 1 tla\u010d\u00edtka s funkc\u00ed Panic 315MHz<\/strong><br \/>\n<strong>PN:4TO 837 231G<\/strong><\/p>\n<p><strong>Audi 3 1 tla\u010d\u00edtka s panikou 4DO 837 231 M<\/strong><br \/>\n<strong>315MHz<\/strong><\/p>\n<p><strong>Audi 3 tla\u010d\u00edtka 4DO 837 231 N 434MHz<\/strong><\/p>\n<p><strong>Audi 3 1 tla\u010d\u00edtka s funkc\u00ed Panic<\/strong><br \/>\n<strong>4DO 837 231 P<\/strong><\/p>\n<p><strong>Audi 2 tla\u010d\u00edtka 433MHz<\/strong><br \/>\n<strong>4DO 837 231 R<\/strong><\/p>\n<p><strong>Audi 3 tla\u010d\u00edtka 434MHz<\/strong><br \/>\n<strong>4D0 837 231 A<\/strong><\/p>\n<p><strong>Audi 3 tla\u010d\u00edtka 434MHZ<\/strong><br \/>\n<strong>4D0 837 231 K<\/strong><\/p>\n<h3><strong>V\u00fdroba kl\u00ed\u010d\u016f od automobil\u016f<\/strong><\/h3>\n<ul>\n<li><strong>V\u00fdroba nov\u00fdch kl\u00ed\u010d\u016f od vozu, programov\u00e1n\u00ed kl\u00ed\u010d\u016f (&#8222;sv\u00e1z\u00e1n\u00ed&#8220; s vozem)<\/strong><\/li>\n<li><strong>Odstran\u011bn\u00ed d\u0159\u00edve ztracen\u00fdch kl\u00ed\u010d\u016f z pam\u011bti vozidla<\/strong><\/li>\n<li><strong>V\u00fdroba kl\u00ed\u010de zapalov\u00e1n\u00ed podle z\u00e1mku<\/strong><\/li>\n<li><strong>Opravy kl\u00ed\u010d\u016f od automobil\u016f (v\u00fdm\u011bna tla\u010d\u00edtek, pl\u00e1\u0161\u0165\u016f, mechanism\u016f)<\/strong><\/li>\n<li><strong>Nouzov\u00e9 odemyk\u00e1n\u00ed vozu<\/strong><\/li>\n<li><strong>Obchodov\u00e1n\u00ed s kl\u00ed\u010di, pouzdry na kl\u00ed\u010de<\/strong><\/li>\n<li><strong>Vypnut\u00ed softwaru DPF \/ FAP<\/strong><\/li>\n<li><strong>Programov\u00e9 odstran\u011bn\u00ed EGR<\/strong><\/li>\n<li><strong>Deaktivace softwaru imobiliz\u00e9ru (immo Off)<\/strong><\/li>\n<li><strong>Oprava \u0159\u00eddic\u00ed jednotky motoru (ECU), klonov\u00e1n\u00ed, programov\u00e1n\u00ed<\/strong><\/li>\n<li><strong>SRS (programov\u00e1n\u00ed \u0159\u00eddic\u00ed jednotky airbagu)<\/strong><\/li>\n<\/ul>\n<h4><strong>  zbo\u017e\u00ed odesl\u00e1no do 3 pracovn\u00edch dn\u016f.*<\/strong><\/h4>\n<p>&nbsp;<\/p>\n<p>&nbsp;<\/p>\n<p>&nbsp;<\/p>\n","protected":false},"featured_media":20517,"comment_status":"open","ping_status":"closed","template":"","meta":[],"product_brand":[],"product_cat":[4205,4611],"product_tag":[5204,5177],"class_list":{"0":"post-22052","1":"product","2":"type-product","3":"status-publish","4":"has-post-thumbnail","6":"product_cat-audi-cs","7":"product_cat-klice-dalkoveho-ovladani","8":"product_tag-dalkove-ovladani-klice-audi","9":"product_tag-klic-audi","11":"first","12":"instock","13":"shipping-taxable","14":"purchasable","15":"product-type-simple"},"yoast_head":"<!-- This site is optimized with the Yoast SEO plugin v27.6 - https:\/\/yoast.com\/product\/yoast-seo-wordpress\/ -->\n<title>Vhodn\u00e9 pro vozy Audi - D\u00e1lkov\u00e9 ovl\u00e1d\u00e1n\u00ed kl\u00ed\u010de 2\/3 tla\u010d\u00edtka - Keys for auto<\/title>\n<meta name=\"robots\" content=\"index, follow, max-snippet:-1, max-image-preview:large, max-video-preview:-1\" \/>\n<link rel=\"canonical\" href=\"https:\/\/keys-for-auto.eu\/cs\/product\/pro-audi-automobily-vhodne-klicove-dalkove-ovladani-2-3-tlacitka\/\" \/>\n<meta property=\"og:locale\" content=\"cs_CZ\" \/>\n<meta property=\"og:type\" content=\"article\" \/>\n<meta property=\"og:title\" content=\"Vhodn\u00e9 pro vozy Audi - D\u00e1lkov\u00e9 ovl\u00e1d\u00e1n\u00ed kl\u00ed\u010de 2\/3 tla\u010d\u00edtka - Keys for auto\" \/>\n<meta property=\"og:description\" content=\"Syst\u00e9m d\u00e1lkov\u00e9ho ovl\u00e1d\u00e1n\u00ed kl\u00ed\u010d\u016f vhodn\u00fd (d\u00e1lkov\u00e9 ovl\u00e1d\u00e1n\u00ed) pro vozy Audi. Audi TT A3 3 tla\u010d\u00edtka 433MHz PN:4DO 837 231 D Audi 3 1 tla\u010d\u00edtka s funkc\u00ed Panic 315MHz PN:4TO 837 231G Audi 3 1 tla\u010d\u00edtka s panikou 4DO 837 231 M 315MHz Audi 3 tla\u010d\u00edtka 4DO 837 231 N 434MHz Audi 3 1 tla\u010d\u00edtka s funkc\u00ed Panic 4DO 837 231 P Audi 2 tla\u010d\u00edtka 433MHz 4DO 837 231 R Audi 3 tla\u010d\u00edtka 434MHz 4D0 837 231 A Audi 3 tla\u010d\u00edtka 434MHZ 4D0 837 231 K V\u00fdroba kl\u00ed\u010d\u016f od automobil\u016f  V\u00fdroba nov\u00fdch kl\u00ed\u010d\u016f od vozu, programov\u00e1n\u00ed kl\u00ed\u010d\u016f (&quot;sv\u00e1z\u00e1n\u00ed&quot; s vozem)  Odstran\u011bn\u00ed d\u0159\u00edve ztracen\u00fdch kl\u00ed\u010d\u016f z pam\u011bti vozidla  V\u00fdroba kl\u00ed\u010de zapalov\u00e1n\u00ed podle z\u00e1mku  Opravy kl\u00ed\u010d\u016f od automobil\u016f (v\u00fdm\u011bna tla\u010d\u00edtek, pl\u00e1\u0161\u0165\u016f, mechanism\u016f)  Nouzov\u00e9 odemyk\u00e1n\u00ed vozu  Obchodov\u00e1n\u00ed s kl\u00ed\u010di, pouzdry na kl\u00ed\u010de  Vypnut\u00ed softwaru DPF \/ FAP  Programov\u00e9 odstran\u011bn\u00ed EGR  Deaktivace softwaru imobiliz\u00e9ru (immo Off)  Oprava \u0159\u00eddic\u00ed jednotky motoru (ECU), klonov\u00e1n\u00ed, programov\u00e1n\u00ed  SRS (programov\u00e1n\u00ed \u0159\u00eddic\u00ed jednotky airbagu)  zbo\u017e\u00ed odesl\u00e1no do 3 pracovn\u00edch dn\u016f.* &nbsp; &nbsp; &nbsp;\" \/>\n<meta property=\"og:url\" content=\"https:\/\/keys-for-auto.eu\/cs\/product\/pro-audi-automobily-vhodne-klicove-dalkove-ovladani-2-3-tlacitka\/\" \/>\n<meta property=\"og:site_name\" content=\"Keys for auto\" \/>\n<meta property=\"article:publisher\" content=\"https:\/\/www.facebook.com\/KeysForAutoEU\" \/>\n<meta property=\"og:image\" content=\"https:\/\/i0.wp.com\/keys-for-auto.eu\/wp-content\/uploads\/2022\/12\/Audi-pultelis-500x5001-removebg-preview.png?fit=500%2C500&ssl=1\" \/>\n\t<meta property=\"og:image:width\" content=\"500\" \/>\n\t<meta property=\"og:image:height\" content=\"500\" \/>\n\t<meta property=\"og:image:type\" content=\"image\/png\" \/>\n<meta name=\"twitter:card\" content=\"summary_large_image\" \/>\n<meta name=\"twitter:label1\" content=\"Odhadovan\u00e1 doba \u010dten\u00ed\" \/>\n\t<meta name=\"twitter:data1\" content=\"2 minuty\" \/>\n<script type=\"application\/ld+json\" class=\"yoast-schema-graph\">{\"@context\":\"https:\\\/\\\/schema.org\",\"@graph\":[{\"@type\":[\"WebPage\",\"ItemPage\"],\"@id\":\"https:\\\/\\\/keys-for-auto.eu\\\/cs\\\/product\\\/pro-audi-automobily-vhodne-klicove-dalkove-ovladani-2-3-tlacitka\\\/\",\"url\":\"https:\\\/\\\/keys-for-auto.eu\\\/cs\\\/product\\\/pro-audi-automobily-vhodne-klicove-dalkove-ovladani-2-3-tlacitka\\\/\",\"name\":\"Vhodn\u00e9 pro vozy Audi - D\u00e1lkov\u00e9 ovl\u00e1d\u00e1n\u00ed kl\u00ed\u010de 2\\\/3 tla\u010d\u00edtka - Keys for auto\",\"isPartOf\":{\"@id\":\"https:\\\/\\\/keys-for-auto.eu\\\/cs\\\/#website\"},\"primaryImageOfPage\":{\"@id\":\"https:\\\/\\\/keys-for-auto.eu\\\/cs\\\/product\\\/pro-audi-automobily-vhodne-klicove-dalkove-ovladani-2-3-tlacitka\\\/#primaryimage\"},\"image\":{\"@id\":\"https:\\\/\\\/keys-for-auto.eu\\\/cs\\\/product\\\/pro-audi-automobily-vhodne-klicove-dalkove-ovladani-2-3-tlacitka\\\/#primaryimage\"},\"thumbnailUrl\":\"https:\\\/\\\/keys-for-auto.eu\\\/wp-content\\\/uploads\\\/2022\\\/12\\\/Audi-pultelis-500x5001-removebg-preview.png\",\"datePublished\":\"2016-04-02T18:53:14+00:00\",\"breadcrumb\":{\"@id\":\"https:\\\/\\\/keys-for-auto.eu\\\/cs\\\/product\\\/pro-audi-automobily-vhodne-klicove-dalkove-ovladani-2-3-tlacitka\\\/#breadcrumb\"},\"inLanguage\":\"cs\",\"potentialAction\":[{\"@type\":\"ReadAction\",\"target\":[\"https:\\\/\\\/keys-for-auto.eu\\\/cs\\\/product\\\/pro-audi-automobily-vhodne-klicove-dalkove-ovladani-2-3-tlacitka\\\/\"]}]},{\"@type\":\"ImageObject\",\"inLanguage\":\"cs\",\"@id\":\"https:\\\/\\\/keys-for-auto.eu\\\/cs\\\/product\\\/pro-audi-automobily-vhodne-klicove-dalkove-ovladani-2-3-tlacitka\\\/#primaryimage\",\"url\":\"https:\\\/\\\/keys-for-auto.eu\\\/wp-content\\\/uploads\\\/2022\\\/12\\\/Audi-pultelis-500x5001-removebg-preview.png\",\"contentUrl\":\"https:\\\/\\\/keys-for-auto.eu\\\/wp-content\\\/uploads\\\/2022\\\/12\\\/Audi-pultelis-500x5001-removebg-preview.png\",\"width\":500,\"height\":500},{\"@type\":\"BreadcrumbList\",\"@id\":\"https:\\\/\\\/keys-for-auto.eu\\\/cs\\\/product\\\/pro-audi-automobily-vhodne-klicove-dalkove-ovladani-2-3-tlacitka\\\/#breadcrumb\",\"itemListElement\":[{\"@type\":\"ListItem\",\"position\":1,\"name\":\"Home\",\"item\":\"https:\\\/\\\/keys-for-auto.eu\\\/cs\\\/\"},{\"@type\":\"ListItem\",\"position\":2,\"name\":\"Shop\",\"item\":\"https:\\\/\\\/keys-for-auto.eu\\\/\"},{\"@type\":\"ListItem\",\"position\":3,\"name\":\"Vhodn\u00e9 pro vozy Audi &#8211; D\u00e1lkov\u00e9 ovl\u00e1d\u00e1n\u00ed kl\u00ed\u010de 2\\\/3 tla\u010d\u00edtka\"}]},{\"@type\":\"WebSite\",\"@id\":\"https:\\\/\\\/keys-for-auto.eu\\\/cs\\\/#website\",\"url\":\"https:\\\/\\\/keys-for-auto.eu\\\/cs\\\/\",\"name\":\"Keys for auto\",\"description\":\"Car keys,  key shells, key programming\",\"publisher\":{\"@id\":\"https:\\\/\\\/keys-for-auto.eu\\\/cs\\\/#organization\"},\"potentialAction\":[{\"@type\":\"SearchAction\",\"target\":{\"@type\":\"EntryPoint\",\"urlTemplate\":\"https:\\\/\\\/keys-for-auto.eu\\\/cs\\\/?s={search_term_string}\"},\"query-input\":{\"@type\":\"PropertyValueSpecification\",\"valueRequired\":true,\"valueName\":\"search_term_string\"}}],\"inLanguage\":\"cs\"},{\"@type\":\"Organization\",\"@id\":\"https:\\\/\\\/keys-for-auto.eu\\\/cs\\\/#organization\",\"name\":\"Kl\u00ed\u010de pro auto\",\"url\":\"https:\\\/\\\/keys-for-auto.eu\\\/cs\\\/\",\"logo\":{\"@type\":\"ImageObject\",\"inLanguage\":\"cs\",\"@id\":\"https:\\\/\\\/keys-for-auto.eu\\\/cs\\\/#\\\/schema\\\/logo\\\/image\\\/\",\"url\":\"https:\\\/\\\/keys-for-auto.eu\\\/wp-content\\\/uploads\\\/2022\\\/11\\\/cropped-png1.png\",\"contentUrl\":\"https:\\\/\\\/keys-for-auto.eu\\\/wp-content\\\/uploads\\\/2022\\\/11\\\/cropped-png1.png\",\"width\":1000,\"height\":342,\"caption\":\"Kl\u00ed\u010de pro auto\"},\"image\":{\"@id\":\"https:\\\/\\\/keys-for-auto.eu\\\/cs\\\/#\\\/schema\\\/logo\\\/image\\\/\"},\"sameAs\":[\"https:\\\/\\\/www.facebook.com\\\/KeysForAutoEU\"]}]}<\/script>\n<!-- \/ Yoast SEO plugin. -->","yoast_head_json":{"title":"Vhodn\u00e9 pro vozy Audi - D\u00e1lkov\u00e9 ovl\u00e1d\u00e1n\u00ed kl\u00ed\u010de 2\/3 tla\u010d\u00edtka - Keys for auto","robots":{"index":"index","follow":"follow","max-snippet":"max-snippet:-1","max-image-preview":"max-image-preview:large","max-video-preview":"max-video-preview:-1"},"canonical":"https:\/\/keys-for-auto.eu\/cs\/product\/pro-audi-automobily-vhodne-klicove-dalkove-ovladani-2-3-tlacitka\/","og_locale":"cs_CZ","og_type":"article","og_title":"Vhodn\u00e9 pro vozy Audi - D\u00e1lkov\u00e9 ovl\u00e1d\u00e1n\u00ed kl\u00ed\u010de 2\/3 tla\u010d\u00edtka - Keys for auto","og_description":"Syst\u00e9m d\u00e1lkov\u00e9ho ovl\u00e1d\u00e1n\u00ed kl\u00ed\u010d\u016f vhodn\u00fd (d\u00e1lkov\u00e9 ovl\u00e1d\u00e1n\u00ed) pro vozy Audi. Audi TT A3 3 tla\u010d\u00edtka 433MHz PN:4DO 837 231 D Audi 3 1 tla\u010d\u00edtka s funkc\u00ed Panic 315MHz PN:4TO 837 231G Audi 3 1 tla\u010d\u00edtka s panikou 4DO 837 231 M 315MHz Audi 3 tla\u010d\u00edtka 4DO 837 231 N 434MHz Audi 3 1 tla\u010d\u00edtka s funkc\u00ed Panic 4DO 837 231 P Audi 2 tla\u010d\u00edtka 433MHz 4DO 837 231 R Audi 3 tla\u010d\u00edtka 434MHz 4D0 837 231 A Audi 3 tla\u010d\u00edtka 434MHZ 4D0 837 231 K V\u00fdroba kl\u00ed\u010d\u016f od automobil\u016f  V\u00fdroba nov\u00fdch kl\u00ed\u010d\u016f od vozu, programov\u00e1n\u00ed kl\u00ed\u010d\u016f (\"sv\u00e1z\u00e1n\u00ed\" s vozem)  Odstran\u011bn\u00ed d\u0159\u00edve ztracen\u00fdch kl\u00ed\u010d\u016f z pam\u011bti vozidla  V\u00fdroba kl\u00ed\u010de zapalov\u00e1n\u00ed podle z\u00e1mku  Opravy kl\u00ed\u010d\u016f od automobil\u016f (v\u00fdm\u011bna tla\u010d\u00edtek, pl\u00e1\u0161\u0165\u016f, mechanism\u016f)  Nouzov\u00e9 odemyk\u00e1n\u00ed vozu  Obchodov\u00e1n\u00ed s kl\u00ed\u010di, pouzdry na kl\u00ed\u010de  Vypnut\u00ed softwaru DPF \/ FAP  Programov\u00e9 odstran\u011bn\u00ed EGR  Deaktivace softwaru imobiliz\u00e9ru (immo Off)  Oprava \u0159\u00eddic\u00ed jednotky motoru (ECU), klonov\u00e1n\u00ed, programov\u00e1n\u00ed  SRS (programov\u00e1n\u00ed \u0159\u00eddic\u00ed jednotky airbagu)  zbo\u017e\u00ed odesl\u00e1no do 3 pracovn\u00edch dn\u016f.* &nbsp; &nbsp; &nbsp;","og_url":"https:\/\/keys-for-auto.eu\/cs\/product\/pro-audi-automobily-vhodne-klicove-dalkove-ovladani-2-3-tlacitka\/","og_site_name":"Keys for auto","article_publisher":"https:\/\/www.facebook.com\/KeysForAutoEU","og_image":[{"width":500,"height":500,"url":"https:\/\/i0.wp.com\/keys-for-auto.eu\/wp-content\/uploads\/2022\/12\/Audi-pultelis-500x5001-removebg-preview.png?fit=500%2C500&ssl=1","type":"image\/png"}],"twitter_card":"summary_large_image","twitter_misc":{"Odhadovan\u00e1 doba \u010dten\u00ed":"2 minuty"},"schema":{"@context":"https:\/\/schema.org","@graph":[{"@type":["WebPage","ItemPage"],"@id":"https:\/\/keys-for-auto.eu\/cs\/product\/pro-audi-automobily-vhodne-klicove-dalkove-ovladani-2-3-tlacitka\/","url":"https:\/\/keys-for-auto.eu\/cs\/product\/pro-audi-automobily-vhodne-klicove-dalkove-ovladani-2-3-tlacitka\/","name":"Vhodn\u00e9 pro vozy Audi - D\u00e1lkov\u00e9 ovl\u00e1d\u00e1n\u00ed kl\u00ed\u010de 2\/3 tla\u010d\u00edtka - Keys for auto","isPartOf":{"@id":"https:\/\/keys-for-auto.eu\/cs\/#website"},"primaryImageOfPage":{"@id":"https:\/\/keys-for-auto.eu\/cs\/product\/pro-audi-automobily-vhodne-klicove-dalkove-ovladani-2-3-tlacitka\/#primaryimage"},"image":{"@id":"https:\/\/keys-for-auto.eu\/cs\/product\/pro-audi-automobily-vhodne-klicove-dalkove-ovladani-2-3-tlacitka\/#primaryimage"},"thumbnailUrl":"https:\/\/keys-for-auto.eu\/wp-content\/uploads\/2022\/12\/Audi-pultelis-500x5001-removebg-preview.png","datePublished":"2016-04-02T18:53:14+00:00","breadcrumb":{"@id":"https:\/\/keys-for-auto.eu\/cs\/product\/pro-audi-automobily-vhodne-klicove-dalkove-ovladani-2-3-tlacitka\/#breadcrumb"},"inLanguage":"cs","potentialAction":[{"@type":"ReadAction","target":["https:\/\/keys-for-auto.eu\/cs\/product\/pro-audi-automobily-vhodne-klicove-dalkove-ovladani-2-3-tlacitka\/"]}]},{"@type":"ImageObject","inLanguage":"cs","@id":"https:\/\/keys-for-auto.eu\/cs\/product\/pro-audi-automobily-vhodne-klicove-dalkove-ovladani-2-3-tlacitka\/#primaryimage","url":"https:\/\/keys-for-auto.eu\/wp-content\/uploads\/2022\/12\/Audi-pultelis-500x5001-removebg-preview.png","contentUrl":"https:\/\/keys-for-auto.eu\/wp-content\/uploads\/2022\/12\/Audi-pultelis-500x5001-removebg-preview.png","width":500,"height":500},{"@type":"BreadcrumbList","@id":"https:\/\/keys-for-auto.eu\/cs\/product\/pro-audi-automobily-vhodne-klicove-dalkove-ovladani-2-3-tlacitka\/#breadcrumb","itemListElement":[{"@type":"ListItem","position":1,"name":"Home","item":"https:\/\/keys-for-auto.eu\/cs\/"},{"@type":"ListItem","position":2,"name":"Shop","item":"https:\/\/keys-for-auto.eu\/"},{"@type":"ListItem","position":3,"name":"Vhodn\u00e9 pro vozy Audi &#8211; D\u00e1lkov\u00e9 ovl\u00e1d\u00e1n\u00ed kl\u00ed\u010de 2\/3 tla\u010d\u00edtka"}]},{"@type":"WebSite","@id":"https:\/\/keys-for-auto.eu\/cs\/#website","url":"https:\/\/keys-for-auto.eu\/cs\/","name":"Keys for auto","description":"Car keys,  key shells, key programming","publisher":{"@id":"https:\/\/keys-for-auto.eu\/cs\/#organization"},"potentialAction":[{"@type":"SearchAction","target":{"@type":"EntryPoint","urlTemplate":"https:\/\/keys-for-auto.eu\/cs\/?s={search_term_string}"},"query-input":{"@type":"PropertyValueSpecification","valueRequired":true,"valueName":"search_term_string"}}],"inLanguage":"cs"},{"@type":"Organization","@id":"https:\/\/keys-for-auto.eu\/cs\/#organization","name":"Kl\u00ed\u010de pro auto","url":"https:\/\/keys-for-auto.eu\/cs\/","logo":{"@type":"ImageObject","inLanguage":"cs","@id":"https:\/\/keys-for-auto.eu\/cs\/#\/schema\/logo\/image\/","url":"https:\/\/keys-for-auto.eu\/wp-content\/uploads\/2022\/11\/cropped-png1.png","contentUrl":"https:\/\/keys-for-auto.eu\/wp-content\/uploads\/2022\/11\/cropped-png1.png","width":1000,"height":342,"caption":"Kl\u00ed\u010de pro auto"},"image":{"@id":"https:\/\/keys-for-auto.eu\/cs\/#\/schema\/logo\/image\/"},"sameAs":["https:\/\/www.facebook.com\/KeysForAutoEU"]}]}},"_links":{"self":[{"href":"https:\/\/keys-for-auto.eu\/cs\/wp-json\/wp\/v2\/product\/22052","targetHints":{"allow":["GET"]}}],"collection":[{"href":"https:\/\/keys-for-auto.eu\/cs\/wp-json\/wp\/v2\/product"}],"about":[{"href":"https:\/\/keys-for-auto.eu\/cs\/wp-json\/wp\/v2\/types\/product"}],"replies":[{"embeddable":true,"href":"https:\/\/keys-for-auto.eu\/cs\/wp-json\/wp\/v2\/comments?post=22052"}],"wp:featuredmedia":[{"embeddable":true,"href":"https:\/\/keys-for-auto.eu\/cs\/wp-json\/wp\/v2\/media\/20517"}],"wp:attachment":[{"href":"https:\/\/keys-for-auto.eu\/cs\/wp-json\/wp\/v2\/media?parent=22052"}],"wp:term":[{"taxonomy":"product_brand","embeddable":true,"href":"https:\/\/keys-for-auto.eu\/cs\/wp-json\/wp\/v2\/product_brand?post=22052"},{"taxonomy":"product_cat","embeddable":true,"href":"https:\/\/keys-for-auto.eu\/cs\/wp-json\/wp\/v2\/product_cat?post=22052"},{"taxonomy":"product_tag","embeddable":true,"href":"https:\/\/keys-for-auto.eu\/cs\/wp-json\/wp\/v2\/product_tag?post=22052"}],"curies":[{"name":"wp","href":"https:\/\/api.w.org\/{rel}","templated":true}]}}