{"id":21768,"date":"2016-04-02T10:13:10","date_gmt":"2016-04-02T10:13:10","guid":{"rendered":"https:\/\/keys-for-auto.eu\/product\/dalkove-ovladani-vhodne-pro-mitsubishi-se-3-tlacitky\/"},"modified":"2016-04-02T10:13:10","modified_gmt":"2016-04-02T10:13:10","slug":"dalkove-ovladani-vhodne-pro-mitsubishi-se-tremi-tlacitky","status":"publish","type":"product","link":"https:\/\/keys-for-auto.eu\/cs\/product\/dalkove-ovladani-vhodne-pro-mitsubishi-se-tremi-tlacitky\/","title":{"rendered":"D\u00e1lkov\u00e9 ovl\u00e1d\u00e1n\u00ed &#8211; vhodn\u00e9 pro Mitsubishi, se 3 tla\u010d\u00edtky"},"content":{"rendered":"<h2><strong>D\u00e1lkov\u00e9 ovl\u00e1d\u00e1n\u00ed pro vozy Mitsubishi<\/strong><\/h2>\n<p>P\u0159edstavujeme t\u0159\u00edtla\u010d\u00edtkov\u00fd d\u00e1lkov\u00fd ovlada\u010d pro vozy Mitsubishi. Tento d\u00e1lkov\u00fd ovlada\u010d je vyroben z kvalitn\u00edch materi\u00e1l\u016f a bude v\u00e1m slou\u017eit dlouho a v\u011brn\u011b. Zveme v\u00e1s, abyste si prohl\u00e9dli na\u0161e dal\u0161\u00ed vysoce kvalitn\u00ed produkty. Prod\u00e1v\u00e1me kl\u00ed\u010de na d\u00e1lkov\u00e9 ovl\u00e1d\u00e1n\u00ed. Prohl\u00e9dnout si je m\u016f\u017eete zde. Prod\u00e1v\u00e1me tak\u00e9 zapalovac\u00ed karty Renault. P\u0159iv\u00e1\u017eeme je k va\u0161emu autu. Vym\u011b\u0148ujeme rozbit\u00e1 nebo opot\u0159ebovan\u00e1 pouzdra na karty. Karty opravujeme.<\/p>\n<p>Pokud tedy pot\u0159ebujete kartu zapalov\u00e1n\u00ed Renault, programov\u00e1n\u00ed nebo opravu, kontaktujte n\u00e1s! Zavolejte n\u00e1m na \u010d\u00edslo uveden\u00e9 v doln\u00ed \u010d\u00e1sti str\u00e1nky. Nebo n\u00e1s nav\u0161tivte v na\u0161em s\u00eddle. Domluvte si pros\u00edm \u010das p\u0159edem. M\u016f\u017eete tak u\u010dinit na telefonn\u00edm \u010d\u00edsle uveden\u00e9m v doln\u00ed \u010d\u00e1sti str\u00e1nky nebo na tomto odkazu. Krom\u011b v\u00fd\u0161e uveden\u00fdch slu\u017eeb poskytujeme tak\u00e9 slu\u017ebu nouzov\u00e9ho odemyk\u00e1n\u00ed vozidel. Viz konec tohoto \u010dl\u00e1nku.<\/p>\n<h2><strong>Programov\u00e1n\u00ed kl\u00ed\u010d\u016f<\/strong><\/h2>\n<p>Programujeme kl\u00ed\u010de nejen pro Renault, ale i pro mnoho dal\u0161\u00edch zna\u010dek automobil\u016f. Kl\u00ed\u010dov\u00e9 programov\u00e1n\u00ed. Kvalitn\u00ed slu\u017eby, d\u00edky kter\u00fdm se v\u00e1m vyplat\u00ed cestovat. Programov\u00e1n\u00ed autokl\u00ed\u010d\u016f se prov\u00e1d\u00ed pouze pomoc\u00ed nejmodern\u011bj\u0161\u00edho vybaven\u00ed. A na\u0161i kl\u00ed\u010dov\u00ed program\u00e1to\u0159i si neust\u00e1le zvy\u0161uj\u00ed kvalifikaci.<\/p>\n<p>Pokud m\u00e1te pochybnosti, komu sv\u011b\u0159it programov\u00e1n\u00ed kl\u00ed\u010d\u016f od auta, sv\u011b\u0159te to profesion\u00e1l\u016fm &#8211; na\u0161im specialist\u016fm! Kl\u00ed\u010de vyr\u00e1b\u00edme ji\u017e mnoho let. R\u00e1di vyu\u017eijeme z\u00edskan\u00e9 zku\u0161enosti k roz\u0161\u00ed\u0159en\u00ed va\u0161eho pot\u011b\u0161en\u00ed z j\u00edzdy. Kl\u00ed\u010de od auta &#8211; pouze z na\u0161ich rukou!<\/p>\n<h2><strong>Nouzov\u00e9 odemyk\u00e1n\u00ed vozu<\/strong><\/h2>\n<p>Nouzov\u00e9 odemyk\u00e1n\u00ed auta je nutn\u00e9, kdy\u017e se nem\u016f\u017eete dostat do auta b\u011b\u017en\u00fdm zp\u016fsobem. Proto\u017ee se zamykac\u00ed syst\u00e9m va\u0161eho vozu n\u011bkdy &#8222;zasekne&#8220;, pot\u0159ebujete k odem\u010den\u00ed &#8222;zaseknut\u00e9ho&#8220; vozu odbornou pomoc. N\u011bkdy si v\u0161ak \u0159idi\u010di sami omylem zabouchnou kl\u00ed\u010de od auta. V mnoha jin\u00fdch p\u0159\u00edpadech se nem\u016f\u017eeme dostat do vlastn\u00edho auta. Nap\u0159\u00edklad vybit\u00e1 baterie, nereaguj\u00edc\u00ed konzole atd.<\/p>\n<p>A\u0165 u\u017e se ocitnete v jak\u00e9koli z t\u011bchto situac\u00ed, nepropadejte panice a nesp\u011bchejte s otev\u0159en\u00edm vozu sami. Nechte to na profesion\u00e1lech. Postar\u00e1me se o bezpe\u010dn\u00e9 a rychl\u00e9 otev\u0159en\u00ed va\u0161eho vozu. Pou\u017e\u00edv\u00e1me speci\u00e1ln\u00ed certifikovan\u00e9 vybaven\u00ed, kter\u00e9 v\u00e1m pom\u016f\u017ee otev\u0159\u00edt v\u00e1\u0161 v\u016fz bez po\u0161kozen\u00ed.<\/p>\n","protected":false},"excerpt":{"rendered":"<p>D\u00e1lkov\u00e9 ovl\u00e1d\u00e1n\u00ed vhodn\u00e9 pro vozy Mitsubishi, se t\u0159emi tla\u010d\u00edtky.<\/p>\n<h3><strong>V\u00fdroba kl\u00ed\u010d\u016f od automobil\u016f<\/strong><\/h3>\n<ul>\n<li><strong>V\u00fdroba nov\u00fdch kl\u00ed\u010d\u016f od vozu, programov\u00e1n\u00ed kl\u00ed\u010d\u016f (&#8222;sv\u00e1z\u00e1n\u00ed&#8220; s vozem)<\/strong><\/li>\n<li><strong>Odstran\u011bn\u00ed d\u0159\u00edve ztracen\u00fdch kl\u00ed\u010d\u016f z pam\u011bti vozidla<\/strong><\/li>\n<li><strong>V\u00fdroba kl\u00ed\u010de zapalov\u00e1n\u00ed podle z\u00e1mku<\/strong><\/li>\n<li><strong>Opravy kl\u00ed\u010d\u016f od automobil\u016f (v\u00fdm\u011bna tla\u010d\u00edtek, pl\u00e1\u0161\u0165\u016f, mechanism\u016f)<\/strong><\/li>\n<li><strong>Nouzov\u00e9 odemyk\u00e1n\u00ed vozu<\/strong><\/li>\n<li><strong>Obchodov\u00e1n\u00ed s kl\u00ed\u010di, pouzdry na kl\u00ed\u010de<\/strong><\/li>\n<li><strong>Vypnut\u00ed softwaru DPF \/ FAP<\/strong><\/li>\n<li><strong>Programov\u00e9 odstran\u011bn\u00ed EGR<\/strong><\/li>\n<li><strong>Deaktivace softwaru imobiliz\u00e9ru (immo Off)<\/strong><\/li>\n<li><strong>Oprava \u0159\u00eddic\u00ed jednotky motoru (ECU), klonov\u00e1n\u00ed, programov\u00e1n\u00ed<\/strong><\/li>\n<li><strong>SRS (programov\u00e1n\u00ed \u0159\u00eddic\u00ed jednotky airbagu)<\/strong><\/li>\n<\/ul>\n<h4><strong>  zbo\u017e\u00ed odesl\u00e1no do 3 pracovn\u00edch dn\u016f.*<\/strong><\/h4>\n","protected":false},"featured_media":20949,"comment_status":"open","ping_status":"closed","template":"","meta":[],"product_brand":[],"product_cat":[4149,4662],"product_tag":[4671,4664],"class_list":{"0":"post-21768","1":"product","2":"type-product","3":"status-publish","4":"has-post-thumbnail","6":"product_cat-klicove-skorapky-cs","7":"product_cat-mitsubishi-cs","8":"product_tag-dalkove-ovladani-mitsubishi","9":"product_tag-klicova-schranka-mitsubishi","11":"first","12":"instock","13":"sale","14":"shipping-taxable","15":"purchasable","16":"product-type-simple"},"yoast_head":"<!-- This site is optimized with the Yoast SEO plugin v27.4 - https:\/\/yoast.com\/product\/yoast-seo-wordpress\/ -->\n<title>D\u00e1lkov\u00e9 ovl\u00e1d\u00e1n\u00ed - vhodn\u00e9 pro Mitsubishi, se 3 tla\u010d\u00edtky - Keys for auto<\/title>\n<meta name=\"robots\" content=\"index, follow, max-snippet:-1, max-image-preview:large, max-video-preview:-1\" \/>\n<link rel=\"canonical\" href=\"https:\/\/keys-for-auto.eu\/cs\/product\/dalkove-ovladani-vhodne-pro-mitsubishi-se-tremi-tlacitky\/\" \/>\n<meta property=\"og:locale\" content=\"cs_CZ\" \/>\n<meta property=\"og:type\" content=\"article\" \/>\n<meta property=\"og:title\" content=\"D\u00e1lkov\u00e9 ovl\u00e1d\u00e1n\u00ed - vhodn\u00e9 pro Mitsubishi, se 3 tla\u010d\u00edtky - Keys for auto\" \/>\n<meta property=\"og:description\" content=\"D\u00e1lkov\u00e9 ovl\u00e1d\u00e1n\u00ed vhodn\u00e9 pro vozy Mitsubishi, se t\u0159emi tla\u010d\u00edtky. V\u00fdroba kl\u00ed\u010d\u016f od automobil\u016f  V\u00fdroba nov\u00fdch kl\u00ed\u010d\u016f od vozu, programov\u00e1n\u00ed kl\u00ed\u010d\u016f (&quot;sv\u00e1z\u00e1n\u00ed&quot; s vozem)  Odstran\u011bn\u00ed d\u0159\u00edve ztracen\u00fdch kl\u00ed\u010d\u016f z pam\u011bti vozidla  V\u00fdroba kl\u00ed\u010de zapalov\u00e1n\u00ed podle z\u00e1mku  Opravy kl\u00ed\u010d\u016f od automobil\u016f (v\u00fdm\u011bna tla\u010d\u00edtek, pl\u00e1\u0161\u0165\u016f, mechanism\u016f)  Nouzov\u00e9 odemyk\u00e1n\u00ed vozu  Obchodov\u00e1n\u00ed s kl\u00ed\u010di, pouzdry na kl\u00ed\u010de  Vypnut\u00ed softwaru DPF \/ FAP  Programov\u00e9 odstran\u011bn\u00ed EGR  Deaktivace softwaru imobiliz\u00e9ru (immo Off)  Oprava \u0159\u00eddic\u00ed jednotky motoru (ECU), klonov\u00e1n\u00ed, programov\u00e1n\u00ed  SRS (programov\u00e1n\u00ed \u0159\u00eddic\u00ed jednotky airbagu)  zbo\u017e\u00ed odesl\u00e1no do 3 pracovn\u00edch dn\u016f.*\" \/>\n<meta property=\"og:url\" content=\"https:\/\/keys-for-auto.eu\/cs\/product\/dalkove-ovladani-vhodne-pro-mitsubishi-se-tremi-tlacitky\/\" \/>\n<meta property=\"og:site_name\" content=\"Keys for auto\" \/>\n<meta property=\"article:publisher\" content=\"https:\/\/www.facebook.com\/KeysForAutoEU\" \/>\n<meta property=\"og:image\" content=\"https:\/\/keys-for-auto.eu\/wp-content\/uploads\/2022\/12\/Mitsubishi-3-mygtukai-pultelis-500x5001-removebg-preview.png\" \/>\n\t<meta property=\"og:image:width\" content=\"500\" \/>\n\t<meta property=\"og:image:height\" content=\"500\" \/>\n\t<meta property=\"og:image:type\" content=\"image\/png\" \/>\n<meta name=\"twitter:card\" content=\"summary_large_image\" \/>\n<meta name=\"twitter:label1\" content=\"Odhadovan\u00e1 doba \u010dten\u00ed\" \/>\n\t<meta name=\"twitter:data1\" content=\"2 minuty\" \/>\n<script type=\"application\/ld+json\" class=\"yoast-schema-graph\">{\"@context\":\"https:\\\/\\\/schema.org\",\"@graph\":[{\"@type\":[\"WebPage\",\"ItemPage\"],\"@id\":\"https:\\\/\\\/keys-for-auto.eu\\\/cs\\\/product\\\/dalkove-ovladani-vhodne-pro-mitsubishi-se-tremi-tlacitky\\\/\",\"url\":\"https:\\\/\\\/keys-for-auto.eu\\\/cs\\\/product\\\/dalkove-ovladani-vhodne-pro-mitsubishi-se-tremi-tlacitky\\\/\",\"name\":\"D\u00e1lkov\u00e9 ovl\u00e1d\u00e1n\u00ed - vhodn\u00e9 pro Mitsubishi, se 3 tla\u010d\u00edtky - Keys for auto\",\"isPartOf\":{\"@id\":\"https:\\\/\\\/keys-for-auto.eu\\\/cs\\\/#website\"},\"primaryImageOfPage\":{\"@id\":\"https:\\\/\\\/keys-for-auto.eu\\\/cs\\\/product\\\/dalkove-ovladani-vhodne-pro-mitsubishi-se-tremi-tlacitky\\\/#primaryimage\"},\"image\":{\"@id\":\"https:\\\/\\\/keys-for-auto.eu\\\/cs\\\/product\\\/dalkove-ovladani-vhodne-pro-mitsubishi-se-tremi-tlacitky\\\/#primaryimage\"},\"thumbnailUrl\":\"https:\\\/\\\/keys-for-auto.eu\\\/wp-content\\\/uploads\\\/2022\\\/12\\\/Mitsubishi-3-mygtukai-pultelis-500x5001-removebg-preview.png\",\"datePublished\":\"2016-04-02T10:13:10+00:00\",\"breadcrumb\":{\"@id\":\"https:\\\/\\\/keys-for-auto.eu\\\/cs\\\/product\\\/dalkove-ovladani-vhodne-pro-mitsubishi-se-tremi-tlacitky\\\/#breadcrumb\"},\"inLanguage\":\"cs\",\"potentialAction\":[{\"@type\":\"ReadAction\",\"target\":[\"https:\\\/\\\/keys-for-auto.eu\\\/cs\\\/product\\\/dalkove-ovladani-vhodne-pro-mitsubishi-se-tremi-tlacitky\\\/\"]}]},{\"@type\":\"ImageObject\",\"inLanguage\":\"cs\",\"@id\":\"https:\\\/\\\/keys-for-auto.eu\\\/cs\\\/product\\\/dalkove-ovladani-vhodne-pro-mitsubishi-se-tremi-tlacitky\\\/#primaryimage\",\"url\":\"https:\\\/\\\/keys-for-auto.eu\\\/wp-content\\\/uploads\\\/2022\\\/12\\\/Mitsubishi-3-mygtukai-pultelis-500x5001-removebg-preview.png\",\"contentUrl\":\"https:\\\/\\\/keys-for-auto.eu\\\/wp-content\\\/uploads\\\/2022\\\/12\\\/Mitsubishi-3-mygtukai-pultelis-500x5001-removebg-preview.png\",\"width\":500,\"height\":500},{\"@type\":\"BreadcrumbList\",\"@id\":\"https:\\\/\\\/keys-for-auto.eu\\\/cs\\\/product\\\/dalkove-ovladani-vhodne-pro-mitsubishi-se-tremi-tlacitky\\\/#breadcrumb\",\"itemListElement\":[{\"@type\":\"ListItem\",\"position\":1,\"name\":\"Home\",\"item\":\"https:\\\/\\\/keys-for-auto.eu\\\/cs\\\/\"},{\"@type\":\"ListItem\",\"position\":2,\"name\":\"Shop\",\"item\":\"https:\\\/\\\/keys-for-auto.eu\\\/\"},{\"@type\":\"ListItem\",\"position\":3,\"name\":\"D\u00e1lkov\u00e9 ovl\u00e1d\u00e1n\u00ed &#8211; vhodn\u00e9 pro Mitsubishi, se 3 tla\u010d\u00edtky\"}]},{\"@type\":\"WebSite\",\"@id\":\"https:\\\/\\\/keys-for-auto.eu\\\/cs\\\/#website\",\"url\":\"https:\\\/\\\/keys-for-auto.eu\\\/cs\\\/\",\"name\":\"Keys for auto\",\"description\":\"Car keys,  key shells, key programming\",\"publisher\":{\"@id\":\"https:\\\/\\\/keys-for-auto.eu\\\/cs\\\/#organization\"},\"potentialAction\":[{\"@type\":\"SearchAction\",\"target\":{\"@type\":\"EntryPoint\",\"urlTemplate\":\"https:\\\/\\\/keys-for-auto.eu\\\/cs\\\/?s={search_term_string}\"},\"query-input\":{\"@type\":\"PropertyValueSpecification\",\"valueRequired\":true,\"valueName\":\"search_term_string\"}}],\"inLanguage\":\"cs\"},{\"@type\":\"Organization\",\"@id\":\"https:\\\/\\\/keys-for-auto.eu\\\/cs\\\/#organization\",\"name\":\"Kl\u00ed\u010de pro auto\",\"url\":\"https:\\\/\\\/keys-for-auto.eu\\\/cs\\\/\",\"logo\":{\"@type\":\"ImageObject\",\"inLanguage\":\"cs\",\"@id\":\"https:\\\/\\\/keys-for-auto.eu\\\/cs\\\/#\\\/schema\\\/logo\\\/image\\\/\",\"url\":\"https:\\\/\\\/keys-for-auto.eu\\\/wp-content\\\/uploads\\\/2022\\\/11\\\/cropped-png1.png\",\"contentUrl\":\"https:\\\/\\\/keys-for-auto.eu\\\/wp-content\\\/uploads\\\/2022\\\/11\\\/cropped-png1.png\",\"width\":1000,\"height\":342,\"caption\":\"Kl\u00ed\u010de pro auto\"},\"image\":{\"@id\":\"https:\\\/\\\/keys-for-auto.eu\\\/cs\\\/#\\\/schema\\\/logo\\\/image\\\/\"},\"sameAs\":[\"https:\\\/\\\/www.facebook.com\\\/KeysForAutoEU\"]}]}<\/script>\n<!-- \/ Yoast SEO plugin. -->","yoast_head_json":{"title":"D\u00e1lkov\u00e9 ovl\u00e1d\u00e1n\u00ed - vhodn\u00e9 pro Mitsubishi, se 3 tla\u010d\u00edtky - Keys for auto","robots":{"index":"index","follow":"follow","max-snippet":"max-snippet:-1","max-image-preview":"max-image-preview:large","max-video-preview":"max-video-preview:-1"},"canonical":"https:\/\/keys-for-auto.eu\/cs\/product\/dalkove-ovladani-vhodne-pro-mitsubishi-se-tremi-tlacitky\/","og_locale":"cs_CZ","og_type":"article","og_title":"D\u00e1lkov\u00e9 ovl\u00e1d\u00e1n\u00ed - vhodn\u00e9 pro Mitsubishi, se 3 tla\u010d\u00edtky - Keys for auto","og_description":"D\u00e1lkov\u00e9 ovl\u00e1d\u00e1n\u00ed vhodn\u00e9 pro vozy Mitsubishi, se t\u0159emi tla\u010d\u00edtky. V\u00fdroba kl\u00ed\u010d\u016f od automobil\u016f  V\u00fdroba nov\u00fdch kl\u00ed\u010d\u016f od vozu, programov\u00e1n\u00ed kl\u00ed\u010d\u016f (\"sv\u00e1z\u00e1n\u00ed\" s vozem)  Odstran\u011bn\u00ed d\u0159\u00edve ztracen\u00fdch kl\u00ed\u010d\u016f z pam\u011bti vozidla  V\u00fdroba kl\u00ed\u010de zapalov\u00e1n\u00ed podle z\u00e1mku  Opravy kl\u00ed\u010d\u016f od automobil\u016f (v\u00fdm\u011bna tla\u010d\u00edtek, pl\u00e1\u0161\u0165\u016f, mechanism\u016f)  Nouzov\u00e9 odemyk\u00e1n\u00ed vozu  Obchodov\u00e1n\u00ed s kl\u00ed\u010di, pouzdry na kl\u00ed\u010de  Vypnut\u00ed softwaru DPF \/ FAP  Programov\u00e9 odstran\u011bn\u00ed EGR  Deaktivace softwaru imobiliz\u00e9ru (immo Off)  Oprava \u0159\u00eddic\u00ed jednotky motoru (ECU), klonov\u00e1n\u00ed, programov\u00e1n\u00ed  SRS (programov\u00e1n\u00ed \u0159\u00eddic\u00ed jednotky airbagu)  zbo\u017e\u00ed odesl\u00e1no do 3 pracovn\u00edch dn\u016f.*","og_url":"https:\/\/keys-for-auto.eu\/cs\/product\/dalkove-ovladani-vhodne-pro-mitsubishi-se-tremi-tlacitky\/","og_site_name":"Keys for auto","article_publisher":"https:\/\/www.facebook.com\/KeysForAutoEU","og_image":[{"width":500,"height":500,"url":"https:\/\/keys-for-auto.eu\/wp-content\/uploads\/2022\/12\/Mitsubishi-3-mygtukai-pultelis-500x5001-removebg-preview.png","type":"image\/png"}],"twitter_card":"summary_large_image","twitter_misc":{"Odhadovan\u00e1 doba \u010dten\u00ed":"2 minuty"},"schema":{"@context":"https:\/\/schema.org","@graph":[{"@type":["WebPage","ItemPage"],"@id":"https:\/\/keys-for-auto.eu\/cs\/product\/dalkove-ovladani-vhodne-pro-mitsubishi-se-tremi-tlacitky\/","url":"https:\/\/keys-for-auto.eu\/cs\/product\/dalkove-ovladani-vhodne-pro-mitsubishi-se-tremi-tlacitky\/","name":"D\u00e1lkov\u00e9 ovl\u00e1d\u00e1n\u00ed - vhodn\u00e9 pro Mitsubishi, se 3 tla\u010d\u00edtky - Keys for auto","isPartOf":{"@id":"https:\/\/keys-for-auto.eu\/cs\/#website"},"primaryImageOfPage":{"@id":"https:\/\/keys-for-auto.eu\/cs\/product\/dalkove-ovladani-vhodne-pro-mitsubishi-se-tremi-tlacitky\/#primaryimage"},"image":{"@id":"https:\/\/keys-for-auto.eu\/cs\/product\/dalkove-ovladani-vhodne-pro-mitsubishi-se-tremi-tlacitky\/#primaryimage"},"thumbnailUrl":"https:\/\/keys-for-auto.eu\/wp-content\/uploads\/2022\/12\/Mitsubishi-3-mygtukai-pultelis-500x5001-removebg-preview.png","datePublished":"2016-04-02T10:13:10+00:00","breadcrumb":{"@id":"https:\/\/keys-for-auto.eu\/cs\/product\/dalkove-ovladani-vhodne-pro-mitsubishi-se-tremi-tlacitky\/#breadcrumb"},"inLanguage":"cs","potentialAction":[{"@type":"ReadAction","target":["https:\/\/keys-for-auto.eu\/cs\/product\/dalkove-ovladani-vhodne-pro-mitsubishi-se-tremi-tlacitky\/"]}]},{"@type":"ImageObject","inLanguage":"cs","@id":"https:\/\/keys-for-auto.eu\/cs\/product\/dalkove-ovladani-vhodne-pro-mitsubishi-se-tremi-tlacitky\/#primaryimage","url":"https:\/\/keys-for-auto.eu\/wp-content\/uploads\/2022\/12\/Mitsubishi-3-mygtukai-pultelis-500x5001-removebg-preview.png","contentUrl":"https:\/\/keys-for-auto.eu\/wp-content\/uploads\/2022\/12\/Mitsubishi-3-mygtukai-pultelis-500x5001-removebg-preview.png","width":500,"height":500},{"@type":"BreadcrumbList","@id":"https:\/\/keys-for-auto.eu\/cs\/product\/dalkove-ovladani-vhodne-pro-mitsubishi-se-tremi-tlacitky\/#breadcrumb","itemListElement":[{"@type":"ListItem","position":1,"name":"Home","item":"https:\/\/keys-for-auto.eu\/cs\/"},{"@type":"ListItem","position":2,"name":"Shop","item":"https:\/\/keys-for-auto.eu\/"},{"@type":"ListItem","position":3,"name":"D\u00e1lkov\u00e9 ovl\u00e1d\u00e1n\u00ed &#8211; vhodn\u00e9 pro Mitsubishi, se 3 tla\u010d\u00edtky"}]},{"@type":"WebSite","@id":"https:\/\/keys-for-auto.eu\/cs\/#website","url":"https:\/\/keys-for-auto.eu\/cs\/","name":"Keys for auto","description":"Car keys,  key shells, key programming","publisher":{"@id":"https:\/\/keys-for-auto.eu\/cs\/#organization"},"potentialAction":[{"@type":"SearchAction","target":{"@type":"EntryPoint","urlTemplate":"https:\/\/keys-for-auto.eu\/cs\/?s={search_term_string}"},"query-input":{"@type":"PropertyValueSpecification","valueRequired":true,"valueName":"search_term_string"}}],"inLanguage":"cs"},{"@type":"Organization","@id":"https:\/\/keys-for-auto.eu\/cs\/#organization","name":"Kl\u00ed\u010de pro auto","url":"https:\/\/keys-for-auto.eu\/cs\/","logo":{"@type":"ImageObject","inLanguage":"cs","@id":"https:\/\/keys-for-auto.eu\/cs\/#\/schema\/logo\/image\/","url":"https:\/\/keys-for-auto.eu\/wp-content\/uploads\/2022\/11\/cropped-png1.png","contentUrl":"https:\/\/keys-for-auto.eu\/wp-content\/uploads\/2022\/11\/cropped-png1.png","width":1000,"height":342,"caption":"Kl\u00ed\u010de pro auto"},"image":{"@id":"https:\/\/keys-for-auto.eu\/cs\/#\/schema\/logo\/image\/"},"sameAs":["https:\/\/www.facebook.com\/KeysForAutoEU"]}]}},"_links":{"self":[{"href":"https:\/\/keys-for-auto.eu\/cs\/wp-json\/wp\/v2\/product\/21768","targetHints":{"allow":["GET"]}}],"collection":[{"href":"https:\/\/keys-for-auto.eu\/cs\/wp-json\/wp\/v2\/product"}],"about":[{"href":"https:\/\/keys-for-auto.eu\/cs\/wp-json\/wp\/v2\/types\/product"}],"replies":[{"embeddable":true,"href":"https:\/\/keys-for-auto.eu\/cs\/wp-json\/wp\/v2\/comments?post=21768"}],"wp:featuredmedia":[{"embeddable":true,"href":"https:\/\/keys-for-auto.eu\/cs\/wp-json\/wp\/v2\/media\/20949"}],"wp:attachment":[{"href":"https:\/\/keys-for-auto.eu\/cs\/wp-json\/wp\/v2\/media?parent=21768"}],"wp:term":[{"taxonomy":"product_brand","embeddable":true,"href":"https:\/\/keys-for-auto.eu\/cs\/wp-json\/wp\/v2\/product_brand?post=21768"},{"taxonomy":"product_cat","embeddable":true,"href":"https:\/\/keys-for-auto.eu\/cs\/wp-json\/wp\/v2\/product_cat?post=21768"},{"taxonomy":"product_tag","embeddable":true,"href":"https:\/\/keys-for-auto.eu\/cs\/wp-json\/wp\/v2\/product_tag?post=21768"}],"curies":[{"name":"wp","href":"https:\/\/api.w.org\/{rel}","templated":true}]}}