{"id":21736,"date":"2016-04-02T09:41:08","date_gmt":"2016-04-02T09:41:08","guid":{"rendered":"https:\/\/keys-for-auto.eu\/product\/transponderovy-klic-vhodny-pro-jeep-chrysler-dodge\/"},"modified":"2016-04-02T09:41:08","modified_gmt":"2016-04-02T09:41:08","slug":"transponder-klic-vhodny-pro-jeep-chrysler-dodge","status":"publish","type":"product","link":"https:\/\/keys-for-auto.eu\/cs\/product\/transponder-klic-vhodny-pro-jeep-chrysler-dodge\/","title":{"rendered":"Transpond\u00e9rov\u00fd kl\u00ed\u010d &#8211; vhodn\u00fd pro Jeep | Chrysler | Dodge"},"content":{"rendered":"<h2><strong>Transpond\u00e9rov\u00fd kl\u00ed\u010d vhodn\u00fd pro Jeep, Chrysler, Dodge<\/strong><\/h2>\n<p>P\u0159edstavujeme transpond\u00e9rov\u00fd kl\u00ed\u010d vhodn\u00fd pro vozy Jeep, Chrysler a Dodge.<\/p>\n<p>Transpond\u00e9rov\u00fd kl\u00ed\u010d je zvl\u00e1\u0161tn\u00ed t\u00edm, \u017ee z bezpe\u010dnostn\u00edch d\u016fvod\u016f je transpond\u00e9r zabudov\u00e1n do hlavy kl\u00ed\u010de (uvnit\u0159 kl\u00ed\u010de). Proto je mo\u017en\u00e9 zjistit, zda se jedn\u00e1 o transpond\u00e9rov\u00fd nebo norm\u00e1ln\u00ed kl\u00ed\u010d, pouze pomoc\u00ed speci\u00e1ln\u00edho za\u0159\u00edzen\u00ed. Dal\u0161\u00ed v\u011bc, kterou je t\u0159eba v\u011bd\u011bt o transpond\u00e9rov\u00fdch kl\u00ed\u010d\u00edch, je, \u017ee nemaj\u00ed trval\u00e9 nap\u00e1jen\u00ed. Tyto kl\u00ed\u010de pracuj\u00ed ve velmi mal\u00e9m rozsahu 1-10 cm. Proto je prakticky nemo\u017en\u00e9 vysledovat nebo skenovat jejich \u010dinnost.<\/p>\n<h3><strong>Programov\u00e1n\u00ed kl\u00ed\u010d\u016f<\/strong><\/h3>\n<p>Po zakoupen\u00ed transpond\u00e9rov\u00e9ho kl\u00ed\u010de je t\u0159eba kl\u00ed\u010d naprogramovat a p\u0159ipojit k vozidlu. Tuto slu\u017ebu si m\u016f\u017eete objednat tak\u00e9 u na\u0161\u00ed spole\u010dnosti. Programujeme kl\u00ed\u010de pro mnoho zna\u010dek automobil\u016f.<\/p>\n<p>Na\u0161i z\u00e1kazn\u00edci n\u00e1s oce\u0148uj\u00ed, proto\u017ee programov\u00e1n\u00ed kl\u00ed\u010d\u016f od vozidel u n\u00e1s prov\u00e1d\u00edme rychle a profesion\u00e1ln\u011b. Ka\u017ed\u00fd z\u00e1kazn\u00edk je pro n\u00e1s d\u016fle\u017eit\u00fd. Prodej a opravy autokl\u00ed\u010d\u016f a zapalovac\u00edch karet Renault jsou na\u0161\u00ed hlavn\u00ed \u010dinnost\u00ed. Okam\u017eit\u011b n\u00e1s kontaktujte a my vy\u0159e\u0161\u00edme v\u0161echny va\u0161e probl\u00e9my s kl\u00ed\u010di od auta!<\/p>\n<p>Dal\u0161\u00ed oblast\u00ed na\u0161\u00ed \u010dinnosti je nouzov\u00e9 odemyk\u00e1n\u00ed automobil\u016f. Pokud jste m\u011bli nehodu a zabouchli jste si kl\u00ed\u010de v aut\u011b, zavolejte n\u00e1m! A pokud se nem\u016f\u017eete dostat dovnit\u0159 z jak\u00e9hokoli jin\u00e9ho d\u016fvodu, pom\u016f\u017eeme v\u00e1m. Odemyk\u00e1n\u00ed aut ve Vilniusu a jeho regionu je k dispozici 24 hodin denn\u011b.<\/p>\n<p>N\u011bkte\u0159\u00ed \u0159idi\u010di se nechaj\u00ed odradit a sna\u017e\u00ed se odemknout zam\u010den\u00e9 auto sami. My, specialist\u00e9 na nouzov\u00e9 odemyk\u00e1n\u00ed, to v\u0161ak nedoporu\u010dujeme. Pokud se sna\u017e\u00edte pomoci, ubli\u017eujete t\u00edm jen sami sob\u011b. Mohlo by doj\u00edt k po\u0161kozen\u00ed z\u00e1mku. Na\u0161i technici jsou na p\u0159\u00edjmu se speci\u00e1ln\u00edm vybaven\u00edm. Nouzov\u00e9 odemknut\u00ed vozu tak bude provedeno bezpe\u010dn\u011b a rychle. V\u016fz m\u016f\u017eete op\u011bt pou\u017e\u00edvat jako d\u0159\u00edve.<\/p>\n","protected":false},"excerpt":{"rendered":"<p><em><strong>Pro vozy Chrysler, &#8211; kl\u00ed\u010dov\u00e1 schr\u00e1nka, vhodn\u00e1 pro:<\/strong><\/em><\/p>\n<p><em><strong>Chrysler<\/strong><\/em><\/p>\n<p><em><strong>Dodge<\/strong><\/em><\/p>\n<p><em><strong>Jeep<\/strong><\/em><\/p>\n<h3><strong>V\u00fdroba kl\u00ed\u010d\u016f od automobil\u016f<\/strong><\/h3>\n<ul>\n<li><strong>V\u00fdroba nov\u00fdch kl\u00ed\u010d\u016f od vozu, programov\u00e1n\u00ed kl\u00ed\u010d\u016f (&#8222;sv\u00e1z\u00e1n\u00ed&#8220; s vozem)<\/strong><\/li>\n<li><strong>Odstran\u011bn\u00ed d\u0159\u00edve ztracen\u00fdch kl\u00ed\u010d\u016f z pam\u011bti vozidla<\/strong><\/li>\n<li><strong>V\u00fdroba kl\u00ed\u010de zapalov\u00e1n\u00ed podle z\u00e1mku<\/strong><\/li>\n<li><strong>Opravy kl\u00ed\u010d\u016f od automobil\u016f (v\u00fdm\u011bna tla\u010d\u00edtek, pl\u00e1\u0161\u0165\u016f, mechanism\u016f)<\/strong><\/li>\n<li><strong>Nouzov\u00e9 odemyk\u00e1n\u00ed vozu<\/strong><\/li>\n<li><strong>Obchodov\u00e1n\u00ed s kl\u00ed\u010di, pouzdry na kl\u00ed\u010de<\/strong><\/li>\n<li><strong>Vypnut\u00ed softwaru DPF \/ FAP<\/strong><\/li>\n<li><strong>Programov\u00e9 odstran\u011bn\u00ed EGR<\/strong><\/li>\n<li><strong>Deaktivace softwaru imobiliz\u00e9ru (immo Off)<\/strong><\/li>\n<li><strong>Oprava \u0159\u00eddic\u00ed jednotky motoru (ECU), klonov\u00e1n\u00ed, programov\u00e1n\u00ed<\/strong><\/li>\n<li><strong>SRS (programov\u00e1n\u00ed \u0159\u00eddic\u00ed jednotky airbagu)<\/strong><\/li>\n<\/ul>\n<h4><strong>zbo\u017e\u00ed odesl\u00e1no do 3 pracovn\u00edch dn\u016f.*<\/strong><\/h4>\n<div id=\"gtx-trans\" style=\"position: absolute; left: -81px; top: 31px;\">\n<div class=\"gtx-trans-icon\"><\/div>\n<\/div>\n","protected":false},"featured_media":20655,"comment_status":"open","ping_status":"closed","template":"","meta":[],"product_brand":[],"product_cat":[4331,4350,4149],"product_tag":[4620,4337,4617],"class_list":{"0":"post-21736","1":"product","2":"type-product","3":"status-publish","4":"has-post-thumbnail","6":"product_cat-chrysler-cs","7":"product_cat-jeep-cs","8":"product_cat-klicove-skorapky-cs","9":"product_tag-klicova-schranka-jeep","10":"product_tag-kryt-klice-chrysler","11":"product_tag-plast-klice-dodge","13":"first","14":"instock","15":"sale","16":"shipping-taxable","17":"purchasable","18":"product-type-simple"},"yoast_head":"<!-- This site is optimized with the Yoast SEO plugin v27.3 - https:\/\/yoast.com\/product\/yoast-seo-wordpress\/ -->\n<title>Transpond\u00e9rov\u00fd kl\u00ed\u010d - vhodn\u00fd pro Jeep | Chrysler | Dodge - Keys for auto<\/title>\n<meta name=\"robots\" content=\"index, follow, max-snippet:-1, max-image-preview:large, max-video-preview:-1\" \/>\n<link rel=\"canonical\" href=\"https:\/\/keys-for-auto.eu\/cs\/product\/transponder-klic-vhodny-pro-jeep-chrysler-dodge\/\" \/>\n<meta property=\"og:locale\" content=\"cs_CZ\" \/>\n<meta property=\"og:type\" content=\"article\" \/>\n<meta property=\"og:title\" content=\"Transpond\u00e9rov\u00fd kl\u00ed\u010d - vhodn\u00fd pro Jeep | Chrysler | Dodge - Keys for auto\" \/>\n<meta property=\"og:description\" content=\"Pro vozy Chrysler, - kl\u00ed\u010dov\u00e1 schr\u00e1nka, vhodn\u00e1 pro: Chrysler Dodge Jeep V\u00fdroba kl\u00ed\u010d\u016f od automobil\u016f  V\u00fdroba nov\u00fdch kl\u00ed\u010d\u016f od vozu, programov\u00e1n\u00ed kl\u00ed\u010d\u016f (&quot;sv\u00e1z\u00e1n\u00ed&quot; s vozem)  Odstran\u011bn\u00ed d\u0159\u00edve ztracen\u00fdch kl\u00ed\u010d\u016f z pam\u011bti vozidla  V\u00fdroba kl\u00ed\u010de zapalov\u00e1n\u00ed podle z\u00e1mku  Opravy kl\u00ed\u010d\u016f od automobil\u016f (v\u00fdm\u011bna tla\u010d\u00edtek, pl\u00e1\u0161\u0165\u016f, mechanism\u016f)  Nouzov\u00e9 odemyk\u00e1n\u00ed vozu  Obchodov\u00e1n\u00ed s kl\u00ed\u010di, pouzdry na kl\u00ed\u010de  Vypnut\u00ed softwaru DPF \/ FAP  Programov\u00e9 odstran\u011bn\u00ed EGR  Deaktivace softwaru imobiliz\u00e9ru (immo Off)  Oprava \u0159\u00eddic\u00ed jednotky motoru (ECU), klonov\u00e1n\u00ed, programov\u00e1n\u00ed  SRS (programov\u00e1n\u00ed \u0159\u00eddic\u00ed jednotky airbagu) zbo\u017e\u00ed odesl\u00e1no do 3 pracovn\u00edch dn\u016f.*\" \/>\n<meta property=\"og:url\" content=\"https:\/\/keys-for-auto.eu\/cs\/product\/transponder-klic-vhodny-pro-jeep-chrysler-dodge\/\" \/>\n<meta property=\"og:site_name\" content=\"Keys for auto\" \/>\n<meta property=\"article:publisher\" content=\"https:\/\/www.facebook.com\/KeysForAutoEU\" \/>\n<meta property=\"og:image\" content=\"https:\/\/keys-for-auto.eu\/wp-content\/uploads\/2022\/12\/Chrysler-300M-Pt-Cruiser-Town-Country-Voyager-cipinis-500x500-removebg-preview.png\" \/>\n\t<meta property=\"og:image:width\" content=\"500\" \/>\n\t<meta property=\"og:image:height\" content=\"500\" \/>\n\t<meta property=\"og:image:type\" content=\"image\/png\" \/>\n<meta name=\"twitter:card\" content=\"summary_large_image\" \/>\n<meta name=\"twitter:label1\" content=\"Odhadovan\u00e1 doba \u010dten\u00ed\" \/>\n\t<meta name=\"twitter:data1\" content=\"2 minuty\" \/>\n<script type=\"application\/ld+json\" class=\"yoast-schema-graph\">{\"@context\":\"https:\\\/\\\/schema.org\",\"@graph\":[{\"@type\":[\"WebPage\",\"ItemPage\"],\"@id\":\"https:\\\/\\\/keys-for-auto.eu\\\/cs\\\/product\\\/transponder-klic-vhodny-pro-jeep-chrysler-dodge\\\/\",\"url\":\"https:\\\/\\\/keys-for-auto.eu\\\/cs\\\/product\\\/transponder-klic-vhodny-pro-jeep-chrysler-dodge\\\/\",\"name\":\"Transpond\u00e9rov\u00fd kl\u00ed\u010d - vhodn\u00fd pro Jeep | Chrysler | Dodge - Keys for auto\",\"isPartOf\":{\"@id\":\"https:\\\/\\\/keys-for-auto.eu\\\/cs\\\/#website\"},\"primaryImageOfPage\":{\"@id\":\"https:\\\/\\\/keys-for-auto.eu\\\/cs\\\/product\\\/transponder-klic-vhodny-pro-jeep-chrysler-dodge\\\/#primaryimage\"},\"image\":{\"@id\":\"https:\\\/\\\/keys-for-auto.eu\\\/cs\\\/product\\\/transponder-klic-vhodny-pro-jeep-chrysler-dodge\\\/#primaryimage\"},\"thumbnailUrl\":\"https:\\\/\\\/keys-for-auto.eu\\\/wp-content\\\/uploads\\\/2022\\\/12\\\/Chrysler-300M-Pt-Cruiser-Town-Country-Voyager-cipinis-500x500-removebg-preview.png\",\"datePublished\":\"2016-04-02T09:41:08+00:00\",\"breadcrumb\":{\"@id\":\"https:\\\/\\\/keys-for-auto.eu\\\/cs\\\/product\\\/transponder-klic-vhodny-pro-jeep-chrysler-dodge\\\/#breadcrumb\"},\"inLanguage\":\"cs\",\"potentialAction\":[{\"@type\":\"ReadAction\",\"target\":[\"https:\\\/\\\/keys-for-auto.eu\\\/cs\\\/product\\\/transponder-klic-vhodny-pro-jeep-chrysler-dodge\\\/\"]}]},{\"@type\":\"ImageObject\",\"inLanguage\":\"cs\",\"@id\":\"https:\\\/\\\/keys-for-auto.eu\\\/cs\\\/product\\\/transponder-klic-vhodny-pro-jeep-chrysler-dodge\\\/#primaryimage\",\"url\":\"https:\\\/\\\/keys-for-auto.eu\\\/wp-content\\\/uploads\\\/2022\\\/12\\\/Chrysler-300M-Pt-Cruiser-Town-Country-Voyager-cipinis-500x500-removebg-preview.png\",\"contentUrl\":\"https:\\\/\\\/keys-for-auto.eu\\\/wp-content\\\/uploads\\\/2022\\\/12\\\/Chrysler-300M-Pt-Cruiser-Town-Country-Voyager-cipinis-500x500-removebg-preview.png\",\"width\":500,\"height\":500},{\"@type\":\"BreadcrumbList\",\"@id\":\"https:\\\/\\\/keys-for-auto.eu\\\/cs\\\/product\\\/transponder-klic-vhodny-pro-jeep-chrysler-dodge\\\/#breadcrumb\",\"itemListElement\":[{\"@type\":\"ListItem\",\"position\":1,\"name\":\"Home\",\"item\":\"https:\\\/\\\/keys-for-auto.eu\\\/cs\\\/\"},{\"@type\":\"ListItem\",\"position\":2,\"name\":\"Shop\",\"item\":\"https:\\\/\\\/keys-for-auto.eu\\\/\"},{\"@type\":\"ListItem\",\"position\":3,\"name\":\"Transpond\u00e9rov\u00fd kl\u00ed\u010d &#8211; vhodn\u00fd pro Jeep | Chrysler | Dodge\"}]},{\"@type\":\"WebSite\",\"@id\":\"https:\\\/\\\/keys-for-auto.eu\\\/cs\\\/#website\",\"url\":\"https:\\\/\\\/keys-for-auto.eu\\\/cs\\\/\",\"name\":\"Keys for auto\",\"description\":\"Car keys,  key shells, key programming\",\"publisher\":{\"@id\":\"https:\\\/\\\/keys-for-auto.eu\\\/cs\\\/#organization\"},\"potentialAction\":[{\"@type\":\"SearchAction\",\"target\":{\"@type\":\"EntryPoint\",\"urlTemplate\":\"https:\\\/\\\/keys-for-auto.eu\\\/cs\\\/?s={search_term_string}\"},\"query-input\":{\"@type\":\"PropertyValueSpecification\",\"valueRequired\":true,\"valueName\":\"search_term_string\"}}],\"inLanguage\":\"cs\"},{\"@type\":\"Organization\",\"@id\":\"https:\\\/\\\/keys-for-auto.eu\\\/cs\\\/#organization\",\"name\":\"Kl\u00ed\u010de pro auto\",\"url\":\"https:\\\/\\\/keys-for-auto.eu\\\/cs\\\/\",\"logo\":{\"@type\":\"ImageObject\",\"inLanguage\":\"cs\",\"@id\":\"https:\\\/\\\/keys-for-auto.eu\\\/cs\\\/#\\\/schema\\\/logo\\\/image\\\/\",\"url\":\"https:\\\/\\\/keys-for-auto.eu\\\/wp-content\\\/uploads\\\/2022\\\/11\\\/cropped-png1.png\",\"contentUrl\":\"https:\\\/\\\/keys-for-auto.eu\\\/wp-content\\\/uploads\\\/2022\\\/11\\\/cropped-png1.png\",\"width\":1000,\"height\":342,\"caption\":\"Kl\u00ed\u010de pro auto\"},\"image\":{\"@id\":\"https:\\\/\\\/keys-for-auto.eu\\\/cs\\\/#\\\/schema\\\/logo\\\/image\\\/\"},\"sameAs\":[\"https:\\\/\\\/www.facebook.com\\\/KeysForAutoEU\"]}]}<\/script>\n<!-- \/ Yoast SEO plugin. -->","yoast_head_json":{"title":"Transpond\u00e9rov\u00fd kl\u00ed\u010d - vhodn\u00fd pro Jeep | Chrysler | Dodge - Keys for auto","robots":{"index":"index","follow":"follow","max-snippet":"max-snippet:-1","max-image-preview":"max-image-preview:large","max-video-preview":"max-video-preview:-1"},"canonical":"https:\/\/keys-for-auto.eu\/cs\/product\/transponder-klic-vhodny-pro-jeep-chrysler-dodge\/","og_locale":"cs_CZ","og_type":"article","og_title":"Transpond\u00e9rov\u00fd kl\u00ed\u010d - vhodn\u00fd pro Jeep | Chrysler | Dodge - Keys for auto","og_description":"Pro vozy Chrysler, - kl\u00ed\u010dov\u00e1 schr\u00e1nka, vhodn\u00e1 pro: Chrysler Dodge Jeep V\u00fdroba kl\u00ed\u010d\u016f od automobil\u016f  V\u00fdroba nov\u00fdch kl\u00ed\u010d\u016f od vozu, programov\u00e1n\u00ed kl\u00ed\u010d\u016f (\"sv\u00e1z\u00e1n\u00ed\" s vozem)  Odstran\u011bn\u00ed d\u0159\u00edve ztracen\u00fdch kl\u00ed\u010d\u016f z pam\u011bti vozidla  V\u00fdroba kl\u00ed\u010de zapalov\u00e1n\u00ed podle z\u00e1mku  Opravy kl\u00ed\u010d\u016f od automobil\u016f (v\u00fdm\u011bna tla\u010d\u00edtek, pl\u00e1\u0161\u0165\u016f, mechanism\u016f)  Nouzov\u00e9 odemyk\u00e1n\u00ed vozu  Obchodov\u00e1n\u00ed s kl\u00ed\u010di, pouzdry na kl\u00ed\u010de  Vypnut\u00ed softwaru DPF \/ FAP  Programov\u00e9 odstran\u011bn\u00ed EGR  Deaktivace softwaru imobiliz\u00e9ru (immo Off)  Oprava \u0159\u00eddic\u00ed jednotky motoru (ECU), klonov\u00e1n\u00ed, programov\u00e1n\u00ed  SRS (programov\u00e1n\u00ed \u0159\u00eddic\u00ed jednotky airbagu) zbo\u017e\u00ed odesl\u00e1no do 3 pracovn\u00edch dn\u016f.*","og_url":"https:\/\/keys-for-auto.eu\/cs\/product\/transponder-klic-vhodny-pro-jeep-chrysler-dodge\/","og_site_name":"Keys for auto","article_publisher":"https:\/\/www.facebook.com\/KeysForAutoEU","og_image":[{"width":500,"height":500,"url":"https:\/\/keys-for-auto.eu\/wp-content\/uploads\/2022\/12\/Chrysler-300M-Pt-Cruiser-Town-Country-Voyager-cipinis-500x500-removebg-preview.png","type":"image\/png"}],"twitter_card":"summary_large_image","twitter_misc":{"Odhadovan\u00e1 doba \u010dten\u00ed":"2 minuty"},"schema":{"@context":"https:\/\/schema.org","@graph":[{"@type":["WebPage","ItemPage"],"@id":"https:\/\/keys-for-auto.eu\/cs\/product\/transponder-klic-vhodny-pro-jeep-chrysler-dodge\/","url":"https:\/\/keys-for-auto.eu\/cs\/product\/transponder-klic-vhodny-pro-jeep-chrysler-dodge\/","name":"Transpond\u00e9rov\u00fd kl\u00ed\u010d - vhodn\u00fd pro Jeep | Chrysler | Dodge - Keys for auto","isPartOf":{"@id":"https:\/\/keys-for-auto.eu\/cs\/#website"},"primaryImageOfPage":{"@id":"https:\/\/keys-for-auto.eu\/cs\/product\/transponder-klic-vhodny-pro-jeep-chrysler-dodge\/#primaryimage"},"image":{"@id":"https:\/\/keys-for-auto.eu\/cs\/product\/transponder-klic-vhodny-pro-jeep-chrysler-dodge\/#primaryimage"},"thumbnailUrl":"https:\/\/keys-for-auto.eu\/wp-content\/uploads\/2022\/12\/Chrysler-300M-Pt-Cruiser-Town-Country-Voyager-cipinis-500x500-removebg-preview.png","datePublished":"2016-04-02T09:41:08+00:00","breadcrumb":{"@id":"https:\/\/keys-for-auto.eu\/cs\/product\/transponder-klic-vhodny-pro-jeep-chrysler-dodge\/#breadcrumb"},"inLanguage":"cs","potentialAction":[{"@type":"ReadAction","target":["https:\/\/keys-for-auto.eu\/cs\/product\/transponder-klic-vhodny-pro-jeep-chrysler-dodge\/"]}]},{"@type":"ImageObject","inLanguage":"cs","@id":"https:\/\/keys-for-auto.eu\/cs\/product\/transponder-klic-vhodny-pro-jeep-chrysler-dodge\/#primaryimage","url":"https:\/\/keys-for-auto.eu\/wp-content\/uploads\/2022\/12\/Chrysler-300M-Pt-Cruiser-Town-Country-Voyager-cipinis-500x500-removebg-preview.png","contentUrl":"https:\/\/keys-for-auto.eu\/wp-content\/uploads\/2022\/12\/Chrysler-300M-Pt-Cruiser-Town-Country-Voyager-cipinis-500x500-removebg-preview.png","width":500,"height":500},{"@type":"BreadcrumbList","@id":"https:\/\/keys-for-auto.eu\/cs\/product\/transponder-klic-vhodny-pro-jeep-chrysler-dodge\/#breadcrumb","itemListElement":[{"@type":"ListItem","position":1,"name":"Home","item":"https:\/\/keys-for-auto.eu\/cs\/"},{"@type":"ListItem","position":2,"name":"Shop","item":"https:\/\/keys-for-auto.eu\/"},{"@type":"ListItem","position":3,"name":"Transpond\u00e9rov\u00fd kl\u00ed\u010d &#8211; vhodn\u00fd pro Jeep | Chrysler | Dodge"}]},{"@type":"WebSite","@id":"https:\/\/keys-for-auto.eu\/cs\/#website","url":"https:\/\/keys-for-auto.eu\/cs\/","name":"Keys for auto","description":"Car keys,  key shells, key programming","publisher":{"@id":"https:\/\/keys-for-auto.eu\/cs\/#organization"},"potentialAction":[{"@type":"SearchAction","target":{"@type":"EntryPoint","urlTemplate":"https:\/\/keys-for-auto.eu\/cs\/?s={search_term_string}"},"query-input":{"@type":"PropertyValueSpecification","valueRequired":true,"valueName":"search_term_string"}}],"inLanguage":"cs"},{"@type":"Organization","@id":"https:\/\/keys-for-auto.eu\/cs\/#organization","name":"Kl\u00ed\u010de pro auto","url":"https:\/\/keys-for-auto.eu\/cs\/","logo":{"@type":"ImageObject","inLanguage":"cs","@id":"https:\/\/keys-for-auto.eu\/cs\/#\/schema\/logo\/image\/","url":"https:\/\/keys-for-auto.eu\/wp-content\/uploads\/2022\/11\/cropped-png1.png","contentUrl":"https:\/\/keys-for-auto.eu\/wp-content\/uploads\/2022\/11\/cropped-png1.png","width":1000,"height":342,"caption":"Kl\u00ed\u010de pro auto"},"image":{"@id":"https:\/\/keys-for-auto.eu\/cs\/#\/schema\/logo\/image\/"},"sameAs":["https:\/\/www.facebook.com\/KeysForAutoEU"]}]}},"_links":{"self":[{"href":"https:\/\/keys-for-auto.eu\/cs\/wp-json\/wp\/v2\/product\/21736","targetHints":{"allow":["GET"]}}],"collection":[{"href":"https:\/\/keys-for-auto.eu\/cs\/wp-json\/wp\/v2\/product"}],"about":[{"href":"https:\/\/keys-for-auto.eu\/cs\/wp-json\/wp\/v2\/types\/product"}],"replies":[{"embeddable":true,"href":"https:\/\/keys-for-auto.eu\/cs\/wp-json\/wp\/v2\/comments?post=21736"}],"wp:featuredmedia":[{"embeddable":true,"href":"https:\/\/keys-for-auto.eu\/cs\/wp-json\/wp\/v2\/media\/20655"}],"wp:attachment":[{"href":"https:\/\/keys-for-auto.eu\/cs\/wp-json\/wp\/v2\/media?parent=21736"}],"wp:term":[{"taxonomy":"product_brand","embeddable":true,"href":"https:\/\/keys-for-auto.eu\/cs\/wp-json\/wp\/v2\/product_brand?post=21736"},{"taxonomy":"product_cat","embeddable":true,"href":"https:\/\/keys-for-auto.eu\/cs\/wp-json\/wp\/v2\/product_cat?post=21736"},{"taxonomy":"product_tag","embeddable":true,"href":"https:\/\/keys-for-auto.eu\/cs\/wp-json\/wp\/v2\/product_tag?post=21736"}],"curies":[{"name":"wp","href":"https:\/\/api.w.org\/{rel}","templated":true}]}}