{"id":21712,"date":"2016-04-02T09:55:00","date_gmt":"2016-04-02T09:55:00","guid":{"rendered":"https:\/\/keys-for-auto.eu\/product\/vhodne-pro-mazda-dvoutlacitko-horni-cast-plaste-klice-bez-cepele-klice\/"},"modified":"2016-04-02T09:55:00","modified_gmt":"2016-04-02T09:55:00","slug":"vhodne-pro-mazda-dva-tlacitka-horni-cast-klice-bez-klicove-cepele","status":"publish","type":"product","link":"https:\/\/keys-for-auto.eu\/cs\/product\/vhodne-pro-mazda-dva-tlacitka-horni-cast-klice-bez-klicove-cepele\/","title":{"rendered":"Vhodn\u00e9 pro Mazda &#8211; dvoutla\u010d\u00edtko, horn\u00ed \u010d\u00e1st pl\u00e1\u0161t\u011b kl\u00ed\u010de (bez \u010depele kl\u00ed\u010de)"},"content":{"rendered":"<h2><strong>Vhodn\u00e9 pro Mazda &#8211; dvoutla\u010d\u00edtko, horn\u00ed \u010d\u00e1st pl\u00e1\u0161t\u011b kl\u00ed\u010de (bez \u010depele kl\u00ed\u010de)<\/strong><\/h2>\n<p>P\u0159edstavujeme horn\u00ed \u010d\u00e1st dvoutla\u010d\u00edtkov\u00e9ho pouzdra kl\u00ed\u010de bez \u010depele pro model Mazda. Je vhodn\u00fd pro modely Mazda s dvoutla\u010d\u00edtkov\u00fdm kl\u00ed\u010dem.<\/p>\n<p>Kl\u00ed\u010dov\u00e9 schr\u00e1nky jsou d\u016fle\u017eit\u00e9, aby v\u00e1m kl\u00ed\u010d spr\u00e1vn\u011b slou\u017eil. M\u011bly by b\u00fdt v dobr\u00e9m stavu, neporu\u0161en\u00e9, ne\u0161t\u00edpnut\u00e9 ani jinak po\u0161kozen\u00e9. Nab\u00edz\u00edme proto cenov\u011b dostupnou n\u00e1hradu va\u0161eho star\u00e9ho pouzdra na kl\u00ed\u010de Mazda. Je v\u0161ak d\u016fle\u017eit\u00e9 si uv\u011bdomit, \u017ee programov\u00e1n\u00ed kl\u00ed\u010d\u016f od auta je tak\u00e9 nezbytn\u00e9 pro kvalitn\u00ed provoz va\u0161eho vozu. Krom\u011b prodeje kl\u00ed\u010dov\u00fdch sk\u0159\u00edn\u00ed a kl\u00ed\u010d\u016f na d\u00e1lkov\u00e9 ovl\u00e1d\u00e1n\u00ed tak\u00e9 programujeme kl\u00ed\u010de.<\/p>\n<p>D\u011bl\u00e1me to rychle, profesion\u00e1ln\u011b a kvalitn\u011b a na na\u0161i pr\u00e1ci a v\u00fdrobky poskytujeme z\u00e1ruku, proto\u017ee si v\u00e1\u017e\u00edme z\u00e1kazn\u00edka a zast\u00e1v\u00e1me n\u00e1zor, \u017ee ka\u017ed\u00fd prod\u00e1van\u00fd v\u00fdrobek nebo slu\u017eba mus\u00ed m\u00edt certifik\u00e1t kvality. Nebo snad vlastn\u00edte Renault i Mazdu, p\u0159\u00edpadn\u011b uva\u017eujete o koupi tohoto francouzsk\u00e9ho krasavce v budoucnu? I s t\u00edm v\u00e1m m\u016f\u017eeme pomoci, proto\u017ee prod\u00e1v\u00e1me karty zapalov\u00e1n\u00ed Renault a m\u016f\u017eeme je do va\u0161eho vozu namontovat a opravit.<\/p>\n<p>Programujeme kl\u00ed\u010de . D\u011bl\u00e1me to zodpov\u011bdn\u011b a s \u00factou k na\u0161\u00ed profesi. Na\u0161i technici se neust\u00e1le zdokonaluj\u00ed na semin\u00e1\u0159\u00edch a kurzech kl\u00ed\u010dov\u00fdch v\u00fdrobc\u016f. Technologie pou\u017e\u00edvan\u00e9 p\u0159i na\u0161\u00ed pr\u00e1ci se tak\u00e9 neust\u00e1le zdokonaluj\u00ed, aby bylo zaji\u0161t\u011bno, \u017ee programov\u00e1n\u00ed kl\u00ed\u010d\u016f od automobil\u016f bude prov\u00e1d\u011bno kvalitn\u011b a efektivn\u011b.<\/p>\n<p>V\u00fdroba kl\u00ed\u010d\u016f se st\u00e1v\u00e1 st\u00e1le obl\u00edben\u011bj\u0161\u00ed slu\u017ebou. Proto je d\u016fle\u017eit\u00e9, abyste p\u0159i v\u00fdb\u011bru neud\u011blali chybu. Pokud pot\u0159ebujete novou sk\u0159\u00ed\u0148ku na kl\u00ed\u010de, kl\u00ed\u010d na d\u00e1lkov\u00e9 ovl\u00e1d\u00e1n\u00ed nebo si chcete nechat naprogramovat kl\u00ed\u010de od auta, spolehn\u011bte se na n\u00e1s! Jsme tu, abychom v\u00e1m pomohli!<\/p>\n","protected":false},"excerpt":{"rendered":"<p><em><strong>Vhodn\u00e9 pro modely Mazda s dvoutla\u010d\u00edtkov\u00fdmi kl\u00ed\u010di.<\/strong><\/em><\/p>\n<h3><strong>V\u00fdroba kl\u00ed\u010d\u016f od automobil\u016f<\/strong><\/h3>\n<ul>\n<li><strong>V\u00fdroba nov\u00fdch kl\u00ed\u010d\u016f od vozu, programov\u00e1n\u00ed kl\u00ed\u010d\u016f (&#8222;sv\u00e1z\u00e1n\u00ed&#8220; s vozem)<\/strong><\/li>\n<li><strong>Odstran\u011bn\u00ed d\u0159\u00edve ztracen\u00fdch kl\u00ed\u010d\u016f z pam\u011bti vozidla<\/strong><\/li>\n<li><strong>V\u00fdroba kl\u00ed\u010de zapalov\u00e1n\u00ed podle z\u00e1mku<\/strong><\/li>\n<li><strong>Opravy kl\u00ed\u010d\u016f od automobil\u016f (v\u00fdm\u011bna tla\u010d\u00edtek, pl\u00e1\u0161\u0165\u016f, mechanism\u016f)<\/strong><\/li>\n<li><strong>Nouzov\u00e9 odemyk\u00e1n\u00ed vozu<\/strong><\/li>\n<li><strong>Obchodov\u00e1n\u00ed s kl\u00ed\u010di, pouzdry na kl\u00ed\u010de<\/strong><\/li>\n<li><strong>Vypnut\u00ed softwaru DPF \/ FAP<\/strong><\/li>\n<li><strong>Programov\u00e9 odstran\u011bn\u00ed EGR<\/strong><\/li>\n<li><strong>Deaktivace softwaru imobiliz\u00e9ru (immo Off)<\/strong><\/li>\n<li><strong>Oprava \u0159\u00eddic\u00ed jednotky motoru (ECU), klonov\u00e1n\u00ed, programov\u00e1n\u00ed<\/strong><\/li>\n<li><strong>SRS (programov\u00e1n\u00ed \u0159\u00eddic\u00ed jednotky airbagu)<\/strong><\/li>\n<\/ul>\n<h4><strong>  zbo\u017e\u00ed odesl\u00e1no do 3 pracovn\u00edch dn\u016f.*<\/strong><\/h4>\n","protected":false},"featured_media":20919,"comment_status":"open","ping_status":"closed","template":"","meta":[],"product_brand":[],"product_cat":[4149,4558],"product_tag":[4562,4568],"class_list":{"0":"post-21712","1":"product","2":"type-product","3":"status-publish","4":"has-post-thumbnail","6":"product_cat-klicove-skorapky-cs","7":"product_cat-mazda-cs","8":"product_tag-kryt-klice-mazda","9":"product_tag-kryt-klice-mazda-3","11":"first","12":"instock","13":"sale","14":"shipping-taxable","15":"purchasable","16":"product-type-simple"},"yoast_head":"<!-- This site is optimized with the Yoast SEO plugin v27.3 - https:\/\/yoast.com\/product\/yoast-seo-wordpress\/ -->\n<title>Vhodn\u00e9 pro Mazda - dvoutla\u010d\u00edtko, horn\u00ed \u010d\u00e1st pl\u00e1\u0161t\u011b kl\u00ed\u010de (bez \u010depele kl\u00ed\u010de) - Keys for auto<\/title>\n<meta name=\"robots\" content=\"index, follow, max-snippet:-1, max-image-preview:large, max-video-preview:-1\" \/>\n<link rel=\"canonical\" href=\"https:\/\/keys-for-auto.eu\/cs\/product\/vhodne-pro-mazda-dva-tlacitka-horni-cast-klice-bez-klicove-cepele\/\" \/>\n<meta property=\"og:locale\" content=\"cs_CZ\" \/>\n<meta property=\"og:type\" content=\"article\" \/>\n<meta property=\"og:title\" content=\"Vhodn\u00e9 pro Mazda - dvoutla\u010d\u00edtko, horn\u00ed \u010d\u00e1st pl\u00e1\u0161t\u011b kl\u00ed\u010de (bez \u010depele kl\u00ed\u010de) - Keys for auto\" \/>\n<meta property=\"og:description\" content=\"Vhodn\u00e9 pro modely Mazda s dvoutla\u010d\u00edtkov\u00fdmi kl\u00ed\u010di. V\u00fdroba kl\u00ed\u010d\u016f od automobil\u016f  V\u00fdroba nov\u00fdch kl\u00ed\u010d\u016f od vozu, programov\u00e1n\u00ed kl\u00ed\u010d\u016f (&quot;sv\u00e1z\u00e1n\u00ed&quot; s vozem)  Odstran\u011bn\u00ed d\u0159\u00edve ztracen\u00fdch kl\u00ed\u010d\u016f z pam\u011bti vozidla  V\u00fdroba kl\u00ed\u010de zapalov\u00e1n\u00ed podle z\u00e1mku  Opravy kl\u00ed\u010d\u016f od automobil\u016f (v\u00fdm\u011bna tla\u010d\u00edtek, pl\u00e1\u0161\u0165\u016f, mechanism\u016f)  Nouzov\u00e9 odemyk\u00e1n\u00ed vozu  Obchodov\u00e1n\u00ed s kl\u00ed\u010di, pouzdry na kl\u00ed\u010de  Vypnut\u00ed softwaru DPF \/ FAP  Programov\u00e9 odstran\u011bn\u00ed EGR  Deaktivace softwaru imobiliz\u00e9ru (immo Off)  Oprava \u0159\u00eddic\u00ed jednotky motoru (ECU), klonov\u00e1n\u00ed, programov\u00e1n\u00ed  SRS (programov\u00e1n\u00ed \u0159\u00eddic\u00ed jednotky airbagu)  zbo\u017e\u00ed odesl\u00e1no do 3 pracovn\u00edch dn\u016f.*\" \/>\n<meta property=\"og:url\" content=\"https:\/\/keys-for-auto.eu\/cs\/product\/vhodne-pro-mazda-dva-tlacitka-horni-cast-klice-bez-klicove-cepele\/\" \/>\n<meta property=\"og:site_name\" content=\"Keys for auto\" \/>\n<meta property=\"article:publisher\" content=\"https:\/\/www.facebook.com\/KeysForAutoEU\" \/>\n<meta property=\"og:image\" content=\"https:\/\/keys-for-auto.eu\/wp-content\/uploads\/2022\/12\/Mazda-3-Key-FOB-Remote-Case-2-mygtukai-500x5001__1_-removebg-preview.png\" \/>\n\t<meta property=\"og:image:width\" content=\"500\" \/>\n\t<meta property=\"og:image:height\" content=\"500\" \/>\n\t<meta property=\"og:image:type\" content=\"image\/png\" \/>\n<meta name=\"twitter:card\" content=\"summary_large_image\" \/>\n<meta name=\"twitter:label1\" content=\"Odhadovan\u00e1 doba \u010dten\u00ed\" \/>\n\t<meta name=\"twitter:data1\" content=\"2 minuty\" \/>\n<script type=\"application\/ld+json\" class=\"yoast-schema-graph\">{\"@context\":\"https:\\\/\\\/schema.org\",\"@graph\":[{\"@type\":[\"WebPage\",\"ItemPage\"],\"@id\":\"https:\\\/\\\/keys-for-auto.eu\\\/cs\\\/product\\\/vhodne-pro-mazda-dva-tlacitka-horni-cast-klice-bez-klicove-cepele\\\/\",\"url\":\"https:\\\/\\\/keys-for-auto.eu\\\/cs\\\/product\\\/vhodne-pro-mazda-dva-tlacitka-horni-cast-klice-bez-klicove-cepele\\\/\",\"name\":\"Vhodn\u00e9 pro Mazda - dvoutla\u010d\u00edtko, horn\u00ed \u010d\u00e1st pl\u00e1\u0161t\u011b kl\u00ed\u010de (bez \u010depele kl\u00ed\u010de) - Keys for auto\",\"isPartOf\":{\"@id\":\"https:\\\/\\\/keys-for-auto.eu\\\/cs\\\/#website\"},\"primaryImageOfPage\":{\"@id\":\"https:\\\/\\\/keys-for-auto.eu\\\/cs\\\/product\\\/vhodne-pro-mazda-dva-tlacitka-horni-cast-klice-bez-klicove-cepele\\\/#primaryimage\"},\"image\":{\"@id\":\"https:\\\/\\\/keys-for-auto.eu\\\/cs\\\/product\\\/vhodne-pro-mazda-dva-tlacitka-horni-cast-klice-bez-klicove-cepele\\\/#primaryimage\"},\"thumbnailUrl\":\"https:\\\/\\\/keys-for-auto.eu\\\/wp-content\\\/uploads\\\/2022\\\/12\\\/Mazda-3-Key-FOB-Remote-Case-2-mygtukai-500x5001__1_-removebg-preview.png\",\"datePublished\":\"2016-04-02T09:55:00+00:00\",\"breadcrumb\":{\"@id\":\"https:\\\/\\\/keys-for-auto.eu\\\/cs\\\/product\\\/vhodne-pro-mazda-dva-tlacitka-horni-cast-klice-bez-klicove-cepele\\\/#breadcrumb\"},\"inLanguage\":\"cs\",\"potentialAction\":[{\"@type\":\"ReadAction\",\"target\":[\"https:\\\/\\\/keys-for-auto.eu\\\/cs\\\/product\\\/vhodne-pro-mazda-dva-tlacitka-horni-cast-klice-bez-klicove-cepele\\\/\"]}]},{\"@type\":\"ImageObject\",\"inLanguage\":\"cs\",\"@id\":\"https:\\\/\\\/keys-for-auto.eu\\\/cs\\\/product\\\/vhodne-pro-mazda-dva-tlacitka-horni-cast-klice-bez-klicove-cepele\\\/#primaryimage\",\"url\":\"https:\\\/\\\/keys-for-auto.eu\\\/wp-content\\\/uploads\\\/2022\\\/12\\\/Mazda-3-Key-FOB-Remote-Case-2-mygtukai-500x5001__1_-removebg-preview.png\",\"contentUrl\":\"https:\\\/\\\/keys-for-auto.eu\\\/wp-content\\\/uploads\\\/2022\\\/12\\\/Mazda-3-Key-FOB-Remote-Case-2-mygtukai-500x5001__1_-removebg-preview.png\",\"width\":500,\"height\":500},{\"@type\":\"BreadcrumbList\",\"@id\":\"https:\\\/\\\/keys-for-auto.eu\\\/cs\\\/product\\\/vhodne-pro-mazda-dva-tlacitka-horni-cast-klice-bez-klicove-cepele\\\/#breadcrumb\",\"itemListElement\":[{\"@type\":\"ListItem\",\"position\":1,\"name\":\"Home\",\"item\":\"https:\\\/\\\/keys-for-auto.eu\\\/cs\\\/\"},{\"@type\":\"ListItem\",\"position\":2,\"name\":\"Shop\",\"item\":\"https:\\\/\\\/keys-for-auto.eu\\\/\"},{\"@type\":\"ListItem\",\"position\":3,\"name\":\"Vhodn\u00e9 pro Mazda &#8211; dvoutla\u010d\u00edtko, horn\u00ed \u010d\u00e1st pl\u00e1\u0161t\u011b kl\u00ed\u010de (bez \u010depele kl\u00ed\u010de)\"}]},{\"@type\":\"WebSite\",\"@id\":\"https:\\\/\\\/keys-for-auto.eu\\\/cs\\\/#website\",\"url\":\"https:\\\/\\\/keys-for-auto.eu\\\/cs\\\/\",\"name\":\"Keys for auto\",\"description\":\"Car keys,  key shells, key programming\",\"publisher\":{\"@id\":\"https:\\\/\\\/keys-for-auto.eu\\\/cs\\\/#organization\"},\"potentialAction\":[{\"@type\":\"SearchAction\",\"target\":{\"@type\":\"EntryPoint\",\"urlTemplate\":\"https:\\\/\\\/keys-for-auto.eu\\\/cs\\\/?s={search_term_string}\"},\"query-input\":{\"@type\":\"PropertyValueSpecification\",\"valueRequired\":true,\"valueName\":\"search_term_string\"}}],\"inLanguage\":\"cs\"},{\"@type\":\"Organization\",\"@id\":\"https:\\\/\\\/keys-for-auto.eu\\\/cs\\\/#organization\",\"name\":\"Kl\u00ed\u010de pro auto\",\"url\":\"https:\\\/\\\/keys-for-auto.eu\\\/cs\\\/\",\"logo\":{\"@type\":\"ImageObject\",\"inLanguage\":\"cs\",\"@id\":\"https:\\\/\\\/keys-for-auto.eu\\\/cs\\\/#\\\/schema\\\/logo\\\/image\\\/\",\"url\":\"https:\\\/\\\/keys-for-auto.eu\\\/wp-content\\\/uploads\\\/2022\\\/11\\\/cropped-png1.png\",\"contentUrl\":\"https:\\\/\\\/keys-for-auto.eu\\\/wp-content\\\/uploads\\\/2022\\\/11\\\/cropped-png1.png\",\"width\":1000,\"height\":342,\"caption\":\"Kl\u00ed\u010de pro auto\"},\"image\":{\"@id\":\"https:\\\/\\\/keys-for-auto.eu\\\/cs\\\/#\\\/schema\\\/logo\\\/image\\\/\"},\"sameAs\":[\"https:\\\/\\\/www.facebook.com\\\/KeysForAutoEU\"]}]}<\/script>\n<!-- \/ Yoast SEO plugin. -->","yoast_head_json":{"title":"Vhodn\u00e9 pro Mazda - dvoutla\u010d\u00edtko, horn\u00ed \u010d\u00e1st pl\u00e1\u0161t\u011b kl\u00ed\u010de (bez \u010depele kl\u00ed\u010de) - Keys for auto","robots":{"index":"index","follow":"follow","max-snippet":"max-snippet:-1","max-image-preview":"max-image-preview:large","max-video-preview":"max-video-preview:-1"},"canonical":"https:\/\/keys-for-auto.eu\/cs\/product\/vhodne-pro-mazda-dva-tlacitka-horni-cast-klice-bez-klicove-cepele\/","og_locale":"cs_CZ","og_type":"article","og_title":"Vhodn\u00e9 pro Mazda - dvoutla\u010d\u00edtko, horn\u00ed \u010d\u00e1st pl\u00e1\u0161t\u011b kl\u00ed\u010de (bez \u010depele kl\u00ed\u010de) - Keys for auto","og_description":"Vhodn\u00e9 pro modely Mazda s dvoutla\u010d\u00edtkov\u00fdmi kl\u00ed\u010di. V\u00fdroba kl\u00ed\u010d\u016f od automobil\u016f  V\u00fdroba nov\u00fdch kl\u00ed\u010d\u016f od vozu, programov\u00e1n\u00ed kl\u00ed\u010d\u016f (\"sv\u00e1z\u00e1n\u00ed\" s vozem)  Odstran\u011bn\u00ed d\u0159\u00edve ztracen\u00fdch kl\u00ed\u010d\u016f z pam\u011bti vozidla  V\u00fdroba kl\u00ed\u010de zapalov\u00e1n\u00ed podle z\u00e1mku  Opravy kl\u00ed\u010d\u016f od automobil\u016f (v\u00fdm\u011bna tla\u010d\u00edtek, pl\u00e1\u0161\u0165\u016f, mechanism\u016f)  Nouzov\u00e9 odemyk\u00e1n\u00ed vozu  Obchodov\u00e1n\u00ed s kl\u00ed\u010di, pouzdry na kl\u00ed\u010de  Vypnut\u00ed softwaru DPF \/ FAP  Programov\u00e9 odstran\u011bn\u00ed EGR  Deaktivace softwaru imobiliz\u00e9ru (immo Off)  Oprava \u0159\u00eddic\u00ed jednotky motoru (ECU), klonov\u00e1n\u00ed, programov\u00e1n\u00ed  SRS (programov\u00e1n\u00ed \u0159\u00eddic\u00ed jednotky airbagu)  zbo\u017e\u00ed odesl\u00e1no do 3 pracovn\u00edch dn\u016f.*","og_url":"https:\/\/keys-for-auto.eu\/cs\/product\/vhodne-pro-mazda-dva-tlacitka-horni-cast-klice-bez-klicove-cepele\/","og_site_name":"Keys for auto","article_publisher":"https:\/\/www.facebook.com\/KeysForAutoEU","og_image":[{"width":500,"height":500,"url":"https:\/\/keys-for-auto.eu\/wp-content\/uploads\/2022\/12\/Mazda-3-Key-FOB-Remote-Case-2-mygtukai-500x5001__1_-removebg-preview.png","type":"image\/png"}],"twitter_card":"summary_large_image","twitter_misc":{"Odhadovan\u00e1 doba \u010dten\u00ed":"2 minuty"},"schema":{"@context":"https:\/\/schema.org","@graph":[{"@type":["WebPage","ItemPage"],"@id":"https:\/\/keys-for-auto.eu\/cs\/product\/vhodne-pro-mazda-dva-tlacitka-horni-cast-klice-bez-klicove-cepele\/","url":"https:\/\/keys-for-auto.eu\/cs\/product\/vhodne-pro-mazda-dva-tlacitka-horni-cast-klice-bez-klicove-cepele\/","name":"Vhodn\u00e9 pro Mazda - dvoutla\u010d\u00edtko, horn\u00ed \u010d\u00e1st pl\u00e1\u0161t\u011b kl\u00ed\u010de (bez \u010depele kl\u00ed\u010de) - Keys for auto","isPartOf":{"@id":"https:\/\/keys-for-auto.eu\/cs\/#website"},"primaryImageOfPage":{"@id":"https:\/\/keys-for-auto.eu\/cs\/product\/vhodne-pro-mazda-dva-tlacitka-horni-cast-klice-bez-klicove-cepele\/#primaryimage"},"image":{"@id":"https:\/\/keys-for-auto.eu\/cs\/product\/vhodne-pro-mazda-dva-tlacitka-horni-cast-klice-bez-klicove-cepele\/#primaryimage"},"thumbnailUrl":"https:\/\/keys-for-auto.eu\/wp-content\/uploads\/2022\/12\/Mazda-3-Key-FOB-Remote-Case-2-mygtukai-500x5001__1_-removebg-preview.png","datePublished":"2016-04-02T09:55:00+00:00","breadcrumb":{"@id":"https:\/\/keys-for-auto.eu\/cs\/product\/vhodne-pro-mazda-dva-tlacitka-horni-cast-klice-bez-klicove-cepele\/#breadcrumb"},"inLanguage":"cs","potentialAction":[{"@type":"ReadAction","target":["https:\/\/keys-for-auto.eu\/cs\/product\/vhodne-pro-mazda-dva-tlacitka-horni-cast-klice-bez-klicove-cepele\/"]}]},{"@type":"ImageObject","inLanguage":"cs","@id":"https:\/\/keys-for-auto.eu\/cs\/product\/vhodne-pro-mazda-dva-tlacitka-horni-cast-klice-bez-klicove-cepele\/#primaryimage","url":"https:\/\/keys-for-auto.eu\/wp-content\/uploads\/2022\/12\/Mazda-3-Key-FOB-Remote-Case-2-mygtukai-500x5001__1_-removebg-preview.png","contentUrl":"https:\/\/keys-for-auto.eu\/wp-content\/uploads\/2022\/12\/Mazda-3-Key-FOB-Remote-Case-2-mygtukai-500x5001__1_-removebg-preview.png","width":500,"height":500},{"@type":"BreadcrumbList","@id":"https:\/\/keys-for-auto.eu\/cs\/product\/vhodne-pro-mazda-dva-tlacitka-horni-cast-klice-bez-klicove-cepele\/#breadcrumb","itemListElement":[{"@type":"ListItem","position":1,"name":"Home","item":"https:\/\/keys-for-auto.eu\/cs\/"},{"@type":"ListItem","position":2,"name":"Shop","item":"https:\/\/keys-for-auto.eu\/"},{"@type":"ListItem","position":3,"name":"Vhodn\u00e9 pro Mazda &#8211; dvoutla\u010d\u00edtko, horn\u00ed \u010d\u00e1st pl\u00e1\u0161t\u011b kl\u00ed\u010de (bez \u010depele kl\u00ed\u010de)"}]},{"@type":"WebSite","@id":"https:\/\/keys-for-auto.eu\/cs\/#website","url":"https:\/\/keys-for-auto.eu\/cs\/","name":"Keys for auto","description":"Car keys,  key shells, key programming","publisher":{"@id":"https:\/\/keys-for-auto.eu\/cs\/#organization"},"potentialAction":[{"@type":"SearchAction","target":{"@type":"EntryPoint","urlTemplate":"https:\/\/keys-for-auto.eu\/cs\/?s={search_term_string}"},"query-input":{"@type":"PropertyValueSpecification","valueRequired":true,"valueName":"search_term_string"}}],"inLanguage":"cs"},{"@type":"Organization","@id":"https:\/\/keys-for-auto.eu\/cs\/#organization","name":"Kl\u00ed\u010de pro auto","url":"https:\/\/keys-for-auto.eu\/cs\/","logo":{"@type":"ImageObject","inLanguage":"cs","@id":"https:\/\/keys-for-auto.eu\/cs\/#\/schema\/logo\/image\/","url":"https:\/\/keys-for-auto.eu\/wp-content\/uploads\/2022\/11\/cropped-png1.png","contentUrl":"https:\/\/keys-for-auto.eu\/wp-content\/uploads\/2022\/11\/cropped-png1.png","width":1000,"height":342,"caption":"Kl\u00ed\u010de pro auto"},"image":{"@id":"https:\/\/keys-for-auto.eu\/cs\/#\/schema\/logo\/image\/"},"sameAs":["https:\/\/www.facebook.com\/KeysForAutoEU"]}]}},"_links":{"self":[{"href":"https:\/\/keys-for-auto.eu\/cs\/wp-json\/wp\/v2\/product\/21712","targetHints":{"allow":["GET"]}}],"collection":[{"href":"https:\/\/keys-for-auto.eu\/cs\/wp-json\/wp\/v2\/product"}],"about":[{"href":"https:\/\/keys-for-auto.eu\/cs\/wp-json\/wp\/v2\/types\/product"}],"replies":[{"embeddable":true,"href":"https:\/\/keys-for-auto.eu\/cs\/wp-json\/wp\/v2\/comments?post=21712"}],"wp:featuredmedia":[{"embeddable":true,"href":"https:\/\/keys-for-auto.eu\/cs\/wp-json\/wp\/v2\/media\/20919"}],"wp:attachment":[{"href":"https:\/\/keys-for-auto.eu\/cs\/wp-json\/wp\/v2\/media?parent=21712"}],"wp:term":[{"taxonomy":"product_brand","embeddable":true,"href":"https:\/\/keys-for-auto.eu\/cs\/wp-json\/wp\/v2\/product_brand?post=21712"},{"taxonomy":"product_cat","embeddable":true,"href":"https:\/\/keys-for-auto.eu\/cs\/wp-json\/wp\/v2\/product_cat?post=21712"},{"taxonomy":"product_tag","embeddable":true,"href":"https:\/\/keys-for-auto.eu\/cs\/wp-json\/wp\/v2\/product_tag?post=21712"}],"curies":[{"name":"wp","href":"https:\/\/api.w.org\/{rel}","templated":true}]}}