{"id":21563,"date":"2016-04-02T07:39:09","date_gmt":"2016-04-02T07:39:09","guid":{"rendered":"https:\/\/keys-for-auto.eu\/product\/obal-klice-vhodny-pro-alfa-romeo-145-146-155-gtv-spider\/"},"modified":"2023-02-19T18:41:41","modified_gmt":"2023-02-19T18:41:41","slug":"key-shell-suitable-for-alfa-romeo-145-146-155-gtv-spider","status":"publish","type":"product","link":"https:\/\/keys-for-auto.eu\/cs\/product\/key-shell-suitable-for-alfa-romeo-145-146-155-gtv-spider\/","title":{"rendered":"Obal kl\u00ed\u010de &#8211; vhodn\u00fd pro Alfa Romeo 145 | 146 | 155 | GTV | Spider"},"content":{"rendered":"<h2><strong>Obal kl\u00ed\u010de &#8211; vhodn\u00fd pro Alfa Romeo 145 | 146 | 155 | GTV | Spider<\/strong><\/h2>\n<p>P\u0159edstavujeme kl\u00ed\u010dovou schr\u00e1nku vhodnou pro modely Alfa Romeo 145, 146, 155, GTV a Spider.<\/p>\n<p>Krom\u011b prodeje kl\u00ed\u010d\u016f a kl\u00ed\u010d\u016f na d\u00e1lkov\u00e9 ovl\u00e1d\u00e1n\u00ed programujeme kl\u00ed\u010de pro v\u0161echny zna\u010dky automobil\u016f. D\u011bl\u00e1me to zodpov\u011bdn\u011b, profesion\u00e1ln\u011b a rychle.<\/p>\n<p>\u0158\u00edk\u00e1me to zodpov\u011bdn\u011b, proto\u017ee investujeme do zvy\u0161ov\u00e1n\u00ed kvalifikace na\u0161ich technik\u016f. Jsou \u0161koleni v odborn\u00fdch kurzech a semin\u00e1\u0159\u00edch. Pokud je pro v\u00e1s tedy d\u016fle\u017eit\u00e9, aby byl v\u00e1\u0161 v\u016fz spolehliv\u011b chr\u00e1n\u011bn proti zlod\u011bj\u016fm (to je zaji\u0161t\u011bno naprogramov\u00e1n\u00edm kl\u00ed\u010de, instalac\u00ed transpond\u00e9ru do samotn\u00e9ho t\u011bla kl\u00ed\u010de a imobiliz\u00e9ru ve voze) a aby bylo mo\u017en\u00e9 jej bez probl\u00e9m\u016f odemknout a nastartovat, obra\u0165te se na na\u0161i spole\u010dnost.<\/p>\n<p>Na\u0161e podnik\u00e1n\u00ed je zalo\u017eeno na my\u0161lence, \u017ee jedinou skute\u010dnou jistotou, kterou \u010dlov\u011bk na tomto sv\u011bt\u011b m\u016f\u017ee m\u00edt, jsou bohat\u00e9 znalosti, zku\u0161enosti a dovednosti. Budujeme si tak dovednosti a znalosti nejen pro svou vlastn\u00ed bezpe\u010dnost, ale i pro va\u0161i. Proto\u017ee na\u0161e kvalitn\u00ed pr\u00e1ce p\u0159i v\u00fdrob\u011b a programov\u00e1n\u00ed kl\u00ed\u010d\u016f je z\u00e1rukou bezprobl\u00e9mov\u00e9 cesty.<\/p>\n<p>Nebo v\u00e1s zaj\u00edm\u00e1 nejen pouzdro na kl\u00ed\u010de, kl\u00ed\u010de na d\u00e1lkov\u00e9 ovl\u00e1d\u00e1n\u00ed nebo programov\u00e1n\u00ed kl\u00ed\u010d\u016f od auta, kter\u00e9 jsou uvedeny na t\u00e9to str\u00e1nce, ale tak\u00e9 karty do zapalov\u00e1n\u00ed Renault? Chcete si koupit nov\u00e9 nebo opravit rozbit\u00e9? Jsme tu, abychom v\u00e1m pomohli &#8211; nejen\u017ee prod\u00e1v\u00e1me karty a d\u00edly, ale tak\u00e9 je opravujeme a lep\u00edme na va\u0161e auto.<\/p>\n<h3>V\u00fdroba kl\u00ed\u010d\u016f<\/h3>\n<p>Na\u0161\u00ed specializac\u00ed je v\u00fdroba kl\u00ed\u010d\u016f. T\u011b\u0161\u00ed n\u00e1s rostouc\u00ed po\u010det z\u00e1kazn\u00edk\u016f, co\u017e ukazuje, \u017ee jsme zvolili spr\u00e1vnou cestu a n\u00e1\u0161 odpov\u011bdn\u00fd p\u0159\u00edstup k podnik\u00e1n\u00ed se vypl\u00e1c\u00ed. Kl\u00ed\u010de od auta jsou na\u0161\u00ed starost\u00ed a jedin\u00e9, co mus\u00edte ud\u011blat, je zajistit si na cest\u00e1ch dobrou n\u00e1ladu!<\/p>\n","protected":false},"excerpt":{"rendered":"<p><strong>Vhodn\u00e9 pro vozy Alfa Romeo &#8211; pl\u00e1\u0161t\u011b kl\u00ed\u010d\u016f.<\/strong><\/p>\n<p><strong><em>Vhodn\u00e9 pro n\u00e1sleduj\u00edc\u00ed modely:<\/em><\/strong><\/p>\n<p><em><strong>Alfa Romeo 145<\/strong><\/em><br \/>\n<em><strong>Alfa Romeo 146<\/strong><\/em><br \/>\n<em><strong>Alfa Romeo 155<\/strong><\/em><br \/>\n<em><strong>Alfa Romeo GTV<\/strong><\/em><br \/>\n<em><strong>Alfa Romeo Spider  <\/strong><\/em><\/p>\n<h3><strong>V\u00fdroba kl\u00ed\u010d\u016f od automobil\u016f<\/strong><\/h3>\n<ul>\n<li><strong>V\u00fdroba nov\u00fdch kl\u00ed\u010d\u016f od vozu, programov\u00e1n\u00ed kl\u00ed\u010d\u016f (&#8222;sv\u00e1z\u00e1n\u00ed&#8220; s vozem)<\/strong><\/li>\n<li><strong>Odstran\u011bn\u00ed d\u0159\u00edve ztracen\u00fdch kl\u00ed\u010d\u016f z pam\u011bti vozidla<\/strong><\/li>\n<li><strong>V\u00fdroba kl\u00ed\u010de zapalov\u00e1n\u00ed podle z\u00e1mku<\/strong><\/li>\n<li><strong>Opravy kl\u00ed\u010d\u016f od automobil\u016f (v\u00fdm\u011bna tla\u010d\u00edtek, pl\u00e1\u0161\u0165\u016f, mechanism\u016f)<\/strong><\/li>\n<li><strong>Nouzov\u00e9 odemyk\u00e1n\u00ed vozu<\/strong><\/li>\n<li><strong>Obchodov\u00e1n\u00ed s kl\u00ed\u010di, pouzdry na kl\u00ed\u010de<\/strong><\/li>\n<li><strong>Vypnut\u00ed softwaru DPF \/ FAP<\/strong><\/li>\n<li><strong>Programov\u00e9 odstran\u011bn\u00ed EGR<\/strong><\/li>\n<li><strong>Deaktivace softwaru imobiliz\u00e9ru (immo Off)<\/strong><\/li>\n<li><strong>Oprava \u0159\u00eddic\u00ed jednotky motoru (ECU), klonov\u00e1n\u00ed, programov\u00e1n\u00ed<\/strong><\/li>\n<li><strong>SRS (programov\u00e1n\u00ed \u0159\u00eddic\u00ed jednotky airbagu)<\/strong><\/li>\n<\/ul>\n<h4><strong>  zbo\u017e\u00ed odesl\u00e1no do 3 pracovn\u00edch dn\u016f.*<\/strong><\/h4>\n","protected":false},"featured_media":20473,"comment_status":"open","ping_status":"closed","template":"","meta":[],"product_brand":[],"product_cat":[4154,4149],"product_tag":[4202,4206,4160,4215,4220],"class_list":{"0":"post-21563","1":"product","2":"type-product","3":"status-publish","4":"has-post-thumbnail","6":"product_cat-alfa-romeo-cs","7":"product_cat-klicove-skorapky-cs","8":"product_tag-klic-alfa-romeo-145","9":"product_tag-klic-alfa-romeo-146","10":"product_tag-kryt-klice-alfa-romeo","11":"product_tag-kryt-klice-alfa-romeo-155","12":"product_tag-kryt-klice-alfa-romeo-gtv","14":"first","15":"instock","16":"sale","17":"shipping-taxable","18":"purchasable","19":"product-type-simple"},"yoast_head":"<!-- This site is optimized with the Yoast SEO plugin v27.3 - https:\/\/yoast.com\/product\/yoast-seo-wordpress\/ -->\n<title>Obal kl\u00ed\u010de - vhodn\u00fd pro Alfa Romeo 145 | 146 | 155 | GTV | Spider - Keys for auto<\/title>\n<meta name=\"robots\" content=\"index, follow, max-snippet:-1, max-image-preview:large, max-video-preview:-1\" \/>\n<link rel=\"canonical\" href=\"https:\/\/keys-for-auto.eu\/cs\/product\/key-shell-suitable-for-alfa-romeo-145-146-155-gtv-spider\/\" \/>\n<meta property=\"og:locale\" content=\"cs_CZ\" \/>\n<meta property=\"og:type\" content=\"article\" \/>\n<meta property=\"og:title\" content=\"Obal kl\u00ed\u010de - vhodn\u00fd pro Alfa Romeo 145 | 146 | 155 | GTV | Spider - Keys for auto\" \/>\n<meta property=\"og:description\" content=\"Vhodn\u00e9 pro vozy Alfa Romeo - pl\u00e1\u0161t\u011b kl\u00ed\u010d\u016f. Vhodn\u00e9 pro n\u00e1sleduj\u00edc\u00ed modely: Alfa Romeo 145 Alfa Romeo 146 Alfa Romeo 155 Alfa Romeo GTV Alfa Romeo Spider  V\u00fdroba kl\u00ed\u010d\u016f od automobil\u016f  V\u00fdroba nov\u00fdch kl\u00ed\u010d\u016f od vozu, programov\u00e1n\u00ed kl\u00ed\u010d\u016f (&quot;sv\u00e1z\u00e1n\u00ed&quot; s vozem)  Odstran\u011bn\u00ed d\u0159\u00edve ztracen\u00fdch kl\u00ed\u010d\u016f z pam\u011bti vozidla  V\u00fdroba kl\u00ed\u010de zapalov\u00e1n\u00ed podle z\u00e1mku  Opravy kl\u00ed\u010d\u016f od automobil\u016f (v\u00fdm\u011bna tla\u010d\u00edtek, pl\u00e1\u0161\u0165\u016f, mechanism\u016f)  Nouzov\u00e9 odemyk\u00e1n\u00ed vozu  Obchodov\u00e1n\u00ed s kl\u00ed\u010di, pouzdry na kl\u00ed\u010de  Vypnut\u00ed softwaru DPF \/ FAP  Programov\u00e9 odstran\u011bn\u00ed EGR  Deaktivace softwaru imobiliz\u00e9ru (immo Off)  Oprava \u0159\u00eddic\u00ed jednotky motoru (ECU), klonov\u00e1n\u00ed, programov\u00e1n\u00ed  SRS (programov\u00e1n\u00ed \u0159\u00eddic\u00ed jednotky airbagu)  zbo\u017e\u00ed odesl\u00e1no do 3 pracovn\u00edch dn\u016f.*\" \/>\n<meta property=\"og:url\" content=\"https:\/\/keys-for-auto.eu\/cs\/product\/key-shell-suitable-for-alfa-romeo-145-146-155-gtv-spider\/\" \/>\n<meta property=\"og:site_name\" content=\"Keys for auto\" \/>\n<meta property=\"article:publisher\" content=\"https:\/\/www.facebook.com\/KeysForAutoEU\" \/>\n<meta property=\"article:modified_time\" content=\"2023-02-19T18:41:41+00:00\" \/>\n<meta property=\"og:image\" content=\"https:\/\/i0.wp.com\/keys-for-auto.eu\/wp-content\/uploads\/2022\/12\/Alfa-romeo-raudonas-500x5001-wpp1668442410930.jpg?fit=500%2C500&ssl=1\" \/>\n\t<meta property=\"og:image:width\" content=\"500\" \/>\n\t<meta property=\"og:image:height\" content=\"500\" \/>\n\t<meta property=\"og:image:type\" content=\"image\/jpeg\" \/>\n<meta name=\"twitter:card\" content=\"summary_large_image\" \/>\n<meta name=\"twitter:label1\" content=\"Odhadovan\u00e1 doba \u010dten\u00ed\" \/>\n\t<meta name=\"twitter:data1\" content=\"2 minuty\" \/>\n<script type=\"application\/ld+json\" class=\"yoast-schema-graph\">{\"@context\":\"https:\\\/\\\/schema.org\",\"@graph\":[{\"@type\":[\"WebPage\",\"ItemPage\"],\"@id\":\"https:\\\/\\\/keys-for-auto.eu\\\/cs\\\/product\\\/key-shell-suitable-for-alfa-romeo-145-146-155-gtv-spider\\\/\",\"url\":\"https:\\\/\\\/keys-for-auto.eu\\\/cs\\\/product\\\/key-shell-suitable-for-alfa-romeo-145-146-155-gtv-spider\\\/\",\"name\":\"Obal kl\u00ed\u010de - vhodn\u00fd pro Alfa Romeo 145 | 146 | 155 | GTV | Spider - Keys for auto\",\"isPartOf\":{\"@id\":\"https:\\\/\\\/keys-for-auto.eu\\\/cs\\\/#website\"},\"primaryImageOfPage\":{\"@id\":\"https:\\\/\\\/keys-for-auto.eu\\\/cs\\\/product\\\/key-shell-suitable-for-alfa-romeo-145-146-155-gtv-spider\\\/#primaryimage\"},\"image\":{\"@id\":\"https:\\\/\\\/keys-for-auto.eu\\\/cs\\\/product\\\/key-shell-suitable-for-alfa-romeo-145-146-155-gtv-spider\\\/#primaryimage\"},\"thumbnailUrl\":\"https:\\\/\\\/keys-for-auto.eu\\\/wp-content\\\/uploads\\\/2022\\\/12\\\/Alfa-romeo-raudonas-500x5001-wpp1668442410930.jpg\",\"datePublished\":\"2016-04-02T07:39:09+00:00\",\"dateModified\":\"2023-02-19T18:41:41+00:00\",\"breadcrumb\":{\"@id\":\"https:\\\/\\\/keys-for-auto.eu\\\/cs\\\/product\\\/key-shell-suitable-for-alfa-romeo-145-146-155-gtv-spider\\\/#breadcrumb\"},\"inLanguage\":\"cs\",\"potentialAction\":[{\"@type\":\"ReadAction\",\"target\":[\"https:\\\/\\\/keys-for-auto.eu\\\/cs\\\/product\\\/key-shell-suitable-for-alfa-romeo-145-146-155-gtv-spider\\\/\"]}]},{\"@type\":\"ImageObject\",\"inLanguage\":\"cs\",\"@id\":\"https:\\\/\\\/keys-for-auto.eu\\\/cs\\\/product\\\/key-shell-suitable-for-alfa-romeo-145-146-155-gtv-spider\\\/#primaryimage\",\"url\":\"https:\\\/\\\/keys-for-auto.eu\\\/wp-content\\\/uploads\\\/2022\\\/12\\\/Alfa-romeo-raudonas-500x5001-wpp1668442410930.jpg\",\"contentUrl\":\"https:\\\/\\\/keys-for-auto.eu\\\/wp-content\\\/uploads\\\/2022\\\/12\\\/Alfa-romeo-raudonas-500x5001-wpp1668442410930.jpg\",\"width\":500,\"height\":500},{\"@type\":\"BreadcrumbList\",\"@id\":\"https:\\\/\\\/keys-for-auto.eu\\\/cs\\\/product\\\/key-shell-suitable-for-alfa-romeo-145-146-155-gtv-spider\\\/#breadcrumb\",\"itemListElement\":[{\"@type\":\"ListItem\",\"position\":1,\"name\":\"Home\",\"item\":\"https:\\\/\\\/keys-for-auto.eu\\\/cs\\\/\"},{\"@type\":\"ListItem\",\"position\":2,\"name\":\"Shop\",\"item\":\"https:\\\/\\\/keys-for-auto.eu\\\/\"},{\"@type\":\"ListItem\",\"position\":3,\"name\":\"Obal kl\u00ed\u010de &#8211; vhodn\u00fd pro Alfa Romeo 145 | 146 | 155 | GTV | Spider\"}]},{\"@type\":\"WebSite\",\"@id\":\"https:\\\/\\\/keys-for-auto.eu\\\/cs\\\/#website\",\"url\":\"https:\\\/\\\/keys-for-auto.eu\\\/cs\\\/\",\"name\":\"Keys for auto\",\"description\":\"Car keys,  key shells, key programming\",\"publisher\":{\"@id\":\"https:\\\/\\\/keys-for-auto.eu\\\/cs\\\/#organization\"},\"potentialAction\":[{\"@type\":\"SearchAction\",\"target\":{\"@type\":\"EntryPoint\",\"urlTemplate\":\"https:\\\/\\\/keys-for-auto.eu\\\/cs\\\/?s={search_term_string}\"},\"query-input\":{\"@type\":\"PropertyValueSpecification\",\"valueRequired\":true,\"valueName\":\"search_term_string\"}}],\"inLanguage\":\"cs\"},{\"@type\":\"Organization\",\"@id\":\"https:\\\/\\\/keys-for-auto.eu\\\/cs\\\/#organization\",\"name\":\"Kl\u00ed\u010de pro auto\",\"url\":\"https:\\\/\\\/keys-for-auto.eu\\\/cs\\\/\",\"logo\":{\"@type\":\"ImageObject\",\"inLanguage\":\"cs\",\"@id\":\"https:\\\/\\\/keys-for-auto.eu\\\/cs\\\/#\\\/schema\\\/logo\\\/image\\\/\",\"url\":\"https:\\\/\\\/keys-for-auto.eu\\\/wp-content\\\/uploads\\\/2022\\\/11\\\/cropped-png1.png\",\"contentUrl\":\"https:\\\/\\\/keys-for-auto.eu\\\/wp-content\\\/uploads\\\/2022\\\/11\\\/cropped-png1.png\",\"width\":1000,\"height\":342,\"caption\":\"Kl\u00ed\u010de pro auto\"},\"image\":{\"@id\":\"https:\\\/\\\/keys-for-auto.eu\\\/cs\\\/#\\\/schema\\\/logo\\\/image\\\/\"},\"sameAs\":[\"https:\\\/\\\/www.facebook.com\\\/KeysForAutoEU\"]}]}<\/script>\n<!-- \/ Yoast SEO plugin. -->","yoast_head_json":{"title":"Obal kl\u00ed\u010de - vhodn\u00fd pro Alfa Romeo 145 | 146 | 155 | GTV | Spider - Keys for auto","robots":{"index":"index","follow":"follow","max-snippet":"max-snippet:-1","max-image-preview":"max-image-preview:large","max-video-preview":"max-video-preview:-1"},"canonical":"https:\/\/keys-for-auto.eu\/cs\/product\/key-shell-suitable-for-alfa-romeo-145-146-155-gtv-spider\/","og_locale":"cs_CZ","og_type":"article","og_title":"Obal kl\u00ed\u010de - vhodn\u00fd pro Alfa Romeo 145 | 146 | 155 | GTV | Spider - Keys for auto","og_description":"Vhodn\u00e9 pro vozy Alfa Romeo - pl\u00e1\u0161t\u011b kl\u00ed\u010d\u016f. Vhodn\u00e9 pro n\u00e1sleduj\u00edc\u00ed modely: Alfa Romeo 145 Alfa Romeo 146 Alfa Romeo 155 Alfa Romeo GTV Alfa Romeo Spider  V\u00fdroba kl\u00ed\u010d\u016f od automobil\u016f  V\u00fdroba nov\u00fdch kl\u00ed\u010d\u016f od vozu, programov\u00e1n\u00ed kl\u00ed\u010d\u016f (\"sv\u00e1z\u00e1n\u00ed\" s vozem)  Odstran\u011bn\u00ed d\u0159\u00edve ztracen\u00fdch kl\u00ed\u010d\u016f z pam\u011bti vozidla  V\u00fdroba kl\u00ed\u010de zapalov\u00e1n\u00ed podle z\u00e1mku  Opravy kl\u00ed\u010d\u016f od automobil\u016f (v\u00fdm\u011bna tla\u010d\u00edtek, pl\u00e1\u0161\u0165\u016f, mechanism\u016f)  Nouzov\u00e9 odemyk\u00e1n\u00ed vozu  Obchodov\u00e1n\u00ed s kl\u00ed\u010di, pouzdry na kl\u00ed\u010de  Vypnut\u00ed softwaru DPF \/ FAP  Programov\u00e9 odstran\u011bn\u00ed EGR  Deaktivace softwaru imobiliz\u00e9ru (immo Off)  Oprava \u0159\u00eddic\u00ed jednotky motoru (ECU), klonov\u00e1n\u00ed, programov\u00e1n\u00ed  SRS (programov\u00e1n\u00ed \u0159\u00eddic\u00ed jednotky airbagu)  zbo\u017e\u00ed odesl\u00e1no do 3 pracovn\u00edch dn\u016f.*","og_url":"https:\/\/keys-for-auto.eu\/cs\/product\/key-shell-suitable-for-alfa-romeo-145-146-155-gtv-spider\/","og_site_name":"Keys for auto","article_publisher":"https:\/\/www.facebook.com\/KeysForAutoEU","article_modified_time":"2023-02-19T18:41:41+00:00","og_image":[{"width":500,"height":500,"url":"https:\/\/i0.wp.com\/keys-for-auto.eu\/wp-content\/uploads\/2022\/12\/Alfa-romeo-raudonas-500x5001-wpp1668442410930.jpg?fit=500%2C500&ssl=1","type":"image\/jpeg"}],"twitter_card":"summary_large_image","twitter_misc":{"Odhadovan\u00e1 doba \u010dten\u00ed":"2 minuty"},"schema":{"@context":"https:\/\/schema.org","@graph":[{"@type":["WebPage","ItemPage"],"@id":"https:\/\/keys-for-auto.eu\/cs\/product\/key-shell-suitable-for-alfa-romeo-145-146-155-gtv-spider\/","url":"https:\/\/keys-for-auto.eu\/cs\/product\/key-shell-suitable-for-alfa-romeo-145-146-155-gtv-spider\/","name":"Obal kl\u00ed\u010de - vhodn\u00fd pro Alfa Romeo 145 | 146 | 155 | GTV | Spider - Keys for auto","isPartOf":{"@id":"https:\/\/keys-for-auto.eu\/cs\/#website"},"primaryImageOfPage":{"@id":"https:\/\/keys-for-auto.eu\/cs\/product\/key-shell-suitable-for-alfa-romeo-145-146-155-gtv-spider\/#primaryimage"},"image":{"@id":"https:\/\/keys-for-auto.eu\/cs\/product\/key-shell-suitable-for-alfa-romeo-145-146-155-gtv-spider\/#primaryimage"},"thumbnailUrl":"https:\/\/keys-for-auto.eu\/wp-content\/uploads\/2022\/12\/Alfa-romeo-raudonas-500x5001-wpp1668442410930.jpg","datePublished":"2016-04-02T07:39:09+00:00","dateModified":"2023-02-19T18:41:41+00:00","breadcrumb":{"@id":"https:\/\/keys-for-auto.eu\/cs\/product\/key-shell-suitable-for-alfa-romeo-145-146-155-gtv-spider\/#breadcrumb"},"inLanguage":"cs","potentialAction":[{"@type":"ReadAction","target":["https:\/\/keys-for-auto.eu\/cs\/product\/key-shell-suitable-for-alfa-romeo-145-146-155-gtv-spider\/"]}]},{"@type":"ImageObject","inLanguage":"cs","@id":"https:\/\/keys-for-auto.eu\/cs\/product\/key-shell-suitable-for-alfa-romeo-145-146-155-gtv-spider\/#primaryimage","url":"https:\/\/keys-for-auto.eu\/wp-content\/uploads\/2022\/12\/Alfa-romeo-raudonas-500x5001-wpp1668442410930.jpg","contentUrl":"https:\/\/keys-for-auto.eu\/wp-content\/uploads\/2022\/12\/Alfa-romeo-raudonas-500x5001-wpp1668442410930.jpg","width":500,"height":500},{"@type":"BreadcrumbList","@id":"https:\/\/keys-for-auto.eu\/cs\/product\/key-shell-suitable-for-alfa-romeo-145-146-155-gtv-spider\/#breadcrumb","itemListElement":[{"@type":"ListItem","position":1,"name":"Home","item":"https:\/\/keys-for-auto.eu\/cs\/"},{"@type":"ListItem","position":2,"name":"Shop","item":"https:\/\/keys-for-auto.eu\/"},{"@type":"ListItem","position":3,"name":"Obal kl\u00ed\u010de &#8211; vhodn\u00fd pro Alfa Romeo 145 | 146 | 155 | GTV | Spider"}]},{"@type":"WebSite","@id":"https:\/\/keys-for-auto.eu\/cs\/#website","url":"https:\/\/keys-for-auto.eu\/cs\/","name":"Keys for auto","description":"Car keys,  key shells, key programming","publisher":{"@id":"https:\/\/keys-for-auto.eu\/cs\/#organization"},"potentialAction":[{"@type":"SearchAction","target":{"@type":"EntryPoint","urlTemplate":"https:\/\/keys-for-auto.eu\/cs\/?s={search_term_string}"},"query-input":{"@type":"PropertyValueSpecification","valueRequired":true,"valueName":"search_term_string"}}],"inLanguage":"cs"},{"@type":"Organization","@id":"https:\/\/keys-for-auto.eu\/cs\/#organization","name":"Kl\u00ed\u010de pro auto","url":"https:\/\/keys-for-auto.eu\/cs\/","logo":{"@type":"ImageObject","inLanguage":"cs","@id":"https:\/\/keys-for-auto.eu\/cs\/#\/schema\/logo\/image\/","url":"https:\/\/keys-for-auto.eu\/wp-content\/uploads\/2022\/11\/cropped-png1.png","contentUrl":"https:\/\/keys-for-auto.eu\/wp-content\/uploads\/2022\/11\/cropped-png1.png","width":1000,"height":342,"caption":"Kl\u00ed\u010de pro auto"},"image":{"@id":"https:\/\/keys-for-auto.eu\/cs\/#\/schema\/logo\/image\/"},"sameAs":["https:\/\/www.facebook.com\/KeysForAutoEU"]}]}},"_links":{"self":[{"href":"https:\/\/keys-for-auto.eu\/cs\/wp-json\/wp\/v2\/product\/21563","targetHints":{"allow":["GET"]}}],"collection":[{"href":"https:\/\/keys-for-auto.eu\/cs\/wp-json\/wp\/v2\/product"}],"about":[{"href":"https:\/\/keys-for-auto.eu\/cs\/wp-json\/wp\/v2\/types\/product"}],"replies":[{"embeddable":true,"href":"https:\/\/keys-for-auto.eu\/cs\/wp-json\/wp\/v2\/comments?post=21563"}],"wp:featuredmedia":[{"embeddable":true,"href":"https:\/\/keys-for-auto.eu\/cs\/wp-json\/wp\/v2\/media\/20473"}],"wp:attachment":[{"href":"https:\/\/keys-for-auto.eu\/cs\/wp-json\/wp\/v2\/media?parent=21563"}],"wp:term":[{"taxonomy":"product_brand","embeddable":true,"href":"https:\/\/keys-for-auto.eu\/cs\/wp-json\/wp\/v2\/product_brand?post=21563"},{"taxonomy":"product_cat","embeddable":true,"href":"https:\/\/keys-for-auto.eu\/cs\/wp-json\/wp\/v2\/product_cat?post=21563"},{"taxonomy":"product_tag","embeddable":true,"href":"https:\/\/keys-for-auto.eu\/cs\/wp-json\/wp\/v2\/product_tag?post=21563"}],"curies":[{"name":"wp","href":"https:\/\/api.w.org\/{rel}","templated":true}]}}