{"id":21535,"date":"2023-01-05T12:14:08","date_gmt":"2023-01-05T12:14:08","guid":{"rendered":"https:\/\/keys-for-auto.eu\/dodavka\/"},"modified":"2023-02-19T18:39:47","modified_gmt":"2023-02-19T18:39:47","slug":"dodavka","status":"publish","type":"page","link":"https:\/\/keys-for-auto.eu\/cs\/dodavka\/","title":{"rendered":"Dod\u00e1vka"},"content":{"rendered":"\n<p>V p\u0159\u00edpad\u011b, \u017ee se zbo\u017e\u00ed nach\u00e1z\u00ed v na\u0161em skladu, bude po proveden\u00ed platby odesl\u00e1no doporu\u010denou po\u0161tou nebo jin\u00fdm zp\u016fsobem doru\u010den\u00ed dle va\u0161eho v\u00fdb\u011bru. Pokud zbo\u017e\u00ed nen\u00ed skladem a je t\u0159eba jej objednat (ve velmi vz\u00e1cn\u00fdch p\u0159\u00edpadech), bude objedn\u00e1vka vy\u0159\u00edzena do 7-21 pracovn\u00edch dn\u016f.O odesl\u00e1n\u00ed budete informov\u00e1ni e-mailem a bude v\u00e1m tak\u00e9 p\u0159id\u011bleno identifika\u010dn\u00ed \u010d\u00edslo doporu\u010den\u00e9 z\u00e1silky, kter\u00e9 v\u00e1m umo\u017en\u00ed sledovat stav va\u0161\u00ed z\u00e1silky. Z\u00e1silky jsou odes\u00edl\u00e1ny do 1-3 pracovn\u00edch dn\u016f.<\/p>\n\n<p>V na\u0161em e-shopu najdete t\u00e9m\u011b\u0159 v\u0161echny kl\u00ed\u010de pro v\u0161echny zna\u010dky automobil\u016f, stejn\u011b jako p\u0159\u00edslu\u0161enstv\u00ed, \u010dipy (transpond\u00e9ry) a dal\u0161\u00ed d\u00edly pro kl\u00ed\u010de od automobil\u016f. N\u00e1\u0161 sortiment neust\u00e1le dopl\u0148ujeme, abychom vyhov\u011bli va\u0161im po\u017eadavk\u016fm.<\/p>\n\n<p>Kl\u00ed\u010de vyr\u00e1b\u00edme z k\u00f3d\u016f kl\u00ed\u010d\u016f, \u010d\u00edsel VIN karoserie a fotografi\u00ed.<\/p>\n","protected":false},"excerpt":{"rendered":"<p>V p\u0159\u00edpad\u011b, \u017ee se zbo\u017e\u00ed nach\u00e1z\u00ed v na\u0161em skladu, bude po proveden\u00ed platby odesl\u00e1no doporu\u010denou po\u0161tou nebo jin\u00fdm zp\u016fsobem doru\u010den\u00ed dle va\u0161eho v\u00fdb\u011bru. Pokud zbo\u017e\u00ed nen\u00ed skladem a je t\u0159eba jej objednat (ve velmi vz\u00e1cn\u00fdch p\u0159\u00edpadech), bude objedn\u00e1vka vy\u0159\u00edzena do 7-21 pracovn\u00edch dn\u016f.O odesl\u00e1n\u00ed budete informov\u00e1ni e-mailem a bude v\u00e1m tak\u00e9 p\u0159id\u011bleno identifika\u010dn\u00ed \u010d\u00edslo doporu\u010den\u00e9 [&hellip;]<\/p>\n","protected":false},"author":1,"featured_media":0,"parent":0,"menu_order":0,"comment_status":"closed","ping_status":"closed","template":"","meta":{"footnotes":""},"class_list":["post-21535","page","type-page","status-publish","hentry"],"yoast_head":"<!-- This site is optimized with the Yoast SEO plugin v27.5 - https:\/\/yoast.com\/product\/yoast-seo-wordpress\/ -->\n<title>Dod\u00e1vka - Keys for auto<\/title>\n<meta name=\"robots\" content=\"index, follow, max-snippet:-1, max-image-preview:large, max-video-preview:-1\" \/>\n<link rel=\"canonical\" href=\"https:\/\/keys-for-auto.eu\/cs\/dodavka\/\" \/>\n<meta property=\"og:locale\" content=\"cs_CZ\" \/>\n<meta property=\"og:type\" content=\"article\" \/>\n<meta property=\"og:title\" content=\"Dod\u00e1vka - Keys for auto\" \/>\n<meta property=\"og:description\" content=\"V p\u0159\u00edpad\u011b, \u017ee se zbo\u017e\u00ed nach\u00e1z\u00ed v na\u0161em skladu, bude po proveden\u00ed platby odesl\u00e1no doporu\u010denou po\u0161tou nebo jin\u00fdm zp\u016fsobem doru\u010den\u00ed dle va\u0161eho v\u00fdb\u011bru. Pokud zbo\u017e\u00ed nen\u00ed skladem a je t\u0159eba jej objednat (ve velmi vz\u00e1cn\u00fdch p\u0159\u00edpadech), bude objedn\u00e1vka vy\u0159\u00edzena do 7-21 pracovn\u00edch dn\u016f.O odesl\u00e1n\u00ed budete informov\u00e1ni e-mailem a bude v\u00e1m tak\u00e9 p\u0159id\u011bleno identifika\u010dn\u00ed \u010d\u00edslo doporu\u010den\u00e9 [&hellip;]\" \/>\n<meta property=\"og:url\" content=\"https:\/\/keys-for-auto.eu\/cs\/dodavka\/\" \/>\n<meta property=\"og:site_name\" content=\"Keys for auto\" \/>\n<meta property=\"article:publisher\" content=\"https:\/\/www.facebook.com\/KeysForAutoEU\" \/>\n<meta property=\"article:modified_time\" content=\"2023-02-19T18:39:47+00:00\" \/>\n<meta name=\"twitter:card\" content=\"summary_large_image\" \/>\n<meta name=\"twitter:label1\" content=\"Odhadovan\u00e1 doba \u010dten\u00ed\" \/>\n\t<meta name=\"twitter:data1\" content=\"1 minuta\" \/>\n<script type=\"application\/ld+json\" class=\"yoast-schema-graph\">{\"@context\":\"https:\\\/\\\/schema.org\",\"@graph\":[{\"@type\":\"WebPage\",\"@id\":\"https:\\\/\\\/keys-for-auto.eu\\\/cs\\\/dodavka\\\/\",\"url\":\"https:\\\/\\\/keys-for-auto.eu\\\/cs\\\/dodavka\\\/\",\"name\":\"Dod\u00e1vka - Keys for auto\",\"isPartOf\":{\"@id\":\"https:\\\/\\\/keys-for-auto.eu\\\/cs\\\/#website\"},\"datePublished\":\"2023-01-05T12:14:08+00:00\",\"dateModified\":\"2023-02-19T18:39:47+00:00\",\"breadcrumb\":{\"@id\":\"https:\\\/\\\/keys-for-auto.eu\\\/cs\\\/dodavka\\\/#breadcrumb\"},\"inLanguage\":\"cs\",\"potentialAction\":[{\"@type\":\"ReadAction\",\"target\":[\"https:\\\/\\\/keys-for-auto.eu\\\/cs\\\/dodavka\\\/\"]}]},{\"@type\":\"BreadcrumbList\",\"@id\":\"https:\\\/\\\/keys-for-auto.eu\\\/cs\\\/dodavka\\\/#breadcrumb\",\"itemListElement\":[{\"@type\":\"ListItem\",\"position\":1,\"name\":\"Home\",\"item\":\"https:\\\/\\\/keys-for-auto.eu\\\/cs\\\/\"},{\"@type\":\"ListItem\",\"position\":2,\"name\":\"Dod\u00e1vka\"}]},{\"@type\":\"WebSite\",\"@id\":\"https:\\\/\\\/keys-for-auto.eu\\\/cs\\\/#website\",\"url\":\"https:\\\/\\\/keys-for-auto.eu\\\/cs\\\/\",\"name\":\"Keys for auto\",\"description\":\"Car keys,  key shells, key programming\",\"publisher\":{\"@id\":\"https:\\\/\\\/keys-for-auto.eu\\\/cs\\\/#organization\"},\"potentialAction\":[{\"@type\":\"SearchAction\",\"target\":{\"@type\":\"EntryPoint\",\"urlTemplate\":\"https:\\\/\\\/keys-for-auto.eu\\\/cs\\\/?s={search_term_string}\"},\"query-input\":{\"@type\":\"PropertyValueSpecification\",\"valueRequired\":true,\"valueName\":\"search_term_string\"}}],\"inLanguage\":\"cs\"},{\"@type\":\"Organization\",\"@id\":\"https:\\\/\\\/keys-for-auto.eu\\\/cs\\\/#organization\",\"name\":\"Kl\u00ed\u010de pro auto\",\"url\":\"https:\\\/\\\/keys-for-auto.eu\\\/cs\\\/\",\"logo\":{\"@type\":\"ImageObject\",\"inLanguage\":\"cs\",\"@id\":\"https:\\\/\\\/keys-for-auto.eu\\\/cs\\\/#\\\/schema\\\/logo\\\/image\\\/\",\"url\":\"https:\\\/\\\/keys-for-auto.eu\\\/wp-content\\\/uploads\\\/2022\\\/11\\\/cropped-png1.png\",\"contentUrl\":\"https:\\\/\\\/keys-for-auto.eu\\\/wp-content\\\/uploads\\\/2022\\\/11\\\/cropped-png1.png\",\"width\":1000,\"height\":342,\"caption\":\"Kl\u00ed\u010de pro auto\"},\"image\":{\"@id\":\"https:\\\/\\\/keys-for-auto.eu\\\/cs\\\/#\\\/schema\\\/logo\\\/image\\\/\"},\"sameAs\":[\"https:\\\/\\\/www.facebook.com\\\/KeysForAutoEU\"]}]}<\/script>\n<!-- \/ Yoast SEO plugin. -->","yoast_head_json":{"title":"Dod\u00e1vka - Keys for auto","robots":{"index":"index","follow":"follow","max-snippet":"max-snippet:-1","max-image-preview":"max-image-preview:large","max-video-preview":"max-video-preview:-1"},"canonical":"https:\/\/keys-for-auto.eu\/cs\/dodavka\/","og_locale":"cs_CZ","og_type":"article","og_title":"Dod\u00e1vka - Keys for auto","og_description":"V p\u0159\u00edpad\u011b, \u017ee se zbo\u017e\u00ed nach\u00e1z\u00ed v na\u0161em skladu, bude po proveden\u00ed platby odesl\u00e1no doporu\u010denou po\u0161tou nebo jin\u00fdm zp\u016fsobem doru\u010den\u00ed dle va\u0161eho v\u00fdb\u011bru. Pokud zbo\u017e\u00ed nen\u00ed skladem a je t\u0159eba jej objednat (ve velmi vz\u00e1cn\u00fdch p\u0159\u00edpadech), bude objedn\u00e1vka vy\u0159\u00edzena do 7-21 pracovn\u00edch dn\u016f.O odesl\u00e1n\u00ed budete informov\u00e1ni e-mailem a bude v\u00e1m tak\u00e9 p\u0159id\u011bleno identifika\u010dn\u00ed \u010d\u00edslo doporu\u010den\u00e9 [&hellip;]","og_url":"https:\/\/keys-for-auto.eu\/cs\/dodavka\/","og_site_name":"Keys for auto","article_publisher":"https:\/\/www.facebook.com\/KeysForAutoEU","article_modified_time":"2023-02-19T18:39:47+00:00","twitter_card":"summary_large_image","twitter_misc":{"Odhadovan\u00e1 doba \u010dten\u00ed":"1 minuta"},"schema":{"@context":"https:\/\/schema.org","@graph":[{"@type":"WebPage","@id":"https:\/\/keys-for-auto.eu\/cs\/dodavka\/","url":"https:\/\/keys-for-auto.eu\/cs\/dodavka\/","name":"Dod\u00e1vka - Keys for auto","isPartOf":{"@id":"https:\/\/keys-for-auto.eu\/cs\/#website"},"datePublished":"2023-01-05T12:14:08+00:00","dateModified":"2023-02-19T18:39:47+00:00","breadcrumb":{"@id":"https:\/\/keys-for-auto.eu\/cs\/dodavka\/#breadcrumb"},"inLanguage":"cs","potentialAction":[{"@type":"ReadAction","target":["https:\/\/keys-for-auto.eu\/cs\/dodavka\/"]}]},{"@type":"BreadcrumbList","@id":"https:\/\/keys-for-auto.eu\/cs\/dodavka\/#breadcrumb","itemListElement":[{"@type":"ListItem","position":1,"name":"Home","item":"https:\/\/keys-for-auto.eu\/cs\/"},{"@type":"ListItem","position":2,"name":"Dod\u00e1vka"}]},{"@type":"WebSite","@id":"https:\/\/keys-for-auto.eu\/cs\/#website","url":"https:\/\/keys-for-auto.eu\/cs\/","name":"Keys for auto","description":"Car keys,  key shells, key programming","publisher":{"@id":"https:\/\/keys-for-auto.eu\/cs\/#organization"},"potentialAction":[{"@type":"SearchAction","target":{"@type":"EntryPoint","urlTemplate":"https:\/\/keys-for-auto.eu\/cs\/?s={search_term_string}"},"query-input":{"@type":"PropertyValueSpecification","valueRequired":true,"valueName":"search_term_string"}}],"inLanguage":"cs"},{"@type":"Organization","@id":"https:\/\/keys-for-auto.eu\/cs\/#organization","name":"Kl\u00ed\u010de pro auto","url":"https:\/\/keys-for-auto.eu\/cs\/","logo":{"@type":"ImageObject","inLanguage":"cs","@id":"https:\/\/keys-for-auto.eu\/cs\/#\/schema\/logo\/image\/","url":"https:\/\/keys-for-auto.eu\/wp-content\/uploads\/2022\/11\/cropped-png1.png","contentUrl":"https:\/\/keys-for-auto.eu\/wp-content\/uploads\/2022\/11\/cropped-png1.png","width":1000,"height":342,"caption":"Kl\u00ed\u010de pro auto"},"image":{"@id":"https:\/\/keys-for-auto.eu\/cs\/#\/schema\/logo\/image\/"},"sameAs":["https:\/\/www.facebook.com\/KeysForAutoEU"]}]}},"_links":{"self":[{"href":"https:\/\/keys-for-auto.eu\/cs\/wp-json\/wp\/v2\/pages\/21535","targetHints":{"allow":["GET"]}}],"collection":[{"href":"https:\/\/keys-for-auto.eu\/cs\/wp-json\/wp\/v2\/pages"}],"about":[{"href":"https:\/\/keys-for-auto.eu\/cs\/wp-json\/wp\/v2\/types\/page"}],"author":[{"embeddable":true,"href":"https:\/\/keys-for-auto.eu\/cs\/wp-json\/wp\/v2\/users\/1"}],"replies":[{"embeddable":true,"href":"https:\/\/keys-for-auto.eu\/cs\/wp-json\/wp\/v2\/comments?post=21535"}],"version-history":[{"count":1,"href":"https:\/\/keys-for-auto.eu\/cs\/wp-json\/wp\/v2\/pages\/21535\/revisions"}],"predecessor-version":[{"id":21537,"href":"https:\/\/keys-for-auto.eu\/cs\/wp-json\/wp\/v2\/pages\/21535\/revisions\/21537"}],"wp:attachment":[{"href":"https:\/\/keys-for-auto.eu\/cs\/wp-json\/wp\/v2\/media?parent=21535"}],"curies":[{"name":"wp","href":"https:\/\/api.w.org\/{rel}","templated":true}]}}