{"id":21521,"date":"2023-01-05T14:58:57","date_gmt":"2023-01-05T14:58:57","guid":{"rendered":"https:\/\/keys-for-auto.eu\/poplatky-za-doruceni-a-platbu\/"},"modified":"2023-02-19T18:31:10","modified_gmt":"2023-02-19T18:31:10","slug":"poplatky-za-doruceni-a-platbu","status":"publish","type":"page","link":"https:\/\/keys-for-auto.eu\/cs\/poplatky-za-doruceni-a-platbu\/","title":{"rendered":"Poplatky za doru\u010den\u00ed a platbu"},"content":{"rendered":"\n<h2 class=\"wp-block-heading\">Kolik stoj\u00ed doru\u010den\u00ed<\/h2>\n\n<p>Jedn\u00e1 se o \u010d\u00e1stku vynalo\u017eenou na doru\u010den\u00ed zbo\u017e\u00ed ze skladu e-shopu na adresu uvedenou kupuj\u00edc\u00edm. Tato \u010d\u00e1stka bude uvedena na faktu\u0159e, kter\u00e1 bude p\u0159ilo\u017eena ke zbo\u017e\u00ed. V p\u0159\u00edpad\u011b vr\u00e1cen\u00ed zbo\u017e\u00ed hrad\u00ed n\u00e1klady na tuto slu\u017ebu kupuj\u00edc\u00ed.<\/p>\n\n<h2 class=\"wp-block-heading\">Platba<\/h2>\n\n<p>P\u0159i objedn\u00e1vce si pros\u00edm vyberte zp\u016fsob platby &#8211; bankovn\u00edm p\u0159evodem, Paysierou, kreditn\u00ed kartou, PayPalem nebo jin\u00fdm zp\u016fsobem, kter\u00fd preferujete. Platba mus\u00ed b\u00fdt provedena do dvou pracovn\u00edch dn\u016f, pot\u00e9 objedn\u00e1vku zru\u0161\u00edme. V p\u0159\u00edpad\u011b pot\u0159eby m\u016f\u017eete zbo\u017e\u00ed po zru\u0161en\u00ed objedn\u00e1vky znovu objednat.<\/p>\n","protected":false},"excerpt":{"rendered":"<p>Kolik stoj\u00ed doru\u010den\u00ed Jedn\u00e1 se o \u010d\u00e1stku vynalo\u017eenou na doru\u010den\u00ed zbo\u017e\u00ed ze skladu e-shopu na adresu uvedenou kupuj\u00edc\u00edm. Tato \u010d\u00e1stka bude uvedena na faktu\u0159e, kter\u00e1 bude p\u0159ilo\u017eena ke zbo\u017e\u00ed. V p\u0159\u00edpad\u011b vr\u00e1cen\u00ed zbo\u017e\u00ed hrad\u00ed n\u00e1klady na tuto slu\u017ebu kupuj\u00edc\u00ed. Platba P\u0159i objedn\u00e1vce si pros\u00edm vyberte zp\u016fsob platby &#8211; bankovn\u00edm p\u0159evodem, Paysierou, kreditn\u00ed kartou, PayPalem nebo [&hellip;]<\/p>\n","protected":false},"author":1,"featured_media":0,"parent":0,"menu_order":0,"comment_status":"closed","ping_status":"closed","template":"","meta":{"footnotes":""},"class_list":["post-21521","page","type-page","status-publish","hentry"],"yoast_head":"<!-- This site is optimized with the Yoast SEO plugin v27.5 - https:\/\/yoast.com\/product\/yoast-seo-wordpress\/ -->\n<title>Poplatky za doru\u010den\u00ed a platbu - Keys for auto<\/title>\n<meta name=\"robots\" content=\"index, follow, max-snippet:-1, max-image-preview:large, max-video-preview:-1\" \/>\n<link rel=\"canonical\" href=\"https:\/\/keys-for-auto.eu\/cs\/poplatky-za-doruceni-a-platbu\/\" \/>\n<meta property=\"og:locale\" content=\"cs_CZ\" \/>\n<meta property=\"og:type\" content=\"article\" \/>\n<meta property=\"og:title\" content=\"Poplatky za doru\u010den\u00ed a platbu - Keys for auto\" \/>\n<meta property=\"og:description\" content=\"Kolik stoj\u00ed doru\u010den\u00ed Jedn\u00e1 se o \u010d\u00e1stku vynalo\u017eenou na doru\u010den\u00ed zbo\u017e\u00ed ze skladu e-shopu na adresu uvedenou kupuj\u00edc\u00edm. Tato \u010d\u00e1stka bude uvedena na faktu\u0159e, kter\u00e1 bude p\u0159ilo\u017eena ke zbo\u017e\u00ed. V p\u0159\u00edpad\u011b vr\u00e1cen\u00ed zbo\u017e\u00ed hrad\u00ed n\u00e1klady na tuto slu\u017ebu kupuj\u00edc\u00ed. Platba P\u0159i objedn\u00e1vce si pros\u00edm vyberte zp\u016fsob platby &#8211; bankovn\u00edm p\u0159evodem, Paysierou, kreditn\u00ed kartou, PayPalem nebo [&hellip;]\" \/>\n<meta property=\"og:url\" content=\"https:\/\/keys-for-auto.eu\/cs\/poplatky-za-doruceni-a-platbu\/\" \/>\n<meta property=\"og:site_name\" content=\"Keys for auto\" \/>\n<meta property=\"article:publisher\" content=\"https:\/\/www.facebook.com\/KeysForAutoEU\" \/>\n<meta property=\"article:modified_time\" content=\"2023-02-19T18:31:10+00:00\" \/>\n<meta name=\"twitter:card\" content=\"summary_large_image\" \/>\n<meta name=\"twitter:label1\" content=\"Odhadovan\u00e1 doba \u010dten\u00ed\" \/>\n\t<meta name=\"twitter:data1\" content=\"1 minuta\" \/>\n<script type=\"application\/ld+json\" class=\"yoast-schema-graph\">{\"@context\":\"https:\\\/\\\/schema.org\",\"@graph\":[{\"@type\":\"WebPage\",\"@id\":\"https:\\\/\\\/keys-for-auto.eu\\\/cs\\\/poplatky-za-doruceni-a-platbu\\\/\",\"url\":\"https:\\\/\\\/keys-for-auto.eu\\\/cs\\\/poplatky-za-doruceni-a-platbu\\\/\",\"name\":\"Poplatky za doru\u010den\u00ed a platbu - Keys for auto\",\"isPartOf\":{\"@id\":\"https:\\\/\\\/keys-for-auto.eu\\\/cs\\\/#website\"},\"datePublished\":\"2023-01-05T14:58:57+00:00\",\"dateModified\":\"2023-02-19T18:31:10+00:00\",\"breadcrumb\":{\"@id\":\"https:\\\/\\\/keys-for-auto.eu\\\/cs\\\/poplatky-za-doruceni-a-platbu\\\/#breadcrumb\"},\"inLanguage\":\"cs\",\"potentialAction\":[{\"@type\":\"ReadAction\",\"target\":[\"https:\\\/\\\/keys-for-auto.eu\\\/cs\\\/poplatky-za-doruceni-a-platbu\\\/\"]}]},{\"@type\":\"BreadcrumbList\",\"@id\":\"https:\\\/\\\/keys-for-auto.eu\\\/cs\\\/poplatky-za-doruceni-a-platbu\\\/#breadcrumb\",\"itemListElement\":[{\"@type\":\"ListItem\",\"position\":1,\"name\":\"Home\",\"item\":\"https:\\\/\\\/keys-for-auto.eu\\\/cs\\\/\"},{\"@type\":\"ListItem\",\"position\":2,\"name\":\"Poplatky za doru\u010den\u00ed a platbu\"}]},{\"@type\":\"WebSite\",\"@id\":\"https:\\\/\\\/keys-for-auto.eu\\\/cs\\\/#website\",\"url\":\"https:\\\/\\\/keys-for-auto.eu\\\/cs\\\/\",\"name\":\"Keys for auto\",\"description\":\"Car keys,  key shells, key programming\",\"publisher\":{\"@id\":\"https:\\\/\\\/keys-for-auto.eu\\\/cs\\\/#organization\"},\"potentialAction\":[{\"@type\":\"SearchAction\",\"target\":{\"@type\":\"EntryPoint\",\"urlTemplate\":\"https:\\\/\\\/keys-for-auto.eu\\\/cs\\\/?s={search_term_string}\"},\"query-input\":{\"@type\":\"PropertyValueSpecification\",\"valueRequired\":true,\"valueName\":\"search_term_string\"}}],\"inLanguage\":\"cs\"},{\"@type\":\"Organization\",\"@id\":\"https:\\\/\\\/keys-for-auto.eu\\\/cs\\\/#organization\",\"name\":\"Kl\u00ed\u010de pro auto\",\"url\":\"https:\\\/\\\/keys-for-auto.eu\\\/cs\\\/\",\"logo\":{\"@type\":\"ImageObject\",\"inLanguage\":\"cs\",\"@id\":\"https:\\\/\\\/keys-for-auto.eu\\\/cs\\\/#\\\/schema\\\/logo\\\/image\\\/\",\"url\":\"https:\\\/\\\/keys-for-auto.eu\\\/wp-content\\\/uploads\\\/2022\\\/11\\\/cropped-png1.png\",\"contentUrl\":\"https:\\\/\\\/keys-for-auto.eu\\\/wp-content\\\/uploads\\\/2022\\\/11\\\/cropped-png1.png\",\"width\":1000,\"height\":342,\"caption\":\"Kl\u00ed\u010de pro auto\"},\"image\":{\"@id\":\"https:\\\/\\\/keys-for-auto.eu\\\/cs\\\/#\\\/schema\\\/logo\\\/image\\\/\"},\"sameAs\":[\"https:\\\/\\\/www.facebook.com\\\/KeysForAutoEU\"]}]}<\/script>\n<!-- \/ Yoast SEO plugin. -->","yoast_head_json":{"title":"Poplatky za doru\u010den\u00ed a platbu - Keys for auto","robots":{"index":"index","follow":"follow","max-snippet":"max-snippet:-1","max-image-preview":"max-image-preview:large","max-video-preview":"max-video-preview:-1"},"canonical":"https:\/\/keys-for-auto.eu\/cs\/poplatky-za-doruceni-a-platbu\/","og_locale":"cs_CZ","og_type":"article","og_title":"Poplatky za doru\u010den\u00ed a platbu - Keys for auto","og_description":"Kolik stoj\u00ed doru\u010den\u00ed Jedn\u00e1 se o \u010d\u00e1stku vynalo\u017eenou na doru\u010den\u00ed zbo\u017e\u00ed ze skladu e-shopu na adresu uvedenou kupuj\u00edc\u00edm. Tato \u010d\u00e1stka bude uvedena na faktu\u0159e, kter\u00e1 bude p\u0159ilo\u017eena ke zbo\u017e\u00ed. V p\u0159\u00edpad\u011b vr\u00e1cen\u00ed zbo\u017e\u00ed hrad\u00ed n\u00e1klady na tuto slu\u017ebu kupuj\u00edc\u00ed. Platba P\u0159i objedn\u00e1vce si pros\u00edm vyberte zp\u016fsob platby &#8211; bankovn\u00edm p\u0159evodem, Paysierou, kreditn\u00ed kartou, PayPalem nebo [&hellip;]","og_url":"https:\/\/keys-for-auto.eu\/cs\/poplatky-za-doruceni-a-platbu\/","og_site_name":"Keys for auto","article_publisher":"https:\/\/www.facebook.com\/KeysForAutoEU","article_modified_time":"2023-02-19T18:31:10+00:00","twitter_card":"summary_large_image","twitter_misc":{"Odhadovan\u00e1 doba \u010dten\u00ed":"1 minuta"},"schema":{"@context":"https:\/\/schema.org","@graph":[{"@type":"WebPage","@id":"https:\/\/keys-for-auto.eu\/cs\/poplatky-za-doruceni-a-platbu\/","url":"https:\/\/keys-for-auto.eu\/cs\/poplatky-za-doruceni-a-platbu\/","name":"Poplatky za doru\u010den\u00ed a platbu - Keys for auto","isPartOf":{"@id":"https:\/\/keys-for-auto.eu\/cs\/#website"},"datePublished":"2023-01-05T14:58:57+00:00","dateModified":"2023-02-19T18:31:10+00:00","breadcrumb":{"@id":"https:\/\/keys-for-auto.eu\/cs\/poplatky-za-doruceni-a-platbu\/#breadcrumb"},"inLanguage":"cs","potentialAction":[{"@type":"ReadAction","target":["https:\/\/keys-for-auto.eu\/cs\/poplatky-za-doruceni-a-platbu\/"]}]},{"@type":"BreadcrumbList","@id":"https:\/\/keys-for-auto.eu\/cs\/poplatky-za-doruceni-a-platbu\/#breadcrumb","itemListElement":[{"@type":"ListItem","position":1,"name":"Home","item":"https:\/\/keys-for-auto.eu\/cs\/"},{"@type":"ListItem","position":2,"name":"Poplatky za doru\u010den\u00ed a platbu"}]},{"@type":"WebSite","@id":"https:\/\/keys-for-auto.eu\/cs\/#website","url":"https:\/\/keys-for-auto.eu\/cs\/","name":"Keys for auto","description":"Car keys,  key shells, key programming","publisher":{"@id":"https:\/\/keys-for-auto.eu\/cs\/#organization"},"potentialAction":[{"@type":"SearchAction","target":{"@type":"EntryPoint","urlTemplate":"https:\/\/keys-for-auto.eu\/cs\/?s={search_term_string}"},"query-input":{"@type":"PropertyValueSpecification","valueRequired":true,"valueName":"search_term_string"}}],"inLanguage":"cs"},{"@type":"Organization","@id":"https:\/\/keys-for-auto.eu\/cs\/#organization","name":"Kl\u00ed\u010de pro auto","url":"https:\/\/keys-for-auto.eu\/cs\/","logo":{"@type":"ImageObject","inLanguage":"cs","@id":"https:\/\/keys-for-auto.eu\/cs\/#\/schema\/logo\/image\/","url":"https:\/\/keys-for-auto.eu\/wp-content\/uploads\/2022\/11\/cropped-png1.png","contentUrl":"https:\/\/keys-for-auto.eu\/wp-content\/uploads\/2022\/11\/cropped-png1.png","width":1000,"height":342,"caption":"Kl\u00ed\u010de pro auto"},"image":{"@id":"https:\/\/keys-for-auto.eu\/cs\/#\/schema\/logo\/image\/"},"sameAs":["https:\/\/www.facebook.com\/KeysForAutoEU"]}]}},"_links":{"self":[{"href":"https:\/\/keys-for-auto.eu\/cs\/wp-json\/wp\/v2\/pages\/21521","targetHints":{"allow":["GET"]}}],"collection":[{"href":"https:\/\/keys-for-auto.eu\/cs\/wp-json\/wp\/v2\/pages"}],"about":[{"href":"https:\/\/keys-for-auto.eu\/cs\/wp-json\/wp\/v2\/types\/page"}],"author":[{"embeddable":true,"href":"https:\/\/keys-for-auto.eu\/cs\/wp-json\/wp\/v2\/users\/1"}],"replies":[{"embeddable":true,"href":"https:\/\/keys-for-auto.eu\/cs\/wp-json\/wp\/v2\/comments?post=21521"}],"version-history":[{"count":1,"href":"https:\/\/keys-for-auto.eu\/cs\/wp-json\/wp\/v2\/pages\/21521\/revisions"}],"predecessor-version":[{"id":21522,"href":"https:\/\/keys-for-auto.eu\/cs\/wp-json\/wp\/v2\/pages\/21521\/revisions\/21522"}],"wp:attachment":[{"href":"https:\/\/keys-for-auto.eu\/cs\/wp-json\/wp\/v2\/media?parent=21521"}],"curies":[{"name":"wp","href":"https:\/\/api.w.org\/{rel}","templated":true}]}}